{"id":39692,"date":"2022-11-29T07:09:07","date_gmt":"2022-11-29T07:09:07","guid":{"rendered":"https:\/\/jackpotlotteryonline.com\/?page_id=39692"},"modified":"2023-01-03T10:11:54","modified_gmt":"2023-01-03T10:11:54","slug":"new-york-lottery-2","status":"publish","type":"page","link":"https:\/\/jackpotlotteryonline.com\/da\/saadan-spiller-du\/new-york-lottery-2\/","title":{"rendered":"Spil New York lotto online"},"content":{"rendered":"<p>Historien om New York-lotto er gennemsyret af gode gerninger og generel positivitet. Som et lotteri, der blev oprettet som en m\u00e5de at hj\u00e6lpe med uddannelse i staten, er det en god mulighed for spillere, der kan lide en smule altruisme med deres sjov. Hvis du vil have et lotteri, der giver dig mulighed for at f\u00f8le, at du bidrager med noget godt til verden, s\u00e5 b\u00f8r du overveje New York-lottoet.<\/p>\n<p>Sp\u00f8rgsm\u00e5let for de fleste spillere er dog, hvordan man kan deltage i dette lotteri fra en anden del af verden. Som du sikkert har g\u00e6ttet ud fra navnet, er New York-lotto det statslige lotteri i staten New York i USA. S\u00e5 det er \u00e5bent for lottoentusiaster, der bor i denne stat, og lottokuponer kan nemt f\u00e5s hos s\u00e6lgere i staten. Hvis du bor uden for staten &#8211; eller endda p\u00e5 et helt andet kontinent &#8211; er det en helt anden historie.<\/p>\n<p>Men frygt aldrig, vi vil vise dig den bedste m\u00e5de at k\u00f8be lottokuponer p\u00e5 fra hele verden. Hvis du har travlt med at deltage i den n\u00e6ste tr\u00e6kning, hvorfor s\u00e5 ikke bes\u00f8ge jackpotlotteryonline.com for at komme i gang?<\/p>\n<h2>Tips til at spille p\u00e5 New York-lotto<\/h2>\n<p>Nu til grunden til, at vi er her; hvordan man spiller New York-lotto fra hvor som helst. Inden vi g\u00e5r i detaljer, er det nok en god id\u00e9 at dele et par tips til at spille lotto. Selv om vi taler om et specifikt lotto her, g\u00e6lder disse tips ogs\u00e5 for andre internationale toplotterier, som du for \u00f8vrigt ogs\u00e5 kan deltage i her.<\/p>\n<p><strong>N\u00e5r det er sagt, s\u00e5 er her vores tips til at spille p\u00e5 New York-lotto:<\/strong><\/p>\n<ul>\n<li>V\u00e6lg dine numre omhyggeligt. Det er rigtigt, at der ikke er nogen rigtig m\u00e5de at forudsige, hvilke numre der vil vinde i lotto, men der er noget at sige om at v\u00e6lge numre, der betyder noget for dig.<\/li>\n<li>Hold \u00f8je med bonusnummeret. Og det er noget, som mange spillere ikke rigtig finder ud af, nemlig at jackpotten ikke er det eneste, du kan vinde. Det er bonusnummeret, der bestemmer den anden pr\u00e6mie, som ogs\u00e5 er et godt bel\u00f8b at g\u00e5 hjem med.<\/li>\n<li>G\u00e5 ikke glip af tr\u00e6kningerne. Hvis du er med for at vinde, s\u00e5 b\u00f8r du fokusere p\u00e5 at deltage i tr\u00e6kningerne. New York-lottoet har to tr\u00e6kninger om ugen, onsdag og l\u00f8rdag. G\u00f8r en indsats for at deltage i begge tr\u00e6kninger. Du kan ogs\u00e5 deltage i tr\u00e6kkningerne flere uger i forvejen (vi viser dig senere, hvordan du g\u00f8r).<\/li>\n<\/ul>\n<h2>Offline vs. online<\/h2>\n<p><img loading=\"lazy\" decoding=\"async\" class=\"alignright size-full wp-image-31505\" src=\"https:\/\/jackpotlotteryonline.com\/wp-content\/uploads\/2022\/11\/lotto2-300x84-1.png\" alt=\"spille New York lotto online\" width=\"300\" height=\"84\" \/>Hvad er forskellen mellem at spille lotto online og offline, og er der nogen fordele? Ja, vi h\u00f8rer disse sp\u00f8rgsm\u00e5l ofte, og det er gyldige sp\u00f8rgsm\u00e5l. Hvis du f.eks. bor i NYC, er det naturligt at sp\u00f8rge sig selv, om der er nogen fordel ved at deltage i lotteriet online. N\u00e5, men vi kan give dig en: bekvemmelighed.<\/p>\n<p>At fors\u00f8ge at finde ud af, hvilken s\u00e6lger der s\u00e6lger hvilken lotteriseddel, kan v\u00e6re stressende, is\u00e6r n\u00e5r du kun har et par minutter til overs, inden billetsalget lukker. Det kan ogs\u00e5 v\u00e6re, at du \u00f8nsker at deltage i flere lotterier, og det bliver bare rodet, hvis du skal g\u00e5 rundt fra den ene s\u00e6lger til den anden.<\/p>\n<p>At spille lotto online giver spillerne en bekvemmelighed, som man ikke engang kunne forestille sig f\u00f8r nu. Lige fra din computer eller mobilenhed kan du k\u00f8be lottokuponer, tjekke tr\u00e6kningsresultater og udbetale eventuelle gevinster. N\u00e5r du f\u00f8rst har pr\u00f8vet at spille lotto online, er der ingen vej tilbage, det kan vi garantere dig.<\/p>\n<h2>S\u00e5dan spiller du online<\/h2>\n<p>Uanset om du er en erfaren spiller eller en nybegynder, er det hurtigt, enkelt og helt ukompliceret at deltage i lotteriet online. Hvis du spiller p\u00e5 New York-lotto, er nedenst\u00e5ende trin beskrevet:<\/p>\n<ul>\n<li>Klik p\u00e5 det lotteri, du \u00f8nsker at spille.<\/li>\n<li>V\u00e6lg 6 tal fra 1 til 59. Der er et 7. nummer, men det tr\u00e6kkes tilf\u00e6ldigt af lottoselskabet og er ikke en del af din kupon.<\/li>\n<li><a href=\"https:\/\/jackpotlotteryonline.com\/da\/vindernumre\/new-york-lottery\">Indtast tr\u00e6kningerne<\/a>, som finder sted onsdage og l\u00f8rdage hver uge. Du kan deltage i kun \u00e9n tr\u00e6kning eller i begge.<\/li>\n<li>Afslut din betaling. De fleste lottosider vil bede dig om at registrere dig for at kunne gennemf\u00f8re din betaling. Dette er for at du nemt kan f\u00e5 adgang til din billet, n\u00e5r du har k\u00f8bt den.<\/li>\n<\/ul>\n<p>S\u00e5 enkelt er det virkelig at spille lotto online. I betragtning af at der ikke er nogen anden m\u00e5de at f\u00e5 billetter til New York-lotto p\u00e5 uden for staten New York i USA, er dette ogs\u00e5 en fantastisk metode, n\u00e5r du bor i en anden del af verden.<\/p>\n<section class=\"layout\" style=\"border: solid 1px; width: 100%;\">\n<div class=\"img-div\" style=\"margin-top: 5px;\"><img decoding=\"async\" class=\"wp-image-17212 alignleft\" style=\"height: 45px; margin: 8px 8px 0px;\" src=\"https:\/\/jackpotlotteryonline.com\/wp-content\/uploads\/2022\/11\/read1.jpg\" alt=\"L\u00e6s \" width=\"\" height=\"\" \/><\/div>\n<div style=\"padding-left: 5px;\">\n<div style=\"font-size: 1.1em;\">\n<p><strong>Hvordan bliver jeg udbetalt, hvis jeg vinder i lotteriet online?<\/strong><\/p>\n<p style=\"font-size: 0.85em; margin-top: -1.5em;\">S\u00e5dan f\u00e5r du dine penge, hvis du vinder i lotteriet online\u00a0 <a href=\"https:\/\/jackpotlotteryonline.com\/da\/hvordan-bliver-jeg-betalt-hvis-jeg-vinder-i-lotteriet-online\">L\u00e6s mere<\/a><\/p>\n<\/div>\n<\/div>\n<\/section>\n<h2>S\u00e5dan v\u00e6lger du vindernumre<\/h2>\n<p>Emnet med at v\u00e6lge vindernumre er komplekst, selvom det ikke burde v\u00e6re det, hvis man ser n\u00e6rmere p\u00e5 det. Det er overkompliceret af dem, der \u00f8nsker at give dig s\u00e5kaldte matematiske formler til at vinde i lotteriet. Seri\u00f8st, stol ikke p\u00e5 nogen s\u00e5kaldt videnskabelig metode.<\/p>\n<p>Lotto er et tilf\u00e6ldigt spil, og New York-lotto er ikke en undtagelse. Numrene genereres tilf\u00e6ldigt, og held har meget at g\u00f8re med, hvem der vinder i lotteriet.<\/p>\n<p>Med det in mente er det altid en god id\u00e9 at udnytte heldfaktoren en smule ved at v\u00e6lge dine heldige tal. S\u00e5ledes kan du v\u00e6lge f\u00f8dselsdage, jubil\u00e6er, tal, der har v\u00e6ret heldige for dig hele dit liv osv. Eller du kan simpelthen bruge det automatiske generatorv\u00e6rkt\u00f8j p\u00e5 vores hjemmeside til at v\u00e6lge tilf\u00e6ldigt tal. N\u00e5r alt kommer til alt, handler det hele om held.<\/p>\n<h2>Hvor kan du k\u00f8be billetter til New York-lotto?<\/h2>\n<p><img loading=\"lazy\" decoding=\"async\" class=\"alignright size-medium wp-image-28913\" src=\"https:\/\/jackpotlotteryonline.com\/wp-content\/uploads\/2022\/11\/1_pick_lottery_numbers-300x200.jpg\" alt=\"k\u00f8be New York-lottosedler\" width=\"300\" height=\"200\" srcset=\"https:\/\/jackpotlotteryonline.com\/wp-content\/uploads\/2022\/11\/1_pick_lottery_numbers-300x200.jpg 300w, https:\/\/jackpotlotteryonline.com\/wp-content\/uploads\/2022\/11\/1_pick_lottery_numbers.jpg 320w\" sizes=\"auto, (max-width: 300px) 100vw, 300px\" \/><\/p>\n<p>Hvis du er klar til at deltage i New York-lottoet, er det n<br \/>\n\u00e6ste skridt at <a href=\"https:\/\/jackpotlotteryonline.com\/da\/koeb-billetter\/new-york-lottery\">k\u00f8be dine lodder<\/a>. Det kan du g\u00f8re online fra en lotterivirksomhed som jackpotlotteryonline.com. Det er vigtigt at v\u00e6re p\u00e5 vagt over for lotterisider, der ikke fort\u00e6ller dig pr\u00e6cis, hvordan de f\u00e5r dine lodder. S\u00e5danne sider lader dig m\u00e5ske kun spille p\u00e5 resultatet af lotteriet uden at deltage i det.<\/p>\n<p>N\u00e5r du k\u00f8ber dine lottokuponer fra os, vil vores agenter i New York k\u00f8be kuponer med de tilsvarende numre. Det er n\u00e6sten som at have din personlige lotteriagent i forskellige dele af verden.<\/p>\n<h2>Pr\u00e6mier i New York-lotto<\/h2>\n<p>New York-lotto har flere gevinstniveauer. Selv om de fleste spillere sigter efter jackpotten, og det b\u00f8r du ogs\u00e5 g\u00f8re, er det en kendsgerning, at det ikke er alle, der kan vinde jackpotten. Ikke desto mindre er der flere andre pr\u00e6miekategorier, som spillere kan vinde.<\/p>\n<p>S\u00e5 jackpotpr\u00e6mien begynder ved 2 millioner dollars, men lad dig ikke narre af det bel\u00f8b. N\u00e5r der ikke er nogen vinder efter en tr\u00e6kning, ruller pr\u00e6mien over og begynder bare at vokse og vokse. Den st\u00f8rste jackpot-pr\u00e6mie nogensinde for dette lotteri var en fantastisk 176 millioner dollars. Ja, det er fuldst\u00e6ndig livsforandrende.<\/p>\n<p>Niveau 1 (jackpot) &#8211; match alle 6 trukket numre<\/p>\n<p>Niveau 2 &#8211; match 5 numre + bonusnummer<\/p>\n<p>Tier 3 &#8211; match 5 numre<\/p>\n<p>Tier 4 &#8211; match 4 numre<\/p>\n<p>Niveau 5 &#8211; match 3 numre<\/p>\n<h2>Gevinst og udbetaling<\/h2>\n<p>At vinde i New York-lotto betyder, at man har en kupon, der matcher de udtrukne numre. Den, der matcher de udtrukne tal, vinder lotteriet. Hvis du vil vide, om du har vundet i lotteriet, skal du tjekke tr\u00e6kningsresultaterne. Hvis du er registreret hos os, sender vi dig en e-mail, hvis du vinder en pr\u00e6mie.<\/p>\n<p>Hvis du k\u00f8ber dine lottokuponer hos os, kan du nemt udbetale dine gevinster fra vores platform til din konto. Hvis du vinder 2500 euro eller mindre, s\u00e5 kan du h\u00e6ve dine penge med et enkelt klik. Hvis det er mere end det, sender vi dig en kravformular, som du skal udfylde, og derefter hj\u00e6lper vi dig med at behandle din gevinst.<\/p>\n<p>Gennemse efter billetter til New York lotto nu p\u00e5 jackpotlotteryonline.com.<\/p>\n","protected":false},"excerpt":{"rendered":"<p>Historien om New York-lotto er gennemsyret af gode gerninger og generel positivitet. Som et lotteri, der blev oprettet som en m\u00e5de at hj\u00e6lpe med uddannelse i staten, er det en god mulighed for spillere, der kan lide en smule altruisme med deres sjov. Hvis du vil have et lotteri, der giver dig mulighed for at [&hellip;]<\/p>\n","protected":false},"author":1,"featured_media":0,"parent":35676,"menu_order":14,"comment_status":"closed","ping_status":"closed","template":"newyork.php","meta":{"_et_pb_use_builder":"","_et_pb_old_content":"","_et_gb_content_width":"","exclude_from_search":false,"footnotes":""},"class_list":["post-39692","page","type-page","status-publish","hentry"],"yoast_head":"<!-- This site is optimized with the Yoast SEO plugin v23.3 - https:\/\/yoast.com\/wordpress\/plugins\/seo\/ -->\n<title>S\u00e5dan spiller du New York-lotto fra hvor som helst<\/title>\n<meta name=\"description\" content=\"Uanset hvor du er, kan du deltage i New York-lotto online. F\u00e5 mere at vide om, hvordan du spiller og vinder her.\" \/>\n<meta name=\"robots\" content=\"index, follow, max-snippet:-1, max-image-preview:large, max-video-preview:-1\" \/>\n<link rel=\"canonical\" href=\"https:\/\/jackpotlotteryonline.com\/da\/saadan-spiller-du\/new-york-lottery-2\/\" \/>\n<meta property=\"og:locale\" content=\"da_DK\" \/>\n<meta property=\"og:type\" content=\"article\" \/>\n<meta property=\"og:title\" content=\"S\u00e5dan spiller du New York-lotto fra hvor som helst\" \/>\n<meta property=\"og:description\" content=\"Uanset hvor du er, kan du deltage i New York-lotto online. F\u00e5 mere at vide om, hvordan du spiller og vinder her.\" \/>\n<meta property=\"og:url\" content=\"https:\/\/jackpotlotteryonline.com\/da\/saadan-spiller-du\/new-york-lottery-2\/\" \/>\n<meta property=\"og:site_name\" content=\"Lotto Online - Crack The International Lottery Jackpots\" \/>\n<meta property=\"article:modified_time\" content=\"2023-01-03T10:11:54+00:00\" \/>\n<meta property=\"og:image\" content=\"https:\/\/jackpotlotteryonline.com\/wp-content\/uploads\/2022\/11\/lotto2-300x84-1.png\" \/>\n<meta name=\"twitter:card\" content=\"summary_large_image\" \/>\n<meta name=\"twitter:label1\" content=\"Estimeret l\u00e6setid\" \/>\n\t<meta name=\"twitter:data1\" content=\"7 minutter\" \/>\n<!-- \/ Yoast SEO plugin. -->","yoast_head_json":{"title":"S\u00e5dan spiller du New York-lotto fra hvor som helst","description":"Uanset hvor du er, kan du deltage i New York-lotto online. F\u00e5 mere at vide om, hvordan du spiller og vinder her.","robots":{"index":"index","follow":"follow","max-snippet":"max-snippet:-1","max-image-preview":"max-image-preview:large","max-video-preview":"max-video-preview:-1"},"canonical":"https:\/\/jackpotlotteryonline.com\/da\/saadan-spiller-du\/new-york-lottery-2\/","og_locale":"da_DK","og_type":"article","og_title":"S\u00e5dan spiller du New York-lotto fra hvor som helst","og_description":"Uanset hvor du er, kan du deltage i New York-lotto online. F\u00e5 mere at vide om, hvordan du spiller og vinder her.","og_url":"https:\/\/jackpotlotteryonline.com\/da\/saadan-spiller-du\/new-york-lottery-2\/","og_site_name":"Lotto Online - Crack The International Lottery Jackpots","article_modified_time":"2023-01-03T10:11:54+00:00","og_image":[{"url":"https:\/\/jackpotlotteryonline.com\/wp-content\/uploads\/2022\/11\/lotto2-300x84-1.png"}],"twitter_card":"summary_large_image","twitter_misc":{"Estimeret l\u00e6setid":"7 minutter"},"schema":{"@context":"https:\/\/schema.org","@graph":[{"@type":"WebPage","@id":"https:\/\/jackpotlotteryonline.com\/da\/saadan-spiller-du\/new-york-lottery-2\/","url":"https:\/\/jackpotlotteryonline.com\/da\/saadan-spiller-du\/new-york-lottery-2\/","name":"S\u00e5dan spiller du New York-lotto fra hvor som helst","isPartOf":{"@id":"https:\/\/jackpotlotteryonline.com\/#website"},"primaryImageOfPage":{"@id":"https:\/\/jackpotlotteryonline.com\/da\/saadan-spiller-du\/new-york-lottery-2\/#primaryimage"},"image":{"@id":"https:\/\/jackpotlotteryonline.com\/da\/saadan-spiller-du\/new-york-lottery-2\/#primaryimage"},"thumbnailUrl":"https:\/\/jackpotlotteryonline.com\/wp-content\/uploads\/2022\/11\/lotto2-300x84-1.png","datePublished":"2022-11-29T07:09:07+00:00","dateModified":"2023-01-03T10:11:54+00:00","description":"Uanset hvor du er, kan du deltage i New York-lotto online. F\u00e5 mere at vide om, hvordan du spiller og vinder her.","breadcrumb":{"@id":"https:\/\/jackpotlotteryonline.com\/da\/saadan-spiller-du\/new-york-lottery-2\/#breadcrumb"},"inLanguage":"da-DK","potentialAction":[{"@type":"ReadAction","target":["https:\/\/jackpotlotteryonline.com\/da\/saadan-spiller-du\/new-york-lottery-2\/"]}]},{"@type":"ImageObject","inLanguage":"da-DK","@id":"https:\/\/jackpotlotteryonline.com\/da\/saadan-spiller-du\/new-york-lottery-2\/#primaryimage","url":"https:\/\/jackpotlotteryonline.com\/wp-content\/uploads\/2022\/11\/lotto2-300x84-1.png","contentUrl":"https:\/\/jackpotlotteryonline.com\/wp-content\/uploads\/2022\/11\/lotto2-300x84-1.png"},{"@type":"BreadcrumbList","@id":"https:\/\/jackpotlotteryonline.com\/da\/saadan-spiller-du\/new-york-lottery-2\/#breadcrumb","itemListElement":[{"@type":"ListItem","position":1,"name":"Home","item":"https:\/\/jackpotlotteryonline.com\/da\/"},{"@type":"ListItem","position":2,"name":"S\u00e5dan spiller du","item":"https:\/\/jackpotlotteryonline.com\/da\/saadan-spiller-du\/"},{"@type":"ListItem","position":3,"name":"Spil New York lotto online"}]},{"@type":"WebSite","@id":"https:\/\/jackpotlotteryonline.com\/#website","url":"https:\/\/jackpotlotteryonline.com\/","name":"Lotto Online - Crack The International Lottery Jackpots","description":"","potentialAction":[{"@type":"SearchAction","target":{"@type":"EntryPoint","urlTemplate":"https:\/\/jackpotlotteryonline.com\/?s={search_term_string}"},"query-input":"required name=search_term_string"}],"inLanguage":"da-DK"}]}},"_links":{"self":[{"href":"https:\/\/jackpotlotteryonline.com\/da\/wp-json\/wp\/v2\/pages\/39692","targetHints":{"allow":["GET"]}}],"collection":[{"href":"https:\/\/jackpotlotteryonline.com\/da\/wp-json\/wp\/v2\/pages"}],"about":[{"href":"https:\/\/jackpotlotteryonline.com\/da\/wp-json\/wp\/v2\/types\/page"}],"author":[{"embeddable":true,"href":"https:\/\/jackpotlotteryonline.com\/da\/wp-json\/wp\/v2\/users\/1"}],"replies":[{"embeddable":true,"href":"https:\/\/jackpotlotteryonline.com\/da\/wp-json\/wp\/v2\/comments?post=39692"}],"version-history":[{"count":0,"href":"https:\/\/jackpotlotteryonline.com\/da\/wp-json\/wp\/v2\/pages\/39692\/revisions"}],"up":[{"embeddable":true,"href":"https:\/\/jackpotlotteryonline.com\/da\/wp-json\/wp\/v2\/pages\/35676"}],"wp:attachment":[{"href":"https:\/\/jackpotlotteryonline.com\/da\/wp-json\/wp\/v2\/media?parent=39692"}],"curies":[{"name":"wp","href":"https:\/\/api.w.org\/{rel}","templated":true}]}}