{"id":40295,"date":"2022-12-02T09:42:31","date_gmt":"2022-12-02T09:42:31","guid":{"rendered":"https:\/\/jackpotlotteryonline.com\/?page_id=40295"},"modified":"2022-12-19T14:44:50","modified_gmt":"2022-12-19T14:44:50","slug":"mega-millions","status":"publish","type":"page","link":"https:\/\/jackpotlotteryonline.com\/da\/koeb-billetter\/mega-millions\/","title":{"rendered":"Mega Millions-billetter"},"content":{"rendered":"<h2>Hvordan kan du k\u00f8be en Mega Millions-billet online?<\/h2>\n<p>Hvis du l\u00e6ser dette, er du sandsynligvis interesseret i at k\u00f8be en Mega Millions-billet. Mega Millions er et af de mange lotterier, der tilbyder store jackpots til deres vindere. Du sp\u00f8rger m\u00e5ske dig selv nu: &#8220;Hvordan kan jeg k\u00f8be en Mega Millions-billet online?&#8221;<\/p>\n<p>N\u00e5, men vi har d\u00e6kket dig. Her er en guide, der hj\u00e6lper dig med at k\u00f8be en Mega Millions-billet online.<\/p>\n<h2>Hvorfor k\u00f8be Mega Millions-billetter online?<\/h2>\n<p><img loading=\"lazy\" decoding=\"async\" class=\"alignright size-full wp-image-31073\" src=\"https:\/\/jackpotlotteryonline.com\/wp-content\/uploads\/2022\/11\/logo_Mega_Millions_233x110.png\" alt=\"k\u00f8b mega millions-billet online\" width=\"232\" height=\"110\" \/>Mega Million er et amerikansk baseret lotteri med store, livs\u00e6ndrende jackpots, der ofte n\u00e5r op p\u00e5 flere hundrede millioner pund. At vinde denne jackpot kan \u00e6ndre dit liv fra den ene dag til den anden, men kun hvis du er heldig nok til at f\u00e5 alle vindernumrene matchet korrekt.<\/p>\n<p>Hvis du planl\u00e6gger at <a href=\"https:\/\/jackpotlotteryonline.com\/da\/saadan-spiller-du\/mega-millions\">spille dette lotteri online<\/a>, betyder det, at vi vil k\u00f8be billetterne p\u00e5 dine vegne gennem vores lokale forhandlere. Vi er en betroet concierge-tjenesteudbyder, der leverer disse tjenester til vores kunder over hele verden. Vi sikrer, at vores kunder f\u00e5r det bedste af vores tjenester, s\u00e5 hvorfor ikke k\u00f8be hos os?<\/p>\n<p>Da Mega Millions er en enorm jackpot, og mange mennesker deltager i den, er oddsene for at vinde ret h\u00f8je, og de fleste mennesker leder efter metoder, de kan bruge til at forbedre deres odds for at vinde i denne jackpot.<\/p>\n<p>En m\u00e5de at forbedre dine chancer p\u00e5 er ved at k\u00f8be din Mega Millions-billet online. Det kan du g\u00f8re p\u00e5 vores hjemmeside ved blot at bestille en billet fra et hvilket som helst sted i verden, og en scanning af Mega Millions-billetten vil v\u00e6re tilg\u00e6ngelig p\u00e5 din konto. N\u00e5r du k\u00f8ber din Mega Millions-billet online, beh\u00f8ver du ikke at bekymre dig om at miste eller f\u00e5 din billet stj\u00e5let, fordi dine billetoplysninger gemmes sikkert.<\/p>\n<p>Det er ogs\u00e5 mere bekvemt at k\u00f8be en Mega Millions-billet online end at g\u00e5 til den fysiske butik, da du kan bestille fra dit hjem, hvor som helst i verden. Du deltager i dette Mega Millions-lotteri ligesom en amerikansk indbygger, mens du venter p\u00e5 tr\u00e6kningerne.<\/p>\n<h2>Processen med at k\u00f8be Mega Millions-billetter online<\/h2>\n<p>F\u00f8r du k\u00f8ber din Mega Millions-billet hos os, skal du vide, at vi vil fungere som mellemmand mellem dig og lotteriet, s\u00e5 du kan spille og k\u00f8be billetter online uden nogensinde at skulle bes\u00f8ge en fysisk lotteriforretning.<\/p>\n<p>Er du nu klar til at k\u00f8be din Mega Millions-billet online? Hvis du er, er der nedenfor nogle f\u00e5 trin, som du skal f\u00f8lge for at g\u00f8re dit billetk\u00f8b vellykket.<\/p>\n<p><strong>1. Opret en konto.<\/strong><br \/>\n<img loading=\"lazy\" decoding=\"async\" class=\"alignright size-full wp-image-34025\" src=\"https:\/\/jackpotlotteryonline.com\/wp-content\/uploads\/2022\/11\/2_ticket_mega_millions3-1.jpg\" alt=\"k\u00f8b mega millions-billet online\" width=\"180\" height=\"193\" \/>Hvis du er ny, vil du blive sendt videre til tilmeldingssiden, hvor du skal angive de n\u00f8dvendige oplysninger. N\u00e5r du har oprettet din spillerkonto med succes, skal du g\u00e5 over til Mega Millions-lotteriets side og g\u00f8re f\u00f8lgende:<\/p>\n<p>V\u00e6lg de numre, du \u00f8nsker at spille med. Du kan enten g\u00f8re det manuelt eller bruge vores tilf\u00e6ldige nummergenerator til at v\u00e6lge dine numre tilf\u00e6ldigt.<\/p>\n<p>V\u00e6lg derefter det antal tr\u00e6kninger, du \u00f8nsker at deltage i. Du kan enten v\u00e6lge en enkelt tr\u00e6kning eller k\u00f8be billetter til flere tr\u00e6kninger. Hvis du deltager i flere tr\u00e6kninger, \u00f8ges dine chancer for at vinde Mega Millions-jackpotten.<\/p>\n<p><strong>2. Klik p\u00e5 knappen &#8220;Forts\u00e6t&#8221;, og g\u00e5 over til betalingssiden.<\/strong><\/p>\n<p><strong>3. Betalingsmetoder<\/strong><\/p>\n<p>G\u00e5 til betalingssiden, og betal for dine billetter. En scanning af din Mega Millions-billet vil blive uploadet til din konto efter noget tid.<\/p>\n<p><strong>4. Alt du skal g\u00f8re nu er at vente p\u00e5 tr\u00e6kningerne, der finder sted hver tirsdag og fredag kl. 23.00.<\/strong> Tidszonerne kan v\u00e6re forskellige, s\u00e5 du anbefales at bekr\u00e6fte tidszonen, mens du venter p\u00e5 <a href=\"https:\/\/jackpotlotteryonline.com\/da\/vindernumre\/mega-millions\">tr\u00e6kningerne<\/a>.<\/p>\n<h2>Hvad sker der, n\u00e5r jeg har vundet Mega Millions-jackpotten?<\/h2>\n<p>Hvis du matcher alle tallene korrekt, spekulerer du m\u00e5ske p\u00e5, hvad du skal g\u00f8re nu, eller hvordan du vil modtage din gevinst. Du vil modtage alle dine gevinster, og du beh\u00f8ver ikke at rejse til USA for at f\u00e5 din Mega Millions-pr\u00e6mie. Du skal bare vide, at din scannede billet vil tjene som bevis for deltagelse, s\u00e5 opbevar den sikkert; du f\u00e5r brug for den.<\/p>\n<section class=\"layout\" style=\"border: solid 1px; width: 100%;\">\n<div class=\"img-div\" style=\"margin-top: 5px;\"><img decoding=\"async\" class=\"wp-image-17212 alignleft\" style=\"height: 45px; margin: 8px 8px 0px;\" src=\"https:\/\/jackpotlotteryonline.com\/wp-content\/uploads\/2022\/11\/read1.jpg\" alt=\"bel\u00f8nning af vinderen\" width=\"\" height=\"\" \/><\/div>\n<div style=\"padding-left: 5px;\">\n<div style=\"font-size: 1.1em;\">\n<p><strong>Hvordan bliver jeg udbetalt, hvis jeg vinder i lotteriet online?<\/strong><\/p>\n<p style=\"font-size: 0.85em; margin-top: -1.5em;\">S\u00e5dan f\u00e5r du dine penge, hvis du vinder i lotteriet online \u00a0<a href=\"https:\/\/jackpotlotteryonline.com\/da\/hvordan-bliver-jeg-betalt-hvis-jeg-vinder-i-lotteriet-online\">L\u00e6s mere<\/a><\/p>\n<\/div>\n<\/div>\n<\/section>\n<h2>Tips til at hj\u00e6lpe dig med at g\u00e5 ud med en Mega Millions-jackpot<\/h2>\n<p><img loading=\"lazy\" decoding=\"async\" class=\"size-medium wp-image-29858 alignright\" src=\"https:\/\/jackpotlotteryonline.com\/wp-content\/uploads\/2022\/11\/1_win_euromillions_lottery-300x164.jpg\" alt=\"k\u00f8b mega millions-billet online\" width=\"300\" height=\"164\" srcset=\"https:\/\/jackpotlotteryonline.com\/wp-content\/uploads\/2022\/11\/1_win_euromillions_lottery-300x164.jpg 300w, https:\/\/jackpotlotteryonline.com\/wp-content\/uploads\/2022\/11\/1_win_euromillions_lottery.jpg 350w\" sizes=\"auto, (max-width: 300px) 100vw, 300px\" \/>Hvis du planl\u00e6gger at spille Mega Millions-lotteriet og vinde jackpotten, er der et par ting, du b\u00f8r overveje for at \u00f8ge dine chancer for at vinde.<\/p>\n<p>For det f\u00f8rste skal du som en start v\u00e6lge dine numre omhyggeligt. V\u00e6lg ikke numre, der er for almindelige; overvej i stedet at bruge enten dine heldige numre eller at v\u00e6lge numrene tilf\u00e6ldigt. S\u00f8rg for, at de er spredt ensartet ud for at undg\u00e5 at v\u00e6lge de samme numre som andre spillere.<\/p>\n<p>For det andet skal du sammenligne de seneste vindernumre og studere talm\u00f8nstrene. Eliminer de numre, der er blevet trukket for nylig, fra de numre, du har valgt.<\/p>\n<p>Unders\u00f8g ogs\u00e5 m\u00f8nsteret for de mest almindelige vindernumre og m\u00e6rk dem som dem med den h\u00f8jeste vinderhyppighed. N\u00e5r du har observeret dem, fordeler du nogle af dem i overensstemmelse med dit valg af numre.<\/p>\n<p>Endelig har du mulighed for at spille Mega Millions-lotteriet i et syndikat. Dette er som at k\u00f8be billetter som en gruppe, og alle gevinster vil blive delt ligeligt mellem alle de spillere, der har deltaget. Dette er en god metode til at forbedre dine chancer for at vinde jackpotten.<\/p>\n<p>Hvis du spiller Mega Millions, mens du overvejer ovenst\u00e5ende tips, hvem ved? M\u00e5ske er du den n\u00e6ste vinder, der f\u00e5r fat i jackpotten. Pr\u00f8v dit held i dag!<\/p>\n<h2>Konklusion<\/h2>\n<p>Hvis du ikke er bosiddende i USA, og du h\u00e5ber at f\u00e5 fat i Mega Millions-jackpotten, er din bedste mulighed at k\u00f8be Mega Millions-billetten online. Du kan deltage i dette lotteri fra alle lande i verden. S\u00e5 hvad venter du p\u00e5? K\u00f8b dine billetter i dag, og f\u00e5 chancen for at blive en heldig jackpotvinder.<\/p>\n<p>Hvis du vil have flere oplysninger om dette lotteri, kan du bes\u00f8ge vores FAQ-side eller indsende dit sp\u00f8rgsm\u00e5l, og vores kundeservice vil svare med de relevante oplysninger. I mellemtiden kan du ogs\u00e5 udforske andre lotterier, der er tilg\u00e6ngelige p\u00e5 vores hjemmeside, og hvis du er interesseret, skal du bare trykke p\u00e5 play-knappen og vinde i andre lotterier ogs\u00e5.<\/p>\n","protected":false},"excerpt":{"rendered":"<p>Hvordan kan du k\u00f8be en Mega Millions-billet online? Hvis du l\u00e6ser dette, er du sandsynligvis interesseret i at k\u00f8be en Mega Millions-billet. Mega Millions er et af de mange lotterier, der tilbyder store jackpots til deres vindere. Du sp\u00f8rger m\u00e5ske dig selv nu: &#8220;Hvordan kan jeg k\u00f8be en Mega Millions-billet online?&#8221; N\u00e5, men vi har [&hellip;]<\/p>\n","protected":false},"author":1,"featured_media":0,"parent":35742,"menu_order":1,"comment_status":"closed","ping_status":"closed","template":"megamillion.php","meta":{"_et_pb_use_builder":"","_et_pb_old_content":"","_et_gb_content_width":"","exclude_from_search":false,"footnotes":""},"class_list":["post-40295","page","type-page","status-publish","hentry"],"yoast_head":"<!-- This site is optimized with the Yoast SEO plugin v23.3 - https:\/\/yoast.com\/wordpress\/plugins\/seo\/ -->\n<title>K\u00f8b Mega Millions-billetter online | Billetter til Mega Millions fra lande uden for USA<\/title>\n<meta name=\"description\" content=\"Hvis du bor uden for USA, kan du stadig k\u00f8be Mega Millions-billetter online, lige her. Vi k\u00f8ber rigtige Mega Millions-billetter til dig og scanner dem\" \/>\n<meta name=\"robots\" content=\"index, follow, max-snippet:-1, max-image-preview:large, max-video-preview:-1\" \/>\n<link rel=\"canonical\" href=\"https:\/\/jackpotlotteryonline.com\/da\/koeb-billetter\/mega-millions\/\" \/>\n<meta property=\"og:locale\" content=\"da_DK\" \/>\n<meta property=\"og:type\" content=\"article\" \/>\n<meta property=\"og:title\" content=\"K\u00f8b Mega Millions-billetter online | Billetter til Mega Millions fra lande uden for USA\" \/>\n<meta property=\"og:description\" content=\"Hvis du bor uden for USA, kan du stadig k\u00f8be Mega Millions-billetter online, lige her. Vi k\u00f8ber rigtige Mega Millions-billetter til dig og scanner dem\" \/>\n<meta property=\"og:url\" content=\"https:\/\/jackpotlotteryonline.com\/da\/koeb-billetter\/mega-millions\/\" \/>\n<meta property=\"og:site_name\" content=\"Lotto Online - Crack The International Lottery Jackpots\" \/>\n<meta property=\"article:modified_time\" content=\"2022-12-19T14:44:50+00:00\" \/>\n<meta property=\"og:image\" content=\"https:\/\/jackpotlotteryonline.com\/wp-content\/uploads\/2022\/11\/logo_Mega_Millions_233x110.png\" \/>\n<meta name=\"twitter:card\" content=\"summary_large_image\" \/>\n<meta name=\"twitter:label1\" content=\"Estimeret l\u00e6setid\" \/>\n\t<meta name=\"twitter:data1\" content=\"6 minutter\" \/>\n<!-- \/ Yoast SEO plugin. -->","yoast_head_json":{"title":"K\u00f8b Mega Millions-billetter online | Billetter til Mega Millions fra lande uden for USA","description":"Hvis du bor uden for USA, kan du stadig k\u00f8be Mega Millions-billetter online, lige her. Vi k\u00f8ber rigtige Mega Millions-billetter til dig og scanner dem","robots":{"index":"index","follow":"follow","max-snippet":"max-snippet:-1","max-image-preview":"max-image-preview:large","max-video-preview":"max-video-preview:-1"},"canonical":"https:\/\/jackpotlotteryonline.com\/da\/koeb-billetter\/mega-millions\/","og_locale":"da_DK","og_type":"article","og_title":"K\u00f8b Mega Millions-billetter online | Billetter til Mega Millions fra lande uden for USA","og_description":"Hvis du bor uden for USA, kan du stadig k\u00f8be Mega Millions-billetter online, lige her. Vi k\u00f8ber rigtige Mega Millions-billetter til dig og scanner dem","og_url":"https:\/\/jackpotlotteryonline.com\/da\/koeb-billetter\/mega-millions\/","og_site_name":"Lotto Online - Crack The International Lottery Jackpots","article_modified_time":"2022-12-19T14:44:50+00:00","og_image":[{"url":"https:\/\/jackpotlotteryonline.com\/wp-content\/uploads\/2022\/11\/logo_Mega_Millions_233x110.png"}],"twitter_card":"summary_large_image","twitter_misc":{"Estimeret l\u00e6setid":"6 minutter"},"schema":{"@context":"https:\/\/schema.org","@graph":[{"@type":"WebPage","@id":"https:\/\/jackpotlotteryonline.com\/da\/koeb-billetter\/mega-millions\/","url":"https:\/\/jackpotlotteryonline.com\/da\/koeb-billetter\/mega-millions\/","name":"K\u00f8b Mega Millions-billetter online | Billetter til Mega Millions fra lande uden for USA","isPartOf":{"@id":"https:\/\/jackpotlotteryonline.com\/#website"},"primaryImageOfPage":{"@id":"https:\/\/jackpotlotteryonline.com\/da\/koeb-billetter\/mega-millions\/#primaryimage"},"image":{"@id":"https:\/\/jackpotlotteryonline.com\/da\/koeb-billetter\/mega-millions\/#primaryimage"},"thumbnailUrl":"https:\/\/jackpotlotteryonline.com\/wp-content\/uploads\/2022\/11\/logo_Mega_Millions_233x110.png","datePublished":"2022-12-02T09:42:31+00:00","dateModified":"2022-12-19T14:44:50+00:00","description":"Hvis du bor uden for USA, kan du stadig k\u00f8be Mega Millions-billetter online, lige her. Vi k\u00f8ber rigtige Mega Millions-billetter til dig og scanner dem","breadcrumb":{"@id":"https:\/\/jackpotlotteryonline.com\/da\/koeb-billetter\/mega-millions\/#breadcrumb"},"inLanguage":"da-DK","potentialAction":[{"@type":"ReadAction","target":["https:\/\/jackpotlotteryonline.com\/da\/koeb-billetter\/mega-millions\/"]}]},{"@type":"ImageObject","inLanguage":"da-DK","@id":"https:\/\/jackpotlotteryonline.com\/da\/koeb-billetter\/mega-millions\/#primaryimage","url":"https:\/\/jackpotlotteryonline.com\/wp-content\/uploads\/2022\/11\/logo_Mega_Millions_233x110.png","contentUrl":"https:\/\/jackpotlotteryonline.com\/wp-content\/uploads\/2022\/11\/logo_Mega_Millions_233x110.png"},{"@type":"BreadcrumbList","@id":"https:\/\/jackpotlotteryonline.com\/da\/koeb-billetter\/mega-millions\/#breadcrumb","itemListElement":[{"@type":"ListItem","position":1,"name":"Home","item":"https:\/\/jackpotlotteryonline.com\/da\/"},{"@type":"ListItem","position":2,"name":"S\u00e5dan k\u00f8ber du lotteri billetter online","item":"https:\/\/jackpotlotteryonline.com\/da\/koeb-billetter\/"},{"@type":"ListItem","position":3,"name":"Mega Millions-billetter"}]},{"@type":"WebSite","@id":"https:\/\/jackpotlotteryonline.com\/#website","url":"https:\/\/jackpotlotteryonline.com\/","name":"Lotto Online - Crack The International Lottery Jackpots","description":"","potentialAction":[{"@type":"SearchAction","target":{"@type":"EntryPoint","urlTemplate":"https:\/\/jackpotlotteryonline.com\/?s={search_term_string}"},"query-input":"required name=search_term_string"}],"inLanguage":"da-DK"}]}},"_links":{"self":[{"href":"https:\/\/jackpotlotteryonline.com\/da\/wp-json\/wp\/v2\/pages\/40295","targetHints":{"allow":["GET"]}}],"collection":[{"href":"https:\/\/jackpotlotteryonline.com\/da\/wp-json\/wp\/v2\/pages"}],"about":[{"href":"https:\/\/jackpotlotteryonline.com\/da\/wp-json\/wp\/v2\/types\/page"}],"author":[{"embeddable":true,"href":"https:\/\/jackpotlotteryonline.com\/da\/wp-json\/wp\/v2\/users\/1"}],"replies":[{"embeddable":true,"href":"https:\/\/jackpotlotteryonline.com\/da\/wp-json\/wp\/v2\/comments?post=40295"}],"version-history":[{"count":0,"href":"https:\/\/jackpotlotteryonline.com\/da\/wp-json\/wp\/v2\/pages\/40295\/revisions"}],"up":[{"embeddable":true,"href":"https:\/\/jackpotlotteryonline.com\/da\/wp-json\/wp\/v2\/pages\/35742"}],"wp:attachment":[{"href":"https:\/\/jackpotlotteryonline.com\/da\/wp-json\/wp\/v2\/media?parent=40295"}],"curies":[{"name":"wp","href":"https:\/\/api.w.org\/{rel}","templated":true}]}}