{"id":40348,"date":"2022-12-02T13:38:02","date_gmt":"2022-12-02T13:38:02","guid":{"rendered":"https:\/\/jackpotlotteryonline.com\/?page_id=40348"},"modified":"2023-01-01T13:54:21","modified_gmt":"2023-01-01T13:54:21","slug":"oz-lotto","status":"publish","type":"page","link":"https:\/\/jackpotlotteryonline.com\/da\/saadan-spiller-du\/oz-lotto\/","title":{"rendered":"Spil Oz Lotto online"},"content":{"rendered":"<h2>Om Oz Lotto<\/h2>\n<p>Oz Lottery er et australsk lotteri, der blev indf\u00f8rt i 1994 og forvaltes af en gruppe kaldet Tatts-gruppen. Oz Lotto er vokset i popularitet i b\u00e5de Australien og New Zealand, hvilket har gjort det til Australiens st\u00f8rste lotteri spil. <a href=\"https:\/\/jackpotlotteryonline.com\/da\/vindernumre\/oz-lotto\">Oz Lotto tr\u00e6kkes<\/a> hver onsdag og fredag.<\/p>\n<p>Nedenfor er en guide, der hj\u00e6lper dig med at spille Oz Lotto online fra hvor som helst i verden.<\/p>\n<h2>S\u00e5dan spiller du Oz Lotto online<\/h2>\n<p><img loading=\"lazy\" decoding=\"async\" class=\"alignright size-full wp-image-29777\" src=\"http:\/\/jackpotlotteryonline.com\/wp-content\/uploads\/2022\/11\/1_ticket_online_buying.jpg\" alt=\"spille oz lotto online\" width=\"300\" height=\"203\" \/>Hvis du leder efter et sp\u00e6ndende og sp\u00e6ndende lotteri at deltage i, skal du tjekke det australske Oz Lotto ud. Vi tilbyder spillerne mulighed for at spille internationale lotterier online ved at tilbyde concierge-tjenester. Alt du beh\u00f8ver for at spille Oz Lotto online er en computer og en internetforbindelse.<\/p>\n<p>For at spille Oz Lotto online skal du blot v\u00e6lge syv hovedtal fra et interval p\u00e5 1 til 47. Yderligere tre numre, kendt som till\u00e6gsnumre, v\u00e6lges under tr\u00e6kningen. Du kan v\u00e6lge dine numre ved hj\u00e6lp af vores tilf\u00e6ldige nummergenerator eller v\u00e6lge dem manuelt. V\u00e6lg derefter det antal tr\u00e6kninger, du \u00f8nsker at deltage i. G\u00e5 videre til kassen og <a href=\"https:\/\/jackpotlotteryonline.com\/da\/koeb-billetter\/oz-lotto\">betal for dine billetter<\/a>, og vent derefter p\u00e5 tr\u00e6kningen.<\/p>\n<h2>Hvad er supplerende numre, og hvordan bruges de?<\/h2>\n<p>Supplerende numre betragtes som &#8220;bonuskugler&#8221; under Oz Lotto-tr\u00e6kningerne. Under tr\u00e6kningen v\u00e6lges ti vindertal tilf\u00e6ldigt, og de f\u00f8rste syv er m\u00e6rket som hovedtal for jackpotvinderen. Niveau 2, 4 og 7 bestemmes af de resterende tre &#8220;supplerende tal&#8221;.<\/p>\n<h2>Oz Lotto-gevinstniveauer<\/h2>\n<p>Det australske Oz Lotto har i alt syv gevinstniveauer. De er som f\u00f8lger:<\/p>\n<ul>\n<li>Niveau 1: Jackpot: syv rigtige tal<\/li>\n<li>Niveau 2: Seks tal + supplerende tal<\/li>\n<li>Niveau 3: Seks numre er matchet<\/li>\n<li>Niveau 4: Fem matchende numre + supplerende nummer<\/li>\n<li>Niveau 5: Fem numre med samme antal<\/li>\n<li>Niveau 6: Fire numre er matchet<\/li>\n<li>Niveau 7: Matchede tre tal + supplerende tal<\/li>\n<\/ul>\n<h2>Skal jeg v\u00e6re i Australien for at spille Oz Lotto?<\/h2>\n<p>Nej, du beh\u00f8ver ikke at v\u00e6re bosiddende i Australien for at deltage i dette lotteri. Alt du skal g\u00f8re er at bes\u00f8ge jackpotlotteryonline.com for at opfylde din dr\u00f8m om at spille internationale lotterier. Vi leverer lotteritjenester til vores kunder, s\u00e5som at vi k\u00f8ber fysiske billetter gennem vores betroede lotteriagenter. Den fysiske billet vil blive opbevaret sikkert, mens en scanning af den vil blive uploadet til spillerens konto. Alt dette vil blive gjort for dig, og det, der er tilbage, er at vente p\u00e5 tr\u00e6kningsdagen.<\/p>\n<p>S\u00e5 du beh\u00f8ver ikke at bekymre dig om, at du ikke kan deltage i Oz Lotto. Du vil spille dette lotteri ligesom en bosiddende i Australien. S\u00e5 enkelt er det at spille Oz Lotto. Pr\u00f8v dit held i dag!<\/p>\n<h2>At vinde i Oz Lotto<\/h2>\n<p>For at vinde Oz Lotto-jackpotpr\u00e6mien skal en spiller matche syv numre ud af de i alt 47. Denne jackpot starter p\u00e5 10 millioner dollars og vokser ofte, indtil den er vundet. Ud over hovedjackpotpr\u00e6mien kan otte mindre pr\u00e6mieafdelinger vindes af spillere, der matcher fire eller fem numre korrekt i den p\u00e5g\u00e6ldende tr\u00e6kning.<\/p>\n<section class=\"layout\" style=\"border: solid 1px; width: 100%;\">\n<div class=\"img-div\" style=\"margin-top: 5px;\"><img decoding=\"async\" class=\"wp-image-17212 alignleft\" style=\"height: 45px; margin: 8px 8px 0px;\" src=\"http:\/\/jackpotlotteryonline.com\/wp-content\/uploads\/2022\/11\/read1.jpg\" alt=\"L\u00e6s \" width=\"\" height=\"\" \/><\/div>\n<div style=\"padding-left: 5px;\">\n<div style=\"font-size: 1.1em;\">\n<p><strong>Historiske, rekordstore jackpots i lotteriet<\/strong><\/p>\n<p style=\"font-size: 0.85em; margin-top: -1.5em;\">De st\u00f8rste lottojackpots i historien vil f\u00e5 dig til at g\u00e5 i sp\u00e5ner <a href=\"https:\/\/jackpotlotteryonline.com\/da\/nejvetsi-lotto-jackpoty-v-historii\">L\u00e6s mere<\/a><\/p>\n<\/div>\n<\/div>\n<\/section>\n<h2>Hvad er chancerne for at vinde det australske Oz Lotto?<\/h2>\n<p><img loading=\"lazy\" decoding=\"async\" class=\"alignright wp-image-28697 size-medium\" src=\"http:\/\/jackpotlotteryonline.com\/wp-content\/uploads\/2022\/11\/1_online_lotto_winners-300x200.jpg\" alt=\"spille oz lotto online\" width=\"300\" height=\"200\" srcset=\"https:\/\/jackpotlotteryonline.com\/wp-content\/uploads\/2022\/11\/1_online_lotto_winners-300x200.jpg 300w, https:\/\/jackpotlotteryonline.com\/wp-content\/uploads\/2022\/11\/1_online_lotto_winners.jpg 320w\" sizes=\"auto, (max-width: 300px) 100vw, 300px\" \/>Oz Lotto har vundet popularitet og har gjort mange spillere til vindere, hvilket samtidig har gjort chancerne for at vinde i en af pr\u00e6mieafdelingerne ret h\u00f8je.<\/p>\n<p>Chancen for at finde syv rigtige tal og vinde jackpotten er 1 ud af 62.891.499, hvilket er n\u00e6sten umuligt. Men det gode ved lotterier er, at spillet kun handler om held, man ved aldrig, om man bliver vinder, og det er det, der g\u00f8r det sp\u00e6ndende at deltage i lotterier.<\/p>\n<p>Den samlede chance for at vinde en af de syv pr\u00e6mier er 1 ud af 51.<\/p>\n<p>Hvis du vil have flere oplysninger om Oz Lotto, er du velkommen til at bes\u00f8ge vores FAQ-side eller bes\u00f8ge lotteriets officielle websted.<\/p>\n<p>Registrer en konto i dag og f\u00e5 en chance for at deltage i dette lotteri fra hvor som helst i verden.<\/p>\n","protected":false},"excerpt":{"rendered":"<p>Om Oz Lotto Oz Lottery er et australsk lotteri, der blev indf\u00f8rt i 1994 og forvaltes af en gruppe kaldet Tatts-gruppen. Oz Lotto er vokset i popularitet i b\u00e5de Australien og New Zealand, hvilket har gjort det til Australiens st\u00f8rste lotteri spil. Oz Lotto tr\u00e6kkes hver onsdag og fredag. Nedenfor er en guide, der hj\u00e6lper [&hellip;]<\/p>\n","protected":false},"author":1,"featured_media":0,"parent":35676,"menu_order":16,"comment_status":"closed","ping_status":"closed","template":"","meta":{"_et_pb_use_builder":"","_et_pb_old_content":"","_et_gb_content_width":"","exclude_from_search":false,"footnotes":""},"class_list":["post-40348","page","type-page","status-publish","hentry"],"yoast_head":"<!-- This site is optimized with the Yoast SEO plugin v23.3 - https:\/\/yoast.com\/wordpress\/plugins\/seo\/ -->\n<title>Spil Oz Lotto online fra uden for Australien<\/title>\n<meta name=\"description\" content=\"Nu kan du spille Oz Lotto online, ikke kun hvis du befinder dig i Australien - du kan spille Oz-lotto fra hele verden\" \/>\n<meta name=\"robots\" content=\"index, follow, max-snippet:-1, max-image-preview:large, max-video-preview:-1\" \/>\n<link rel=\"canonical\" href=\"https:\/\/jackpotlotteryonline.com\/da\/saadan-spiller-du\/oz-lotto\/\" \/>\n<meta property=\"og:locale\" content=\"da_DK\" \/>\n<meta property=\"og:type\" content=\"article\" \/>\n<meta property=\"og:title\" content=\"Spil Oz Lotto online fra uden for Australien\" \/>\n<meta property=\"og:description\" content=\"Nu kan du spille Oz Lotto online, ikke kun hvis du befinder dig i Australien - du kan spille Oz-lotto fra hele verden\" \/>\n<meta property=\"og:url\" content=\"https:\/\/jackpotlotteryonline.com\/da\/saadan-spiller-du\/oz-lotto\/\" \/>\n<meta property=\"og:site_name\" content=\"Lotto Online - Crack The International Lottery Jackpots\" \/>\n<meta property=\"article:modified_time\" content=\"2023-01-01T13:54:21+00:00\" \/>\n<meta property=\"og:image\" content=\"http:\/\/jackpotlotteryonline.com\/wp-content\/uploads\/2022\/11\/1_ticket_online_buying.jpg\" \/>\n<meta name=\"twitter:card\" content=\"summary_large_image\" \/>\n<meta name=\"twitter:label1\" content=\"Estimeret l\u00e6setid\" \/>\n\t<meta name=\"twitter:data1\" content=\"4 minutter\" \/>\n<!-- \/ Yoast SEO plugin. -->","yoast_head_json":{"title":"Spil Oz Lotto online fra uden for Australien","description":"Nu kan du spille Oz Lotto online, ikke kun hvis du befinder dig i Australien - du kan spille Oz-lotto fra hele verden","robots":{"index":"index","follow":"follow","max-snippet":"max-snippet:-1","max-image-preview":"max-image-preview:large","max-video-preview":"max-video-preview:-1"},"canonical":"https:\/\/jackpotlotteryonline.com\/da\/saadan-spiller-du\/oz-lotto\/","og_locale":"da_DK","og_type":"article","og_title":"Spil Oz Lotto online fra uden for Australien","og_description":"Nu kan du spille Oz Lotto online, ikke kun hvis du befinder dig i Australien - du kan spille Oz-lotto fra hele verden","og_url":"https:\/\/jackpotlotteryonline.com\/da\/saadan-spiller-du\/oz-lotto\/","og_site_name":"Lotto Online - Crack The International Lottery Jackpots","article_modified_time":"2023-01-01T13:54:21+00:00","og_image":[{"url":"http:\/\/jackpotlotteryonline.com\/wp-content\/uploads\/2022\/11\/1_ticket_online_buying.jpg"}],"twitter_card":"summary_large_image","twitter_misc":{"Estimeret l\u00e6setid":"4 minutter"},"schema":{"@context":"https:\/\/schema.org","@graph":[{"@type":"WebPage","@id":"https:\/\/jackpotlotteryonline.com\/da\/saadan-spiller-du\/oz-lotto\/","url":"https:\/\/jackpotlotteryonline.com\/da\/saadan-spiller-du\/oz-lotto\/","name":"Spil Oz Lotto online fra uden for Australien","isPartOf":{"@id":"https:\/\/jackpotlotteryonline.com\/#website"},"primaryImageOfPage":{"@id":"https:\/\/jackpotlotteryonline.com\/da\/saadan-spiller-du\/oz-lotto\/#primaryimage"},"image":{"@id":"https:\/\/jackpotlotteryonline.com\/da\/saadan-spiller-du\/oz-lotto\/#primaryimage"},"thumbnailUrl":"http:\/\/jackpotlotteryonline.com\/wp-content\/uploads\/2022\/11\/1_ticket_online_buying.jpg","datePublished":"2022-12-02T13:38:02+00:00","dateModified":"2023-01-01T13:54:21+00:00","description":"Nu kan du spille Oz Lotto online, ikke kun hvis du befinder dig i Australien - du kan spille Oz-lotto fra hele verden","breadcrumb":{"@id":"https:\/\/jackpotlotteryonline.com\/da\/saadan-spiller-du\/oz-lotto\/#breadcrumb"},"inLanguage":"da-DK","potentialAction":[{"@type":"ReadAction","target":["https:\/\/jackpotlotteryonline.com\/da\/saadan-spiller-du\/oz-lotto\/"]}]},{"@type":"ImageObject","inLanguage":"da-DK","@id":"https:\/\/jackpotlotteryonline.com\/da\/saadan-spiller-du\/oz-lotto\/#primaryimage","url":"http:\/\/jackpotlotteryonline.com\/wp-content\/uploads\/2022\/11\/1_ticket_online_buying.jpg","contentUrl":"http:\/\/jackpotlotteryonline.com\/wp-content\/uploads\/2022\/11\/1_ticket_online_buying.jpg"},{"@type":"BreadcrumbList","@id":"https:\/\/jackpotlotteryonline.com\/da\/saadan-spiller-du\/oz-lotto\/#breadcrumb","itemListElement":[{"@type":"ListItem","position":1,"name":"Home","item":"https:\/\/jackpotlotteryonline.com\/da\/"},{"@type":"ListItem","position":2,"name":"S\u00e5dan spiller du","item":"https:\/\/jackpotlotteryonline.com\/da\/saadan-spiller-du\/"},{"@type":"ListItem","position":3,"name":"Spil Oz Lotto online"}]},{"@type":"WebSite","@id":"https:\/\/jackpotlotteryonline.com\/#website","url":"https:\/\/jackpotlotteryonline.com\/","name":"Lotto Online - Crack The International Lottery Jackpots","description":"","potentialAction":[{"@type":"SearchAction","target":{"@type":"EntryPoint","urlTemplate":"https:\/\/jackpotlotteryonline.com\/?s={search_term_string}"},"query-input":"required name=search_term_string"}],"inLanguage":"da-DK"}]}},"_links":{"self":[{"href":"https:\/\/jackpotlotteryonline.com\/da\/wp-json\/wp\/v2\/pages\/40348","targetHints":{"allow":["GET"]}}],"collection":[{"href":"https:\/\/jackpotlotteryonline.com\/da\/wp-json\/wp\/v2\/pages"}],"about":[{"href":"https:\/\/jackpotlotteryonline.com\/da\/wp-json\/wp\/v2\/types\/page"}],"author":[{"embeddable":true,"href":"https:\/\/jackpotlotteryonline.com\/da\/wp-json\/wp\/v2\/users\/1"}],"replies":[{"embeddable":true,"href":"https:\/\/jackpotlotteryonline.com\/da\/wp-json\/wp\/v2\/comments?post=40348"}],"version-history":[{"count":0,"href":"https:\/\/jackpotlotteryonline.com\/da\/wp-json\/wp\/v2\/pages\/40348\/revisions"}],"up":[{"embeddable":true,"href":"https:\/\/jackpotlotteryonline.com\/da\/wp-json\/wp\/v2\/pages\/35676"}],"wp:attachment":[{"href":"https:\/\/jackpotlotteryonline.com\/da\/wp-json\/wp\/v2\/media?parent=40348"}],"curies":[{"name":"wp","href":"https:\/\/api.w.org\/{rel}","templated":true}]}}