{"id":40471,"date":"2022-12-05T08:04:56","date_gmt":"2022-12-05T08:04:56","guid":{"rendered":"https:\/\/jackpotlotteryonline.com\/?page_id=40471"},"modified":"2022-12-26T13:31:21","modified_gmt":"2022-12-26T13:31:21","slug":"powerball","status":"publish","type":"page","link":"https:\/\/jackpotlotteryonline.com\/da\/vindernumre\/powerball\/","title":{"rendered":"Resultater af Powerball-tr\u00e6kningen"},"content":{"rendered":"<p>Powerball er et amerikansk lotteri, der har en af de st\u00f8rste jackpots nogensinde. At vinde den amerikanske Powerball-lodtr\u00e6kning er den ultimative dr\u00f8m for n\u00e6sten alle spillere. P\u00e5 grund af de utroligt store jackpots, som nogle gange l\u00f8ber op til 1 milliard dollars, k\u00f8ber spillere over hele verden Powerball-lodder online. Hver enkelt spiller n\u00e6rer st\u00e6rke forh\u00e5bninger om at vinde i lotteriet. Men at k\u00f8be en lottokupon er \u00e9n ting, og at tjekke de vindende numre er en anden. For at finde ud af, om du har den vindende kupon til Powerball-lotteriet, er det vigtigt at tjekke resultaterne af tr\u00e6kningen.<\/p>\n<p>P\u00e5 denne side vil vi dele med dig, hvordan du kan tjekke vinderresultaterne online. Vi vil ogs\u00e5 vise dig, hvordan du f\u00e5r adgang til dine gevinster, selvom du er online-spiller.<\/p>\n<p>Husk, at du kan <a href=\"https:\/\/jackpotlotteryonline.com\/da\/koeb-billetter\/powerball\">k\u00f8be vinderbilletter til Powerball<\/a> p\u00e5 jackpotlotteryonline.com og samtidig tjekke vindertallene der.<\/p>\n<h2>Hvorfor Powerball er s\u00e5 popul\u00e6rt<\/h2>\n<p><img loading=\"lazy\" decoding=\"async\" class=\"alignright size-full wp-image-29588\" src=\"http:\/\/jackpotlotteryonline.com\/wp-content\/uploads\/2022\/11\/1_results_powerball.jpg\" alt=\"nemt k\u00f8be Powerball-billetter\" width=\"300\" height=\"224\" \/>Der er flere grunde til, at spillerne flokkes om Powerball. Det er et amerikansk multi-state-lotteri, hvilket betyder, at der s\u00e6lges lodder i flere amerikanske stater. S\u00e5 de, der bor i disse stater, kan nemt k\u00f8be Powerball-lodder. Men det er ikke kun amerikanske lotterientusiaster, der k\u00f8ber lodder med h\u00e5bet om at vinde dette lotteri. Spillere rundt om i verden fors\u00f8ger ogs\u00e5 ivrigt at k\u00f8be Powerball-lodder med gevinst.<\/p>\n<p>I oktober 2022 n\u00e5ede Powerball-jackpotten en rekord p\u00e5 1 mia. dollars, og den blev vundet af en enkelt lodsejer. Bare tanken om at vinde en milliard dollars er nok til at f\u00e5 spillere overalt til at blive begejstrede. Selv om oddsene for at vinde Powerball er ret h\u00f8je, vinder spillerne ogs\u00e5 ofte jackpotten.<\/p>\n<p>Igen har Powerball flere kategorier med saftige pr\u00e6mier. S\u00e5 selv hvis du g\u00e5r glip af f\u00f8rstepr\u00e6mien, kan du stadig g\u00e5 hjem med en stor gevinst.<\/p>\n<h2>At spille og vinde Powerball online<\/h2>\n<p>Det sjove ved at<a href=\"https:\/\/jackpotlotteryonline.com\/da\/saadan-spiller-du\/powerball\"> spille Powerball online<\/a> er, at du f\u00e5r hurtig adgang til dette amerikanske lotteri fra hvor som helst. Hvis du k\u00f8ber din vinderkupon fra jackpotlotteryonline.com, kan du nemt v\u00e6lge dine vindertal. Du skal blot v\u00e6lge 5 tal fra 1 til 69 og 1 ekstra tal fra 1 til 26.<\/p>\n<p>N\u00e5r du har valgt dine vindertal, er det n\u00e6ste skridt at deltage i lodtr\u00e6kningerne. Powerball har tre ugentlige tr\u00e6kninger, tirsdag, torsdag og s\u00f8ndag. Vi g\u00f8r det nemt for dig at deltage i en enkelt tr\u00e6kning eller flere tr\u00e6kninger, alt efter hvad du foretr\u00e6kker. Du kan ogs\u00e5 tilmelde dig tr\u00e6kningerne flere uger i forvejen.<\/p>\n<p>N\u00e5r du har behandlet din betaling, er det n\u00e6ste skridt at vente p\u00e5 tr\u00e6kningerne. Det er da, at vindertallene bliver offentliggjort, og du kan se, om du har vundet i lotteriet.<\/p>\n<section class=\"layout\" style=\"border: solid 1px; width: 100%;\">\n<div class=\"img-div\" style=\"margin-top: 5px;\"><img decoding=\"async\" class=\"wp-image-17212 alignleft\" style=\"height: 45px; margin: 8px 8px 0px;\" src=\"http:\/\/jackpotlotteryonline.com\/wp-content\/uploads\/2022\/11\/read1.jpg\" alt=\"l\u00e6s\" width=\"\" height=\"\" \/><\/div>\n<div style=\"padding-left: 5px;\">\n<div style=\"font-size: 1.1em;\">\n<p><strong>Historiske, rekordstore jackpots i lotteriet<\/strong><\/p>\n<p style=\"font-size: 0.85em; margin-top: -1.5em;\">De st\u00f8rste lottojackpots i historien vil f\u00e5 dig til at g\u00e5 i sp\u00e5ner <a href=\"https:\/\/jackpotlotteryonline.com\/da\/nejvetsi-lotto-jackpoty-v-historii\">L\u00e6s mere<\/a><\/p>\n<\/div>\n<\/div>\n<\/section>\n<h2>Kontrol af de vindende numre<\/h2>\n<p><img loading=\"lazy\" decoding=\"async\" class=\"alignright size-full wp-image-30371\" src=\"http:\/\/jackpotlotteryonline.com\/wp-content\/uploads\/2022\/11\/1_winning_numbers_powerball.jpg\" alt=\"spille Powerball online\" width=\"300\" height=\"129\" \/>Fordi du spiller Powerball online, kan du ikke g\u00e5 ind i en lotteriudsalg for at tjekke, om du har den vindende kupon. S\u00e5 den bedste m\u00e5de at g\u00f8re det p\u00e5 er at tjekke online. Hvis du spiller hos os, kan du vende tilbage til denne side efter hver tr\u00e6kning for at se de vindende numre.<\/p>\n<p>Men selv hvis du ikke tjekker tilbage, kan du vide, om du har vundet en gevinst. Det skyldes, at du skal v\u00e6re registreret hos os for at k\u00f8be din Powerball-billet. Grunden til dette er, at vi kan informere dig, s\u00e5 snart du har en vinderkupon. Hvis du har en vinderkupon, sender vi dig en e-mail for at fort\u00e6lle dig det. S\u00e5 enkelt er det faktisk.<\/p>\n<h2>Udbetaling af din gevinst<\/h2>\n<p>Udbetaling af din gevinst er et andet aspekt, der kan v\u00e6re et problem for online spillere. For hvis du spiller Powerball online, vil du gerne v\u00e6re sikker p\u00e5, at du kan f\u00e5 adgang til din gevinst. Hvis du spiller Powerball hos os, er det nemt at udbetale din gevinst. Vi har designet vores system p\u00e5 en s\u00e5dan m\u00e5de, at du kan udbetale dine gevinster til din konto.<\/p>\n<p>Dette er muligt for gevinster, der er under 2.500 euro. Hvis du vinder mere end dette bel\u00f8b, hj\u00e6lper vi dig med at udfylde en kravformular. Det skal du g\u00f8re for at kr\u00e6ve din gevinst direkte fra lotteriselskabet.<\/p>\n<h2>At vinde Powerball-lotteriet<\/h2>\n<p>At vinde Powerball-lotteriet betyder, at du har en kupon, der matcher de udtrukne resultater. For at vise dig, hvor fantastisk Powerball er, s\u00e5 lad os vise dig, hvad du kan vinde i de andre pr\u00e6mier.<\/p>\n<p>Afdeling 1: Match 5 + Powerball &#8211; Jackpot<\/p>\n<p>Division 2: Match 5 alene &#8211; 1 million USD<\/p>\n<p>Division 3: Match 4 + Powerball &#8211; 50 000 $.<\/p>\n<p>Afdeling 4: Match 4 alene &#8211; 100 $.<\/p>\n<p>Afdeling 5: Match 3 + Powerball &#8211; 100 $.<\/p>\n<p>Hovedgruppe 6: Match 3 alene &#8211; 7 USD<\/p>\n<p>Hovedgruppe 7: Match 2 + Powerball &#8211; 7 USD<\/p>\n<p>Hovedgruppe 8: Match 1 + Powerball &#8211; 4 USD<\/p>\n<p>Hovedgruppe 9: Match Powerball alene &#8211; 4 USD<\/p>\n<p>Med 9 divisioner er det en sp\u00e6ndende mulighed for spillerne at vinde i lotteriet. Det betyder ogs\u00e5, at chancerne for at vinde en pr\u00e6mie er ret store. Desuden har du, selv hvis du vinder den anden division, en god chance for at g\u00e5 hjem med en stor gevinst.<\/p>\n<h2>Se de vindende resultater her<\/h2>\n<p>N\u00e6ste gang du vil spille lotto, skal du ikke bekymre dig om, hvor du skal tjekke de vindende resultater. P\u00e5 jackpotlotteryonline.com g\u00f8r vi det nemt for dig at v\u00e6lge dine vindertal og ogs\u00e5 tjekke vinderresultaterne. K\u00f8b din kupon hos os, og vi giver dig besked, n\u00e5r du har en vinderkupon.<\/p>\n<p>Husk, at du ogs\u00e5 kan udbetale din gevinst fra vores side direkte til din konto. Dette vil i h\u00f8j grad lette enhver stress, som du ville have haft ved at spille lotto. Faktisk g\u00f8r vi det til vores job at give vores kunder en problemfri og problemfri oplevelse. P\u00e5 den m\u00e5de kan du koncentrere dig om at vinde i lotteriet uden at bekymre dig om noget som helst i verden.<\/p>\n","protected":false},"excerpt":{"rendered":"<p>Powerball er et amerikansk lotteri, der har en af de st\u00f8rste jackpots nogensinde. At vinde den amerikanske Powerball-lodtr\u00e6kning er den ultimative dr\u00f8m for n\u00e6sten alle spillere. P\u00e5 grund af de utroligt store jackpots, som nogle gange l\u00f8ber op til 1 milliard dollars, k\u00f8ber spillere over hele verden Powerball-lodder online. Hver enkelt spiller n\u00e6rer st\u00e6rke forh\u00e5bninger [&hellip;]<\/p>\n","protected":false},"author":1,"featured_media":0,"parent":35818,"menu_order":1,"comment_status":"closed","ping_status":"closed","template":"powerball-usa-results.php","meta":{"_et_pb_use_builder":"","_et_pb_old_content":"","_et_gb_content_width":"","exclude_from_search":false,"footnotes":""},"class_list":["post-40471","page","type-page","status-publish","hentry"],"yoast_head":"<!-- This site is optimized with the Yoast SEO plugin v23.3 - https:\/\/yoast.com\/wordpress\/plugins\/seo\/ -->\n<title>Powerball vindernumre og tr\u00e6kningsresultater<\/title>\n<meta name=\"description\" content=\"Alle de seneste tr\u00e6kningsresultater og vindernumre for Powerball USA samt et arkiv med resultater, alt sammen p\u00e5 \u00e9t websted\" \/>\n<meta name=\"robots\" content=\"index, follow, max-snippet:-1, max-image-preview:large, max-video-preview:-1\" \/>\n<link rel=\"canonical\" href=\"https:\/\/jackpotlotteryonline.com\/da\/vindernumre\/powerball\/\" \/>\n<meta property=\"og:locale\" content=\"da_DK\" \/>\n<meta property=\"og:type\" content=\"article\" \/>\n<meta property=\"og:title\" content=\"Powerball vindernumre og tr\u00e6kningsresultater\" \/>\n<meta property=\"og:description\" content=\"Alle de seneste tr\u00e6kningsresultater og vindernumre for Powerball USA samt et arkiv med resultater, alt sammen p\u00e5 \u00e9t websted\" \/>\n<meta property=\"og:url\" content=\"https:\/\/jackpotlotteryonline.com\/da\/vindernumre\/powerball\/\" \/>\n<meta property=\"og:site_name\" content=\"Lotto Online - Crack The International Lottery Jackpots\" \/>\n<meta property=\"article:modified_time\" content=\"2022-12-26T13:31:21+00:00\" \/>\n<meta property=\"og:image\" content=\"http:\/\/jackpotlotteryonline.com\/wp-content\/uploads\/2022\/11\/1_results_powerball.jpg\" \/>\n<meta name=\"twitter:card\" content=\"summary_large_image\" \/>\n<meta name=\"twitter:label1\" content=\"Estimeret l\u00e6setid\" \/>\n\t<meta name=\"twitter:data1\" content=\"5 minutter\" \/>\n<!-- \/ Yoast SEO plugin. -->","yoast_head_json":{"title":"Powerball vindernumre og tr\u00e6kningsresultater","description":"Alle de seneste tr\u00e6kningsresultater og vindernumre for Powerball USA samt et arkiv med resultater, alt sammen p\u00e5 \u00e9t websted","robots":{"index":"index","follow":"follow","max-snippet":"max-snippet:-1","max-image-preview":"max-image-preview:large","max-video-preview":"max-video-preview:-1"},"canonical":"https:\/\/jackpotlotteryonline.com\/da\/vindernumre\/powerball\/","og_locale":"da_DK","og_type":"article","og_title":"Powerball vindernumre og tr\u00e6kningsresultater","og_description":"Alle de seneste tr\u00e6kningsresultater og vindernumre for Powerball USA samt et arkiv med resultater, alt sammen p\u00e5 \u00e9t websted","og_url":"https:\/\/jackpotlotteryonline.com\/da\/vindernumre\/powerball\/","og_site_name":"Lotto Online - Crack The International Lottery Jackpots","article_modified_time":"2022-12-26T13:31:21+00:00","og_image":[{"url":"http:\/\/jackpotlotteryonline.com\/wp-content\/uploads\/2022\/11\/1_results_powerball.jpg"}],"twitter_card":"summary_large_image","twitter_misc":{"Estimeret l\u00e6setid":"5 minutter"},"schema":{"@context":"https:\/\/schema.org","@graph":[{"@type":"WebPage","@id":"https:\/\/jackpotlotteryonline.com\/da\/vindernumre\/powerball\/","url":"https:\/\/jackpotlotteryonline.com\/da\/vindernumre\/powerball\/","name":"Powerball vindernumre og tr\u00e6kningsresultater","isPartOf":{"@id":"https:\/\/jackpotlotteryonline.com\/#website"},"primaryImageOfPage":{"@id":"https:\/\/jackpotlotteryonline.com\/da\/vindernumre\/powerball\/#primaryimage"},"image":{"@id":"https:\/\/jackpotlotteryonline.com\/da\/vindernumre\/powerball\/#primaryimage"},"thumbnailUrl":"http:\/\/jackpotlotteryonline.com\/wp-content\/uploads\/2022\/11\/1_results_powerball.jpg","datePublished":"2022-12-05T08:04:56+00:00","dateModified":"2022-12-26T13:31:21+00:00","description":"Alle de seneste tr\u00e6kningsresultater og vindernumre for Powerball USA samt et arkiv med resultater, alt sammen p\u00e5 \u00e9t websted","breadcrumb":{"@id":"https:\/\/jackpotlotteryonline.com\/da\/vindernumre\/powerball\/#breadcrumb"},"inLanguage":"da-DK","potentialAction":[{"@type":"ReadAction","target":["https:\/\/jackpotlotteryonline.com\/da\/vindernumre\/powerball\/"]}]},{"@type":"ImageObject","inLanguage":"da-DK","@id":"https:\/\/jackpotlotteryonline.com\/da\/vindernumre\/powerball\/#primaryimage","url":"http:\/\/jackpotlotteryonline.com\/wp-content\/uploads\/2022\/11\/1_results_powerball.jpg","contentUrl":"http:\/\/jackpotlotteryonline.com\/wp-content\/uploads\/2022\/11\/1_results_powerball.jpg"},{"@type":"BreadcrumbList","@id":"https:\/\/jackpotlotteryonline.com\/da\/vindernumre\/powerball\/#breadcrumb","itemListElement":[{"@type":"ListItem","position":1,"name":"Home","item":"https:\/\/jackpotlotteryonline.com\/da\/"},{"@type":"ListItem","position":2,"name":"Resultater af lotteriet","item":"https:\/\/jackpotlotteryonline.com\/winning-numbers\/"},{"@type":"ListItem","position":3,"name":"Resultater af Powerball-tr\u00e6kningen"}]},{"@type":"WebSite","@id":"https:\/\/jackpotlotteryonline.com\/#website","url":"https:\/\/jackpotlotteryonline.com\/","name":"Lotto Online - Crack The International Lottery Jackpots","description":"","potentialAction":[{"@type":"SearchAction","target":{"@type":"EntryPoint","urlTemplate":"https:\/\/jackpotlotteryonline.com\/?s={search_term_string}"},"query-input":"required name=search_term_string"}],"inLanguage":"da-DK"}]}},"_links":{"self":[{"href":"https:\/\/jackpotlotteryonline.com\/da\/wp-json\/wp\/v2\/pages\/40471","targetHints":{"allow":["GET"]}}],"collection":[{"href":"https:\/\/jackpotlotteryonline.com\/da\/wp-json\/wp\/v2\/pages"}],"about":[{"href":"https:\/\/jackpotlotteryonline.com\/da\/wp-json\/wp\/v2\/types\/page"}],"author":[{"embeddable":true,"href":"https:\/\/jackpotlotteryonline.com\/da\/wp-json\/wp\/v2\/users\/1"}],"replies":[{"embeddable":true,"href":"https:\/\/jackpotlotteryonline.com\/da\/wp-json\/wp\/v2\/comments?post=40471"}],"version-history":[{"count":0,"href":"https:\/\/jackpotlotteryonline.com\/da\/wp-json\/wp\/v2\/pages\/40471\/revisions"}],"up":[{"embeddable":true,"href":"https:\/\/jackpotlotteryonline.com\/da\/wp-json\/wp\/v2\/pages\/35818"}],"wp:attachment":[{"href":"https:\/\/jackpotlotteryonline.com\/da\/wp-json\/wp\/v2\/media?parent=40471"}],"curies":[{"name":"wp","href":"https:\/\/api.w.org\/{rel}","templated":true}]}}