{"id":40524,"date":"2022-12-05T09:32:56","date_gmt":"2022-12-05T09:32:56","guid":{"rendered":"https:\/\/jackpotlotteryonline.com\/?page_id=40524"},"modified":"2022-12-26T19:35:30","modified_gmt":"2022-12-26T19:35:30","slug":"mega-millions","status":"publish","type":"page","link":"https:\/\/jackpotlotteryonline.com\/da\/vindernumre\/mega-millions\/","title":{"rendered":"Resultater af Mega Millions-tr\u00e6kningen"},"content":{"rendered":"<p>Mega Millions er kendt for sine mega jackpots, og spillere overalt elsker tanken om at vinde dette lotteri. At vinde Mega Millions-lotteriet er den amerikanske dr\u00f8m, og millioner af spillere str\u00e6ber efter det. Heldigvis har spillere fra hele verden nu en chance for at vinde Mega Millions ved at k\u00f8be lodder online. Hvis du undrede dig over, hvordan du g\u00f8r det, s\u00e5 har vi en godbid til dig.<\/p>\n<p>Hvis det er f\u00f8rste gang, du spiller (eller hvis du er stamspiller), kan du<a href=\"https:\/\/jackpotlotteryonline.com\/da\/koeb-billetter\/mega-millions\"> k\u00f8be billetter til Mega Million lige her p\u00e5 vores side<\/a>. Ikke nok med det, men her p\u00e5 jackpotlotteryonline.com giver vi dig ogs\u00e5 en chance for at vinde flere internationale toplotterier. S\u00e5 hvis du vil pr\u00f8ve at vinde lotterier fra Australien, Europa eller Amerika, s\u00e5 bliv hos os.<\/p>\n<section class=\"layout\" style=\"border: solid 1px; width: 100%;\">\n<div class=\"img-div\" style=\"margin-top: 5px;\"><img decoding=\"async\" class=\"wp-image-17212 alignleft\" style=\"height: 45px; margin: 8px 8px 0px;\" src=\"https:\/\/jackpotlotteryonline.com\/wp-content\/uploads\/2022\/11\/read1.jpg\" alt=\"l\u00e6s\" width=\"\" height=\"\" \/><\/div>\n<div style=\"padding-left: 5px;\">\n<div style=\"font-size: 1.1em;\">\n<p><strong>Europ\u00e6iske Lotterier<\/strong><\/p>\n<p style=\"font-size: 0.85em; margin-top: -1.5em;\">Hvilke europ\u00e6iske lotterier er de bedste?\u00a0 <a href=\"https:\/\/jackpotlotteryonline.com\/da\/hvilke-europaeiske-lotterier-er-de-bedste\"> L\u00e6s mere<\/a><\/p>\n<\/div>\n<\/div>\n<\/section>\n<p>\u00c5h, og vi vil fort\u00e6lle dig, hvordan du ogs\u00e5 kan f\u00e5 adgang til dine Mega Millions gevinster. Der er ingen mening med at <a href=\"https:\/\/jackpotlotteryonline.com\/da\/saadan-spiller-du\/mega-millions\">spille Mega Millions<\/a>, vinde og ikke at kunne f\u00e5 adgang til din gevinst. S\u00e5 slap af og l\u00e6s videre for at finde ud af alt, hvad du har brug for at vide om Mega Millions vindertal.<\/p>\n<h2>S\u00e5dan v\u00e6lger du Mega Millions vindernumre<\/h2>\n<p><img loading=\"lazy\" decoding=\"async\" class=\"alignright size-full wp-image-31073\" src=\"https:\/\/jackpotlotteryonline.com\/wp-content\/uploads\/2022\/11\/logo_Mega_Millions_233x110.png\" alt=\"k\u00f8b mega millions billet online\" width=\"232\" height=\"110\" \/>Alle, der k\u00f8ber en lottokupon, h\u00e5ber, at de p\u00e5 en eller anden m\u00e5de vil f\u00e5 den vindende kupon. Det er et naturligt menneskeligt instinkt. Vi ved godt, at oddsene m\u00e5ske er h\u00f8je, men nogen skal jo have den vindende kupon. Og det kan lige s\u00e5 godt v\u00e6re dig, ikke? Men hvordan g\u00f8r man det? Der er nogle tricks, som spillerne bruger til at v\u00e6lge de vindende numre.<\/p>\n<p>Vi vil v\u00e6re \u00e6rlige og lade dig vide, at der ikke er nogen garanteret m\u00e5de at f\u00e5 den vindende kupon p\u00e5. Det er et tilf\u00e6ldigt spil, og hver spiller skal bare pr\u00f8ve sit held. N\u00e5r det er sagt, er der m\u00e5der, hvorp\u00e5 du kan hj\u00e6lpe dig selv med at f\u00f8le dig heldig. For det er de vindernumre, du v\u00e6lger, meget vigtige.<\/p>\n<p>Dybest set kan du v\u00e6lge vindernumre ved at v\u00e6lge heldige datoer. Nogle mennesker betragter de datoer, de er f\u00f8dt, som heldige. Det siges, at nogle mennesker blev f\u00f8dt under en heldig stjerne. Hvis du f\u00f8ler dig som en af dem, kan du m\u00e5ske bruge hele eller dele af din f\u00f8dselsdato til din lottokupon. Hvis du ikke f\u00f8ler dig s\u00e5 heldig, kan du bruge den automatiske generator til at v\u00e6lge tilf\u00e6ldige vindernumre.<\/p>\n<h2>Vinder Mega Millions online<\/h2>\n<p>Spillereglerne er de samme, uanset om du spiller online eller offline. Vi hj\u00e6lper dig gennem processen med at v\u00e6lge vindertal online. N\u00e5r du f\u00f8rst har forst\u00e5et det, vil du ikke have lyst til at spille lotto p\u00e5 nogen anden m\u00e5de. Der er noget utroligt ved ikke at skulle g\u00e5 nogen steder hen for at k\u00f8be din lottokupon. Du skal bare bruge din computer eller mobilenhed.<\/p>\n<p>F\u00f8rst reglerne. Til Mega Millions skal du v\u00e6lge 5 numre mellem 1 og 70 og en Mega Ball fra 1 til 25. N\u00e5r du har valgt din vinderkombination, kan du deltage i tr\u00e6kningerne. Tr\u00e6kningsdagene er tirsdag og fredag hver uge. Du har mulighed for at deltage i en enkelt tr\u00e6kning eller begge.<\/p>\n<p>Du kan ogs\u00e5 deltage i tr\u00e6kningerne flere uger i forvejen. Hvis du matcher den vindende kombination, vinder du stort. F\u00f8r du betaler for dine lodtr\u00e6kninger, beder vi dig om at registrere dig. Dette er for at g\u00f8re det lettere for dig at f\u00e5 adgang til og kr\u00e6ve dine gevinster. Men det forklarer vi senere, bare forts\u00e6t med at l\u00e6se.<\/p>\n<h2>Kontrol af de vindende numre<\/h2>\n<p>Mega Millions-jackpotten starter p\u00e5 40 millioner dollars. Det er det garanterede minimum, og jackpotpr\u00e6mien g\u00e5r ikke under dette. Hvis der ikke dukker noget vindernummer op efter tr\u00e6kningerne, ruller jackpotten over til den n\u00e6ste tr\u00e6kning. Den bliver ved med at rulle videre, indtil der findes en vinderkupon.<\/p>\n<p>Hvis du vil tjekke vinderresultaterne for Mega Millions-lotteriet, skal du blot vende tilbage til denne side efter hver tr\u00e6kning. S\u00e5 enkelt er det. Vi offentligg\u00f8r vinderresultaterne for hver tr\u00e6kning p\u00e5 denne side, og dette omfatter ogs\u00e5 de andre pr\u00e6miekategorier. Ja, at vinde jackpotten er ikke alt, hvad du kan vinde, n\u00e5r du spiller Mega Millions.<\/p>\n<p>Hvis du vinder en pr\u00e6mie, informerer vi dig straks via e-mail, s\u00e5 du kan g\u00f8re krav p\u00e5 din gevinst.<\/p>\n<h2>Mega Millions pr\u00e6miekategorier<\/h2>\n<p>Okay, vi ved, at du sikkert er nysgerrig efter at vinde andre pr\u00e6mier, n\u00e5r du spiller dette lotteri. Vi h\u00e5ber alle sammen at vinde i lotteriet, men n\u00e5r man sigter efter stjernerne, rammer man nogle gange himlen. Og disse pr\u00e6mier er ret fantastiske. S\u00e5 her er opdelingen af pr\u00e6mierne.<\/p>\n<p>Afdeling 1: 5 + Mega Ball &#8211; Jackpot<\/p>\n<p>Division 2: 5 &#8211; 1 000 000 USD<\/p>\n<p>Division 3: 4 + Mega Ball &#8211; 10 000 USD<\/p>\n<p>Division 4: 4 &#8211; 500 $.<\/p>\n<p>Afdeling 5: 3 + Mega Ball &#8211; 200 $.<\/p>\n<p>Afdeling 6 : 3 &#8211; 10 $ &#8211; 10<\/p>\n<p>Afdeling 7: 2 + Mega Ball &#8211; 10 $ &#8211; 10<\/p>\n<p>Afdeling 8: 1 + Mega Ball &#8211; 4 $<\/p>\n<p>Afdeling 8: Kun Mega Ball &#8211; 2 $.<\/p>\n<p>At vinde andenpr\u00e6mien ville ogs\u00e5 v\u00e6re ganske bem\u00e6rkelsesv\u00e6rdigt, ikke? Det synes vi tilf\u00e6ldigvis ogs\u00e5.<\/p>\n<h2>S\u00e5dan f\u00e5r du din pr\u00e6mie<\/h2>\n<p><img loading=\"lazy\" decoding=\"async\" class=\"alignright size-full wp-image-19115\" src=\"https:\/\/jackpotlotteryonline.com\/wp-content\/uploads\/2022\/10\/2_ticket_mega_millions3.jpg\" alt=\"mega millioner billet scanning\" width=\"180\" height=\"193\" \/>Det er fint nok at spille lotto online, men hvordan kan du kr\u00e6ve din gevinst? Det har vi ogs\u00e5 styr p\u00e5. Hvis du har k\u00f8bt din lottokupon p\u00e5 jackpotlotteryonline.com, kan du nemt f\u00e5 adgang til din gevinst. N\u00e5r du logger ind p\u00e5 din konto, skal du blot udbetale pengene fra vores platform til din bank.<\/p>\n<p>Denne problemfri proces er hoved\u00e5rsagen til, at vi beder vores kunder om at registrere sig. Det g\u00f8r det s\u00e5 meget nemmere at udbetale din gevinst, uanset hvor du bor.<\/p>\n<p>Bem\u00e6rk, at dette normalt er for gevinster, der er under 2.500 \u20ac. Hvis din gevinst er h\u00f8jere end 2.500 \u20ac, skal du muligvis kontakte lotteriselskabet direkte for at f\u00e5 din gevinst udbetalt. Men det er ikke noget problem, da vi vil hj\u00e6lpe dig med at udfylde en kravformular.<\/p>\n<h2>Hvorfor du b\u00f8r spille lotteri p\u00e5 jackpotlotteryonline.com<\/h2>\n<p>Alt, hvad vi g\u00f8r hos jackpotlotteryonline.com, er fokuseret p\u00e5 at give dig en fantastisk oplevelse, n\u00e5r du spiller Mega Millions. Der er s\u00e5 mange ting i livet, der er sv\u00e6re, men at vinde i lotteriet b\u00f8r ikke v\u00e6re en af dem. S\u00e5 vi tager os af alle de sm\u00e5 irriterende detaljer, s\u00e5 du kan fokusere p\u00e5 at have det sjovt, som du \u00f8nsker.<\/p>\n<p>Mere end det, vi er et concierge-site. Det betyder, at vi giver vores kunder en chance for at vinde i lotteriet. Du satser ikke p\u00e5 resultatet af Mega Millions, som det er tilf\u00e6ldet med s\u00e5 mange lotterisider. Vi giver faktisk vores kunder adgang til at vinde internationale lotterier som Mega Millions. N\u00e5r du k\u00f8ber lodder p\u00e5 vores hjemmeside, Hvis du har den vindende lod, vinder du lotteriet.<\/p>\n<p>Vi g\u00f8r det nemt for vores kunder at tjekke Mega Millions vindernumre samt tr\u00e6kningshistorikken. Ved at tjekke tr\u00e6kningshistorikken hj\u00e6lper spillerne med at skabe deres vindende spilstrategi. Endelig er det lige s\u00e5 enkelt som at f\u00e5 adgang til din gevinst med et klik. Nyd Mega Millions-lotteriet i dag ved at registrere dig hos os.<\/p>\n","protected":false},"excerpt":{"rendered":"<p>Mega Millions er kendt for sine mega jackpots, og spillere overalt elsker tanken om at vinde dette lotteri. At vinde Mega Millions-lotteriet er den amerikanske dr\u00f8m, og millioner af spillere str\u00e6ber efter det. Heldigvis har spillere fra hele verden nu en chance for at vinde Mega Millions ved at k\u00f8be lodder online. Hvis du undrede [&hellip;]<\/p>\n","protected":false},"author":1,"featured_media":0,"parent":35818,"menu_order":2,"comment_status":"closed","ping_status":"closed","template":"megamillion-results.php","meta":{"_et_pb_use_builder":"","_et_pb_old_content":"","_et_gb_content_width":"","exclude_from_search":false,"footnotes":""},"class_list":["post-40524","page","type-page","status-publish","hentry"],"yoast_head":"<!-- This site is optimized with the Yoast SEO plugin v23.3 - https:\/\/yoast.com\/wordpress\/plugins\/seo\/ -->\n<title>Mega Millions vindernumre og tr\u00e6kningsresultater<\/title>\n<meta name=\"description\" content=\"Find denne uges og \u00e6ldre Mega Millions tr\u00e6kningsresultater og vindertal her p\u00e5 vores side\" \/>\n<meta name=\"robots\" content=\"index, follow, max-snippet:-1, max-image-preview:large, max-video-preview:-1\" \/>\n<link rel=\"canonical\" href=\"https:\/\/jackpotlotteryonline.com\/da\/vindernumre\/mega-millions\/\" \/>\n<meta property=\"og:locale\" content=\"da_DK\" \/>\n<meta property=\"og:type\" content=\"article\" \/>\n<meta property=\"og:title\" content=\"Mega Millions vindernumre og tr\u00e6kningsresultater\" \/>\n<meta property=\"og:description\" content=\"Find denne uges og \u00e6ldre Mega Millions tr\u00e6kningsresultater og vindertal her p\u00e5 vores side\" \/>\n<meta property=\"og:url\" content=\"https:\/\/jackpotlotteryonline.com\/da\/vindernumre\/mega-millions\/\" \/>\n<meta property=\"og:site_name\" content=\"Lotto Online - Crack The International Lottery Jackpots\" \/>\n<meta property=\"article:modified_time\" content=\"2022-12-26T19:35:30+00:00\" \/>\n<meta property=\"og:image\" content=\"https:\/\/jackpotlotteryonline.com\/wp-content\/uploads\/2022\/11\/read1.jpg\" \/>\n<meta name=\"twitter:card\" content=\"summary_large_image\" \/>\n<meta name=\"twitter:label1\" content=\"Estimeret l\u00e6setid\" \/>\n\t<meta name=\"twitter:data1\" content=\"6 minutter\" \/>\n<!-- \/ Yoast SEO plugin. -->","yoast_head_json":{"title":"Mega Millions vindernumre og tr\u00e6kningsresultater","description":"Find denne uges og \u00e6ldre Mega Millions tr\u00e6kningsresultater og vindertal her p\u00e5 vores side","robots":{"index":"index","follow":"follow","max-snippet":"max-snippet:-1","max-image-preview":"max-image-preview:large","max-video-preview":"max-video-preview:-1"},"canonical":"https:\/\/jackpotlotteryonline.com\/da\/vindernumre\/mega-millions\/","og_locale":"da_DK","og_type":"article","og_title":"Mega Millions vindernumre og tr\u00e6kningsresultater","og_description":"Find denne uges og \u00e6ldre Mega Millions tr\u00e6kningsresultater og vindertal her p\u00e5 vores side","og_url":"https:\/\/jackpotlotteryonline.com\/da\/vindernumre\/mega-millions\/","og_site_name":"Lotto Online - Crack The International Lottery Jackpots","article_modified_time":"2022-12-26T19:35:30+00:00","og_image":[{"url":"https:\/\/jackpotlotteryonline.com\/wp-content\/uploads\/2022\/11\/read1.jpg"}],"twitter_card":"summary_large_image","twitter_misc":{"Estimeret l\u00e6setid":"6 minutter"},"schema":{"@context":"https:\/\/schema.org","@graph":[{"@type":"WebPage","@id":"https:\/\/jackpotlotteryonline.com\/da\/vindernumre\/mega-millions\/","url":"https:\/\/jackpotlotteryonline.com\/da\/vindernumre\/mega-millions\/","name":"Mega Millions vindernumre og tr\u00e6kningsresultater","isPartOf":{"@id":"https:\/\/jackpotlotteryonline.com\/#website"},"primaryImageOfPage":{"@id":"https:\/\/jackpotlotteryonline.com\/da\/vindernumre\/mega-millions\/#primaryimage"},"image":{"@id":"https:\/\/jackpotlotteryonline.com\/da\/vindernumre\/mega-millions\/#primaryimage"},"thumbnailUrl":"https:\/\/jackpotlotteryonline.com\/wp-content\/uploads\/2022\/11\/read1.jpg","datePublished":"2022-12-05T09:32:56+00:00","dateModified":"2022-12-26T19:35:30+00:00","description":"Find denne uges og \u00e6ldre Mega Millions tr\u00e6kningsresultater og vindertal her p\u00e5 vores side","breadcrumb":{"@id":"https:\/\/jackpotlotteryonline.com\/da\/vindernumre\/mega-millions\/#breadcrumb"},"inLanguage":"da-DK","potentialAction":[{"@type":"ReadAction","target":["https:\/\/jackpotlotteryonline.com\/da\/vindernumre\/mega-millions\/"]}]},{"@type":"ImageObject","inLanguage":"da-DK","@id":"https:\/\/jackpotlotteryonline.com\/da\/vindernumre\/mega-millions\/#primaryimage","url":"https:\/\/jackpotlotteryonline.com\/wp-content\/uploads\/2022\/11\/read1.jpg","contentUrl":"https:\/\/jackpotlotteryonline.com\/wp-content\/uploads\/2022\/11\/read1.jpg"},{"@type":"BreadcrumbList","@id":"https:\/\/jackpotlotteryonline.com\/da\/vindernumre\/mega-millions\/#breadcrumb","itemListElement":[{"@type":"ListItem","position":1,"name":"Home","item":"https:\/\/jackpotlotteryonline.com\/da\/"},{"@type":"ListItem","position":2,"name":"Resultater af lotteriet","item":"https:\/\/jackpotlotteryonline.com\/winning-numbers\/"},{"@type":"ListItem","position":3,"name":"Resultater af Mega Millions-tr\u00e6kningen"}]},{"@type":"WebSite","@id":"https:\/\/jackpotlotteryonline.com\/#website","url":"https:\/\/jackpotlotteryonline.com\/","name":"Lotto Online - Crack The International Lottery Jackpots","description":"","potentialAction":[{"@type":"SearchAction","target":{"@type":"EntryPoint","urlTemplate":"https:\/\/jackpotlotteryonline.com\/?s={search_term_string}"},"query-input":"required name=search_term_string"}],"inLanguage":"da-DK"}]}},"_links":{"self":[{"href":"https:\/\/jackpotlotteryonline.com\/da\/wp-json\/wp\/v2\/pages\/40524","targetHints":{"allow":["GET"]}}],"collection":[{"href":"https:\/\/jackpotlotteryonline.com\/da\/wp-json\/wp\/v2\/pages"}],"about":[{"href":"https:\/\/jackpotlotteryonline.com\/da\/wp-json\/wp\/v2\/types\/page"}],"author":[{"embeddable":true,"href":"https:\/\/jackpotlotteryonline.com\/da\/wp-json\/wp\/v2\/users\/1"}],"replies":[{"embeddable":true,"href":"https:\/\/jackpotlotteryonline.com\/da\/wp-json\/wp\/v2\/comments?post=40524"}],"version-history":[{"count":0,"href":"https:\/\/jackpotlotteryonline.com\/da\/wp-json\/wp\/v2\/pages\/40524\/revisions"}],"up":[{"embeddable":true,"href":"https:\/\/jackpotlotteryonline.com\/da\/wp-json\/wp\/v2\/pages\/35818"}],"wp:attachment":[{"href":"https:\/\/jackpotlotteryonline.com\/da\/wp-json\/wp\/v2\/media?parent=40524"}],"curies":[{"name":"wp","href":"https:\/\/api.w.org\/{rel}","templated":true}]}}