{"id":40578,"date":"2022-12-05T12:38:48","date_gmt":"2022-12-05T12:38:48","guid":{"rendered":"https:\/\/jackpotlotteryonline.com\/?page_id=40578"},"modified":"2022-12-27T07:53:31","modified_gmt":"2022-12-27T07:53:31","slug":"euromillions","status":"publish","type":"page","link":"https:\/\/jackpotlotteryonline.com\/da\/vindernumre\/euromillions\/","title":{"rendered":"Resultater af Euromillions-tr\u00e6kningen"},"content":{"rendered":"<p>Spillere, der k\u00f8ber lottokuponer, er ofte bekymrede for at g\u00e5 glip af deres lotterigevinster. Det skyldes, at folk bliver uforsigtige, og at der forsvinder lodder; uden din lottokupon kan du ikke g\u00f8re krav p\u00e5 din gevinst. Men n\u00e5r du spiller lotto online, beh\u00f8ver du aldrig at bekymre dig om manglende lodder, fordi alt er digitalt. Det kan dog stadig v\u00e6re et problem at kontrollere de vindende numre, hvis du ikke ved, hvad du skal g\u00f8re. Og det er derfor, at vi er her.<\/p>\n<p>Hos jackpotlotteryonline.com giver vi spillerne adgang til de bedste internationale lotterier online. Vi g\u00f8r det ogs\u00e5 nemt for dig at k\u00f8be dine lottokuponer og tjekke Euromillions vindernumre, uanset hvor du er.<\/p>\n<h2>Hvordan vinder man jackpotten?<\/h2>\n<p><img loading=\"lazy\" decoding=\"async\" class=\"alignright size-full wp-image-31019\" src=\"http:\/\/jackpotlotteryonline.com\/wp-content\/uploads\/2022\/11\/euromillions.png\" alt=\"vinde Euromillions\" width=\"200\" height=\"212\" \/>Det er et vigtigt sp\u00f8rgsm\u00e5l, da alle, der spiller i lotteriet, gerne vil vide, hvad der skal til for at vinde. Det enkle svar er, at for at vinde i lotteriet skal en spiller blot matche de udtrukne numre. Selvf\u00f8lgelig ved vi alle, at det ikke er s\u00e5 enkelt. Lotteriet afh\u00e6nger meget af held.<\/p>\n<p>I Euromillions skal en spiller v\u00e6lge 5 cifre fra 1 til 70 og 2 Lucky Stars. Den, der matcher alle 7 udtrukne cifre, vinder lotteriet.<\/p>\n<p>Du kan tjekke tidligere kombinationer her for at finde ud af, hvilke cifre der forekommer mest eller mindst. Dette kan hj\u00e6lpe dig med at planl\u00e6gge din vinderstrategi for det europ\u00e6iske lotteri.<\/p>\n<h2>S\u00e5dan tjekker du vinderen<\/h2>\n<p>Der er flere m\u00e5der at tjekke vinderen af lotteriet online p\u00e5. Problemet med at tjekke et tilf\u00e6ldigt websted er dog, at du m\u00e5ske ikke f\u00e5r n\u00f8jagtige oplysninger. Hvis du tjekker nyhedssiderne, kan du ogs\u00e5 kun finde ud af den kombination, der vandt jackpotten.<\/p>\n<p>Det europ\u00e6iske lotteri har flere pr\u00e6miekategorier, og selv om du ikke vandt hovedpr\u00e6mien, kan du stadig g\u00e5 hjem med et godt bel\u00f8b. S\u00e5 det er vigtigt at tjekke din kupon i forhold til de andre pr\u00e6mieinddelinger.<\/p>\n<p>Hvis du <a href=\"https:\/\/jackpotlotteryonline.com\/da\/koeb-billetter\/euromillions\">k\u00f8ber din lottokupon<\/a> p\u00e5 jackpotlotteryonline.com, sender vi dig en e-mail, s\u00e5 snart du har vundet en pr\u00e6mie. S\u00e5 du beh\u00f8ver ikke at bekymre dig om at miste dine pr\u00e6mier.<\/p>\n<h2>Adgang til din gevinst<\/h2>\n<p>Fordi du <a href=\"https:\/\/jackpotlotteryonline.com\/da\/saadan-spiller-du\/euromillions\">spiller lotto online<\/a>, er det naturligt at spekulere p\u00e5, hvad der sker, n\u00e5r du vinder en pr\u00e6mie. Hvis du spiller hos os, er det lige s\u00e5 enkelt at f\u00e5 adgang til din gevinst som at k\u00f8be din kupon. Med det mener vi, at du nemt kan h\u00e6ve dine gevinster fra vores hjemmeside. Intet besv\u00e6r og ingen komplikationer.<\/p>\n<p>Hvis du vinder jackpotten eller et bel\u00f8b, der er h\u00f8jere end \u20ac2500, s\u00e5 skal du muligvis udfylde en kravformular. Men bare rolig, det er ikke en kompliceret proces, og vi vil guide dig igennem den.<\/p>\n<section class=\"layout\" style=\"border: solid 1px; width: 100%;\">\n<div class=\"img-div\" style=\"margin-top: 5px;\"><img decoding=\"async\" class=\"wp-image-17212 alignleft\" style=\"height: 45px; margin: 8px 8px 0px;\" src=\"http:\/\/jackpotlotteryonline.com\/wp-content\/uploads\/2022\/11\/read1.jpg\" alt=\"l\u00e6s\" width=\"\" height=\"\" \/><\/div>\n<div style=\"padding-left: 5px;\">\n<div style=\"font-size: 1.1em;\">\n<p><strong>Hvordan bliver jeg udbetalt, hvis jeg vinder i lotteriet online?<\/strong><\/p>\n<p style=\"font-size: 0.85em; margin-top: -1.5em;\">S\u00e5dan f\u00e5r du dine penge, hvis du vinder i lotteriet online\u00a0 <a href=\"https:\/\/jackpotlotteryonline.com\/da\/hvordan-bliver-jeg-betalt-hvis-jeg-vinder-i-lotteriet-online\"> L\u00e6s mere<\/a><\/p>\n<\/div>\n<\/div>\n<\/section>\n<h2>Tjek dine Euromillions vindertal i dag<\/h2>\n<p>Vi har arbejdet h\u00e5rdt for at skabe et sikkert online milj\u00f8 for vores spillere. Vi leverer alt, hvad du har brug for for at spille lotteriet bekvemt. Hos os f\u00e5r du adgang til de bedste internationale lotterier, og du kan deltage i flere tr\u00e6kninger p\u00e5 forh\u00e5nd. Ud over det kan du nemt tjekke tr\u00e6kningerne lige her og udbetale dine gevinster.<\/p>\n","protected":false},"excerpt":{"rendered":"<p>Spillere, der k\u00f8ber lottokuponer, er ofte bekymrede for at g\u00e5 glip af deres lotterigevinster. Det skyldes, at folk bliver uforsigtige, og at der forsvinder lodder; uden din lottokupon kan du ikke g\u00f8re krav p\u00e5 din gevinst. Men n\u00e5r du spiller lotto online, beh\u00f8ver du aldrig at bekymre dig om manglende lodder, fordi alt er digitalt. [&hellip;]<\/p>\n","protected":false},"author":1,"featured_media":0,"parent":35818,"menu_order":3,"comment_status":"closed","ping_status":"closed","template":"euromillions-results.php","meta":{"_et_pb_use_builder":"","_et_pb_old_content":"","_et_gb_content_width":"","exclude_from_search":false,"footnotes":""},"class_list":["post-40578","page","type-page","status-publish","hentry"],"yoast_head":"<!-- This site is optimized with the Yoast SEO plugin v23.3 - https:\/\/yoast.com\/wordpress\/plugins\/seo\/ -->\n<title>Euromillions vindertal og tr\u00e6kningsresultater<\/title>\n<meta name=\"description\" content=\"Tr\u00e6kningsresultater for Euromillions - vindertal for den seneste tr\u00e6kning samt et arkiv af tidligere resultater\" \/>\n<meta name=\"robots\" content=\"index, follow, max-snippet:-1, max-image-preview:large, max-video-preview:-1\" \/>\n<link rel=\"canonical\" href=\"https:\/\/jackpotlotteryonline.com\/da\/vindernumre\/euromillions\/\" \/>\n<meta property=\"og:locale\" content=\"da_DK\" \/>\n<meta property=\"og:type\" content=\"article\" \/>\n<meta property=\"og:title\" content=\"Euromillions vindertal og tr\u00e6kningsresultater\" \/>\n<meta property=\"og:description\" content=\"Tr\u00e6kningsresultater for Euromillions - vindertal for den seneste tr\u00e6kning samt et arkiv af tidligere resultater\" \/>\n<meta property=\"og:url\" content=\"https:\/\/jackpotlotteryonline.com\/da\/vindernumre\/euromillions\/\" \/>\n<meta property=\"og:site_name\" content=\"Lotto Online - Crack The International Lottery Jackpots\" \/>\n<meta property=\"article:modified_time\" content=\"2022-12-27T07:53:31+00:00\" \/>\n<meta property=\"og:image\" content=\"http:\/\/jackpotlotteryonline.com\/wp-content\/uploads\/2022\/11\/euromillions.png\" \/>\n<meta name=\"twitter:card\" content=\"summary_large_image\" \/>\n<meta name=\"twitter:label1\" content=\"Estimeret l\u00e6setid\" \/>\n\t<meta name=\"twitter:data1\" content=\"3 minutter\" \/>\n<!-- \/ Yoast SEO plugin. -->","yoast_head_json":{"title":"Euromillions vindertal og tr\u00e6kningsresultater","description":"Tr\u00e6kningsresultater for Euromillions - vindertal for den seneste tr\u00e6kning samt et arkiv af tidligere resultater","robots":{"index":"index","follow":"follow","max-snippet":"max-snippet:-1","max-image-preview":"max-image-preview:large","max-video-preview":"max-video-preview:-1"},"canonical":"https:\/\/jackpotlotteryonline.com\/da\/vindernumre\/euromillions\/","og_locale":"da_DK","og_type":"article","og_title":"Euromillions vindertal og tr\u00e6kningsresultater","og_description":"Tr\u00e6kningsresultater for Euromillions - vindertal for den seneste tr\u00e6kning samt et arkiv af tidligere resultater","og_url":"https:\/\/jackpotlotteryonline.com\/da\/vindernumre\/euromillions\/","og_site_name":"Lotto Online - Crack The International Lottery Jackpots","article_modified_time":"2022-12-27T07:53:31+00:00","og_image":[{"url":"http:\/\/jackpotlotteryonline.com\/wp-content\/uploads\/2022\/11\/euromillions.png"}],"twitter_card":"summary_large_image","twitter_misc":{"Estimeret l\u00e6setid":"3 minutter"},"schema":{"@context":"https:\/\/schema.org","@graph":[{"@type":"WebPage","@id":"https:\/\/jackpotlotteryonline.com\/da\/vindernumre\/euromillions\/","url":"https:\/\/jackpotlotteryonline.com\/da\/vindernumre\/euromillions\/","name":"Euromillions vindertal og tr\u00e6kningsresultater","isPartOf":{"@id":"https:\/\/jackpotlotteryonline.com\/#website"},"primaryImageOfPage":{"@id":"https:\/\/jackpotlotteryonline.com\/da\/vindernumre\/euromillions\/#primaryimage"},"image":{"@id":"https:\/\/jackpotlotteryonline.com\/da\/vindernumre\/euromillions\/#primaryimage"},"thumbnailUrl":"http:\/\/jackpotlotteryonline.com\/wp-content\/uploads\/2022\/11\/euromillions.png","datePublished":"2022-12-05T12:38:48+00:00","dateModified":"2022-12-27T07:53:31+00:00","description":"Tr\u00e6kningsresultater for Euromillions - vindertal for den seneste tr\u00e6kning samt et arkiv af tidligere resultater","breadcrumb":{"@id":"https:\/\/jackpotlotteryonline.com\/da\/vindernumre\/euromillions\/#breadcrumb"},"inLanguage":"da-DK","potentialAction":[{"@type":"ReadAction","target":["https:\/\/jackpotlotteryonline.com\/da\/vindernumre\/euromillions\/"]}]},{"@type":"ImageObject","inLanguage":"da-DK","@id":"https:\/\/jackpotlotteryonline.com\/da\/vindernumre\/euromillions\/#primaryimage","url":"http:\/\/jackpotlotteryonline.com\/wp-content\/uploads\/2022\/11\/euromillions.png","contentUrl":"http:\/\/jackpotlotteryonline.com\/wp-content\/uploads\/2022\/11\/euromillions.png"},{"@type":"BreadcrumbList","@id":"https:\/\/jackpotlotteryonline.com\/da\/vindernumre\/euromillions\/#breadcrumb","itemListElement":[{"@type":"ListItem","position":1,"name":"Home","item":"https:\/\/jackpotlotteryonline.com\/da\/"},{"@type":"ListItem","position":2,"name":"Resultater af lotteriet","item":"https:\/\/jackpotlotteryonline.com\/winning-numbers\/"},{"@type":"ListItem","position":3,"name":"Resultater af Euromillions-tr\u00e6kningen"}]},{"@type":"WebSite","@id":"https:\/\/jackpotlotteryonline.com\/#website","url":"https:\/\/jackpotlotteryonline.com\/","name":"Lotto Online - Crack The International Lottery Jackpots","description":"","potentialAction":[{"@type":"SearchAction","target":{"@type":"EntryPoint","urlTemplate":"https:\/\/jackpotlotteryonline.com\/?s={search_term_string}"},"query-input":"required name=search_term_string"}],"inLanguage":"da-DK"}]}},"_links":{"self":[{"href":"https:\/\/jackpotlotteryonline.com\/da\/wp-json\/wp\/v2\/pages\/40578","targetHints":{"allow":["GET"]}}],"collection":[{"href":"https:\/\/jackpotlotteryonline.com\/da\/wp-json\/wp\/v2\/pages"}],"about":[{"href":"https:\/\/jackpotlotteryonline.com\/da\/wp-json\/wp\/v2\/types\/page"}],"author":[{"embeddable":true,"href":"https:\/\/jackpotlotteryonline.com\/da\/wp-json\/wp\/v2\/users\/1"}],"replies":[{"embeddable":true,"href":"https:\/\/jackpotlotteryonline.com\/da\/wp-json\/wp\/v2\/comments?post=40578"}],"version-history":[{"count":0,"href":"https:\/\/jackpotlotteryonline.com\/da\/wp-json\/wp\/v2\/pages\/40578\/revisions"}],"up":[{"embeddable":true,"href":"https:\/\/jackpotlotteryonline.com\/da\/wp-json\/wp\/v2\/pages\/35818"}],"wp:attachment":[{"href":"https:\/\/jackpotlotteryonline.com\/da\/wp-json\/wp\/v2\/media?parent=40578"}],"curies":[{"name":"wp","href":"https:\/\/api.w.org\/{rel}","templated":true}]}}