{"id":40633,"date":"2022-12-06T06:07:44","date_gmt":"2022-12-06T06:07:44","guid":{"rendered":"https:\/\/jackpotlotteryonline.com\/?page_id=40633"},"modified":"2022-12-28T07:48:06","modified_gmt":"2022-12-28T07:48:06","slug":"eurojackpot","status":"publish","type":"page","link":"https:\/\/jackpotlotteryonline.com\/da\/vindernumre\/eurojackpot\/","title":{"rendered":"Resultater af Eurojackpot-tr\u00e6kningen"},"content":{"rendered":"<p>Hvordan tjekker man vindernumrene til Eurojackpot-lotteriet? Som et af de mere popul\u00e6re lotterier i Europa er spillere overalt ivrige efter en mulighed for at vinde stort. Hvis du bor uden for Europa, kan du ogs\u00e5 k\u00f8be lodder til lotteriet og tjekke tr\u00e6kningsresultaterne online.<\/p>\n<p>N\u00e5r du bes\u00f8ger jackpotlotteryonline.com f\u00e5r du adgang til de bedste internationale lotterier i hele verden. Vi giver dig en enkel og bekvem m\u00e5de at spille lotteri og tjekke tr\u00e6kningerne p\u00e5 \u00e9t sted.<\/p>\n<h2>Hvad er den vindende kombination?<\/h2>\n<p><img loading=\"lazy\" decoding=\"async\" class=\"size-full wp-image-28751 alignright\" src=\"https:\/\/jackpotlotteryonline.com\/wp-content\/uploads\/2022\/11\/1_online_ticket_eurojackpot.jpg\" alt=\"Eurojackpot vinderkombinationer\" width=\"300\" height=\"210\" \/>De fleste mennesker<a href=\"https:\/\/jackpotlotteryonline.com\/da\/saadan-spiller-du\/eurojackpot\"> spiller lotto<\/a> for at f\u00e5 chancen for at vinde stort, og spillere elsker is\u00e6r Eurojackpot af en r\u00e6kke \u00e5rsager. En af dem er den store chance for at vinde. Dette lotteri har produceret en masse million\u00e6rer siden det blev lanceret f\u00f8rste gang.<\/p>\n<p>Grundl\u00e6ggende er vinderen den kupon, der matcher de udtrukne numre. Hvis du spiller online, skal du v\u00e6lge 5 cifre fra mellem 1 og 50 og 2 andre fra 1 til 12. Den, der matcher de syv udtrukne cifre, vinder jackpotten.<\/p>\n<p>N\u00e5r du v\u00e6lger dine tal, kan du enten v\u00e6lge dem, der er specielle for dig, eller tilf\u00e6ldige tal. Nogle spillere foretr\u00e6kker at bruge vores autogenerator til at v\u00e6lge tilf\u00e6ldigt. Det vigtigste er at f\u00e5 din billet inden tr\u00e6kningerne.<\/p>\n<h2>S\u00e5dan tjekker du tr\u00e6kningsresultaterne<\/h2>\n<p>Dette europ\u00e6iske lotteri har to tr\u00e6kningsdage, tirsdag og fredag hver uge. Tr\u00e6kningsresultaterne annonceres ofte ved et live-show. men det kan v\u00e6re lidt akavet at vente p\u00e5 at se live-tr\u00e6kningerne. Is\u00e6r hvis det kolliderer med en vigtig funktion eller dit job, for eksempel. Derfor er det en fantastisk mulighed at spille lotto hos os.<\/p>\n<p>N\u00e5r du spiller med os, beh\u00f8ver du kun at tjekke tilbage for at finde ud af tr\u00e6kkningsresultaterne. Vi offentligg\u00f8r nemlig tr\u00e6kningsresultaterne lige her p\u00e5 vores hjemmeside.<\/p>\n<p>Hvis du vinder en pr\u00e6mie, giver vi dig ogs\u00e5 besked via e-mail, s\u00e5 snart du har vundet. Og n\u00e5r du logger ind p\u00e5 din konto p\u00e5 vores platform, vil du f\u00e5 en advarsel. Det er endnu nemmere og mere bekvemt at spille lotto, n\u00e5r du k\u00f8ber dine lottokuponer hos os.<\/p>\n<h2>Hvad skal du g\u00f8re, n\u00e5r du vinder<\/h2>\n<p>Vi elsker, n\u00e5r vores kunder vinder i lotteriet, for det er derfor, vi er her i f\u00f8rste omgang. For at give spillere overalt adgang til de bedste internationale lotterier fra deres computere eller mobile enheder, hvor det er bekvemt.<\/p>\n<p>S\u00e5 hvis du vinder en pr\u00e6mie, vil vi ikke kun advare dig, men du kan ogs\u00e5 nemt udbetale dine gevinster fra vores platform. Det er rigtigt. Du beh\u00f8ver ikke at g\u00e5 nogen steder hen for at f\u00e5 adgang til din lotteri gevinst, du skal bare tr\u00e6kke pengene direkte ud p\u00e5 din konto.<\/p>\n<p>Vi b\u00f8r dog n\u00e6vne, at n\u00e5r det er over et vist bel\u00f8b, skal du muligvis udfylde en kravformular. Dette er for at hj\u00e6lpe dig med at f\u00e5 din gevinst fra lotteriselskabet. Men vi er her for at hj\u00e6lpe dig og g\u00f8re processen s\u00e5 nem og ligetil som muligt.<\/p>\n<section class=\"layout\" style=\"border: solid 1px; width: 100%;\">\n<div class=\"img-div\" style=\"margin-top: 5px;\"><img decoding=\"async\" class=\"wp-image-17212 alignleft\" style=\"height: 45px; margin: 8px 8px 0px;\" src=\"https:\/\/jackpotlotteryonline.com\/wp-content\/uploads\/2022\/11\/read1.jpg\" alt=\"l\u00e6s\" width=\"\" height=\"\" \/><\/div>\n<div style=\"padding-left: 5px;\">\n<div style=\"font-size: 1.1em;\">\n<p><strong>Hvordan bliver jeg udbetalt, hvis jeg vinder i lotteriet online?<\/strong><\/p>\n<p style=\"font-size: 0.85em; margin-top: -1.5em;\">S\u00e5dan f\u00e5r du dine penge, hvis du vinder i lotteriet online\u00a0 <a href=\"https:\/\/jackpotlotteryonline.com\/da\/hvordan-bliver-jeg-betalt-hvis-jeg-vinder-i-lotteriet-online\"> L\u00e6s mere<\/a><\/p>\n<\/div>\n<\/div>\n<\/section>\n<h2>Tjek dine Eurojackpot vindertal her<\/h2>\n<p><a href=\"https:\/\/jackpotlotteryonline.com\/da\/koeb-billetter\/eurojackpot\">K\u00f8b dine lottokuponer<\/a>, deltag i tr\u00e6kningerne og tjek tr\u00e6kningsresultaterne, alt sammen fra et enkelt websted. Bes\u00f8g jackpotlotteryonline.com i dag.<\/p>\n","protected":false},"excerpt":{"rendered":"<p>Hvordan tjekker man vindernumrene til Eurojackpot-lotteriet? Som et af de mere popul\u00e6re lotterier i Europa er spillere overalt ivrige efter en mulighed for at vinde stort. Hvis du bor uden for Europa, kan du ogs\u00e5 k\u00f8be lodder til lotteriet og tjekke tr\u00e6kningsresultaterne online. N\u00e5r du bes\u00f8ger jackpotlotteryonline.com f\u00e5r du adgang til de bedste internationale lotterier [&hellip;]<\/p>\n","protected":false},"author":1,"featured_media":0,"parent":35818,"menu_order":4,"comment_status":"closed","ping_status":"closed","template":"eurojackpot-results.php","meta":{"_et_pb_use_builder":"","_et_pb_old_content":"","_et_gb_content_width":"","exclude_from_search":false,"footnotes":""},"class_list":["post-40633","page","type-page","status-publish","hentry"],"yoast_head":"<!-- This site is optimized with the Yoast SEO plugin v23.3 - https:\/\/yoast.com\/wordpress\/plugins\/seo\/ -->\n<title>Eurojackpot vindernumre og tr\u00e6kningsresultater<\/title>\n<meta name=\"description\" content=\"Vil du ikke kende de vindende numre for Eurojackpot? Tjek alle tr\u00e6kningsresultater for Eurojackpot og mange andre lotterier her!\" \/>\n<meta name=\"robots\" content=\"index, follow, max-snippet:-1, max-image-preview:large, max-video-preview:-1\" \/>\n<link rel=\"canonical\" href=\"https:\/\/jackpotlotteryonline.com\/da\/vindernumre\/eurojackpot\/\" \/>\n<meta property=\"og:locale\" content=\"da_DK\" \/>\n<meta property=\"og:type\" content=\"article\" \/>\n<meta property=\"og:title\" content=\"Eurojackpot vindernumre og tr\u00e6kningsresultater\" \/>\n<meta property=\"og:description\" content=\"Vil du ikke kende de vindende numre for Eurojackpot? Tjek alle tr\u00e6kningsresultater for Eurojackpot og mange andre lotterier her!\" \/>\n<meta property=\"og:url\" content=\"https:\/\/jackpotlotteryonline.com\/da\/vindernumre\/eurojackpot\/\" \/>\n<meta property=\"og:site_name\" content=\"Lotto Online - Crack The International Lottery Jackpots\" \/>\n<meta property=\"article:modified_time\" content=\"2022-12-28T07:48:06+00:00\" \/>\n<meta property=\"og:image\" content=\"https:\/\/jackpotlotteryonline.com\/wp-content\/uploads\/2022\/11\/1_online_ticket_eurojackpot.jpg\" \/>\n<meta name=\"twitter:card\" content=\"summary_large_image\" \/>\n<meta name=\"twitter:label1\" content=\"Estimeret l\u00e6setid\" \/>\n\t<meta name=\"twitter:data1\" content=\"3 minutter\" \/>\n<!-- \/ Yoast SEO plugin. -->","yoast_head_json":{"title":"Eurojackpot vindernumre og tr\u00e6kningsresultater","description":"Vil du ikke kende de vindende numre for Eurojackpot? Tjek alle tr\u00e6kningsresultater for Eurojackpot og mange andre lotterier her!","robots":{"index":"index","follow":"follow","max-snippet":"max-snippet:-1","max-image-preview":"max-image-preview:large","max-video-preview":"max-video-preview:-1"},"canonical":"https:\/\/jackpotlotteryonline.com\/da\/vindernumre\/eurojackpot\/","og_locale":"da_DK","og_type":"article","og_title":"Eurojackpot vindernumre og tr\u00e6kningsresultater","og_description":"Vil du ikke kende de vindende numre for Eurojackpot? Tjek alle tr\u00e6kningsresultater for Eurojackpot og mange andre lotterier her!","og_url":"https:\/\/jackpotlotteryonline.com\/da\/vindernumre\/eurojackpot\/","og_site_name":"Lotto Online - Crack The International Lottery Jackpots","article_modified_time":"2022-12-28T07:48:06+00:00","og_image":[{"url":"https:\/\/jackpotlotteryonline.com\/wp-content\/uploads\/2022\/11\/1_online_ticket_eurojackpot.jpg"}],"twitter_card":"summary_large_image","twitter_misc":{"Estimeret l\u00e6setid":"3 minutter"},"schema":{"@context":"https:\/\/schema.org","@graph":[{"@type":"WebPage","@id":"https:\/\/jackpotlotteryonline.com\/da\/vindernumre\/eurojackpot\/","url":"https:\/\/jackpotlotteryonline.com\/da\/vindernumre\/eurojackpot\/","name":"Eurojackpot vindernumre og tr\u00e6kningsresultater","isPartOf":{"@id":"https:\/\/jackpotlotteryonline.com\/#website"},"primaryImageOfPage":{"@id":"https:\/\/jackpotlotteryonline.com\/da\/vindernumre\/eurojackpot\/#primaryimage"},"image":{"@id":"https:\/\/jackpotlotteryonline.com\/da\/vindernumre\/eurojackpot\/#primaryimage"},"thumbnailUrl":"https:\/\/jackpotlotteryonline.com\/wp-content\/uploads\/2022\/11\/1_online_ticket_eurojackpot.jpg","datePublished":"2022-12-06T06:07:44+00:00","dateModified":"2022-12-28T07:48:06+00:00","description":"Vil du ikke kende de vindende numre for Eurojackpot? Tjek alle tr\u00e6kningsresultater for Eurojackpot og mange andre lotterier her!","breadcrumb":{"@id":"https:\/\/jackpotlotteryonline.com\/da\/vindernumre\/eurojackpot\/#breadcrumb"},"inLanguage":"da-DK","potentialAction":[{"@type":"ReadAction","target":["https:\/\/jackpotlotteryonline.com\/da\/vindernumre\/eurojackpot\/"]}]},{"@type":"ImageObject","inLanguage":"da-DK","@id":"https:\/\/jackpotlotteryonline.com\/da\/vindernumre\/eurojackpot\/#primaryimage","url":"https:\/\/jackpotlotteryonline.com\/wp-content\/uploads\/2022\/11\/1_online_ticket_eurojackpot.jpg","contentUrl":"https:\/\/jackpotlotteryonline.com\/wp-content\/uploads\/2022\/11\/1_online_ticket_eurojackpot.jpg"},{"@type":"BreadcrumbList","@id":"https:\/\/jackpotlotteryonline.com\/da\/vindernumre\/eurojackpot\/#breadcrumb","itemListElement":[{"@type":"ListItem","position":1,"name":"Home","item":"https:\/\/jackpotlotteryonline.com\/da\/"},{"@type":"ListItem","position":2,"name":"Resultater af lotteriet","item":"https:\/\/jackpotlotteryonline.com\/winning-numbers\/"},{"@type":"ListItem","position":3,"name":"Resultater af Eurojackpot-tr\u00e6kningen"}]},{"@type":"WebSite","@id":"https:\/\/jackpotlotteryonline.com\/#website","url":"https:\/\/jackpotlotteryonline.com\/","name":"Lotto Online - Crack The International Lottery Jackpots","description":"","potentialAction":[{"@type":"SearchAction","target":{"@type":"EntryPoint","urlTemplate":"https:\/\/jackpotlotteryonline.com\/?s={search_term_string}"},"query-input":"required name=search_term_string"}],"inLanguage":"da-DK"}]}},"_links":{"self":[{"href":"https:\/\/jackpotlotteryonline.com\/da\/wp-json\/wp\/v2\/pages\/40633","targetHints":{"allow":["GET"]}}],"collection":[{"href":"https:\/\/jackpotlotteryonline.com\/da\/wp-json\/wp\/v2\/pages"}],"about":[{"href":"https:\/\/jackpotlotteryonline.com\/da\/wp-json\/wp\/v2\/types\/page"}],"author":[{"embeddable":true,"href":"https:\/\/jackpotlotteryonline.com\/da\/wp-json\/wp\/v2\/users\/1"}],"replies":[{"embeddable":true,"href":"https:\/\/jackpotlotteryonline.com\/da\/wp-json\/wp\/v2\/comments?post=40633"}],"version-history":[{"count":0,"href":"https:\/\/jackpotlotteryonline.com\/da\/wp-json\/wp\/v2\/pages\/40633\/revisions"}],"up":[{"embeddable":true,"href":"https:\/\/jackpotlotteryonline.com\/da\/wp-json\/wp\/v2\/pages\/35818"}],"wp:attachment":[{"href":"https:\/\/jackpotlotteryonline.com\/da\/wp-json\/wp\/v2\/media?parent=40633"}],"curies":[{"name":"wp","href":"https:\/\/api.w.org\/{rel}","templated":true}]}}