{"id":40702,"date":"2022-12-06T08:14:26","date_gmt":"2022-12-06T08:14:26","guid":{"rendered":"https:\/\/jackpotlotteryonline.com\/?page_id=40702"},"modified":"2022-12-27T09:35:24","modified_gmt":"2022-12-27T09:35:24","slug":"superenalotto","status":"publish","type":"page","link":"https:\/\/jackpotlotteryonline.com\/da\/vindernumre\/superenalotto\/","title":{"rendered":"Superenalotto lodtr\u00e6kningsresultater"},"content":{"rendered":"<p>Superenalotto er det nationale lotteri i Italien og er et popul\u00e6rt lotteri blandt spillerne i landet. Hvis du spiller fra et sted uden for Italien, er det en god id\u00e9 at finde ud af, hvordan du kan tjekke de vindende numre. L\u00e6s videre for at finde ud af mere.<\/p>\n<h2>Trin for at spille Superenalotto online<\/h2>\n<p>At <a href=\"https:\/\/jackpotlotteryonline.com\/da\/saadan-spiller-du\/superenalotto\">spille Superenalotto online<\/a> er som at spille offline, men med st\u00f8rre bekvemmelighed og lethed. N\u00e5r du g\u00e5r til Superenalotto-siden p\u00e5 jackpotlotteryoneline.com, kan du v\u00e6lge 6 tal fra 1 til 90. Derefter skal du v\u00e6lge det antal tr\u00e6kninger, du vil deltage i, og du kan deltage op til 5 uger i forvejen. Jo flere tr\u00e6kninger du deltager i, jo st\u00f8rre er dine chancer for at vinde.<\/p>\n<p>Superenalotto afholder tre ugentlige tr\u00e6kninger tirsdag, torsdag og l\u00f8rdag. S\u00e5 du kan deltage i enten en af dem eller alle. Du kan v\u00e6lge et SuperStar-nummer for at forbedre dine chancer for at vinde i lotteriet. Der er ogs\u00e5 &#8220;Jolly-nummeret&#8221;, som er fra 1 til 90 og bruges til at bestemme vinderen af det andet niveau.<\/p>\n<h2>S\u00e5dan tjekker du dine vindertal<\/h2>\n<p><img loading=\"lazy\" decoding=\"async\" class=\"alignright size-full wp-image-31316\" src=\"https:\/\/jackpotlotteryonline.com\/wp-content\/uploads\/2022\/11\/logo_superenalotto.png\" alt=\"Superenalotto tr\u00e6kningsresultater\" width=\"200\" height=\"212\" \/>Der er forskellige m\u00e5der, hvorp\u00e5 du kan tjekke de vindende numre, n\u00e5r du spiller Superenalotto. Du kan se de direkte tr\u00e6kninger p\u00e5 tv, men det er kun muligt, hvis du bor i Italien og taler italiensk. Heldigvis kan du ogs\u00e5 tjekke vindernumrene online efter tr\u00e6kkningerne. De fleste nyhedssider vil offentligg\u00f8re resultaterne af tr\u00e6kningerne.<\/p>\n<p>Der er dog et par problemer med det. For det f\u00f8rste kan du nemt glemme at tjekke tr\u00e6kningsresultaterne. Der er historier om jackpotgevinster, som ikke blev afhentet, sandsynligvis fordi vinderne glemte at tjekke deres lodder. Desuden offentligg\u00f8r mange websteder kun vindernumrene for det f\u00f8rste niveau. De fleste lotterier har flere gevinstniveauer.<\/p>\n<p>Hvis du spiller Superenalotto hos os, beh\u00f8ver du ikke at bekymre dig om at g\u00e5 glip af nogen pr\u00e6mie. Ikke alene informerer vi dig, s\u00e5 snart du vinder en pr\u00e6mie, men du f\u00e5r ogs\u00e5 en meddelelse, n\u00e5r du logger ind. Desuden offentligg\u00f8r vi lotteriresultaterne umiddelbart efter tr\u00e6kningerne lige her p\u00e5 vores side. S\u00e5 kom tilbage efter tr\u00e6kningerne for at se, om du har de vindende tal til Superenalotto.<\/p>\n<h2>Superenalotto pr\u00e6mierettigheder<\/h2>\n<p>Vi har allerede n\u00e6vnt, at Superenalotto lotteriet har en jackpotpr\u00e6mie p\u00e5 2 millioner euro. Men vidste du, at der ikke er noget loft over jackpotbel\u00f8bet? Det betyder, at hvis der ikke er nogen vinder efter en tr\u00e6kning, forts\u00e6tter pr\u00e6mien med at rulle videre, indtil der er en vinder. Jackpotten rullede over s\u00e5 mange gange i 2019, at den n\u00e5ede op p\u00e5 et rekordstort bel\u00f8b p\u00e5 209,1 millioner euro.<\/p>\n<p>Udover jackpotten, som er pr\u00e6mien for f\u00f8rste niveau, er der andre pr\u00e6mier, som en spiller kan vinde. Pr\u00e6mierne bestemmes af pr\u00e6miepuljen, s\u00e5 der er ikke noget fast bel\u00f8b. Vi vil dog dele det gennemsnitlige bel\u00f8b pr. tr\u00e6kning.<\/p>\n<p>Match 6 &#8211; 92.056.091,66 \u20ac<\/p>\n<p>Match 5 + Jolly-nummer &#8211; 594.951,95 \u20ac<\/p>\n<p>Match 5 &#8211; 49 736,38 EUR<\/p>\n<p>Match 4 numre &#8211; 354,83 EUR<\/p>\n<p>Match 3 numre &#8211; 27,15 EUR<\/p>\n<p>Match 2 numre &#8211; 5,48 EUR<\/p>\n<section class=\"layout\" style=\"border: solid 1px; width: 100%;\">\n<div class=\"img-div\" style=\"margin-top: 5px;\"><img decoding=\"async\" class=\"wp-image-17212 alignleft\" style=\"height: 45px; margin: 8px 8px 0px;\" src=\"https:\/\/jackpotlotteryonline.com\/wp-content\/uploads\/2022\/11\/read1.jpg\" alt=\"l\u00e6s\" width=\"\" height=\"\" \/><\/div>\n<div style=\"padding-left: 5px;\">\n<div style=\"font-size: 1.1em;\">\n<p><strong>De lotterier, der har de bedste odds for, at du kan vinde stort<\/strong><\/p>\n<p style=\"font-size: 0.85em; margin-top: -1.5em;\">Hvilket lotteri har de bedste vinderchancer?\u00a0<a href=\"https:\/\/jackpotlotteryonline.com\/da\/hvilket-lotteri-har-de-bedste-vinderchancer\"> L\u00e6s mere<\/a><\/p>\n<\/div>\n<\/div>\n<\/section>\n<h2>G\u00f8r krav p\u00e5 din Superenalotto-gevinst<\/h2>\n<p>Da du spiller Superenalotto online, er det naturligt at spekulere p\u00e5, hvad der sker, n\u00e5r du vinder en gevinst. Her vil vi dele med dig, hvordan du kan kr\u00e6ve din Superenalotto gevinst, selvom du bor uden for Italien.<\/p>\n<p>N\u00e5r du spiller Superenalotto hos os, er det lige s\u00e5 enkelt at kr\u00e6ve dine gevinster som at logge ind p\u00e5 din konto her. For gevinster under \u20ac2500 kan du udbetale direkte fra vores platform til din konto. Det er virkelig enkelt og problemfrit, s\u00e5 du kan koncentrere dig om en vidunderlig lotterioplevelse.<\/p>\n<p>For h\u00f8jere bel\u00f8b skal du muligvis kontakte lotteriselskabet og udfylde en kravformular. Men vi vil v\u00e6re her for at guide dig gennem processen. S\u00e5 <a href=\"https:\/\/jackpotlotteryonline.com\/da\/koeb-billetter\/superenalotto\">k\u00f8b din Superenalotto-kupon i dag<\/a>, og v\u00e6lg dine vindertal.<\/p>\n","protected":false},"excerpt":{"rendered":"<p>Superenalotto er det nationale lotteri i Italien og er et popul\u00e6rt lotteri blandt spillerne i landet. Hvis du spiller fra et sted uden for Italien, er det en god id\u00e9 at finde ud af, hvordan du kan tjekke de vindende numre. L\u00e6s videre for at finde ud af mere. Trin for at spille Superenalotto online [&hellip;]<\/p>\n","protected":false},"author":1,"featured_media":0,"parent":35818,"menu_order":5,"comment_status":"closed","ping_status":"closed","template":"superenalotto-results.php","meta":{"_et_pb_use_builder":"","_et_pb_old_content":"","_et_gb_content_width":"","exclude_from_search":false,"footnotes":""},"class_list":["post-40702","page","type-page","status-publish","hentry"],"yoast_head":"<!-- This site is optimized with the Yoast SEO plugin v23.3 - https:\/\/yoast.com\/wordpress\/plugins\/seo\/ -->\n<title>Superenalotto vindertal og tr\u00e6kningsresultater<\/title>\n<meta name=\"description\" content=\"F\u00e5 tr\u00e6kningsresultater og vindernumre for Italiens Superenalotto, med daglige opdateringer her p\u00e5 vores lotteri hjemmeside\" \/>\n<meta name=\"robots\" content=\"index, follow, max-snippet:-1, max-image-preview:large, max-video-preview:-1\" \/>\n<link rel=\"canonical\" href=\"https:\/\/jackpotlotteryonline.com\/da\/vindernumre\/superenalotto\/\" \/>\n<meta property=\"og:locale\" content=\"da_DK\" \/>\n<meta property=\"og:type\" content=\"article\" \/>\n<meta property=\"og:title\" content=\"Superenalotto vindertal og tr\u00e6kningsresultater\" \/>\n<meta property=\"og:description\" content=\"F\u00e5 tr\u00e6kningsresultater og vindernumre for Italiens Superenalotto, med daglige opdateringer her p\u00e5 vores lotteri hjemmeside\" \/>\n<meta property=\"og:url\" content=\"https:\/\/jackpotlotteryonline.com\/da\/vindernumre\/superenalotto\/\" \/>\n<meta property=\"og:site_name\" content=\"Lotto Online - Crack The International Lottery Jackpots\" \/>\n<meta property=\"article:modified_time\" content=\"2022-12-27T09:35:24+00:00\" \/>\n<meta property=\"og:image\" content=\"https:\/\/jackpotlotteryonline.com\/wp-content\/uploads\/2022\/11\/logo_superenalotto.png\" \/>\n<meta name=\"twitter:card\" content=\"summary_large_image\" \/>\n<meta name=\"twitter:label1\" content=\"Estimeret l\u00e6setid\" \/>\n\t<meta name=\"twitter:data1\" content=\"3 minutter\" \/>\n<!-- \/ Yoast SEO plugin. -->","yoast_head_json":{"title":"Superenalotto vindertal og tr\u00e6kningsresultater","description":"F\u00e5 tr\u00e6kningsresultater og vindernumre for Italiens Superenalotto, med daglige opdateringer her p\u00e5 vores lotteri hjemmeside","robots":{"index":"index","follow":"follow","max-snippet":"max-snippet:-1","max-image-preview":"max-image-preview:large","max-video-preview":"max-video-preview:-1"},"canonical":"https:\/\/jackpotlotteryonline.com\/da\/vindernumre\/superenalotto\/","og_locale":"da_DK","og_type":"article","og_title":"Superenalotto vindertal og tr\u00e6kningsresultater","og_description":"F\u00e5 tr\u00e6kningsresultater og vindernumre for Italiens Superenalotto, med daglige opdateringer her p\u00e5 vores lotteri hjemmeside","og_url":"https:\/\/jackpotlotteryonline.com\/da\/vindernumre\/superenalotto\/","og_site_name":"Lotto Online - Crack The International Lottery Jackpots","article_modified_time":"2022-12-27T09:35:24+00:00","og_image":[{"url":"https:\/\/jackpotlotteryonline.com\/wp-content\/uploads\/2022\/11\/logo_superenalotto.png"}],"twitter_card":"summary_large_image","twitter_misc":{"Estimeret l\u00e6setid":"3 minutter"},"schema":{"@context":"https:\/\/schema.org","@graph":[{"@type":"WebPage","@id":"https:\/\/jackpotlotteryonline.com\/da\/vindernumre\/superenalotto\/","url":"https:\/\/jackpotlotteryonline.com\/da\/vindernumre\/superenalotto\/","name":"Superenalotto vindertal og tr\u00e6kningsresultater","isPartOf":{"@id":"https:\/\/jackpotlotteryonline.com\/#website"},"primaryImageOfPage":{"@id":"https:\/\/jackpotlotteryonline.com\/da\/vindernumre\/superenalotto\/#primaryimage"},"image":{"@id":"https:\/\/jackpotlotteryonline.com\/da\/vindernumre\/superenalotto\/#primaryimage"},"thumbnailUrl":"https:\/\/jackpotlotteryonline.com\/wp-content\/uploads\/2022\/11\/logo_superenalotto.png","datePublished":"2022-12-06T08:14:26+00:00","dateModified":"2022-12-27T09:35:24+00:00","description":"F\u00e5 tr\u00e6kningsresultater og vindernumre for Italiens Superenalotto, med daglige opdateringer her p\u00e5 vores lotteri hjemmeside","breadcrumb":{"@id":"https:\/\/jackpotlotteryonline.com\/da\/vindernumre\/superenalotto\/#breadcrumb"},"inLanguage":"da-DK","potentialAction":[{"@type":"ReadAction","target":["https:\/\/jackpotlotteryonline.com\/da\/vindernumre\/superenalotto\/"]}]},{"@type":"ImageObject","inLanguage":"da-DK","@id":"https:\/\/jackpotlotteryonline.com\/da\/vindernumre\/superenalotto\/#primaryimage","url":"https:\/\/jackpotlotteryonline.com\/wp-content\/uploads\/2022\/11\/logo_superenalotto.png","contentUrl":"https:\/\/jackpotlotteryonline.com\/wp-content\/uploads\/2022\/11\/logo_superenalotto.png"},{"@type":"BreadcrumbList","@id":"https:\/\/jackpotlotteryonline.com\/da\/vindernumre\/superenalotto\/#breadcrumb","itemListElement":[{"@type":"ListItem","position":1,"name":"Home","item":"https:\/\/jackpotlotteryonline.com\/da\/"},{"@type":"ListItem","position":2,"name":"Resultater af lotteriet","item":"https:\/\/jackpotlotteryonline.com\/winning-numbers\/"},{"@type":"ListItem","position":3,"name":"Superenalotto lodtr\u00e6kningsresultater"}]},{"@type":"WebSite","@id":"https:\/\/jackpotlotteryonline.com\/#website","url":"https:\/\/jackpotlotteryonline.com\/","name":"Lotto Online - Crack The International Lottery Jackpots","description":"","potentialAction":[{"@type":"SearchAction","target":{"@type":"EntryPoint","urlTemplate":"https:\/\/jackpotlotteryonline.com\/?s={search_term_string}"},"query-input":"required name=search_term_string"}],"inLanguage":"da-DK"}]}},"_links":{"self":[{"href":"https:\/\/jackpotlotteryonline.com\/da\/wp-json\/wp\/v2\/pages\/40702","targetHints":{"allow":["GET"]}}],"collection":[{"href":"https:\/\/jackpotlotteryonline.com\/da\/wp-json\/wp\/v2\/pages"}],"about":[{"href":"https:\/\/jackpotlotteryonline.com\/da\/wp-json\/wp\/v2\/types\/page"}],"author":[{"embeddable":true,"href":"https:\/\/jackpotlotteryonline.com\/da\/wp-json\/wp\/v2\/users\/1"}],"replies":[{"embeddable":true,"href":"https:\/\/jackpotlotteryonline.com\/da\/wp-json\/wp\/v2\/comments?post=40702"}],"version-history":[{"count":0,"href":"https:\/\/jackpotlotteryonline.com\/da\/wp-json\/wp\/v2\/pages\/40702\/revisions"}],"up":[{"embeddable":true,"href":"https:\/\/jackpotlotteryonline.com\/da\/wp-json\/wp\/v2\/pages\/35818"}],"wp:attachment":[{"href":"https:\/\/jackpotlotteryonline.com\/da\/wp-json\/wp\/v2\/media?parent=40702"}],"curies":[{"name":"wp","href":"https:\/\/api.w.org\/{rel}","templated":true}]}}