{"id":40755,"date":"2022-12-06T09:41:28","date_gmt":"2022-12-06T09:41:28","guid":{"rendered":"https:\/\/jackpotlotteryonline.com\/?page_id=40755"},"modified":"2022-12-28T13:27:42","modified_gmt":"2022-12-28T13:27:42","slug":"la-primitiva","status":"publish","type":"page","link":"https:\/\/jackpotlotteryonline.com\/da\/vindernumre\/la-primitiva\/","title":{"rendered":"La Primitiva lodtr\u00e6kningsresultater"},"content":{"rendered":"<h2>S\u00e5dan v\u00e6lger du La Primitiva vindertal<\/h2>\n<p>Hvis du vil spille La Primitiva, skal du f\u00f8rst og fremmest v\u00e6lge 6 tal fra 1 til 49. Derudover skal du v\u00e6lge 1 nummer fra 0-9. Dette ekstra nummer kaldes Reintegro-nummeret. Der er ogs\u00e5 Complemantario-tallet, og det bruges til at bestemme nogle af pr\u00e6mieomr\u00e5derne.<\/p>\n<p>Der er flere metoder, som spillerne bruger til at v\u00e6lge deres La Primitiva-numre. Nogle foretr\u00e6kker at v\u00e6lge tal, der har en s\u00e6rlig betydning for dem. Som f.eks. deres f\u00f8dselsdage eller jubil\u00e6er. Andre v\u00e6lger bare tilf\u00e6ldige tal og h\u00e5ber, at heldet vil v\u00e6re p\u00e5 deres side. Da La Primitiva ligesom ethvert lotteri er et spil om held, kan ingen bebrejde dem det.<\/p>\n<section class=\"layout\" style=\"border: solid 1px; width: 100%;\">\n<div class=\"img-div\" style=\"margin-top: 5px;\"><img decoding=\"async\" class=\"wp-image-17212 alignleft\" style=\"height: 45px; margin: 8px 8px 0px;\" src=\"http:\/\/jackpotlotteryonline.com\/wp-content\/uploads\/2022\/11\/read1.jpg\" alt=\"l\u00e6s\" width=\"\" height=\"\" \/><\/div>\n<div style=\"padding-left: 5px;\">\n<div style=\"font-size: 1.1em;\">\n<p><strong>Tips om lotteri<\/strong><\/p>\n<p style=\"font-size: 0.85em; margin-top: -1.5em;\">Tips, der hj\u00e6lper dig med at vinde i lotteriet\u00a0 <a href=\"https:\/\/jackpotlotteryonline.com\/da\/tips-der-hjaelper-dig-med-at-vinde-i-lotteriet\">L\u00e6s mere<\/a><\/p>\n<\/div>\n<\/div>\n<\/section>\n<h2>At vinde La Primitiva<\/h2>\n<p>La Primitiva har tre tr\u00e6kninger om ugen, mandag, torsdag og l\u00f8rdag. N\u00e5r du har valgt dine numre, er det n\u00e6ste skridt at deltage i de tr\u00e6kninger, du har valgt. Efter tr\u00e6kningerne vinder den kupon, der matcher de udtrukne resultater, lotteriet.<\/p>\n<p>At g\u00e5 hjem med en pr\u00e6mie har derfor meget at g\u00f8re med de tal, du v\u00e6lger.<\/p>\n<p>For at vinde La Primitiva-jackpotten skal en spiller matche alle 7 tal (de 6 hovedtal og Reintegro-tallet). Jackpotbel\u00f8bet starter ved 5 millioner euro. Hvis der er mere end \u00e9n vinder, deles bel\u00f8bet mellem vinderne. Her er de pr\u00e6mier, som spillerne kan vinde.<br \/>\n<img loading=\"lazy\" decoding=\"async\" class=\"alignright size-full wp-image-27671\" src=\"http:\/\/jackpotlotteryonline.com\/wp-content\/uploads\/2022\/11\/1_lottery_online_winner3.jpg\" alt=\"Vind La Primitiva\" width=\"300\" height=\"300\" srcset=\"https:\/\/jackpotlotteryonline.com\/wp-content\/uploads\/2022\/11\/1_lottery_online_winner3.jpg 300w, https:\/\/jackpotlotteryonline.com\/wp-content\/uploads\/2022\/11\/1_lottery_online_winner3-100x100.jpg 100w, https:\/\/jackpotlotteryonline.com\/wp-content\/uploads\/2022\/11\/1_lottery_online_winner3-150x150.jpg 150w\" sizes=\"auto, (max-width: 300px) 100vw, 300px\" \/><\/p>\n<p>Jackpot &#8211; Match 6 + Reintegro<\/p>\n<p>Division 1 &#8211; kun match 6<\/p>\n<p>Division 2 &#8211; Match 5 + gratis nummer<\/p>\n<p>Division 3 &#8211; Kun match 5<\/p>\n<p>Afdeling 4 &#8211; Kun kamp 4<\/p>\n<p>Afdeling 5 &#8211; kun kamp 3<\/p>\n<p>Reintegro &#8211; kun kamp med Reintegro-nummeret<\/p>\n<h2>Spille La Primitiva online med jackpotlotteryonline.com<\/h2>\n<p>N\u00e5r du <a href=\"https:\/\/jackpotlotteryonline.com\/da\/saadan-spiller-du\/la-primitiva-2\">spiller La Primitiva-lotteriet<\/a> hos os, f\u00e5r du ikke kun adgang til La Primitiva, men ogs\u00e5 til tr\u00e6kningsresultaterne. At spille online \u00e5bner en verden af muligheder for b\u00e5de erfarne spillere og nybegyndere. Vi tilbyder en bekvem m\u00e5de at k\u00f8be dine lottokuponer p\u00e5, tjekke dine resultater og f\u00e5 adgang til dine gevinster. Men det kommer vi til om et \u00f8jeblik.<\/p>\n<p>Du kan nemt <a href=\"https:\/\/jackpotlotteryonline.com\/da\/koeb-billetter\/la-primitiva\">k\u00f8be din La Primitiva-lotteriseddel ved<\/a> at g\u00e5 til lotterisiden og v\u00e6lge dine vindercifre. Hvis du ikke er sikker p\u00e5, hvad du skal v\u00e6lge, kan du bruge vores autogenerator til at v\u00e6lge tilf\u00e6ldige cifre. Herefter skal du indtaste de tr\u00e6kninger, du \u00f8nsker, og hvis du ikke allerede er registreret hos os, skal du oprette en konto.<\/p>\n<p>Tilmelding er et vigtigt skridt, og du har brug for en konto af f\u00f8lgende grunde:<\/p>\n<ul>\n<li>For at gemme din digitale billet<\/li>\n<li>For at oprette automatiske lodtr\u00e6kningstilmeldinger<\/li>\n<li>For at f\u00e5 meddelelser, n\u00e5r du vinder pr\u00e6mier<\/li>\n<\/ul>\n<h2>For at tjekke dine La Primitiva-lotteriresultater<\/h2>\n<p>Det har aldrig v\u00e6ret nemmere at tjekke dine La Primitiva-resultater, n\u00e5r du spiller online hos os. Efter hver tr\u00e6kning offentligg\u00f8r vi tr\u00e6kkningsresultaterne lige her p\u00e5 vores side. Derudover giver vi dig dog besked via e-mail, n\u00e5r du vinder en pr\u00e6mie. S\u00e5 du beh\u00f8ver aldrig mere at g\u00e5 glip af at hente din pr\u00e6mie.<\/p>\n<h2>G\u00f8r krav p\u00e5 din gevinst<\/h2>\n<p>Den m\u00e5ske mest interessante del af at spille La Primitiva online er, at du ikke beh\u00f8ver at tage til Spanien for at kr\u00e6ve dine gevinster. For gevinster, der er mindre end 2.500 \u20ac, kan du blot udbetale fra vores platform til din konto.<\/p>\n<p>Spil lotteriet med os for at tjekke dine La Primitiva vindertal online.<\/p>\n","protected":false},"excerpt":{"rendered":"<p>S\u00e5dan v\u00e6lger du La Primitiva vindertal Hvis du vil spille La Primitiva, skal du f\u00f8rst og fremmest v\u00e6lge 6 tal fra 1 til 49. Derudover skal du v\u00e6lge 1 nummer fra 0-9. Dette ekstra nummer kaldes Reintegro-nummeret. Der er ogs\u00e5 Complemantario-tallet, og det bruges til at bestemme nogle af pr\u00e6mieomr\u00e5derne. Der er flere metoder, som [&hellip;]<\/p>\n","protected":false},"author":1,"featured_media":0,"parent":35818,"menu_order":7,"comment_status":"closed","ping_status":"closed","template":"la-primitiva-results.php","meta":{"_et_pb_use_builder":"","_et_pb_old_content":"","_et_gb_content_width":"","exclude_from_search":false,"footnotes":""},"class_list":["post-40755","page","type-page","status-publish","hentry"],"yoast_head":"<!-- This site is optimized with the Yoast SEO plugin v23.3 - https:\/\/yoast.com\/wordpress\/plugins\/seo\/ -->\n<title>La Primitiva vindertal og tr\u00e6kningsresultater<\/title>\n<meta name=\"description\" content=\"Spaniens La Primitiva-lotteri - alle tr\u00e6kningsresultater og vindernumre samt et arkiv med resultater, alt sammen p\u00e5 \u00e9t enkelt websted\" \/>\n<meta name=\"robots\" content=\"index, follow, max-snippet:-1, max-image-preview:large, max-video-preview:-1\" \/>\n<link rel=\"canonical\" href=\"https:\/\/jackpotlotteryonline.com\/da\/vindernumre\/la-primitiva\/\" \/>\n<meta property=\"og:locale\" content=\"da_DK\" \/>\n<meta property=\"og:type\" content=\"article\" \/>\n<meta property=\"og:title\" content=\"La Primitiva vindertal og tr\u00e6kningsresultater\" \/>\n<meta property=\"og:description\" content=\"Spaniens La Primitiva-lotteri - alle tr\u00e6kningsresultater og vindernumre samt et arkiv med resultater, alt sammen p\u00e5 \u00e9t enkelt websted\" \/>\n<meta property=\"og:url\" content=\"https:\/\/jackpotlotteryonline.com\/da\/vindernumre\/la-primitiva\/\" \/>\n<meta property=\"og:site_name\" content=\"Lotto Online - Crack The International Lottery Jackpots\" \/>\n<meta property=\"article:modified_time\" content=\"2022-12-28T13:27:42+00:00\" \/>\n<meta property=\"og:image\" content=\"http:\/\/jackpotlotteryonline.com\/wp-content\/uploads\/2022\/11\/read1.jpg\" \/>\n<meta name=\"twitter:card\" content=\"summary_large_image\" \/>\n<meta name=\"twitter:label1\" content=\"Estimeret l\u00e6setid\" \/>\n\t<meta name=\"twitter:data1\" content=\"3 minutter\" \/>\n<!-- \/ Yoast SEO plugin. -->","yoast_head_json":{"title":"La Primitiva vindertal og tr\u00e6kningsresultater","description":"Spaniens La Primitiva-lotteri - alle tr\u00e6kningsresultater og vindernumre samt et arkiv med resultater, alt sammen p\u00e5 \u00e9t enkelt websted","robots":{"index":"index","follow":"follow","max-snippet":"max-snippet:-1","max-image-preview":"max-image-preview:large","max-video-preview":"max-video-preview:-1"},"canonical":"https:\/\/jackpotlotteryonline.com\/da\/vindernumre\/la-primitiva\/","og_locale":"da_DK","og_type":"article","og_title":"La Primitiva vindertal og tr\u00e6kningsresultater","og_description":"Spaniens La Primitiva-lotteri - alle tr\u00e6kningsresultater og vindernumre samt et arkiv med resultater, alt sammen p\u00e5 \u00e9t enkelt websted","og_url":"https:\/\/jackpotlotteryonline.com\/da\/vindernumre\/la-primitiva\/","og_site_name":"Lotto Online - Crack The International Lottery Jackpots","article_modified_time":"2022-12-28T13:27:42+00:00","og_image":[{"url":"http:\/\/jackpotlotteryonline.com\/wp-content\/uploads\/2022\/11\/read1.jpg"}],"twitter_card":"summary_large_image","twitter_misc":{"Estimeret l\u00e6setid":"3 minutter"},"schema":{"@context":"https:\/\/schema.org","@graph":[{"@type":"WebPage","@id":"https:\/\/jackpotlotteryonline.com\/da\/vindernumre\/la-primitiva\/","url":"https:\/\/jackpotlotteryonline.com\/da\/vindernumre\/la-primitiva\/","name":"La Primitiva vindertal og tr\u00e6kningsresultater","isPartOf":{"@id":"https:\/\/jackpotlotteryonline.com\/#website"},"primaryImageOfPage":{"@id":"https:\/\/jackpotlotteryonline.com\/da\/vindernumre\/la-primitiva\/#primaryimage"},"image":{"@id":"https:\/\/jackpotlotteryonline.com\/da\/vindernumre\/la-primitiva\/#primaryimage"},"thumbnailUrl":"http:\/\/jackpotlotteryonline.com\/wp-content\/uploads\/2022\/11\/read1.jpg","datePublished":"2022-12-06T09:41:28+00:00","dateModified":"2022-12-28T13:27:42+00:00","description":"Spaniens La Primitiva-lotteri - alle tr\u00e6kningsresultater og vindernumre samt et arkiv med resultater, alt sammen p\u00e5 \u00e9t enkelt websted","breadcrumb":{"@id":"https:\/\/jackpotlotteryonline.com\/da\/vindernumre\/la-primitiva\/#breadcrumb"},"inLanguage":"da-DK","potentialAction":[{"@type":"ReadAction","target":["https:\/\/jackpotlotteryonline.com\/da\/vindernumre\/la-primitiva\/"]}]},{"@type":"ImageObject","inLanguage":"da-DK","@id":"https:\/\/jackpotlotteryonline.com\/da\/vindernumre\/la-primitiva\/#primaryimage","url":"http:\/\/jackpotlotteryonline.com\/wp-content\/uploads\/2022\/11\/read1.jpg","contentUrl":"http:\/\/jackpotlotteryonline.com\/wp-content\/uploads\/2022\/11\/read1.jpg"},{"@type":"BreadcrumbList","@id":"https:\/\/jackpotlotteryonline.com\/da\/vindernumre\/la-primitiva\/#breadcrumb","itemListElement":[{"@type":"ListItem","position":1,"name":"Home","item":"https:\/\/jackpotlotteryonline.com\/da\/"},{"@type":"ListItem","position":2,"name":"Resultater af lotteriet","item":"https:\/\/jackpotlotteryonline.com\/winning-numbers\/"},{"@type":"ListItem","position":3,"name":"La Primitiva lodtr\u00e6kningsresultater"}]},{"@type":"WebSite","@id":"https:\/\/jackpotlotteryonline.com\/#website","url":"https:\/\/jackpotlotteryonline.com\/","name":"Lotto Online - Crack The International Lottery Jackpots","description":"","potentialAction":[{"@type":"SearchAction","target":{"@type":"EntryPoint","urlTemplate":"https:\/\/jackpotlotteryonline.com\/?s={search_term_string}"},"query-input":"required name=search_term_string"}],"inLanguage":"da-DK"}]}},"_links":{"self":[{"href":"https:\/\/jackpotlotteryonline.com\/da\/wp-json\/wp\/v2\/pages\/40755","targetHints":{"allow":["GET"]}}],"collection":[{"href":"https:\/\/jackpotlotteryonline.com\/da\/wp-json\/wp\/v2\/pages"}],"about":[{"href":"https:\/\/jackpotlotteryonline.com\/da\/wp-json\/wp\/v2\/types\/page"}],"author":[{"embeddable":true,"href":"https:\/\/jackpotlotteryonline.com\/da\/wp-json\/wp\/v2\/users\/1"}],"replies":[{"embeddable":true,"href":"https:\/\/jackpotlotteryonline.com\/da\/wp-json\/wp\/v2\/comments?post=40755"}],"version-history":[{"count":0,"href":"https:\/\/jackpotlotteryonline.com\/da\/wp-json\/wp\/v2\/pages\/40755\/revisions"}],"up":[{"embeddable":true,"href":"https:\/\/jackpotlotteryonline.com\/da\/wp-json\/wp\/v2\/pages\/35818"}],"wp:attachment":[{"href":"https:\/\/jackpotlotteryonline.com\/da\/wp-json\/wp\/v2\/media?parent=40755"}],"curies":[{"name":"wp","href":"https:\/\/api.w.org\/{rel}","templated":true}]}}