{"id":40807,"date":"2022-12-06T11:54:22","date_gmt":"2022-12-06T11:54:22","guid":{"rendered":"https:\/\/jackpotlotteryonline.com\/?page_id=40807"},"modified":"2022-12-28T10:21:27","modified_gmt":"2022-12-28T10:21:27","slug":"el-gordo-draw-results","status":"publish","type":"page","link":"https:\/\/jackpotlotteryonline.com\/da\/vindernumre\/el-gordo-draw-results\/","title":{"rendered":"Resultater af lodtr\u00e6kningen i El Gordo"},"content":{"rendered":"<p>Lotterientusiaster bliver begejstrede, n\u00e5r de h\u00f8rer om El Gordo, ikke kun fordi det er et af de st\u00f8rste europ\u00e6iske lotterier. El Gordo er moderen til alle lotterier af den simple grund, at tr\u00e6kningerne finder sted en gang om \u00e5ret. Faktisk er det en del af det spanske lotteri, og hvert \u00e5r afholdes der en s\u00e6rlig juletr\u00e6kning. Det er en begivenhed, der er fyldt med sp\u00e6nding og gennemsyret af traditioner. Det bringer familier, kvarterer og hele samfund sammen for at fejre julen. For spillere i Spanien er juletiden den tid, hvor de skal holde \u00f8je med El Gordo-gevinstnumrene.<\/p>\n<p>El Gordo er typisk et lotteri, der finder sted i Spanien. Det betyder, at hvis du ikke bor i det land, vil du have sv\u00e6rt ved at k\u00f8be El Gordo-lodder. Det har \u00e6ndret sig, fordi du nu kan tjekke El Gordo vindernumre p\u00e5 internettet.<\/p>\n<h2>At spille El Gordo<\/h2>\n<p><img loading=\"lazy\" decoding=\"async\" class=\"alignright size-full wp-image-17870\" src=\"https:\/\/jackpotlotteryonline.com\/wp-content\/uploads\/2022\/10\/lotto_euros.jpg\" alt=\"At spille El Gordo\" width=\"225\" height=\"134\" \/>El Gordo betyder &#8220;den store&#8221;, og det er verdens st\u00f8rste jackpot. Det s\u00e6rlige ved dette lotteri er, at jackpotten nu kun vindes af \u00e9n person. Det skyldes, at lodderne er delt op i s\u00e5 mange br\u00f8kdele. Faktisk er det denne del af det at spille El Gordo, der kan v\u00e6re lidt forvirrende. Hver El Gordo-kupon er opdelt i 10 sektioner, og hver af disse sektioner er yderligere opdelt.<\/p>\n<p>Den billigste El Gordo-billet, du kan k\u00f8be, er 1\/100 af en hel billet.<\/p>\n<p>For at finde ud af mere om at<a href=\"https:\/\/jackpotlotteryonline.com\/da\/saadan-spiller-du\/spil-el-gordo-lotto-spanien\"> spille El Gordo<\/a>, bes\u00f8g jackpotlotteryonline.com og <a href=\"https:\/\/jackpotlotteryonline.com\/da\/koeb-billetter\/el-gordo\">k\u00f8b dine billetter nu<\/a>. Det er meget sjovt at spille El Gordo, is\u00e6r n\u00e5r du spiller online.<\/p>\n<h2>Spille online<\/h2>\n<p>Hvis du er klar til at deltage i El Gordo-lotteriet, skal du bes\u00f8ge vores hjemmeside og v\u00e6lge dine vindercifre. Alt du skal g\u00f8re er at v\u00e6lge 6 fra 1 til 49. Du kan selvf\u00f8lgelig lade vores automatiske v\u00e6lger g\u00f8re det for dig, hvis du ikke har noget bestemt, du vil spille. G\u00e5 derefter ind i tr\u00e6kningerne og vent p\u00e5 El Gordo vinderresultaterne.<\/p>\n<h2>S\u00e5dan vinder du El Gordo<\/h2>\n<p>At vinde El Gordo betyder simpelthen, at du har den vindende kombination. Hvis dine cifre matcher det, der er trukket, er du derfor vinder af El Gordo-lotteriet.<\/p>\n<p>Der er flere strategier, som spillerne bruger til at v\u00e6lge vinderkombinationer til El Gordo. En af dem er ved at v\u00e6lge cifre, som de anser for at v\u00e6re heldige. For nogle er det deres f\u00f8dselsdage eller deres elskedes f\u00f8dselsdage. Det kan v\u00e6re et hvilket som helst tal, der er specielt for dig. Andre spillere foretr\u00e6kker at stole helt p\u00e5 tilf\u00e6ldigt genererede tal. Uanset hvad du v\u00e6lger, er det op til dig.<\/p>\n<p>En anden m\u00e5de at v\u00e6lge en vindende kombination til El Gordo er at se p\u00e5 tidligere resultater. Dette vil is\u00e6r hj\u00e6lpe dig, hvis du er en hyppig spiller. For mange spillere er det altid en god spilplan at k\u00f8be flere billetter. Du kan altid danne en gruppe af dine venner eller familie og k\u00f8be El Gordo billetter.<\/p>\n<h2>S\u00e5dan tjekker du de vindende numre<\/h2>\n<p><img loading=\"lazy\" decoding=\"async\" class=\"alignright size-full wp-image-30668\" src=\"https:\/\/jackpotlotteryonline.com\/wp-content\/uploads\/2022\/11\/3_screen_lottery_results_online.jpg\" alt=\"Vinder El Gordo\" width=\"130\" height=\"120\" \/>N\u00e5r du har k\u00f8bt din El Gordo-billet, er det n\u00e6ste skridt at vente p\u00e5 El Gordo-tr\u00e6kningerne. Efter tr\u00e6kningerne er det vigtigt at tjekke, om du har fundet de vindende kombinationer. Der er flere historier om jackpots, der ikke blev afhentet, fordi vinderne aldrig tjekkede deres lottokuponer. Hvis du spiller hos os, beh\u00f8ver du aldrig at bekymre dig om, at det kan ske for dig.<\/p>\n<p>Efter hver tr\u00e6kning offentligg\u00f8r vi vinderresultaterne lige her p\u00e5 El Gordo-siden. En af de fejl, som nye lottospillere beg\u00e5r, er at undlade at tjekke, om de har vundet andre pr\u00e6mier.<\/p>\n<p>El Gordo-lotteriet har 17 forskellige pr\u00e6mieniveauer, og en spiller kan vinde en af dem. Hvis du spiller hos os, vil vi lade dig vide, om du har vundet nogen pr\u00e6mier. Det g\u00f8r vi via e-mail, plus at du f\u00e5r en meddelelse, n\u00e5r du logger ind p\u00e5 platformen.<\/p>\n<h2>Hvad sker der, hvis du vinder?<\/h2>\n<p>At vinde El Gordo er en vidunderlig oplevelse, fordi du f\u00f8ler, at du har v\u00e6ret en del af noget stort. Det er lidt som at v\u00e6re en del af historien, der er ved at blive til. Det er en endnu st\u00f8rre f\u00f8lelse, hvis du har k\u00f8bt El Gordo-billetter sammen med dine kolleger, kammerater eller familie. S\u00e5 kan I alle sammen g\u00e5 ud og fejre jeres sejr sammen.<\/p>\n<p>N\u00e5r det er sagt, er det meget nemt at udbetale dine El Gordo-gevinster, hvis du spiller p\u00e5 vores side. Det er blot et sp\u00f8rgsm\u00e5l om at udbetale din gevinst til din online konto. Hvis du vinder mere end et vist bel\u00f8b, skal du muligvis udfylde en kravformular for at f\u00e5 din gevinst fra lotteriselskabet. Men det er derfor, vi er her, for at g\u00f8re tingene let for dig.<\/p>\n<section class=\"layout\" style=\"border: solid 1px; width: 100%;\">\n<div class=\"img-div\" style=\"margin-top: 5px;\"><img decoding=\"async\" class=\"wp-image-17212 alignleft\" style=\"height: 45px; margin: 8px 8px 0px;\" src=\"https:\/\/jackpotlotteryonline.com\/wp-content\/uploads\/2022\/11\/read1.jpg\" alt=\"l\u00e6s\" width=\"\" height=\"\" \/><\/div>\n<div style=\"padding-left: 5px;\">\n<div style=\"font-size: 1.1em;\">\n<p><strong>Skatter p\u00e5 gevinster fra lotterier<\/strong><\/p>\n<p style=\"font-size: 0.85em; margin-top: -1.5em;\">Skal jeg betale skat af lotterigevinster? <a href=\"https:\/\/jackpotlotteryonline.com\/da\/skal-jeg-betale-skat-af-lottogevinster\">L\u00e6s mere<\/a><\/p>\n<\/div>\n<\/div>\n<\/section>\n<h2>Hvorfor du b\u00f8r spille El Gordo online med os<\/h2>\n<p>Der er s\u00e5 mange grunde til, at vores kunder elsker at spille lotteri hos os.<\/p>\n<ul>\n<li>At k\u00f8be din El Gordo-lodseddel er lige s\u00e5 nemt som et par tryk p\u00e5 din mobilenhed. Ingen stress og helt bekvemt.<\/li>\n<li>Du kan tjekke dine El Gordo vinderkombinationer lige her uden at g\u00e5 andre steder hen.<\/li>\n<li>Vi giver dig besked, s\u00e5 snart du vinder en gevinst, uanset bel\u00f8bet.<\/li>\n<li>Hvis du vinder en pr\u00e6mie, kan du udbetale den fra vores platform til din konto.<\/li>\n<\/ul>\n<p>Vi g\u00f8r det bogstaveligt talt nemt for vores kunder at have det sjovt og nyde at spille lotteri. Sandheden er, at der er s\u00e5 mange andre ting i livet, der er sv\u00e6re, at vinde i lotteriet beh\u00f8ver ikke at v\u00e6re det.<\/p>\n<h2>Tjek dine vindertal<\/h2>\n<p>F\u00f8r du k\u00f8ber din kupon, skal du vide, at vi giver vores kunder adgang til de rigtige gevinster. N\u00e5r du spiller hos os, satser du ikke bare p\u00e5 resultatet af lotteriet. Vi s\u00f8rger for, at du har deltaget i lotteriet. Det g\u00f8r vi ved at k\u00f8re et concierge-system, hvor vores agent i Spanien k\u00f8ber tilsvarende numre til dine.<\/p>\n<p>N\u00e5r du har El Gordo vindernumre, betyder det, at du har vundet i lotteriet. S\u00e5 ligetil er det faktisk. Vi arbejder h\u00e5rdt for at sikre, at du ikke beh\u00f8ver at bekymre dig om detaljerne. S\u00e5 vi tager os af de sm\u00e5 ting, s\u00e5 du kan fokusere p\u00e5 det, der er vigtigst for dig.<\/p>\n<p>Bes\u00f8g os i dag og tjek de vindende numre til de bedste internationale lotterier lige her. Eller k\u00f8b El Gordo-sedler og returner dem for at f\u00e5 de vindende numre.<\/p>\n","protected":false},"excerpt":{"rendered":"<p>Lotterientusiaster bliver begejstrede, n\u00e5r de h\u00f8rer om El Gordo, ikke kun fordi det er et af de st\u00f8rste europ\u00e6iske lotterier. El Gordo er moderen til alle lotterier af den simple grund, at tr\u00e6kningerne finder sted en gang om \u00e5ret. Faktisk er det en del af det spanske lotteri, og hvert \u00e5r afholdes der en s\u00e6rlig [&hellip;]<\/p>\n","protected":false},"author":1,"featured_media":0,"parent":35818,"menu_order":6,"comment_status":"closed","ping_status":"closed","template":"el-gordo-results.php","meta":{"_et_pb_use_builder":"","_et_pb_old_content":"","_et_gb_content_width":"","exclude_from_search":false,"footnotes":""},"class_list":["post-40807","page","type-page","status-publish","hentry"],"yoast_head":"<!-- This site is optimized with the Yoast SEO plugin v23.3 - https:\/\/yoast.com\/wordpress\/plugins\/seo\/ -->\n<title>El Gordo vindernumre og tr\u00e6kningsresultater<\/title>\n<meta name=\"description\" content=\"Resultater, vindernumre for El Gordo tr\u00e6kning - denne uge samt tidligere ugers resultater\" \/>\n<meta name=\"robots\" content=\"index, follow, max-snippet:-1, max-image-preview:large, max-video-preview:-1\" \/>\n<link rel=\"canonical\" href=\"https:\/\/jackpotlotteryonline.com\/da\/vindernumre\/el-gordo-draw-results\/\" \/>\n<meta property=\"og:locale\" content=\"da_DK\" \/>\n<meta property=\"og:type\" content=\"article\" \/>\n<meta property=\"og:title\" content=\"El Gordo vindernumre og tr\u00e6kningsresultater\" \/>\n<meta property=\"og:description\" content=\"Resultater, vindernumre for El Gordo tr\u00e6kning - denne uge samt tidligere ugers resultater\" \/>\n<meta property=\"og:url\" content=\"https:\/\/jackpotlotteryonline.com\/da\/vindernumre\/el-gordo-draw-results\/\" \/>\n<meta property=\"og:site_name\" content=\"Lotto Online - Crack The International Lottery Jackpots\" \/>\n<meta property=\"article:modified_time\" content=\"2022-12-28T10:21:27+00:00\" \/>\n<meta property=\"og:image\" content=\"https:\/\/jackpotlotteryonline.com\/wp-content\/uploads\/2022\/10\/lotto_euros.jpg\" \/>\n<meta name=\"twitter:card\" content=\"summary_large_image\" \/>\n<meta name=\"twitter:label1\" content=\"Estimeret l\u00e6setid\" \/>\n\t<meta name=\"twitter:data1\" content=\"5 minutter\" \/>\n<!-- \/ Yoast SEO plugin. -->","yoast_head_json":{"title":"El Gordo vindernumre og tr\u00e6kningsresultater","description":"Resultater, vindernumre for El Gordo tr\u00e6kning - denne uge samt tidligere ugers resultater","robots":{"index":"index","follow":"follow","max-snippet":"max-snippet:-1","max-image-preview":"max-image-preview:large","max-video-preview":"max-video-preview:-1"},"canonical":"https:\/\/jackpotlotteryonline.com\/da\/vindernumre\/el-gordo-draw-results\/","og_locale":"da_DK","og_type":"article","og_title":"El Gordo vindernumre og tr\u00e6kningsresultater","og_description":"Resultater, vindernumre for El Gordo tr\u00e6kning - denne uge samt tidligere ugers resultater","og_url":"https:\/\/jackpotlotteryonline.com\/da\/vindernumre\/el-gordo-draw-results\/","og_site_name":"Lotto Online - Crack The International Lottery Jackpots","article_modified_time":"2022-12-28T10:21:27+00:00","og_image":[{"url":"https:\/\/jackpotlotteryonline.com\/wp-content\/uploads\/2022\/10\/lotto_euros.jpg"}],"twitter_card":"summary_large_image","twitter_misc":{"Estimeret l\u00e6setid":"5 minutter"},"schema":{"@context":"https:\/\/schema.org","@graph":[{"@type":"WebPage","@id":"https:\/\/jackpotlotteryonline.com\/da\/vindernumre\/el-gordo-draw-results\/","url":"https:\/\/jackpotlotteryonline.com\/da\/vindernumre\/el-gordo-draw-results\/","name":"El Gordo vindernumre og tr\u00e6kningsresultater","isPartOf":{"@id":"https:\/\/jackpotlotteryonline.com\/#website"},"primaryImageOfPage":{"@id":"https:\/\/jackpotlotteryonline.com\/da\/vindernumre\/el-gordo-draw-results\/#primaryimage"},"image":{"@id":"https:\/\/jackpotlotteryonline.com\/da\/vindernumre\/el-gordo-draw-results\/#primaryimage"},"thumbnailUrl":"https:\/\/jackpotlotteryonline.com\/wp-content\/uploads\/2022\/10\/lotto_euros.jpg","datePublished":"2022-12-06T11:54:22+00:00","dateModified":"2022-12-28T10:21:27+00:00","description":"Resultater, vindernumre for El Gordo tr\u00e6kning - denne uge samt tidligere ugers resultater","breadcrumb":{"@id":"https:\/\/jackpotlotteryonline.com\/da\/vindernumre\/el-gordo-draw-results\/#breadcrumb"},"inLanguage":"da-DK","potentialAction":[{"@type":"ReadAction","target":["https:\/\/jackpotlotteryonline.com\/da\/vindernumre\/el-gordo-draw-results\/"]}]},{"@type":"ImageObject","inLanguage":"da-DK","@id":"https:\/\/jackpotlotteryonline.com\/da\/vindernumre\/el-gordo-draw-results\/#primaryimage","url":"https:\/\/jackpotlotteryonline.com\/wp-content\/uploads\/2022\/10\/lotto_euros.jpg","contentUrl":"https:\/\/jackpotlotteryonline.com\/wp-content\/uploads\/2022\/10\/lotto_euros.jpg"},{"@type":"BreadcrumbList","@id":"https:\/\/jackpotlotteryonline.com\/da\/vindernumre\/el-gordo-draw-results\/#breadcrumb","itemListElement":[{"@type":"ListItem","position":1,"name":"Home","item":"https:\/\/jackpotlotteryonline.com\/da\/"},{"@type":"ListItem","position":2,"name":"Resultater af lotteriet","item":"https:\/\/jackpotlotteryonline.com\/winning-numbers\/"},{"@type":"ListItem","position":3,"name":"Resultater af lodtr\u00e6kningen i El Gordo"}]},{"@type":"WebSite","@id":"https:\/\/jackpotlotteryonline.com\/#website","url":"https:\/\/jackpotlotteryonline.com\/","name":"Lotto Online - Crack The International Lottery Jackpots","description":"","potentialAction":[{"@type":"SearchAction","target":{"@type":"EntryPoint","urlTemplate":"https:\/\/jackpotlotteryonline.com\/?s={search_term_string}"},"query-input":"required name=search_term_string"}],"inLanguage":"da-DK"}]}},"_links":{"self":[{"href":"https:\/\/jackpotlotteryonline.com\/da\/wp-json\/wp\/v2\/pages\/40807","targetHints":{"allow":["GET"]}}],"collection":[{"href":"https:\/\/jackpotlotteryonline.com\/da\/wp-json\/wp\/v2\/pages"}],"about":[{"href":"https:\/\/jackpotlotteryonline.com\/da\/wp-json\/wp\/v2\/types\/page"}],"author":[{"embeddable":true,"href":"https:\/\/jackpotlotteryonline.com\/da\/wp-json\/wp\/v2\/users\/1"}],"replies":[{"embeddable":true,"href":"https:\/\/jackpotlotteryonline.com\/da\/wp-json\/wp\/v2\/comments?post=40807"}],"version-history":[{"count":0,"href":"https:\/\/jackpotlotteryonline.com\/da\/wp-json\/wp\/v2\/pages\/40807\/revisions"}],"up":[{"embeddable":true,"href":"https:\/\/jackpotlotteryonline.com\/da\/wp-json\/wp\/v2\/pages\/35818"}],"wp:attachment":[{"href":"https:\/\/jackpotlotteryonline.com\/da\/wp-json\/wp\/v2\/media?parent=40807"}],"curies":[{"name":"wp","href":"https:\/\/api.w.org\/{rel}","templated":true}]}}