{"id":40865,"date":"2022-12-07T07:58:49","date_gmt":"2022-12-07T07:58:49","guid":{"rendered":"https:\/\/jackpotlotteryonline.com\/?page_id=40865"},"modified":"2022-12-28T15:32:50","modified_gmt":"2022-12-28T15:32:50","slug":"german-lotto","status":"publish","type":"page","link":"https:\/\/jackpotlotteryonline.com\/da\/vindernumre\/german-lotto\/","title":{"rendered":"Resultater af den tyske lottotr\u00e6kning"},"content":{"rendered":"<p>Resultater af den tyske lottotr\u00e6kningHvis du <a href=\"https:\/\/jackpotlotteryonline.com\/da\/saadan-spiller-du\/german-lotto\">har spillet tysk Lotto<\/a> eller \u00f8nsker at pr\u00f8ve det, er det vigtigt at kontrollere de vindende numre. At vinde i lotto er en livs\u00e6ndrende oplevelse.<\/p>\n<p>Det er kendt som 6 aus 49 eller 6 ud af 49 og er et af de mest popul\u00e6re lotterier i Europa. Med utrolige odds og livsforandrende jackpotpr\u00e6mier har dette tyske lotto ni forskellige pr\u00e6mieretninger.<\/p>\n<p>Det er nemt at spille, og du kan nu deltage i det tyske lotto fra hvor som helst i verden. Du kan ogs\u00e5 tjekke dine vindertal, n\u00e5r du spiller p\u00e5 jackpotlottoonline.com<\/p>\n<h2>S\u00e5dan spiller du det tyske lotto<\/h2>\n<p><img loading=\"lazy\" decoding=\"async\" class=\"alignright size-medium wp-image-29156\" src=\"https:\/\/jackpotlotteryonline.com\/wp-content\/uploads\/2022\/11\/1_play_lotto_to_win-300x214.jpg\" alt=\"deltage i tysk lotto for at vinde pr\u00e6mier\" width=\"300\" height=\"214\" srcset=\"https:\/\/jackpotlotteryonline.com\/wp-content\/uploads\/2022\/11\/1_play_lotto_to_win-300x214.jpg 300w, https:\/\/jackpotlotteryonline.com\/wp-content\/uploads\/2022\/11\/1_play_lotto_to_win.jpg 320w\" sizes=\"auto, (max-width: 300px) 100vw, 300px\" \/>Grundl\u00e6ggende skal spillerne blot v\u00e6lge 6 tal fra 1 til 49, og den, der matcher de udtrukne resultater, vinder jackpotten. Der er ogs\u00e5 et bonusciffer kaldet Supernummeret. Dette v\u00e6lges tilf\u00e6ldigt og bruges til at bestemme vinderne af tre niveauer, herunder jackpotten.<\/p>\n<p>Jackpotbel\u00f8bet er et garanteret bel\u00f8b p\u00e5 en million euro, men hvis der ikke er nogen vinder efter tr\u00e6kningerne, ruller det videre. Den tyske lottojackpot kan blive helt op til 14.000.000 euro, hvilket vi synes er ret fantastisk.<\/p>\n<h2>Spiller p\u00e5 jackpotlottoonline.com<\/h2>\n<p>N\u00e5r du <a href=\"https:\/\/jackpotlotteryonline.com\/da\/koeb-billetter\/lotto-germany\">k\u00f8ber en kupon hos os<\/a>, deltager du faktisk i lotto. Vi fungerer ikke som nogle online lotto sider, der blot giver spillerne mulighed for at satse p\u00e5 resultatet. Hvis du satser p\u00e5 resultatet, vinder du ikke lotto, selv om du f\u00e5r de vindende tal, selv om du f\u00e5r de vindende tal.<\/p>\n<p>Vi er et concierge-site, der giver vores kunder mulighed for at deltage i lotterier fra hele verden. N\u00e5r du k\u00f8ber en tysk lottokupon online, vil vores agenter i landet k\u00f8be en fysisk kupon. Den fysiske tyske lottokupon vil have de samme numre som dem, du har valgt. Derefter scanner vi den ind p\u00e5 din konto.<\/p>\n<p><strong>For at spille lotto med os:<\/strong><\/p>\n<ul>\n<li>Du kan ogs\u00e5 bruge vores automatiske generator til at v\u00e6lge tilf\u00e6ldige lottotal.<\/li>\n<li>Indtast tr\u00e6kningerne. Du kan indtaste enkelte eller flere tr\u00e6kninger.<\/li>\n<li>V\u00e6lg, hvor mange uger i forvejen du vil spille (eller du kan kun spille \u00e9n gang).<\/li>\n<li>Registrer dig for at behandle din betaling (dette er for at vi kan give dig besked, n\u00e5r du vinder i lotto).<\/li>\n<\/ul>\n<h2>At vinde det tyske lotto (fordeling af pr\u00e6mier)<\/h2>\n<p><img loading=\"lazy\" decoding=\"async\" class=\"alignright size-medium wp-image-28616\" src=\"https:\/\/jackpotlotteryonline.com\/wp-content\/uploads\/2022\/11\/1_online_lotto-300x128.jpg\" alt=\"Spil det tyske lotto\" width=\"300\" height=\"128\" srcset=\"https:\/\/jackpotlotteryonline.com\/wp-content\/uploads\/2022\/11\/1_online_lotto-300x128.jpg 300w, https:\/\/jackpotlotteryonline.com\/wp-content\/uploads\/2022\/11\/1_online_lotto.jpg 320w\" sizes=\"auto, (max-width: 300px) 100vw, 300px\" \/>Vi har allerede n\u00e6vnt, at dette europ\u00e6iske lotto har 9 forskellige gevinstniveauer. Det er mange pr\u00e6mier, som en spiller kan vinde, hvilket forklarer, hvorfor dette lotto er s\u00e5 popul\u00e6rt p\u00e5 kontinentet. Oddsene for at vinde jackpotten er 1 ud af 139 838 160.<\/p>\n<p>Vi vil dele pr\u00e6miefordelingen for de forskellige pr\u00e6mier\u00e6kker samt oddsene for hver r\u00e6kke. Vi vil ogs\u00e5 inkludere den ansl\u00e5ede pr\u00e6mie for hver sektion. Pr\u00e6mierne bestemmes af den samlede lotto pulje, men baseret p\u00e5 tidligere gevinster er det muligt at f\u00e5 et omtrentligt tal.<\/p>\n<p>Niveau 1: 6 + Supernummer &#8211; 12 585 434,40 \u20ac (jackpot) &#8211; 1:139 838 160<\/p>\n<p>Niveau 2: Kun 6 tal &#8211; 1 003 509,30 \u20ac &#8211; 1: 15 537 573<\/p>\n<p>Niveau 3: 5 + supertal &#8211; 12 135,40 \u20ac &#8211; 1:524 008<\/p>\n<p>Niveau 4: kun 5 tal &#8211; 4 019,20 \u20ac &#8211; 1:60 223<\/p>\n<p>Niveau 5: 4 + supernummer &#8211; 191,10 \u20ac &#8211; 1:10 324<\/p>\n<p>Niveau 6: kun 4 tal &#8211; 50,30 \u20ac &#8211; 1:1 147<\/p>\n<p>Niveau 7: 3 + supertal &#8211; 21,20 \u20ac &#8211; 1:567<\/p>\n<p>Niveau 8: kun 3 tal &#8211; 11,10 EUR &#8211; 1:63<\/p>\n<p>Niveau 9: 2 + supernummer &#8211; 6 \u20ac &#8211; 1:76<\/p>\n<section class=\"layout\" style=\"border: solid 1px; width: 100%;\">\n<div class=\"img-div\" style=\"margin-top: 5px;\"><img decoding=\"async\" class=\"wp-image-17212 alignleft\" style=\"height: 45px; margin: 8px 8px 0px;\" src=\"https:\/\/jackpotlotteryonline.com\/wp-content\/uploads\/2022\/11\/read1.jpg\" alt=\"l\u00e6s\" width=\"\" height=\"\" \/><\/div>\n<div style=\"padding-left: 5px;\">\n<div style=\"font-size: 1.1em;\">\n<p><strong>Dit nationale lotteri i international sammenligning<\/strong><\/p>\n<p style=\"font-size: 0.85em; margin-top: -1.5em;\">Dit lokale lotteri kan v\u00e6re din d\u00e5rligste mulighed &#8211; hvorfor det giver mere mening at betale mere, men g\u00e5 efter st\u00f8rre jackpots\u00a0<a href=\"https:\/\/jackpotlotteryonline.com\/da\/dit-nationale-lotteri-i-international-sammenligning\"> L\u00e6s mere<\/a><\/p>\n<\/div>\n<\/div>\n<\/section>\n<h2>Tjek dine vindertal online<\/h2>\n<p>Ligesom det er utrolig enkelt at spille tysk lotto, har vi ogs\u00e5 forenklet processen med at kontrollere resultaterne. Hvis du spiller dette lotto, kan du nemt tjekke dine vindertal online. Tjek tilbage efter hver tr\u00e6kning for at se, om du har vundet en pr\u00e6mie. Da vi offentligg\u00f8r tr\u00e6kningsresultaterne lige her.<\/p>\n<p>Men selv hvis du glemmer at tjekke efter tr\u00e6kningerne, giver vi dig besked, hvis du har vundet en pr\u00e6mie. Vi giver dig ikke kun besked via din konto, men vi sender dig ogs\u00e5 en e-mail.<\/p>\n<h2>S\u00e5dan g\u00f8r du krav p\u00e5 din pr\u00e6mie<\/h2>\n<p>De tyske lottotr\u00e6kninger finder sted en gang om ugen om onsdagen. Efter tr\u00e6kningerne offentligg\u00f8res vindertallene. At vinde i lotto betyder blot, at du har en kupon, der passer til de udtrukne resultater.<\/p>\n<p>Hvis du vinder en gevinst, kan du nemt kr\u00e6ve din gevinst ved at h\u00e6ve den fra vores platform til din konto. Det er rigtigt. Enhver gevinst, der er mindre end 2.500 \u20ac, kan h\u00e6ves direkte til din konto.<\/p>\n<p>For bel\u00f8b, der er over 2.500 \u20ac, skal du muligvis udfylde en kravformular fra lottoselskabet. Men vi vil guide dig gennem processen. S\u00e5 hvis du ikke har k\u00f8bt din tyske lottokupon endnu, s\u00e5 g\u00f8r det nu. Og husk at tjekke de vindende numre.<\/p>\n","protected":false},"excerpt":{"rendered":"<p>Resultater af den tyske lottotr\u00e6kningHvis du har spillet tysk Lotto eller \u00f8nsker at pr\u00f8ve det, er det vigtigt at kontrollere de vindende numre. At vinde i lotto er en livs\u00e6ndrende oplevelse. Det er kendt som 6 aus 49 eller 6 ud af 49 og er et af de mest popul\u00e6re lotterier i Europa. Med utrolige [&hellip;]<\/p>\n","protected":false},"author":1,"featured_media":0,"parent":35818,"menu_order":8,"comment_status":"closed","ping_status":"closed","template":"lotto-german-results.php","meta":{"_et_pb_use_builder":"","_et_pb_old_content":"","_et_gb_content_width":"","exclude_from_search":false,"footnotes":""},"class_list":["post-40865","page","type-page","status-publish","hentry"],"yoast_head":"<!-- This site is optimized with the Yoast SEO plugin v23.3 - https:\/\/yoast.com\/wordpress\/plugins\/seo\/ -->\n<title>Tysk Lotto vindertal og tr\u00e6kningsresultater<\/title>\n<meta name=\"description\" content=\"Liste her alle nuv\u00e6rende og tidligere vindernumre, tr\u00e6kningsresultater for Tyskland lotto\" \/>\n<meta name=\"robots\" content=\"index, follow, max-snippet:-1, max-image-preview:large, max-video-preview:-1\" \/>\n<link rel=\"canonical\" href=\"https:\/\/jackpotlotteryonline.com\/da\/vindernumre\/german-lotto\/\" \/>\n<meta property=\"og:locale\" content=\"da_DK\" \/>\n<meta property=\"og:type\" content=\"article\" \/>\n<meta property=\"og:title\" content=\"Tysk Lotto vindertal og tr\u00e6kningsresultater\" \/>\n<meta property=\"og:description\" content=\"Liste her alle nuv\u00e6rende og tidligere vindernumre, tr\u00e6kningsresultater for Tyskland lotto\" \/>\n<meta property=\"og:url\" content=\"https:\/\/jackpotlotteryonline.com\/da\/vindernumre\/german-lotto\/\" \/>\n<meta property=\"og:site_name\" content=\"Lotto Online - Crack The International Lottery Jackpots\" \/>\n<meta property=\"article:modified_time\" content=\"2022-12-28T15:32:50+00:00\" \/>\n<meta property=\"og:image\" content=\"https:\/\/jackpotlotteryonline.com\/wp-content\/uploads\/2022\/11\/1_play_lotto_to_win-300x214.jpg\" \/>\n<meta name=\"twitter:card\" content=\"summary_large_image\" \/>\n<meta name=\"twitter:label1\" content=\"Estimeret l\u00e6setid\" \/>\n\t<meta name=\"twitter:data1\" content=\"4 minutter\" \/>\n<!-- \/ Yoast SEO plugin. -->","yoast_head_json":{"title":"Tysk Lotto vindertal og tr\u00e6kningsresultater","description":"Liste her alle nuv\u00e6rende og tidligere vindernumre, tr\u00e6kningsresultater for Tyskland lotto","robots":{"index":"index","follow":"follow","max-snippet":"max-snippet:-1","max-image-preview":"max-image-preview:large","max-video-preview":"max-video-preview:-1"},"canonical":"https:\/\/jackpotlotteryonline.com\/da\/vindernumre\/german-lotto\/","og_locale":"da_DK","og_type":"article","og_title":"Tysk Lotto vindertal og tr\u00e6kningsresultater","og_description":"Liste her alle nuv\u00e6rende og tidligere vindernumre, tr\u00e6kningsresultater for Tyskland lotto","og_url":"https:\/\/jackpotlotteryonline.com\/da\/vindernumre\/german-lotto\/","og_site_name":"Lotto Online - Crack The International Lottery Jackpots","article_modified_time":"2022-12-28T15:32:50+00:00","og_image":[{"url":"https:\/\/jackpotlotteryonline.com\/wp-content\/uploads\/2022\/11\/1_play_lotto_to_win-300x214.jpg"}],"twitter_card":"summary_large_image","twitter_misc":{"Estimeret l\u00e6setid":"4 minutter"},"schema":{"@context":"https:\/\/schema.org","@graph":[{"@type":"WebPage","@id":"https:\/\/jackpotlotteryonline.com\/da\/vindernumre\/german-lotto\/","url":"https:\/\/jackpotlotteryonline.com\/da\/vindernumre\/german-lotto\/","name":"Tysk Lotto vindertal og tr\u00e6kningsresultater","isPartOf":{"@id":"https:\/\/jackpotlotteryonline.com\/#website"},"primaryImageOfPage":{"@id":"https:\/\/jackpotlotteryonline.com\/da\/vindernumre\/german-lotto\/#primaryimage"},"image":{"@id":"https:\/\/jackpotlotteryonline.com\/da\/vindernumre\/german-lotto\/#primaryimage"},"thumbnailUrl":"https:\/\/jackpotlotteryonline.com\/wp-content\/uploads\/2022\/11\/1_play_lotto_to_win-300x214.jpg","datePublished":"2022-12-07T07:58:49+00:00","dateModified":"2022-12-28T15:32:50+00:00","description":"Liste her alle nuv\u00e6rende og tidligere vindernumre, tr\u00e6kningsresultater for Tyskland lotto","breadcrumb":{"@id":"https:\/\/jackpotlotteryonline.com\/da\/vindernumre\/german-lotto\/#breadcrumb"},"inLanguage":"da-DK","potentialAction":[{"@type":"ReadAction","target":["https:\/\/jackpotlotteryonline.com\/da\/vindernumre\/german-lotto\/"]}]},{"@type":"ImageObject","inLanguage":"da-DK","@id":"https:\/\/jackpotlotteryonline.com\/da\/vindernumre\/german-lotto\/#primaryimage","url":"https:\/\/jackpotlotteryonline.com\/wp-content\/uploads\/2022\/11\/1_play_lotto_to_win-300x214.jpg","contentUrl":"https:\/\/jackpotlotteryonline.com\/wp-content\/uploads\/2022\/11\/1_play_lotto_to_win-300x214.jpg"},{"@type":"BreadcrumbList","@id":"https:\/\/jackpotlotteryonline.com\/da\/vindernumre\/german-lotto\/#breadcrumb","itemListElement":[{"@type":"ListItem","position":1,"name":"Home","item":"https:\/\/jackpotlotteryonline.com\/da\/"},{"@type":"ListItem","position":2,"name":"Resultater af lotteriet","item":"https:\/\/jackpotlotteryonline.com\/winning-numbers\/"},{"@type":"ListItem","position":3,"name":"Resultater af den tyske lottotr\u00e6kning"}]},{"@type":"WebSite","@id":"https:\/\/jackpotlotteryonline.com\/#website","url":"https:\/\/jackpotlotteryonline.com\/","name":"Lotto Online - Crack The International Lottery Jackpots","description":"","potentialAction":[{"@type":"SearchAction","target":{"@type":"EntryPoint","urlTemplate":"https:\/\/jackpotlotteryonline.com\/?s={search_term_string}"},"query-input":"required name=search_term_string"}],"inLanguage":"da-DK"}]}},"_links":{"self":[{"href":"https:\/\/jackpotlotteryonline.com\/da\/wp-json\/wp\/v2\/pages\/40865","targetHints":{"allow":["GET"]}}],"collection":[{"href":"https:\/\/jackpotlotteryonline.com\/da\/wp-json\/wp\/v2\/pages"}],"about":[{"href":"https:\/\/jackpotlotteryonline.com\/da\/wp-json\/wp\/v2\/types\/page"}],"author":[{"embeddable":true,"href":"https:\/\/jackpotlotteryonline.com\/da\/wp-json\/wp\/v2\/users\/1"}],"replies":[{"embeddable":true,"href":"https:\/\/jackpotlotteryonline.com\/da\/wp-json\/wp\/v2\/comments?post=40865"}],"version-history":[{"count":0,"href":"https:\/\/jackpotlotteryonline.com\/da\/wp-json\/wp\/v2\/pages\/40865\/revisions"}],"up":[{"embeddable":true,"href":"https:\/\/jackpotlotteryonline.com\/da\/wp-json\/wp\/v2\/pages\/35818"}],"wp:attachment":[{"href":"https:\/\/jackpotlotteryonline.com\/da\/wp-json\/wp\/v2\/media?parent=40865"}],"curies":[{"name":"wp","href":"https:\/\/api.w.org\/{rel}","templated":true}]}}