{"id":40919,"date":"2022-12-07T09:56:32","date_gmt":"2022-12-07T09:56:32","guid":{"rendered":"https:\/\/jackpotlotteryonline.com\/?page_id=40919"},"modified":"2022-12-28T20:29:26","modified_gmt":"2022-12-28T20:29:26","slug":"france-lotto-2","status":"publish","type":"page","link":"https:\/\/jackpotlotteryonline.com\/da\/vindernumre\/france-lotto-2\/","title":{"rendered":"Frankrig Lotto-tr\u00e6kning resultater"},"content":{"rendered":"<p>France Lotto er et europ\u00e6isk lotto, der giver vindere tre gange om ugen. Det blev lanceret i 1976 og har sine tr\u00e6kningsdage p\u00e5 mandage, onsdage og l\u00f8rdage. France Lottos vindertal annonceres p\u00e5 disse dage. Vindere fra hele verden kan deltage i France Lotto ved at k\u00f8be deres lodder online.<\/p>\n<h2>Hvorfor du b\u00f8r tjekke de vindende numre<\/h2>\n<p>Generelt kender France Lotto-virksomheden ikke identiteten p\u00e5 alle dem, der har indleveret lodder. S\u00e5 de har ingen mulighed for at kontakte de vindende lottokuponer i lotto. Derfor skal du hele tiden tjekke din kupon mod de udtrukne numre for at finde ud af, om du har vundet.<\/p>\n<p>Desuden har France Lotto 10 pr\u00e6mieafdelinger. Det er muligt, at en spiller m\u00e5ske ikke har vundet jackpotten, men kan have vundet andre pr\u00e6mier.<\/p>\n<h2>M\u00e5der at tjekke France Lottos vinderresultater p\u00e5<\/h2>\n<p><img loading=\"lazy\" decoding=\"async\" class=\"alignright wp-image-31748\" src=\"https:\/\/jackpotlotteryonline.com\/wp-content\/uploads\/2022\/11\/rf_results_page-300x225.jpg\" alt=\"Frankrig Lotto vinderresultater\" width=\"244\" height=\"183\" srcset=\"https:\/\/jackpotlotteryonline.com\/wp-content\/uploads\/2022\/11\/rf_results_page-300x225.jpg 300w, https:\/\/jackpotlotteryonline.com\/wp-content\/uploads\/2022\/11\/rf_results_page-600x449.jpg 600w, https:\/\/jackpotlotteryonline.com\/wp-content\/uploads\/2022\/11\/rf_results_page-768x575.jpg 768w, https:\/\/jackpotlotteryonline.com\/wp-content\/uploads\/2022\/11\/rf_results_page.jpg 801w\" sizes=\"auto, (max-width: 244px) 100vw, 244px\" \/>Der er flere m\u00e5der at kontrollere tr\u00e6kningsresultaterne for France Lotto p\u00e5. Dette er vigtigt for at finde ud af den vindende kupon til jackpotten. Husk, at vinderen er den, der matcher de udtrukne tal. Hvis du k\u00f8ber lodder til Frankrig Lotto, kan du tjekke tr\u00e6kningsresultaterne p\u00e5 en af f\u00f8lgende m\u00e5der:<\/p>\n<h3>Se den direkte tv-tegning<\/h3>\n<p>Det er egentlig ret sp\u00e6ndende, fordi tallene bliver r\u00e5bt op, og du kan straks finde ud af, om du har vundet. Problemet med dette er, at du skal bo i Frankrig for at se Frankrigs lottotr\u00e6kninger live.<\/p>\n<section class=\"layout\" style=\"border: solid 1px; width: 100%;\">\n<div class=\"img-div\" style=\"margin-top: 5px;\"><img decoding=\"async\" class=\"wp-image-17212 alignleft\" style=\"height: 45px; margin: 8px 8px 0px;\" src=\"https:\/\/jackpotlotteryonline.com\/wp-content\/uploads\/2022\/11\/read1.jpg\" alt=\"l\u00e6s\" width=\"\" height=\"\" \/><\/div>\n<div style=\"padding-left: 5px;\">\n<div style=\"font-size: 1.1em;\">\n<p><strong>G\u00e5 ikke glip af tidspunkterne for tr\u00e6kning af verdens st\u00f8rste jackpots i lotteriet<\/strong><\/p>\n<p style=\"font-size: 0.85em; margin-top: -1.5em;\">En liste over tr\u00e6kningstider for de internationale lotterier\u00a0<a href=\"https:\/\/jackpotlotteryonline.com\/da\/hvornaar-er-der-traekningstidspunkter-for-de-internationale-lotterier\"> L\u00e6s mere<\/a><\/p>\n<\/div>\n<\/div>\n<\/section>\n<h3>Bes\u00f8g nyhedssider<\/h3>\n<p>En anden m\u00e5de at tjekke tr\u00e6kningens resultater p\u00e5 er at tjekke nyhedssiderne. Forskellige nyhedssider offentligg\u00f8r vinderkombinationerne p\u00e5 deres sider. Dette g\u00e6lder is\u00e6r for europ\u00e6iske nyhedssider. Hvis du vinder jackpotten, s\u00e5 er dette en god mulighed. Der er dog flere andre pr\u00e6mieinddelinger, som en spiller kan vinde. Desv\u00e6rre offentligg\u00f8r disse sider normalt ikke vinderkombinationerne for disse divisioner. S\u00e5 hvis du f.eks. vinder en andenpr\u00e6mie, kan du g\u00e5 glip af den.<\/p>\n<h3>Tjek jackpotlotteryonline.com<\/h3>\n<p>N\u00e5r du registrerer dig hos os, kan du nemt tjekke de vindende numre for France Lotto. Efter hver tr\u00e6kning offentligg\u00f8r vi resultaterne lige her p\u00e5 vores side. Hvis du vinder en gevinst, giver vi dig ogs\u00e5 besked med det samme, uanset hvilken pr\u00e6mieafdeling du har vundet. Desuden kan du ogs\u00e5 udbetale din lotto-gevinst direkte fra vores side til din konto.<\/p>\n<h2>Fordele ved at spille online<\/h2>\n<p>At kunne tjekke tr\u00e6kningsresultaterne nemt og bekvemt er blot en af fordelene ved at<a href=\"https:\/\/jackpotlotteryonline.com\/da\/saadan-spiller-du\/france-lotto\"> spille lotto online<\/a>. Men vi m\u00e5 give dig ret i, at det er en stor fordel. Her er nogle fordele i en n\u00f8ddeskal:<\/p>\n<ul>\n<li>Adgang til de bedste internationale lotterier fra hvor som helst<\/li>\n<li>Det er bekvemt at spille fra din computer eller mobilenhed<\/li>\n<li>Nemt at planl\u00e6gge flere tr\u00e6kninger i forvejen<\/li>\n<li>Tjek tr\u00e6kningsresultater bekvemt<\/li>\n<li>Udbetaling af dine gevinster direkte til din konto<\/li>\n<\/ul>\n<h2>France Lotto vindende kombinationer<\/h2>\n<p>At v\u00e6lge den rigtige kombination til din France-lottoseddel kan v\u00e6re ret tricky. Mange spillere har forskellige tips, som de bruger for at \u00f8ge deres chancer for at vinde i lotteriet. Hvad vi kan fort\u00e6lle dig er, at der ikke er nogen garanteret metode til at vinde i lotteriet. Det er et sp\u00f8rgsm\u00e5l om held. Vi kan dog dele nogle strategier, som spillerne bruger til at v\u00e6lge deres vindercifre.<\/p>\n<p>Nogle spillere kan lide at g\u00e5 tidligere vinderkombinationer igennem for at finde tal, der forekommer regelm\u00e6ssigt eller sj\u00e6ldent. De er i stand til at identificere et m\u00f8nster og bruge det til at skabe en strategi for at spille i lotteriet. Om det virker eller ej er sv\u00e6rt at sige.<\/p>\n<p>Andre spillere v\u00e6lger at spille ofte ved at k\u00f8be flere lodder og deltage i flere tr\u00e6kninger. Logikken bag dette er, at jo flere gange du spiller i lotteriet, jo st\u00f8rre er dine chancer for at vinde. Det er interessant, at de fleste vindere spillede i \u00e5revis, f\u00f8r de vandt i lotteriet. Der er dog ogs\u00e5 dem, der vandt f\u00f8rste gang, de spillede.<\/p>\n<h2>Konklusion<\/h2>\n<p>Som konklusion kan man sige, at Frankrigs lotto er et tilf\u00e6ldigt spil. Du kan <a href=\"https:\/\/jackpotlotteryonline.com\/da\/koeb-billetter\/lotto-france\">k\u00f8be dine Frankrig lottokuponer<\/a> og tjekke vinderkombinationer lige her p\u00e5 jackpotlotteryonline.com<\/p>\n","protected":false},"excerpt":{"rendered":"<p>France Lotto er et europ\u00e6isk lotto, der giver vindere tre gange om ugen. Det blev lanceret i 1976 og har sine tr\u00e6kningsdage p\u00e5 mandage, onsdage og l\u00f8rdage. France Lottos vindertal annonceres p\u00e5 disse dage. Vindere fra hele verden kan deltage i France Lotto ved at k\u00f8be deres lodder online. Hvorfor du b\u00f8r tjekke de vindende [&hellip;]<\/p>\n","protected":false},"author":1,"featured_media":0,"parent":35818,"menu_order":9,"comment_status":"closed","ping_status":"closed","template":"lotto-fr-results.php","meta":{"_et_pb_use_builder":"","_et_pb_old_content":"","_et_gb_content_width":"","exclude_from_search":false,"footnotes":""},"class_list":["post-40919","page","type-page","status-publish","hentry"],"yoast_head":"<!-- This site is optimized with the Yoast SEO plugin v23.3 - https:\/\/yoast.com\/wordpress\/plugins\/seo\/ -->\n<title>Frankrig Lotto vindertal og tr\u00e6kningsresultater<\/title>\n<meta name=\"description\" content=\"Vil du kende de vindende numre og tr\u00e6kningsresultater for det franske lotteri? Tjek vores side med resultater fra Lotto Frankrig og vores arkiv\" \/>\n<meta name=\"robots\" content=\"index, follow, max-snippet:-1, max-image-preview:large, max-video-preview:-1\" \/>\n<link rel=\"canonical\" href=\"https:\/\/jackpotlotteryonline.com\/da\/vindernumre\/france-lotto-2\/\" \/>\n<meta property=\"og:locale\" content=\"da_DK\" \/>\n<meta property=\"og:type\" content=\"article\" \/>\n<meta property=\"og:title\" content=\"Frankrig Lotto vindertal og tr\u00e6kningsresultater\" \/>\n<meta property=\"og:description\" content=\"Vil du kende de vindende numre og tr\u00e6kningsresultater for det franske lotteri? Tjek vores side med resultater fra Lotto Frankrig og vores arkiv\" \/>\n<meta property=\"og:url\" content=\"https:\/\/jackpotlotteryonline.com\/da\/vindernumre\/france-lotto-2\/\" \/>\n<meta property=\"og:site_name\" content=\"Lotto Online - Crack The International Lottery Jackpots\" \/>\n<meta property=\"article:modified_time\" content=\"2022-12-28T20:29:26+00:00\" \/>\n<meta property=\"og:image\" content=\"https:\/\/jackpotlotteryonline.com\/wp-content\/uploads\/2022\/11\/rf_results_page-300x225.jpg\" \/>\n<meta name=\"twitter:card\" content=\"summary_large_image\" \/>\n<meta name=\"twitter:label1\" content=\"Estimeret l\u00e6setid\" \/>\n\t<meta name=\"twitter:data1\" content=\"4 minutter\" \/>\n<!-- \/ Yoast SEO plugin. -->","yoast_head_json":{"title":"Frankrig Lotto vindertal og tr\u00e6kningsresultater","description":"Vil du kende de vindende numre og tr\u00e6kningsresultater for det franske lotteri? Tjek vores side med resultater fra Lotto Frankrig og vores arkiv","robots":{"index":"index","follow":"follow","max-snippet":"max-snippet:-1","max-image-preview":"max-image-preview:large","max-video-preview":"max-video-preview:-1"},"canonical":"https:\/\/jackpotlotteryonline.com\/da\/vindernumre\/france-lotto-2\/","og_locale":"da_DK","og_type":"article","og_title":"Frankrig Lotto vindertal og tr\u00e6kningsresultater","og_description":"Vil du kende de vindende numre og tr\u00e6kningsresultater for det franske lotteri? Tjek vores side med resultater fra Lotto Frankrig og vores arkiv","og_url":"https:\/\/jackpotlotteryonline.com\/da\/vindernumre\/france-lotto-2\/","og_site_name":"Lotto Online - Crack The International Lottery Jackpots","article_modified_time":"2022-12-28T20:29:26+00:00","og_image":[{"url":"https:\/\/jackpotlotteryonline.com\/wp-content\/uploads\/2022\/11\/rf_results_page-300x225.jpg"}],"twitter_card":"summary_large_image","twitter_misc":{"Estimeret l\u00e6setid":"4 minutter"},"schema":{"@context":"https:\/\/schema.org","@graph":[{"@type":"WebPage","@id":"https:\/\/jackpotlotteryonline.com\/da\/vindernumre\/france-lotto-2\/","url":"https:\/\/jackpotlotteryonline.com\/da\/vindernumre\/france-lotto-2\/","name":"Frankrig Lotto vindertal og tr\u00e6kningsresultater","isPartOf":{"@id":"https:\/\/jackpotlotteryonline.com\/#website"},"primaryImageOfPage":{"@id":"https:\/\/jackpotlotteryonline.com\/da\/vindernumre\/france-lotto-2\/#primaryimage"},"image":{"@id":"https:\/\/jackpotlotteryonline.com\/da\/vindernumre\/france-lotto-2\/#primaryimage"},"thumbnailUrl":"https:\/\/jackpotlotteryonline.com\/wp-content\/uploads\/2022\/11\/rf_results_page-300x225.jpg","datePublished":"2022-12-07T09:56:32+00:00","dateModified":"2022-12-28T20:29:26+00:00","description":"Vil du kende de vindende numre og tr\u00e6kningsresultater for det franske lotteri? Tjek vores side med resultater fra Lotto Frankrig og vores arkiv","breadcrumb":{"@id":"https:\/\/jackpotlotteryonline.com\/da\/vindernumre\/france-lotto-2\/#breadcrumb"},"inLanguage":"da-DK","potentialAction":[{"@type":"ReadAction","target":["https:\/\/jackpotlotteryonline.com\/da\/vindernumre\/france-lotto-2\/"]}]},{"@type":"ImageObject","inLanguage":"da-DK","@id":"https:\/\/jackpotlotteryonline.com\/da\/vindernumre\/france-lotto-2\/#primaryimage","url":"https:\/\/jackpotlotteryonline.com\/wp-content\/uploads\/2022\/11\/rf_results_page-300x225.jpg","contentUrl":"https:\/\/jackpotlotteryonline.com\/wp-content\/uploads\/2022\/11\/rf_results_page-300x225.jpg"},{"@type":"BreadcrumbList","@id":"https:\/\/jackpotlotteryonline.com\/da\/vindernumre\/france-lotto-2\/#breadcrumb","itemListElement":[{"@type":"ListItem","position":1,"name":"Home","item":"https:\/\/jackpotlotteryonline.com\/da\/"},{"@type":"ListItem","position":2,"name":"Resultater af lotteriet","item":"https:\/\/jackpotlotteryonline.com\/winning-numbers\/"},{"@type":"ListItem","position":3,"name":"Frankrig Lotto-tr\u00e6kning resultater"}]},{"@type":"WebSite","@id":"https:\/\/jackpotlotteryonline.com\/#website","url":"https:\/\/jackpotlotteryonline.com\/","name":"Lotto Online - Crack The International Lottery Jackpots","description":"","potentialAction":[{"@type":"SearchAction","target":{"@type":"EntryPoint","urlTemplate":"https:\/\/jackpotlotteryonline.com\/?s={search_term_string}"},"query-input":"required name=search_term_string"}],"inLanguage":"da-DK"}]}},"_links":{"self":[{"href":"https:\/\/jackpotlotteryonline.com\/da\/wp-json\/wp\/v2\/pages\/40919","targetHints":{"allow":["GET"]}}],"collection":[{"href":"https:\/\/jackpotlotteryonline.com\/da\/wp-json\/wp\/v2\/pages"}],"about":[{"href":"https:\/\/jackpotlotteryonline.com\/da\/wp-json\/wp\/v2\/types\/page"}],"author":[{"embeddable":true,"href":"https:\/\/jackpotlotteryonline.com\/da\/wp-json\/wp\/v2\/users\/1"}],"replies":[{"embeddable":true,"href":"https:\/\/jackpotlotteryonline.com\/da\/wp-json\/wp\/v2\/comments?post=40919"}],"version-history":[{"count":0,"href":"https:\/\/jackpotlotteryonline.com\/da\/wp-json\/wp\/v2\/pages\/40919\/revisions"}],"up":[{"embeddable":true,"href":"https:\/\/jackpotlotteryonline.com\/da\/wp-json\/wp\/v2\/pages\/35818"}],"wp:attachment":[{"href":"https:\/\/jackpotlotteryonline.com\/da\/wp-json\/wp\/v2\/media?parent=40919"}],"curies":[{"name":"wp","href":"https:\/\/api.w.org\/{rel}","templated":true}]}}