{"id":40974,"date":"2022-12-07T11:40:46","date_gmt":"2022-12-07T11:40:46","guid":{"rendered":"https:\/\/jackpotlotteryonline.com\/?page_id=40974"},"modified":"2023-01-03T09:03:51","modified_gmt":"2023-01-03T09:03:51","slug":"uk-lottery","status":"publish","type":"page","link":"https:\/\/jackpotlotteryonline.com\/da\/saadan-spiller-du\/uk-lottery\/","title":{"rendered":"Spil p\u00e5 det britiske lotteri fra hvor som helst"},"content":{"rendered":"<p>Det britiske lotteri er et lotterispil, der spilles i Storbritannien. Dette land er hjemsted for mange lotterispil, herunder Set for Life-spillet, som er en livrente. Men vi er ikke her for at tale om Set for Life. Dette er et spil, som spillerne spiller for sjov, og du kan nu spille dette spil online. Selv om det har v\u00e6ret kendt for at g\u00f8re million\u00e6rer i ny og n\u00e6, er udbetalingerne ikke s\u00e6rlig gener\u00f8se. Mest fordi udbetalingerne afh\u00e6nger af lotteripuljen.<\/p>\n<p>Du kan spille dette og andre top internationale lotterier online p\u00e5 vores side. Du skal blot bes\u00f8ge jackpotlotteryonline.com og registrere dig hos os for at f\u00e5 en chance for at vinde stort.<\/p>\n<h2>S\u00e5dan spiller du det britiske lotteri<\/h2>\n<p><img loading=\"lazy\" decoding=\"async\" class=\"alignright size-full wp-image-31370\" src=\"https:\/\/jackpotlotteryonline.com\/wp-content\/uploads\/2022\/11\/lotteryticket.jpg\" alt=\"Spil det britiske lotteri\" width=\"212\" height=\"142\" \/>Dette spil er meget lig andre lotterispil. Spillets regler foreskriver, at en spiller skal v\u00e6lge 6 tal fra en pulje af 1 til 49. Der er ogs\u00e5 et bonusnummer, som v\u00e6lges under tr\u00e6kkningerne. Dette bruges til at bestemme vinderne til de andre pr\u00e6miekategorier. Bonusnummeret v\u00e6lges tilf\u00e6ldigt under tr\u00e6kningerne og ikke af spillerne.<\/p>\n<p>For at v\u00e6re \u00e6rlig, er vi ikke fans af det britiske lotteri p\u00e5 grund af de lave udbetalinger. Selv hvis du matcher de udtrukne numre, kan vi ikke garantere, hvad du f\u00e5r med hjem.<\/p>\n<p>Hvorfor ikke bes\u00f8ge vores hjemmeside for at spille andre lotterispil som US Powerball og Mega Millions. Ved disse lotterier er den mindste jackpot p\u00e5 40 millioner dollars. Der er ogs\u00e5 andre europ\u00e6iske lotterier, som du kan spille, som f.eks. Euromillions og Eurojackpot. Vores dr\u00f8m for vores kunder er, at de skal vinde stort.<\/p>\n<h2>S\u00e5dan deltager du i det britiske lotteri online<\/h2>\n<p>At spille online er en smule anderledes end at bruge en fysisk forhandler. Forskellen er ikke en d\u00e5rlig ting. Faktisk g\u00f8r det det super praktisk at spille lotto. F\u00f8lg disse trin for at spille det britiske lotteri p\u00e5 vores websted.<\/p>\n<ol>\n<li>Bes\u00f8g den britiske lotteriside<\/li>\n<li>V\u00e6lg 6 numre fra 1 til 49 (hvis du ikke er sikker p\u00e5, hvilke numre du skal bruge, kan du pr\u00f8ve den automatiske nummergenerator)<\/li>\n<li><a href=\"https:\/\/jackpotlotteryonline.com\/da\/koeb-billetter\/uk-lottery\">K\u00f8b yderligere nummerr\u00e6kker<\/a> for at f\u00e5 en st\u00f8rre chance for at vinde<\/li>\n<li>Deltag i tr\u00e6kningerne (du kan deltage i mere end \u00e9n tr\u00e6kning)<\/li>\n<li>Registrer dig og betal for dine lodtr\u00e6kninger.<\/li>\n<\/ol>\n<section class=\"layout\" style=\"border: solid 1px; width: 100%;\">\n<div class=\"img-div\" style=\"margin-top: 5px;\"><img decoding=\"async\" class=\"wp-image-17212 alignleft\" style=\"height: 45px; margin: 8px 8px 0px;\" src=\"https:\/\/jackpotlotteryonline.com\/wp-content\/uploads\/2022\/11\/read1.jpg\" alt=\"l\u00e6s\" width=\"\" height=\"\" \/><\/div>\n<div style=\"padding-left: 5px;\">\n<div style=\"font-size: 1.1em;\">\n<p><strong>Tips om lotteri<\/strong><\/p>\n<p style=\"font-size: 0.85em; margin-top: -1.5em;\">Tips, der hj\u00e6lper dig med at vinde i lotteriet\u00a0<a href=\"https:\/\/jackpotlotteryonline.com\/da\/tips-der-hjaelper-dig-med-at-vinde-i-lotteriet\"> L\u00e6s mere<\/a><\/p>\n<\/div>\n<\/div>\n<\/section>\n<h2>Kontrol af lodtr\u00e6kningerne<\/h2>\n<p><a href=\"https:\/\/jackpotlotteryonline.com\/da\/vindernumre\/uk-lottery\">UK-lotteriet har to tr\u00e6kningsdage om ugen<\/a>, onsdag og l\u00f8rdag. Du kan deltage i flere tr\u00e6kninger for at \u00f8ge dine chancer for at vinde i det britiske lotteri. Du kan ogs\u00e5 nemt tilmelde dig tr\u00e6kningerne flere uger i forvejen ved at bruge vores abonnementstjeneste.<\/p>\n<p>Den vindende kupon annonceres under tr\u00e6kningerne. For at vinde jackpotten skal du blot matche de 6 udtrukne tal. Jackpotpr\u00e6mierne i det britiske lotteri starter ved \u00a32 millioner og kan rulle over, hvis der ikke er nogen vinder efter en tr\u00e6kning. Da den ruller videre efter hver tr\u00e6kning (hvis der ikke er nogen vinder), kan den komme lidt h\u00f8jere op end 2 millioner pund.<\/p>\n<p>Efter hver tr\u00e6kning kan du tjekke tilbage p\u00e5 vores hjemmeside for at finde ud af, om du har vundet en pr\u00e6mie. Det britiske lotteri har 6 forskellige pr\u00e6miekategorier, og hvis du vinder en pr\u00e6mie, sender vi dig en e-mail med en advarsel.<\/p>\n<h2>Hvad er abonnementstjenesten?<\/h2>\n<p><img loading=\"lazy\" decoding=\"async\" class=\"alignright wp-image-28427\" src=\"https:\/\/jackpotlotteryonline.com\/wp-content\/uploads\/2022\/11\/1_mega_win-300x279.jpg\" alt=\"vinde det britiske lotteri\" width=\"237\" height=\"220\" srcset=\"https:\/\/jackpotlotteryonline.com\/wp-content\/uploads\/2022\/11\/1_mega_win-300x279.jpg 300w, https:\/\/jackpotlotteryonline.com\/wp-content\/uploads\/2022\/11\/1_mega_win.jpg 320w\" sizes=\"auto, (max-width: 237px) 100vw, 237px\" \/>Hvis du bruger et websted som vores, er der det, vi kalder en abonnementsservice, der giver spillerne mulighed for at spille problemfrit og uden stress. Selv om det er helt i orden at v\u00e6re en engangsspiller (hvis det er det, du foretr\u00e6kker), spiller de fleste spillere ofte. Den bedste m\u00e5de at spille og vinde i det britiske lotteri p\u00e5 er at spille regelm\u00e6ssigt, og det er det, som denne service handler om.<\/p>\n<p>Du kan indstille det s\u00e5ledes, at du automatisk bliver tilmeldt fremtidige tr\u00e6kninger. Det britiske lotteri har 2 ugentlige tr\u00e6kninger: Onsdage og l\u00f8rdage. Lad os v\u00e6re \u00e6rlige, det kan blive lidt tr\u00e6ttende at fors\u00f8ge at huske at spille og deltage i hver tr\u00e6kning, men det er derfor, vi er her.<\/p>\n<p>N\u00e5r du har oprettet abonnementstjenesten, kan du slappe af og vide, at du ikke beh\u00f8ver at g\u00e5 glip af nogen tr\u00e6kninger til det britiske lotteri.<\/p>\n<h2>Pr\u00e6mier<\/h2>\n<p>Vi n\u00e6vnte, at pr\u00e6mierne for dette lotteri afh\u00e6nger af lotterifonden. S\u00e5 vi kan kun dele pr\u00e6mierne fra en bestemt tr\u00e6kning. Bem\u00e6rk, at hvis der er flere vindere, vil pr\u00e6mien blive delt mellem dem.<\/p>\n<p>Division 1: Match 6 &#8211; 2 000 000 000 \u00a3 (jackpot)<\/p>\n<p>Division 2: Match 5 + bonus &#8211; 1 000 000 \u00a3<\/p>\n<p>Afdeling 3: Match 5 &#8211; 1 750 \u00a3<\/p>\n<p>Afdeling 4: Match 4 &#8211; 140 \u00a3<\/p>\n<p>Afdeling 5: Match 3 &#8211; 30 \u00a3<\/p>\n<p>Afdeling 6: Match 2 &#8211; gratis lotto heldig dip<\/p>\n<p>Forst\u00e5, at selv hvis du vinder disse pr\u00e6mier, er det viste bel\u00f8b ikke det bel\u00f8b, du vil modtage som udbetaling. Det skyldes, at ca. 45 % af lotteriets midler g\u00e5r til pr\u00e6miepenge. S\u00e5 det kan v\u00e6re mindre eller mere, afh\u00e6ngigt af hvad der er i fonden.<\/p>\n<h2>S\u00e5dan g\u00f8r du krav p\u00e5 din gevinst<\/h2>\n<p>Hvis du er registreret hos os, er det nemt og ligetil at g\u00f8re krav p\u00e5 din gevinst. Hvis din gevinst er p\u00e5 2.500 \u20ac eller mindre, kan du f\u00e5 adgang til den lige her p\u00e5 vores websted. Det skyldes, at lotteriselskabet udbetaler den direkte til vores websted, og du kan derefter h\u00e6ve den til din konto.<\/p>\n<p>Hvis det er mere end 2.500 \u20ac, skal du kr\u00e6ve din gevinst direkte fra lotteriselskabet. Vi hj\u00e6lper dig med det ved at give dig en formular, som du kan udfylde, s\u00e5 du skal ikke bekymre dig om det.<\/p>\n<p><strong>Lotteriselskabet har nogle f\u00e5 regler, n\u00e5r det kommer til at kr\u00e6ve dine gevinster.<\/strong><\/p>\n<ul>\n<li>Du skal v\u00e6re 18+ for at spille i lotteriet<\/li>\n<li>Gevinster skal inddrives inden for 180 dage efter tr\u00e6kningen. Den eneste undtagelse er, hvis du har p\u00e5begyndt proceduren inden for 7 dage.<\/li>\n<li>Instant win-spil skal kr\u00e6ves inden for 180 dage, n\u00e5r du har k\u00f8bt instant win-spillet<\/li>\n<li>Skrabelodsspil skal ogs\u00e5 kr\u00e6ves inden 180 dage efter, at du har k\u00f8bt skrabeloddet<\/li>\n<\/ul>\n<h2>Om vores concierge-tjenester<\/h2>\n<p>Vi vil gerne tage et \u00f8jeblik til at forklare, hvad vi g\u00f8r, og hvorfor vi driver en concierge-tjeneste. Der er flere online lotterisider, der h\u00e6vder at give spillere adgang til verdensomsp\u00e6ndende lotterier. Men det, de i virkeligheden g\u00f8r, er at lade dig satse p\u00e5 resultatet. Det g\u00f8r vi ikke. Vi giver spillerne chancen for at spille i internationale toplotterier.<\/p>\n<p>N\u00e5r du spiller p\u00e5 det britiske lotteri p\u00e5 vores side, sker der f\u00f8lgende. N\u00e5r du har valgt dine numre og foretaget betalingen, k\u00f8ber vores agent i USA en fysisk billet med dine numre. Det vil naturligvis v\u00e6re til den tr\u00e6kning, du har valgt. Denne billet bliver derefter scannet og uploadet til din konto.<\/p>\n<p>Dette er en helt lovlig m\u00e5de at spille britisk lotteri online p\u00e5 fra en hvilken som helst del af verden. Desuden sikrer det, at du virkelig deltager i det lotteri, du har valgt. Desuden offentligg\u00f8r vi resultaterne af lodtr\u00e6kningen lige her p\u00e5 vores websted og informerer dig, hvis du vinder. Vi er en concierge-service, fordi vi h\u00e5ndterer alle de sm\u00e5 irriterende detaljer for dig, s\u00e5 du kan nyde din lotterioplevelse.<\/p>\n<h2>Tilmeld dig hos os for at spille de bedste internationale lotterier online<\/h2>\n<p>Storbritannien har masser af lotterier, som du kan spille online. Hvis du \u00f8nsker at pr\u00f8ve lotteriet, s\u00e5 kan du g\u00f8re det. Men hvis du har brug for et bredere udvalg, hvorfor s\u00e5 ikke pr\u00f8ve Set for Life-lotteriet, som er en annuitetslotteri? Eller du kan spille Eurojackpot-lotteriet og Euromillions. Du kan finde alle disse online lige her p\u00e5 vores hjemmeside. S\u00e5 tilmeld dig nu for at f\u00e5 chancen for at vinde stort.<\/p>\n","protected":false},"excerpt":{"rendered":"<p>Det britiske lotteri er et lotterispil, der spilles i Storbritannien. Dette land er hjemsted for mange lotterispil, herunder Set for Life-spillet, som er en livrente. Men vi er ikke her for at tale om Set for Life. Dette er et spil, som spillerne spiller for sjov, og du kan nu spille dette spil online. Selv [&hellip;]<\/p>\n","protected":false},"author":1,"featured_media":0,"parent":35676,"menu_order":10,"comment_status":"closed","ping_status":"closed","template":"lotto-uk.php","meta":{"_et_pb_use_builder":"","_et_pb_old_content":"","_et_gb_content_width":"","exclude_from_search":false,"footnotes":""},"class_list":["post-40974","page","type-page","status-publish","hentry"],"yoast_head":"<!-- This site is optimized with the Yoast SEO plugin v23.3 - https:\/\/yoast.com\/wordpress\/plugins\/seo\/ -->\n<title>Spil det britiske lotteri online, selv om du ikke bor i Det Forenede Kongerige<\/title>\n<meta name=\"description\" content=\"Vil du gerne spille det britiske lotteri, men bor uden for Storbritannien? Intet problem, du kan bruge vores onlinetjeneste til at spille dette lotto fra hvor som helst\" \/>\n<meta name=\"robots\" content=\"index, follow, max-snippet:-1, max-image-preview:large, max-video-preview:-1\" \/>\n<link rel=\"canonical\" href=\"https:\/\/jackpotlotteryonline.com\/da\/saadan-spiller-du\/uk-lottery\/\" \/>\n<meta property=\"og:locale\" content=\"da_DK\" \/>\n<meta property=\"og:type\" content=\"article\" \/>\n<meta property=\"og:title\" content=\"Spil det britiske lotteri online, selv om du ikke bor i Det Forenede Kongerige\" \/>\n<meta property=\"og:description\" content=\"Vil du gerne spille det britiske lotteri, men bor uden for Storbritannien? Intet problem, du kan bruge vores onlinetjeneste til at spille dette lotto fra hvor som helst\" \/>\n<meta property=\"og:url\" content=\"https:\/\/jackpotlotteryonline.com\/da\/saadan-spiller-du\/uk-lottery\/\" \/>\n<meta property=\"og:site_name\" content=\"Lotto Online - Crack The International Lottery Jackpots\" \/>\n<meta property=\"article:modified_time\" content=\"2023-01-03T09:03:51+00:00\" \/>\n<meta property=\"og:image\" content=\"https:\/\/jackpotlotteryonline.com\/wp-content\/uploads\/2022\/11\/lotteryticket.jpg\" \/>\n<meta name=\"twitter:card\" content=\"summary_large_image\" \/>\n<meta name=\"twitter:label1\" content=\"Estimeret l\u00e6setid\" \/>\n\t<meta name=\"twitter:data1\" content=\"7 minutter\" \/>\n<!-- \/ Yoast SEO plugin. -->","yoast_head_json":{"title":"Spil det britiske lotteri online, selv om du ikke bor i Det Forenede Kongerige","description":"Vil du gerne spille det britiske lotteri, men bor uden for Storbritannien? Intet problem, du kan bruge vores onlinetjeneste til at spille dette lotto fra hvor som helst","robots":{"index":"index","follow":"follow","max-snippet":"max-snippet:-1","max-image-preview":"max-image-preview:large","max-video-preview":"max-video-preview:-1"},"canonical":"https:\/\/jackpotlotteryonline.com\/da\/saadan-spiller-du\/uk-lottery\/","og_locale":"da_DK","og_type":"article","og_title":"Spil det britiske lotteri online, selv om du ikke bor i Det Forenede Kongerige","og_description":"Vil du gerne spille det britiske lotteri, men bor uden for Storbritannien? Intet problem, du kan bruge vores onlinetjeneste til at spille dette lotto fra hvor som helst","og_url":"https:\/\/jackpotlotteryonline.com\/da\/saadan-spiller-du\/uk-lottery\/","og_site_name":"Lotto Online - Crack The International Lottery Jackpots","article_modified_time":"2023-01-03T09:03:51+00:00","og_image":[{"url":"https:\/\/jackpotlotteryonline.com\/wp-content\/uploads\/2022\/11\/lotteryticket.jpg"}],"twitter_card":"summary_large_image","twitter_misc":{"Estimeret l\u00e6setid":"7 minutter"},"schema":{"@context":"https:\/\/schema.org","@graph":[{"@type":"WebPage","@id":"https:\/\/jackpotlotteryonline.com\/da\/saadan-spiller-du\/uk-lottery\/","url":"https:\/\/jackpotlotteryonline.com\/da\/saadan-spiller-du\/uk-lottery\/","name":"Spil det britiske lotteri online, selv om du ikke bor i Det Forenede Kongerige","isPartOf":{"@id":"https:\/\/jackpotlotteryonline.com\/#website"},"primaryImageOfPage":{"@id":"https:\/\/jackpotlotteryonline.com\/da\/saadan-spiller-du\/uk-lottery\/#primaryimage"},"image":{"@id":"https:\/\/jackpotlotteryonline.com\/da\/saadan-spiller-du\/uk-lottery\/#primaryimage"},"thumbnailUrl":"https:\/\/jackpotlotteryonline.com\/wp-content\/uploads\/2022\/11\/lotteryticket.jpg","datePublished":"2022-12-07T11:40:46+00:00","dateModified":"2023-01-03T09:03:51+00:00","description":"Vil du gerne spille det britiske lotteri, men bor uden for Storbritannien? Intet problem, du kan bruge vores onlinetjeneste til at spille dette lotto fra hvor som helst","breadcrumb":{"@id":"https:\/\/jackpotlotteryonline.com\/da\/saadan-spiller-du\/uk-lottery\/#breadcrumb"},"inLanguage":"da-DK","potentialAction":[{"@type":"ReadAction","target":["https:\/\/jackpotlotteryonline.com\/da\/saadan-spiller-du\/uk-lottery\/"]}]},{"@type":"ImageObject","inLanguage":"da-DK","@id":"https:\/\/jackpotlotteryonline.com\/da\/saadan-spiller-du\/uk-lottery\/#primaryimage","url":"https:\/\/jackpotlotteryonline.com\/wp-content\/uploads\/2022\/11\/lotteryticket.jpg","contentUrl":"https:\/\/jackpotlotteryonline.com\/wp-content\/uploads\/2022\/11\/lotteryticket.jpg"},{"@type":"BreadcrumbList","@id":"https:\/\/jackpotlotteryonline.com\/da\/saadan-spiller-du\/uk-lottery\/#breadcrumb","itemListElement":[{"@type":"ListItem","position":1,"name":"Home","item":"https:\/\/jackpotlotteryonline.com\/da\/"},{"@type":"ListItem","position":2,"name":"S\u00e5dan spiller du","item":"https:\/\/jackpotlotteryonline.com\/da\/saadan-spiller-du\/"},{"@type":"ListItem","position":3,"name":"Spil p\u00e5 det britiske lotteri fra hvor som helst"}]},{"@type":"WebSite","@id":"https:\/\/jackpotlotteryonline.com\/#website","url":"https:\/\/jackpotlotteryonline.com\/","name":"Lotto Online - Crack The International Lottery Jackpots","description":"","potentialAction":[{"@type":"SearchAction","target":{"@type":"EntryPoint","urlTemplate":"https:\/\/jackpotlotteryonline.com\/?s={search_term_string}"},"query-input":"required name=search_term_string"}],"inLanguage":"da-DK"}]}},"_links":{"self":[{"href":"https:\/\/jackpotlotteryonline.com\/da\/wp-json\/wp\/v2\/pages\/40974","targetHints":{"allow":["GET"]}}],"collection":[{"href":"https:\/\/jackpotlotteryonline.com\/da\/wp-json\/wp\/v2\/pages"}],"about":[{"href":"https:\/\/jackpotlotteryonline.com\/da\/wp-json\/wp\/v2\/types\/page"}],"author":[{"embeddable":true,"href":"https:\/\/jackpotlotteryonline.com\/da\/wp-json\/wp\/v2\/users\/1"}],"replies":[{"embeddable":true,"href":"https:\/\/jackpotlotteryonline.com\/da\/wp-json\/wp\/v2\/comments?post=40974"}],"version-history":[{"count":0,"href":"https:\/\/jackpotlotteryonline.com\/da\/wp-json\/wp\/v2\/pages\/40974\/revisions"}],"up":[{"embeddable":true,"href":"https:\/\/jackpotlotteryonline.com\/da\/wp-json\/wp\/v2\/pages\/35676"}],"wp:attachment":[{"href":"https:\/\/jackpotlotteryonline.com\/da\/wp-json\/wp\/v2\/media?parent=40974"}],"curies":[{"name":"wp","href":"https:\/\/api.w.org\/{rel}","templated":true}]}}