{"id":41029,"date":"2022-12-08T06:38:52","date_gmt":"2022-12-08T06:38:52","guid":{"rendered":"https:\/\/jackpotlotteryonline.com\/?page_id=41029"},"modified":"2022-12-31T13:45:47","modified_gmt":"2022-12-31T13:45:47","slug":"thunderball","status":"publish","type":"page","link":"https:\/\/jackpotlotteryonline.com\/da\/saadan-spiller-du\/thunderball\/","title":{"rendered":"Thunderball online &#8211; spil dette britiske lotteri fra hvor som helst"},"content":{"rendered":"<p>Det britiske Thunderball har eksisteret i et stykke tid. Ikke s\u00e5 gammel som nogle andre europ\u00e6iske lotterier (som La Primitiva), da det holdt sin f\u00f8rste tr\u00e6kning i 1999. Men i den tid har Thunderball \u00e6ndret og forts\u00e6tter med at \u00e6ndre mange liv. Jackpotpr\u00e6mien p\u00e5 fem hundrede tusinde pund synes ikke at v\u00e6re meget, men det er et bel\u00f8b, der \u00e6ndrer et liv. Og spillerne i Storbritannien er enige, da flere spillere k\u00f8ber billetter til Thunderball-tr\u00e6kningerne.<\/p>\n<p>Hvis du er en spiller uden for Storbritannien, kan du ogs\u00e5 spille Thunderball ved at g\u00e5 online. Du kan <a href=\"https:\/\/jackpotlotteryonline.com\/da\/koeb-billetter\/thunderball\">k\u00f8be billetter<\/a>, tjekke <a href=\"https:\/\/jackpotlotteryonline.com\/da\/vindernumre\/thunderball\">tr\u00e6kningsresultater<\/a> og udbetale dine gevinster, alt sammen fra din computer eller mobilenhed. L\u00e6s videre for at finde ud af, hvordan du kan spille Thunderball online.<\/p>\n<h2>Thunderball-vindere<\/h2>\n<p><img loading=\"lazy\" decoding=\"async\" class=\"alignright size-full wp-image-31370\" src=\"https:\/\/jackpotlotteryonline.com\/wp-content\/uploads\/2022\/11\/lotteryticket.jpg\" alt=\"spille Thunderball online.\" width=\"212\" height=\"142\" \/>Hvis der er et lotteri, der har givet adskillige vindere i l\u00f8bet af de sidste par \u00e5rtier, er det Thunderball. Dette britiske lotteri har f\u00e5et et ry for at \u00e6ndre liv, fordi det har produceret mange vindere. Der er historien om familien Knowles, som havde spillet i \u00e5revis og fortsatte selv efter deres mor d\u00f8de. Gevinsten var noget helt s\u00e6rligt for dem.<\/p>\n<p>Karen og David Ainger er et par, der vandt den livsforandrende Thunderball-jackpot. Gevinsten var meget velkommen, da de sagde, at den ville g\u00e5 til deres pensionering. Et andet par, der vandt Thunderball, var Alf og Rita Boorman. Deres gevinst var ret interessant, for 30 \u00e5r tidligere havde Alf&#8217;s far ogs\u00e5 vundet 30 \u00e5r tidligere. Det var en generationsgevinst.<\/p>\n<h2>Hvordan man spiller Thunderball online<\/h2>\n<p>Det er sjovt at spille Thunderball, og hvis du er en erfaren spiller, s\u00e5 er der gode chancer for, at du allerede ved, hvad du skal g\u00f8re. Spillerne skal v\u00e6lge 5 numre fra 1 til 39 og et s\u00e6rligt nummer fra 1 til 14. Det s\u00e6rlige nummer kaldes &#8220;Thunderball&#8221;.<\/p>\n<p>Hvis du spiller Thunderball online, kan du bruge nummergeneratoren til at v\u00e6lge tilf\u00e6ldige numre. Dette er lidt ligesom &#8220;lucky dip&#8221; for dem, der er vant til fysiske billetter. Du kan v\u00e6lge flere linjer og flere billetter for at \u00f8ge dine chancer for at vinde Thunderball. Det n\u00e6ste skridt er at deltage i lodtr\u00e6kningen, og dette er den bedste del.<\/p>\n<p>Thunderball har fire tr\u00e6kninger hver uge. Det betyder, at du har fire gange s\u00e5 stor sandsynlighed for at vinde jackpotten med Thunderball. Du kan deltage i en enkelt tr\u00e6kning, men det er nok bedst at deltage i flere tr\u00e6kninger, s\u00e5 du har en meget st\u00f8rre chance for at vinde. N\u00e5r du spiller hos os, vil vi bede dig om at registrere dig. Det er for at vi kan give dig besked, n\u00e5r du vinder en pr\u00e6mie.<\/p>\n<section class=\"layout\" style=\"border: solid 1px; width: 100%;\">\n<div class=\"img-div\" style=\"margin-top: 5px;\"><img decoding=\"async\" class=\"wp-image-17212 alignleft\" style=\"height: 45px; margin: 8px 8px 0px;\" src=\"https:\/\/jackpotlotteryonline.com\/wp-content\/uploads\/2022\/11\/read1.jpg\" alt=\"L\u00e6s \" width=\"\" height=\"\" \/><\/div>\n<div style=\"padding-left: 5px;\">\n<div style=\"font-size: 1.1em;\">\n<p><strong>Er det lovligt at spille lotterier fra andre lande online?<\/strong><\/p>\n<p style=\"font-size: 0.85em; margin-top: -1.5em;\">Er det lovligt at k\u00f8be en lottokupon online, og f\u00e5r jeg rent faktisk penge?\u00a0<a href=\"https:\/\/jackpotlotteryonline.com\/da\/er-det-lovligt-at-spille-lotterier-fra-andre-lande-online\"> L\u00e6s mere<\/a><\/p>\n<\/div>\n<\/div>\n<\/section>\n<h2>Hvad skal du g\u00f8re, n\u00e5r du vinder<\/h2>\n<p>Hvis du vinder en pr\u00e6mie, sender vi dig en e-mail for at informere dig. Der vil ogs\u00e5 v\u00e6re en advarsel p\u00e5 vores platform, s\u00e5 du kan f\u00e5 meddelelsen n\u00e6ste gang du logger ind. Men det g\u00e5r ogs\u00e5 ud over det.<\/p>\n<p>Hvis din pr\u00e6mie er mindre end 2.500 \u20ac, kan du nemt bare tr\u00e6kke den ud direkte fra vores platform. Der er ikke behov for nogen protokol eller un\u00f8dvendig procedure; du skal bare tr\u00e6kke dine penge ud. For bel\u00f8b, der er mere end \u20ac2500, skal du muligvis udfylde en formular for at g\u00f8re krav p\u00e5 det fra lotteriselskabet. Men bare rolig, vi er her for at hj\u00e6lpe med det ogs\u00e5.<\/p>\n<h2>Pr\u00e6mier, du kan vinde<\/h2>\n<p>N\u00e5r det er sagt, hvad kan du s\u00e5 helt pr\u00e6cist vinde, n\u00e5r du spiller Thunderball-lotteriet? Denne britiske Thunderball har flere pr\u00e6miekategorier, og der er endda en pr\u00e6mie bare for at matche Thunderball. S\u00e5 chancerne for at vinde noget er ret h\u00f8je. Her er en oversigt over pr\u00e6miekategorierne for UK Thunderball samt oddsene for at vinde.<\/p>\n<p>Kategori 1: Match 5 + Thunderball &#8211; 1 ud af 8.060.598 &#8211; 500.000 \u00a3<\/p>\n<p>Kategori 2: Kun Match 5 &#8211; 1 ud af 620 046 &#8211; 5 000 \u00a3<\/p>\n<p>Kategori 3: Match 4 + Thunderball &#8211; 1 ud af 47 416 &#8211; 250 \u00a3<\/p>\n<p>Kategori 4: Kun Match 4 &#8211; 1 ud af 3 648 &#8211; 100 \u00a3<\/p>\n<p>Kategori 5: Match 3 + Thunderball &#8211; 1 ud af 1 437 &#8211; 20 GBP<\/p>\n<p>Kategori 6: Kun match 3 &#8211; 1 ud af 111 &#8211; 10 \u00a3<\/p>\n<p>Kategori 7: Match 2 + Thunderball &#8211; 1 ud af 135 &#8211; 10 \u00a3<\/p>\n<p>Kategori 8: Match 1 + Thunderball &#8211; 1 ud af 35 &#8211; 5 \u00a3<\/p>\n<p>Kategori 9: Match Thunderball &#8211; 1 ud af 29 &#8211; 3 \u00a3<\/p>\n<p>Med Thunderball er der noget for enhver smag, og det er ligegyldigt, om du bor i Storbritannien eller ej. Du kan nu spille dette britiske lotteri for at f\u00e5 en chance for at vinde, og n\u00e5r du spiller hos os, kan du nemt udbetale dine gevinster.<\/p>\n<h2>Fordele ved et concierge-websted<\/h2>\n<p><img loading=\"lazy\" decoding=\"async\" class=\"alignright size-full wp-image-28940\" src=\"https:\/\/jackpotlotteryonline.com\/wp-content\/uploads\/2022\/11\/1_pick_winning_numbers_lottery.jpg\" alt=\"k\u00f8be din Thunderball-lotteriseddel\" width=\"300\" height=\"200\" \/>Det fantastiske ved et concierge-websted er, at du aldrig beh\u00f8ver at spekulere p\u00e5, om du rent faktisk har deltaget i lotteriet. Dette er et reelt problem, fordi mange sider derude ikke rigtig giver deres kunder adgang til lotteriet. Det, de g\u00f8r, er at lade brugerne satse p\u00e5 resultatet af lotteriet, hvilket slet ikke er det samme.<\/p>\n<p>Med jackpotlotteryonline.com giver vi vores brugere adgang til de bedste internationale lotterier i hele verden. Det skyldes, at vi driver et concierge-site, hvor vi har agenter i forskellige dele af verden. N\u00e5r du k\u00f8ber lottokuponer hos os, k\u00f8ber vores agent i det p\u00e5g\u00e6ldende land en fysisk kupon med de tilsvarende numre. Lodden bliver derefter scannet og sendt til dig.<\/p>\n<p>N\u00e5r du k\u00f8ber din Thunderball-lottokupon hos os, er du sikker p\u00e5, at du vinder i lotteriet, hvis du matcher de udtrukne numre. S\u00e5 enkelt er det, og alligevel er det den eneste ting, der giver vores kunder ro i sindet til at spille lotto online.<\/p>\n<h2>Spil UK Thunderball online<\/h2>\n<p>Hvis du har haft lyst til at spille Thunderball-lotteriet, og du bor uden for Storbritannien, er du heldig. N\u00e5r du bes\u00f8ger jackpotlotteryonline.com, f\u00e5r du adgang til de bedste internationale lotterier, herunder Thunderball. Vi er en concierge side, s\u00e5 n\u00e5r du spiller hos os, f\u00e5r du den \u00e6gte vare.<\/p>\n<p>Det er p\u00e5 tide at fors\u00f8ge at f\u00e5 chancen for at vinde en livs\u00e6ndrende pr\u00e6mie med Thunderball. Spil Thunderball online i dag for at f\u00e5 en chance for at vinde i lotteriet.<\/p>\n","protected":false},"excerpt":{"rendered":"<p>Det britiske Thunderball har eksisteret i et stykke tid. Ikke s\u00e5 gammel som nogle andre europ\u00e6iske lotterier (som La Primitiva), da det holdt sin f\u00f8rste tr\u00e6kning i 1999. Men i den tid har Thunderball \u00e6ndret og forts\u00e6tter med at \u00e6ndre mange liv. Jackpotpr\u00e6mien p\u00e5 fem hundrede tusinde pund synes ikke at v\u00e6re meget, men det [&hellip;]<\/p>\n","protected":false},"author":1,"featured_media":0,"parent":35676,"menu_order":12,"comment_status":"closed","ping_status":"closed","template":"thunderball.php","meta":{"_et_pb_use_builder":"","_et_pb_old_content":"","_et_gb_content_width":"","exclude_from_search":false,"footnotes":""},"class_list":["post-41029","page","type-page","status-publish","hentry"],"yoast_head":"<!-- This site is optimized with the Yoast SEO plugin v23.3 - https:\/\/yoast.com\/wordpress\/plugins\/seo\/ -->\n<title>Spil det britiske Thunderball-lotteri online, selv fra et sted uden for Storbritannien<\/title>\n<meta name=\"description\" content=\"Lotterifans fra lande uden for Storbritannien kan spille Thunderball online nu - f\u00e5 dine lodder online via vores messenger-tjeneste.\" \/>\n<meta name=\"robots\" content=\"index, follow, max-snippet:-1, max-image-preview:large, max-video-preview:-1\" \/>\n<link rel=\"canonical\" href=\"https:\/\/jackpotlotteryonline.com\/da\/saadan-spiller-du\/thunderball\/\" \/>\n<meta property=\"og:locale\" content=\"da_DK\" \/>\n<meta property=\"og:type\" content=\"article\" \/>\n<meta property=\"og:title\" content=\"Spil det britiske Thunderball-lotteri online, selv fra et sted uden for Storbritannien\" \/>\n<meta property=\"og:description\" content=\"Lotterifans fra lande uden for Storbritannien kan spille Thunderball online nu - f\u00e5 dine lodder online via vores messenger-tjeneste.\" \/>\n<meta property=\"og:url\" content=\"https:\/\/jackpotlotteryonline.com\/da\/saadan-spiller-du\/thunderball\/\" \/>\n<meta property=\"og:site_name\" content=\"Lotto Online - Crack The International Lottery Jackpots\" \/>\n<meta property=\"article:modified_time\" content=\"2022-12-31T13:45:47+00:00\" \/>\n<meta property=\"og:image\" content=\"https:\/\/jackpotlotteryonline.com\/wp-content\/uploads\/2022\/11\/lotteryticket.jpg\" \/>\n<meta name=\"twitter:card\" content=\"summary_large_image\" \/>\n<meta name=\"twitter:label1\" content=\"Estimeret l\u00e6setid\" \/>\n\t<meta name=\"twitter:data1\" content=\"6 minutter\" \/>\n<!-- \/ Yoast SEO plugin. -->","yoast_head_json":{"title":"Spil det britiske Thunderball-lotteri online, selv fra et sted uden for Storbritannien","description":"Lotterifans fra lande uden for Storbritannien kan spille Thunderball online nu - f\u00e5 dine lodder online via vores messenger-tjeneste.","robots":{"index":"index","follow":"follow","max-snippet":"max-snippet:-1","max-image-preview":"max-image-preview:large","max-video-preview":"max-video-preview:-1"},"canonical":"https:\/\/jackpotlotteryonline.com\/da\/saadan-spiller-du\/thunderball\/","og_locale":"da_DK","og_type":"article","og_title":"Spil det britiske Thunderball-lotteri online, selv fra et sted uden for Storbritannien","og_description":"Lotterifans fra lande uden for Storbritannien kan spille Thunderball online nu - f\u00e5 dine lodder online via vores messenger-tjeneste.","og_url":"https:\/\/jackpotlotteryonline.com\/da\/saadan-spiller-du\/thunderball\/","og_site_name":"Lotto Online - Crack The International Lottery Jackpots","article_modified_time":"2022-12-31T13:45:47+00:00","og_image":[{"url":"https:\/\/jackpotlotteryonline.com\/wp-content\/uploads\/2022\/11\/lotteryticket.jpg"}],"twitter_card":"summary_large_image","twitter_misc":{"Estimeret l\u00e6setid":"6 minutter"},"schema":{"@context":"https:\/\/schema.org","@graph":[{"@type":"WebPage","@id":"https:\/\/jackpotlotteryonline.com\/da\/saadan-spiller-du\/thunderball\/","url":"https:\/\/jackpotlotteryonline.com\/da\/saadan-spiller-du\/thunderball\/","name":"Spil det britiske Thunderball-lotteri online, selv fra et sted uden for Storbritannien","isPartOf":{"@id":"https:\/\/jackpotlotteryonline.com\/#website"},"primaryImageOfPage":{"@id":"https:\/\/jackpotlotteryonline.com\/da\/saadan-spiller-du\/thunderball\/#primaryimage"},"image":{"@id":"https:\/\/jackpotlotteryonline.com\/da\/saadan-spiller-du\/thunderball\/#primaryimage"},"thumbnailUrl":"https:\/\/jackpotlotteryonline.com\/wp-content\/uploads\/2022\/11\/lotteryticket.jpg","datePublished":"2022-12-08T06:38:52+00:00","dateModified":"2022-12-31T13:45:47+00:00","description":"Lotterifans fra lande uden for Storbritannien kan spille Thunderball online nu - f\u00e5 dine lodder online via vores messenger-tjeneste.","breadcrumb":{"@id":"https:\/\/jackpotlotteryonline.com\/da\/saadan-spiller-du\/thunderball\/#breadcrumb"},"inLanguage":"da-DK","potentialAction":[{"@type":"ReadAction","target":["https:\/\/jackpotlotteryonline.com\/da\/saadan-spiller-du\/thunderball\/"]}]},{"@type":"ImageObject","inLanguage":"da-DK","@id":"https:\/\/jackpotlotteryonline.com\/da\/saadan-spiller-du\/thunderball\/#primaryimage","url":"https:\/\/jackpotlotteryonline.com\/wp-content\/uploads\/2022\/11\/lotteryticket.jpg","contentUrl":"https:\/\/jackpotlotteryonline.com\/wp-content\/uploads\/2022\/11\/lotteryticket.jpg"},{"@type":"BreadcrumbList","@id":"https:\/\/jackpotlotteryonline.com\/da\/saadan-spiller-du\/thunderball\/#breadcrumb","itemListElement":[{"@type":"ListItem","position":1,"name":"Home","item":"https:\/\/jackpotlotteryonline.com\/da\/"},{"@type":"ListItem","position":2,"name":"S\u00e5dan spiller du","item":"https:\/\/jackpotlotteryonline.com\/da\/saadan-spiller-du\/"},{"@type":"ListItem","position":3,"name":"Thunderball online &#8211; spil dette britiske lotteri fra hvor som helst"}]},{"@type":"WebSite","@id":"https:\/\/jackpotlotteryonline.com\/#website","url":"https:\/\/jackpotlotteryonline.com\/","name":"Lotto Online - Crack The International Lottery Jackpots","description":"","potentialAction":[{"@type":"SearchAction","target":{"@type":"EntryPoint","urlTemplate":"https:\/\/jackpotlotteryonline.com\/?s={search_term_string}"},"query-input":"required name=search_term_string"}],"inLanguage":"da-DK"}]}},"_links":{"self":[{"href":"https:\/\/jackpotlotteryonline.com\/da\/wp-json\/wp\/v2\/pages\/41029","targetHints":{"allow":["GET"]}}],"collection":[{"href":"https:\/\/jackpotlotteryonline.com\/da\/wp-json\/wp\/v2\/pages"}],"about":[{"href":"https:\/\/jackpotlotteryonline.com\/da\/wp-json\/wp\/v2\/types\/page"}],"author":[{"embeddable":true,"href":"https:\/\/jackpotlotteryonline.com\/da\/wp-json\/wp\/v2\/users\/1"}],"replies":[{"embeddable":true,"href":"https:\/\/jackpotlotteryonline.com\/da\/wp-json\/wp\/v2\/comments?post=41029"}],"version-history":[{"count":0,"href":"https:\/\/jackpotlotteryonline.com\/da\/wp-json\/wp\/v2\/pages\/41029\/revisions"}],"up":[{"embeddable":true,"href":"https:\/\/jackpotlotteryonline.com\/da\/wp-json\/wp\/v2\/pages\/35676"}],"wp:attachment":[{"href":"https:\/\/jackpotlotteryonline.com\/da\/wp-json\/wp\/v2\/media?parent=41029"}],"curies":[{"name":"wp","href":"https:\/\/api.w.org\/{rel}","templated":true}]}}