{"id":41081,"date":"2022-12-08T08:21:44","date_gmt":"2022-12-08T08:21:44","guid":{"rendered":"https:\/\/jackpotlotteryonline.com\/?page_id=41081"},"modified":"2022-12-29T08:08:57","modified_gmt":"2022-12-29T08:08:57","slug":"uk-lottery","status":"publish","type":"page","link":"https:\/\/jackpotlotteryonline.com\/da\/vindernumre\/uk-lottery\/","title":{"rendered":"Resultater af lodtr\u00e6kningen i Storbritannien"},"content":{"rendered":"<p>Det britiske lotteri er et interessant spil, fordi det kan g\u00f8re spillerne til million\u00e6rer. Mens det er popul\u00e6rt blandt spillere i Det Forenede Kongerige, er det ikke s\u00e6rlig kendt blandt internationale spillere. S\u00e5 hvis du \u00f8nsker at pr\u00f8ve kr\u00e6fter med et internationalt lotteri, hvorfor s\u00e5 ikke pr\u00f8ve dette lotteri? Selv om pr\u00e6mierne ikke er garanteret, er det nemt at v\u00e6lge et vindernummer.<\/p>\n<p>Der er dog \u00e9n ting, du skal v\u00e6re opm\u00e6rksom p\u00e5. Hvis du vinder dette lotto, kan vi ikke rigtig sige, hvor meget du vil g\u00e5 hjem med. Det skyldes, at jackpotpr\u00e6mien udg\u00f8r 52 % af lottokassen. Hvis der ikke er mange solgte lodder, vil du ikke g\u00e5 hjem med meget. Nej, det har ikke noget med os at g\u00f8re og er en regel fra lottoselskabet.<\/p>\n<p>Du kan tjekke vores hjemmeside p\u00e5 jackpotlottery.com for at deltage i dette lotto eller v\u00e6lge mellem en r\u00e6kke andre lotterier. Der er internationale toplotterier, som du kan spille p\u00e5 vores hjemmeside, og de lader dig beholde dine gevinster. Eller du kan pr\u00f8ve dette i stedet. Det er helt op til dig.<\/p>\n<section class=\"layout\" style=\"border: solid 1px; width: 100%;\">\n<div class=\"img-div\" style=\"margin-top: 5px;\"><img decoding=\"async\" class=\"wp-image-17212 alignleft\" style=\"height: 45px; margin: 8px 8px 0px;\" src=\"http:\/\/jackpotlotteryonline.com\/wp-content\/uploads\/2022\/11\/read1.jpg\" alt=\"l\u00e6s\" width=\"\" height=\"\" \/><\/div>\n<div style=\"padding-left: 5px;\">\n<div style=\"font-size: 1.1em;\">\n<p><strong>Hvilket internationalt lotteri er det bedste?<\/strong><\/p>\n<p style=\"font-size: 0.85em; margin-top: -1.5em;\">Hvilket af de internationale lotterier har de bedste odds for at vinde bg<a href=\"https:\/\/jackpotlotteryonline.com\/da\/hvilket-internationalt-lotteri-er-det-bedste\"> L\u00e6s mere<\/a><\/p>\n<\/div>\n<\/div>\n<\/section>\n<h2>S\u00e5dan spiller du det britiske lotteri<\/h2>\n<p><img loading=\"lazy\" decoding=\"async\" class=\"alignright size-full wp-image-27482\" src=\"http:\/\/jackpotlotteryonline.com\/wp-content\/uploads\/2022\/11\/1_lottery_jackpot3.jpg\" alt=\"spille det britiske lotteri\" width=\"245\" height=\"123\" \/>Ligesom i andre lottospil skal du v\u00e6lge 6 numre fra en pulje p\u00e5 1 til 49. Under tr\u00e6kningerne v\u00e6lges der ogs\u00e5 et bonusnummer tilf\u00e6ldigt, og dette bruges til at bestemme pr\u00e6mien. Vi er ikke s\u00e6rligt begejstrede for at anbefale dette lotto. Selv hvis du matcher de udtrukne tal, kan vi ikke garantere, hvad du f\u00e5r med hjem.<\/p>\n<p>Hvis du bes\u00f8ger vores websted, kan du deltage i andre spil som US Powerball og Mega Millions. Ved disse lotterier er den mindste jackpot p\u00e5 40 millioner dollars. Der er ogs\u00e5 andre europ\u00e6iske lotterier, som du kan spille, som f.eks. Euromillions og Eurojackpot.<\/p>\n<p>Kernen i at spille disse spil er at vinde stort, og det er vores dr\u00f8m for vores kunder.<\/p>\n<h2>Tr\u00e6kningerne<\/h2>\n<p>Det britiske lotteri afholder to tr\u00e6kninger hver uge, onsdag og l\u00f8rdag. S\u00e5 n\u00e5r du k\u00f8ber en lottokupon, kan du v\u00e6lge at deltage i en enkelt tr\u00e6kning eller flere tr\u00e6kninger. At deltage i flere tr\u00e6kninger er en god m\u00e5de at \u00f8ge dine chancer for at vinde en pr\u00e6mie p\u00e5.<\/p>\n<h2>At vinde i det britiske lotteri<\/h2>\n<p>For at vinde dette lottospil skal spillerne matche mindst tre hovedtal med de trukne resultater. Jackpotten er normalt p\u00e5 omkring \u00a33.000.000.000, selv om den kan v\u00e6re mere eller mindre. For at vinde jackpotten skal du matche alle de seks udtrukne numre.<\/p>\n<p>Der er andre pr\u00e6mieinddelinger for dette lottospil, og vi vil n\u00e6vne dem om et \u00f8jeblik.<\/p>\n<p>Husk, at lotto er et tilf\u00e6ldighedsspil, og der er ingen bestemt m\u00e5de at vinde p\u00e5. Den bedste strategi indtil videre er at k\u00f8be flere lodder og deltage i flere tr\u00e6kninger. Dette er en m\u00e5de at \u00f8ge dine chancer for at vinde en pr\u00e6mie p\u00e5. Det g\u00e6lder for alle de lottospil, du v\u00e6lger at spille.<\/p>\n<h2>Pr\u00e6mieinddelinger<\/h2>\n<p>Det, vi deler, er et eksempel p\u00e5 pr\u00e6miefordelingen for en bestemt britisk lottotr\u00e6kning. Bem\u00e6rk, at de \u00f8vrige pr\u00e6mier er en procentdel af pr\u00e6miefonden. Det betyder, at hvis der er flere vindere, vil pr\u00e6mien blive delt mellem dem, hvis der er flere vindere.<\/p>\n<p>Afdeling 1: Match 6 &#8211; 2 000 000 000 \u00a3 (jackpot)<\/p>\n<p>Division 2: Match 5 + bonus &#8211; 1 000 000 \u00a3<\/p>\n<p>Afdeling 3: Match 5 &#8211; 1 750 \u00a3<\/p>\n<p>Afdeling 4: Match 4 &#8211; 140 \u00a3<\/p>\n<p>Afdeling 5: Match 3 &#8211; 30 \u00a3<\/p>\n<p>Afdeling 6: Match 2 &#8211; gratis lotto heldig dip<\/p>\n<p>Forst\u00e5, at selv hvis du vinder disse pr\u00e6mier, er det viste bel\u00f8b ikke det bel\u00f8b, du vil modtage som udbetaling. Det skyldes, at ca. 45 % af lottoens midler g\u00e5r til pr\u00e6miepenge. S\u00e5 det kan v\u00e6re mindre eller mere, afh\u00e6ngigt af hvad der er i fonden.<\/p>\n<h2>G\u00f8r krav p\u00e5 dine gevinster<\/h2>\n<p>Lottoselskabet har nogle f\u00e5 regler, n\u00e5r det g\u00e6lder om at g\u00f8re krav p\u00e5 dine gevinster.<\/p>\n<ul>\n<li>Du skal v\u00e6re 18+ for at deltage i lotto<\/li>\n<li>Gevinster skal kr\u00e6ves inden for 180 dage efter tr\u00e6kningen. Den eneste undtagelse er, hvis du har p\u00e5begyndt proceduren inden for 7 dage.<\/li>\n<li>Instant win-spil skal kr\u00e6ves inden for 180 dage, n\u00e5r du har k\u00f8bt instant win-spillet<\/li>\n<li>Skrabelodsspil skal ogs\u00e5 kr\u00e6ves inden for 180 dage fra det tidspunkt, hvor du k\u00f8bte skrabeloddet<\/li>\n<\/ul>\n<p>Hvis du <a href=\"https:\/\/jackpotlotteryonline.com\/da\/saadan-spiller-du\/uk-lottery\">spiller lotteri p\u00e5 vores websted<\/a>, g\u00f8r vi det nemt for dig at kr\u00e6ve dine gevinster. For gevinster, der er p\u00e5 \u20ac2500 eller mindre, kan du f\u00e5 adgang til dem lige her p\u00e5 vores websted. Det skyldes, at lottoselskabet udbetaler det direkte til vores websted, og du kan derefter h\u00e6ve det til din konto. Hvis det er mere end 2.500 \u20ac, skal du kr\u00e6ve din gevinst direkte fra lottoselskabet. Vi hj\u00e6lper dig med det ved at give dig en formular, som du kan udfylde, s\u00e5 du skal ikke bekymre dig om det.<\/p>\n<h2>S\u00e5dan tjekker du dine vindertal<\/h2>\n<p><img loading=\"lazy\" decoding=\"async\" class=\"alignright size-medium wp-image-27563\" src=\"http:\/\/jackpotlotteryonline.com\/wp-content\/uploads\/2022\/11\/1_lottery_numbers_draw_results-300x201.jpg\" alt=\"vinde det britiske lotteri\" width=\"300\" height=\"201\" srcset=\"https:\/\/jackpotlotteryonline.com\/wp-content\/uploads\/2022\/11\/1_lottery_numbers_draw_results-300x201.jpg 300w, https:\/\/jackpotlotteryonline.com\/wp-content\/uploads\/2022\/11\/1_lottery_numbers_draw_results.jpg 320w\" sizes=\"auto, (max-width: 300px) 100vw, 300px\" \/>For at vide, om du har vundet en gevinst eller ej, skal du f\u00f8rst og fremmest tjekke de udtrukne numre. Der er flere m\u00e5der at g\u00f8re dette p\u00e5, hvis du spiller online. Men langt den mest effektive er at vende tilbage her for at tjekke tr\u00e6kningsresultaterne. Vi offentligg\u00f8r de udtrukne numre efter hver tr\u00e6kning.<\/p>\n<p>Hvis du har registreret dig hos os, sender vi dig ogs\u00e5 en e-mail for at fort\u00e6lle dig, om du har vundet en pr\u00e6mie. Det er faktisk en af de vigtigste fordele ved at spille lotto hos os. Bortset fra at du kan f\u00e5 adgang til tonsvis af internationale lotterier. N\u00e5r du spiller hos os, beh\u00f8ver du ikke at bekymre dig om at g\u00e5 glip af din gevinst. Vi giver dig nemlig besked, hvis du har vundet en pr\u00e6mie. Hvis den er under 2.500 \u20ac, vil den ogs\u00e5 sidde p\u00e6nt p\u00e5 din konto, n\u00e6ste gang du logger ind.<\/p>\n<h2>Fordele ved at spille lotteri hos os<\/h2>\n<ul>\n<li>Du f\u00e5r adgang til de bedste internationale lotterier fra \u00e9t praktisk sted<\/li>\n<li>Vi er et concierge-site. Det betyder, at du ikke satser p\u00e5 resultatet af lotteriet. Du k\u00f8ber faktisk en adgang til lotteriet, uanset hvor du befinder dig<\/li>\n<li>Du kan tilmelde dig lodtr\u00e6kningerne flere uger i forvejen ved at bruge vores abonnementstjeneste<\/li>\n<li>Du kan se resultaterne af lodtr\u00e6kningerne lige her p\u00e5 vores websted<\/li>\n<li>Vi giver dig besked, hvis du vinder en pr\u00e6mie<\/li>\n<li>Du kan nemt udbetale dine gevinster fra vores websted til din bank<\/li>\n<\/ul>\n<p>Der er s\u00e5 mange fordele, n\u00e5r du spiller lotteri fra vores side. Vi fokuserer p\u00e5 at levere den mest bekvemme og problemfri service til vores kunder, s\u00e5 de kan nyde lottospil.<\/p>\n<h2>Tjek dine lotto vindertal her<\/h2>\n<p>Vi n\u00e6vnte, at vi giver adgang til flere internationale lotterier. Ikke alene kan du<a href=\"https:\/\/jackpotlotteryonline.com\/da\/koeb-billetter\/uk-lottery\"> k\u00f8be dine lodder hvor som helst<\/a>, men du kan ogs\u00e5 tjekke de udtrukne numre. Uanset hvilket lottospil du v\u00e6lger at spille, vil vi offentligg\u00f8re resultaterne lige her p\u00e5 vores hjemmeside.<\/p>\n<p>Det bedste af det hele er, at hvis du vinder en gevinst, beh\u00f8ver du ikke at bekymre dig om, hvad der vil ske med din gevinst. Vi tager ikke nogen procentdel af dine gevinster; hvad du end vinder, er det hele dit. Og du kan nemt udbetale det fra vores platform.<\/p>\n<p>Det har aldrig v\u00e6ret nemmere og problemfrit at spille lotterier. Hvorfor ikke registrere dig hos os i dag for at opleve forn\u00f8jelsen af bekvemme og stressfrie lottospil?<\/p>\n","protected":false},"excerpt":{"rendered":"<p>Det britiske lotteri er et interessant spil, fordi det kan g\u00f8re spillerne til million\u00e6rer. Mens det er popul\u00e6rt blandt spillere i Det Forenede Kongerige, er det ikke s\u00e6rlig kendt blandt internationale spillere. S\u00e5 hvis du \u00f8nsker at pr\u00f8ve kr\u00e6fter med et internationalt lotteri, hvorfor s\u00e5 ikke pr\u00f8ve dette lotteri? Selv om pr\u00e6mierne ikke er garanteret, [&hellip;]<\/p>\n","protected":false},"author":1,"featured_media":0,"parent":35818,"menu_order":10,"comment_status":"closed","ping_status":"closed","template":"lotto-uk-results.php","meta":{"_et_pb_use_builder":"","_et_pb_old_content":"","_et_gb_content_width":"","exclude_from_search":false,"footnotes":""},"class_list":["post-41081","page","type-page","status-publish","hentry"],"yoast_head":"<!-- This site is optimized with the Yoast SEO plugin v23.3 - https:\/\/yoast.com\/wordpress\/plugins\/seo\/ -->\n<title>Vindernumre og tr\u00e6kningsresultater i UK Lottery<\/title>\n<meta name=\"description\" content=\"Lige efter tr\u00e6kningen finder du her alle resultater og vindernumre for det britiske lotteri\" \/>\n<meta name=\"robots\" content=\"index, follow, max-snippet:-1, max-image-preview:large, max-video-preview:-1\" \/>\n<link rel=\"canonical\" href=\"https:\/\/jackpotlotteryonline.com\/da\/vindernumre\/uk-lottery\/\" \/>\n<meta property=\"og:locale\" content=\"da_DK\" \/>\n<meta property=\"og:type\" content=\"article\" \/>\n<meta property=\"og:title\" content=\"Vindernumre og tr\u00e6kningsresultater i UK Lottery\" \/>\n<meta property=\"og:description\" content=\"Lige efter tr\u00e6kningen finder du her alle resultater og vindernumre for det britiske lotteri\" \/>\n<meta property=\"og:url\" content=\"https:\/\/jackpotlotteryonline.com\/da\/vindernumre\/uk-lottery\/\" \/>\n<meta property=\"og:site_name\" content=\"Lotto Online - Crack The International Lottery Jackpots\" \/>\n<meta property=\"article:modified_time\" content=\"2022-12-29T08:08:57+00:00\" \/>\n<meta property=\"og:image\" content=\"http:\/\/jackpotlotteryonline.com\/wp-content\/uploads\/2022\/11\/read1.jpg\" \/>\n<meta name=\"twitter:card\" content=\"summary_large_image\" \/>\n<meta name=\"twitter:label1\" content=\"Estimeret l\u00e6setid\" \/>\n\t<meta name=\"twitter:data1\" content=\"6 minutter\" \/>\n<!-- \/ Yoast SEO plugin. -->","yoast_head_json":{"title":"Vindernumre og tr\u00e6kningsresultater i UK Lottery","description":"Lige efter tr\u00e6kningen finder du her alle resultater og vindernumre for det britiske lotteri","robots":{"index":"index","follow":"follow","max-snippet":"max-snippet:-1","max-image-preview":"max-image-preview:large","max-video-preview":"max-video-preview:-1"},"canonical":"https:\/\/jackpotlotteryonline.com\/da\/vindernumre\/uk-lottery\/","og_locale":"da_DK","og_type":"article","og_title":"Vindernumre og tr\u00e6kningsresultater i UK Lottery","og_description":"Lige efter tr\u00e6kningen finder du her alle resultater og vindernumre for det britiske lotteri","og_url":"https:\/\/jackpotlotteryonline.com\/da\/vindernumre\/uk-lottery\/","og_site_name":"Lotto Online - Crack The International Lottery Jackpots","article_modified_time":"2022-12-29T08:08:57+00:00","og_image":[{"url":"http:\/\/jackpotlotteryonline.com\/wp-content\/uploads\/2022\/11\/read1.jpg"}],"twitter_card":"summary_large_image","twitter_misc":{"Estimeret l\u00e6setid":"6 minutter"},"schema":{"@context":"https:\/\/schema.org","@graph":[{"@type":"WebPage","@id":"https:\/\/jackpotlotteryonline.com\/da\/vindernumre\/uk-lottery\/","url":"https:\/\/jackpotlotteryonline.com\/da\/vindernumre\/uk-lottery\/","name":"Vindernumre og tr\u00e6kningsresultater i UK Lottery","isPartOf":{"@id":"https:\/\/jackpotlotteryonline.com\/#website"},"primaryImageOfPage":{"@id":"https:\/\/jackpotlotteryonline.com\/da\/vindernumre\/uk-lottery\/#primaryimage"},"image":{"@id":"https:\/\/jackpotlotteryonline.com\/da\/vindernumre\/uk-lottery\/#primaryimage"},"thumbnailUrl":"http:\/\/jackpotlotteryonline.com\/wp-content\/uploads\/2022\/11\/read1.jpg","datePublished":"2022-12-08T08:21:44+00:00","dateModified":"2022-12-29T08:08:57+00:00","description":"Lige efter tr\u00e6kningen finder du her alle resultater og vindernumre for det britiske lotteri","breadcrumb":{"@id":"https:\/\/jackpotlotteryonline.com\/da\/vindernumre\/uk-lottery\/#breadcrumb"},"inLanguage":"da-DK","potentialAction":[{"@type":"ReadAction","target":["https:\/\/jackpotlotteryonline.com\/da\/vindernumre\/uk-lottery\/"]}]},{"@type":"ImageObject","inLanguage":"da-DK","@id":"https:\/\/jackpotlotteryonline.com\/da\/vindernumre\/uk-lottery\/#primaryimage","url":"http:\/\/jackpotlotteryonline.com\/wp-content\/uploads\/2022\/11\/read1.jpg","contentUrl":"http:\/\/jackpotlotteryonline.com\/wp-content\/uploads\/2022\/11\/read1.jpg"},{"@type":"BreadcrumbList","@id":"https:\/\/jackpotlotteryonline.com\/da\/vindernumre\/uk-lottery\/#breadcrumb","itemListElement":[{"@type":"ListItem","position":1,"name":"Home","item":"https:\/\/jackpotlotteryonline.com\/da\/"},{"@type":"ListItem","position":2,"name":"Resultater af lotteriet","item":"https:\/\/jackpotlotteryonline.com\/winning-numbers\/"},{"@type":"ListItem","position":3,"name":"Resultater af lodtr\u00e6kningen i Storbritannien"}]},{"@type":"WebSite","@id":"https:\/\/jackpotlotteryonline.com\/#website","url":"https:\/\/jackpotlotteryonline.com\/","name":"Lotto Online - Crack The International Lottery Jackpots","description":"","potentialAction":[{"@type":"SearchAction","target":{"@type":"EntryPoint","urlTemplate":"https:\/\/jackpotlotteryonline.com\/?s={search_term_string}"},"query-input":"required name=search_term_string"}],"inLanguage":"da-DK"}]}},"_links":{"self":[{"href":"https:\/\/jackpotlotteryonline.com\/da\/wp-json\/wp\/v2\/pages\/41081","targetHints":{"allow":["GET"]}}],"collection":[{"href":"https:\/\/jackpotlotteryonline.com\/da\/wp-json\/wp\/v2\/pages"}],"about":[{"href":"https:\/\/jackpotlotteryonline.com\/da\/wp-json\/wp\/v2\/types\/page"}],"author":[{"embeddable":true,"href":"https:\/\/jackpotlotteryonline.com\/da\/wp-json\/wp\/v2\/users\/1"}],"replies":[{"embeddable":true,"href":"https:\/\/jackpotlotteryonline.com\/da\/wp-json\/wp\/v2\/comments?post=41081"}],"version-history":[{"count":0,"href":"https:\/\/jackpotlotteryonline.com\/da\/wp-json\/wp\/v2\/pages\/41081\/revisions"}],"up":[{"embeddable":true,"href":"https:\/\/jackpotlotteryonline.com\/da\/wp-json\/wp\/v2\/pages\/35818"}],"wp:attachment":[{"href":"https:\/\/jackpotlotteryonline.com\/da\/wp-json\/wp\/v2\/media?parent=41081"}],"curies":[{"name":"wp","href":"https:\/\/api.w.org\/{rel}","templated":true}]}}