{"id":41133,"date":"2022-12-08T10:30:47","date_gmt":"2022-12-08T10:30:47","guid":{"rendered":"https:\/\/jackpotlotteryonline.com\/?page_id=41133"},"modified":"2022-12-29T10:16:41","modified_gmt":"2022-12-29T10:16:41","slug":"set-for-life","status":"publish","type":"page","link":"https:\/\/jackpotlotteryonline.com\/da\/vindernumre\/set-for-life\/","title":{"rendered":"Set for Life-lodtr\u00e6kningsresultater"},"content":{"rendered":"<p>Set for Life-lotteriet er Storbritanniens annuitetslotteri, der giver spillerne mulighed for at vinde en livs\u00e6ndrende pr\u00e6mie. Livsforandrende, idet vinderne f\u00e5r 10 000 pund hver m\u00e5ned i 30 \u00e5r. Det er n\u00e6sten som at vinde jackpotten hver m\u00e5ned resten af livet.<\/p>\n<p>Spillere i hele verden kan nu deltage i <a href=\"https:\/\/jackpotlotteryonline.com\/da\/koeb-billetter\/set-for-life\">det britiske annuitetslotteri ved at k\u00f8be lodder online.<\/a> De kan ogs\u00e5 tjekke de vindende numre online og f\u00e5 adgang til deres gevinster ogs\u00e5.<\/p>\n<p>N\u00e5r du <a href=\"https:\/\/jackpotlotteryonline.com\/da\/saadan-spiller-du\/set-for-life\">spiller lotto med jackpotlotteryonline.com<\/a>, har du praktisk talt en one-stop-shop til alle dine lotteribehov. Du kan fokusere p\u00e5 at vinde i lotteriet ved at k\u00f8be lodder til de bedste internationale lotterier online.<\/p>\n<section class=\"layout\" style=\"border: solid 1px; width: 100%;\">\n<div class=\"img-div\" style=\"margin-top: 5px;\"><img decoding=\"async\" class=\"wp-image-17212 alignleft\" style=\"height: 45px; margin: 8px 8px 0px;\" src=\"https:\/\/jackpotlotteryonline.com\/wp-content\/uploads\/2022\/11\/read1.jpg\" alt=\"l\u00e6s\" width=\"\" height=\"\" \/><\/div>\n<div style=\"padding-left: 5px;\">\n<div style=\"font-size: 1.1em;\">\n<p><strong>Er det lovligt at spille lotterier fra andre lande online?<\/strong><\/p>\n<p style=\"font-size: 0.85em; margin-top: -1.5em;\">Er det lovligt at k\u00f8be en lottokupon online, og f\u00e5r jeg rent faktisk penge?\u00a0 <a href=\"https:\/\/jackpotlotteryonline.com\/da\/er-det-lovligt-at-spille-lotterier-fra-andre-lande-online\">L\u00e6s mere<\/a><\/p>\n<\/div>\n<\/div>\n<\/section>\n<h2>Hvorfor spille online?<\/h2>\n<p>F\u00f8rst og fremmest, hvis du ikke bor i Storbritannien, bliver det ret sv\u00e6rt for dig at k\u00f8be en billet til dette lotteri. Dybest set er den eneste m\u00e5de, hvorp\u00e5 du kan spille Set for Life uden for Storbritannien, at g\u00f8re det online. For det andet, n\u00e5r du ser, hvor bekvemt det er at spille online, vil du ikke \u00f8nske at spille lotteriet p\u00e5 nogen anden m\u00e5de.<\/p>\n<p><strong>Kort fortalt er her nogle af de store fordele ved at spille lotteriet online:<\/strong><img loading=\"lazy\" decoding=\"async\" class=\"alignright size-medium wp-image-27941\" src=\"https:\/\/jackpotlotteryonline.com\/wp-content\/uploads\/2022\/11\/1_lottery_winner_ticket-200x300.jpg\" alt=\"spille s\u00e6t for livet\" width=\"200\" height=\"300\" srcset=\"https:\/\/jackpotlotteryonline.com\/wp-content\/uploads\/2022\/11\/1_lottery_winner_ticket-200x300.jpg 200w, https:\/\/jackpotlotteryonline.com\/wp-content\/uploads\/2022\/11\/1_lottery_winner_ticket.jpg 320w\" sizes=\"auto, (max-width: 200px) 100vw, 200px\" \/><\/p>\n<ul>\n<li>Du f\u00e5r \u00f8jeblikkelig adgang til at spille dine vindertal for hver tr\u00e6kning<\/li>\n<li>Du kan indstille dine indgange flere uger i forvejen<\/li>\n<li>Du kan nemt tjekke de vindende numre<\/li>\n<li>F\u00e5 adgang til dine gevinster uden stress<\/li>\n<\/ul>\n<p>Der er s\u00e5 mange fordele, n\u00e5r du spiller lotto online. Og n\u00e5r du spiller hos os p\u00e5 jackpotlotteryonline.com, oplever du den lethed og bekvemmelighed, det er at have lotteriet lige ved h\u00e5nden. Som et concierge-websted h\u00e5ndterer vi detaljerne for dig, mens du koncentrerer dig om at v\u00e6lge dine vindertal med lethed. Det er en win-win for alle.<\/p>\n<h2>Hvad er de vindende numre i Set for Life?<\/h2>\n<p>Den eneste m\u00e5de at vide, om du har de vindende numre, er at vide, hvordan man spiller dette britiske lotteri. For at spille skal du v\u00e6lge 5 numre fra 1 til 47 og 1 Life Ball-nummer fra 1 til 10. N\u00e5r du har valgt tallene, er det n\u00e6ste skridt at deltage i de tr\u00e6kninger, du \u00f8nsker at deltage i.<\/p>\n<p>Set for Life har to tr\u00e6kningsdage om ugen, mandag og torsdag. Det betyder to chancer for at vinde i lotteriet. Du kan naturligvis deltage i begge tr\u00e6kninger, da dette er en m\u00e5de at \u00f8ge dine chancer for at vinde i lotteriet p\u00e5.<\/p>\n<p>Efter tr\u00e6kningerne skal du kontrollere resultaterne for at se, om du har den vindende kombination. Den, der har de vindende tal, vinder lotteriet.<\/p>\n<h2>Tre m\u00e5der at tjekke resultaterne af lodtr\u00e6kningen p\u00e5<\/h2>\n<p>Der er tre m\u00e5der, hvorp\u00e5 du kan tjekke vinderkombinationen for dette britiske lotteri. Hvis du bor i Storbritannien, kan du nemt se de direkte tr\u00e6kninger p\u00e5 tv. Hvis du imidlertid arbejder p\u00e5 det tidspunkt, eller hvis du har en anden funktion, s\u00e5 vil det ikke fungere for dig.<\/p>\n<p>Et andet alternativ er at tjekke online for resultaterne af tr\u00e6kningerne. Forskellige websteder offentligg\u00f8r resultaterne, is\u00e6r den vindende kombination til jackpotten. Da der er andre pr\u00e6miekategorier i lotteriet, kan du naturligvis v\u00e6re interesseret i andre vinderkombinationer end jackpotten.<\/p>\n<p>Den bedste m\u00e5de at tjekke tr\u00e6kningsresultaterne p\u00e5 er at vende tilbage til denne side efter hver tr\u00e6kning. Vi offentligg\u00f8r tr\u00e6kningsresultaterne lige her, og vi tager os tid til at vise de vindende kombinationer p\u00e5 tv\u00e6rs af alle pr\u00e6miekategorier. Hvis du har k\u00f8bt din kupon hos os, sender vi dig desuden en e-mail, hvis du har en vinderkupon.<\/p>\n<h2>Set for Life-priskategorier<\/h2>\n<p>Hovedpr\u00e6mien i dette britiske lotteri er en fantastisk pr\u00e6mie p\u00e5 10.000 \u00a3 hver m\u00e5ned i de n\u00e6ste 30 \u00e5r. Forestil dig at vinde et s\u00e5dant bel\u00f8b hver m\u00e5ned i 30 \u00e5r. Med en s\u00e5dan pr\u00e6mie er det let at se, hvorfor spillere over hele verden er ivrige efter at f\u00e5 den vindende kombination til dette lotteri.<\/p>\n<p>Ud over at vinde f\u00f8rstepr\u00e6mien er der andre sp\u00e6ndende pr\u00e6mier, som spillerne kan vinde med dette lotteri. Her er pr\u00e6miekategorierne.<\/p>\n<p>Kategori 1: Match 5 + Life Ball &#8211; 10.000 \u00a3 hver m\u00e5ned i 30 \u00e5r<\/p>\n<p>Kategori 2: Kun Match 5 &#8211; 10 000 \u00a3 hver m\u00e5ned i 1 \u00e5r<\/p>\n<p>Kategori 3: Match 4 + LIfe Ball &#8211; 250 \u00a3<\/p>\n<p>Kategori 4: Kun Match 4 &#8211; 50 \u00a3<\/p>\n<p>Kategori 5: Match 3 + Life Ball &#8211; 30 \u00a3<\/p>\n<p>Kategori 6: Kun match 3 &#8211; 20 \u00a3<\/p>\n<p>Kategori 7: Match 2 + Life Ball &#8211; 10 \u00a3<\/p>\n<p>Kategori 8: Kun match 2 &#8211; 5 \u00a3<\/p>\n<h2>Udbetaling af din gevinst<\/h2>\n<p>Vi n\u00e6vnte, at vi giver dig besked via e-mail og via din konto, hvis du har en gevinstkupon. Men hvordan udbetaler du dine gevinster, n\u00e5r du bor uden for Storbritannien? Dette er et sp\u00f8rgsm\u00e5l, som mange spillere bekymrer sig om. N\u00e5, men vi er her for at berolige dig med hensyn til dine gevinster.<\/p>\n<p>N\u00e5r du registrerer dig hos os og k\u00f8ber dine lottokuponer hos os, forenkler vi processen for dig. Som et concierge-site har vi skabt en problemfri proces, hvor du nemt kan udbetale dine gevinster. Med gevinster, der er under 2.500 euro, er alt du skal g\u00f8re at udbetale fra vores side til din konto.<\/p>\n<p>Hvis du har vundet en pr\u00e6mie, der er over dette bel\u00f8b, vil vi give dig en formular til at g\u00f8re krav g\u00e6ldende. P\u00e5 den m\u00e5de kan du kr\u00e6ve din gevinst direkte fra lotteriselskabet. S\u00e5 g\u00e5 i gang og k\u00f8b en lottokupon i dag for at f\u00e5 chancen for at f\u00e5 den vindende kombination.<\/p>\n","protected":false},"excerpt":{"rendered":"<p>Set for Life-lotteriet er Storbritanniens annuitetslotteri, der giver spillerne mulighed for at vinde en livs\u00e6ndrende pr\u00e6mie. Livsforandrende, idet vinderne f\u00e5r 10 000 pund hver m\u00e5ned i 30 \u00e5r. Det er n\u00e6sten som at vinde jackpotten hver m\u00e5ned resten af livet. Spillere i hele verden kan nu deltage i det britiske annuitetslotteri ved at k\u00f8be lodder [&hellip;]<\/p>\n","protected":false},"author":1,"featured_media":0,"parent":35818,"menu_order":11,"comment_status":"closed","ping_status":"closed","template":"set-for-life-results.php","meta":{"_et_pb_use_builder":"","_et_pb_old_content":"","_et_gb_content_width":"","exclude_from_search":false,"footnotes":""},"class_list":["post-41133","page","type-page","status-publish","hentry"],"yoast_head":"<!-- This site is optimized with the Yoast SEO plugin v23.3 - https:\/\/yoast.com\/wordpress\/plugins\/seo\/ -->\n<title>Set for Life vindernumre og tr\u00e6kningsresultat<\/title>\n<meta name=\"description\" content=\"Resultaterne af Set For Life lotteridragningerne, samt de vindende numre her p\u00e5 Jackpotlotteryonline.com\" \/>\n<meta name=\"robots\" content=\"index, follow, max-snippet:-1, max-image-preview:large, max-video-preview:-1\" \/>\n<link rel=\"canonical\" href=\"https:\/\/jackpotlotteryonline.com\/da\/vindernumre\/set-for-life\/\" \/>\n<meta property=\"og:locale\" content=\"da_DK\" \/>\n<meta property=\"og:type\" content=\"article\" \/>\n<meta property=\"og:title\" content=\"Set for Life vindernumre og tr\u00e6kningsresultat\" \/>\n<meta property=\"og:description\" content=\"Resultaterne af Set For Life lotteridragningerne, samt de vindende numre her p\u00e5 Jackpotlotteryonline.com\" \/>\n<meta property=\"og:url\" content=\"https:\/\/jackpotlotteryonline.com\/da\/vindernumre\/set-for-life\/\" \/>\n<meta property=\"og:site_name\" content=\"Lotto Online - Crack The International Lottery Jackpots\" \/>\n<meta property=\"article:modified_time\" content=\"2022-12-29T10:16:41+00:00\" \/>\n<meta property=\"og:image\" content=\"https:\/\/jackpotlotteryonline.com\/wp-content\/uploads\/2022\/11\/read1.jpg\" \/>\n<meta name=\"twitter:card\" content=\"summary_large_image\" \/>\n<meta name=\"twitter:label1\" content=\"Estimeret l\u00e6setid\" \/>\n\t<meta name=\"twitter:data1\" content=\"5 minutter\" \/>\n<!-- \/ Yoast SEO plugin. -->","yoast_head_json":{"title":"Set for Life vindernumre og tr\u00e6kningsresultat","description":"Resultaterne af Set For Life lotteridragningerne, samt de vindende numre her p\u00e5 Jackpotlotteryonline.com","robots":{"index":"index","follow":"follow","max-snippet":"max-snippet:-1","max-image-preview":"max-image-preview:large","max-video-preview":"max-video-preview:-1"},"canonical":"https:\/\/jackpotlotteryonline.com\/da\/vindernumre\/set-for-life\/","og_locale":"da_DK","og_type":"article","og_title":"Set for Life vindernumre og tr\u00e6kningsresultat","og_description":"Resultaterne af Set For Life lotteridragningerne, samt de vindende numre her p\u00e5 Jackpotlotteryonline.com","og_url":"https:\/\/jackpotlotteryonline.com\/da\/vindernumre\/set-for-life\/","og_site_name":"Lotto Online - Crack The International Lottery Jackpots","article_modified_time":"2022-12-29T10:16:41+00:00","og_image":[{"url":"https:\/\/jackpotlotteryonline.com\/wp-content\/uploads\/2022\/11\/read1.jpg"}],"twitter_card":"summary_large_image","twitter_misc":{"Estimeret l\u00e6setid":"5 minutter"},"schema":{"@context":"https:\/\/schema.org","@graph":[{"@type":"WebPage","@id":"https:\/\/jackpotlotteryonline.com\/da\/vindernumre\/set-for-life\/","url":"https:\/\/jackpotlotteryonline.com\/da\/vindernumre\/set-for-life\/","name":"Set for Life vindernumre og tr\u00e6kningsresultat","isPartOf":{"@id":"https:\/\/jackpotlotteryonline.com\/#website"},"primaryImageOfPage":{"@id":"https:\/\/jackpotlotteryonline.com\/da\/vindernumre\/set-for-life\/#primaryimage"},"image":{"@id":"https:\/\/jackpotlotteryonline.com\/da\/vindernumre\/set-for-life\/#primaryimage"},"thumbnailUrl":"https:\/\/jackpotlotteryonline.com\/wp-content\/uploads\/2022\/11\/read1.jpg","datePublished":"2022-12-08T10:30:47+00:00","dateModified":"2022-12-29T10:16:41+00:00","description":"Resultaterne af Set For Life lotteridragningerne, samt de vindende numre her p\u00e5 Jackpotlotteryonline.com","breadcrumb":{"@id":"https:\/\/jackpotlotteryonline.com\/da\/vindernumre\/set-for-life\/#breadcrumb"},"inLanguage":"da-DK","potentialAction":[{"@type":"ReadAction","target":["https:\/\/jackpotlotteryonline.com\/da\/vindernumre\/set-for-life\/"]}]},{"@type":"ImageObject","inLanguage":"da-DK","@id":"https:\/\/jackpotlotteryonline.com\/da\/vindernumre\/set-for-life\/#primaryimage","url":"https:\/\/jackpotlotteryonline.com\/wp-content\/uploads\/2022\/11\/read1.jpg","contentUrl":"https:\/\/jackpotlotteryonline.com\/wp-content\/uploads\/2022\/11\/read1.jpg"},{"@type":"BreadcrumbList","@id":"https:\/\/jackpotlotteryonline.com\/da\/vindernumre\/set-for-life\/#breadcrumb","itemListElement":[{"@type":"ListItem","position":1,"name":"Home","item":"https:\/\/jackpotlotteryonline.com\/da\/"},{"@type":"ListItem","position":2,"name":"Resultater af lotteriet","item":"https:\/\/jackpotlotteryonline.com\/winning-numbers\/"},{"@type":"ListItem","position":3,"name":"Set for Life-lodtr\u00e6kningsresultater"}]},{"@type":"WebSite","@id":"https:\/\/jackpotlotteryonline.com\/#website","url":"https:\/\/jackpotlotteryonline.com\/","name":"Lotto Online - Crack The International Lottery Jackpots","description":"","potentialAction":[{"@type":"SearchAction","target":{"@type":"EntryPoint","urlTemplate":"https:\/\/jackpotlotteryonline.com\/?s={search_term_string}"},"query-input":"required name=search_term_string"}],"inLanguage":"da-DK"}]}},"_links":{"self":[{"href":"https:\/\/jackpotlotteryonline.com\/da\/wp-json\/wp\/v2\/pages\/41133","targetHints":{"allow":["GET"]}}],"collection":[{"href":"https:\/\/jackpotlotteryonline.com\/da\/wp-json\/wp\/v2\/pages"}],"about":[{"href":"https:\/\/jackpotlotteryonline.com\/da\/wp-json\/wp\/v2\/types\/page"}],"author":[{"embeddable":true,"href":"https:\/\/jackpotlotteryonline.com\/da\/wp-json\/wp\/v2\/users\/1"}],"replies":[{"embeddable":true,"href":"https:\/\/jackpotlotteryonline.com\/da\/wp-json\/wp\/v2\/comments?post=41133"}],"version-history":[{"count":0,"href":"https:\/\/jackpotlotteryonline.com\/da\/wp-json\/wp\/v2\/pages\/41133\/revisions"}],"up":[{"embeddable":true,"href":"https:\/\/jackpotlotteryonline.com\/da\/wp-json\/wp\/v2\/pages\/35818"}],"wp:attachment":[{"href":"https:\/\/jackpotlotteryonline.com\/da\/wp-json\/wp\/v2\/media?parent=41133"}],"curies":[{"name":"wp","href":"https:\/\/api.w.org\/{rel}","templated":true}]}}