{"id":41187,"date":"2022-12-08T13:08:40","date_gmt":"2022-12-08T13:08:40","guid":{"rendered":"https:\/\/jackpotlotteryonline.com\/?page_id=41187"},"modified":"2022-12-29T19:46:12","modified_gmt":"2022-12-29T19:46:12","slug":"mega-sena","status":"publish","type":"page","link":"https:\/\/jackpotlotteryonline.com\/da\/vindernumre\/mega-sena\/","title":{"rendered":"Mega-Sena-lotteri tr\u00e6kningsresultater"},"content":{"rendered":"<p>Spillere i hele verden kan nu k\u00f8be lodder til Mega-Sena-lotteriet. Ikke nok med det, men n\u00e5r du spiller lotteriet, kan du tjekke Mega-Sena vindernumre online. En vigtig del af det at spille lotto er at tjekke tr\u00e6kningsresultaterne, s\u00e5 du ikke g\u00e5r glip af nogen pr\u00e6mier. Der er flere m\u00e5der at tjekke vindernumrene til det brasilianske lotteri p\u00e5, og det kommer vi ind p\u00e5 om lidt.<\/p>\n<p>Men hvis du har travlt med at kende resultaterne af den sidste tr\u00e6kning, kan du bes\u00f8ge jackpotlotteryonline.com for at f\u00e5 adgang til de bedste internationale lotterier.<\/p>\n<section class=\"layout\" style=\"border: solid 1px; width: 100%;\">\n<div class=\"img-div\" style=\"margin-top: 5px;\"><img decoding=\"async\" class=\"wp-image-17212 alignleft\" style=\"height: 45px; margin: 8px 8px 0px;\" src=\"https:\/\/jackpotlotteryonline.com\/wp-content\/uploads\/2022\/11\/read1.jpg\" alt=\"L\u00e6s \" width=\"\" height=\"\" \/><\/div>\n<div style=\"padding-left: 5px;\">\n<div style=\"font-size: 1.1em;\">\n<p><strong>Europ\u00e6iske Lotterier<\/strong><\/p>\n<p style=\"font-size: 0.85em; margin-top: -1.5em;\">Hvilke europ\u00e6iske lotterier er de bedste?\u00a0<a href=\"https:\/\/jackpotlotteryonline.com\/da\/hvilke-europaeiske-lotterier-er-de-bedste\"> L\u00e6s mere<\/a><\/p>\n<\/div>\n<\/div>\n<\/section>\n<h2>Grundl\u00e6ggende oplysninger om Mega-Sena-lotteriet<\/h2>\n<p>Mega-Sena er som ethvert andet lotteri p\u00e5 den m\u00e5de, det spilles p\u00e5. Du skal blot v\u00e6lge numre fra et bestemt udvalg. For det brasilianske lotteri v\u00e6lger du 6 fra et interval fra 1 til 60. Og det er det hele. Ingen ekstra- eller bonusnumre, kun de seks for dette lotteri.<\/p>\n<p>N\u00e5r du har valgt de tal, du \u00f8nsker, er det n\u00e6ste skridt at deltage i tr\u00e6kningerne. Mega-Sena har to ugentlige tr\u00e6kninger, onsdage og torsdage.<\/p>\n<h2>Mega-Sena vindertal<\/h2>\n<p><img loading=\"lazy\" decoding=\"async\" class=\"size-full wp-image-29102 alignright\" src=\"https:\/\/jackpotlotteryonline.com\/wp-content\/uploads\/2022\/11\/1_play_lottery_international.jpg\" alt=\"Mega-Sena vindernumre\" width=\"205\" height=\"147\" \/>Hvordan v\u00e6lger du dine Mega-Sena-vindertal? Forskellige spillere har forskellige m\u00e5der at v\u00e6lge det, der virker for dem. Du kan v\u00e6lge dine vindertal ved at bruge datoer, der er specielle for dig. Hvis du har heldige datoer eller tal, kan de v\u00e6re nyttige til at hj\u00e6lpe dig med at v\u00e6lge et nummer.<\/p>\n<p>Hvis du ikke har noget s\u00e6rligt nummer i tankerne, skal du ikke bekymre dig om det. N\u00e5r du<a href=\"https:\/\/jackpotlotteryonline.com\/da\/saadan-spiller-du\/mega-sena-2\"> spiller Mega-Sena hos os<\/a>, kan du bruge vores autogenerator til at v\u00e6lge tilf\u00e6ldige numre. N\u00e5r alt kommer til alt er det vigtigt at huske, at lotteriet er et tilf\u00e6ldigt spil. Den eneste rigtige m\u00e5de at \u00f8ge dine chancer for at vinde p\u00e5 er at k\u00f8be flere lodder og deltage i flere tr\u00e6kninger.<\/p>\n<p>Du kan spille lotto online ved at bes\u00f8ge vores side for Mega-Sena. Vi g\u00f8r det nemt for dig at deltage i en enkelt tr\u00e6kning eller flere tr\u00e6kninger. Du kan ogs\u00e5 k\u00f8be flere linjer p\u00e5 en kupon, hvilket giver dig flere deltagere i lotteriet.<\/p>\n<h2>Mega-Sena-pr\u00e6mier<\/h2>\n<p>Mega-Sena-lotteriet har en garanteret startjackpot p\u00e5 3 millioner brasilianske real. Det svarer til ca. 549467,87 \u20ac. Men hvis der ikke er nogen vinder efter en tr\u00e6kning, ruller jackpotten over til den n\u00e6ste tr\u00e6kning. Jackpotbel\u00f8bet kan s\u00e5ledes vokse ret stort, hvilket g\u00f8r det til en god forretning for spillere overalt.<\/p>\n<p>Derudover er oddsene for at vinde Mega-Sena 1 ud af 50 millioner. N\u00e5r du sammenligner det med andre internationale toplotterier, er det tydeligt at se, hvorfor det brasilianske lotteri er popul\u00e6rt blandt spillere.<\/p>\n<p>Det brasilianske lotteri adskiller sig ogs\u00e5 fra andre lotterier ved kun at tilbyde 3 pr\u00e6miekategorier, jackpotten inklusive. S\u00e5 hvis du vinder i lotteriet, betyder det, at du kan vinde en af f\u00f8lgende pr\u00e6mier.<\/p>\n<p>Jackpot &#8211; Sena: Match 6 &#8211; 35 % af pr\u00e6miepuljen<\/p>\n<p>Niveau 2 &#8211; Quina: Match 5 &#8211; 19 % af pr\u00e6miepuljen<\/p>\n<p>Tier 3 &#8211; Quadra: Match 4 &#8211; 19 % af pr\u00e6miepuljen<\/p>\n<h2>Indsamling af din pr\u00e6mie<\/h2>\n<p>Det n\u00e6ste skridt er at g\u00f8re krav p\u00e5 den pr\u00e6mie, du vinder, n\u00e5r du deltager i lotteriet. Hvordan du g\u00f8r krav p\u00e5 din gevinst afh\u00e6nger af, hvor du har k\u00f8bt din kupon. N\u00e5r du spiller lotteri online, er det vigtigt at k\u00f8be din kupon fra et websted, der giver dig chancen for at vinde i lotteriet. Nogle websteder lader dig kun spille p\u00e5 resultatet af lotteriet.<\/p>\n<p>N\u00e5r du <a href=\"https:\/\/jackpotlotteryonline.com\/da\/koeb-billetter\/mega-sena\">k\u00f8ber din lottokupon hos os<\/a>, f\u00e5r du adgang til lotteriet. Det skyldes, at vores agent i Brasilien vil k\u00f8be fysiske lodder med dine tilsvarende numre. Hvilket giver dig chancen for at vinde i lotteriet.<\/p>\n<p>S\u00e5 hvis du vinder pr\u00e6mier, skal du blot h\u00e6ve din gevinst fra vores hjemmeside til din konto. S\u00e5 enkelt er det. Bes\u00f8g vores vilk\u00e5r og betingelser for at finde ud af, hvordan du kan indl\u00f8se dine Mega-Sena vindertal.<\/p>\n","protected":false},"excerpt":{"rendered":"<p>Spillere i hele verden kan nu k\u00f8be lodder til Mega-Sena-lotteriet. Ikke nok med det, men n\u00e5r du spiller lotteriet, kan du tjekke Mega-Sena vindernumre online. En vigtig del af det at spille lotto er at tjekke tr\u00e6kningsresultaterne, s\u00e5 du ikke g\u00e5r glip af nogen pr\u00e6mier. Der er flere m\u00e5der at tjekke vindernumrene til det brasilianske [&hellip;]<\/p>\n","protected":false},"author":1,"featured_media":0,"parent":35818,"menu_order":14,"comment_status":"closed","ping_status":"closed","template":"megasena-results.php","meta":{"_et_pb_use_builder":"","_et_pb_old_content":"","_et_gb_content_width":"","exclude_from_search":false,"footnotes":""},"class_list":["post-41187","page","type-page","status-publish","hentry"],"yoast_head":"<!-- This site is optimized with the Yoast SEO plugin v23.3 - https:\/\/yoast.com\/wordpress\/plugins\/seo\/ -->\n<title>Mega-Sena-lotteriet resultater og vindernumre<\/title>\n<meta name=\"description\" content=\"Brasiliens Mega-Sena resultater er sv\u00e6re at finde - vi lister dagens og g\u00e5rsdagens vindertal og tr\u00e6kningsresultater p\u00e5 vores hjemmeside\" \/>\n<meta name=\"robots\" content=\"index, follow, max-snippet:-1, max-image-preview:large, max-video-preview:-1\" \/>\n<link rel=\"canonical\" href=\"https:\/\/jackpotlotteryonline.com\/da\/vindernumre\/mega-sena\/\" \/>\n<meta property=\"og:locale\" content=\"da_DK\" \/>\n<meta property=\"og:type\" content=\"article\" \/>\n<meta property=\"og:title\" content=\"Mega-Sena-lotteriet resultater og vindernumre\" \/>\n<meta property=\"og:description\" content=\"Brasiliens Mega-Sena resultater er sv\u00e6re at finde - vi lister dagens og g\u00e5rsdagens vindertal og tr\u00e6kningsresultater p\u00e5 vores hjemmeside\" \/>\n<meta property=\"og:url\" content=\"https:\/\/jackpotlotteryonline.com\/da\/vindernumre\/mega-sena\/\" \/>\n<meta property=\"og:site_name\" content=\"Lotto Online - Crack The International Lottery Jackpots\" \/>\n<meta property=\"article:modified_time\" content=\"2022-12-29T19:46:12+00:00\" \/>\n<meta property=\"og:image\" content=\"https:\/\/jackpotlotteryonline.com\/wp-content\/uploads\/2022\/11\/read1.jpg\" \/>\n<meta name=\"twitter:card\" content=\"summary_large_image\" \/>\n<meta name=\"twitter:label1\" content=\"Estimeret l\u00e6setid\" \/>\n\t<meta name=\"twitter:data1\" content=\"4 minutter\" \/>\n<!-- \/ Yoast SEO plugin. -->","yoast_head_json":{"title":"Mega-Sena-lotteriet resultater og vindernumre","description":"Brasiliens Mega-Sena resultater er sv\u00e6re at finde - vi lister dagens og g\u00e5rsdagens vindertal og tr\u00e6kningsresultater p\u00e5 vores hjemmeside","robots":{"index":"index","follow":"follow","max-snippet":"max-snippet:-1","max-image-preview":"max-image-preview:large","max-video-preview":"max-video-preview:-1"},"canonical":"https:\/\/jackpotlotteryonline.com\/da\/vindernumre\/mega-sena\/","og_locale":"da_DK","og_type":"article","og_title":"Mega-Sena-lotteriet resultater og vindernumre","og_description":"Brasiliens Mega-Sena resultater er sv\u00e6re at finde - vi lister dagens og g\u00e5rsdagens vindertal og tr\u00e6kningsresultater p\u00e5 vores hjemmeside","og_url":"https:\/\/jackpotlotteryonline.com\/da\/vindernumre\/mega-sena\/","og_site_name":"Lotto Online - Crack The International Lottery Jackpots","article_modified_time":"2022-12-29T19:46:12+00:00","og_image":[{"url":"https:\/\/jackpotlotteryonline.com\/wp-content\/uploads\/2022\/11\/read1.jpg"}],"twitter_card":"summary_large_image","twitter_misc":{"Estimeret l\u00e6setid":"4 minutter"},"schema":{"@context":"https:\/\/schema.org","@graph":[{"@type":"WebPage","@id":"https:\/\/jackpotlotteryonline.com\/da\/vindernumre\/mega-sena\/","url":"https:\/\/jackpotlotteryonline.com\/da\/vindernumre\/mega-sena\/","name":"Mega-Sena-lotteriet resultater og vindernumre","isPartOf":{"@id":"https:\/\/jackpotlotteryonline.com\/#website"},"primaryImageOfPage":{"@id":"https:\/\/jackpotlotteryonline.com\/da\/vindernumre\/mega-sena\/#primaryimage"},"image":{"@id":"https:\/\/jackpotlotteryonline.com\/da\/vindernumre\/mega-sena\/#primaryimage"},"thumbnailUrl":"https:\/\/jackpotlotteryonline.com\/wp-content\/uploads\/2022\/11\/read1.jpg","datePublished":"2022-12-08T13:08:40+00:00","dateModified":"2022-12-29T19:46:12+00:00","description":"Brasiliens Mega-Sena resultater er sv\u00e6re at finde - vi lister dagens og g\u00e5rsdagens vindertal og tr\u00e6kningsresultater p\u00e5 vores hjemmeside","breadcrumb":{"@id":"https:\/\/jackpotlotteryonline.com\/da\/vindernumre\/mega-sena\/#breadcrumb"},"inLanguage":"da-DK","potentialAction":[{"@type":"ReadAction","target":["https:\/\/jackpotlotteryonline.com\/da\/vindernumre\/mega-sena\/"]}]},{"@type":"ImageObject","inLanguage":"da-DK","@id":"https:\/\/jackpotlotteryonline.com\/da\/vindernumre\/mega-sena\/#primaryimage","url":"https:\/\/jackpotlotteryonline.com\/wp-content\/uploads\/2022\/11\/read1.jpg","contentUrl":"https:\/\/jackpotlotteryonline.com\/wp-content\/uploads\/2022\/11\/read1.jpg"},{"@type":"BreadcrumbList","@id":"https:\/\/jackpotlotteryonline.com\/da\/vindernumre\/mega-sena\/#breadcrumb","itemListElement":[{"@type":"ListItem","position":1,"name":"Home","item":"https:\/\/jackpotlotteryonline.com\/da\/"},{"@type":"ListItem","position":2,"name":"Resultater af lotteriet","item":"https:\/\/jackpotlotteryonline.com\/winning-numbers\/"},{"@type":"ListItem","position":3,"name":"Mega-Sena-lotteri tr\u00e6kningsresultater"}]},{"@type":"WebSite","@id":"https:\/\/jackpotlotteryonline.com\/#website","url":"https:\/\/jackpotlotteryonline.com\/","name":"Lotto Online - Crack The International Lottery Jackpots","description":"","potentialAction":[{"@type":"SearchAction","target":{"@type":"EntryPoint","urlTemplate":"https:\/\/jackpotlotteryonline.com\/?s={search_term_string}"},"query-input":"required name=search_term_string"}],"inLanguage":"da-DK"}]}},"_links":{"self":[{"href":"https:\/\/jackpotlotteryonline.com\/da\/wp-json\/wp\/v2\/pages\/41187","targetHints":{"allow":["GET"]}}],"collection":[{"href":"https:\/\/jackpotlotteryonline.com\/da\/wp-json\/wp\/v2\/pages"}],"about":[{"href":"https:\/\/jackpotlotteryonline.com\/da\/wp-json\/wp\/v2\/types\/page"}],"author":[{"embeddable":true,"href":"https:\/\/jackpotlotteryonline.com\/da\/wp-json\/wp\/v2\/users\/1"}],"replies":[{"embeddable":true,"href":"https:\/\/jackpotlotteryonline.com\/da\/wp-json\/wp\/v2\/comments?post=41187"}],"version-history":[{"count":0,"href":"https:\/\/jackpotlotteryonline.com\/da\/wp-json\/wp\/v2\/pages\/41187\/revisions"}],"up":[{"embeddable":true,"href":"https:\/\/jackpotlotteryonline.com\/da\/wp-json\/wp\/v2\/pages\/35818"}],"wp:attachment":[{"href":"https:\/\/jackpotlotteryonline.com\/da\/wp-json\/wp\/v2\/media?parent=41187"}],"curies":[{"name":"wp","href":"https:\/\/api.w.org\/{rel}","templated":true}]}}