{"id":41243,"date":"2022-12-08T19:00:44","date_gmt":"2022-12-08T19:00:44","guid":{"rendered":"https:\/\/jackpotlotteryonline.com\/?page_id=41243"},"modified":"2022-12-30T14:49:26","modified_gmt":"2022-12-30T14:49:26","slug":"saturday-lotto","status":"publish","type":"page","link":"https:\/\/jackpotlotteryonline.com\/da\/vindernumre\/saturday-lotto\/","title":{"rendered":"L\u00f8rdag Lotto-tr\u00e6kning resultater"},"content":{"rendered":"<p>L\u00f8rdagslotteriet, ogs\u00e5 kendt som Tatts-lotteriet, er et af Australiens mest vindende lotterier. Og nu hvor spillere over hele verden kan deltage i lotto, er det endnu vigtigere at v\u00e6lge vindertal. Hvis du vinder dette australske lotteri, betyder det, at du kommer til at g\u00e5 hjem med mindst 5 millioner dollars. Dette bel\u00f8b ruller over, hvis der ikke er nogen vinderkupon efter en tr\u00e6kning. Hvis du desuden deltager i megatr\u00e6kningen, som afholdes en gang om \u00e5ret ved juletid, kan du f\u00e5 30 millioner dollars udbetalt!<\/p>\n<p>Hvis du endnu ikke har k\u00f8bt din vinderkupon til lotto, s\u00e5 g\u00e5 over til jackpotlotteryonline.com og <a href=\"https:\/\/jackpotlotteryonline.com\/da\/koeb-billetter\/saturday-lotto\">k\u00f8b din kupon nu<\/a>. Kom derefter tilbage for at f\u00e5 de vindende numre.<\/p>\n<h2>At vinde l\u00f8rdagens lotto<\/h2>\n<p><img loading=\"lazy\" decoding=\"async\" class=\"alignright size-medium wp-image-28157\" src=\"https:\/\/jackpotlotteryonline.com\/wp-content\/uploads\/2022\/11\/1_lotto_money_win-300x150.jpg\" alt=\"vinde l\u00f8rdag Lotto\" width=\"300\" height=\"150\" srcset=\"https:\/\/jackpotlotteryonline.com\/wp-content\/uploads\/2022\/11\/1_lotto_money_win-300x150.jpg 300w, https:\/\/jackpotlotteryonline.com\/wp-content\/uploads\/2022\/11\/1_lotto_money_win.jpg 320w\" sizes=\"auto, (max-width: 300px) 100vw, 300px\" \/>Tatts lotto er let at spille, is\u00e6r n\u00e5r du spiller online. Dybest set skal spillerne v\u00e6lge 6 hovedtal mellem 1 og 45. Derefter 2 supplerende numre fra 1 til 6. De supplerende tal har ikke rigtig meget at g\u00f8re med at bestemme jackpotten. At vinde jackpotten betyder, at du blot skal matche de otte udtrukne numre.<\/p>\n<p>At vinde i lotto betyder s\u00e5ledes, at din kupon passer til de seks kugler, der tilf\u00e6ldigt udv\u00e6lges fra t\u00f8nden med 45 kugler. Derefter bliver der plukket to andre kugler fra en anden t\u00f8nde med seks kugler. Disse ekstra kugler bruges til at vinde de andre pr\u00e6miekategorier.<\/p>\n<p>Tr\u00e6kningerne finder sted en gang om ugen, l\u00f8rdag. S\u00e5 hvis du vil have den vindende billet, skal du k\u00f8be din post i tide. Tr\u00e6kningerne lukker l\u00f8rdag kl. 19.25 AEST. Spillere, der \u00f8nsker at v\u00e6re med i lodtr\u00e6kningen den p\u00e5g\u00e6ldende uge, skal k\u00f8be deres vinderkuponer inden lukketidspunktet.<\/p>\n<h2>Spil online<\/h2>\n<p>Vi vil tale kort om at vinde lotto online. N\u00e5r du bes\u00f8ger l\u00f8rdagslottosiden p\u00e5 jackpotlotteryonline.com, vil du blive bedt om at v\u00e6lge dine vindertal. Hvis du har nogle s\u00e6rlige datoer, som har bragt dig held, kan du bruge dem.<\/p>\n<p>Men for dem, der ikke har s\u00e6rlige numre at v\u00e6lge imellem, skal du ikke v\u00e6re bange. Vi har en automatisk nummerv\u00e6lger, som vil generere tilf\u00e6ldige vindernumre for dig. Masser af lotterivindere har vundet ved hj\u00e6lp af den tilf\u00e6ldige nummerv\u00e6lger.<\/p>\n<p>N\u00e5r du har valgt dine vindertal, deltager du i den ugentlige lodtr\u00e6kning. F\u00f8r du kan behandle betalingen, beder vi dig om at registrere dig. Dette er for at holde din kupon sikker og for at hj\u00e6lpe dig med at udbetale dine gevinster. Det kommer vi snart ind p\u00e5.<\/p>\n<section class=\"layout\" style=\"border: solid 1px; width: 100%;\">\n<div class=\"img-div\" style=\"margin-top: 5px;\"><img decoding=\"async\" class=\"wp-image-17212 alignleft\" style=\"height: 45px; margin: 8px 8px 0px;\" src=\"https:\/\/jackpotlotteryonline.com\/wp-content\/uploads\/2022\/11\/read1.jpg\" alt=\"l\u00e6s\" width=\"\" height=\"\" \/><\/div>\n<div style=\"padding-left: 5px;\">\n<div style=\"font-size: 1.1em;\">\n<p><strong>Se dine lottotal blive trukket live<\/strong><\/p>\n<p style=\"font-size: 0.85em; margin-top: -1.5em;\">S\u00e5dan ser du live-tr\u00e6kningerne af dine yndlingslotterier\u00a0<a href=\"https:\/\/jackpotlotteryonline.com\/da\/se-dine-lodtraekningsnumre-blive-trukket-live\"> L\u00e6s mere<\/a><\/p>\n<\/div>\n<\/div>\n<\/section>\n<h2>Pr\u00e6mieinddelinger<\/h2>\n<p>At vinde i Tatts lotto handler ikke kun om at vinde jackpotten. Dette lotto har i alt otte pr\u00e6mieafdelinger. N\u00e5r du k\u00f8ber en lottokupon til lotto, har du mulighed for at vinde en af disse pr\u00e6miekategorier. Vindertallene for hver division er angivet nedenfor.<\/p>\n<p>Division 1: Match 6 (Jackpot)<\/p>\n<p>Division 2: Match 5 + 1 supplerende nummer<\/p>\n<p>Afdeling 3: 5. marts<\/p>\n<p>Afdeling 4: Match 4<\/p>\n<p>Afdeling 5: Match 3 + 1 ekstra nummer<\/p>\n<p>Afsnit 6: kamp 3<\/p>\n<p>En af grundene til, at australierne elsker dette lotteri s\u00e5 meget, er nok, hvor let det er at vinde. Sandsynligheden for at vinde er fantastisk, og med en jackpotgevinst p\u00e5 mindst 5 millioner AUD er det ikke overraskende. Hvis du ikke har gjort det endnu, er det et godt tidspunkt at t\u00e6nke p\u00e5 at k\u00f8be en vinderkupon.<\/p>\n<h2>Supplerende numre<\/h2>\n<p>Vi n\u00e6vnte de supplerende numre, og du har sikkert allerede bem\u00e6rket, at nogle divisioner bruger disse. Bem\u00e6rk, at disse genereres tilf\u00e6ldigt under tr\u00e6kningerne og bruges til at bestemme division 2 og 5. Spillerne v\u00e6lger ikke disse numre og har ingen kontrol over dem. S\u00e5 du skal ikke f\u00f8le dig alarmeret, hvis du ikke ser denne mulighed, n\u00e5r du k\u00f8ber dine billetter.<\/p>\n<h2>S\u00e5dan tjekker du de vindende resultater<\/h2>\n<p><img loading=\"lazy\" decoding=\"async\" class=\"alignright size-medium wp-image-34997\" src=\"https:\/\/jackpotlotteryonline.com\/wp-content\/uploads\/2022\/11\/2_ticket_saturday_lotto_au-1-166x300.jpg\" alt=\"L\u00f8rdag Lotto online kvittering\" width=\"166\" height=\"300\" srcset=\"https:\/\/jackpotlotteryonline.com\/wp-content\/uploads\/2022\/11\/2_ticket_saturday_lotto_au-1-166x300.jpg 166w, https:\/\/jackpotlotteryonline.com\/wp-content\/uploads\/2022\/11\/2_ticket_saturday_lotto_au-1.jpg 250w\" sizes=\"auto, (max-width: 166px) 100vw, 166px\" \/>Nu hvor du har k\u00f8bt din billet, hvordan kan du s\u00e5 kontrollere, om du har den vindende billet? Den bedste m\u00e5de at g\u00f8re det p\u00e5 er at vende tilbage lige her. Efter tr\u00e6kningerne offentligg\u00f8r vi vinderresultaterne for l\u00f8rdagslotteriet p\u00e5 denne side.<\/p>\n<p>Vi offentligg\u00f8r ikke kun jackpot-numrene. Vi offentligg\u00f8r ogs\u00e5 vindernumrene for alle de andre divisioner. S\u00e5 du kan med et enkelt blik se, hvor t\u00e6t du var p\u00e5 at vinde i lotto.<\/p>\n<p>Hvis du har registreret dig hos os, er det endnu nemmere. Du beh\u00f8ver ikke at g\u00e5 nogen steder hen for at finde ud af, om du har vundet i lotto. Nej, for vi sender dig en meddelelse, s\u00e5 snart du har vundet en gevinst. Det er rigtigt. Du vil f\u00e5 en e-mail, der g\u00f8r dig opm\u00e6rksom p\u00e5, at du har de vindende numre til lotto. Vi g\u00f8r vores bedste for at g\u00f8re det nemt og stressfrit at spille lotto fra hvor som helst.<\/p>\n<h2>Udbetaling af dine gevinster<\/h2>\n<p>Hvis du har vundet i lotto, er det n\u00e6ste skridt at f\u00e5 adgang til din gevinst. Der er ingen mening med at vinde i lotto i Australien, hvis du ikke kan f\u00e5 fat i din gevinst. Og det er her, at det bliver rigtig interessant.<\/p>\n<p>Hvis du har vundet en lottogevinst, der er under 2.500 euro, er det utrolig nemt at f\u00e5 din gevinst. Du skal blot udbetale din gevinst fra vores platform direkte til din bank. Vi har flere metoder, som du kan bruge til at udbetale dine gevinster p\u00e5 en nem m\u00e5de.<\/p>\n<p>Hvis din gevinst er over 2.500 euro, skal du muligvis kontakte lottoselskabet for at g\u00f8re krav g\u00e6ldende. Vi vil give dig den n\u00f8dvendige st\u00f8tte til det ved at sende dig en kravformular, som du skal udfylde. Det er en ukompliceret proces med stort set ingen problemer.<\/p>\n<h2>Konklusion<\/h2>\n<p>Fordelen ved at k\u00f8be dine lottokuponer hos os er, at du ved, at du har k\u00f8bt en adgang til lotteriet. Hos os satser du ikke p\u00e5 resultatet. Du k\u00f8ber rent faktisk en deltagelse. S\u00e5 hvis du vinder, f\u00e5r du din gevinst.<\/p>\n<p>Vi g\u00f8r det nemt for spillere at spille de bedste internationale lotterier. Du kan k\u00f8be dine lodder, tjekke din vinderkombination og nemt udbetale dine gevinster. Vi har taget os af alle detaljerne, s\u00e5 du kan slappe af og have det sjovt. N\u00e5r du <a href=\"https:\/\/jackpotlotteryonline.com\/da\/saadan-spiller-du\/saturday-lotto\">spiller lotteri med jackpotlotteryonline.com<\/a>, f\u00e5r du en win-win-situation. Registrer dig hos os i dag.<\/p>\n","protected":false},"excerpt":{"rendered":"<p>L\u00f8rdagslotteriet, ogs\u00e5 kendt som Tatts-lotteriet, er et af Australiens mest vindende lotterier. Og nu hvor spillere over hele verden kan deltage i lotto, er det endnu vigtigere at v\u00e6lge vindertal. Hvis du vinder dette australske lotteri, betyder det, at du kommer til at g\u00e5 hjem med mindst 5 millioner dollars. Dette bel\u00f8b ruller over, hvis [&hellip;]<\/p>\n","protected":false},"author":1,"featured_media":0,"parent":35818,"menu_order":18,"comment_status":"closed","ping_status":"closed","template":"saturday-lotto-results.php","meta":{"_et_pb_use_builder":"","_et_pb_old_content":"","_et_gb_content_width":"","exclude_from_search":false,"footnotes":""},"class_list":["post-41243","page","type-page","status-publish","hentry"],"yoast_head":"<!-- This site is optimized with the Yoast SEO plugin v23.3 - https:\/\/yoast.com\/wordpress\/plugins\/seo\/ -->\n<title>L\u00f8rdag Lotto vindernumre og tr\u00e6kningsresultater<\/title>\n<meta name=\"description\" content=\"Sammenlign din lottokupon med resultaterne af den seneste l\u00f8rdags-lottotr\u00e6kning - se de vindende numre her!\" \/>\n<meta name=\"robots\" content=\"index, follow, max-snippet:-1, max-image-preview:large, max-video-preview:-1\" \/>\n<link rel=\"canonical\" href=\"https:\/\/jackpotlotteryonline.com\/da\/vindernumre\/saturday-lotto\/\" \/>\n<meta property=\"og:locale\" content=\"da_DK\" \/>\n<meta property=\"og:type\" content=\"article\" \/>\n<meta property=\"og:title\" content=\"L\u00f8rdag Lotto vindernumre og tr\u00e6kningsresultater\" \/>\n<meta property=\"og:description\" content=\"Sammenlign din lottokupon med resultaterne af den seneste l\u00f8rdags-lottotr\u00e6kning - se de vindende numre her!\" \/>\n<meta property=\"og:url\" content=\"https:\/\/jackpotlotteryonline.com\/da\/vindernumre\/saturday-lotto\/\" \/>\n<meta property=\"og:site_name\" content=\"Lotto Online - Crack The International Lottery Jackpots\" \/>\n<meta property=\"article:modified_time\" content=\"2022-12-30T14:49:26+00:00\" \/>\n<meta property=\"og:image\" content=\"https:\/\/jackpotlotteryonline.com\/wp-content\/uploads\/2022\/11\/1_lotto_money_win-300x150.jpg\" \/>\n<meta name=\"twitter:card\" content=\"summary_large_image\" \/>\n<meta name=\"twitter:label1\" content=\"Estimeret l\u00e6setid\" \/>\n\t<meta name=\"twitter:data1\" content=\"5 minutter\" \/>\n<!-- \/ Yoast SEO plugin. -->","yoast_head_json":{"title":"L\u00f8rdag Lotto vindernumre og tr\u00e6kningsresultater","description":"Sammenlign din lottokupon med resultaterne af den seneste l\u00f8rdags-lottotr\u00e6kning - se de vindende numre her!","robots":{"index":"index","follow":"follow","max-snippet":"max-snippet:-1","max-image-preview":"max-image-preview:large","max-video-preview":"max-video-preview:-1"},"canonical":"https:\/\/jackpotlotteryonline.com\/da\/vindernumre\/saturday-lotto\/","og_locale":"da_DK","og_type":"article","og_title":"L\u00f8rdag Lotto vindernumre og tr\u00e6kningsresultater","og_description":"Sammenlign din lottokupon med resultaterne af den seneste l\u00f8rdags-lottotr\u00e6kning - se de vindende numre her!","og_url":"https:\/\/jackpotlotteryonline.com\/da\/vindernumre\/saturday-lotto\/","og_site_name":"Lotto Online - Crack The International Lottery Jackpots","article_modified_time":"2022-12-30T14:49:26+00:00","og_image":[{"url":"https:\/\/jackpotlotteryonline.com\/wp-content\/uploads\/2022\/11\/1_lotto_money_win-300x150.jpg"}],"twitter_card":"summary_large_image","twitter_misc":{"Estimeret l\u00e6setid":"5 minutter"},"schema":{"@context":"https:\/\/schema.org","@graph":[{"@type":"WebPage","@id":"https:\/\/jackpotlotteryonline.com\/da\/vindernumre\/saturday-lotto\/","url":"https:\/\/jackpotlotteryonline.com\/da\/vindernumre\/saturday-lotto\/","name":"L\u00f8rdag Lotto vindernumre og tr\u00e6kningsresultater","isPartOf":{"@id":"https:\/\/jackpotlotteryonline.com\/#website"},"primaryImageOfPage":{"@id":"https:\/\/jackpotlotteryonline.com\/da\/vindernumre\/saturday-lotto\/#primaryimage"},"image":{"@id":"https:\/\/jackpotlotteryonline.com\/da\/vindernumre\/saturday-lotto\/#primaryimage"},"thumbnailUrl":"https:\/\/jackpotlotteryonline.com\/wp-content\/uploads\/2022\/11\/1_lotto_money_win-300x150.jpg","datePublished":"2022-12-08T19:00:44+00:00","dateModified":"2022-12-30T14:49:26+00:00","description":"Sammenlign din lottokupon med resultaterne af den seneste l\u00f8rdags-lottotr\u00e6kning - se de vindende numre her!","breadcrumb":{"@id":"https:\/\/jackpotlotteryonline.com\/da\/vindernumre\/saturday-lotto\/#breadcrumb"},"inLanguage":"da-DK","potentialAction":[{"@type":"ReadAction","target":["https:\/\/jackpotlotteryonline.com\/da\/vindernumre\/saturday-lotto\/"]}]},{"@type":"ImageObject","inLanguage":"da-DK","@id":"https:\/\/jackpotlotteryonline.com\/da\/vindernumre\/saturday-lotto\/#primaryimage","url":"https:\/\/jackpotlotteryonline.com\/wp-content\/uploads\/2022\/11\/1_lotto_money_win-300x150.jpg","contentUrl":"https:\/\/jackpotlotteryonline.com\/wp-content\/uploads\/2022\/11\/1_lotto_money_win-300x150.jpg"},{"@type":"BreadcrumbList","@id":"https:\/\/jackpotlotteryonline.com\/da\/vindernumre\/saturday-lotto\/#breadcrumb","itemListElement":[{"@type":"ListItem","position":1,"name":"Home","item":"https:\/\/jackpotlotteryonline.com\/da\/"},{"@type":"ListItem","position":2,"name":"Resultater af lotteriet","item":"https:\/\/jackpotlotteryonline.com\/winning-numbers\/"},{"@type":"ListItem","position":3,"name":"L\u00f8rdag Lotto-tr\u00e6kning resultater"}]},{"@type":"WebSite","@id":"https:\/\/jackpotlotteryonline.com\/#website","url":"https:\/\/jackpotlotteryonline.com\/","name":"Lotto Online - Crack The International Lottery Jackpots","description":"","potentialAction":[{"@type":"SearchAction","target":{"@type":"EntryPoint","urlTemplate":"https:\/\/jackpotlotteryonline.com\/?s={search_term_string}"},"query-input":"required name=search_term_string"}],"inLanguage":"da-DK"}]}},"_links":{"self":[{"href":"https:\/\/jackpotlotteryonline.com\/da\/wp-json\/wp\/v2\/pages\/41243","targetHints":{"allow":["GET"]}}],"collection":[{"href":"https:\/\/jackpotlotteryonline.com\/da\/wp-json\/wp\/v2\/pages"}],"about":[{"href":"https:\/\/jackpotlotteryonline.com\/da\/wp-json\/wp\/v2\/types\/page"}],"author":[{"embeddable":true,"href":"https:\/\/jackpotlotteryonline.com\/da\/wp-json\/wp\/v2\/users\/1"}],"replies":[{"embeddable":true,"href":"https:\/\/jackpotlotteryonline.com\/da\/wp-json\/wp\/v2\/comments?post=41243"}],"version-history":[{"count":0,"href":"https:\/\/jackpotlotteryonline.com\/da\/wp-json\/wp\/v2\/pages\/41243\/revisions"}],"up":[{"embeddable":true,"href":"https:\/\/jackpotlotteryonline.com\/da\/wp-json\/wp\/v2\/pages\/35818"}],"wp:attachment":[{"href":"https:\/\/jackpotlotteryonline.com\/da\/wp-json\/wp\/v2\/media?parent=41243"}],"curies":[{"name":"wp","href":"https:\/\/api.w.org\/{rel}","templated":true}]}}