{"id":41297,"date":"2022-12-09T05:40:50","date_gmt":"2022-12-09T05:40:50","guid":{"rendered":"https:\/\/jackpotlotteryonline.com\/?page_id=41297"},"modified":"2022-12-29T13:03:25","modified_gmt":"2022-12-29T13:03:25","slug":"thunderball","status":"publish","type":"page","link":"https:\/\/jackpotlotteryonline.com\/da\/vindernumre\/thunderball\/","title":{"rendered":"Thunderball-lotteriet resultater af lodtr\u00e6kningen"},"content":{"rendered":"<p>Thunderball er et af Storbritanniens mere popul\u00e6re lotterier. For blot et lille bel\u00f8b kan spillere vinde en halv million pund, hvilket er fantastisk. Der er mange lotterier derude, men der er bare noget ved Thunderball, som tiltr\u00e6kker spillerne. Det kan v\u00e6re de utroligt gunstige odds eller det faktum, at det giver masser af vindere. Uanset hvad \u00e5rsagen er, k\u00f8ber spillere over hele verden ogs\u00e5 Thunderball-lotterisedler online.<\/p>\n<p>Hvis du <a href=\"https:\/\/jackpotlotteryonline.com\/da\/saadan-spiller-du\/thunderball\">spiller lotto online<\/a>, er det vigtigt at tjekke vindernumrene. Dette er for at du ved, om du har en kupon, der matcher de udtrukne tal. Hvis du spekulerer p\u00e5, hvordan du tjekker tr\u00e6kningsresultaterne, s\u00e5 er du kommet til det rette sted. Vi vil ogs\u00e5 dele den bedste m\u00e5de at tjekke tr\u00e6kningsresultaterne p\u00e5<\/p>\n<p>Hvis du<a href=\"https:\/\/jackpotlotteryonline.com\/da\/koeb-billetter\/thunderball\"> k\u00f8ber dine lodder p\u00e5 jackpotlotteryonline.com<\/a>, s\u00e5 l\u00e6s videre for at finde ud af, hvordan du kan kr\u00e6ve dine gevinster.<\/p>\n<h2>Valg af dine Thunderball vindertal<\/h2>\n<p><img loading=\"lazy\" decoding=\"async\" class=\"alignright size-medium wp-image-29480\" src=\"https:\/\/jackpotlotteryonline.com\/wp-content\/uploads\/2022\/11\/1_rain_lottery_money_win-282x300.jpg\" alt=\"Thunderball vindertal\" width=\"282\" height=\"300\" srcset=\"https:\/\/jackpotlotteryonline.com\/wp-content\/uploads\/2022\/11\/1_rain_lottery_money_win-282x300.jpg 282w, https:\/\/jackpotlotteryonline.com\/wp-content\/uploads\/2022\/11\/1_rain_lottery_money_win.jpg 300w\" sizes=\"auto, (max-width: 282px) 100vw, 282px\" \/>Der er to hovedmetoder, som spillerne bruger til at v\u00e6lge de numre, som de \u00f8nsker at spille. For de fleste lotterier skal du v\u00e6lge ud fra et bestemt interval. S\u00e5 nogle spillere kan lide at v\u00e6lge datoer, der er specielle for dem, som f.eks. f\u00f8dselsdage eller jubil\u00e6er. Disse datoer kaldes heldige datoer.<\/p>\n<p>I nogle dele af verden har nogle mennesker numre, som de betragter som heldige. For eksempel kan nogle se tallet 7 som et heldigt tal, mens andre ser tallet 13 som et uheldigt tal. Det afh\u00e6nger i virkeligheden af, hvad du anser for at v\u00e6re heldigt. Dette er en metode, der foretr\u00e6kkes af mange spillere rundt om i verden, og det kan ogs\u00e5 fungere for dig.<\/p>\n<p>Den anden m\u00e5de er at bruge vores autogenerator til at v\u00e6lge dine tal tilf\u00e6ldigt. Dette virker for nogle mennesker, simpelthen fordi lotteriet er et spil om held. Selv om du kan g\u00f8re ting for at f\u00e5 dig selv til at f\u00f8le dig heldig, er der ingen m\u00e5de at garantere en gevinst p\u00e5.<\/p>\n<h2>S\u00e5dan spiller du Thunderball online<\/h2>\n<p>Det britiske Thunderball er et sp\u00e6ndende spil at spille. Processen er ligesom ethvert andet lottospil. Dybest set skal du v\u00e6lge 5 numre ud af et interval fra 1 til 39 og et s\u00e6rligt nummer fra 1 til 14. Det s\u00e6rlige nummer kaldes &#8220;Thunderball&#8221; og bruges til at bestemme seks pr\u00e6miekategorier, herunder jackpotten.<\/p>\n<p>At spille online er ikke s\u00e5 anderledes, blot kan du bruge talgeneratoren til at v\u00e6lge tilf\u00e6ldige tal. Dette er lidt ligesom &#8220;lucky dip&#8221; for dem, der er vant til fysiske billetter. Du kan v\u00e6lge flere linjer og flere billetter for at \u00f8ge dine chancer for at vinde Thunderball.<\/p>\n<p>Det n\u00e6ste skridt er at deltage i lodtr\u00e6kningen, og det er den bedste del. Bem\u00e6rk, at det er helt i orden at deltage i flere tr\u00e6kninger. Og hvis du k\u00f8ber din billet hos os, kan du ogs\u00e5 deltage i lodtr\u00e6kningen flere uger i forvejen. Det giver dig en fordel, n\u00e5r det g\u00e6lder om at spille dette hasardspil.<\/p>\n<section class=\"layout\" style=\"border: solid 1px; width: 100%;\">\n<div class=\"img-div\" style=\"margin-top: 5px;\"><img decoding=\"async\" class=\"wp-image-17212 alignleft\" style=\"height: 45px; margin: 8px 8px 0px;\" src=\"https:\/\/jackpotlotteryonline.com\/wp-content\/uploads\/2022\/11\/read1.jpg\" alt=\"l\u00e6s\" width=\"\" height=\"\" \/><\/div>\n<div style=\"padding-left: 5px;\">\n<div style=\"font-size: 1.1em;\">\n<p><strong>De lotterier, der har de bedste odds for, at du kan vinde stort<\/strong><\/p>\n<p style=\"font-size: 0.85em; margin-top: -1.5em;\">Hvilket lotteri har de bedste vinderchancer? <a href=\"https:\/\/jackpotlotteryonline.com\/da\/hvilket-lotteri-har-de-bedste-vinderchancer\">L\u00e6s mere<\/a><\/p>\n<\/div>\n<\/div>\n<\/section>\n<h2>Thunderball-tr\u00e6kningsdage<\/h2>\n<p>Tr\u00e6kningsdagene er fire gange om ugen, nemlig tirsdag, onsdag, fredag og l\u00f8rdag. Dette britiske lotteri har fire tr\u00e6kninger hver uge. Det betyder for spillerne, at du har fire gange s\u00e5 stor sandsynlighed for at vinde jackpotten med Thunderball.<\/p>\n<p>Du kan deltage i en enkelt tr\u00e6kning, men det er nok bedst at deltage i flere tr\u00e6kninger, s\u00e5 du har en meget st\u00f8rre chance for at vinde. Husk, at med flere deltagelser har du en st\u00f8rre sandsynlighed for at vinde.<\/p>\n<h2>S\u00e5dan tjekker du resultaterne af Thunderball-tr\u00e6kningen<\/h2>\n<p>Nu til den bedste del, som er at kontrollere tr\u00e6kningens resultater. Den eneste m\u00e5de at vide, om du har den rigtige kombination, er ved at tjekke tr\u00e6kningsresultaterne. De fleste lotterier afholder live-tr\u00e6kninger, og Thunderball er ingen undtagelse. S\u00e5 du kan se den live-tr\u00e6kning online. Det er vigtigt at bem\u00e6rke, at live-tr\u00e6kningerne finder sted p\u00e5 et bestemt tidspunkt, og hvis du g\u00e5r glip af din pr\u00e6mie, hvis du vinder.<\/p>\n<p>Du kan naturligvis altid afs\u00f8ge internettet for at finde ud af, om du er vinderen. Desv\u00e6rre er det ikke lige s\u00e5 nemt for de andre pr\u00e6miekategorier, mens du m\u00e5ske kan f\u00e5 kombinationen til jackpotten, men det er ikke lige s\u00e5 nemt for de andre pr\u00e6miekategorier. Andenpr\u00e6mien for Thunderball er p\u00e5 5.000 \u00a3, og den vil du ikke g\u00e5 glip af.<\/p>\n<p>Den bedste l\u00f8sning er at tjekke tilbage p\u00e5 denne side efter hver tr\u00e6kning. Vi offentligg\u00f8r de seneste tr\u00e6kningsresultater p\u00e5 tv\u00e6rs af alle kategorier. Hvis du har k\u00f8bt din billet hos os, giver vi dig desuden besked, hvis du vinder en pr\u00e6mie.<\/p>\n<h2>Pr\u00e6mier, du kan vinde<\/h2>\n<p>N\u00e5r det er sagt, hvad er s\u00e5 de forskellige pr\u00e6mier p\u00e5 tv\u00e6rs af de forskellige kategorier? UK Thunderball har flere pr\u00e6miekategorier med en pr\u00e6mie kun for at matche Thunderball. Der er en stor chance for, at en spiller kan vinde en pr\u00e6mie.<\/p>\n<p>Her er en oversigt over pr\u00e6miekategorierne for UK Thunderball samt oddsene for at vinde.<\/p>\n<p>Kategori 1: Match 5 + Thunderball &#8211; 1 ud af 8 060 598 &#8211; 500 000 \u00a3<\/p>\n<p>Kategori 2: Kun Match 5 &#8211; 1 ud af 620 046 &#8211; 5 000 \u00a3<\/p>\n<p>Kategori 3: Match 4 + Thunderball &#8211; 1 ud af 47 416 &#8211; 250 \u00a3<\/p>\n<p>Kategori 4: Kun Match 4 &#8211; 1 ud af 3 648 &#8211; 100 \u00a3<\/p>\n<p>Kategori 5: Match 3 + Thunderball &#8211; 1 ud af 1 437 &#8211; 20 GBP<\/p>\n<p>Kategori 6: Kun match 3 &#8211; 1 ud af 111 &#8211; 10 \u00a3<\/p>\n<p>Kategori 7: Match 2 + Thunderball &#8211; 1 ud af 135 &#8211; 10 \u00a3<\/p>\n<p>Kategori 8: Match 1 + Thunderball &#8211; 1 ud af 35 &#8211; 5 \u00a3<\/p>\n<p>Kategori 9: Match Thunderball &#8211; 1 ud af 29 &#8211; 3 \u00a3<\/p>\n<p>Alle kan vinde en Thunderball-pr\u00e6mie, ogs\u00e5 selv om de bor uden for Storbritannien. Du skal blot k\u00f8be din billet online for at f\u00e5 en chance for at vinde stort.<\/p>\n<h2>Udbetaling af dine gevinster<\/h2>\n<p><img loading=\"lazy\" decoding=\"async\" class=\"alignright size-full wp-image-28832\" src=\"https:\/\/jackpotlotteryonline.com\/wp-content\/uploads\/2022\/11\/1_online_win_lottery.jpg\" alt=\"g\u00f8re krav p\u00e5 Thunderball-pr\u00e6mie\" width=\"250\" height=\"167\" \/>Vi n\u00e6vnte, at vi giver dig besked via e-mail og via din konto, hvis du har en vinderkupon. Men hvordan udbetaler du dine gevinster, n\u00e5r du bor uden for Storbritannien? Dette er et sp\u00f8rgsm\u00e5l, som mange spillere bekymrer sig om. N\u00e5, men vi er her for at give dig ro p\u00e5 dit hjerte med hensyn til dine gevinster.<\/p>\n<p>N\u00e5r du registrerer dig hos os og k\u00f8ber dine lottokuponer hos os, forenkler vi processen for dig. Som et concierge site har vi skabt en problemfri proces, hvor du nemt kan udbetale dine gevinster. Med gevinster, der er under 2.500 euro, er det eneste, du skal g\u00f8re, at udbetale fra vores side til din konto.<\/p>\n<p>Hvis du har vundet en pr\u00e6mie, der er over dette bel\u00f8b, skal du kr\u00e6ve din gevinst direkte fra lotteriselskabet. Vi vil give dig en formular til at g\u00f8re krav g\u00e6ldende og guide dig gennem processen. S\u00e5 du beh\u00f8ver ikke at v\u00e6re bange, vi s\u00f8rger for, at alt er nemt og stressfrit.<\/p>\n<h2>Ting, du b\u00f8r vide, f\u00f8r du kan kr\u00e6ve din gevinst<\/h2>\n<p>Inden du g\u00f8r krav p\u00e5 din gevinst, er det vigtigt at vide et par ting om at spille lotteri i Det Forenede Kongerige. Vi ved allerede, at lotteriet er \u00e5bent for alle uanset nationalitet, men her er dog et par ting, som du skal v\u00e6re opm\u00e6rksom p\u00e5:<\/p>\n<ul>\n<li>Lotto er \u00e5bent for spillere over 16 \u00e5r<\/li>\n<li>Pr\u00e6mierne udbetales som et engangsbel\u00f8b<\/li>\n<li>Lotterigevinster er ikke skattepligtige i landet. Hvis du spiller fra et andet land, b\u00f8r du dog tjekke skattelovgivningen i dit land<\/li>\n<li>Du har 180 dage til at g\u00f8re krav p\u00e5 en gevinst, f\u00f8r den g\u00e5r tilbage i puljen<\/li>\n<li>Hvis du har deltaget i lotteriet via en fysisk s\u00e6lger, skal du muligvis kontakte lotteriets arrang\u00f8rer for at g\u00f8re krav p\u00e5 din gevinst.<\/li>\n<\/ul>\n<h2>Fordele ved at spille lotteri med Jackpotlotteryonline.com<\/h2>\n<ul>\n<li>Du f\u00e5r hurtig og \u00f8jeblikkelig adgang til lotteriet. Du beh\u00f8ver ikke at bo i Storbritannien for at spille i lotteriet<\/li>\n<li>Det er super praktisk, da du ikke beh\u00f8ver at forlade dit hjem. Tjek din kombination fra din computer eller mobilenhed.<\/li>\n<li>Det er ogs\u00e5 mere sikkert, fordi din kupon gemmes digitalt. Det er vigtigt, fordi det er den eneste m\u00e5de at g\u00f8re krav p\u00e5 din gevinst p\u00e5.<\/li>\n<li>Du beh\u00f8ver ikke g\u00e5 glip af din gevinst, fordi vi giver dig besked med det samme, hvis du vinder en gevinst<\/li>\n<li>Du kan nemt udbetale enhver gevinst online uden at g\u00e5 nogen steder hen<\/li>\n<\/ul>\n<p>Hvis du endnu ikke har k\u00f8bt din Thunderball-lodseddel, er det et godt tidspunkt at g\u00f8re det, s\u00e5 du kan deltage i den n\u00e6ste tr\u00e6kning.<\/p>\n<h2>Hvad er et concierge-websted?<\/h2>\n<p>Vi n\u00e6vnte, at vi er et conciergesite, og du undrer dig m\u00e5ske over, hvad det handler om. Tja, et problem, som spillere har med at k\u00f8be billetter online, er, at de aldrig ved, om de har deltaget i lotteriet. Mange sider lader deres spillere satse p\u00e5 resultatet af lotteriet, hvilket er noget helt andet.<\/p>\n<p>Hos jackpotlotteryonline.com giver vi vores brugere adgang til de bedste internationale lotterier i hele verden. Det skyldes, at vi driver et concierge-site, hvor vi har agenter i forskellige dele af verden. N\u00e5r du k\u00f8ber lottokuponer hos os, k\u00f8ber vores agent i det p\u00e5g\u00e6ldende land en fysisk kupon med de tilsvarende numre. Lodden bliver derefter scannet og sendt til dig.<\/p>\n<p>N\u00e5r du k\u00f8ber din Thunderball-lotteriseddel hos os, er du sikker p\u00e5, at du vinder i lotteriet, hvis du matcher de udtrukne numre. S\u00e5 enkelt er det, og alligevel er det den eneste ting, der giver vores kunder ro i sindet til at spille lotto online.<\/p>\n<h2>Tips til at vinde Thunderball<\/h2>\n<p>Selvom Thunderball er et tilf\u00e6ldigt spil, er der ting, du kan g\u00f8re for at \u00f8ge din sandsynlighed for at vinde. Vi vil n\u00e6vne nogle f\u00e5 nedenfor:<\/p>\n<ul>\n<li>V\u00e6lg dine heldige cifre. Du kan ikke have for meget held, n\u00e5r du spiller Thunderball<\/li>\n<li>K\u00f8b flere lodder og deltag i flere tr\u00e6kninger. Det skyldes, at jo flere deltagere du har, jo st\u00f8rre er dine chancer for at vinde.<\/li>\n<li>Deltag i eller opret et syndikat. Det er en gruppe af mennesker, der sl\u00e5r deres ressourcer sammen, s\u00e5 de kan k\u00f8be flere lodder.<\/li>\n<li>Hav en st\u00e6rk tro p\u00e5, at du vil vinde. Der er noget ved at tro af hele dit hjerte, der tr\u00e6kker heldet til dig. Adskillige lotterivindere har talt om deres tro p\u00e5, at de ville vinde.<\/li>\n<\/ul>\n<h2>Tjek din vinderkombination p\u00e5 jackpotlotteryonline.com<\/h2>\n<p>Vi g\u00f8r det nemt for spillere at f\u00e5 adgang til de bedste internationale lotterier ved at tilbyde billetter online. Ud over det kan du ogs\u00e5 tjekke tr\u00e6kningsresultaterne og udbetale dine gevinster fra vores side. At spille Thunderball har aldrig v\u00e6ret mere afslappende eller stressfrit. Og vi har arbejdet h\u00e5rdt for at sikre, at det forbliver s\u00e5dan.<\/p>\n<p>Hvis du \u00f8nsker at pr\u00f8ve UK Thunderball, s\u00e5 t\u00f8v ikke med at k\u00f8be dine billetter nu. Bes\u00f8g vores hjemmeside efter hver tr\u00e6kning for at se resultaterne af tr\u00e6kning og nemt udbetale dine gevinster.<\/p>\n","protected":false},"excerpt":{"rendered":"<p>Thunderball er et af Storbritanniens mere popul\u00e6re lotterier. For blot et lille bel\u00f8b kan spillere vinde en halv million pund, hvilket er fantastisk. Der er mange lotterier derude, men der er bare noget ved Thunderball, som tiltr\u00e6kker spillerne. Det kan v\u00e6re de utroligt gunstige odds eller det faktum, at det giver masser af vindere. Uanset [&hellip;]<\/p>\n","protected":false},"author":1,"featured_media":0,"parent":35818,"menu_order":12,"comment_status":"closed","ping_status":"closed","template":"thunderball-results.php","meta":{"_et_pb_use_builder":"","_et_pb_old_content":"","_et_gb_content_width":"","exclude_from_search":false,"footnotes":""},"class_list":["post-41297","page","type-page","status-publish","hentry"],"yoast_head":"<!-- This site is optimized with the Yoast SEO plugin v23.3 - https:\/\/yoast.com\/wordpress\/plugins\/seo\/ -->\n<title>Thunderball Lotteri vindernumre og tr\u00e6kningsresultater<\/title>\n<meta name=\"description\" content=\"Kontroller din billet i forhold til vindernumrene og resultaterne af den seneste Thunderball-tr\u00e6kning, eller find historiske tr\u00e6kningsresultater\" \/>\n<meta name=\"robots\" content=\"index, follow, max-snippet:-1, max-image-preview:large, max-video-preview:-1\" \/>\n<link rel=\"canonical\" href=\"https:\/\/jackpotlotteryonline.com\/da\/vindernumre\/thunderball\/\" \/>\n<meta property=\"og:locale\" content=\"da_DK\" \/>\n<meta property=\"og:type\" content=\"article\" \/>\n<meta property=\"og:title\" content=\"Thunderball Lotteri vindernumre og tr\u00e6kningsresultater\" \/>\n<meta property=\"og:description\" content=\"Kontroller din billet i forhold til vindernumrene og resultaterne af den seneste Thunderball-tr\u00e6kning, eller find historiske tr\u00e6kningsresultater\" \/>\n<meta property=\"og:url\" content=\"https:\/\/jackpotlotteryonline.com\/da\/vindernumre\/thunderball\/\" \/>\n<meta property=\"og:site_name\" content=\"Lotto Online - Crack The International Lottery Jackpots\" \/>\n<meta property=\"article:modified_time\" content=\"2022-12-29T13:03:25+00:00\" \/>\n<meta property=\"og:image\" content=\"https:\/\/jackpotlotteryonline.com\/wp-content\/uploads\/2022\/11\/1_rain_lottery_money_win-282x300.jpg\" \/>\n<meta name=\"twitter:card\" content=\"summary_large_image\" \/>\n<meta name=\"twitter:label1\" content=\"Estimeret l\u00e6setid\" \/>\n\t<meta name=\"twitter:data1\" content=\"9 minutter\" \/>\n<!-- \/ Yoast SEO plugin. -->","yoast_head_json":{"title":"Thunderball Lotteri vindernumre og tr\u00e6kningsresultater","description":"Kontroller din billet i forhold til vindernumrene og resultaterne af den seneste Thunderball-tr\u00e6kning, eller find historiske tr\u00e6kningsresultater","robots":{"index":"index","follow":"follow","max-snippet":"max-snippet:-1","max-image-preview":"max-image-preview:large","max-video-preview":"max-video-preview:-1"},"canonical":"https:\/\/jackpotlotteryonline.com\/da\/vindernumre\/thunderball\/","og_locale":"da_DK","og_type":"article","og_title":"Thunderball Lotteri vindernumre og tr\u00e6kningsresultater","og_description":"Kontroller din billet i forhold til vindernumrene og resultaterne af den seneste Thunderball-tr\u00e6kning, eller find historiske tr\u00e6kningsresultater","og_url":"https:\/\/jackpotlotteryonline.com\/da\/vindernumre\/thunderball\/","og_site_name":"Lotto Online - Crack The International Lottery Jackpots","article_modified_time":"2022-12-29T13:03:25+00:00","og_image":[{"url":"https:\/\/jackpotlotteryonline.com\/wp-content\/uploads\/2022\/11\/1_rain_lottery_money_win-282x300.jpg"}],"twitter_card":"summary_large_image","twitter_misc":{"Estimeret l\u00e6setid":"9 minutter"},"schema":{"@context":"https:\/\/schema.org","@graph":[{"@type":"WebPage","@id":"https:\/\/jackpotlotteryonline.com\/da\/vindernumre\/thunderball\/","url":"https:\/\/jackpotlotteryonline.com\/da\/vindernumre\/thunderball\/","name":"Thunderball Lotteri vindernumre og tr\u00e6kningsresultater","isPartOf":{"@id":"https:\/\/jackpotlotteryonline.com\/#website"},"primaryImageOfPage":{"@id":"https:\/\/jackpotlotteryonline.com\/da\/vindernumre\/thunderball\/#primaryimage"},"image":{"@id":"https:\/\/jackpotlotteryonline.com\/da\/vindernumre\/thunderball\/#primaryimage"},"thumbnailUrl":"https:\/\/jackpotlotteryonline.com\/wp-content\/uploads\/2022\/11\/1_rain_lottery_money_win-282x300.jpg","datePublished":"2022-12-09T05:40:50+00:00","dateModified":"2022-12-29T13:03:25+00:00","description":"Kontroller din billet i forhold til vindernumrene og resultaterne af den seneste Thunderball-tr\u00e6kning, eller find historiske tr\u00e6kningsresultater","breadcrumb":{"@id":"https:\/\/jackpotlotteryonline.com\/da\/vindernumre\/thunderball\/#breadcrumb"},"inLanguage":"da-DK","potentialAction":[{"@type":"ReadAction","target":["https:\/\/jackpotlotteryonline.com\/da\/vindernumre\/thunderball\/"]}]},{"@type":"ImageObject","inLanguage":"da-DK","@id":"https:\/\/jackpotlotteryonline.com\/da\/vindernumre\/thunderball\/#primaryimage","url":"https:\/\/jackpotlotteryonline.com\/wp-content\/uploads\/2022\/11\/1_rain_lottery_money_win-282x300.jpg","contentUrl":"https:\/\/jackpotlotteryonline.com\/wp-content\/uploads\/2022\/11\/1_rain_lottery_money_win-282x300.jpg"},{"@type":"BreadcrumbList","@id":"https:\/\/jackpotlotteryonline.com\/da\/vindernumre\/thunderball\/#breadcrumb","itemListElement":[{"@type":"ListItem","position":1,"name":"Home","item":"https:\/\/jackpotlotteryonline.com\/da\/"},{"@type":"ListItem","position":2,"name":"Resultater af lotteriet","item":"https:\/\/jackpotlotteryonline.com\/winning-numbers\/"},{"@type":"ListItem","position":3,"name":"Thunderball-lotteriet resultater af lodtr\u00e6kningen"}]},{"@type":"WebSite","@id":"https:\/\/jackpotlotteryonline.com\/#website","url":"https:\/\/jackpotlotteryonline.com\/","name":"Lotto Online - Crack The International Lottery Jackpots","description":"","potentialAction":[{"@type":"SearchAction","target":{"@type":"EntryPoint","urlTemplate":"https:\/\/jackpotlotteryonline.com\/?s={search_term_string}"},"query-input":"required name=search_term_string"}],"inLanguage":"da-DK"}]}},"_links":{"self":[{"href":"https:\/\/jackpotlotteryonline.com\/da\/wp-json\/wp\/v2\/pages\/41297","targetHints":{"allow":["GET"]}}],"collection":[{"href":"https:\/\/jackpotlotteryonline.com\/da\/wp-json\/wp\/v2\/pages"}],"about":[{"href":"https:\/\/jackpotlotteryonline.com\/da\/wp-json\/wp\/v2\/types\/page"}],"author":[{"embeddable":true,"href":"https:\/\/jackpotlotteryonline.com\/da\/wp-json\/wp\/v2\/users\/1"}],"replies":[{"embeddable":true,"href":"https:\/\/jackpotlotteryonline.com\/da\/wp-json\/wp\/v2\/comments?post=41297"}],"version-history":[{"count":0,"href":"https:\/\/jackpotlotteryonline.com\/da\/wp-json\/wp\/v2\/pages\/41297\/revisions"}],"up":[{"embeddable":true,"href":"https:\/\/jackpotlotteryonline.com\/da\/wp-json\/wp\/v2\/pages\/35818"}],"wp:attachment":[{"href":"https:\/\/jackpotlotteryonline.com\/da\/wp-json\/wp\/v2\/media?parent=41297"}],"curies":[{"name":"wp","href":"https:\/\/api.w.org\/{rel}","templated":true}]}}