{"id":41350,"date":"2022-12-09T07:58:20","date_gmt":"2022-12-09T07:58:20","guid":{"rendered":"https:\/\/jackpotlotteryonline.com\/?page_id=41350"},"modified":"2022-12-30T09:03:13","modified_gmt":"2022-12-30T09:03:13","slug":"new-york-lottery","status":"publish","type":"page","link":"https:\/\/jackpotlotteryonline.com\/da\/vindernumre\/new-york-lottery\/","title":{"rendered":"New York lotteri tr\u00e6kke resultater"},"content":{"rendered":"<p>Lotto i New York plejede at v\u00e6re et af de oversete lotterier. Mest fordi man kun kunne deltage i lotteriet som bosiddende i New York. Det er alt sammen \u00e6ndret nu, da spillere i hele verden kan k\u00f8be lottokuponer. Nu v\u00e6lger flere lotteri entusiaster vindernumre ved at spille online. Dette New York-lotto blev grundlagt for at rejse midler til uddannelse, s\u00e5 det har sin oprindelse i et godt form\u00e5l. Hver gang du k\u00f8ber en lottokupon, bidrager du til at finansiere uddannelse.<\/p>\n<p>Du kan v\u00e6lge din New York-lottokombination, n\u00e5r du <a href=\"https:\/\/jackpotlotteryonline.com\/da\/koeb-billetter\/new-york-lottery\">k\u00f8ber din lottokupon p\u00e5 jackpotlotteryonline.com.<\/a><\/p>\n<h2>S\u00e5dan spiller du New York-lotto online<\/h2>\n<p><img loading=\"lazy\" decoding=\"async\" class=\"alignright size-full wp-image-29534\" src=\"https:\/\/jackpotlotteryonline.com\/wp-content\/uploads\/2022\/11\/1_results_lottery_online5.jpg\" alt=\"spil New York-lotto online\" width=\"300\" height=\"200\" \/>Det er sjovt og sp\u00e6ndende at spille lotto. Men den oplevelse bliver endnu st\u00f8rre, n\u00e5r du spiller online. At deltage i lotteriet online er hurtigt, enkelt og helt ukompliceret. Hvis du spiller p\u00e5 New York-lotto, er nedenst\u00e5ende trin beskrevet:<\/p>\n<ul>\n<li>Bes\u00f8g et websted efter eget valg (f.eks. jackpotlotteryonline.com), og klik p\u00e5 det lotteri, du vil spille.<\/li>\n<li>V\u00e6lg 6 fra en r\u00e6kke fra 1 til 59. Der er et 7. nummer, men det tr\u00e6kkes tilf\u00e6ldigt af lottoselskabet og er ikke en del af din kupon.<\/li>\n<li>Indtast tr\u00e6kningerne, som finder sted onsdage og l\u00f8rdage hver uge. Du kan deltage i kun \u00e9n tr\u00e6kning eller i begge.<\/li>\n<li>Afslut din betaling. De fleste lotterisider vil bede dig om at registrere dig for at kunne gennemf\u00f8re din betaling. Det er for at du nemt kan f\u00e5 adgang til din kupon, n\u00e5r du har k\u00f8bt den.<\/li>\n<\/ul>\n<p>S\u00e5 enkelt er det virkelig at spille lotto online. Der er ingen anden m\u00e5de at f\u00e5 billetter fra uden for New York. Derfor giver vi den ultimative mulighed for spillere, der bor i en anden del af verden.<\/p>\n<h2>S\u00e5dan v\u00e6lger du vindernumre<\/h2>\n<p>Okay, er der virkelig en vinderstrategi for at v\u00e6lge kombinationer, der garanteret vinder i lotteriet? Det tror vi ikke, at der er af den simple grund, at lotteriet er et tilf\u00e6ldigt spil. Det er ret sv\u00e6rt at sige, hvilken kombination der vil hj\u00e6lpe dig med at vinde i lotteriet, is\u00e6r fordi tr\u00e6kningerne er tilf\u00e6ldige.<\/p>\n<p>Ikke desto mindre kan du forst\u00e6rke dit held ved at v\u00e6lge vindernumre, der f\u00e5r dig til at f\u00f8le dig heldig. S\u00e5 du kan v\u00e6lge f\u00f8dselsdage, jubil\u00e6er, tal, der har v\u00e6ret heldige for dig hele dit liv osv. Eller du kan simpelthen bruge det automatiske generatorv\u00e6rkt\u00f8j p\u00e5 vores websted til at v\u00e6lge tilf\u00e6ldige tal.<\/p>\n<h2>New York lotto pr\u00e6miekategorier<\/h2>\n<p>Dette New York-lotto har et minimumsjackpotbel\u00f8b p\u00e5 2 millioner dollars. Men hvis ingen vinder jackpotten efter tr\u00e6kningerne, \u00f8ges den med 300.000 dollars. Denne pr\u00e6mie forts\u00e6tter med at stige, indtil der dukker en vinder op.<\/p>\n<p>Der er fem pr\u00e6miekategorier i alt, inklusive jackpotten. Og oddsene for at vinde en pr\u00e6mie samlet set er 1 ud af 92,05. Fordelingen af pr\u00e6mierne er afh\u00e6ngig af det samlede salg. For hvert lotto er 40 % af salget s\u00e5ledes afsat som pr\u00e6miepenge. Jackpotten er en procentdel af dette og er ikke et fast bel\u00f8b. Priskategorierne for New York-lotto er beskrevet nedenfor:<\/p>\n<p>Kategori 1: 6 tal &#8211; jackpot (30 %)<\/p>\n<p>Kategori 2: 5 + bonusnummer &#8211; 2,9 % af salget<\/p>\n<p>Kategori 3: 5 tal &#8211; 2,2 % af salget<\/p>\n<p>Kategori 4: 4 numre &#8211; 2,5 % af salget<\/p>\n<p>Kategori 5: 3 numre &#8211; 2,4 % af salget<\/p>\n<h2>S\u00e5dan tjekker du de vindende numre<\/h2>\n<p>Hvordan ved du, om du har vundet en pr\u00e6mie? Hvis du spiller New York-lotto p\u00e5 jackpotlotteryonline.com, s\u00e5 vil vi informere dig, hvis du har vundet en pr\u00e6mie. Det g\u00f8r vi ved at sende en besked til din konto og til din e-mail. Der er virkelig ingen m\u00e5de, hvorp\u00e5 du kan g\u00e5 glip af din pr\u00e6mie, hvis du er registreret hos os.<\/p>\n<p>Selv hvis du ikke vinder en pr\u00e6mie, kan du stadig tjekke vindernumrene ved at bes\u00f8ge denne side. Vi offentligg\u00f8r resultaterne af lodtr\u00e6kningen lige her efter hver lodtr\u00e6kning. S\u00e5 kig tilbage og se, hvilken kombination der vandt jackpotten eller pr\u00e6mierne fra andre kategorier.<\/p>\n<h2>S\u00e5dan tr\u00e6kker du din gevinst ud<\/h2>\n<p><img loading=\"lazy\" decoding=\"async\" class=\"alignright size-medium wp-image-29183\" src=\"https:\/\/jackpotlotteryonline.com\/wp-content\/uploads\/2022\/11\/1_play_lotto-online-300x199.jpg\" alt=\"New York lotto vindernumre\" width=\"300\" height=\"199\" srcset=\"https:\/\/jackpotlotteryonline.com\/wp-content\/uploads\/2022\/11\/1_play_lotto-online-300x199.jpg 300w, https:\/\/jackpotlotteryonline.com\/wp-content\/uploads\/2022\/11\/1_play_lotto-online.jpg 350w\" sizes=\"auto, (max-width: 300px) 100vw, 300px\" \/>Hvis du har vundet en pr\u00e6mie, kan du nemt f\u00e5 adgang til din gevinst lige her p\u00e5 vores side. For pr\u00e6mier under 2.500 euro kan du h\u00e6ve din gevinst direkte til din bank fra vores platform. Det er blot et sp\u00f8rgsm\u00e5l om et par klik, og du f\u00e5r din gevinst uden besv\u00e6r.<\/p>\n<p>Hvis din gevinst er p\u00e5 over 2.500 euro, skal du dog muligvis kontakte lotteriselskabet direkte. Hvis det er tilf\u00e6ldet, sender vi dig en kravformular, som du skal udfylde og hj\u00e6lpe dig med at behandle din gevinst.<\/p>\n<h2>Tips til at spille p\u00e5 New York-lotto<\/h2>\n<p>Hvis du har brug for nogle tips til at spille i lotteriet, s\u00e5 l\u00e6s videre. Disse tips er nyttige, n\u00e5r du spiller et internationalt toplotteri. De er alts\u00e5 ikke kun begr\u00e6nset til New York-lotto.<\/p>\n<ul>\n<li style=\"list-style-type: none;\">\n<ul>\n<li>V\u00e6lg dine vindertal med omhu. Selv om du ikke kan forudsige lottovinderen, er det altid en god id\u00e9 at v\u00e6lge en kombination, der har betydning for dig.<\/li>\n<li>For dette New York-lotto er bonusnummeret vigtigt, fordi det bestemmer pr\u00e6mien i den anden kategori. S\u00e5 lad v\u00e6re med at ignorere det, da du kan g\u00e5 hjem med en flot gevinst, selv om du ikke vinder jackpotten.<\/li>\n<li>V\u00e6r opm\u00e6rksom p\u00e5 tr\u00e6kningsdagene, for det er her, at vi f\u00e5r at vide, hvilket nummer der vinder. Hvis du ikke deltager i en tr\u00e6kning, kan du heller ikke vinde nogen pr\u00e6mie under den p\u00e5g\u00e6ldende tr\u00e6kning. S\u00e5 tr\u00e6kningsdage er virkelig vigtige. Du kan ogs\u00e5 tilmelde dig tr\u00e6kningerne flere uger i forvejen (vi viser dig senere, hvordan).<\/li>\n<\/ul>\n<\/li>\n<\/ul>\n<section class=\"layout\" style=\"border: solid 1px; width: 100%;\">\n<div class=\"img-div\" style=\"margin-top: 5px;\"><img decoding=\"async\" class=\"wp-image-17212 alignleft\" style=\"height: 45px; margin: 8px 8px 0px;\" src=\"https:\/\/jackpotlotteryonline.com\/wp-content\/uploads\/2022\/11\/read1.jpg\" alt=\"l\u00e6s\" width=\"\" height=\"\" \/><\/div>\n<div style=\"padding-left: 5px;\">\n<div style=\"font-size: 1.1em;\">\n<p><strong>Hvad er hemmeligheden bag succes i lotteriet?<\/strong><\/p>\n<p style=\"font-size: 0.85em; margin-top: -1.5em;\">S\u00e5dan spiller du succesfuldt i lotteriet\u00a0<a href=\"https:\/\/jackpotlotteryonline.com\/da\/hvad-er-hemmeligheden-bag-succes-med-lotteri\"> L\u00e6s mere<\/a><\/p>\n<\/div>\n<\/div>\n<\/section>\n<h2>Tjek tr\u00e6kningsresultaterne p\u00e5 jackpotlotteryonline.com<\/h2>\n<p>Vi er et conciergesite, der tager sig af alle detaljerne, s\u00e5 vores kunder kan nyde oplevelsen af at spille lotto. Vi forst\u00e5r, at ingen \u00f8nsker at bekymre sig om de sm\u00e5 ting. Den tid kunne v\u00e6re bedre brugt p\u00e5 at perfektionere din lotteri strategi. Og det er derfor, vi er her.<\/p>\n<p>Vi giver vores kunder mulighed for at deltage i lotterier i hele verden. Vi offentligg\u00f8r ogs\u00e5 lotteriresultater lige her og tilbyder et problemfrit system, s\u00e5 du kan f\u00e5 adgang til dine gevinster.<\/p>\n<p>At <a href=\"https:\/\/jackpotlotteryonline.com\/da\/saadan-spiller-du\/new-york-lottery-2\">spille New York-lotto<\/a> med os er en win-win-situation.<\/p>\n","protected":false},"excerpt":{"rendered":"<p>Lotto i New York plejede at v\u00e6re et af de oversete lotterier. Mest fordi man kun kunne deltage i lotteriet som bosiddende i New York. Det er alt sammen \u00e6ndret nu, da spillere i hele verden kan k\u00f8be lottokuponer. Nu v\u00e6lger flere lotteri entusiaster vindernumre ved at spille online. Dette New York-lotto blev grundlagt for [&hellip;]<\/p>\n","protected":false},"author":1,"featured_media":0,"parent":35818,"menu_order":15,"comment_status":"closed","ping_status":"closed","template":"newyork-results.php","meta":{"_et_pb_use_builder":"","_et_pb_old_content":"","_et_gb_content_width":"","exclude_from_search":false,"footnotes":""},"class_list":["post-41350","page","type-page","status-publish","hentry"],"yoast_head":"<!-- This site is optimized with the Yoast SEO plugin v23.3 - https:\/\/yoast.com\/wordpress\/plugins\/seo\/ -->\n<title>New York lotteri vindernumre og tr\u00e6kningsresultater<\/title>\n<meta name=\"description\" content=\"Tr\u00e6kningsresultater for New York Lottery - vindernumre, vundne bel\u00f8b for alle tidligere og nuv\u00e6rende tr\u00e6kninger\" \/>\n<meta name=\"robots\" content=\"index, follow, max-snippet:-1, max-image-preview:large, max-video-preview:-1\" \/>\n<link rel=\"canonical\" href=\"https:\/\/jackpotlotteryonline.com\/da\/vindernumre\/new-york-lottery\/\" \/>\n<meta property=\"og:locale\" content=\"da_DK\" \/>\n<meta property=\"og:type\" content=\"article\" \/>\n<meta property=\"og:title\" content=\"New York lotteri vindernumre og tr\u00e6kningsresultater\" \/>\n<meta property=\"og:description\" content=\"Tr\u00e6kningsresultater for New York Lottery - vindernumre, vundne bel\u00f8b for alle tidligere og nuv\u00e6rende tr\u00e6kninger\" \/>\n<meta property=\"og:url\" content=\"https:\/\/jackpotlotteryonline.com\/da\/vindernumre\/new-york-lottery\/\" \/>\n<meta property=\"og:site_name\" content=\"Lotto Online - Crack The International Lottery Jackpots\" \/>\n<meta property=\"article:modified_time\" content=\"2022-12-30T09:03:13+00:00\" \/>\n<meta property=\"og:image\" content=\"https:\/\/jackpotlotteryonline.com\/wp-content\/uploads\/2022\/11\/1_results_lottery_online5.jpg\" \/>\n<meta name=\"twitter:card\" content=\"summary_large_image\" \/>\n<meta name=\"twitter:label1\" content=\"Estimeret l\u00e6setid\" \/>\n\t<meta name=\"twitter:data1\" content=\"5 minutter\" \/>\n<!-- \/ Yoast SEO plugin. -->","yoast_head_json":{"title":"New York lotteri vindernumre og tr\u00e6kningsresultater","description":"Tr\u00e6kningsresultater for New York Lottery - vindernumre, vundne bel\u00f8b for alle tidligere og nuv\u00e6rende tr\u00e6kninger","robots":{"index":"index","follow":"follow","max-snippet":"max-snippet:-1","max-image-preview":"max-image-preview:large","max-video-preview":"max-video-preview:-1"},"canonical":"https:\/\/jackpotlotteryonline.com\/da\/vindernumre\/new-york-lottery\/","og_locale":"da_DK","og_type":"article","og_title":"New York lotteri vindernumre og tr\u00e6kningsresultater","og_description":"Tr\u00e6kningsresultater for New York Lottery - vindernumre, vundne bel\u00f8b for alle tidligere og nuv\u00e6rende tr\u00e6kninger","og_url":"https:\/\/jackpotlotteryonline.com\/da\/vindernumre\/new-york-lottery\/","og_site_name":"Lotto Online - Crack The International Lottery Jackpots","article_modified_time":"2022-12-30T09:03:13+00:00","og_image":[{"url":"https:\/\/jackpotlotteryonline.com\/wp-content\/uploads\/2022\/11\/1_results_lottery_online5.jpg"}],"twitter_card":"summary_large_image","twitter_misc":{"Estimeret l\u00e6setid":"5 minutter"},"schema":{"@context":"https:\/\/schema.org","@graph":[{"@type":"WebPage","@id":"https:\/\/jackpotlotteryonline.com\/da\/vindernumre\/new-york-lottery\/","url":"https:\/\/jackpotlotteryonline.com\/da\/vindernumre\/new-york-lottery\/","name":"New York lotteri vindernumre og tr\u00e6kningsresultater","isPartOf":{"@id":"https:\/\/jackpotlotteryonline.com\/#website"},"primaryImageOfPage":{"@id":"https:\/\/jackpotlotteryonline.com\/da\/vindernumre\/new-york-lottery\/#primaryimage"},"image":{"@id":"https:\/\/jackpotlotteryonline.com\/da\/vindernumre\/new-york-lottery\/#primaryimage"},"thumbnailUrl":"https:\/\/jackpotlotteryonline.com\/wp-content\/uploads\/2022\/11\/1_results_lottery_online5.jpg","datePublished":"2022-12-09T07:58:20+00:00","dateModified":"2022-12-30T09:03:13+00:00","description":"Tr\u00e6kningsresultater for New York Lottery - vindernumre, vundne bel\u00f8b for alle tidligere og nuv\u00e6rende tr\u00e6kninger","breadcrumb":{"@id":"https:\/\/jackpotlotteryonline.com\/da\/vindernumre\/new-york-lottery\/#breadcrumb"},"inLanguage":"da-DK","potentialAction":[{"@type":"ReadAction","target":["https:\/\/jackpotlotteryonline.com\/da\/vindernumre\/new-york-lottery\/"]}]},{"@type":"ImageObject","inLanguage":"da-DK","@id":"https:\/\/jackpotlotteryonline.com\/da\/vindernumre\/new-york-lottery\/#primaryimage","url":"https:\/\/jackpotlotteryonline.com\/wp-content\/uploads\/2022\/11\/1_results_lottery_online5.jpg","contentUrl":"https:\/\/jackpotlotteryonline.com\/wp-content\/uploads\/2022\/11\/1_results_lottery_online5.jpg"},{"@type":"BreadcrumbList","@id":"https:\/\/jackpotlotteryonline.com\/da\/vindernumre\/new-york-lottery\/#breadcrumb","itemListElement":[{"@type":"ListItem","position":1,"name":"Home","item":"https:\/\/jackpotlotteryonline.com\/da\/"},{"@type":"ListItem","position":2,"name":"Resultater af lotteriet","item":"https:\/\/jackpotlotteryonline.com\/winning-numbers\/"},{"@type":"ListItem","position":3,"name":"New York lotteri tr\u00e6kke resultater"}]},{"@type":"WebSite","@id":"https:\/\/jackpotlotteryonline.com\/#website","url":"https:\/\/jackpotlotteryonline.com\/","name":"Lotto Online - Crack The International Lottery Jackpots","description":"","potentialAction":[{"@type":"SearchAction","target":{"@type":"EntryPoint","urlTemplate":"https:\/\/jackpotlotteryonline.com\/?s={search_term_string}"},"query-input":"required name=search_term_string"}],"inLanguage":"da-DK"}]}},"_links":{"self":[{"href":"https:\/\/jackpotlotteryonline.com\/da\/wp-json\/wp\/v2\/pages\/41350","targetHints":{"allow":["GET"]}}],"collection":[{"href":"https:\/\/jackpotlotteryonline.com\/da\/wp-json\/wp\/v2\/pages"}],"about":[{"href":"https:\/\/jackpotlotteryonline.com\/da\/wp-json\/wp\/v2\/types\/page"}],"author":[{"embeddable":true,"href":"https:\/\/jackpotlotteryonline.com\/da\/wp-json\/wp\/v2\/users\/1"}],"replies":[{"embeddable":true,"href":"https:\/\/jackpotlotteryonline.com\/da\/wp-json\/wp\/v2\/comments?post=41350"}],"version-history":[{"count":0,"href":"https:\/\/jackpotlotteryonline.com\/da\/wp-json\/wp\/v2\/pages\/41350\/revisions"}],"up":[{"embeddable":true,"href":"https:\/\/jackpotlotteryonline.com\/da\/wp-json\/wp\/v2\/pages\/35818"}],"wp:attachment":[{"href":"https:\/\/jackpotlotteryonline.com\/da\/wp-json\/wp\/v2\/media?parent=41350"}],"curies":[{"name":"wp","href":"https:\/\/api.w.org\/{rel}","templated":true}]}}