{"id":41404,"date":"2022-12-09T09:41:41","date_gmt":"2022-12-09T09:41:41","guid":{"rendered":"https:\/\/jackpotlotteryonline.com\/?page_id=41404"},"modified":"2022-12-30T11:37:42","modified_gmt":"2022-12-30T11:37:42","slug":"oz-lotto","status":"publish","type":"page","link":"https:\/\/jackpotlotteryonline.com\/da\/vindernumre\/oz-lotto\/","title":{"rendered":"Oz Lotto-tr\u00e6kning resultater"},"content":{"rendered":"<h2>Oz Lotto tr\u00e6kke resultater Information<\/h2>\n<p><img loading=\"lazy\" decoding=\"async\" class=\"alignright size-full wp-image-26942\" src=\"http:\/\/jackpotlotteryonline.com\/wp-content\/uploads\/2022\/11\/1_euromillions_results.jpg\" alt=\"oz lotto tr\u00e6kningsresultater\" width=\"300\" height=\"200\" \/>Er du nysgerrig efter resultaterne af Oz Lotto-tr\u00e6kningen, eller hvad der sker, n\u00e5r nogen har vundet? Denne artikel vil vejlede dig om, hvordan du kan besvare disse sp\u00f8rgsm\u00e5l.<\/p>\n<p>Dette australske Lotto tr\u00e6kkes hver tirsdag og l\u00f8rdag kl. 19.30 AEST, s\u00e5 n\u00e5r du har valgt dine tal, kan du l\u00e6ne dig tilbage og vente p\u00e5 tr\u00e6kningen. Tr\u00e6kningerne gennemf\u00f8res i Sydney via en computerstyret nummergenerator.<\/p>\n<p>Oz Lotto er et ganske givende spil, der har syv pr\u00e6mieafdelinger, hvor der, hvis afdeling 1 (jackpotten) ikke vindes, kan vindes andre pr\u00e6mier, hvis en spiller matcher fem eller fire numre. Desuden uddeles der ti pr\u00e6mier p\u00e5 hver 2 millioner dollars, hvis ingen spiller kan finde alle syv udtrukne tal.<\/p>\n<p>Desuden offentligg\u00f8res resultaterne af lodtr\u00e6kningen en uge efter tr\u00e6kningen p\u00e5 Victorias regerings websted. Tr\u00e6kningstidspunktet holdes privat for at beskytte deltagernes privatliv.<\/p>\n<h2>Hvordan kan jeg vinde i det australske Oz Lotto?<\/h2>\n<p>For at vinde en pr\u00e6mie i Oz Lotto skal du vide f\u00f8lgende:<\/p>\n<ol>\n<li>For at<a href=\"https:\/\/jackpotlotteryonline.com\/da\/saadan-spiller-du\/oz-lotto\"> spille Oz Lotto<\/a> skal spilleren tr\u00e6kke ti tal fra en pulje p\u00e5 47.<\/li>\n<li>De f\u00f8rste syv trukne tal anses for at v\u00e6re de vindende tal for jackpotpr\u00e6mien.<\/li>\n<li>De resterende tre trukket er de supplerende tal, der bruges til at bestemme pr\u00e6mierne for de andre divisioner.<\/li>\n<li>Jo flere matchende numre en spiller har, jo st\u00f8rre er pr\u00e6mien.<\/li>\n<li>Deltagelse i Oz Lotto er et spil med chancer; du kan enten vinde eller tabe.<\/li>\n<\/ol>\n<h2>Hvordan kan jeg kontrollere, om jeg har vundet i en bestemt tr\u00e6kning?<\/h2>\n<p><img loading=\"lazy\" decoding=\"async\" class=\"alignright size-full wp-image-26159\" src=\"http:\/\/jackpotlotteryonline.com\/wp-content\/uploads\/2022\/11\/1_buy_lottery_online.jpg\" alt=\"oz lotto tr\u00e6kningsresultater\" width=\"212\" height=\"142\" \/>Hvis du<a href=\"https:\/\/jackpotlotteryonline.com\/da\/koeb-billetter\/oz-lotto\"> har k\u00f8bt en billet hos os<\/a>, kan du tjekke resultatet af tr\u00e6kning p\u00e5 vores websted. Den nemmeste m\u00e5de at vide, om du har vundet, er ved at logge ind p\u00e5 din spillerkonto p\u00e5 vores websted. G\u00e5 derefter til &#8220;mine billetter&#8221;, og du vil se din billetscanning med de numre, du har spillet med. Efter tr\u00e6kningen vil alle de matchende cifre blive fremh\u00e6vet.<\/p>\n<p>En anden m\u00e5de at vide, om du har vundet, er ved at tjekke din e-mail. Umiddelbart efter tr\u00e6kningen vil du modtage en e-mail, der giver dig besked om det samme. Brug oplysningerne til at vide, om du har vundet i den p\u00e5g\u00e6ldende tr\u00e6kning.<\/p>\n<p>Du kan ogs\u00e5 bes\u00f8ge det australske Oz Lottos officielle websted for at f\u00e5 mere at vide om tidligere resultater og generelle oplysninger om lotteriet.<\/p>\n<h2>M\u00e5der at forbedre mine chancer for at vinde<\/h2>\n<p>For at \u00f8ge dine chancer for at f\u00e5 jackpotten kan du deltage i flere tr\u00e6kninger ved at k\u00f8be lodder til flere tr\u00e6kninger i tr\u00e6kninger i tr\u00e6k. Dette giver mulighed for at spille det samme valg i et par uger. Godt nok vil det at spille p\u00e5 denne m\u00e5de \u00f8ge prisen p\u00e5 dine ordrer, men det vil give dig mulighed for at spille i flere tr\u00e6kninger.<\/p>\n<section class=\"layout\" style=\"border: solid 1px; width: 100%;\">\n<div class=\"img-div\" style=\"margin-top: 5px;\"><img decoding=\"async\" class=\"wp-image-17212 alignleft\" style=\"height: 45px; margin: 8px 8px 0px;\" src=\"http:\/\/jackpotlotteryonline.com\/wp-content\/uploads\/2022\/11\/read1.jpg\" alt=\"l\u00e6s\" width=\"\" height=\"\" \/><\/div>\n<div style=\"padding-left: 5px;\">\n<div style=\"font-size: 1.1em;\">\n<p><strong>V\u00e6lg de vindende lottotal manuelt eller ved hj\u00e6lp af en RNG<\/strong><\/p>\n<p style=\"font-size: 0.85em; margin-top: -1.5em;\">Hvordan genererer man vindende lottotal?\u00a0<a href=\"https:\/\/jackpotlotteryonline.com\/da\/hvordan-man-genererer-vindende-lotto-numre\"> L\u00e6s mere<\/a><\/p>\n<\/div>\n<\/div>\n<\/section>\n<h2>Hvordan kan jeg modtage min pr\u00e6mie?<\/h2>\n<p>I tilf\u00e6lde af at du vinder en pr\u00e6mie, skal du v\u00e6re opm\u00e6rksom p\u00e5 f\u00f8lgende:<\/p>\n<ul>\n<li>Gevinster under 2.500 \u20ac vil automatisk blive overf\u00f8rt til din spillerkonto. Du kan udbetale eller forts\u00e6tte med at k\u00f8be flere lodder med pr\u00e6miepengene.<\/li>\n<li>For gevinster p\u00e5 over 2 500 EUR udbetales pr\u00e6mien direkte fra lotterikommissionen, og du kan enten modtage den via bankoverf\u00f8rsel eller check.<\/li>\n<\/ul>\n<p>S\u00f8rg for ikke at g\u00e5 glip af tr\u00e6kningerne. For at v\u00e6re sikker p\u00e5 ikke at g\u00e5 glip af nogen information, anbefales spillere at whiteliste jackpotlotteryonline.com som en betroet e-mail-udbyder.<\/p>\n<p><strong>For at afslutte tingene&#8230;<\/strong><\/p>\n<p>Oz Lotto har v\u00e6ret et af de mest popul\u00e6re lotterispil i Australien siden 1994. Mange mennesker er blevet million\u00e6rer fra den ene dag til den anden som f\u00f8lge af det. S\u00e5 hvad er det, der f\u00e5r dig til ikke at spille? Deltag i dette australske lotteri og f\u00e5 en chance for at vinde en af de mange pr\u00e6mier, hvis ikke jackpotten.<\/p>\n<p><strong>Tilmeld dig i dag for at vinde!<\/strong><\/p>\n","protected":false},"excerpt":{"rendered":"<p>Oz Lotto tr\u00e6kke resultater Information Er du nysgerrig efter resultaterne af Oz Lotto-tr\u00e6kningen, eller hvad der sker, n\u00e5r nogen har vundet? Denne artikel vil vejlede dig om, hvordan du kan besvare disse sp\u00f8rgsm\u00e5l. Dette australske Lotto tr\u00e6kkes hver tirsdag og l\u00f8rdag kl. 19.30 AEST, s\u00e5 n\u00e5r du har valgt dine tal, kan du l\u00e6ne dig [&hellip;]<\/p>\n","protected":false},"author":1,"featured_media":0,"parent":35818,"menu_order":16,"comment_status":"closed","ping_status":"closed","template":"","meta":{"_et_pb_use_builder":"","_et_pb_old_content":"","_et_gb_content_width":"","exclude_from_search":false,"footnotes":""},"class_list":["post-41404","page","type-page","status-publish","hentry"],"yoast_head":"<!-- This site is optimized with the Yoast SEO plugin v23.3 - https:\/\/yoast.com\/wordpress\/plugins\/seo\/ -->\n<title>Oz Lotto vindernumre og tr\u00e6kningsresultat<\/title>\n<meta name=\"description\" content=\"Se de vindende numre og tidligere resultater for Australiens Oz Lotto p\u00e5 vores side med tr\u00e6kningsresultater. S\u00f8rg for ikke at g\u00e5 glip af noget!\" \/>\n<meta name=\"robots\" content=\"index, follow, max-snippet:-1, max-image-preview:large, max-video-preview:-1\" \/>\n<link rel=\"canonical\" href=\"https:\/\/jackpotlotteryonline.com\/da\/vindernumre\/oz-lotto\/\" \/>\n<meta property=\"og:locale\" content=\"da_DK\" \/>\n<meta property=\"og:type\" content=\"article\" \/>\n<meta property=\"og:title\" content=\"Oz Lotto vindernumre og tr\u00e6kningsresultat\" \/>\n<meta property=\"og:description\" content=\"Se de vindende numre og tidligere resultater for Australiens Oz Lotto p\u00e5 vores side med tr\u00e6kningsresultater. S\u00f8rg for ikke at g\u00e5 glip af noget!\" \/>\n<meta property=\"og:url\" content=\"https:\/\/jackpotlotteryonline.com\/da\/vindernumre\/oz-lotto\/\" \/>\n<meta property=\"og:site_name\" content=\"Lotto Online - Crack The International Lottery Jackpots\" \/>\n<meta property=\"article:modified_time\" content=\"2022-12-30T11:37:42+00:00\" \/>\n<meta property=\"og:image\" content=\"http:\/\/jackpotlotteryonline.com\/wp-content\/uploads\/2022\/11\/1_euromillions_results.jpg\" \/>\n<meta name=\"twitter:card\" content=\"summary_large_image\" \/>\n<meta name=\"twitter:label1\" content=\"Estimeret l\u00e6setid\" \/>\n\t<meta name=\"twitter:data1\" content=\"4 minutter\" \/>\n<!-- \/ Yoast SEO plugin. -->","yoast_head_json":{"title":"Oz Lotto vindernumre og tr\u00e6kningsresultat","description":"Se de vindende numre og tidligere resultater for Australiens Oz Lotto p\u00e5 vores side med tr\u00e6kningsresultater. S\u00f8rg for ikke at g\u00e5 glip af noget!","robots":{"index":"index","follow":"follow","max-snippet":"max-snippet:-1","max-image-preview":"max-image-preview:large","max-video-preview":"max-video-preview:-1"},"canonical":"https:\/\/jackpotlotteryonline.com\/da\/vindernumre\/oz-lotto\/","og_locale":"da_DK","og_type":"article","og_title":"Oz Lotto vindernumre og tr\u00e6kningsresultat","og_description":"Se de vindende numre og tidligere resultater for Australiens Oz Lotto p\u00e5 vores side med tr\u00e6kningsresultater. S\u00f8rg for ikke at g\u00e5 glip af noget!","og_url":"https:\/\/jackpotlotteryonline.com\/da\/vindernumre\/oz-lotto\/","og_site_name":"Lotto Online - Crack The International Lottery Jackpots","article_modified_time":"2022-12-30T11:37:42+00:00","og_image":[{"url":"http:\/\/jackpotlotteryonline.com\/wp-content\/uploads\/2022\/11\/1_euromillions_results.jpg"}],"twitter_card":"summary_large_image","twitter_misc":{"Estimeret l\u00e6setid":"4 minutter"},"schema":{"@context":"https:\/\/schema.org","@graph":[{"@type":"WebPage","@id":"https:\/\/jackpotlotteryonline.com\/da\/vindernumre\/oz-lotto\/","url":"https:\/\/jackpotlotteryonline.com\/da\/vindernumre\/oz-lotto\/","name":"Oz Lotto vindernumre og tr\u00e6kningsresultat","isPartOf":{"@id":"https:\/\/jackpotlotteryonline.com\/#website"},"primaryImageOfPage":{"@id":"https:\/\/jackpotlotteryonline.com\/da\/vindernumre\/oz-lotto\/#primaryimage"},"image":{"@id":"https:\/\/jackpotlotteryonline.com\/da\/vindernumre\/oz-lotto\/#primaryimage"},"thumbnailUrl":"http:\/\/jackpotlotteryonline.com\/wp-content\/uploads\/2022\/11\/1_euromillions_results.jpg","datePublished":"2022-12-09T09:41:41+00:00","dateModified":"2022-12-30T11:37:42+00:00","description":"Se de vindende numre og tidligere resultater for Australiens Oz Lotto p\u00e5 vores side med tr\u00e6kningsresultater. S\u00f8rg for ikke at g\u00e5 glip af noget!","breadcrumb":{"@id":"https:\/\/jackpotlotteryonline.com\/da\/vindernumre\/oz-lotto\/#breadcrumb"},"inLanguage":"da-DK","potentialAction":[{"@type":"ReadAction","target":["https:\/\/jackpotlotteryonline.com\/da\/vindernumre\/oz-lotto\/"]}]},{"@type":"ImageObject","inLanguage":"da-DK","@id":"https:\/\/jackpotlotteryonline.com\/da\/vindernumre\/oz-lotto\/#primaryimage","url":"http:\/\/jackpotlotteryonline.com\/wp-content\/uploads\/2022\/11\/1_euromillions_results.jpg","contentUrl":"http:\/\/jackpotlotteryonline.com\/wp-content\/uploads\/2022\/11\/1_euromillions_results.jpg"},{"@type":"BreadcrumbList","@id":"https:\/\/jackpotlotteryonline.com\/da\/vindernumre\/oz-lotto\/#breadcrumb","itemListElement":[{"@type":"ListItem","position":1,"name":"Home","item":"https:\/\/jackpotlotteryonline.com\/da\/"},{"@type":"ListItem","position":2,"name":"Resultater af lotteriet","item":"https:\/\/jackpotlotteryonline.com\/winning-numbers\/"},{"@type":"ListItem","position":3,"name":"Oz Lotto-tr\u00e6kning resultater"}]},{"@type":"WebSite","@id":"https:\/\/jackpotlotteryonline.com\/#website","url":"https:\/\/jackpotlotteryonline.com\/","name":"Lotto Online - Crack The International Lottery Jackpots","description":"","potentialAction":[{"@type":"SearchAction","target":{"@type":"EntryPoint","urlTemplate":"https:\/\/jackpotlotteryonline.com\/?s={search_term_string}"},"query-input":"required name=search_term_string"}],"inLanguage":"da-DK"}]}},"_links":{"self":[{"href":"https:\/\/jackpotlotteryonline.com\/da\/wp-json\/wp\/v2\/pages\/41404","targetHints":{"allow":["GET"]}}],"collection":[{"href":"https:\/\/jackpotlotteryonline.com\/da\/wp-json\/wp\/v2\/pages"}],"about":[{"href":"https:\/\/jackpotlotteryonline.com\/da\/wp-json\/wp\/v2\/types\/page"}],"author":[{"embeddable":true,"href":"https:\/\/jackpotlotteryonline.com\/da\/wp-json\/wp\/v2\/users\/1"}],"replies":[{"embeddable":true,"href":"https:\/\/jackpotlotteryonline.com\/da\/wp-json\/wp\/v2\/comments?post=41404"}],"version-history":[{"count":0,"href":"https:\/\/jackpotlotteryonline.com\/da\/wp-json\/wp\/v2\/pages\/41404\/revisions"}],"up":[{"embeddable":true,"href":"https:\/\/jackpotlotteryonline.com\/da\/wp-json\/wp\/v2\/pages\/35818"}],"wp:attachment":[{"href":"https:\/\/jackpotlotteryonline.com\/da\/wp-json\/wp\/v2\/media?parent=41404"}],"curies":[{"name":"wp","href":"https:\/\/api.w.org\/{rel}","templated":true}]}}