{"id":41456,"date":"2022-12-09T12:00:09","date_gmt":"2022-12-09T12:00:09","guid":{"rendered":"https:\/\/jackpotlotteryonline.com\/?page_id=41456"},"modified":"2022-12-30T13:10:54","modified_gmt":"2022-12-30T13:10:54","slug":"powerball-australia","status":"publish","type":"page","link":"https:\/\/jackpotlotteryonline.com\/da\/vindernumre\/powerball-australia\/","title":{"rendered":"Powerball Australien tr\u00e6kningsresultater"},"content":{"rendered":"<p>Det er nemt at <a href=\"https:\/\/jackpotlotteryonline.com\/da\/saadan-spiller-du\/powerball-australia\">spille australsk Powerball<\/a>, n\u00e5r du k\u00f8ber dine billetter online. P\u00e5 den m\u00e5de kan du f\u00e5 adgang til Powerball fra hvor som helst i verden. Men at k\u00f8be billetten er kun en del af det at spille Powerball. Du skal ogs\u00e5 tjekke tr\u00e6kningsresultaterne for at finde de vindende numre. P\u00e5 den m\u00e5de kan du f\u00e5 at vide, om du har vundet i lotteriet eller ej. Her giver vi tips og info om, hvordan du kan tjekke tr\u00e6kningsresultaterne og f\u00e5 adgang til din gevinst.<\/p>\n<h2>S\u00e5dan tjekker du Powerball Australiens vindertal<\/h2>\n<p>For at spille Powerball skal du v\u00e6lge 7 numre fra 1 til 35 plus et Powerball-nummer fra 1 til 20. Under tr\u00e6kningerne tr\u00e6kkes 8 numre tilf\u00e6ldigt. Den, der matcher de udtrukne numre, har den vindende Powerball-billet.<\/p>\n<p>M\u00e5ske er du ikke i stand til at se Powerball-tr\u00e6kningerne live p\u00e5 tv. Men du kan tjekke online-nyhedssider for at finde de vindende Powerball-numre. Disse sider offentligg\u00f8r dog for det meste kun den kombination, der vinder jackpotten. Og Powerball har flere andre gevinstniveauer.<\/p>\n<p>S\u00e5 hvis du vil kende Powerball-vindertallene for alle gevinstniveauer, kan du tjekke tilbage lige her efter hver tr\u00e6kning. Vi offentligg\u00f8r Powerball-vindernumrene p\u00e5 vores websted. Hvis du har k\u00f8bt din Powerball-billet hos os, giver vi dig ogs\u00e5 besked, hvis du har et af de vindende numre. Vi sender dig en e-mail og l\u00e6gger en meddelelse p\u00e5 din konto. P\u00e5 den m\u00e5de beh\u00f8ver du ikke at frygte at g\u00e5 glip af dine gevinster.<\/p>\n<h2>Hvad er oddsene for at vinde Powerball?<\/h2>\n<p><img loading=\"lazy\" decoding=\"async\" class=\"alignright size-full wp-image-31181\" src=\"https:\/\/jackpotlotteryonline.com\/wp-content\/uploads\/2022\/11\/logo_powerball-300x50-1.jpg\" alt=\"vinde Powerball\" width=\"300\" height=\"50\" \/>Det er ikke let at vinde i lotteriet. De fleste mennesker vil sige, at oddsene er utroligt h\u00f8je. Alligevel h\u00f8rer vi om folk, der har vundet livs\u00e6ndrende bel\u00f8b. Is\u00e6r Powerball Australien har en lang liste over lotterivindere, og det skyldes sandsynligvis oddsene.<\/p>\n<p>Oddsene for at vinde Powerball-lotteriet er 1 ud af 70 millioner. Det betyder, at bogstaveligt talt alle kan vinde Powerball-lotteriet.<\/p>\n<p>Derudover har Powerball i alt 9 pr\u00e6miekategorier, hvilket yderligere \u00f8ger chancerne for at vinde dette lotteri.<\/p>\n<h2>Powerball-pr\u00e6mier<\/h2>\n<p>Powerball-jackpotten er normalt i gennemsnit p\u00e5 8 millioner AU$. Men der er flere andre pr\u00e6mier, som du kan vinde, hvis du har de vindende Powerball Australia-numre.<\/p>\n<p>Her er pr\u00e6miekategorierne og udbetalingen i en af Powerball-tr\u00e6kningerne. Bem\u00e6rk, at udbetalingen ikke vil v\u00e6re den samme ved hver tr\u00e6kning, da pr\u00e6mierne afh\u00e6nger af lotteripuljen. Men dette er blot for at give dig en id\u00e9 om, hvad du kan forvente, n\u00e5r du f\u00e5r Powerball vindertal.<\/p>\n<p>Division 1: match 7 + Powerball &#8211; $8,000,000.00 (jackpot)<\/p>\n<p>Division 2: kun match 7 &#8211; $95,726.15<\/p>\n<p>Afdeling 3: match 6 + Powerball &#8211; 5 661,20 $.<\/p>\n<p>Afdeling 4: kun match 6 &#8211; $501,70<\/p>\n<p>Afdeling 5: match 5 + Powerball &#8211; 166,75 $.<\/p>\n<p>Afdeling 6: kun match 5 &#8211; 73,10 $.<\/p>\n<p>Hovedgruppe 7: match 4 + Powerball &#8211; 41,60 $.<\/p>\n<p>Afdeling 8: match 3 + Powerball &#8211; 18,05 $.<\/p>\n<p>Hovedgruppe 9: match 2 + Powerball &#8211; 10,95 $.<\/p>\n<h2>Hvad skal du g\u00f8re, hvis du har de vindende numre?<\/h2>\n<p>Hvis du tjekker tr\u00e6kningens resultater og ser, at du har de vindende Powerball-numre, er det n\u00e6ste skridt, hvordan du f\u00e5r adgang til din gevinst. Da du spiller Powerball uden for Oz, leder du sikkert efter en bekvem m\u00e5de at udbetale pengene p\u00e5.<\/p>\n<p>N\u00e5r du<a href=\"https:\/\/jackpotlotteryonline.com\/da\/koeb-billetter\/powerball-australia\"> k\u00f8ber din Powerball-billet hos os<\/a>, kan du ogs\u00e5 f\u00e5 adgang til dine gevinster fra hvor som helst. For gevinster under et vist bel\u00f8b er alt du skal g\u00f8re at h\u00e6ve din gevinst fra vores platform. Du kan udbetale den direkte til din bankkonto.<\/p>\n<p>N\u00e5r din gevinst er h\u00f8jere end det angivne bel\u00f8b, giver vi dig en kravformular, som du kan udfylde. P\u00e5 den m\u00e5de kan du kr\u00e6ve dine gevinster direkte fra Powerball-lotteriselskabet uden problemer.<\/p>\n<section class=\"layout\" style=\"border: solid 1px; width: 100%;\">\n<div class=\"img-div\" style=\"margin-top: 5px;\"><img decoding=\"async\" class=\"wp-image-17212 alignleft\" style=\"height: 45px; margin: 8px 8px 0px;\" src=\"https:\/\/jackpotlotteryonline.com\/wp-content\/uploads\/2022\/11\/read1.jpg\" alt=\"l\u00e6s\" width=\"\" height=\"\" \/><\/div>\n<div style=\"padding-left: 5px;\">\n<div style=\"font-size: 1.1em;\">\n<p><strong>Hvilken bil ville du k\u00f8be, hvis du vandt i lotto?<\/strong><\/p>\n<p style=\"font-size: 0.85em; margin-top: -1.5em;\">Vind i lotteriet og f\u00e5 en ny bil\u00a0<a href=\"https:\/\/jackpotlotteryonline.com\/da\/hvilken-bil-ville-du-koebe-hvis-du-vandt-i-lotto\"> L\u00e6s mere<\/a><\/p>\n<\/div>\n<\/div>\n<\/section>\n<h2>Fordele ved at spille Powerball med Jackpotlotteryonline.com<\/h2>\n<ul>\n<li>Du f\u00e5r hurtig og \u00f8jeblikkelig adgang til lotteriet. Du beh\u00f8ver ikke at bo i Australien for at spille Powerball<\/li>\n<li>Det er super praktisk, da du ikke beh\u00f8ver at forlade dit hjem. Tjek dine vindertal fra din computer eller mobilenhed.<\/li>\n<li>Det er ogs\u00e5 mere sikkert, fordi din kupon gemmes digitalt. Det er vigtigt, fordi det er den eneste m\u00e5de at g\u00f8re krav p\u00e5 din gevinst p\u00e5.<\/li>\n<li>Ingen grund til at g\u00e5 glip af din gevinst, fordi vi giver dig besked med det samme, hvis du vinder en gevinst<\/li>\n<li>Du kan nemt udbetale enhver gevinst online uden at g\u00e5 nogen steder hen<\/li>\n<\/ul>\n<h2>Tjek dine vindernumre med os<\/h2>\n<p>Gennem tiden har vi dedikeret mange ressourcer og kr\u00e6fter til at sikre, at vores spillere har den bedste oplevelse. Vi g\u00f8r det ikke kun nemt for dig at k\u00f8be lodder til de bedste internationale lotterier, men vi g\u00e5r flere skridt videre. Det g\u00f8r vi ved at levere opdaterede tr\u00e6kningsresultater, s\u00e5 du nemt kan tjekke de vindende numre.<\/p>\n<p>Endelig beh\u00f8ver du ikke at bekymre dig om, hvordan du f\u00e5r adgang til dine gevinster, hvis du vinder en pr\u00e6mie. Vi har t\u00e6nkt p\u00e5 alt, s\u00e5 du kan fokusere p\u00e5 det, der er vigtigt. Registrer dig hos os i dag.<\/p>\n","protected":false},"excerpt":{"rendered":"<p>Det er nemt at spille australsk Powerball, n\u00e5r du k\u00f8ber dine billetter online. P\u00e5 den m\u00e5de kan du f\u00e5 adgang til Powerball fra hvor som helst i verden. Men at k\u00f8be billetten er kun en del af det at spille Powerball. Du skal ogs\u00e5 tjekke tr\u00e6kningsresultaterne for at finde de vindende numre. P\u00e5 den m\u00e5de [&hellip;]<\/p>\n","protected":false},"author":1,"featured_media":0,"parent":35818,"menu_order":17,"comment_status":"closed","ping_status":"closed","template":"powerball-au-results.php","meta":{"_et_pb_use_builder":"","_et_pb_old_content":"","_et_gb_content_width":"","exclude_from_search":false,"footnotes":""},"class_list":["post-41456","page","type-page","status-publish","hentry"],"yoast_head":"<!-- This site is optimized with the Yoast SEO plugin v23.3 - https:\/\/yoast.com\/wordpress\/plugins\/seo\/ -->\n<title>Powerball Australia vindernumre og tr\u00e6kningsresultater<\/title>\n<meta name=\"description\" content=\"Leder du efter de vindende numre i Powerball Australia? Find tr\u00e6kningsresultaterne for de australske lotterier p\u00e5 dette websted\" \/>\n<meta name=\"robots\" content=\"index, follow, max-snippet:-1, max-image-preview:large, max-video-preview:-1\" \/>\n<link rel=\"canonical\" href=\"https:\/\/jackpotlotteryonline.com\/da\/vindernumre\/powerball-australia\/\" \/>\n<meta property=\"og:locale\" content=\"da_DK\" \/>\n<meta property=\"og:type\" content=\"article\" \/>\n<meta property=\"og:title\" content=\"Powerball Australia vindernumre og tr\u00e6kningsresultater\" \/>\n<meta property=\"og:description\" content=\"Leder du efter de vindende numre i Powerball Australia? Find tr\u00e6kningsresultaterne for de australske lotterier p\u00e5 dette websted\" \/>\n<meta property=\"og:url\" content=\"https:\/\/jackpotlotteryonline.com\/da\/vindernumre\/powerball-australia\/\" \/>\n<meta property=\"og:site_name\" content=\"Lotto Online - Crack The International Lottery Jackpots\" \/>\n<meta property=\"article:modified_time\" content=\"2022-12-30T13:10:54+00:00\" \/>\n<meta property=\"og:image\" content=\"https:\/\/jackpotlotteryonline.com\/wp-content\/uploads\/2022\/11\/logo_powerball-300x50-1.jpg\" \/>\n<meta name=\"twitter:card\" content=\"summary_large_image\" \/>\n<meta name=\"twitter:label1\" content=\"Estimeret l\u00e6setid\" \/>\n\t<meta name=\"twitter:data1\" content=\"4 minutter\" \/>\n<!-- \/ Yoast SEO plugin. -->","yoast_head_json":{"title":"Powerball Australia vindernumre og tr\u00e6kningsresultater","description":"Leder du efter de vindende numre i Powerball Australia? Find tr\u00e6kningsresultaterne for de australske lotterier p\u00e5 dette websted","robots":{"index":"index","follow":"follow","max-snippet":"max-snippet:-1","max-image-preview":"max-image-preview:large","max-video-preview":"max-video-preview:-1"},"canonical":"https:\/\/jackpotlotteryonline.com\/da\/vindernumre\/powerball-australia\/","og_locale":"da_DK","og_type":"article","og_title":"Powerball Australia vindernumre og tr\u00e6kningsresultater","og_description":"Leder du efter de vindende numre i Powerball Australia? Find tr\u00e6kningsresultaterne for de australske lotterier p\u00e5 dette websted","og_url":"https:\/\/jackpotlotteryonline.com\/da\/vindernumre\/powerball-australia\/","og_site_name":"Lotto Online - Crack The International Lottery Jackpots","article_modified_time":"2022-12-30T13:10:54+00:00","og_image":[{"url":"https:\/\/jackpotlotteryonline.com\/wp-content\/uploads\/2022\/11\/logo_powerball-300x50-1.jpg"}],"twitter_card":"summary_large_image","twitter_misc":{"Estimeret l\u00e6setid":"4 minutter"},"schema":{"@context":"https:\/\/schema.org","@graph":[{"@type":"WebPage","@id":"https:\/\/jackpotlotteryonline.com\/da\/vindernumre\/powerball-australia\/","url":"https:\/\/jackpotlotteryonline.com\/da\/vindernumre\/powerball-australia\/","name":"Powerball Australia vindernumre og tr\u00e6kningsresultater","isPartOf":{"@id":"https:\/\/jackpotlotteryonline.com\/#website"},"primaryImageOfPage":{"@id":"https:\/\/jackpotlotteryonline.com\/da\/vindernumre\/powerball-australia\/#primaryimage"},"image":{"@id":"https:\/\/jackpotlotteryonline.com\/da\/vindernumre\/powerball-australia\/#primaryimage"},"thumbnailUrl":"https:\/\/jackpotlotteryonline.com\/wp-content\/uploads\/2022\/11\/logo_powerball-300x50-1.jpg","datePublished":"2022-12-09T12:00:09+00:00","dateModified":"2022-12-30T13:10:54+00:00","description":"Leder du efter de vindende numre i Powerball Australia? Find tr\u00e6kningsresultaterne for de australske lotterier p\u00e5 dette websted","breadcrumb":{"@id":"https:\/\/jackpotlotteryonline.com\/da\/vindernumre\/powerball-australia\/#breadcrumb"},"inLanguage":"da-DK","potentialAction":[{"@type":"ReadAction","target":["https:\/\/jackpotlotteryonline.com\/da\/vindernumre\/powerball-australia\/"]}]},{"@type":"ImageObject","inLanguage":"da-DK","@id":"https:\/\/jackpotlotteryonline.com\/da\/vindernumre\/powerball-australia\/#primaryimage","url":"https:\/\/jackpotlotteryonline.com\/wp-content\/uploads\/2022\/11\/logo_powerball-300x50-1.jpg","contentUrl":"https:\/\/jackpotlotteryonline.com\/wp-content\/uploads\/2022\/11\/logo_powerball-300x50-1.jpg"},{"@type":"BreadcrumbList","@id":"https:\/\/jackpotlotteryonline.com\/da\/vindernumre\/powerball-australia\/#breadcrumb","itemListElement":[{"@type":"ListItem","position":1,"name":"Home","item":"https:\/\/jackpotlotteryonline.com\/da\/"},{"@type":"ListItem","position":2,"name":"Resultater af lotteriet","item":"https:\/\/jackpotlotteryonline.com\/winning-numbers\/"},{"@type":"ListItem","position":3,"name":"Powerball Australien tr\u00e6kningsresultater"}]},{"@type":"WebSite","@id":"https:\/\/jackpotlotteryonline.com\/#website","url":"https:\/\/jackpotlotteryonline.com\/","name":"Lotto Online - Crack The International Lottery Jackpots","description":"","potentialAction":[{"@type":"SearchAction","target":{"@type":"EntryPoint","urlTemplate":"https:\/\/jackpotlotteryonline.com\/?s={search_term_string}"},"query-input":"required name=search_term_string"}],"inLanguage":"da-DK"}]}},"_links":{"self":[{"href":"https:\/\/jackpotlotteryonline.com\/da\/wp-json\/wp\/v2\/pages\/41456","targetHints":{"allow":["GET"]}}],"collection":[{"href":"https:\/\/jackpotlotteryonline.com\/da\/wp-json\/wp\/v2\/pages"}],"about":[{"href":"https:\/\/jackpotlotteryonline.com\/da\/wp-json\/wp\/v2\/types\/page"}],"author":[{"embeddable":true,"href":"https:\/\/jackpotlotteryonline.com\/da\/wp-json\/wp\/v2\/users\/1"}],"replies":[{"embeddable":true,"href":"https:\/\/jackpotlotteryonline.com\/da\/wp-json\/wp\/v2\/comments?post=41456"}],"version-history":[{"count":0,"href":"https:\/\/jackpotlotteryonline.com\/da\/wp-json\/wp\/v2\/pages\/41456\/revisions"}],"up":[{"embeddable":true,"href":"https:\/\/jackpotlotteryonline.com\/da\/wp-json\/wp\/v2\/pages\/35818"}],"wp:attachment":[{"href":"https:\/\/jackpotlotteryonline.com\/da\/wp-json\/wp\/v2\/media?parent=41456"}],"curies":[{"name":"wp","href":"https:\/\/api.w.org\/{rel}","templated":true}]}}