{"id":41509,"date":"2022-12-09T13:38:02","date_gmt":"2022-12-09T13:38:02","guid":{"rendered":"https:\/\/jackpotlotteryonline.com\/?page_id=41509"},"modified":"2022-12-29T18:35:59","modified_gmt":"2022-12-29T18:35:59","slug":"lotto-america","status":"publish","type":"page","link":"https:\/\/jackpotlotteryonline.com\/da\/vindernumre\/lotto-america\/","title":{"rendered":"Lotto America tr\u00e6kningsresultater"},"content":{"rendered":"<p>Lotto America er et lotterispil i USA, der har givet mange million\u00e6rer. Sandsynligheden for at vinde i lotteriet er fantastisk, hvilket g\u00f8r det til et attraktivt spil for lotterifans. Nu kan spillere over hele verden <a href=\"https:\/\/jackpotlotteryonline.com\/da\/koeb-billetter\/lotto-america\">k\u00f8be billetter til dette amerikanske lotteri online.<\/a> Ikke bare det, men de kan ogs\u00e5 tjekke de vindende numre for at finde ud af, om de har vundet i lotteriet.<\/p>\n<p>Du kan k\u00f8be billetter til de bedste internationale lotterier p\u00e5 jackpotlotteryonline.com og tjekke de vindende numre her ogs\u00e5. Og hvis du undrer dig over, hvordan du f\u00e5r adgang til dine gevinster online, s\u00e5 l\u00e6s videre. Vi vil dele alle detaljerne med dig, og det vil hurtigt blive indlysende, at det er den rigtige m\u00e5de at spille online p\u00e5.<\/p>\n<h2>Spille Lotto America online<\/h2>\n<p><img loading=\"lazy\" decoding=\"async\" class=\"size-full wp-image-32081 alignright\" src=\"https:\/\/jackpotlotteryonline.com\/wp-content\/uploads\/2022\/11\/1_mega_lotto_win-213x300-1.jpg\" alt=\"Spil Lotto America online\" width=\"213\" height=\"300\" \/>Vi n\u00e6vnte, at du kan <a href=\"https:\/\/jackpotlotteryonline.com\/da\/saadan-spiller-du\/lotto-america-2\">spille dette lotteri online<\/a>, og det er ligegyldigt, hvor du bor. Typisk s\u00e6lges billetterne i USA, men du kan ogs\u00e5 k\u00f8be dem her p\u00e5 jackpotlotteryonline.com.<\/p>\n<p>Der er andre sider, der s\u00e6lger billetter til lotteriet, men de lader kun spillerne satse p\u00e5 resultatet af lotteriet. Det betyder, at du ved at k\u00f8be en lottokupon p\u00e5 det p\u00e5g\u00e6ldende websted ikke f\u00e5r adgang til lotteriet. S\u00e5 selv hvis du matcher alle de udtrukne numre, vinder du ikke jackpotten. S\u00e5 det er meget vigtigt at v\u00e6lge det websted, du bruger.<\/p>\n<h2>Trin for at spille lotteri online<\/h2>\n<p>N\u00e5r du har besluttet dig for et websted, skal du f\u00f8lge nedenst\u00e5ende trin:<\/p>\n<ol>\n<li>Bes\u00f8g det websted, du \u00f8nsker at bruge, og klik p\u00e5 Lotto America<\/li>\n<li>V\u00e6lg 5 numre fra 1 til 52 (hvis du ikke er sikker p\u00e5, hvilke numre du skal bruge, kan du pr\u00f8ve den automatiske nummergenerator)<\/li>\n<li>V\u00e6lg derefter et bonusnummer (Star Ball) fra 1 til 10<\/li>\n<li>K\u00f8b yderligere nummerr\u00e6kker for at f\u00e5 en st\u00f8rre chance for at vinde<\/li>\n<li>Deltag i tr\u00e6kningerne (du kan deltage i mere end \u00e9n tr\u00e6kning)<\/li>\n<li>Registrer og betal for dine deltagelser.<\/li>\n<\/ol>\n<p>Vi beder dig om at registrere dig af et par grunde. For det f\u00f8rste \u00f8nsker vi at sikre, at din digitale billet er sikker. For det andet bruger vi din konto til at kontakte dig, hvis du vinder en pr\u00e6mie. Vi vil tale mere om det senere.<\/p>\n<h2>Lotto America tr\u00e6kningsdage og jackpot<\/h2>\n<p>Dette amerikanske lotteri har tre ugentlige tr\u00e6kninger, mandag, onsdag og l\u00f8rdag. Under tr\u00e6kkningerne annonceres den vindende kupon. For at vinde jackpotten skal din kupon matche de seks trukne tal for at vinde jackpotten.<\/p>\n<p>Lotto America-jackpotpr\u00e6mierne starter ved 2 millioner dollars og kan rulle over, hvis der ikke er nogen vinder efter en tr\u00e6kning. Da den ruller videre efter hver tr\u00e6kning (hvis der ikke er nogen vinder), kan den blive helt op til 18 millioner dollars. Det er et p\u00e6nt bel\u00f8b at vinde, ikke sandt?<\/p>\n<p>Faktisk var den rekordstore Lotto America-jackpot p\u00e5 23 millioner dollars og blev vundet af en familie i 2018.<\/p>\n<section class=\"layout\" style=\"border: solid 1px; width: 100%;\">\n<div class=\"img-div\" style=\"margin-top: 5px;\"><img decoding=\"async\" class=\"wp-image-17212 alignleft\" style=\"height: 45px; margin: 8px 8px 0px;\" src=\"https:\/\/jackpotlotteryonline.com\/wp-content\/uploads\/2022\/11\/read1.jpg\" alt=\"l\u00e6s\" width=\"\" height=\"\" \/><\/div>\n<div style=\"padding-left: 5px;\">\n<div style=\"font-size: 1.1em;\">\n<p><strong>Nogle lottovindere gav noget tilbage til samfundet<\/strong><\/p>\n<p style=\"font-size: 0.85em; margin-top: -1.5em;\">Nogle interessante og hjertevarmende historier om lottovindere, der giver noget tilbage <a href=\"https:\/\/jackpotlotteryonline.com\/da\/historier-om-lotterivindere-der-giver-noget-tilbage\">L\u00e6s mere<\/a><\/p>\n<\/div>\n<\/div>\n<\/section>\n<h2>Priskategorier<\/h2>\n<p>Jackpotten er naturligvis den h\u00f8jeste pr\u00e6mie i lotteriet. Men dette lotteri har 9 forskellige pr\u00e6miekategorier, hvilket giver spillerne mulighed for at vinde interessante pr\u00e6mier.<\/p>\n<p>Selv hvis du ikke vinder jackpotten, kan du stadig g\u00e5 hjem med en stor gevinst ved at matche vindernumrene for andre kategorier. Her er pr\u00e6miefordelingen sammen med oddsene for at vinde hver enkelt pr\u00e6miekategori.<\/p>\n<p>Division 1: 5 + Star Ball &#8211; 1 ud af 25 989 600 &#8211; Jackpot<\/p>\n<p>Division 2: 5 &#8211; 1 ud af 2 887 733 &#8211; 20 000 USD<\/p>\n<p>Division 3: 4 + Star Ball &#8211; 1 ud af 110 594 &#8211; 1 000 USD<\/p>\n<p>Afdeling 4: 4 &#8211; 1 ud af 12 288 &#8211; 100 $.<\/p>\n<p>Afdeling 5: 3 + Star Ball &#8211; 1 ud af 2 404 &#8211; 20 $.<\/p>\n<p>Afdeling 6: 3 &#8211; 1 ud af 267 &#8211; 5 $.<\/p>\n<p>Afdeling 7: 2 + Star Ball &#8211; 1 ud af 160 &#8211; 5 $.<\/p>\n<p>Afdeling 8: 1 + Star Ball &#8211; 1 ud af 29 &#8211; 2 $.<\/p>\n<p>Hovedgruppe 9: 0 + Star Ball &#8211; 1 ud af 17 &#8211; 2 $.<\/p>\n<h2>S\u00e5dan tjekker du de vindende numre<\/h2>\n<p>Det er lige s\u00e5 enkelt at kontrollere, om du har vundet en pr\u00e6mie, som at vende tilbage til denne side efter tr\u00e6kningerne. Efter hver tr\u00e6kning offentligg\u00f8r vi resultaterne for hver enkelt pr\u00e6miekategori. S\u00e5 du kan nemt og bekvemt tjekke vores side uden stress.<\/p>\n<p>Hvis du har k\u00f8bt din billet hos os, er du ogs\u00e5 registreret hos os. Det betyder, at hvis du vinder en pr\u00e6mie, kan vi advare dig via din konto og ogs\u00e5 via e-mail.<\/p>\n<p>Du beh\u00f8ver aldrig at g\u00e5 glip af en gevinst, n\u00e5r du k\u00f8ber din lottokupon hos os.<\/p>\n<h2>Udbetaling af din gevinst<\/h2>\n<p><img loading=\"lazy\" decoding=\"async\" class=\"alignright size-full wp-image-31532\" src=\"https:\/\/jackpotlotteryonline.com\/wp-content\/uploads\/2022\/11\/lottoballs.jpg\" alt=\"Lotto America vindende numre\" width=\"245\" height=\"123\" \/>Et sp\u00f8rgsm\u00e5l, som vi ofte h\u00f8rer fra spillere, er, hvordan de f\u00e5r adgang til deres gevinster, n\u00e5r de deltager i Lotto America online. Hvis du k\u00f8ber lottokuponer gennem vores hjemmeside, tilbyder vi en enkel og problemfri metode til at kr\u00e6ve dine gevinster.<\/p>\n<p>Gevinster, der er p\u00e5 \u20ac2500, vil blive krediteret din konto, og derefter kan du h\u00e6ve dem uden yderligere omkostninger. Mens st\u00f8rre gevinster kr\u00e6ver en lidt anden procedure. For st\u00f8rre gevinster skal du kr\u00e6ve gevinsten fra lotteriselskabet. Vi vil dog give dig en kravformular, som du skal udfylde, og n\u00e5r du har gjort det, behandler vi kravet for dig.<\/p>\n<p>Grunden til dette er, at du skal identificere dig selv. Nogle lotteriselskaber kan ogs\u00e5 kr\u00e6ve, at du m\u00f8der personligt op for at f\u00e5 st\u00f8rre bel\u00f8b udbetalt. Hvis det sker, giver vi dig besked med det samme.<\/p>\n<h2>K\u00f8b dine Lotto America billetter p\u00e5 jackpotlotteryonline.com<\/h2>\n<p>Der er s\u00e5 mange grunde til, at du b\u00f8r k\u00f8be dine Lotto America billetter hos os. F\u00f8rst og fremmest er vi en concierge side. Det betyder, at du kan l\u00e6ne dig tilbage og slappe af, mens vi h\u00e5ndterer de finere detaljer for dig. S\u00e5 vi hj\u00e6lper dig med at f\u00e5 adgang til de bedste internationale lotterier som Lotto America.<\/p>\n<p>Men vi stopper ikke der. Vi leverer ogs\u00e5 et system, der hj\u00e6lper dig med at administrere dine lotterispil. Du kan bogstaveligt talt, indtaste flere lotterier og tr\u00e6kninger direkte fra vores websted. Du beh\u00f8ver ikke at g\u00e5 andre steder hen. Vi giver dig ogs\u00e5 en bekvem m\u00e5de at tjekke Lotto America-resultaterne p\u00e5, alt p\u00e5 \u00e9t sted.<\/p>\n<p>Endelig kan du nemt tjekke de vindende numre og udbetale dine gevinster fra vores platform direkte til din konto. Vi arbejder h\u00e5rdt hver dag for at perfektionere et problemfrit system til dig. Lad os fjerne stressen, s\u00e5 du kan fokusere p\u00e5 det sjove. Registrer dig hos os for at spille lotteri i dag.<\/p>\n","protected":false},"excerpt":{"rendered":"<p>Lotto America er et lotterispil i USA, der har givet mange million\u00e6rer. Sandsynligheden for at vinde i lotteriet er fantastisk, hvilket g\u00f8r det til et attraktivt spil for lotterifans. Nu kan spillere over hele verden k\u00f8be billetter til dette amerikanske lotteri online. Ikke bare det, men de kan ogs\u00e5 tjekke de vindende numre for at [&hellip;]<\/p>\n","protected":false},"author":1,"featured_media":0,"parent":35818,"menu_order":13,"comment_status":"closed","ping_status":"closed","template":"lotto-america-results.php","meta":{"_et_pb_use_builder":"","_et_pb_old_content":"","_et_gb_content_width":"","exclude_from_search":false,"footnotes":""},"class_list":["post-41509","page","type-page","status-publish","hentry"],"yoast_head":"<!-- This site is optimized with the Yoast SEO plugin v23.3 - https:\/\/yoast.com\/wordpress\/plugins\/seo\/ -->\n<title>Lotto America vindernumre og tr\u00e6kningsresultater<\/title>\n<meta name=\"description\" content=\"Leder du efter de vindende numre i Lotto America? Tr\u00e6kningsresultater for alle de store amerikanske lotterier kan du finde p\u00e5 vores hjemmeside!\" \/>\n<meta name=\"robots\" content=\"index, follow, max-snippet:-1, max-image-preview:large, max-video-preview:-1\" \/>\n<link rel=\"canonical\" href=\"https:\/\/jackpotlotteryonline.com\/da\/vindernumre\/lotto-america\/\" \/>\n<meta property=\"og:locale\" content=\"da_DK\" \/>\n<meta property=\"og:type\" content=\"article\" \/>\n<meta property=\"og:title\" content=\"Lotto America vindernumre og tr\u00e6kningsresultater\" \/>\n<meta property=\"og:description\" content=\"Leder du efter de vindende numre i Lotto America? Tr\u00e6kningsresultater for alle de store amerikanske lotterier kan du finde p\u00e5 vores hjemmeside!\" \/>\n<meta property=\"og:url\" content=\"https:\/\/jackpotlotteryonline.com\/da\/vindernumre\/lotto-america\/\" \/>\n<meta property=\"og:site_name\" content=\"Lotto Online - Crack The International Lottery Jackpots\" \/>\n<meta property=\"article:modified_time\" content=\"2022-12-29T18:35:59+00:00\" \/>\n<meta property=\"og:image\" content=\"https:\/\/jackpotlotteryonline.com\/wp-content\/uploads\/2022\/11\/1_mega_lotto_win-213x300-1.jpg\" \/>\n<meta name=\"twitter:card\" content=\"summary_large_image\" \/>\n<meta name=\"twitter:label1\" content=\"Estimeret l\u00e6setid\" \/>\n\t<meta name=\"twitter:data1\" content=\"6 minutter\" \/>\n<!-- \/ Yoast SEO plugin. -->","yoast_head_json":{"title":"Lotto America vindernumre og tr\u00e6kningsresultater","description":"Leder du efter de vindende numre i Lotto America? Tr\u00e6kningsresultater for alle de store amerikanske lotterier kan du finde p\u00e5 vores hjemmeside!","robots":{"index":"index","follow":"follow","max-snippet":"max-snippet:-1","max-image-preview":"max-image-preview:large","max-video-preview":"max-video-preview:-1"},"canonical":"https:\/\/jackpotlotteryonline.com\/da\/vindernumre\/lotto-america\/","og_locale":"da_DK","og_type":"article","og_title":"Lotto America vindernumre og tr\u00e6kningsresultater","og_description":"Leder du efter de vindende numre i Lotto America? Tr\u00e6kningsresultater for alle de store amerikanske lotterier kan du finde p\u00e5 vores hjemmeside!","og_url":"https:\/\/jackpotlotteryonline.com\/da\/vindernumre\/lotto-america\/","og_site_name":"Lotto Online - Crack The International Lottery Jackpots","article_modified_time":"2022-12-29T18:35:59+00:00","og_image":[{"url":"https:\/\/jackpotlotteryonline.com\/wp-content\/uploads\/2022\/11\/1_mega_lotto_win-213x300-1.jpg"}],"twitter_card":"summary_large_image","twitter_misc":{"Estimeret l\u00e6setid":"6 minutter"},"schema":{"@context":"https:\/\/schema.org","@graph":[{"@type":"WebPage","@id":"https:\/\/jackpotlotteryonline.com\/da\/vindernumre\/lotto-america\/","url":"https:\/\/jackpotlotteryonline.com\/da\/vindernumre\/lotto-america\/","name":"Lotto America vindernumre og tr\u00e6kningsresultater","isPartOf":{"@id":"https:\/\/jackpotlotteryonline.com\/#website"},"primaryImageOfPage":{"@id":"https:\/\/jackpotlotteryonline.com\/da\/vindernumre\/lotto-america\/#primaryimage"},"image":{"@id":"https:\/\/jackpotlotteryonline.com\/da\/vindernumre\/lotto-america\/#primaryimage"},"thumbnailUrl":"https:\/\/jackpotlotteryonline.com\/wp-content\/uploads\/2022\/11\/1_mega_lotto_win-213x300-1.jpg","datePublished":"2022-12-09T13:38:02+00:00","dateModified":"2022-12-29T18:35:59+00:00","description":"Leder du efter de vindende numre i Lotto America? Tr\u00e6kningsresultater for alle de store amerikanske lotterier kan du finde p\u00e5 vores hjemmeside!","breadcrumb":{"@id":"https:\/\/jackpotlotteryonline.com\/da\/vindernumre\/lotto-america\/#breadcrumb"},"inLanguage":"da-DK","potentialAction":[{"@type":"ReadAction","target":["https:\/\/jackpotlotteryonline.com\/da\/vindernumre\/lotto-america\/"]}]},{"@type":"ImageObject","inLanguage":"da-DK","@id":"https:\/\/jackpotlotteryonline.com\/da\/vindernumre\/lotto-america\/#primaryimage","url":"https:\/\/jackpotlotteryonline.com\/wp-content\/uploads\/2022\/11\/1_mega_lotto_win-213x300-1.jpg","contentUrl":"https:\/\/jackpotlotteryonline.com\/wp-content\/uploads\/2022\/11\/1_mega_lotto_win-213x300-1.jpg"},{"@type":"BreadcrumbList","@id":"https:\/\/jackpotlotteryonline.com\/da\/vindernumre\/lotto-america\/#breadcrumb","itemListElement":[{"@type":"ListItem","position":1,"name":"Home","item":"https:\/\/jackpotlotteryonline.com\/da\/"},{"@type":"ListItem","position":2,"name":"Resultater af lotteriet","item":"https:\/\/jackpotlotteryonline.com\/winning-numbers\/"},{"@type":"ListItem","position":3,"name":"Lotto America tr\u00e6kningsresultater"}]},{"@type":"WebSite","@id":"https:\/\/jackpotlotteryonline.com\/#website","url":"https:\/\/jackpotlotteryonline.com\/","name":"Lotto Online - Crack The International Lottery Jackpots","description":"","potentialAction":[{"@type":"SearchAction","target":{"@type":"EntryPoint","urlTemplate":"https:\/\/jackpotlotteryonline.com\/?s={search_term_string}"},"query-input":"required name=search_term_string"}],"inLanguage":"da-DK"}]}},"_links":{"self":[{"href":"https:\/\/jackpotlotteryonline.com\/da\/wp-json\/wp\/v2\/pages\/41509","targetHints":{"allow":["GET"]}}],"collection":[{"href":"https:\/\/jackpotlotteryonline.com\/da\/wp-json\/wp\/v2\/pages"}],"about":[{"href":"https:\/\/jackpotlotteryonline.com\/da\/wp-json\/wp\/v2\/types\/page"}],"author":[{"embeddable":true,"href":"https:\/\/jackpotlotteryonline.com\/da\/wp-json\/wp\/v2\/users\/1"}],"replies":[{"embeddable":true,"href":"https:\/\/jackpotlotteryonline.com\/da\/wp-json\/wp\/v2\/comments?post=41509"}],"version-history":[{"count":0,"href":"https:\/\/jackpotlotteryonline.com\/da\/wp-json\/wp\/v2\/pages\/41509\/revisions"}],"up":[{"embeddable":true,"href":"https:\/\/jackpotlotteryonline.com\/da\/wp-json\/wp\/v2\/pages\/35818"}],"wp:attachment":[{"href":"https:\/\/jackpotlotteryonline.com\/da\/wp-json\/wp\/v2\/media?parent=41509"}],"curies":[{"name":"wp","href":"https:\/\/api.w.org\/{rel}","templated":true}]}}