{"id":72991,"date":"2025-02-02T18:08:27","date_gmt":"2025-02-02T18:08:27","guid":{"rendered":"https:\/\/jackpotlotteryonline.com\/?page_id=72991"},"modified":"2025-02-02T18:08:27","modified_gmt":"2025-02-02T18:08:27","slug":"vilkaar-og-betingelser","status":"publish","type":"page","link":"https:\/\/jackpotlotteryonline.com\/da\/vilkaar-og-betingelser\/","title":{"rendered":"Vilk\u00e5r og betingelser"},"content":{"rendered":"<p>Vilk\u00e5r og betingelser for Jackpot Lottery Online (i det f\u00f8lgende ben\u00e6vnt brugsbetingelserne) g\u00e6lder for hjemmesiden jackpotlotteryonline.com (i det f\u00f8lgende ben\u00e6vnt hjemmesiden), der drives af LLL World Marketing Limited, Peiraios 30, 1. sal, kontor 1, 2023 Strovolos, Nicosia &#8211; Cypern.<\/p>\n<p>Ved enten at vise, gennemse eller bruge hjemmesiden jackpotlotteryonline.com p\u00e5 nogen m\u00e5de, er spilleren underlagt f\u00f8lgende brugsbetingelser samt vores fortrolighedspolitik. Hvis spilleren ikke er enig i nogen af dem, beder vi spilleren om at stoppe med at bruge jackpotlotteryonline.com.<\/p>\n<p>Hvis du har sp\u00f8rgsm\u00e5l til vores brugsbetingelser eller vores privatlivspolitik, kan du kontakte os via vores kontaktformular.<\/p>\n<p>Disse vilk\u00e5r for brug er underlagt lovgivningen i Cypern.<\/p>\n<p>1. Definitioner<br \/>\nLotteri &#8211; Et talspil, hvor en lodtr\u00e6kning finder sted.<br \/>\nUdtr\u00e6kning &#8211; En udtr\u00e6kning af et bestemt antal tal fra bestemte intervaller af standardnumre eller standard- og bonusnumre inden for et bestemt lotteri. Tr\u00e6kninger finder sted gentagne gange p\u00e5 de dage og tidspunkter, der er fastsat af operat\u00f8ren af et bestemt lotteri.<br \/>\nOperat\u00f8r &#8211; Den enhed, der organiserer lodtr\u00e6kningen i et bestemt lotteri.<br \/>\nSpiller &#8211; En person, der deltager i et af de lotterier, der tilbydes p\u00e5 jackpotlotteryonline.com.<br \/>\nBillet &#8211; En elektronisk billet til en tr\u00e6kning, som spilleren v\u00e6lger til et bestemt lotteri, der indeholder en eller flere linjer.<br \/>\nLinje &#8211; Et enkelt s\u00e6t tal, som spilleren har valgt til en bestemt lodtr\u00e6kning. Afh\u00e6ngigt af lotteriet kan det indeholde et andet bel\u00f8b og\/eller en anden pulje (i et andet interval) til standard- og bonusnumre (hvis de findes).<br \/>\nGevinst &#8211; Det bel\u00f8b, der vindes, hvis en linje oprettet af en spiller matcher et foruddefineret s\u00e6t numre, der er trukket i en lodtr\u00e6kning, som loddet med linjen blev k\u00f8bt til.<br \/>\nIndbetaling &#8211; Midler, der er indsat p\u00e5 en spillers konto for senere at blive brugt til at k\u00f8be billetter.<br \/>\nKonto &#8211; Spillerens brugerkonto, som har spillerens midler, k\u00f8bte lodder og spillerens data tildelt til den.<br \/>\n2. Generel information<br \/>\n2.1 Hjemmesiden jackpotlotteryonline.com giver adgang til lotterierne via en online platform.<br \/>\n2.2 Spillere skal v\u00e6re mindst 18 \u00e5r gamle for at bruge hjemmesiden.<br \/>\n2.3 Det er spillerens ansvar at kontrollere, om deltagelse i onlinelotterier er lovligt under deres jurisdiktion.<br \/>\n2.4 Virksomheden LLL World Marketing Limited er ikke en officiel lotterioperat\u00f8r. De leverede tjenester er relateret til adgang til lotteribilletter.<\/p>\n<p>3. Brugerkonto<br \/>\n3.1 Spillere skal registrere en konto p\u00e5 jackpotlotteryonline.com for at k\u00f8be billetter.<br \/>\n3.2 Personlige data, der leveres under registreringen, skal v\u00e6re n\u00f8jagtige. Eventuelle falske eller vildledende oplysninger kan f\u00f8re til suspension eller opsigelse af kontoen.<br \/>\n3.3 Spillere er ansvarlige for at opretholde fortroligheden af deres loginoplysninger. Virksomheden er ikke ansvarlig for uautoriseret adgang p\u00e5 grund af uagtsomhed.<\/p>\n<p>4. Indskud og betalinger<br \/>\n4.1 Indskud kan foretages via de betalingsmetoder, der er tilg\u00e6ngelige p\u00e5 jackpotlotteryonline.com.<br \/>\n4.2 Spillere er ansvarlige for at sikre, at de har tilstr\u00e6kkelige midler p\u00e5 deres konto til at k\u00f8be billetter.<br \/>\n4.3 Alle betalinger behandles sikkert. Virksomheden forbeholder sig ret til at anmode om yderligere verifikation, hvis det er n\u00f8dvendigt.<\/p>\n<p>5. K\u00f8b af billetter<br \/>\n5.1 Spillere kan k\u00f8be billetter til forskellige lotterier, der tilbydes p\u00e5 jackpotlotteryonline.com.<br \/>\n5.2 Billetter betragtes kun som gyldige efter vellykket betalingsbekr\u00e6ftelse.<\/p>\n<p>6. Gevinster<br \/>\n6.1 Gevinster beregnes ud fra matchet mellem spillerens valgte numre og de numre, der tr\u00e6kkes af den officielle lotterioperat\u00f8r.<br \/>\n6.2 Virksomheden vil g\u00f8re alt for at udbetale gevinster til spilleren hurtigt.<br \/>\n6.3 Store gevinster kan kr\u00e6ve yderligere identitetsbekr\u00e6ftelse, f\u00f8r de frigives til spilleren.<\/p>\n<p>7. Begr\u00e6nsning af ansvar<br \/>\n7.1 Virksomheden er ikke ansvarlig for eventuelle tekniske fejl eller forstyrrelser, der kan opst\u00e5 under brug af jackpotlotteryonline.com.<br \/>\n7.2 Virksomheden kan under ingen omst\u00e6ndigheder holdes ansvarlig for indirekte, tilf\u00e6ldige eller f\u00f8lgeskader, der opst\u00e5r som f\u00f8lge af brugen af hjemmesiden.<\/p>\n<p>8. Opsigelse<br \/>\n8.1 Virksomheden forbeholder sig ret til at opsige eller suspendere enhver spillers konto for overtr\u00e6delser af brugsbetingelserne.<br \/>\n8.2 Spillere kan til enhver tid anmode om lukning af kontoen ved at kontakte support via kontaktformularen.<\/p>\n<p>9. G\u00e6ldende lov<br \/>\n9.1 Disse brugsbetingelser skal styres og fortolkes i overensstemmelse med lovgivningen i Cypern.<\/p>\n<p>Ved at bruge jackpotlotteryonline.com accepterer spilleren at overholde alle ovenst\u00e5ende brugsbetingelser.<\/p>\n","protected":false},"excerpt":{"rendered":"<p>Vilk\u00e5r og betingelser for Jackpot Lottery Online (i det f\u00f8lgende ben\u00e6vnt brugsbetingelserne) g\u00e6lder for hjemmesiden jackpotlotteryonline.com (i det f\u00f8lgende ben\u00e6vnt hjemmesiden), der drives af LLL World Marketing Limited, Peiraios 30, 1. sal, kontor 1, 2023 Strovolos, Nicosia &#8211; Cypern. Ved enten at vise, gennemse eller bruge hjemmesiden jackpotlotteryonline.com p\u00e5 nogen m\u00e5de, er spilleren underlagt f\u00f8lgende [&hellip;]<\/p>\n","protected":false},"author":7,"featured_media":0,"parent":0,"menu_order":0,"comment_status":"closed","ping_status":"closed","template":"","meta":{"_et_pb_use_builder":"","_et_pb_old_content":"","_et_gb_content_width":"","exclude_from_search":false,"footnotes":""},"class_list":["post-72991","page","type-page","status-publish","hentry"],"yoast_head":"<!-- This site is optimized with the Yoast SEO plugin v23.3 - https:\/\/yoast.com\/wordpress\/plugins\/seo\/ -->\n<title>Vilk\u00e5r og betingelser - Lotto Online - Crack The International Lottery Jackpots<\/title>\n<meta name=\"robots\" content=\"index, follow, max-snippet:-1, max-image-preview:large, max-video-preview:-1\" \/>\n<link rel=\"canonical\" href=\"https:\/\/jackpotlotteryonline.com\/da\/vilkaar-og-betingelser\/\" \/>\n<meta property=\"og:locale\" content=\"da_DK\" \/>\n<meta property=\"og:type\" content=\"article\" \/>\n<meta property=\"og:title\" content=\"Vilk\u00e5r og betingelser - Lotto Online - Crack The International Lottery Jackpots\" \/>\n<meta property=\"og:description\" content=\"Vilk\u00e5r og betingelser for Jackpot Lottery Online (i det f\u00f8lgende ben\u00e6vnt brugsbetingelserne) g\u00e6lder for hjemmesiden jackpotlotteryonline.com (i det f\u00f8lgende ben\u00e6vnt hjemmesiden), der drives af LLL World Marketing Limited, Peiraios 30, 1. sal, kontor 1, 2023 Strovolos, Nicosia &#8211; Cypern. Ved enten at vise, gennemse eller bruge hjemmesiden jackpotlotteryonline.com p\u00e5 nogen m\u00e5de, er spilleren underlagt f\u00f8lgende [&hellip;]\" \/>\n<meta property=\"og:url\" content=\"https:\/\/jackpotlotteryonline.com\/da\/vilkaar-og-betingelser\/\" \/>\n<meta property=\"og:site_name\" content=\"Lotto Online - Crack The International Lottery Jackpots\" \/>\n<meta name=\"twitter:card\" content=\"summary_large_image\" \/>\n<meta name=\"twitter:label1\" content=\"Estimeret l\u00e6setid\" \/>\n\t<meta name=\"twitter:data1\" content=\"3 minutter\" \/>\n<!-- \/ Yoast SEO plugin. -->","yoast_head_json":{"title":"Vilk\u00e5r og betingelser - Lotto Online - Crack The International Lottery Jackpots","robots":{"index":"index","follow":"follow","max-snippet":"max-snippet:-1","max-image-preview":"max-image-preview:large","max-video-preview":"max-video-preview:-1"},"canonical":"https:\/\/jackpotlotteryonline.com\/da\/vilkaar-og-betingelser\/","og_locale":"da_DK","og_type":"article","og_title":"Vilk\u00e5r og betingelser - Lotto Online - Crack The International Lottery Jackpots","og_description":"Vilk\u00e5r og betingelser for Jackpot Lottery Online (i det f\u00f8lgende ben\u00e6vnt brugsbetingelserne) g\u00e6lder for hjemmesiden jackpotlotteryonline.com (i det f\u00f8lgende ben\u00e6vnt hjemmesiden), der drives af LLL World Marketing Limited, Peiraios 30, 1. sal, kontor 1, 2023 Strovolos, Nicosia &#8211; Cypern. Ved enten at vise, gennemse eller bruge hjemmesiden jackpotlotteryonline.com p\u00e5 nogen m\u00e5de, er spilleren underlagt f\u00f8lgende [&hellip;]","og_url":"https:\/\/jackpotlotteryonline.com\/da\/vilkaar-og-betingelser\/","og_site_name":"Lotto Online - Crack The International Lottery Jackpots","twitter_card":"summary_large_image","twitter_misc":{"Estimeret l\u00e6setid":"3 minutter"},"schema":{"@context":"https:\/\/schema.org","@graph":[{"@type":"WebPage","@id":"https:\/\/jackpotlotteryonline.com\/da\/vilkaar-og-betingelser\/","url":"https:\/\/jackpotlotteryonline.com\/da\/vilkaar-og-betingelser\/","name":"Vilk\u00e5r og betingelser - Lotto Online - Crack The International Lottery Jackpots","isPartOf":{"@id":"https:\/\/jackpotlotteryonline.com\/#website"},"datePublished":"2025-02-02T18:08:27+00:00","dateModified":"2025-02-02T18:08:27+00:00","breadcrumb":{"@id":"https:\/\/jackpotlotteryonline.com\/da\/vilkaar-og-betingelser\/#breadcrumb"},"inLanguage":"da-DK","potentialAction":[{"@type":"ReadAction","target":["https:\/\/jackpotlotteryonline.com\/da\/vilkaar-og-betingelser\/"]}]},{"@type":"BreadcrumbList","@id":"https:\/\/jackpotlotteryonline.com\/da\/vilkaar-og-betingelser\/#breadcrumb","itemListElement":[{"@type":"ListItem","position":1,"name":"Home","item":"https:\/\/jackpotlotteryonline.com\/da\/"},{"@type":"ListItem","position":2,"name":"Vilk\u00e5r og betingelser"}]},{"@type":"WebSite","@id":"https:\/\/jackpotlotteryonline.com\/#website","url":"https:\/\/jackpotlotteryonline.com\/","name":"Lotto Online - Crack The International Lottery Jackpots","description":"","potentialAction":[{"@type":"SearchAction","target":{"@type":"EntryPoint","urlTemplate":"https:\/\/jackpotlotteryonline.com\/?s={search_term_string}"},"query-input":"required name=search_term_string"}],"inLanguage":"da-DK"}]}},"_links":{"self":[{"href":"https:\/\/jackpotlotteryonline.com\/da\/wp-json\/wp\/v2\/pages\/72991","targetHints":{"allow":["GET"]}}],"collection":[{"href":"https:\/\/jackpotlotteryonline.com\/da\/wp-json\/wp\/v2\/pages"}],"about":[{"href":"https:\/\/jackpotlotteryonline.com\/da\/wp-json\/wp\/v2\/types\/page"}],"author":[{"embeddable":true,"href":"https:\/\/jackpotlotteryonline.com\/da\/wp-json\/wp\/v2\/users\/7"}],"replies":[{"embeddable":true,"href":"https:\/\/jackpotlotteryonline.com\/da\/wp-json\/wp\/v2\/comments?post=72991"}],"version-history":[{"count":0,"href":"https:\/\/jackpotlotteryonline.com\/da\/wp-json\/wp\/v2\/pages\/72991\/revisions"}],"wp:attachment":[{"href":"https:\/\/jackpotlotteryonline.com\/da\/wp-json\/wp\/v2\/media?parent=72991"}],"curies":[{"name":"wp","href":"https:\/\/api.w.org\/{rel}","templated":true}]}}