{"id":77584,"date":"2025-03-21T17:22:39","date_gmt":"2025-03-21T17:22:39","guid":{"rendered":"https:\/\/jackpotlotteryonline.com\/?page_id=77584"},"modified":"2025-03-21T17:22:39","modified_gmt":"2025-03-21T17:22:39","slug":"hvor-kan-man-koebe-new-york-lotterikuponer-uden-for-usa","status":"publish","type":"page","link":"https:\/\/jackpotlotteryonline.com\/da\/koeb-billetter\/hvor-kan-man-koebe-new-york-lotterikuponer-uden-for-usa\/","title":{"rendered":"Hvor kan man k\u00f8be New York-lotterikuponer uden for USA?"},"content":{"rendered":"<p>Disse New York jackpots er helt enorme \u2013 de er praktisk talt legendariske. Folk over hele verden jagter dem! Hvad med folk, der ikke er i USA? Kan du absolut k\u00f8be New York Lottery-kuponer uden for USA! G\u00e6t hvad? JackpotLottery giver dig mulighed for at f\u00e5 fat i rigtige New York Lottery-kuponer online, som fra hvor som helst p\u00e5 planeten!<\/p>\n<h2>Kan du k\u00f8be New York-lotterikuponer uden for USA?<\/h2>\n<p>Helt! S\u00e5 selvom du ikke er i New York eller endda Amerika, kan du stadig deltage i New York Lottery. Med JackpotLottery kan internationale spillere sikkert k\u00f8be lotterisedler hvor som helst. Dette udj\u00e6vner spillefeltet, hvilket giver dig identiske chancer for at vinde, som hvis du k\u00f8bte en billet personligt. Grundl\u00e6ggende har JackpotLottery nogen til at k\u00f8be din billet til dig, som en personlig lotteri-shopper. Du modtager en scannet kopi af din officielle billet p\u00e5 din konto, hvilket giver et klart bevis p\u00e5 dit k\u00f8b og \u00f8get sikkerhed.<\/p>\n<h3>S\u00e5dan k\u00f8ber du New York-lotterikuponer online med JackpotLottery<img loading=\"lazy\" decoding=\"async\" class=\" wp-image-29318 alignright\" src=\"https:\/\/jackpotlotteryonline.com\/wp-content\/uploads\/2022\/11\/1_play_onlinelottery4-300x200.jpg New York Lotterany\" alt=\"Cside US Lotterany.jpg\" billet width=\"262\" height=\"174\" srcset=\"https:\/\/jackpotlotteryonline.com\/wp-content\/uploads\/2022\/11\/1_play_onlinelottery4-300x200.jpg 300w, https:\/\/jackpotlotteryonline.com\/wp-content\/uploads\/2022\/11\/1_play_onlinelottery4.jpg 320w\" sizes=\"auto, (max-width: 262px) 100vw, 262px\" \/><\/h3>\n<p>At spille New York-lotteriet internationalt er meget tilg\u00e6ngeligt, n\u00e5r du bruger Jackpotlotteri. Disse nemme instruktioner vil guide dig:<\/p>\n<p>1. Kom i gang ved at tilmelde dig. Kom i gang med JackpotLottery ved at indtaste dine detaljer og bekr\u00e6fte din identitet nu. P\u00e5 denne m\u00e5de er alt sikkert, og du vil ikke have nogen problemer med at f\u00e5 dine gevinster.<br \/>\n2. V\u00e6lg New York Lottery under lotterier. Hvis du leder efter en stor jackpot, er New York Lotto en meget popul\u00e6r mulighed.<br \/>\n3. V\u00e6lg nu dine tal. Du har mulighed for manuelt at v\u00e6lge seks tal fra 1 til 59, eller du kan bruge Quick Pick-funktionen til at f\u00e5 systemet til at generere dem tilf\u00e6ldigt for dig.<br \/>\n4. Forts\u00e6t til billetk\u00f8b. V\u00e6lg mellem vores tilg\u00e6ngelige betalingsmetoder for bekvemt at k\u00f8be din billet. Efter vellykket k\u00f8bsbekr\u00e6ftelse vil JackpotLottery forts\u00e6tte med erhvervelsen af \u200b\u200ben officiel billet i dit navn.<\/p>\n<p>5. Find ud af resultaterne af lodtr\u00e6kningen.<br \/>\nFind ud med det samme, om du har ramt jackpotten.<br \/>\n6. Verificeret betalingsgaranti<br \/>\nSm\u00e5 gevinster g\u00e5r direkte ind p\u00e5 din konto, og for de store tager JackpotLottery sig af alt.<\/p>\n<p><strong>Spil New York Lottery i dag<\/strong><br \/>\nNu ved du, hvordan du spiller fra udlandet, g\u00e5 videre og pr\u00f8v at vinde stort i New York Lottery. Kom med i handlingen! Tilmeld dig med JackpotLottery, f\u00e5 fat i din billet, og v\u00e6r en del af USA&#8217;s sp\u00e6ndende lodtr\u00e6kning! Du er kun \u00e9n billet v\u00e6k fra at f\u00e5 dine jackpotdr\u00f8mme til at g\u00e5 i opfyldelse.<\/p>\n","protected":false},"excerpt":{"rendered":"<p>Disse New York jackpots er helt enorme \u2013 de er praktisk talt legendariske. Folk over hele verden jagter dem! Hvad med folk, der ikke er i USA? Kan du absolut k\u00f8be New York Lottery-kuponer uden for USA! G\u00e6t hvad? JackpotLottery giver dig mulighed for at f\u00e5 fat i rigtige New York Lottery-kuponer online, som fra [&hellip;]<\/p>\n","protected":false},"author":7,"featured_media":0,"parent":35742,"menu_order":0,"comment_status":"closed","ping_status":"closed","template":"","meta":{"_et_pb_use_builder":"","_et_pb_old_content":"","_et_gb_content_width":"","exclude_from_search":false,"footnotes":""},"class_list":["post-77584","page","type-page","status-publish","hentry"],"yoast_head":"<!-- This site is optimized with the Yoast SEO plugin v23.3 - https:\/\/yoast.com\/wordpress\/plugins\/seo\/ -->\n<title>Kan du k\u00f8be New York-lotterikuponer uden for USA?<\/title>\n<meta name=\"description\" content=\"Gad vide om du kan k\u00f8be New York Lottery-kuponer uden for USA? Opdag de bedste m\u00e5der at spille online p\u00e5 og f\u00e5 pr\u00e6mier internationalt!\" \/>\n<meta name=\"robots\" content=\"index, follow, max-snippet:-1, max-image-preview:large, max-video-preview:-1\" \/>\n<link rel=\"canonical\" href=\"https:\/\/jackpotlotteryonline.com\/where-can-you-buy-new-york-lottery-tickets-outside-the-usa\/\" \/>\n<meta property=\"og:locale\" content=\"da_DK\" \/>\n<meta property=\"og:type\" content=\"article\" \/>\n<meta property=\"og:title\" content=\"Kan du k\u00f8be New York-lotterikuponer uden for USA?\" \/>\n<meta property=\"og:description\" content=\"Gad vide om du kan k\u00f8be New York Lottery-kuponer uden for USA? Opdag de bedste m\u00e5der at spille online p\u00e5 og f\u00e5 pr\u00e6mier internationalt!\" \/>\n<meta property=\"og:url\" content=\"https:\/\/jackpotlotteryonline.com\/where-can-you-buy-new-york-lottery-tickets-outside-the-usa\/\" \/>\n<meta property=\"og:site_name\" content=\"Lotto Online - Crack The International Lottery Jackpots\" \/>\n<meta name=\"twitter:card\" content=\"summary_large_image\" \/>\n<!-- \/ Yoast SEO plugin. -->","yoast_head_json":{"title":"Kan du k\u00f8be New York-lotterikuponer uden for USA?","description":"Gad vide om du kan k\u00f8be New York Lottery-kuponer uden for USA? Opdag de bedste m\u00e5der at spille online p\u00e5 og f\u00e5 pr\u00e6mier internationalt!","robots":{"index":"index","follow":"follow","max-snippet":"max-snippet:-1","max-image-preview":"max-image-preview:large","max-video-preview":"max-video-preview:-1"},"canonical":"https:\/\/jackpotlotteryonline.com\/where-can-you-buy-new-york-lottery-tickets-outside-the-usa\/","og_locale":"da_DK","og_type":"article","og_title":"Kan du k\u00f8be New York-lotterikuponer uden for USA?","og_description":"Gad vide om du kan k\u00f8be New York Lottery-kuponer uden for USA? Opdag de bedste m\u00e5der at spille online p\u00e5 og f\u00e5 pr\u00e6mier internationalt!","og_url":"https:\/\/jackpotlotteryonline.com\/where-can-you-buy-new-york-lottery-tickets-outside-the-usa\/","og_site_name":"Lotto Online - Crack The International Lottery Jackpots","twitter_card":"summary_large_image","schema":{"@context":"https:\/\/schema.org","@graph":[{"@type":"WebPage","@id":"https:\/\/jackpotlotteryonline.com\/where-can-you-buy-new-york-lottery-tickets-outside-the-usa\/","url":"https:\/\/jackpotlotteryonline.com\/where-can-you-buy-new-york-lottery-tickets-outside-the-usa\/","name":"Kan du k\u00f8be New York-lotterikuponer uden for USA?","isPartOf":{"@id":"https:\/\/jackpotlotteryonline.com\/#website"},"datePublished":"2025-03-21T17:22:39+00:00","dateModified":"2025-03-21T17:22:39+00:00","description":"Gad vide om du kan k\u00f8be New York Lottery-kuponer uden for USA? Opdag de bedste m\u00e5der at spille online p\u00e5 og f\u00e5 pr\u00e6mier internationalt!","breadcrumb":{"@id":"https:\/\/jackpotlotteryonline.com\/where-can-you-buy-new-york-lottery-tickets-outside-the-usa\/#breadcrumb"},"inLanguage":"da-DK","potentialAction":[{"@type":"ReadAction","target":["https:\/\/jackpotlotteryonline.com\/where-can-you-buy-new-york-lottery-tickets-outside-the-usa\/"]}]},{"@type":"BreadcrumbList","@id":"https:\/\/jackpotlotteryonline.com\/where-can-you-buy-new-york-lottery-tickets-outside-the-usa\/#breadcrumb","itemListElement":[{"@type":"ListItem","position":1,"name":"Home","item":"https:\/\/jackpotlotteryonline.com\/da\/"},{"@type":"ListItem","position":2,"name":"Hvor kan man k\u00f8be New York-lotterikuponer uden for USA?"}]},{"@type":"WebSite","@id":"https:\/\/jackpotlotteryonline.com\/#website","url":"https:\/\/jackpotlotteryonline.com\/","name":"Lotto Online - Crack The International Lottery Jackpots","description":"","potentialAction":[{"@type":"SearchAction","target":{"@type":"EntryPoint","urlTemplate":"https:\/\/jackpotlotteryonline.com\/?s={search_term_string}"},"query-input":"required name=search_term_string"}],"inLanguage":"da-DK"}]}},"_links":{"self":[{"href":"https:\/\/jackpotlotteryonline.com\/da\/wp-json\/wp\/v2\/pages\/77584","targetHints":{"allow":["GET"]}}],"collection":[{"href":"https:\/\/jackpotlotteryonline.com\/da\/wp-json\/wp\/v2\/pages"}],"about":[{"href":"https:\/\/jackpotlotteryonline.com\/da\/wp-json\/wp\/v2\/types\/page"}],"author":[{"embeddable":true,"href":"https:\/\/jackpotlotteryonline.com\/da\/wp-json\/wp\/v2\/users\/7"}],"replies":[{"embeddable":true,"href":"https:\/\/jackpotlotteryonline.com\/da\/wp-json\/wp\/v2\/comments?post=77584"}],"version-history":[{"count":1,"href":"https:\/\/jackpotlotteryonline.com\/da\/wp-json\/wp\/v2\/pages\/77584\/revisions"}],"predecessor-version":[{"id":77585,"href":"https:\/\/jackpotlotteryonline.com\/da\/wp-json\/wp\/v2\/pages\/77584\/revisions\/77585"}],"up":[{"embeddable":true,"href":"https:\/\/jackpotlotteryonline.com\/da\/wp-json\/wp\/v2\/pages\/35742"}],"wp:attachment":[{"href":"https:\/\/jackpotlotteryonline.com\/da\/wp-json\/wp\/v2\/media?parent=77584"}],"curies":[{"name":"wp","href":"https:\/\/api.w.org\/{rel}","templated":true}]}}