{"id":77662,"date":"2025-03-22T07:30:15","date_gmt":"2025-03-22T07:30:15","guid":{"rendered":"https:\/\/jackpotlotteryonline.com\/?page_id=77662"},"modified":"2025-03-22T07:30:15","modified_gmt":"2025-03-22T07:30:15","slug":"find-ud-af-dagens-resultater-for-new-york-lottery","status":"publish","type":"page","link":"https:\/\/jackpotlotteryonline.com\/da\/vindernumre\/find-ud-af-dagens-resultater-for-new-york-lottery\/","title":{"rendered":"Find ud af dagens resultater for New York Lottery"},"content":{"rendered":"<p>Find ud af dagens resultater for New York Lottery<\/p>\n<p>Folk er altid begejstrede for New York Lottery og venter p\u00e5 at se den seneste lodtr\u00e6kning. Hvis du har brug for dagens New York Lottery-numre, er du pr\u00e6cis, hvor du skal v\u00e6re. Det er hurtigt og nemt at tjekke dine New York Lotto-numre, kun et par klik.<\/p>\n<h2>Hvor kan jeg se New York Lottery-resultaterne for i dag?<\/h2>\n<p>Det er b\u00e5de nemt og bekvemt at tjekke dagens New York Lottery-resultater. Her kan du lede efter vindertallene;<br \/>\nStol p\u00e5 JackpotLottery for at f\u00e5 opdaterede lotteriresultater og muligheden for at k\u00f8be billetter direkte online. Umiddelbart efter at resultaterne er annonceret, er de normalt tilg\u00e6ngelige p\u00e5 denne platform. Desuden vil du straks blive underrettet i tilf\u00e6lde af en gevinst, s\u00e5 du ikke g\u00e5r glip af dine gevinster.<\/p>\n<p><strong>Hvorn\u00e5r tr\u00e6kkes der i New York Lottery?<img loading=\"lazy\" decoding=\"async\" class=\" wp-image-51568 alignright\" src=\"https:\/\/jackpotlotteryonline.com\/wp-content\/uploads\/2023\/09\/8.png\" alt=\"Hvor kan jeg se New York Lottery-resultaterne for i dag?\" width=\"233\" height=\"233\" srcset=\"https:\/\/jackpotlotteryonline.com\/wp-content\/uploads\/2023\/09\/8.png 300w, https:\/\/jackpotlotteryonline.com\/wp-content\/uploads\/2023\/09\/8-100x100.png 100w, https:\/\/jackpotlotteryonline.com\/wp-content\/uploads\/2023\/09\/8-150x150.png 150w\" sizes=\"auto, (max-width: 233px) 100vw, 233px\" \/><\/strong><\/p>\n<p>Du kan se New York Lotto-tr\u00e6kningen hver onsdag og l\u00f8rdag kl. 23:21 Eastern Time. N\u00e5r du bruger denne platform, vil du altid v\u00e6re opdateret. Nedt\u00e6llingen til tr\u00e6kning vises altid ved siden af \u200b\u200blotteriet.<\/p>\n<h3>S\u00e5dan tjekker du, om du har vundet New York-lotteriet<\/h3>\n<ul>\n<li>N\u00e5r du har opn\u00e5et dagens resultater for lotteriet i New York, vil disse trin guide dig gennem bekr\u00e6ftelsen af \u200b\u200bdin billet.<\/li>\n<li>Sammenlign dine tal: Bekr\u00e6ft, om dine valgte tal er de samme som de tegnede tal.<\/li>\n<li>Se, om du har ekstramateriale: Nogle spil har bonusnumre og multiplikatorer.<\/li>\n<li>For at g\u00f8re krav p\u00e5 gevinster skal du f\u00f8lge vores kravsprocedure, som varierer baseret p\u00e5 pr\u00e6miebel\u00f8bet, hvilket potentielt involverer onlinekrav p\u00e5 mindre bel\u00f8b eller personlig verifikation for store jackpots.<\/li>\n<\/ul>\n<h2>Retningslinjer for New York Lottery-vindere<\/h2>\n<p>Hvis du vinder i lotteriet, er dit liv ved at \u00e6ndre sig, s\u00e5 du skal g\u00f8re tingene p\u00e5 den rigtige m\u00e5de.<\/p>\n<ul>\n<li>Hold dig p\u00e5 rette plan og bekr\u00e6ft: S\u00f8rg for, at din billet matcher de officielle tal, f\u00f8r du fejrer.<\/li>\n<li>Beslut hvordan du vil have dine gevinster: Jackpots udbetales normalt som en enkelt betaling eller gennem en r\u00e6kke \u00e5rlige betalinger.<\/li>\n<li>S\u00f8rg for langsigtet sikkerhed: S\u00f8g r\u00e5d fra en finansiel r\u00e5dgiver for at administrere dine lotteri-gevinster klogt.<\/li>\n<li>V\u00e6r opm\u00e6rksom p\u00e5 kravsfrister: S\u00f8rg for, at du g\u00f8r krav p\u00e5 din pr\u00e6mie inden for den angivne tid, da hvert spil har en cut-off.<\/li>\n<\/ul>\n<p><strong>F\u00e5 de seneste New York-lotteriresultater med det samme!<\/strong><\/p>\n<p>Nu hvor du kender svaret p\u00e5; Hvor kan jeg se New York Lottery-resultaterne for i dag, s\u00f8rg for at tjekke dine billetter ofte. At holde sig orienteret om de seneste tr\u00e6kninger \u00f8ger dine chancer for succes, uanset om du spiller tilf\u00e6ldigt eller om en jackpot. F\u00e5 alle de seneste opdateringer fra JackpotLottery og \u00f8g dine chancer for at vinde! Vi \u00f8nsker dig alt det bedste.<\/p>\n","protected":false},"excerpt":{"rendered":"<p>Find ud af dagens resultater for New York Lottery Folk er altid begejstrede for New York Lottery og venter p\u00e5 at se den seneste lodtr\u00e6kning. Hvis du har brug for dagens New York Lottery-numre, er du pr\u00e6cis, hvor du skal v\u00e6re. Det er hurtigt og nemt at tjekke dine New York Lotto-numre, kun et par [&hellip;]<\/p>\n","protected":false},"author":7,"featured_media":0,"parent":35818,"menu_order":0,"comment_status":"closed","ping_status":"closed","template":"","meta":{"_et_pb_use_builder":"","_et_pb_old_content":"","_et_gb_content_width":"","exclude_from_search":false,"footnotes":""},"class_list":["post-77662","page","type-page","status-publish","hentry"],"yoast_head":"<!-- This site is optimized with the Yoast SEO plugin v23.3 - https:\/\/yoast.com\/wordpress\/plugins\/seo\/ -->\n<title>Hvor kan jeg se New York-lotteriresultaterne for i dag<\/title>\n<meta name=\"description\" content=\"Hvor kan jeg se New York Lottery-resultaterne for i dag? Find ud af, hvor du kan tjekke de seneste vindertal med det samme, og hold dig opdateret\" \/>\n<meta name=\"robots\" content=\"index, follow, max-snippet:-1, max-image-preview:large, max-video-preview:-1\" \/>\n<link rel=\"canonical\" href=\"https:\/\/jackpotlotteryonline.com\/find-out-todays-results-for-new-york-lottery-2\/\" \/>\n<meta property=\"og:locale\" content=\"da_DK\" \/>\n<meta property=\"og:type\" content=\"article\" \/>\n<meta property=\"og:title\" content=\"Hvor kan jeg se New York-lotteriresultaterne for i dag\" \/>\n<meta property=\"og:description\" content=\"Hvor kan jeg se New York Lottery-resultaterne for i dag? Find ud af, hvor du kan tjekke de seneste vindertal med det samme, og hold dig opdateret\" \/>\n<meta property=\"og:url\" content=\"https:\/\/jackpotlotteryonline.com\/find-out-todays-results-for-new-york-lottery-2\/\" \/>\n<meta property=\"og:site_name\" content=\"Lotto Online - Crack The International Lottery Jackpots\" \/>\n<meta property=\"og:image\" content=\"https:\/\/jackpotlotteryonline.com\/wp-content\/uploads\/2023\/09\/8.png\" \/>\n<meta name=\"twitter:card\" content=\"summary_large_image\" \/>\n<!-- \/ Yoast SEO plugin. -->","yoast_head_json":{"title":"Hvor kan jeg se New York-lotteriresultaterne for i dag","description":"Hvor kan jeg se New York Lottery-resultaterne for i dag? Find ud af, hvor du kan tjekke de seneste vindertal med det samme, og hold dig opdateret","robots":{"index":"index","follow":"follow","max-snippet":"max-snippet:-1","max-image-preview":"max-image-preview:large","max-video-preview":"max-video-preview:-1"},"canonical":"https:\/\/jackpotlotteryonline.com\/find-out-todays-results-for-new-york-lottery-2\/","og_locale":"da_DK","og_type":"article","og_title":"Hvor kan jeg se New York-lotteriresultaterne for i dag","og_description":"Hvor kan jeg se New York Lottery-resultaterne for i dag? Find ud af, hvor du kan tjekke de seneste vindertal med det samme, og hold dig opdateret","og_url":"https:\/\/jackpotlotteryonline.com\/find-out-todays-results-for-new-york-lottery-2\/","og_site_name":"Lotto Online - Crack The International Lottery Jackpots","og_image":[{"url":"https:\/\/jackpotlotteryonline.com\/wp-content\/uploads\/2023\/09\/8.png"}],"twitter_card":"summary_large_image","schema":{"@context":"https:\/\/schema.org","@graph":[{"@type":"WebPage","@id":"https:\/\/jackpotlotteryonline.com\/find-out-todays-results-for-new-york-lottery-2\/","url":"https:\/\/jackpotlotteryonline.com\/find-out-todays-results-for-new-york-lottery-2\/","name":"Hvor kan jeg se New York-lotteriresultaterne for i dag","isPartOf":{"@id":"https:\/\/jackpotlotteryonline.com\/#website"},"primaryImageOfPage":{"@id":"https:\/\/jackpotlotteryonline.com\/find-out-todays-results-for-new-york-lottery-2\/#primaryimage"},"image":{"@id":"https:\/\/jackpotlotteryonline.com\/find-out-todays-results-for-new-york-lottery-2\/#primaryimage"},"thumbnailUrl":"https:\/\/jackpotlotteryonline.com\/wp-content\/uploads\/2023\/09\/8.png","datePublished":"2025-03-22T07:30:15+00:00","dateModified":"2025-03-22T07:30:15+00:00","description":"Hvor kan jeg se New York Lottery-resultaterne for i dag? Find ud af, hvor du kan tjekke de seneste vindertal med det samme, og hold dig opdateret","breadcrumb":{"@id":"https:\/\/jackpotlotteryonline.com\/find-out-todays-results-for-new-york-lottery-2\/#breadcrumb"},"inLanguage":"da-DK","potentialAction":[{"@type":"ReadAction","target":["https:\/\/jackpotlotteryonline.com\/find-out-todays-results-for-new-york-lottery-2\/"]}]},{"@type":"ImageObject","inLanguage":"da-DK","@id":"https:\/\/jackpotlotteryonline.com\/find-out-todays-results-for-new-york-lottery-2\/#primaryimage","url":"https:\/\/jackpotlotteryonline.com\/wp-content\/uploads\/2023\/09\/8.png","contentUrl":"https:\/\/jackpotlotteryonline.com\/wp-content\/uploads\/2023\/09\/8.png"},{"@type":"BreadcrumbList","@id":"https:\/\/jackpotlotteryonline.com\/find-out-todays-results-for-new-york-lottery-2\/#breadcrumb","itemListElement":[{"@type":"ListItem","position":1,"name":"Home","item":"https:\/\/jackpotlotteryonline.com\/da\/"},{"@type":"ListItem","position":2,"name":"Find ud af dagens resultater for New York Lottery"}]},{"@type":"WebSite","@id":"https:\/\/jackpotlotteryonline.com\/#website","url":"https:\/\/jackpotlotteryonline.com\/","name":"Lotto Online - Crack The International Lottery Jackpots","description":"","potentialAction":[{"@type":"SearchAction","target":{"@type":"EntryPoint","urlTemplate":"https:\/\/jackpotlotteryonline.com\/?s={search_term_string}"},"query-input":"required name=search_term_string"}],"inLanguage":"da-DK"}]}},"_links":{"self":[{"href":"https:\/\/jackpotlotteryonline.com\/da\/wp-json\/wp\/v2\/pages\/77662","targetHints":{"allow":["GET"]}}],"collection":[{"href":"https:\/\/jackpotlotteryonline.com\/da\/wp-json\/wp\/v2\/pages"}],"about":[{"href":"https:\/\/jackpotlotteryonline.com\/da\/wp-json\/wp\/v2\/types\/page"}],"author":[{"embeddable":true,"href":"https:\/\/jackpotlotteryonline.com\/da\/wp-json\/wp\/v2\/users\/7"}],"replies":[{"embeddable":true,"href":"https:\/\/jackpotlotteryonline.com\/da\/wp-json\/wp\/v2\/comments?post=77662"}],"version-history":[{"count":1,"href":"https:\/\/jackpotlotteryonline.com\/da\/wp-json\/wp\/v2\/pages\/77662\/revisions"}],"predecessor-version":[{"id":77663,"href":"https:\/\/jackpotlotteryonline.com\/da\/wp-json\/wp\/v2\/pages\/77662\/revisions\/77663"}],"up":[{"embeddable":true,"href":"https:\/\/jackpotlotteryonline.com\/da\/wp-json\/wp\/v2\/pages\/35818"}],"wp:attachment":[{"href":"https:\/\/jackpotlotteryonline.com\/da\/wp-json\/wp\/v2\/media?parent=77662"}],"curies":[{"name":"wp","href":"https:\/\/api.w.org\/{rel}","templated":true}]}}