{"id":77728,"date":"2025-03-22T08:20:22","date_gmt":"2025-03-22T08:20:22","guid":{"rendered":"https:\/\/jackpotlotteryonline.com\/?page_id=77728"},"modified":"2025-03-22T08:20:22","modified_gmt":"2025-03-22T08:20:22","slug":"find-ud-af-hvordan-du-spiller-new-york-lotteriet-uden-for-usa","status":"publish","type":"page","link":"https:\/\/jackpotlotteryonline.com\/da\/find-ud-af-hvordan-du-spiller-new-york-lotteriet-uden-for-usa\/","title":{"rendered":"Find ud af, hvordan du spiller New York-lotteriet uden for USA"},"content":{"rendered":"<p>S\u00e5 vil du spille New York Lottery, selvom du er halvvejs p\u00e5 tv\u00e6rs af kloden? Disse New York jackpots er s\u00e5 massive. De er ingen joke. Folk fra hele verden dr\u00f8mmer om at vinde. Okay, se for dig dette: New York Lottery, ikke? Store pr\u00e6mier, livs\u00e6ndrende slags gevinster. Men du h\u00e6nger ikke ligefrem p\u00e5 Times Square. Ingen sved! Tak til Jackpotlotteryonline; hvor du kan k\u00f8be New York Lottery-kuponer uden for USA, kan du hoppe helt med i spillet, uanset hvor du er.<\/p>\n<h2>Kan du spille New York Lottery uden for USA<img loading=\"lazy\" decoding=\"async\" class=\" wp-image-28535 alignright\" src=\"http:\/\/jackpotlotteryonline.com\/wp-content\/uploads\/2022\/11\/1_online_lottery_success-300x213.jpg Play\" alt=\"How to the US Lottery\" width=\"220\" height=\"156\" srcset=\"https:\/\/jackpotlotteryonline.com\/wp-content\/uploads\/2022\/11\/1_online_lottery_success-300x213.jpg 300w, https:\/\/jackpotlotteryonline.com\/wp-content\/uploads\/2022\/11\/1_online_lottery_success.jpg 320w\" sizes=\"auto, (max-width: 220px) 100vw, 220px\" \/><\/h2>\n<p>Ja, og du beh\u00f8ver ikke at v\u00e6re i New York eller endda i USA. Vores platform giver dig mulighed for at f\u00e5 fat i billetter og deltage i det sjove, ligesom en person k\u00f8ber en billet i hj\u00f8rnebutikken. Du har samme chance for at vinde den jackpot.<\/p>\n<h3>S\u00e5dan spiller du New York Lottery uden for USA<\/h3>\n<p>Det er super nemt med Jackpotlotteryonline:<\/p>\n<ul>\n<li>Opret en konto: Tilmeld dig, smid dine oplysninger ind og bevis, at du er dig. Opbevar dine billetter og kontanter sikkert.<\/li>\n<li>Begynd med at finde Lotteri-sektionen, og v\u00e6lg derefter spillet New York Lotto.<\/li>\n<li>V\u00e6lg dine lykketal: V\u00e6lg seks tal (1-59) eller tryk p\u00e5 knappen &#8220;hurtigvalg&#8221;.<\/li>\n<li>K\u00f8b din billet: Betal med det, der virker, og vi sender dig en scanning af din officielle billet.<\/li>\n<li>Vent p\u00e5 lodtr\u00e6kningen: Lodtr\u00e6kningen er onsdag og l\u00f8rdag aften. Tjek resultaterne p\u00e5 denne platform.<\/li>\n<\/ul>\n<h3>Hvorfor spille online alligevel?<\/h3>\n<ul>\n<li>Nemt: Spil fra din sofa, ingen rejse n\u00f8dvendig.<\/li>\n<li>Hurtige billetter: K\u00f8b dem hurtigt, ingen k\u00f8er.<\/li>\n<li>Ingen tabte billetter: Dine billetter live online, trygt og sikkert.<\/li>\n<li>Du vandt!: Vi fort\u00e6ller dig det med det samme, og sm\u00e5 gevinster g\u00e5r direkte til din konto.<br \/>\nSikre kontanter: Vi s\u00f8rger for, at du f\u00e5r dine gevinster, ingen sjov forretning.<\/li>\n<\/ul>\n<p><strong>F\u00e5 dine penge, n\u00e5r du vinder:<\/strong><\/p>\n<ul>\n<li>Sm\u00e5 gevinster: Vi smider det direkte p\u00e5 din konto.<\/li>\n<li>Store gevinster: Vi hj\u00e6lper dig med at f\u00e5 det, m\u00e5ske endda personligt.<\/li>\n<li>Helt sikkert: Vi holder dine gevinster l\u00e5st.<\/li>\n<\/ul>\n<p><strong>Klar til at pr\u00f8ve lykken?<\/strong><br \/>\nAt spille New York Lottery globalt er nu utrolig nemt. Jackpotlotteryonline bringer sp\u00e6ndingen ved New York Lottery til dig, uanset hvor du er. At v\u00e6lge dine numre er en leg, uanset om du v\u00e6lger dem selv eller bruger Quick Pick, og det er altid sikkert og nemt. Nu hvor du kan spille New York Lottery-kuponer uden for USA, tilmeld dig eller log ind p\u00e5 vores platform, hvis du allerede har en konto hos os og deltag i det sjove. Hvem ved, m\u00e5ske vinder du bare stort! Din jackpotdr\u00f8m kan kun v\u00e6re et par klik v\u00e6k.<\/p>\n","protected":false},"excerpt":{"rendered":"<p>S\u00e5 vil du spille New York Lottery, selvom du er halvvejs p\u00e5 tv\u00e6rs af kloden? Disse New York jackpots er s\u00e5 massive. De er ingen joke. Folk fra hele verden dr\u00f8mmer om at vinde. Okay, se for dig dette: New York Lottery, ikke? Store pr\u00e6mier, livs\u00e6ndrende slags gevinster. Men du h\u00e6nger ikke ligefrem p\u00e5 Times [&hellip;]<\/p>\n","protected":false},"author":7,"featured_media":0,"parent":0,"menu_order":0,"comment_status":"closed","ping_status":"closed","template":"","meta":{"_et_pb_use_builder":"","_et_pb_old_content":"","_et_gb_content_width":"","exclude_from_search":false,"footnotes":""},"class_list":["post-77728","page","type-page","status-publish","hentry"],"yoast_head":"<!-- This site is optimized with the Yoast SEO plugin v23.3 - https:\/\/yoast.com\/wordpress\/plugins\/seo\/ -->\n<title>S\u00e5dan spiller du New York Lottery uden for USA<\/title>\n<meta name=\"description\" content=\"L\u00e6r, hvordan du spiller i New York Lottery uden for USA. Oplev online muligheder, og hvordan du g\u00f8r krav p\u00e5 pr\u00e6mier hvor som helst\" \/>\n<meta name=\"robots\" content=\"index, follow, max-snippet:-1, max-image-preview:large, max-video-preview:-1\" \/>\n<link rel=\"canonical\" href=\"https:\/\/jackpotlotteryonline.com\/find-out-how-to-play-the-new-york-lottery-from-outside-the-us\/\" \/>\n<meta property=\"og:locale\" content=\"da_DK\" \/>\n<meta property=\"og:type\" content=\"article\" \/>\n<meta property=\"og:title\" content=\"S\u00e5dan spiller du New York Lottery uden for USA\" \/>\n<meta property=\"og:description\" content=\"L\u00e6r, hvordan du spiller i New York Lottery uden for USA. Oplev online muligheder, og hvordan du g\u00f8r krav p\u00e5 pr\u00e6mier hvor som helst\" \/>\n<meta property=\"og:url\" content=\"https:\/\/jackpotlotteryonline.com\/find-out-how-to-play-the-new-york-lottery-from-outside-the-us\/\" \/>\n<meta property=\"og:site_name\" content=\"Lotto Online - Crack The International Lottery Jackpots\" \/>\n<meta name=\"twitter:card\" content=\"summary_large_image\" \/>\n<!-- \/ Yoast SEO plugin. -->","yoast_head_json":{"title":"S\u00e5dan spiller du New York Lottery uden for USA","description":"L\u00e6r, hvordan du spiller i New York Lottery uden for USA. Oplev online muligheder, og hvordan du g\u00f8r krav p\u00e5 pr\u00e6mier hvor som helst","robots":{"index":"index","follow":"follow","max-snippet":"max-snippet:-1","max-image-preview":"max-image-preview:large","max-video-preview":"max-video-preview:-1"},"canonical":"https:\/\/jackpotlotteryonline.com\/find-out-how-to-play-the-new-york-lottery-from-outside-the-us\/","og_locale":"da_DK","og_type":"article","og_title":"S\u00e5dan spiller du New York Lottery uden for USA","og_description":"L\u00e6r, hvordan du spiller i New York Lottery uden for USA. Oplev online muligheder, og hvordan du g\u00f8r krav p\u00e5 pr\u00e6mier hvor som helst","og_url":"https:\/\/jackpotlotteryonline.com\/find-out-how-to-play-the-new-york-lottery-from-outside-the-us\/","og_site_name":"Lotto Online - Crack The International Lottery Jackpots","twitter_card":"summary_large_image","schema":{"@context":"https:\/\/schema.org","@graph":[{"@type":"WebPage","@id":"https:\/\/jackpotlotteryonline.com\/find-out-how-to-play-the-new-york-lottery-from-outside-the-us\/","url":"https:\/\/jackpotlotteryonline.com\/find-out-how-to-play-the-new-york-lottery-from-outside-the-us\/","name":"S\u00e5dan spiller du New York Lottery uden for USA","isPartOf":{"@id":"https:\/\/jackpotlotteryonline.com\/#website"},"datePublished":"2025-03-22T08:20:22+00:00","dateModified":"2025-03-22T08:20:22+00:00","description":"L\u00e6r, hvordan du spiller i New York Lottery uden for USA. Oplev online muligheder, og hvordan du g\u00f8r krav p\u00e5 pr\u00e6mier hvor som helst","breadcrumb":{"@id":"https:\/\/jackpotlotteryonline.com\/find-out-how-to-play-the-new-york-lottery-from-outside-the-us\/#breadcrumb"},"inLanguage":"da-DK","potentialAction":[{"@type":"ReadAction","target":["https:\/\/jackpotlotteryonline.com\/find-out-how-to-play-the-new-york-lottery-from-outside-the-us\/"]}]},{"@type":"BreadcrumbList","@id":"https:\/\/jackpotlotteryonline.com\/find-out-how-to-play-the-new-york-lottery-from-outside-the-us\/#breadcrumb","itemListElement":[{"@type":"ListItem","position":1,"name":"Home","item":"https:\/\/jackpotlotteryonline.com\/da\/"},{"@type":"ListItem","position":2,"name":"Find ud af, hvordan du spiller New York-lotteriet uden for USA"}]},{"@type":"WebSite","@id":"https:\/\/jackpotlotteryonline.com\/#website","url":"https:\/\/jackpotlotteryonline.com\/","name":"Lotto Online - Crack The International Lottery Jackpots","description":"","potentialAction":[{"@type":"SearchAction","target":{"@type":"EntryPoint","urlTemplate":"https:\/\/jackpotlotteryonline.com\/?s={search_term_string}"},"query-input":"required name=search_term_string"}],"inLanguage":"da-DK"}]}},"_links":{"self":[{"href":"https:\/\/jackpotlotteryonline.com\/da\/wp-json\/wp\/v2\/pages\/77728","targetHints":{"allow":["GET"]}}],"collection":[{"href":"https:\/\/jackpotlotteryonline.com\/da\/wp-json\/wp\/v2\/pages"}],"about":[{"href":"https:\/\/jackpotlotteryonline.com\/da\/wp-json\/wp\/v2\/types\/page"}],"author":[{"embeddable":true,"href":"https:\/\/jackpotlotteryonline.com\/da\/wp-json\/wp\/v2\/users\/7"}],"replies":[{"embeddable":true,"href":"https:\/\/jackpotlotteryonline.com\/da\/wp-json\/wp\/v2\/comments?post=77728"}],"version-history":[{"count":2,"href":"https:\/\/jackpotlotteryonline.com\/da\/wp-json\/wp\/v2\/pages\/77728\/revisions"}],"predecessor-version":[{"id":77730,"href":"https:\/\/jackpotlotteryonline.com\/da\/wp-json\/wp\/v2\/pages\/77728\/revisions\/77730"}],"wp:attachment":[{"href":"https:\/\/jackpotlotteryonline.com\/da\/wp-json\/wp\/v2\/media?parent=77728"}],"curies":[{"name":"wp","href":"https:\/\/api.w.org\/{rel}","templated":true}]}}