{"id":31943,"date":"2022-11-01T08:38:15","date_gmt":"2022-11-01T08:38:15","guid":{"rendered":"https:\/\/jackpotlotteryonline.com\/?page_id=31943"},"modified":"2023-01-06T11:23:27","modified_gmt":"2023-01-06T11:23:27","slug":"31943-2","status":"publish","type":"page","link":"https:\/\/jackpotlotteryonline.com\/de\/","title":{"rendered":"Home"},"content":{"rendered":"<h2>Lotto online spielen und die Chancen verbessern<\/h2>\n<p>Wir zeigen Ihnen, wie Sie ganz einfach <a href=\"https:\/\/jackpotlotteryonline.com\/de\/wie-man-spielt\">online Lotto spielen<\/a> k\u00f6nnen &#8211; f\u00fcr ALLE gro\u00dfen Jackpots, f\u00fcr Lotterien nicht nur in Ihrem eigenen Land, sondern \u00fcberall auf der Welt. Ihre nationale Lotterie hat keine attraktiven Lotterien? Kein Problem, spielen Sie einfach bei den wirklich gro\u00dfen Preisen mit. Verschwenden Sie Ihr Geld nicht mit kleinen Preisen &#8211; es gibt Lotterien mit riesigen Jackpots.<\/p>\n<p><strong>Schauen Sie sich die Banner auf unserer Website an, um die gr\u00f6\u00dften Jackpots zu sehen, um die Sie derzeit spielen k\u00f6nnen.<\/strong><br \/>\n<img loading=\"lazy\" decoding=\"async\" class=\"size-full wp-image-18302 alignright\" src=\"https:\/\/jackpotlotteryonline.com\/wp-content\/uploads\/2022\/10\/ticket_balls.jpg\" alt=\"Lotto online spielen\" width=\"297\" height=\"101\" \/><\/p>\n<p>All diese gro\u00dfartigen Jackpot-Lotterieereignisse sind jetzt leicht zug\u00e4nglich, egal wo Sie leben. Klicken Sie einfach auf einen der Links, um online Lotto zu spielen und melden Sie sich bei RedFoxLotto an, wo Sie \u00fcber das Internet einen Schein f\u00fcr jeden dieser riesigen Jackpots kaufen k\u00f6nnen! RedFoxLotto erm\u00f6glicht es Ihnen, einen Schein f\u00fcr jeden der gr\u00f6\u00dften Jackpots der Welt zu kaufen, unabh\u00e4ngig davon, wo Sie leben. RedFoxLotto kauft zuverl\u00e4ssig Ihren Schein f\u00fcr Sie und sorgt daf\u00fcr, dass Sie Ihren Gewinn erhalten.<\/p>\n<h2>Erhalten Sie Zugang zu internationalen Lotterien<\/h2>\n<p>Auf unserer Website geben wir Ihnen detaillierte Informationen \u00fcber alle gro\u00dfen Jackpot-Lotterien der Welt, wie Sie online spielen k\u00f6nnen, wie Sie bezahlen, wie Sie Ihre Gewinne erhalten und was Sie tun m\u00fcssen, wenn Sie den Jackpot knacken. Lesen Sie einfach die Artikel \u00fcber die Teilnahme und die Lotterieberichte auf dieser Website (siehe oberes Men\u00fc), und Sie k\u00f6nnen ganz einfach die richtige Veranstaltung f\u00fcr sich ausw\u00e4hlen.<\/p>\n<h2>Es ist einfach, online zu spielen<\/h2>\n<p>Ob Sie nun den US Powerball Jackpot, den EuroMillions Jackpot, den spanischen El Gordo, Italiens SuperEnaLotto oder eine andere Lotterie spielen m\u00f6chten, Sie k\u00f6nnen <a href=\"https:\/\/jackpotlotteryonline.com\/de\/spielscheine-kaufen\">alle Ihre Scheine an einem Ort kaufen<\/a> &#8211; gleich hier auf unserer Website<\/p>\n<p>Mit unserer Hilfe sind Sie nicht mehr auf Ihr nationales Lotto beschr\u00e4nkt &#8211; Sie haben jetzt die M\u00f6glichkeit, Online-Lotto f\u00fcr jede beliebige Veranstaltung \u00fcber das Internet zu spielen. Auf diese Weise k\u00f6nnen Sie den Jackpot w\u00e4hlen, der im Moment am h\u00f6chsten ist, und so Ihre Chancen auf einen gro\u00dfen Gewinn erh\u00f6hen. Oder Sie entscheiden sich f\u00fcr das Lotto, das als n\u00e4chstes gezogen wird &#8211; so m\u00fcssen Sie nicht ewig warten, bis Sie erfahren, ob Sie gewonnen haben! Von der Auswahl des Jackpots \u00fcber die Ziehung der Zahlen bis zur Auszahlung ist alles ganz einfach.<\/p>\n<section class=\"layout\" style=\"border: solid 1px; width: 100%;\">\n<div class=\"img-div\" style=\"margin-top: 5px;\"><img decoding=\"async\" class=\"wp-image-17212 alignleft\" style=\"height: 45px; margin: 8px 8px 0px;\" src=\"https:\/\/jackpotlotteryonline.com\/wp-content\/uploads\/2022\/11\/read1.jpg\" alt=\"lesen\" width=\"\" height=\"\" \/><\/div>\n<div style=\"padding-left: 5px;\">\n<div style=\"font-size: 1.1em;\">\n<p><strong>Ist es legal, Lotterien aus anderen L\u00e4ndern online zu spielen?<\/strong><\/p>\n<p style=\"font-size: 0.85em; margin-top: -1.5em;\">Ist es legal, einen Lottoschein online zu kaufen, und werde ich tats\u00e4chlich ausgezahlt? <a href=\"https:\/\/jackpotlotteryonline.com\/de\/ist-es-legal-lotterien-aus-anderen-laendern-online-zu-spielen\"> mehr lesen<\/a><\/p>\n<\/div>\n<\/div>\n<\/section>\n<h2>Online-Schein-Service<\/h2>\n<p><strong>Und so funktioniert es:<\/strong> Wir bieten einen Kurierdienst f\u00fcr internationale Lottoscheine an. Sie w\u00e4hlen die Lotterie, die Sie online spielen m\u00f6chten, indem Sie auf eines der Banner oben klicken. Dann ziehen Sie Ihre Zahlen online. Wenn Sie es vorziehen, dass Ihre Lottozahlen von einem Zufallsgenerator gezogen werden, k\u00f6nnen Sie auch das tun. Sobald Sie sich f\u00fcr Ihre Zahlen entschieden haben, melden Sie sich f\u00fcr ein Konto an und w\u00e4hlen eine Zahlungsmethode f\u00fcr Ihren Lottoschein. Es stehen Ihnen mehrere sichere Zahlungsm\u00f6glichkeiten zur Verf\u00fcgung.<\/p>\n<p>Unsere Mitarbeiter kaufen dann den Schein f\u00fcr Sie und senden Ihnen eine Best\u00e4tigungs-E-Mail als Nachweis f\u00fcr Ihren Kauf. Eine gescannte Kopie Ihres Lottoscheins wird kurz nach Ihrem Kauf in Ihrem Konto angezeigt.<\/p>\n<h2>Vorteile des Online-Spiels internationaler Lotterien<\/h2>\n<ul>\n<li>Mehr Auswahl &#8211; anstatt gezwungen zu sein, an Ihrer lokalen Lotterie teilzunehmen, egal wie hoch der aktuelle Jackpot ist, k\u00f6nnen Sie aus mehreren Lotterien w\u00e4hlen<\/li>\n<li>Besseres Preis-Leistungs-Verh\u00e4ltnis &#8211; anstatt z. B. 2 \u20ac f\u00fcr ein Los zu bezahlen, mit dem Sie 1 Million \u20ac gewinnen k\u00f6nnen, k\u00f6nnen Sie um einen Mega-Jackpot von 100 Millionen \u20ac oder viel mehr spielen. Auch wenn Sie f\u00fcr diese gr\u00f6\u00dfere Lotterie einen h\u00f6heren Preis pro Schein zahlen, w\u00e4re Ihr Geld mathematisch gesehen besser angelegt, wenn Sie um den gr\u00f6\u00dferen Gewinn spielen w\u00fcrden.<\/li>\n<li>Bequemlichkeit &#8211; Sie m\u00fcssen nicht mehr das Haus verlassen, um einen Schein zu kaufen. Sie k\u00f6nnen Ihren Schein von zu Hause aus kaufen oder Ihr Mobiltelefon zum Lottospielen verwenden.<\/li>\n<li>Sicherheit &#8211; ein Online-Lottoschein kann nicht verloren gehen, wie ein physischer Lottoschein. Ihre Lottoscheine werden sicher in Ihrem Online-Konto gespeichert.<\/li>\n<\/ul>\n<h2>Wann finden die Ziehungen f\u00fcr all diese Lotterien statt?<\/h2>\n<p>Sehen Sie sich das Bild unten an. Sie zeigt Ihnen eine \u00dcbersicht \u00fcber die Wochentage, an denen die Ziehungen der gr\u00f6\u00dften Lotterien stattfinden.<br \/>\n<img loading=\"lazy\" decoding=\"async\" class=\"wp-image-17843 aligncenter\" src=\"https:\/\/jackpotlotteryonline.com\/wp-content\/uploads\/2022\/10\/Lotto-draw-calendar-UTC-300x50.jpg\" alt=\"Lotto Ziehungszeiten\" width=\"684\" height=\"114\" srcset=\"https:\/\/jackpotlotteryonline.com\/wp-content\/uploads\/2022\/10\/Lotto-draw-calendar-UTC-300x50.jpg 300w, https:\/\/jackpotlotteryonline.com\/wp-content\/uploads\/2022\/10\/Lotto-draw-calendar-UTC-600x101.jpg 600w, https:\/\/jackpotlotteryonline.com\/wp-content\/uploads\/2022\/10\/Lotto-draw-calendar-UTC-1024x172.jpg 1024w, https:\/\/jackpotlotteryonline.com\/wp-content\/uploads\/2022\/10\/Lotto-draw-calendar-UTC-768x129.jpg 768w, https:\/\/jackpotlotteryonline.com\/wp-content\/uploads\/2022\/10\/Lotto-draw-calendar-UTC.jpg 1287w\" sizes=\"auto, (max-width: 684px) 100vw, 684px\" \/><\/p>\n<h2>Was passiert, wenn Sie einen Lotteriepreis gewinnen?<\/h2>\n<p>Wenn Sie gewinnen, schicken wir Ihnen eine E-Mail-Benachrichtigung \u00fcber Ihren Gewinn. Sie k\u00f6nnen niemals einen Gewinn verpassen oder Ihren Schein verlieren. Wir werden Ihren Anspruch bearbeiten, indem wir Ihren Auszahlungsantrag an die Lotteriegesellschaft weiterleiten, die Ihnen dann einen Scheck ausstellt oder den Gewinn auf Ihr Bankkonto \u00fcberweist. Wenn Sie einen gro\u00dfen Jackpot gewinnen, m\u00fcssen Sie in manchen F\u00e4llen pers\u00f6nlich in der Lotteriezentrale erscheinen. Das ist doch kein Problem, oder?<\/p>\n<p>Kleinere Gewinne bis zu 2500 \u20ac werden sofort Ihrem Spielerkonto gutgeschrieben, und Sie k\u00f6nnen sie entweder in bar auszahlen lassen oder das Geld zum Kauf weiterer Lottoscheine verwenden.<\/p>\n<p><strong>So funktioniert&#8217;s. Sind Sie bereit, gro\u00df zu gewinnen? Holen Sie sich Ihre Lose noch heute!<\/strong><\/p>\n","protected":false},"excerpt":{"rendered":"<p>Lotto online spielen und die Chancen verbessern Wir zeigen Ihnen, wie Sie ganz einfach online Lotto spielen k\u00f6nnen &#8211; f\u00fcr ALLE gro\u00dfen Jackpots, f\u00fcr Lotterien nicht nur in Ihrem eigenen Land, sondern \u00fcberall auf der Welt. Ihre nationale Lotterie hat keine attraktiven Lotterien? Kein Problem, spielen Sie einfach bei den wirklich gro\u00dfen Preisen mit. Verschwenden [&hellip;]<\/p>\n","protected":false},"author":1,"featured_media":0,"parent":0,"menu_order":1,"comment_status":"closed","ping_status":"closed","template":"lotto.php","meta":{"_et_pb_use_builder":"","_et_pb_old_content":"","_et_gb_content_width":"","exclude_from_search":false,"footnotes":""},"class_list":["post-31943","page","type-page","status-publish","hentry"],"yoast_head":"<!-- This site is optimized with the Yoast SEO plugin v23.3 - https:\/\/yoast.com\/wordpress\/plugins\/seo\/ -->\n<title>Lotto online spielen - Knacken Sie die internationalen Lotto-Jackpots!<\/title>\n<meta name=\"description\" content=\"Holen Sie sich Ihr Ticket f\u00fcr Lotto-Jackpots weltweit - spielen Sie alle online und gewinnen Sie Millionen\" \/>\n<meta name=\"robots\" content=\"index, follow, max-snippet:-1, max-image-preview:large, max-video-preview:-1\" \/>\n<link rel=\"canonical\" href=\"https:\/\/jackpotlotteryonline.com\/de\/\" \/>\n<meta property=\"og:locale\" content=\"de_DE\" \/>\n<meta property=\"og:type\" content=\"article\" \/>\n<meta property=\"og:title\" content=\"Lotto online spielen - Knacken Sie die internationalen Lotto-Jackpots!\" \/>\n<meta property=\"og:description\" content=\"Holen Sie sich Ihr Ticket f\u00fcr Lotto-Jackpots weltweit - spielen Sie alle online und gewinnen Sie Millionen\" \/>\n<meta property=\"og:url\" content=\"https:\/\/jackpotlotteryonline.com\/de\/\" \/>\n<meta property=\"og:site_name\" content=\"Lotto Online - Crack The International Lottery Jackpots\" \/>\n<meta property=\"article:modified_time\" content=\"2023-01-06T11:23:27+00:00\" \/>\n<meta property=\"og:image\" content=\"https:\/\/jackpotlotteryonline.com\/wp-content\/uploads\/2022\/10\/ticket_balls.jpg\" \/>\n<meta name=\"twitter:card\" content=\"summary_large_image\" \/>\n<meta name=\"twitter:label1\" content=\"Gesch\u00e4tzte Lesezeit\" \/>\n\t<meta name=\"twitter:data1\" content=\"5\u00a0Minuten\" \/>\n<!-- \/ Yoast SEO plugin. -->","yoast_head_json":{"title":"Lotto online spielen - Knacken Sie die internationalen Lotto-Jackpots!","description":"Holen Sie sich Ihr Ticket f\u00fcr Lotto-Jackpots weltweit - spielen Sie alle online und gewinnen Sie Millionen","robots":{"index":"index","follow":"follow","max-snippet":"max-snippet:-1","max-image-preview":"max-image-preview:large","max-video-preview":"max-video-preview:-1"},"canonical":"https:\/\/jackpotlotteryonline.com\/de\/","og_locale":"de_DE","og_type":"article","og_title":"Lotto online spielen - Knacken Sie die internationalen Lotto-Jackpots!","og_description":"Holen Sie sich Ihr Ticket f\u00fcr Lotto-Jackpots weltweit - spielen Sie alle online und gewinnen Sie Millionen","og_url":"https:\/\/jackpotlotteryonline.com\/de\/","og_site_name":"Lotto Online - Crack The International Lottery Jackpots","article_modified_time":"2023-01-06T11:23:27+00:00","og_image":[{"url":"https:\/\/jackpotlotteryonline.com\/wp-content\/uploads\/2022\/10\/ticket_balls.jpg"}],"twitter_card":"summary_large_image","twitter_misc":{"Gesch\u00e4tzte Lesezeit":"5\u00a0Minuten"},"schema":{"@context":"https:\/\/schema.org","@graph":[{"@type":"WebPage","@id":"https:\/\/jackpotlotteryonline.com\/de\/","url":"https:\/\/jackpotlotteryonline.com\/de\/","name":"Lotto online spielen - Knacken Sie die internationalen Lotto-Jackpots!","isPartOf":{"@id":"https:\/\/jackpotlotteryonline.com\/#website"},"primaryImageOfPage":{"@id":"https:\/\/jackpotlotteryonline.com\/de\/#primaryimage"},"image":{"@id":"https:\/\/jackpotlotteryonline.com\/de\/#primaryimage"},"thumbnailUrl":"https:\/\/jackpotlotteryonline.com\/wp-content\/uploads\/2022\/10\/ticket_balls.jpg","datePublished":"2022-11-01T08:38:15+00:00","dateModified":"2023-01-06T11:23:27+00:00","description":"Holen Sie sich Ihr Ticket f\u00fcr Lotto-Jackpots weltweit - spielen Sie alle online und gewinnen Sie Millionen","breadcrumb":{"@id":"https:\/\/jackpotlotteryonline.com\/de\/#breadcrumb"},"inLanguage":"de","potentialAction":[{"@type":"ReadAction","target":["https:\/\/jackpotlotteryonline.com\/de\/"]}]},{"@type":"ImageObject","inLanguage":"de","@id":"https:\/\/jackpotlotteryonline.com\/de\/#primaryimage","url":"https:\/\/jackpotlotteryonline.com\/wp-content\/uploads\/2022\/10\/ticket_balls.jpg","contentUrl":"https:\/\/jackpotlotteryonline.com\/wp-content\/uploads\/2022\/10\/ticket_balls.jpg"},{"@type":"BreadcrumbList","@id":"https:\/\/jackpotlotteryonline.com\/de\/#breadcrumb","itemListElement":[{"@type":"ListItem","position":1,"name":"Home","item":"https:\/\/jackpotlotteryonline.com\/de\/"},{"@type":"ListItem","position":2,"name":"Home"}]},{"@type":"WebSite","@id":"https:\/\/jackpotlotteryonline.com\/#website","url":"https:\/\/jackpotlotteryonline.com\/","name":"Lotto Online - Crack The International Lottery Jackpots","description":"","potentialAction":[{"@type":"SearchAction","target":{"@type":"EntryPoint","urlTemplate":"https:\/\/jackpotlotteryonline.com\/?s={search_term_string}"},"query-input":"required name=search_term_string"}],"inLanguage":"de"}]}},"_links":{"self":[{"href":"https:\/\/jackpotlotteryonline.com\/de\/wp-json\/wp\/v2\/pages\/31943","targetHints":{"allow":["GET"]}}],"collection":[{"href":"https:\/\/jackpotlotteryonline.com\/de\/wp-json\/wp\/v2\/pages"}],"about":[{"href":"https:\/\/jackpotlotteryonline.com\/de\/wp-json\/wp\/v2\/types\/page"}],"author":[{"embeddable":true,"href":"https:\/\/jackpotlotteryonline.com\/de\/wp-json\/wp\/v2\/users\/1"}],"replies":[{"embeddable":true,"href":"https:\/\/jackpotlotteryonline.com\/de\/wp-json\/wp\/v2\/comments?post=31943"}],"version-history":[{"count":0,"href":"https:\/\/jackpotlotteryonline.com\/de\/wp-json\/wp\/v2\/pages\/31943\/revisions"}],"wp:attachment":[{"href":"https:\/\/jackpotlotteryonline.com\/de\/wp-json\/wp\/v2\/media?parent=31943"}],"curies":[{"name":"wp","href":"https:\/\/api.w.org\/{rel}","templated":true}]}}