{"id":35692,"date":"2022-11-01T10:31:56","date_gmt":"2022-11-01T10:31:56","guid":{"rendered":"https:\/\/jackpotlotteryonline.com\/?page_id=35692"},"modified":"2022-12-19T07:14:44","modified_gmt":"2022-12-19T07:14:44","slug":"wie-man-spielt","status":"publish","type":"page","link":"https:\/\/jackpotlotteryonline.com\/de\/wie-man-spielt\/","title":{"rendered":"Wie man spielt"},"content":{"rendered":"<h2>Online-Lotterieveranstaltungen und -spiele<\/h2>\n<p>M\u00f6chten Sie die Chance haben, Million\u00e4r zu werden? Wenn ja, dann schlie\u00dfen Sie sich den Millionen von Menschen auf der ganzen Welt an und beginnen Sie, online Lotto zu spielen. Unabh\u00e4ngig davon, wo Sie sich befinden, ob in den Vereinigten Staaten, im Vereinigten K\u00f6nigreich, in Australien oder in Neuseeland, gibt es viele verschiedene Arten von internationalen Lottospielen, die Sie online spielen k\u00f6nnen und die alle gro\u00dfe Jackpots haben, bei denen Sie eine Chance auf einen Gewinn haben.<br \/>\n<img loading=\"lazy\" decoding=\"async\" class=\"size-full wp-image-17816 alignright\" src=\"https:\/\/jackpotlotteryonline.com\/wp-content\/uploads\/2022\/10\/lotteryticket.jpg\" alt=\"Lotterie online spielen\" width=\"212\" height=\"142\" \/><\/p>\n<p>Lotto online zu spielen ist sehr einfach. Als Erstes m\u00fcssen Sie unsere Website besuchen und die verschiedenen verf\u00fcgbaren Lotterien durchst\u00f6bern. Sie k\u00f6nnen dies ganz einfach tun, indem Sie eine oder mehrere der aufgelisteten Lotterien ausw\u00e4hlen, darunter die El Gordo Lotterie, die UK National Lottery, das Thunderball Lotto, die New York Lottery und viele mehr.<\/p>\n<p>Innerhalb jeder Lotterieart k\u00f6nnen Sie alles herausfinden, was Sie wissen m\u00fcssen. Dann k\u00f6nnen Sie unseren Service nutzen, um <a href=\"https:\/\/jackpotlotteryonline.com\/de\/spielscheine-kaufen\">einen Schein online zu kaufen<\/a>.<\/p>\n<p>In der Beschreibung jeder Lotterie finden Sie Details, wie z.B. wie hoch der Jackpot derzeit ist, wie hoch er nach einem Gewinn ist, wie viele Zahlen Sie \u00fcbereinstimmen m\u00fcssen, um den Jackpot zu gewinnen, und wie die anderen Gewinnstufen aussehen. Sie k\u00f6nnen sich auch dar\u00fcber informieren, wie alt Sie sein m\u00fcssen, um an den einzelnen Lotteriespielen online teilnehmen zu k\u00f6nnen, und an welchen Tagen und zu welchen Uhrzeiten die Ziehungen stattfinden.<\/p>\n<section class=\"layout\" style=\"border: solid 1px; width: 100%;\">\n<div class=\"img-div\" style=\"margin-top: 5px;\"><img decoding=\"async\" class=\"wp-image-17212 alignleft\" style=\"height: 45px; margin: 8px 8px 0px;\" src=\"https:\/\/jackpotlotteryonline.com\/wp-content\/uploads\/2022\/11\/read1.jpg\" alt=\"wie man spielt\" width=\"\" height=\"\" \/><\/div>\n<div style=\"padding-left: 5px;\">\n<div style=\"font-size: 1.1em;\">\n<p><strong>Einige Tricks und Tipps f\u00fcr die Auswahl Ihrer Zahlen<\/strong><\/p>\n<p style=\"font-size: 0.85em; margin-top: -1.5em;\">Erh\u00f6hen Sie Ihre Gewinnchancen &#8211; w\u00e4hlen Sie Ihre Zahlen mit einer gewissen Strategie<a href=\"https:\/\/jackpotlotteryonline.com\/de\/einige-tricks-und-tipps-fuer-die-wahl-deiner-zahlen\"> Mehr lesen<\/a><\/p>\n<\/div>\n<\/div>\n<\/section>\n<h2>Internationales Lotto<\/h2>\n<p>Um Ihre Chancen auf den h\u00f6chstm\u00f6glichen Jackpot zu maximieren, finden Sie hier die aktuellen Jackpots. Das bedeutet, dass Sie strategisch ausw\u00e4hlen k\u00f6nnen, welche Lotteriespiele Sie online spielen m\u00f6chten, und sich f\u00fcr die Spiele mit den h\u00f6chsten Jackpots entscheiden.<\/p>\n<p>Sie k\u00f6nnen auch mehrere Lotteriespiele online spielen. Das bedeutet, dass Sie nicht nur einen Schein f\u00fcr eine bestimmte Lotterieart abgeben m\u00fcssen, sondern dass Sie, wenn Sie m\u00f6chten, verschiedene Arten gleichzeitig spielen k\u00f6nnen. So k\u00f6nnen Sie zum Beispiel gleichzeitig eine amerikanische und eine britische Lotterie spielen, was Ihre Chancen auf einen Geldgewinn deutlich erh\u00f6ht.<br \/>\n<img loading=\"lazy\" decoding=\"async\" class=\"alignright size-full wp-image-18329\" src=\"https:\/\/jackpotlotteryonline.com\/wp-content\/uploads\/2022\/10\/ticket_numbers_pick.jpg\" alt=\"Online-Lottoschein\" width=\"212\" height=\"142\" \/><\/p>\n<p>Sie k\u00f6nnen nicht nur internationale Lotteriespiele online spielen, unabh\u00e4ngig davon, wo Sie sich befinden, sondern auch die Ergebnisse der Lotteriespiele \u00fcberpr\u00fcfen. Alle <a href=\"https:\/\/jackpotlotteryonline.com\/de\/gewinn-zahlen\">Ergebnisse f\u00fcr jedes Lotteriespiel<\/a>, egal um welches es sich handelt, werden online in Echtzeit aktualisiert. Das hei\u00dft, sobald die Ziehung der Lotterie f\u00fcr das von Ihnen gew\u00e4hlte Spiel stattgefunden hat, sind die Ergebnisse sehr schnell f\u00fcr Sie einsehbar.<\/p>\n<p>Au\u00dferdem finden Sie genaue Angaben dazu, wie Sie jedes Lotteriespiel online spielen k\u00f6nnen. Sie k\u00f6nnen zum Beispiel niemals zu viele oder zu wenige Zahlen tippen &#8211; unser Spielscheinsystem zeigt Ihnen eine Meldung an, wenn Sie einen solchen Fehler machen, und zeigt Ihnen, wie Sie ihn korrigieren k\u00f6nnen.<\/p>\n<p>Selbst wenn Sie noch nie an einer Lotterie in einem bestimmten Land teilgenommen haben, stehen Ihnen alle Details zur Verf\u00fcgung, damit Sie wie ein Profi spielen k\u00f6nnen!<\/p>\n","protected":false},"excerpt":{"rendered":"<p>Online-Lotterieveranstaltungen und -spiele M\u00f6chten Sie die Chance haben, Million\u00e4r zu werden? Wenn ja, dann schlie\u00dfen Sie sich den Millionen von Menschen auf der ganzen Welt an und beginnen Sie, online Lotto zu spielen. Unabh\u00e4ngig davon, wo Sie sich befinden, ob in den Vereinigten Staaten, im Vereinigten K\u00f6nigreich, in Australien oder in Neuseeland, gibt es viele [&hellip;]<\/p>\n","protected":false},"author":1,"featured_media":0,"parent":0,"menu_order":2,"comment_status":"closed","ping_status":"closed","template":"Play-all.php","meta":{"_et_pb_use_builder":"","_et_pb_old_content":"","_et_gb_content_width":"","exclude_from_search":false,"footnotes":""},"class_list":["post-35692","page","type-page","status-publish","hentry"],"yoast_head":"<!-- This site is optimized with the Yoast SEO plugin v23.3 - https:\/\/yoast.com\/wordpress\/plugins\/seo\/ -->\n<title>Kann ich an internationalen Lotterieveranstaltungen online teilnehmen?<\/title>\n<meta name=\"description\" content=\"Sie m\u00fcssen keinen Wohnsitz haben, um an den Lotterie-Jackpots eines beliebigen Landes teilzunehmen\" \/>\n<meta name=\"robots\" content=\"index, follow, max-snippet:-1, max-image-preview:large, max-video-preview:-1\" \/>\n<link rel=\"canonical\" href=\"https:\/\/jackpotlotteryonline.com\/de\/wie-man-spielt\/\" \/>\n<meta property=\"og:locale\" content=\"de_DE\" \/>\n<meta property=\"og:type\" content=\"article\" \/>\n<meta property=\"og:title\" content=\"Kann ich an internationalen Lotterieveranstaltungen online teilnehmen?\" \/>\n<meta property=\"og:description\" content=\"Sie m\u00fcssen keinen Wohnsitz haben, um an den Lotterie-Jackpots eines beliebigen Landes teilzunehmen\" \/>\n<meta property=\"og:url\" content=\"https:\/\/jackpotlotteryonline.com\/de\/wie-man-spielt\/\" \/>\n<meta property=\"og:site_name\" content=\"Lotto Online - Crack The International Lottery Jackpots\" \/>\n<meta property=\"article:modified_time\" content=\"2022-12-19T07:14:44+00:00\" \/>\n<meta property=\"og:image\" content=\"https:\/\/jackpotlotteryonline.com\/wp-content\/uploads\/2022\/10\/lotteryticket.jpg\" \/>\n<meta name=\"twitter:card\" content=\"summary_large_image\" \/>\n<meta name=\"twitter:label1\" content=\"Gesch\u00e4tzte Lesezeit\" \/>\n\t<meta name=\"twitter:data1\" content=\"3\u00a0Minuten\" \/>\n<!-- \/ Yoast SEO plugin. -->","yoast_head_json":{"title":"Kann ich an internationalen Lotterieveranstaltungen online teilnehmen?","description":"Sie m\u00fcssen keinen Wohnsitz haben, um an den Lotterie-Jackpots eines beliebigen Landes teilzunehmen","robots":{"index":"index","follow":"follow","max-snippet":"max-snippet:-1","max-image-preview":"max-image-preview:large","max-video-preview":"max-video-preview:-1"},"canonical":"https:\/\/jackpotlotteryonline.com\/de\/wie-man-spielt\/","og_locale":"de_DE","og_type":"article","og_title":"Kann ich an internationalen Lotterieveranstaltungen online teilnehmen?","og_description":"Sie m\u00fcssen keinen Wohnsitz haben, um an den Lotterie-Jackpots eines beliebigen Landes teilzunehmen","og_url":"https:\/\/jackpotlotteryonline.com\/de\/wie-man-spielt\/","og_site_name":"Lotto Online - Crack The International Lottery Jackpots","article_modified_time":"2022-12-19T07:14:44+00:00","og_image":[{"url":"https:\/\/jackpotlotteryonline.com\/wp-content\/uploads\/2022\/10\/lotteryticket.jpg"}],"twitter_card":"summary_large_image","twitter_misc":{"Gesch\u00e4tzte Lesezeit":"3\u00a0Minuten"},"schema":{"@context":"https:\/\/schema.org","@graph":[{"@type":"WebPage","@id":"https:\/\/jackpotlotteryonline.com\/de\/wie-man-spielt\/","url":"https:\/\/jackpotlotteryonline.com\/de\/wie-man-spielt\/","name":"Kann ich an internationalen Lotterieveranstaltungen online teilnehmen?","isPartOf":{"@id":"https:\/\/jackpotlotteryonline.com\/#website"},"primaryImageOfPage":{"@id":"https:\/\/jackpotlotteryonline.com\/de\/wie-man-spielt\/#primaryimage"},"image":{"@id":"https:\/\/jackpotlotteryonline.com\/de\/wie-man-spielt\/#primaryimage"},"thumbnailUrl":"https:\/\/jackpotlotteryonline.com\/wp-content\/uploads\/2022\/10\/lotteryticket.jpg","datePublished":"2022-11-01T10:31:56+00:00","dateModified":"2022-12-19T07:14:44+00:00","description":"Sie m\u00fcssen keinen Wohnsitz haben, um an den Lotterie-Jackpots eines beliebigen Landes teilzunehmen","breadcrumb":{"@id":"https:\/\/jackpotlotteryonline.com\/de\/wie-man-spielt\/#breadcrumb"},"inLanguage":"de","potentialAction":[{"@type":"ReadAction","target":["https:\/\/jackpotlotteryonline.com\/de\/wie-man-spielt\/"]}]},{"@type":"ImageObject","inLanguage":"de","@id":"https:\/\/jackpotlotteryonline.com\/de\/wie-man-spielt\/#primaryimage","url":"https:\/\/jackpotlotteryonline.com\/wp-content\/uploads\/2022\/10\/lotteryticket.jpg","contentUrl":"https:\/\/jackpotlotteryonline.com\/wp-content\/uploads\/2022\/10\/lotteryticket.jpg"},{"@type":"BreadcrumbList","@id":"https:\/\/jackpotlotteryonline.com\/de\/wie-man-spielt\/#breadcrumb","itemListElement":[{"@type":"ListItem","position":1,"name":"Home","item":"https:\/\/jackpotlotteryonline.com\/de\/"},{"@type":"ListItem","position":2,"name":"Wie man spielt"}]},{"@type":"WebSite","@id":"https:\/\/jackpotlotteryonline.com\/#website","url":"https:\/\/jackpotlotteryonline.com\/","name":"Lotto Online - Crack The International Lottery Jackpots","description":"","potentialAction":[{"@type":"SearchAction","target":{"@type":"EntryPoint","urlTemplate":"https:\/\/jackpotlotteryonline.com\/?s={search_term_string}"},"query-input":"required name=search_term_string"}],"inLanguage":"de"}]}},"_links":{"self":[{"href":"https:\/\/jackpotlotteryonline.com\/de\/wp-json\/wp\/v2\/pages\/35692","targetHints":{"allow":["GET"]}}],"collection":[{"href":"https:\/\/jackpotlotteryonline.com\/de\/wp-json\/wp\/v2\/pages"}],"about":[{"href":"https:\/\/jackpotlotteryonline.com\/de\/wp-json\/wp\/v2\/types\/page"}],"author":[{"embeddable":true,"href":"https:\/\/jackpotlotteryonline.com\/de\/wp-json\/wp\/v2\/users\/1"}],"replies":[{"embeddable":true,"href":"https:\/\/jackpotlotteryonline.com\/de\/wp-json\/wp\/v2\/comments?post=35692"}],"version-history":[{"count":0,"href":"https:\/\/jackpotlotteryonline.com\/de\/wp-json\/wp\/v2\/pages\/35692\/revisions"}],"wp:attachment":[{"href":"https:\/\/jackpotlotteryonline.com\/de\/wp-json\/wp\/v2\/media?parent=35692"}],"curies":[{"name":"wp","href":"https:\/\/api.w.org\/{rel}","templated":true}]}}