{"id":35753,"date":"2022-11-01T12:55:54","date_gmt":"2022-11-01T12:55:54","guid":{"rendered":"https:\/\/jackpotlotteryonline.com\/?page_id=35753"},"modified":"2022-12-19T10:39:25","modified_gmt":"2022-12-19T10:39:25","slug":"spielscheine-kaufen","status":"publish","type":"page","link":"https:\/\/jackpotlotteryonline.com\/de\/spielscheine-kaufen\/","title":{"rendered":"Wie man Lotterielose online kauft"},"content":{"rendered":"<p>Lotteriescheine online zu kaufen, ist inzwischen sehr beliebt. Lottofans aus der ganzen Welt nutzen unseren Online-Lotterieschein-Service. Und daf\u00fcr gibt es eine Menge guter Gr\u00fcnde.<\/p>\n<p>F\u00fcr einige Lottospieler ist es die einzige M\u00f6glichkeit, \u00fcberhaupt Lottoscheine zu kaufen, weil es in ihrem Wohnsitzland keine Lotterie gibt. Sie suchen also nach M\u00f6glichkeiten, um eine Chance auf einen gro\u00dfen Geldgewinn zu haben, und daf\u00fcr schauen sie sich Lotterien in anderen L\u00e4ndern an. Und auf unserer Website gibt es viele Lotterie-Jackpots, aus denen sie w\u00e4hlen k\u00f6nnen.<\/p>\n<p>Andere Lottofans haben zwar Lotterien in ihren eigenen L\u00e4ndern, aber diese Lotterien sind f\u00fcr sie vielleicht nicht so attraktiv. Oft haben diese lokalen Lotterien geringere Hauptgewinne und Jackpots, oder sie werden nur einmal pro Woche gespielt. Die Spieler werden sich also nach anderen, <a href=\"https:\/\/jackpotlotteryonline.com\/de\/wie-man-spielt\">lukrativeren M\u00f6glichkeiten<\/a> umsehen.<\/p>\n<h2>H\u00f6here Auszahlungen bei Lotterien in anderen L\u00e4ndern<\/h2>\n<p><img loading=\"lazy\" decoding=\"async\" class=\"alignright wp-image-17212\" src=\"http:\/\/jackpotlotteryonline.com\/wp-content\/uploads\/2022\/10\/1_buy_ticket_online.jpg\" alt=\"Lotterie online kaufen\" width=\"272\" height=\"204\" \/><\/p>\n<p>Es ist ein bekannter Grundsatz, dass es sinnvoller ist, Geld in einen Lottoschein zu investieren, wenn die Jackpots sehr hoch sind. Schlie\u00dflich m\u00f6chten Sie beim Kauf Ihres Loses den maximalen Gegenwert f\u00fcr Ihr Geld erhalten. Das bedeutet, dass Sie bei gleichem Ticketpreis mit einem potenziell h\u00f6heren Gewinn ein besseres Preis-Leistungs-Verh\u00e4ltnis erhalten.<\/p>\n<p>Aber selbst wenn der Online-Schein f\u00fcr die Lotterie, die Sie spielen m\u00f6chten, doppelt so teuer w\u00e4re wie ein Schein f\u00fcr Ihre lokale Lotterie, w\u00e4re es in den meisten F\u00e4llen immer noch sinnvoll, den teureren Online-Schein zu kaufen. Wenn der m\u00f6gliche Jackpot mehr als doppelt so hoch ist wie der lokale Jackpot, dann sind Ihre mathematischen Gewinnchancen bei der Lotterie, f\u00fcr die Sie einen Online-Schein kaufen m\u00fcssen, h\u00f6her.<\/p>\n<h2>Irgendwo auf der Welt gibt es immer einen gro\u00dfen Jackpot<\/h2>\n<p>Und das ist der Hauptgrund, Lotteriescheine online zu kaufen. Bei so vielen Lotterien, auf die Sie \u00fcber einen Online-Scheindienst zugreifen k\u00f6nnen, werden Sie immer einen gro\u00dfen Jackpot finden, in den es sich zu investieren lohnt. Tats\u00e4chlich verfolgt ein Gro\u00dfteil unserer Kunden eine einfache Strategie: Die Lotterie mit dem derzeit gr\u00f6\u00dften Jackpot ist diejenige, f\u00fcr die sie ihren Schein kaufen. Das macht doch Sinn, oder?<\/p>\n<section class=\"layout\" style=\"border: solid 1px; width: 100%;\">\n<div class=\"img-div\" style=\"margin-top: 5px;\"><img decoding=\"async\" class=\"wp-image-17212 alignleft\" style=\"height: 45px; margin: 8px 8px 0px;\" src=\"http:\/\/jackpotlotteryonline.com\/wp-content\/uploads\/2022\/11\/read1.jpg\" alt=\"Vorsicht vor betr\u00fcgerischen Lotterien\" width=\"\" height=\"\" \/><\/div>\n<div style=\"padding-left: 5px;\">\n<div style=\"font-size: 1.1em;\">\n<p><strong>Lotteriebetrug, den Sie kennen sollten<\/strong><\/p>\n<p style=\"font-size: 0.85em; margin-top: -1.5em;\">Tappen Sie nicht in die Lotto-Fallen <a href=\"https:\/\/jackpotlotteryonline.com\/de\/vorsicht-vor-online-lotterie-betrug\">mehr lesen<\/a><\/p>\n<\/div>\n<\/div>\n<\/section>\n<h2>Ist es legal, einen Schein f\u00fcr eine dieser Lotterien online zu kaufen?<\/h2>\n<p>Ja, das ist es. Stellen Sie sich vor, Sie befinden sich in den USA, und die \u00f6rtliche Powerball-Lotterie hat einen riesigen Jackpot. Sie gehen hin und kaufen ein Los, und dieses Los gewinnt. Nat\u00fcrlich muss die Lotterie Sie auszahlen, auch wenn Sie sich zum Zeitpunkt <a href=\"https:\/\/jackpotlotteryonline.com\/de\/gewinn-zahlen\">der Ziehung<\/a> nicht mehr im Land befinden. Sie haben rechtm\u00e4\u00dfig ein Los gekauft. Dabei spielt es keine Rolle, ob Sie in den USA leben oder nicht. Und so funktioniert es auch bei allen anderen Lotterien weltweit.<\/p>\n<p>Der Unterschied bei unserem Online-Service besteht darin, dass wir den eigentlichen Schein in Ihrem Namen kaufen. Sie bestellen es online, und einer unserer Mitarbeiter vor Ort kauft ein physisches Los f\u00fcr Sie. Au\u00dferdem wird Ihr Schein eingescannt und auf Ihr Spielerkonto hochgeladen, so dass Sie sehen k\u00f6nnen, dass wir einen echten Schein f\u00fcr Sie gekauft haben.<br \/>\n<img loading=\"lazy\" decoding=\"async\" class=\"alignright size-medium wp-image-25854\" src=\"http:\/\/jackpotlotteryonline.com\/wp-content\/uploads\/2022\/10\/1_results_tickets_lotto-300x212.jpg\" alt=\"Lotterielos\" width=\"300\" height=\"212\" srcset=\"https:\/\/jackpotlotteryonline.com\/wp-content\/uploads\/2022\/10\/1_results_tickets_lotto-300x212.jpg 300w, https:\/\/jackpotlotteryonline.com\/wp-content\/uploads\/2022\/10\/1_results_tickets_lotto.jpg 320w\" sizes=\"auto, (max-width: 300px) 100vw, 300px\" \/><\/p>\n<p>Wenn Sie einen gro\u00dfen Gewinn erzielen, liegt es an Ihnen, ob Sie in das Land reisen m\u00f6chten, in dem die Lotterie stattfindet. Wenn Sie m\u00f6chten, k\u00f6nnen Sie Ihren Schein bei uns abholen und den Gewinnschein pers\u00f6nlich bei der Lotteriekommission vorlegen. Woher sollen die wissen, wer ihn gekauft hat?<\/p>\n<p>Aber eigentlich m\u00fcssen Sie das gar nicht tun. Denn zu unserem Online-Lotterieschein-Service geh\u00f6rt, dass wir auch die Auszahlung f\u00fcr Sie \u00fcbernehmen k\u00f6nnen. Wir bearbeiten Ihren Gewinn, und die Lotteriekommission schickt Ihnen entweder einen Scheck oder \u00fcberweist den Gewinn auf Ihr Bankkonto.<\/p>\n<p>Und wussten Sie, dass alle kleineren Gewinne (unter \u20ac 2500,00) sofort auf Ihrem Spielerkonto auf unserer Website gutgeschrieben werden? Sie m\u00fcssen nichts tun, um diese kleineren Gewinne zu erhalten. Und Sie k\u00f6nnen jederzeit eine Auszahlung beantragen, und wir werden diese Gelder auf Ihr Bankkonto, Ihre Kreditkarte oder auf Ihre Kryptow\u00e4hrungs-Geldb\u00f6rse (falls Sie eine haben) auszahlen.<\/p>\n<h2>Weitere Vorteile des Online-Kaufs von Lottoscheinen<\/h2>\n<p>Unser Lottoservice hat noch einige andere, ganz offensichtliche Vorteile, n\u00e4mlich:<\/p>\n<ul>\n<li>Sie brauchen das Haus nicht zu verlassen, um Ihren Schein zu holen<\/li>\n<li>Keine Warteschlangen in der Lottoannahmestelle oder im Gesch\u00e4ft (wichtig vor allem bei hohen Jackpots!)<\/li>\n<li>Ihr Schein kann nicht verloren gehen, da er gescannt wurde und in unseren sicheren Tresoren aufbewahrt wird.<\/li>\n<\/ul>\n<p>Also, worauf warten Sie noch? W\u00e4hlen Sie eine Lotterie aus und kaufen Sie Ihre Online-Lose noch heute &#8211; mit ein wenig Gl\u00fcck sind Sie der Jackpot-Gewinner von morgen!<\/p>\n","protected":false},"excerpt":{"rendered":"<p>Lotteriescheine online zu kaufen, ist inzwischen sehr beliebt. Lottofans aus der ganzen Welt nutzen unseren Online-Lotterieschein-Service. Und daf\u00fcr gibt es eine Menge guter Gr\u00fcnde. F\u00fcr einige Lottospieler ist es die einzige M\u00f6glichkeit, \u00fcberhaupt Lottoscheine zu kaufen, weil es in ihrem Wohnsitzland keine Lotterie gibt. Sie suchen also nach M\u00f6glichkeiten, um eine Chance auf einen gro\u00dfen [&hellip;]<\/p>\n","protected":false},"author":1,"featured_media":0,"parent":0,"menu_order":3,"comment_status":"closed","ping_status":"closed","template":"Information.php","meta":{"_et_pb_use_builder":"","_et_pb_old_content":"","_et_gb_content_width":"","exclude_from_search":false,"footnotes":""},"class_list":["post-35753","page","type-page","status-publish","hentry"],"yoast_head":"<!-- This site is optimized with the Yoast SEO plugin v23.3 - https:\/\/yoast.com\/wordpress\/plugins\/seo\/ -->\n<title>Wie Sie online Lose f\u00fcr weltweite Lotterien kaufen k\u00f6nnen<\/title>\n<meta name=\"description\" content=\"Worauf Sie achten sollten, wenn Sie Ihre Spielscheine f\u00fcr internationale Lotterien online kaufen. Einige Online-Scheinservices sind weniger empfehlenswert, finden Sie heraus, welche\" \/>\n<meta name=\"robots\" content=\"index, follow, max-snippet:-1, max-image-preview:large, max-video-preview:-1\" \/>\n<link rel=\"canonical\" href=\"https:\/\/jackpotlotteryonline.com\/de\/spielscheine-kaufen\/\" \/>\n<meta property=\"og:locale\" content=\"de_DE\" \/>\n<meta property=\"og:type\" content=\"article\" \/>\n<meta property=\"og:title\" content=\"Wie Sie online Lose f\u00fcr weltweite Lotterien kaufen k\u00f6nnen\" \/>\n<meta property=\"og:description\" content=\"Worauf Sie achten sollten, wenn Sie Ihre Spielscheine f\u00fcr internationale Lotterien online kaufen. Einige Online-Scheinservices sind weniger empfehlenswert, finden Sie heraus, welche\" \/>\n<meta property=\"og:url\" content=\"https:\/\/jackpotlotteryonline.com\/de\/spielscheine-kaufen\/\" \/>\n<meta property=\"og:site_name\" content=\"Lotto Online - Crack The International Lottery Jackpots\" \/>\n<meta property=\"article:modified_time\" content=\"2022-12-19T10:39:25+00:00\" \/>\n<meta property=\"og:image\" content=\"http:\/\/jackpotlotteryonline.com\/wp-content\/uploads\/2022\/10\/1_buy_ticket_online.jpg\" \/>\n<meta name=\"twitter:card\" content=\"summary_large_image\" \/>\n<meta name=\"twitter:label1\" content=\"Gesch\u00e4tzte Lesezeit\" \/>\n\t<meta name=\"twitter:data1\" content=\"4\u00a0Minuten\" \/>\n<!-- \/ Yoast SEO plugin. -->","yoast_head_json":{"title":"Wie Sie online Lose f\u00fcr weltweite Lotterien kaufen k\u00f6nnen","description":"Worauf Sie achten sollten, wenn Sie Ihre Spielscheine f\u00fcr internationale Lotterien online kaufen. Einige Online-Scheinservices sind weniger empfehlenswert, finden Sie heraus, welche","robots":{"index":"index","follow":"follow","max-snippet":"max-snippet:-1","max-image-preview":"max-image-preview:large","max-video-preview":"max-video-preview:-1"},"canonical":"https:\/\/jackpotlotteryonline.com\/de\/spielscheine-kaufen\/","og_locale":"de_DE","og_type":"article","og_title":"Wie Sie online Lose f\u00fcr weltweite Lotterien kaufen k\u00f6nnen","og_description":"Worauf Sie achten sollten, wenn Sie Ihre Spielscheine f\u00fcr internationale Lotterien online kaufen. Einige Online-Scheinservices sind weniger empfehlenswert, finden Sie heraus, welche","og_url":"https:\/\/jackpotlotteryonline.com\/de\/spielscheine-kaufen\/","og_site_name":"Lotto Online - Crack The International Lottery Jackpots","article_modified_time":"2022-12-19T10:39:25+00:00","og_image":[{"url":"http:\/\/jackpotlotteryonline.com\/wp-content\/uploads\/2022\/10\/1_buy_ticket_online.jpg"}],"twitter_card":"summary_large_image","twitter_misc":{"Gesch\u00e4tzte Lesezeit":"4\u00a0Minuten"},"schema":{"@context":"https:\/\/schema.org","@graph":[{"@type":"WebPage","@id":"https:\/\/jackpotlotteryonline.com\/de\/spielscheine-kaufen\/","url":"https:\/\/jackpotlotteryonline.com\/de\/spielscheine-kaufen\/","name":"Wie Sie online Lose f\u00fcr weltweite Lotterien kaufen k\u00f6nnen","isPartOf":{"@id":"https:\/\/jackpotlotteryonline.com\/#website"},"primaryImageOfPage":{"@id":"https:\/\/jackpotlotteryonline.com\/de\/spielscheine-kaufen\/#primaryimage"},"image":{"@id":"https:\/\/jackpotlotteryonline.com\/de\/spielscheine-kaufen\/#primaryimage"},"thumbnailUrl":"http:\/\/jackpotlotteryonline.com\/wp-content\/uploads\/2022\/10\/1_buy_ticket_online.jpg","datePublished":"2022-11-01T12:55:54+00:00","dateModified":"2022-12-19T10:39:25+00:00","description":"Worauf Sie achten sollten, wenn Sie Ihre Spielscheine f\u00fcr internationale Lotterien online kaufen. Einige Online-Scheinservices sind weniger empfehlenswert, finden Sie heraus, welche","breadcrumb":{"@id":"https:\/\/jackpotlotteryonline.com\/de\/spielscheine-kaufen\/#breadcrumb"},"inLanguage":"de","potentialAction":[{"@type":"ReadAction","target":["https:\/\/jackpotlotteryonline.com\/de\/spielscheine-kaufen\/"]}]},{"@type":"ImageObject","inLanguage":"de","@id":"https:\/\/jackpotlotteryonline.com\/de\/spielscheine-kaufen\/#primaryimage","url":"http:\/\/jackpotlotteryonline.com\/wp-content\/uploads\/2022\/10\/1_buy_ticket_online.jpg","contentUrl":"http:\/\/jackpotlotteryonline.com\/wp-content\/uploads\/2022\/10\/1_buy_ticket_online.jpg"},{"@type":"BreadcrumbList","@id":"https:\/\/jackpotlotteryonline.com\/de\/spielscheine-kaufen\/#breadcrumb","itemListElement":[{"@type":"ListItem","position":1,"name":"Home","item":"https:\/\/jackpotlotteryonline.com\/de\/"},{"@type":"ListItem","position":2,"name":"Wie man Lotterielose online kauft"}]},{"@type":"WebSite","@id":"https:\/\/jackpotlotteryonline.com\/#website","url":"https:\/\/jackpotlotteryonline.com\/","name":"Lotto Online - Crack The International Lottery Jackpots","description":"","potentialAction":[{"@type":"SearchAction","target":{"@type":"EntryPoint","urlTemplate":"https:\/\/jackpotlotteryonline.com\/?s={search_term_string}"},"query-input":"required name=search_term_string"}],"inLanguage":"de"}]}},"_links":{"self":[{"href":"https:\/\/jackpotlotteryonline.com\/de\/wp-json\/wp\/v2\/pages\/35753","targetHints":{"allow":["GET"]}}],"collection":[{"href":"https:\/\/jackpotlotteryonline.com\/de\/wp-json\/wp\/v2\/pages"}],"about":[{"href":"https:\/\/jackpotlotteryonline.com\/de\/wp-json\/wp\/v2\/types\/page"}],"author":[{"embeddable":true,"href":"https:\/\/jackpotlotteryonline.com\/de\/wp-json\/wp\/v2\/users\/1"}],"replies":[{"embeddable":true,"href":"https:\/\/jackpotlotteryonline.com\/de\/wp-json\/wp\/v2\/comments?post=35753"}],"version-history":[{"count":0,"href":"https:\/\/jackpotlotteryonline.com\/de\/wp-json\/wp\/v2\/pages\/35753\/revisions"}],"wp:attachment":[{"href":"https:\/\/jackpotlotteryonline.com\/de\/wp-json\/wp\/v2\/media?parent=35753"}],"curies":[{"name":"wp","href":"https:\/\/api.w.org\/{rel}","templated":true}]}}