{"id":35828,"date":"2022-11-02T06:56:12","date_gmt":"2022-11-02T06:56:12","guid":{"rendered":"https:\/\/jackpotlotteryonline.com\/?page_id=35828"},"modified":"2022-12-26T07:53:01","modified_gmt":"2022-12-26T07:53:01","slug":"gewinn-zahlen","status":"publish","type":"page","link":"https:\/\/jackpotlotteryonline.com\/de\/gewinn-zahlen\/","title":{"rendered":"Lotterieergebnisse"},"content":{"rendered":"<h2>Lotterieergebnisse online<\/h2>\n<p>Bei dem riesigen Angebot an Lotterien, die Sie spielen k\u00f6nnen, und dem einfachen Zugang, den wir heutzutage alle zum Internet haben, ziehen es viele Leute vor, ihre Lotterieergebnisse schnell online zu \u00fcberpr\u00fcfen. Wenn Sie ein Lotterielos gekauft haben, m\u00f6chten Sie sicher wissen, wie die Gewinnzahlen f\u00fcr diese spezielle Ziehung lauten. <strong>Jetzt k\u00f6nnen Sie die Ergebnisse der internationalen Lotto-Jackpots in Sekundenschnelle online \u00fcberpr\u00fcfen.<\/strong><\/p>\n<p>Dieser Service ist auf der ganzen Welt verf\u00fcgbar. Egal, wo Sie sich befinden, ob im Urlaub, auf einer Gesch\u00e4ftsreise im Ausland, bei der Arbeit oder mit Freunden, Sie m\u00fcssen nicht mehr die \u00f6rtliche Zeitung w\u00e4lzen oder ein paar Tage warten, um herauszufinden, ob Sie einen Jackpot gewonnen haben. Sie k\u00f6nnen jetzt einfach unsere Website besuchen und die Ergebnisse der Lotterie, auf die Sie gesetzt haben, ausw\u00e4hlen und schnell herausfinden, ob Sie die richtigen Zahlen haben.<\/p>\n<section class=\"layout\" style=\"border: solid 1px; width: 100%;\">\n<div class=\"img-div\" style=\"margin-top: 5px;\"><img decoding=\"async\" class=\"wp-image-17212 alignleft\" style=\"height: 45px; margin: 8px 8px 0px;\" src=\"https:\/\/jackpotlotteryonline.com\/wp-content\/uploads\/2022\/11\/read1.jpg\" alt=\"lesen\" width=\"\" height=\"\" \/><\/div>\n<div style=\"padding-left: 5px;\">\n<div style=\"font-size: 1.1em;\">\n<p><strong>Verfolgen Sie die Ziehung Ihrer Lottozahlen live<\/strong><\/p>\n<p style=\"font-size: 0.85em; margin-top: -1.5em;\">Wie Sie die Ziehungen Ihrer Lieblingslotterien live verfolgen k\u00f6nnen <a href=\"https:\/\/jackpotlotteryonline.com\/de\/beobachten-sie-wie-ihre-lottozahlen-live-gezogen-werden\">mehr lesen<\/a><\/p>\n<\/div>\n<\/div>\n<\/section>\n<h2>Internationale Jackpot-Gewinnzahlen im Lotto<\/h2>\n<p>\u00dcberpr\u00fcfen Sie die Lotto-Gewinnzahlen dieser Woche f\u00fcr die gr\u00f6\u00dften internationalen Lotto-Jackpots, die t\u00e4glich auf unserer Website aktualisiert werden. Wir listen die besten und gr\u00f6\u00dften Lottos auf dem Planeten auf, darunter El Gordo, Euromillions, Mega Millions, Powerball, SuperEnaLotto und viele mehr.<br \/>\n<img loading=\"lazy\" decoding=\"async\" class=\"alignright size-medium wp-image-19277\" src=\"https:\/\/jackpotlotteryonline.com\/wp-content\/uploads\/2022\/10\/2_ticket_powerball_au2-163x300.jpg\" alt=\"Lotterieschein scannen\" width=\"163\" height=\"300\" srcset=\"https:\/\/jackpotlotteryonline.com\/wp-content\/uploads\/2022\/10\/2_ticket_powerball_au2-163x300.jpg 163w, https:\/\/jackpotlotteryonline.com\/wp-content\/uploads\/2022\/10\/2_ticket_powerball_au2.jpg 250w\" sizes=\"auto, (max-width: 163px) 100vw, 163px\" \/><\/p>\n<p><strong>Sie denken vielleicht, dass die meisten dieser Lotterien f\u00fcr Sie nicht verf\u00fcgbar sind, aber das stimmt nicht!<\/strong> Heutzutage ist es ganz einfach, Lose f\u00fcr fast alle <a href=\"https:\/\/jackpotlotteryonline.com\/de\/spielscheine-kaufen\">Lotterien online zu kaufen<\/a>. Das bedeutet, dass Sie nicht in dem Land leben m\u00fcssen, in dem die Lotterie stattfindet.<\/p>\n<p><strong>Dies wird durch einen von uns angebotenen Service erm\u00f6glicht.<\/strong><\/p>\n<p>Klicken Sie einfach auf eine der obigen <a href=\"https:\/\/jackpotlotteryonline.com\/de\/wie-man-spielt\">Schaltfl\u00e4chen &#8220;Spielen&#8221;<\/a>, und Sie werden auf die Seite f\u00fcr die Ziehung der Zahlen f\u00fcr die jeweilige Lotterie weitergeleitet. W\u00e4hlen Sie Ihre Zahlen, registrieren Sie sich und zahlen Sie online &#8211; so einfach ist das! Sie erhalten sofort nach Abschluss des Kaufs eine Best\u00e4tigung Ihres pers\u00f6nlichen Scheins und etwas sp\u00e4ter einen Scan Ihres Scheins. Wir stellen auch sicher, dass Sie Ihren Gewinn ausgezahlt bekommen. Diese weltweiten Jackpots k\u00f6nnen oft 100-mal h\u00f6her sein als die Ihrer \u00f6rtlichen Lotterie, worauf warten Sie also noch? Treffen Sie Ihre Wahl!<\/p>\n<h2>Sehen Sie, ob Sie gewonnen haben &#8211; vergleichen Sie Ihren Schein mit den Gewinnzahlen<\/h2>\n<p>Sie k\u00f6nnen die Lottoergebnisse nicht nur online von Ihrem Laptop, Desktop-PC oder sogar Ihrem iPhone zu Hause oder im B\u00fcro abrufen, sondern Sie k\u00f6nnen auch die Ergebnisse vieler Lotterien sofort auf einer Seite \u00fcberpr\u00fcfen.<\/p>\n<p>Sobald eine Lottoziehung stattgefunden hat, werden die jeweiligen Ergebnisse in Echtzeit aktualisiert. Das bedeutet, dass die Ergebnisse der internationalen Jackpots online zur Verf\u00fcgung stehen und Sie innerhalb weniger Augenblicke nach der Ziehung darauf zugreifen k\u00f6nnen.<br \/>\n<img loading=\"lazy\" decoding=\"async\" class=\"alignright wp-image-19599\" src=\"https:\/\/jackpotlotteryonline.com\/wp-content\/uploads\/2022\/10\/1_balls_draw_lotto_numbers-200x300.jpg\" alt=\"Lotterie Gewinnzahlen\" width=\"154\" height=\"231\" srcset=\"https:\/\/jackpotlotteryonline.com\/wp-content\/uploads\/2022\/10\/1_balls_draw_lotto_numbers-200x300.jpg 200w, https:\/\/jackpotlotteryonline.com\/wp-content\/uploads\/2022\/10\/1_balls_draw_lotto_numbers.jpg 320w\" sizes=\"auto, (max-width: 154px) 100vw, 154px\" \/><\/p>\n<p>Wenn Sie sich f\u00fcr den Online-Kauf eines Lottoscheins entschieden haben, unabh\u00e4ngig davon, um welche Art von Lotto es sich handelt, ist es sogar noch einfacher, Ihre Lottoergebnisse hier auf unserer Website online zu \u00fcberpr\u00fcfen. Denn wenn Sie Ihren Lottoschein online abgeben, werden Sie aufgefordert, Ihre E-Mail-Adresse einzugeben. Diese wird nicht nur ben\u00f6tigt, um ein Spielkonto zu er\u00f6ffnen, sondern auch, um Sie \u00fcber einen Gewinn zu benachrichtigen.<\/p>\n<p>Sobald die Lottoziehung stattgefunden hat, werden Sie automatisch per E-Mail benachrichtigt, wenn Sie Zahlen getippt haben, die Ihnen einen Geldpreis eingebracht haben k\u00f6nnten. Pr\u00fcfen Sie einfach Ihren E-Mail-Posteingang.<\/p>\n<p>Wenn Sie Ihren Lottoschein hier online gekauft haben, k\u00f6nnen Sie sich auch in Ihr Kundenkonto einloggen, und die Ergebnisse werden zum Vergleich direkt neben Ihrem Schein angezeigt. Die Zahlen auf Ihrem Schein, die mit der Ziehung \u00fcbereinstimmen, werden hervorgehoben. Das ist so bequem wie nur irgend m\u00f6glich!<\/p>\n<p>Bei so vielen tollen Vorteilen und praktischen Funktionen wie der M\u00f6glichkeit, Ihre Lottoergebnisse schnell online zu \u00fcberpr\u00fcfen, entscheiden sich heute viele Menschen daf\u00fcr, <strong>ihre Lottoscheine lieber online als im Gesch\u00e4ft zu kaufen.<\/strong><\/p>\n","protected":false},"excerpt":{"rendered":"<p>Lotterieergebnisse online Bei dem riesigen Angebot an Lotterien, die Sie spielen k\u00f6nnen, und dem einfachen Zugang, den wir heutzutage alle zum Internet haben, ziehen es viele Leute vor, ihre Lotterieergebnisse schnell online zu \u00fcberpr\u00fcfen. Wenn Sie ein Lotterielos gekauft haben, m\u00f6chten Sie sicher wissen, wie die Gewinnzahlen f\u00fcr diese spezielle Ziehung lauten. Jetzt k\u00f6nnen Sie [&hellip;]<\/p>\n","protected":false},"author":1,"featured_media":0,"parent":0,"menu_order":4,"comment_status":"closed","ping_status":"closed","template":"Results.php","meta":{"_et_pb_use_builder":"","_et_pb_old_content":"","_et_gb_content_width":"","exclude_from_search":false,"footnotes":""},"class_list":["post-35828","page","type-page","status-publish","hentry"],"yoast_head":"<!-- This site is optimized with the Yoast SEO plugin v23.3 - https:\/\/yoast.com\/wordpress\/plugins\/seo\/ -->\n<title>Gewinnzahlen und Ergebnisse f\u00fcr internationale Lotto-Jackpots<\/title>\n<meta name=\"description\" content=\"Diese Seite zeigt die Ergebnisse und Gewinnzahlen der meisten internationalen Jackpot-Lotterien online\" \/>\n<meta name=\"robots\" content=\"index, follow, max-snippet:-1, max-image-preview:large, max-video-preview:-1\" \/>\n<link rel=\"canonical\" href=\"https:\/\/jackpotlotteryonline.com\/de\/gewinn-zahlen\/\" \/>\n<meta property=\"og:locale\" content=\"de_DE\" \/>\n<meta property=\"og:type\" content=\"article\" \/>\n<meta property=\"og:title\" content=\"Gewinnzahlen und Ergebnisse f\u00fcr internationale Lotto-Jackpots\" \/>\n<meta property=\"og:description\" content=\"Diese Seite zeigt die Ergebnisse und Gewinnzahlen der meisten internationalen Jackpot-Lotterien online\" \/>\n<meta property=\"og:url\" content=\"https:\/\/jackpotlotteryonline.com\/de\/gewinn-zahlen\/\" \/>\n<meta property=\"og:site_name\" content=\"Lotto Online - Crack The International Lottery Jackpots\" \/>\n<meta property=\"article:modified_time\" content=\"2022-12-26T07:53:01+00:00\" \/>\n<meta property=\"og:image\" content=\"https:\/\/jackpotlotteryonline.com\/wp-content\/uploads\/2022\/11\/read1.jpg\" \/>\n<meta name=\"twitter:card\" content=\"summary_large_image\" \/>\n<meta name=\"twitter:label1\" content=\"Gesch\u00e4tzte Lesezeit\" \/>\n\t<meta name=\"twitter:data1\" content=\"3\u00a0Minuten\" \/>\n<!-- \/ Yoast SEO plugin. -->","yoast_head_json":{"title":"Gewinnzahlen und Ergebnisse f\u00fcr internationale Lotto-Jackpots","description":"Diese Seite zeigt die Ergebnisse und Gewinnzahlen der meisten internationalen Jackpot-Lotterien online","robots":{"index":"index","follow":"follow","max-snippet":"max-snippet:-1","max-image-preview":"max-image-preview:large","max-video-preview":"max-video-preview:-1"},"canonical":"https:\/\/jackpotlotteryonline.com\/de\/gewinn-zahlen\/","og_locale":"de_DE","og_type":"article","og_title":"Gewinnzahlen und Ergebnisse f\u00fcr internationale Lotto-Jackpots","og_description":"Diese Seite zeigt die Ergebnisse und Gewinnzahlen der meisten internationalen Jackpot-Lotterien online","og_url":"https:\/\/jackpotlotteryonline.com\/de\/gewinn-zahlen\/","og_site_name":"Lotto Online - Crack The International Lottery Jackpots","article_modified_time":"2022-12-26T07:53:01+00:00","og_image":[{"url":"https:\/\/jackpotlotteryonline.com\/wp-content\/uploads\/2022\/11\/read1.jpg"}],"twitter_card":"summary_large_image","twitter_misc":{"Gesch\u00e4tzte Lesezeit":"3\u00a0Minuten"},"schema":{"@context":"https:\/\/schema.org","@graph":[{"@type":"WebPage","@id":"https:\/\/jackpotlotteryonline.com\/de\/gewinn-zahlen\/","url":"https:\/\/jackpotlotteryonline.com\/de\/gewinn-zahlen\/","name":"Gewinnzahlen und Ergebnisse f\u00fcr internationale Lotto-Jackpots","isPartOf":{"@id":"https:\/\/jackpotlotteryonline.com\/#website"},"primaryImageOfPage":{"@id":"https:\/\/jackpotlotteryonline.com\/de\/gewinn-zahlen\/#primaryimage"},"image":{"@id":"https:\/\/jackpotlotteryonline.com\/de\/gewinn-zahlen\/#primaryimage"},"thumbnailUrl":"https:\/\/jackpotlotteryonline.com\/wp-content\/uploads\/2022\/11\/read1.jpg","datePublished":"2022-11-02T06:56:12+00:00","dateModified":"2022-12-26T07:53:01+00:00","description":"Diese Seite zeigt die Ergebnisse und Gewinnzahlen der meisten internationalen Jackpot-Lotterien online","breadcrumb":{"@id":"https:\/\/jackpotlotteryonline.com\/de\/gewinn-zahlen\/#breadcrumb"},"inLanguage":"de","potentialAction":[{"@type":"ReadAction","target":["https:\/\/jackpotlotteryonline.com\/de\/gewinn-zahlen\/"]}]},{"@type":"ImageObject","inLanguage":"de","@id":"https:\/\/jackpotlotteryonline.com\/de\/gewinn-zahlen\/#primaryimage","url":"https:\/\/jackpotlotteryonline.com\/wp-content\/uploads\/2022\/11\/read1.jpg","contentUrl":"https:\/\/jackpotlotteryonline.com\/wp-content\/uploads\/2022\/11\/read1.jpg"},{"@type":"BreadcrumbList","@id":"https:\/\/jackpotlotteryonline.com\/de\/gewinn-zahlen\/#breadcrumb","itemListElement":[{"@type":"ListItem","position":1,"name":"Home","item":"https:\/\/jackpotlotteryonline.com\/de\/"},{"@type":"ListItem","position":2,"name":"Lotterieergebnisse"}]},{"@type":"WebSite","@id":"https:\/\/jackpotlotteryonline.com\/#website","url":"https:\/\/jackpotlotteryonline.com\/","name":"Lotto Online - Crack The International Lottery Jackpots","description":"","potentialAction":[{"@type":"SearchAction","target":{"@type":"EntryPoint","urlTemplate":"https:\/\/jackpotlotteryonline.com\/?s={search_term_string}"},"query-input":"required name=search_term_string"}],"inLanguage":"de"}]}},"_links":{"self":[{"href":"https:\/\/jackpotlotteryonline.com\/de\/wp-json\/wp\/v2\/pages\/35828","targetHints":{"allow":["GET"]}}],"collection":[{"href":"https:\/\/jackpotlotteryonline.com\/de\/wp-json\/wp\/v2\/pages"}],"about":[{"href":"https:\/\/jackpotlotteryonline.com\/de\/wp-json\/wp\/v2\/types\/page"}],"author":[{"embeddable":true,"href":"https:\/\/jackpotlotteryonline.com\/de\/wp-json\/wp\/v2\/users\/1"}],"replies":[{"embeddable":true,"href":"https:\/\/jackpotlotteryonline.com\/de\/wp-json\/wp\/v2\/comments?post=35828"}],"version-history":[{"count":0,"href":"https:\/\/jackpotlotteryonline.com\/de\/wp-json\/wp\/v2\/pages\/35828\/revisions"}],"wp:attachment":[{"href":"https:\/\/jackpotlotteryonline.com\/de\/wp-json\/wp\/v2\/media?parent=35828"}],"curies":[{"name":"wp","href":"https:\/\/api.w.org\/{rel}","templated":true}]}}