{"id":35880,"date":"2022-11-02T09:02:44","date_gmt":"2022-11-02T09:02:44","guid":{"rendered":"https:\/\/jackpotlotteryonline.com\/?page_id=35880"},"modified":"2022-12-19T09:04:50","modified_gmt":"2022-12-19T09:04:50","slug":"powerball","status":"publish","type":"page","link":"https:\/\/jackpotlotteryonline.com\/de\/wie-man-spielt\/powerball\/","title":{"rendered":"Powerball USA"},"content":{"rendered":"<h2>Der Powerball Lotterie Jackpot online<\/h2>\n<p><img loading=\"lazy\" decoding=\"async\" class=\"alignright size-full wp-image-19358\" src=\"http:\/\/jackpotlotteryonline.com\/wp-content\/uploads\/2022\/10\/2_ticket_powerball3.jpg\" alt=\"Powerball-Schein\" width=\"180\" height=\"194\" \/><\/p>\n<p>Sie sehen hier eine der \u00e4ltesten und gr\u00f6\u00dften US-Lotterien. Der Powerball Lotterie Jackpot wird von einer aus 41 US-Bundesstaaten bestehenden Lotteriekommission angeboten. Sie wird in allen Staaten (einschlie\u00dflich der Jungferninseln und des District of Columbia) der USA mit Ausnahme von 8 (Nevada, Kalifornien, Utah, Mississippi, Wyoming, Alabama, Hawaii und Alaska) durchgef\u00fchrt.<\/p>\n<p>Der Online-Jackpot der Powerball-Lotterie hat mehrmals die 300-Millionen-Dollar-Grenze \u00fcberschritten, und der h\u00f6chste Jackpot, der je geknackt wurde, betrug 1500 Millionen Dollar. Normalerweise beginnen die Jackpots bei 20 Millionen Dollar und steigen jedes Mal um mindestens 5 Millionen Dollar, wenn der Jackpot nicht geknackt wurde.<\/p>\n<section class=\"layout\" style=\"border: solid 1px; width: 100%;\">\n<div class=\"img-div\" style=\"margin-top: 5px;\"><img decoding=\"async\" class=\"wp-image-17212 alignleft\" style=\"height: 45px; margin: 8px 8px 0px;\" src=\"http:\/\/jackpotlotteryonline.com\/wp-content\/uploads\/2022\/11\/read1.jpg\" alt=\"gr\u00f6\u00dfter Lotto-Jackpot\" width=\"\" height=\"\" \/><\/div>\n<div style=\"padding-left: 5px;\">\n<div style=\"font-size: 1.1em;\">\n<p><strong>Historische, rekordverd\u00e4chtige Lotterie-Jackpots<\/strong><\/p>\n<p style=\"font-size: 0.85em; margin-top: -1.5em;\">Die gr\u00f6\u00dften Lotto-Jackpots der Geschichte werden Ihnen den Kopf verdrehen <a href=\"https:\/\/jackpotlotteryonline.com\/de\/die-groessten-lotto-jackpots-der-geschichte\">mehr lesen<\/a><\/p>\n<\/div>\n<\/div>\n<\/section>\n<h2>Wie man die Powerball-Lotterie spielt<\/h2>\n<p>Sie k\u00f6nnen Ihren <strong><a href=\"https:\/\/jackpotlotteryonline.com\/de\/spielscheine-kaufen\/powerball\">Lottoschein ganz einfach online<\/a> \u00fcber unsere Website erwerben. Um an der Powerball-Lotterie teilzunehmen und den Jackpot zu gewinnen<\/strong>, m\u00fcssen Sie kein US-B\u00fcrger sein &#8211; Sie k\u00f6nnen auch au\u00dferhalb der USA leben, m\u00fcssen aber mindestens 18 Jahre alt sein. Alles, was Sie tun m\u00fcssen, ist, auf einen der Lotterie-Banner zu klicken, sich zu registrieren und zu verifizieren und die Zahlung vorzunehmen. Wenn Sie eine Bestellung aufgeben, k\u00fcmmern wir uns um den Rest. Ticketkauf, Lieferung und Hilfe bei der Geldlogistik sind die Bereiche, bei denen Sie Hilfe bekommen k\u00f6nnen.<br \/>\n<img loading=\"lazy\" decoding=\"async\" class=\"alignright size-full wp-image-18167\" src=\"http:\/\/jackpotlotteryonline.com\/wp-content\/uploads\/2022\/10\/powerball_globe_logo.png\" alt=\"Powerball online spielen\" width=\"200\" height=\"212\" \/><\/p>\n<p>Um den Powerball-Lotterie-Jackpot zu knacken, m\u00fcssen Sie f\u00fcnf von 59 Zahlen richtig haben, plus die Powerball-Zahl zwischen 1 und 39. Es gibt neun M\u00f6glichkeiten zu gewinnen, und Sie erhalten bereits einen Preis, wenn Sie die Powerball-Zahl treffen.<\/p>\n<p>Der <a href=\"http:\/\/jackpotlotteryonline.com\/de\/spielscheine-kaufen\/powerball\">Powerball-Lotterie-Jackpot<\/a> online ist ein traditionelles Lottospiel mit zwei Trommeln. Eine Trommel enth\u00e4lt 59 wei\u00dfe Kugeln, die zweite Trommel enth\u00e4lt 39 rote Kugeln. Sie m\u00fcssen 5 wei\u00dfe Kugeln und eine rote Kugel ausw\u00e4hlen. Die Kugeln k\u00f6nnen nach dem Zufallsprinzip ausgew\u00e4hlt werden, und die Reihenfolge der Auswahl hat keinen Einfluss auf das Ergebnis.<\/p>\n<p>Der Powerball-Lotto-Jackpot online zu spielen hat definitiv seine eigenen Vorteile, und aufgrund der fantastischen Gewinnchancen besteht eine gro\u00dfe Nachfrage nach dieser Lotterie.<\/p>\n<h2>Es ist an der Zeit, Ihr Gl\u00fcck bei Powerball zu versuchen<\/h2>\n<p>Wenn Sie eine Person sind, die gerne ihr Gl\u00fcck bei Gl\u00fccksspielen versucht, ist die Powerball-Lotterie sicherlich der richtige Ort, um damit zu beginnen. Auf unserer Website finden Sie viele weitere Informationen, die Ihnen bei der Entscheidung helfen k\u00f6nnen, welche Zahlen Sie w\u00e4hlen und spielen sollten.<\/p>\n<p>Viele Menschen denken, dass die Lotterie ein Gl\u00fccksspiel ist. Aber wenn sie erst einmal verstehen, wie die Powerball-Lotterie funktioniert, sehen sie das vielleicht etwas anders. <strong>Es gibt viele, die bereits bei Powerball gewonnen haben, und es gibt keinen Grund, warum Sie nicht einer von ihnen sein k\u00f6nnen. Fangen Sie jetzt an&#8230;!<\/strong><\/p>\n","protected":false},"excerpt":{"rendered":"<p>Der Powerball Lotterie Jackpot online Sie sehen hier eine der \u00e4ltesten und gr\u00f6\u00dften US-Lotterien. Der Powerball Lotterie Jackpot wird von einer aus 41 US-Bundesstaaten bestehenden Lotteriekommission angeboten. Sie wird in allen Staaten (einschlie\u00dflich der Jungferninseln und des District of Columbia) der USA mit Ausnahme von 8 (Nevada, Kalifornien, Utah, Mississippi, Wyoming, Alabama, Hawaii und Alaska) [&hellip;]<\/p>\n","protected":false},"author":1,"featured_media":0,"parent":35692,"menu_order":1,"comment_status":"closed","ping_status":"closed","template":"powerball-usa.php","meta":{"_et_pb_use_builder":"","_et_pb_old_content":"","_et_gb_content_width":"","exclude_from_search":false,"footnotes":""},"class_list":["post-35880","page","type-page","status-publish","hentry"],"yoast_head":"<!-- This site is optimized with the Yoast SEO plugin v23.3 - https:\/\/yoast.com\/wordpress\/plugins\/seo\/ -->\n<title>Spielen Sie Powerball Lotterie Online, von au\u00dferhalb der USA<\/title>\n<meta name=\"description\" content=\"Powerball Lotterie ist eine der \u00e4ltesten Lotterien der USA - lesen Sie hier, wie Sie online und von einem Land au\u00dferhalb der USA heute spielen k\u00f6nnen!\" \/>\n<meta name=\"robots\" content=\"index, follow, max-snippet:-1, max-image-preview:large, max-video-preview:-1\" \/>\n<link rel=\"canonical\" href=\"https:\/\/jackpotlotteryonline.com\/play-online\/powerball\/\" \/>\n<meta property=\"og:locale\" content=\"de_DE\" \/>\n<meta property=\"og:type\" content=\"article\" \/>\n<meta property=\"og:title\" content=\"Spielen Sie Powerball Lotterie Online, von au\u00dferhalb der USA\" \/>\n<meta property=\"og:description\" content=\"Powerball Lotterie ist eine der \u00e4ltesten Lotterien der USA - lesen Sie hier, wie Sie online und von einem Land au\u00dferhalb der USA heute spielen k\u00f6nnen!\" \/>\n<meta property=\"og:url\" content=\"https:\/\/jackpotlotteryonline.com\/play-online\/powerball\/\" \/>\n<meta property=\"og:site_name\" content=\"Lotto Online - Crack The International Lottery Jackpots\" \/>\n<meta property=\"article:modified_time\" content=\"2022-12-19T09:04:50+00:00\" \/>\n<meta property=\"og:image\" content=\"http:\/\/jackpotlotteryonline.com\/wp-content\/uploads\/2022\/10\/2_ticket_powerball3.jpg\" \/>\n<meta name=\"twitter:card\" content=\"summary_large_image\" \/>\n<meta name=\"twitter:label1\" content=\"Gesch\u00e4tzte Lesezeit\" \/>\n\t<meta name=\"twitter:data1\" content=\"3\u00a0Minuten\" \/>\n<!-- \/ Yoast SEO plugin. -->","yoast_head_json":{"title":"Spielen Sie Powerball Lotterie Online, von au\u00dferhalb der USA","description":"Powerball Lotterie ist eine der \u00e4ltesten Lotterien der USA - lesen Sie hier, wie Sie online und von einem Land au\u00dferhalb der USA heute spielen k\u00f6nnen!","robots":{"index":"index","follow":"follow","max-snippet":"max-snippet:-1","max-image-preview":"max-image-preview:large","max-video-preview":"max-video-preview:-1"},"canonical":"https:\/\/jackpotlotteryonline.com\/play-online\/powerball\/","og_locale":"de_DE","og_type":"article","og_title":"Spielen Sie Powerball Lotterie Online, von au\u00dferhalb der USA","og_description":"Powerball Lotterie ist eine der \u00e4ltesten Lotterien der USA - lesen Sie hier, wie Sie online und von einem Land au\u00dferhalb der USA heute spielen k\u00f6nnen!","og_url":"https:\/\/jackpotlotteryonline.com\/play-online\/powerball\/","og_site_name":"Lotto Online - Crack The International Lottery Jackpots","article_modified_time":"2022-12-19T09:04:50+00:00","og_image":[{"url":"http:\/\/jackpotlotteryonline.com\/wp-content\/uploads\/2022\/10\/2_ticket_powerball3.jpg"}],"twitter_card":"summary_large_image","twitter_misc":{"Gesch\u00e4tzte Lesezeit":"3\u00a0Minuten"},"schema":{"@context":"https:\/\/schema.org","@graph":[{"@type":"WebPage","@id":"https:\/\/jackpotlotteryonline.com\/play-online\/powerball\/","url":"https:\/\/jackpotlotteryonline.com\/play-online\/powerball\/","name":"Spielen Sie Powerball Lotterie Online, von au\u00dferhalb der USA","isPartOf":{"@id":"https:\/\/jackpotlotteryonline.com\/#website"},"primaryImageOfPage":{"@id":"https:\/\/jackpotlotteryonline.com\/play-online\/powerball\/#primaryimage"},"image":{"@id":"https:\/\/jackpotlotteryonline.com\/play-online\/powerball\/#primaryimage"},"thumbnailUrl":"http:\/\/jackpotlotteryonline.com\/wp-content\/uploads\/2022\/10\/2_ticket_powerball3.jpg","datePublished":"2022-11-02T09:02:44+00:00","dateModified":"2022-12-19T09:04:50+00:00","description":"Powerball Lotterie ist eine der \u00e4ltesten Lotterien der USA - lesen Sie hier, wie Sie online und von einem Land au\u00dferhalb der USA heute spielen k\u00f6nnen!","breadcrumb":{"@id":"https:\/\/jackpotlotteryonline.com\/play-online\/powerball\/#breadcrumb"},"inLanguage":"de","potentialAction":[{"@type":"ReadAction","target":["https:\/\/jackpotlotteryonline.com\/play-online\/powerball\/"]}]},{"@type":"ImageObject","inLanguage":"de","@id":"https:\/\/jackpotlotteryonline.com\/play-online\/powerball\/#primaryimage","url":"http:\/\/jackpotlotteryonline.com\/wp-content\/uploads\/2022\/10\/2_ticket_powerball3.jpg","contentUrl":"http:\/\/jackpotlotteryonline.com\/wp-content\/uploads\/2022\/10\/2_ticket_powerball3.jpg"},{"@type":"BreadcrumbList","@id":"https:\/\/jackpotlotteryonline.com\/play-online\/powerball\/#breadcrumb","itemListElement":[{"@type":"ListItem","position":1,"name":"Home","item":"https:\/\/jackpotlotteryonline.com\/de\/"},{"@type":"ListItem","position":2,"name":"Wie man spielt","item":"https:\/\/jackpotlotteryonline.com\/de\/wie-man-spielt\/"},{"@type":"ListItem","position":3,"name":"Powerball USA"}]},{"@type":"WebSite","@id":"https:\/\/jackpotlotteryonline.com\/#website","url":"https:\/\/jackpotlotteryonline.com\/","name":"Lotto Online - Crack The International Lottery Jackpots","description":"","potentialAction":[{"@type":"SearchAction","target":{"@type":"EntryPoint","urlTemplate":"https:\/\/jackpotlotteryonline.com\/?s={search_term_string}"},"query-input":"required name=search_term_string"}],"inLanguage":"de"}]}},"_links":{"self":[{"href":"https:\/\/jackpotlotteryonline.com\/de\/wp-json\/wp\/v2\/pages\/35880","targetHints":{"allow":["GET"]}}],"collection":[{"href":"https:\/\/jackpotlotteryonline.com\/de\/wp-json\/wp\/v2\/pages"}],"about":[{"href":"https:\/\/jackpotlotteryonline.com\/de\/wp-json\/wp\/v2\/types\/page"}],"author":[{"embeddable":true,"href":"https:\/\/jackpotlotteryonline.com\/de\/wp-json\/wp\/v2\/users\/1"}],"replies":[{"embeddable":true,"href":"https:\/\/jackpotlotteryonline.com\/de\/wp-json\/wp\/v2\/comments?post=35880"}],"version-history":[{"count":0,"href":"https:\/\/jackpotlotteryonline.com\/de\/wp-json\/wp\/v2\/pages\/35880\/revisions"}],"up":[{"embeddable":true,"href":"https:\/\/jackpotlotteryonline.com\/de\/wp-json\/wp\/v2\/pages\/35692"}],"wp:attachment":[{"href":"https:\/\/jackpotlotteryonline.com\/de\/wp-json\/wp\/v2\/media?parent=35880"}],"curies":[{"name":"wp","href":"https:\/\/api.w.org\/{rel}","templated":true}]}}