{"id":35942,"date":"2022-11-02T10:36:05","date_gmt":"2022-11-02T10:36:05","guid":{"rendered":"https:\/\/jackpotlotteryonline.com\/?page_id=35942"},"modified":"2022-12-30T19:07:34","modified_gmt":"2022-12-30T19:07:34","slug":"mega-millions","status":"publish","type":"page","link":"https:\/\/jackpotlotteryonline.com\/de\/wie-man-spielt\/mega-millions\/","title":{"rendered":"Mega Millions USA"},"content":{"rendered":"<h2>Der Mega Millions Online Lotto Jackpot<\/h2>\n<p>Das Mega Millions Jackpot Lotto hat seinen Sitz in Michigan USA und wird in 12 Bundesstaaten der USA gespielt. Da die Ziehungen jeden Dienstag- und Freitagabend um 20 Uhr stattfinden, kann die Gewinnchance f\u00fcr einen gl\u00fccklichen Spieler recht hoch sein. Ein Mega Millions-Ticket ist relativ billig, und der gr\u00f6\u00dfte jemals ausgezahlte Jackpot belief sich auf mehr als 1500 Millionen Dollar.<br \/>\n<img loading=\"lazy\" decoding=\"async\" class=\"alignright size-full wp-image-17546\" src=\"https:\/\/jackpotlotteryonline.com\/wp-content\/uploads\/2022\/10\/logo_Mega_Millions_233x110.png\" alt=\"Mega Millions online spielen\" width=\"232\" height=\"110\" \/><\/p>\n<p>Wenn Sie die Mega Millions spielen wollen, und zwar regelm\u00e4\u00dfig, k\u00f6nnen Sie sich vorstellen, wie viel Zeit und Energie es kostet, zweimal pro Woche zur Lotterie zu laufen. Der beste Weg, die Komplikationen zu beseitigen und Zeit zu sparen, w\u00e4re, online zu spielen. Es war noch nie so einfach, ein Los mit <a href=\"https:\/\/jackpotlotteryonline.com\/de\/gewinn-zahlen\/mega-millions\">Ihren Lieblingszahlen zu kaufen<\/a> und es sich nach Hause liefern zu lassen. Mit unserer Hilfe kann der Mega Millions Lotto-Jackpot online von jedem auf der Welt gewonnen werden!<\/p>\n<h2>Wie man die Mega Millions online spielt<\/h2>\n<p>Die Mega Millions-Lotterie beginnt mit einem Betrag von 20 Millionen Dollar und ging in die Geschichte ein, als sie 1,5 Milliarden Dollar erreichte &#8211; der h\u00f6chste Lotto-Jackpot in der Geschichte der USA! Die Spieler k\u00f6nnen f\u00fcnf Zahlen zwischen 1 und 56 (wei\u00dfe Kugel) plus eine so genannte Mega-Zahl zwischen 1 und 46 (goldene Kugel) w\u00e4hlen.<br \/>\n<img loading=\"lazy\" decoding=\"async\" class=\"alignright size-full wp-image-19115\" src=\"https:\/\/jackpotlotteryonline.com\/wp-content\/uploads\/2022\/10\/2_ticket_mega_millions3.jpg\" alt=\"Mega-Millionen-Schein scannen\" width=\"180\" height=\"193\" \/><\/p>\n<p>Um diesen Jackpot zu knacken, m\u00fcssen Sie alle f\u00fcnf Zahlen und die Megazahl richtig tippen. Aber auch wenn Sie den Jackpot nicht knacken, haben Sie eine gute Chance zu gewinnen, denn 1 von 40 Losen gewinnt. Jeder w\u00fcrde zustimmen, dass dies sehr gute Gewinnchancen bei einer Lotterie sind.<\/p>\n<p>Der Jackpot wird in 26 j\u00e4hrlichen Zahlungen ausgezahlt, die auch als Annuit\u00e4tenoption bezeichnet werden, oder Sie k\u00f6nnen sich f\u00fcr eine vollst\u00e4ndige Barauszahlung entscheiden, bei der Sie den Barwert der Annuit\u00e4t erhalten. <a href=\"https:\/\/jackpotlotteryonline.com\/de\/gewinn-zahlen\/mega-millions\">Die Ziehungen<\/a> finden normalerweise in Idaho (Georgia) statt, aber wenn der Jackpot die 200-Millionen-Dollar-Marke \u00fcberschreitet, wird die Ziehung am Times Square (New York City) abgehalten.<\/p>\n<p>Sie m\u00fcssen mindestens 18 Jahre alt sein, um an dieser Lotterie teilnehmen zu k\u00f6nnen, aber Sie m\u00fcssen nicht Staatsb\u00fcrger oder Einwohner der USA sein. Mit unserer Hilfe k\u00f6nnen Sie von au\u00dferhalb der USA spielen, eigentlich von \u00fcberall auf der Welt. Wir helfen Ihnen auch dabei, das gewonnene Preisgeld sicher und ohne Probleme zu Ihnen zu bringen.<\/p>\n<h2>Die Extras<\/h2>\n<p>In fast allen L\u00e4ndern (42 von 43, au\u00dfer Kalifornien), in denen Mega Millions gespielt wird, haben die Spieler die M\u00f6glichkeit, ein Extra namens Megaplier zu aktivieren. Der Megaplier verdoppelt den Einsatz im Spiel und die Spieler k\u00f6nnen die Nicht-Jackpot-Preise mit 2, 3 oder 4 multiplizieren. Nat\u00fcrlich ist es nicht n\u00f6tig zu erw\u00e4hnen, dass die Gewinnchancen hier sinken.<\/p>\n<p>Da also so viel auf dem Spiel steht, ist es an der Zeit, dass Sie sich \u00fcberlegen, Mega Millions zu spielen, denn damit k\u00f6nnen Sie Ihre Tr\u00e4ume verwirklichen. Lassen Sie sich auf unserer Website registrieren und versuchen Sie es bei der gr\u00f6\u00dften US-Lotterie aller Zeiten.<\/p>\n<section class=\"layout\" style=\"border: solid 1px; width: 100%;\">\n<div class=\"img-div\" style=\"margin-top: 5px;\"><img decoding=\"async\" class=\"wp-image-17212 alignleft\" style=\"height: 45px; margin: 8px 8px 0px;\" src=\"https:\/\/jackpotlotteryonline.com\/wp-content\/uploads\/2022\/11\/read1.jpg\" alt=\"lesen\" width=\"\" height=\"\" \/><\/div>\n<div style=\"padding-left: 5px;\">\n<div style=\"font-size: 1.1em;\">\n<p><strong>Ihre nationale Lotterie im internationalen Vergleich<\/strong><\/p>\n<p style=\"font-size: 0.85em; margin-top: -1.5em;\">Ihre \u00f6rtliche Lotterie kann Ihre schlechteste Option sein &#8211; warum es sinnvoller ist, mehr zu zahlen, aber auf gr\u00f6\u00dfere Jackpots zu setzen\u00a0 <a href=\"https:\/\/jackpotlotteryonline.com\/de\/ihre-nationale-lotterie-im-internationalen-vergleich\"> mehr lesen<\/a><\/p>\n<\/div>\n<\/div>\n<\/section>\n","protected":false},"excerpt":{"rendered":"<p>Der Mega Millions Online Lotto Jackpot Das Mega Millions Jackpot Lotto hat seinen Sitz in Michigan USA und wird in 12 Bundesstaaten der USA gespielt. Da die Ziehungen jeden Dienstag- und Freitagabend um 20 Uhr stattfinden, kann die Gewinnchance f\u00fcr einen gl\u00fccklichen Spieler recht hoch sein. Ein Mega Millions-Ticket ist relativ billig, und der gr\u00f6\u00dfte [&hellip;]<\/p>\n","protected":false},"author":1,"featured_media":0,"parent":35692,"menu_order":2,"comment_status":"closed","ping_status":"closed","template":"megamillion.php","meta":{"_et_pb_use_builder":"","_et_pb_old_content":"","_et_gb_content_width":"","exclude_from_search":false,"footnotes":""},"class_list":["post-35942","page","type-page","status-publish","hentry"],"yoast_head":"<!-- This site is optimized with the Yoast SEO plugin v23.3 - https:\/\/yoast.com\/wordpress\/plugins\/seo\/ -->\n<title>Spielen Sie Mega Millions online von au\u00dferhalb der USA<\/title>\n<meta name=\"description\" content=\"Der US Mega Millions Lotto Jackpot ist die Mutter aller Lotterien und Sie k\u00f6nnen jetzt online spielen, auch wenn Sie au\u00dferhalb der USA leben\" \/>\n<meta name=\"robots\" content=\"index, follow, max-snippet:-1, max-image-preview:large, max-video-preview:-1\" \/>\n<link rel=\"canonical\" href=\"https:\/\/jackpotlotteryonline.com\/play-online\/mega-millions\/\" \/>\n<meta property=\"og:locale\" content=\"de_DE\" \/>\n<meta property=\"og:type\" content=\"article\" \/>\n<meta property=\"og:title\" content=\"Spielen Sie Mega Millions online von au\u00dferhalb der USA\" \/>\n<meta property=\"og:description\" content=\"Der US Mega Millions Lotto Jackpot ist die Mutter aller Lotterien und Sie k\u00f6nnen jetzt online spielen, auch wenn Sie au\u00dferhalb der USA leben\" \/>\n<meta property=\"og:url\" content=\"https:\/\/jackpotlotteryonline.com\/play-online\/mega-millions\/\" \/>\n<meta property=\"og:site_name\" content=\"Lotto Online - Crack The International Lottery Jackpots\" \/>\n<meta property=\"article:modified_time\" content=\"2022-12-30T19:07:34+00:00\" \/>\n<meta property=\"og:image\" content=\"https:\/\/jackpotlotteryonline.com\/wp-content\/uploads\/2022\/10\/logo_Mega_Millions_233x110.png\" \/>\n<meta name=\"twitter:card\" content=\"summary_large_image\" \/>\n<meta name=\"twitter:label1\" content=\"Gesch\u00e4tzte Lesezeit\" \/>\n\t<meta name=\"twitter:data1\" content=\"3\u00a0Minuten\" \/>\n<!-- \/ Yoast SEO plugin. -->","yoast_head_json":{"title":"Spielen Sie Mega Millions online von au\u00dferhalb der USA","description":"Der US Mega Millions Lotto Jackpot ist die Mutter aller Lotterien und Sie k\u00f6nnen jetzt online spielen, auch wenn Sie au\u00dferhalb der USA leben","robots":{"index":"index","follow":"follow","max-snippet":"max-snippet:-1","max-image-preview":"max-image-preview:large","max-video-preview":"max-video-preview:-1"},"canonical":"https:\/\/jackpotlotteryonline.com\/play-online\/mega-millions\/","og_locale":"de_DE","og_type":"article","og_title":"Spielen Sie Mega Millions online von au\u00dferhalb der USA","og_description":"Der US Mega Millions Lotto Jackpot ist die Mutter aller Lotterien und Sie k\u00f6nnen jetzt online spielen, auch wenn Sie au\u00dferhalb der USA leben","og_url":"https:\/\/jackpotlotteryonline.com\/play-online\/mega-millions\/","og_site_name":"Lotto Online - Crack The International Lottery Jackpots","article_modified_time":"2022-12-30T19:07:34+00:00","og_image":[{"url":"https:\/\/jackpotlotteryonline.com\/wp-content\/uploads\/2022\/10\/logo_Mega_Millions_233x110.png"}],"twitter_card":"summary_large_image","twitter_misc":{"Gesch\u00e4tzte Lesezeit":"3\u00a0Minuten"},"schema":{"@context":"https:\/\/schema.org","@graph":[{"@type":"WebPage","@id":"https:\/\/jackpotlotteryonline.com\/play-online\/mega-millions\/","url":"https:\/\/jackpotlotteryonline.com\/play-online\/mega-millions\/","name":"Spielen Sie Mega Millions online von au\u00dferhalb der USA","isPartOf":{"@id":"https:\/\/jackpotlotteryonline.com\/#website"},"primaryImageOfPage":{"@id":"https:\/\/jackpotlotteryonline.com\/play-online\/mega-millions\/#primaryimage"},"image":{"@id":"https:\/\/jackpotlotteryonline.com\/play-online\/mega-millions\/#primaryimage"},"thumbnailUrl":"https:\/\/jackpotlotteryonline.com\/wp-content\/uploads\/2022\/10\/logo_Mega_Millions_233x110.png","datePublished":"2022-11-02T10:36:05+00:00","dateModified":"2022-12-30T19:07:34+00:00","description":"Der US Mega Millions Lotto Jackpot ist die Mutter aller Lotterien und Sie k\u00f6nnen jetzt online spielen, auch wenn Sie au\u00dferhalb der USA leben","breadcrumb":{"@id":"https:\/\/jackpotlotteryonline.com\/play-online\/mega-millions\/#breadcrumb"},"inLanguage":"de","potentialAction":[{"@type":"ReadAction","target":["https:\/\/jackpotlotteryonline.com\/play-online\/mega-millions\/"]}]},{"@type":"ImageObject","inLanguage":"de","@id":"https:\/\/jackpotlotteryonline.com\/play-online\/mega-millions\/#primaryimage","url":"https:\/\/jackpotlotteryonline.com\/wp-content\/uploads\/2022\/10\/logo_Mega_Millions_233x110.png","contentUrl":"https:\/\/jackpotlotteryonline.com\/wp-content\/uploads\/2022\/10\/logo_Mega_Millions_233x110.png"},{"@type":"BreadcrumbList","@id":"https:\/\/jackpotlotteryonline.com\/play-online\/mega-millions\/#breadcrumb","itemListElement":[{"@type":"ListItem","position":1,"name":"Home","item":"https:\/\/jackpotlotteryonline.com\/de\/"},{"@type":"ListItem","position":2,"name":"Wie man spielt","item":"https:\/\/jackpotlotteryonline.com\/de\/wie-man-spielt\/"},{"@type":"ListItem","position":3,"name":"Mega Millions USA"}]},{"@type":"WebSite","@id":"https:\/\/jackpotlotteryonline.com\/#website","url":"https:\/\/jackpotlotteryonline.com\/","name":"Lotto Online - Crack The International Lottery Jackpots","description":"","potentialAction":[{"@type":"SearchAction","target":{"@type":"EntryPoint","urlTemplate":"https:\/\/jackpotlotteryonline.com\/?s={search_term_string}"},"query-input":"required name=search_term_string"}],"inLanguage":"de"}]}},"_links":{"self":[{"href":"https:\/\/jackpotlotteryonline.com\/de\/wp-json\/wp\/v2\/pages\/35942","targetHints":{"allow":["GET"]}}],"collection":[{"href":"https:\/\/jackpotlotteryonline.com\/de\/wp-json\/wp\/v2\/pages"}],"about":[{"href":"https:\/\/jackpotlotteryonline.com\/de\/wp-json\/wp\/v2\/types\/page"}],"author":[{"embeddable":true,"href":"https:\/\/jackpotlotteryonline.com\/de\/wp-json\/wp\/v2\/users\/1"}],"replies":[{"embeddable":true,"href":"https:\/\/jackpotlotteryonline.com\/de\/wp-json\/wp\/v2\/comments?post=35942"}],"version-history":[{"count":0,"href":"https:\/\/jackpotlotteryonline.com\/de\/wp-json\/wp\/v2\/pages\/35942\/revisions"}],"up":[{"embeddable":true,"href":"https:\/\/jackpotlotteryonline.com\/de\/wp-json\/wp\/v2\/pages\/35692"}],"wp:attachment":[{"href":"https:\/\/jackpotlotteryonline.com\/de\/wp-json\/wp\/v2\/media?parent=35942"}],"curies":[{"name":"wp","href":"https:\/\/api.w.org\/{rel}","templated":true}]}}