{"id":36014,"date":"2022-11-03T08:03:25","date_gmt":"2022-11-03T08:03:25","guid":{"rendered":"https:\/\/jackpotlotteryonline.com\/?page_id=36014"},"modified":"2022-12-30T20:02:02","modified_gmt":"2022-12-30T20:02:02","slug":"euromillions","status":"publish","type":"page","link":"https:\/\/jackpotlotteryonline.com\/de\/wie-man-spielt\/euromillions\/","title":{"rendered":"Euro Millions spielen"},"content":{"rendered":"<h2>Holen Sie sich ein Ticket f\u00fcr Euromillions online<\/h2>\n<p><img loading=\"lazy\" decoding=\"async\" class=\"alignright wp-image-18926\" src=\"https:\/\/jackpotlotteryonline.com\/wp-content\/uploads\/2022\/10\/2_ticket_euromillions3-111x300.jpg\" alt=\"euromillions-Schein\" width=\"83\" height=\"224\" srcset=\"https:\/\/jackpotlotteryonline.com\/wp-content\/uploads\/2022\/10\/2_ticket_euromillions3-111x300.jpg 111w, https:\/\/jackpotlotteryonline.com\/wp-content\/uploads\/2022\/10\/2_ticket_euromillions3.jpg 180w\" sizes=\"auto, (max-width: 83px) 100vw, 83px\" \/><\/p>\n<p>Euromillions ist eine Lotterie, die in mehreren europ\u00e4ischen L\u00e4ndern wie Frankreich, dem Vereinigten K\u00f6nigreich, Spanien, Irland, Belgien, Luxemburg und der Schweiz veranstaltet wird. Der Jackpot der Euromillions Online-Lotterie beginnt mit einem Betrag von 15 Millionen Euro und der Rekordjackpot liegt bei 190 Millionen Euro.<\/p>\n<p>Um die Euromillions Jackpot-Lotterie zu spielen, m\u00fcssen Sie mindestens 18 Jahre alt sein, aber Sie k\u00f6nnen von jedem Land der Welt aus spielen, indem Sie den Service nutzen, den wir auf dieser Website anbieten. Unser Angebot ist insofern einzigartig, als es jedem auf der ganzen Welt, einschlie\u00dflich L\u00e4ndern wie Deutschland, den Niederlanden, Italien und sogar au\u00dferhalb Europas und dar\u00fcber hinaus, die M\u00f6glichkeit bietet, online zu spielen und den Jackpot zu gewinnen. Durch die Bereitstellung einer Lucky-Pick-Option ist es einfacher, Zufallszahlen auszuw\u00e4hlen, anstatt die eigenen grauen Zellen unter Druck zu setzen.<\/p>\n<h2>Wie Sie Ihr Ticket f\u00fcr den Euromillions-Jackpot von au\u00dferhalb Europas kaufen k\u00f6nnen<\/h2>\n<p><a href=\"https:\/\/jackpotlotteryonline.com\/de\/spielscheine-kaufen\/euromillions\">Der Kauf von Losen f\u00fcr den Euromillions-Jackpot der Online-Lotterie<\/a> kann durch uns weniger m\u00fchsam gestaltet werden. Sobald Sie sich auf unserer Website registriert und verifiziert haben, m\u00fcssen Sie nur noch Ihre Lotterie ausw\u00e4hlen und die erforderliche Zahlung leisten. Sobald dies geschehen ist, wird ein Lotterieschein in Ihrem Namen gekauft und ein Scan auf Ihr Konto hochgeladen, sobald Sie mit dem von Ihnen gew\u00e4hlten Zahlungsmittel bezahlt haben.<\/p>\n<p>Wenn Sie au\u00dferdem daran interessiert sind, den Euromillions Online-Jackpot f\u00fcr einige Zeit zu spielen, k\u00f6nnen Sie Ihre Zahlen ausw\u00e4hlen oder zuf\u00e4llig w\u00e4hlen und an mehreren Ziehungen teilnehmen, m\u00fcssen aber nur einmal alle paar Wochen zahlen.<\/p>\n<h2>Wie der Euromillions Lotterie Online-Jackpot funktioniert<\/h2>\n<p><img loading=\"lazy\" decoding=\"async\" class=\"alignright wp-image-17411\" src=\"https:\/\/jackpotlotteryonline.com\/wp-content\/uploads\/2022\/10\/euromillions.png\" alt=\"euromillions online spielen\" width=\"143\" height=\"152\" \/><\/p>\n<p>Sie m\u00fcssen f\u00fcnf Zahlen zwischen 1 und 50 plus 2 zus\u00e4tzliche Lucky-Star-Zahlen (zwischen 1 und 9) tippen, um den Jackpot zu gewinnen. <a href=\"https:\/\/jackpotlotteryonline.com\/de\/gewinn-zahlen\/euromillions\">Die Euromillions-Jackpot<\/a>-Ziehung findet jeden Freitagabend statt, und abgesehen vom Jackpot gibt es 11 Preisstufen. Die Wahrscheinlichkeit, mindestens einen Preis zu gewinnen, liegt bei eins zu 24.<\/p>\n<h2>\u00dcberpr\u00fcfen der Ergebnisse<\/h2>\n<p>Nach der Ziehung k\u00f6nnen Sie die Ergebnisse jederzeit online abrufen. Sie k\u00f6nnen sogar Ihr iPad, iPhone oder ein anderes Ger\u00e4t verwenden, um den \u00dcberblick zu behalten. Wenn Sie das Gl\u00fcck haben, einen Preis oder den Euromillions Online-Jackpot zu gewinnen, helfen wir Ihnen auch dabei, den Preis einzufordern und sicherzustellen, dass er Ihnen zugestellt wird.<\/p>\n<section class=\"layout\" style=\"border: solid 1px; width: 100%;\">\n<div class=\"img-div\" style=\"margin-top: 5px;\"><img decoding=\"async\" class=\"wp-image-17212 alignleft\" style=\"height: 45px; margin: 8px 8px 0px;\" src=\"https:\/\/jackpotlotteryonline.com\/wp-content\/uploads\/2022\/11\/read1.jpg\" alt=\"lesen\" width=\"\" height=\"\" \/><\/div>\n<div style=\"padding-left: 5px;\">\n<div style=\"font-size: 1.1em;\">\n<p><strong>Die Lotterien, bei denen Sie die besten Gewinnchancen haben<\/strong><\/p>\n<p style=\"font-size: 0.85em; margin-top: -1.5em;\">Welche Lotterie hat die besten Gewinnchancen?\u00a0 <a href=\"https:\/\/jackpotlotteryonline.com\/de\/welche-lotterie-hat-die-besten-gewinnchancen\"> mehr lesen<\/a><\/p>\n<\/div>\n<\/div>\n<\/section>\n<h2>Der Euromillions Lotterie Online-Jackpot<\/h2>\n<p>Der Euromillions-Jackpot wurde urspr\u00fcnglich am 7. Februar 2004 eingef\u00fchrt und die erste Ziehung fand am 13. Februar 2004 in Paris statt. Der bemerkenswerteste Jackpot-Gewinn wurde in einer der letzten Ziehungen (12. Juli 2011) erzielt, und der Betrag von 185.000.000 \u20ac wurde von Colin und Chris Weir aus Glasgow (UK) geknackt.<\/p>\n<p>Der Online-Jackpot der Euromillions-Lotterie ist nicht ohne Skandale geblieben &#8211; vor allem der in Belgien im Jahr 2009. Diese Skandale hatten jedoch keine stichhaltigen Gr\u00fcnde und sind inzwischen beigelegt worden. Es ist also an der Zeit, dass Sie Ihr Gl\u00fcck bei einem der gr\u00f6\u00dften Geldangebote aller Zeiten versuchen.<\/p>\n","protected":false},"excerpt":{"rendered":"<p>Holen Sie sich ein Ticket f\u00fcr Euromillions online Euromillions ist eine Lotterie, die in mehreren europ\u00e4ischen L\u00e4ndern wie Frankreich, dem Vereinigten K\u00f6nigreich, Spanien, Irland, Belgien, Luxemburg und der Schweiz veranstaltet wird. Der Jackpot der Euromillions Online-Lotterie beginnt mit einem Betrag von 15 Millionen Euro und der Rekordjackpot liegt bei 190 Millionen Euro. Um die Euromillions [&hellip;]<\/p>\n","protected":false},"author":1,"featured_media":0,"parent":35692,"menu_order":3,"comment_status":"closed","ping_status":"closed","template":"euromillions.php","meta":{"_et_pb_use_builder":"","_et_pb_old_content":"","_et_gb_content_width":"","exclude_from_search":false,"footnotes":""},"class_list":["post-36014","page","type-page","status-publish","hentry"],"yoast_head":"<!-- This site is optimized with the Yoast SEO plugin v23.3 - https:\/\/yoast.com\/wordpress\/plugins\/seo\/ -->\n<title>Spielen Sie Euromillions online von \u00fcberall, auch au\u00dferhalb Europas<\/title>\n<meta name=\"description\" content=\"Die Euromillions-Lotterie ist eine der begehrtesten Lotterien. Sie k\u00f6nnen jetzt mit einem Online-Ticket spielen, auch wenn Sie sich au\u00dferhalb Europas befinden\" \/>\n<meta name=\"robots\" content=\"index, follow, max-snippet:-1, max-image-preview:large, max-video-preview:-1\" \/>\n<link rel=\"canonical\" href=\"https:\/\/jackpotlotteryonline.com\/play-online\/euromillions\/\" \/>\n<meta property=\"og:locale\" content=\"de_DE\" \/>\n<meta property=\"og:type\" content=\"article\" \/>\n<meta property=\"og:title\" content=\"Spielen Sie Euromillions online von \u00fcberall, auch au\u00dferhalb Europas\" \/>\n<meta property=\"og:description\" content=\"Die Euromillions-Lotterie ist eine der begehrtesten Lotterien. Sie k\u00f6nnen jetzt mit einem Online-Ticket spielen, auch wenn Sie sich au\u00dferhalb Europas befinden\" \/>\n<meta property=\"og:url\" content=\"https:\/\/jackpotlotteryonline.com\/play-online\/euromillions\/\" \/>\n<meta property=\"og:site_name\" content=\"Lotto Online - Crack The International Lottery Jackpots\" \/>\n<meta property=\"article:modified_time\" content=\"2022-12-30T20:02:02+00:00\" \/>\n<meta property=\"og:image\" content=\"https:\/\/jackpotlotteryonline.com\/wp-content\/uploads\/2022\/10\/2_ticket_euromillions3-111x300.jpg\" \/>\n<meta name=\"twitter:card\" content=\"summary_large_image\" \/>\n<meta name=\"twitter:label1\" content=\"Gesch\u00e4tzte Lesezeit\" \/>\n\t<meta name=\"twitter:data1\" content=\"3\u00a0Minuten\" \/>\n<!-- \/ Yoast SEO plugin. -->","yoast_head_json":{"title":"Spielen Sie Euromillions online von \u00fcberall, auch au\u00dferhalb Europas","description":"Die Euromillions-Lotterie ist eine der begehrtesten Lotterien. Sie k\u00f6nnen jetzt mit einem Online-Ticket spielen, auch wenn Sie sich au\u00dferhalb Europas befinden","robots":{"index":"index","follow":"follow","max-snippet":"max-snippet:-1","max-image-preview":"max-image-preview:large","max-video-preview":"max-video-preview:-1"},"canonical":"https:\/\/jackpotlotteryonline.com\/play-online\/euromillions\/","og_locale":"de_DE","og_type":"article","og_title":"Spielen Sie Euromillions online von \u00fcberall, auch au\u00dferhalb Europas","og_description":"Die Euromillions-Lotterie ist eine der begehrtesten Lotterien. Sie k\u00f6nnen jetzt mit einem Online-Ticket spielen, auch wenn Sie sich au\u00dferhalb Europas befinden","og_url":"https:\/\/jackpotlotteryonline.com\/play-online\/euromillions\/","og_site_name":"Lotto Online - Crack The International Lottery Jackpots","article_modified_time":"2022-12-30T20:02:02+00:00","og_image":[{"url":"https:\/\/jackpotlotteryonline.com\/wp-content\/uploads\/2022\/10\/2_ticket_euromillions3-111x300.jpg"}],"twitter_card":"summary_large_image","twitter_misc":{"Gesch\u00e4tzte Lesezeit":"3\u00a0Minuten"},"schema":{"@context":"https:\/\/schema.org","@graph":[{"@type":"WebPage","@id":"https:\/\/jackpotlotteryonline.com\/play-online\/euromillions\/","url":"https:\/\/jackpotlotteryonline.com\/play-online\/euromillions\/","name":"Spielen Sie Euromillions online von \u00fcberall, auch au\u00dferhalb Europas","isPartOf":{"@id":"https:\/\/jackpotlotteryonline.com\/#website"},"primaryImageOfPage":{"@id":"https:\/\/jackpotlotteryonline.com\/play-online\/euromillions\/#primaryimage"},"image":{"@id":"https:\/\/jackpotlotteryonline.com\/play-online\/euromillions\/#primaryimage"},"thumbnailUrl":"https:\/\/jackpotlotteryonline.com\/wp-content\/uploads\/2022\/10\/2_ticket_euromillions3-111x300.jpg","datePublished":"2022-11-03T08:03:25+00:00","dateModified":"2022-12-30T20:02:02+00:00","description":"Die Euromillions-Lotterie ist eine der begehrtesten Lotterien. Sie k\u00f6nnen jetzt mit einem Online-Ticket spielen, auch wenn Sie sich au\u00dferhalb Europas befinden","breadcrumb":{"@id":"https:\/\/jackpotlotteryonline.com\/play-online\/euromillions\/#breadcrumb"},"inLanguage":"de","potentialAction":[{"@type":"ReadAction","target":["https:\/\/jackpotlotteryonline.com\/play-online\/euromillions\/"]}]},{"@type":"ImageObject","inLanguage":"de","@id":"https:\/\/jackpotlotteryonline.com\/play-online\/euromillions\/#primaryimage","url":"https:\/\/jackpotlotteryonline.com\/wp-content\/uploads\/2022\/10\/2_ticket_euromillions3-111x300.jpg","contentUrl":"https:\/\/jackpotlotteryonline.com\/wp-content\/uploads\/2022\/10\/2_ticket_euromillions3-111x300.jpg"},{"@type":"BreadcrumbList","@id":"https:\/\/jackpotlotteryonline.com\/play-online\/euromillions\/#breadcrumb","itemListElement":[{"@type":"ListItem","position":1,"name":"Home","item":"https:\/\/jackpotlotteryonline.com\/de\/"},{"@type":"ListItem","position":2,"name":"Wie man spielt","item":"https:\/\/jackpotlotteryonline.com\/de\/wie-man-spielt\/"},{"@type":"ListItem","position":3,"name":"Euro Millions spielen"}]},{"@type":"WebSite","@id":"https:\/\/jackpotlotteryonline.com\/#website","url":"https:\/\/jackpotlotteryonline.com\/","name":"Lotto Online - Crack The International Lottery Jackpots","description":"","potentialAction":[{"@type":"SearchAction","target":{"@type":"EntryPoint","urlTemplate":"https:\/\/jackpotlotteryonline.com\/?s={search_term_string}"},"query-input":"required name=search_term_string"}],"inLanguage":"de"}]}},"_links":{"self":[{"href":"https:\/\/jackpotlotteryonline.com\/de\/wp-json\/wp\/v2\/pages\/36014","targetHints":{"allow":["GET"]}}],"collection":[{"href":"https:\/\/jackpotlotteryonline.com\/de\/wp-json\/wp\/v2\/pages"}],"about":[{"href":"https:\/\/jackpotlotteryonline.com\/de\/wp-json\/wp\/v2\/types\/page"}],"author":[{"embeddable":true,"href":"https:\/\/jackpotlotteryonline.com\/de\/wp-json\/wp\/v2\/users\/1"}],"replies":[{"embeddable":true,"href":"https:\/\/jackpotlotteryonline.com\/de\/wp-json\/wp\/v2\/comments?post=36014"}],"version-history":[{"count":0,"href":"https:\/\/jackpotlotteryonline.com\/de\/wp-json\/wp\/v2\/pages\/36014\/revisions"}],"up":[{"embeddable":true,"href":"https:\/\/jackpotlotteryonline.com\/de\/wp-json\/wp\/v2\/pages\/35692"}],"wp:attachment":[{"href":"https:\/\/jackpotlotteryonline.com\/de\/wp-json\/wp\/v2\/media?parent=36014"}],"curies":[{"name":"wp","href":"https:\/\/api.w.org\/{rel}","templated":true}]}}