{"id":36066,"date":"2022-11-03T09:36:27","date_gmt":"2022-11-03T09:36:27","guid":{"rendered":"https:\/\/jackpotlotteryonline.com\/?page_id=36066"},"modified":"2022-12-30T20:48:58","modified_gmt":"2022-12-30T20:48:58","slug":"eurojackpot","status":"publish","type":"page","link":"https:\/\/jackpotlotteryonline.com\/de\/wie-man-spielt\/eurojackpot\/","title":{"rendered":"EuroJackpot"},"content":{"rendered":"<h2>Wie man von jedem Land aus am Eurojackpot teilnehmen kann<\/h2>\n<p><strong>Der Eurojackpot<\/strong> ist zusammen mit den Euromillionen eine der gr\u00f6\u00dften und beliebtesten Lotterien in ganz Europa und wird jede Woche von Millionen von Menschen in aller Welt gespielt. Der Eurojackpot wurde 1994 ins Leben gerufen, doch aufgrund mehrerer \u00c4nderungen der Regeln und des Formats verz\u00f6gerte sich die Einf\u00fchrung um einige Jahre, bis er schlie\u00dflich im Jahr 2004 in Europa eingef\u00fchrt und spielbereit war.<br \/>\n<img loading=\"lazy\" decoding=\"async\" class=\"alignright wp-image-18574\" src=\"https:\/\/jackpotlotteryonline.com\/wp-content\/uploads\/2022\/10\/1_online_ticket_eurojackpot2.jpg\" alt=\"Eurojackpot online spielen\" width=\"260\" height=\"173\" \/><\/p>\n<p>Seit der ersten Ziehung im Jahr 2004 haben Millionen von Menschen dieses fantastische Gl\u00fccksspiel gespielt, und es gab viele Jackpot-Gewinner, von denen einige das Gl\u00fcck hatten, Jackpot-Preise von \u00fcber 180 Millionen Euro abzur\u00e4umen!<\/p>\n<p>Bei einem Standard-Jackpot von 15 Millionen Euro ist es kein Wunder, dass der EuroJackpot jede Woche von Millionen von Menschen online gespielt wird. Die Regeln sind sehr einfach &#8211; um zu spielen und den Jackpot zu gewinnen, m\u00fcssen Sie 5 Zahlen aus einem Bereich zwischen 1 und 50 richtig w\u00e4hlen und zus\u00e4tzlich 2 weitere Zahlen, die &#8220;Gl\u00fcckssterne&#8221;, zwischen 1 und 11 richtig tippen.<\/p>\n<p><a href=\"https:\/\/jackpotlotteryonline.com\/de\/spielscheine-kaufen\/eurojackpot\">Holen Sie sich jetzt Ihr Online-Ticket<\/a> \u00fcber unseren Service &#8211; jeder kann mitmachen und gewinnen!<\/p>\n<section class=\"layout\" style=\"border: solid 1px; width: 100%;\">\n<div class=\"img-div\" style=\"margin-top: 5px;\"><img decoding=\"async\" class=\"wp-image-17212 alignleft\" style=\"height: 45px; margin: 8px 8px 0px;\" src=\"https:\/\/jackpotlotteryonline.com\/wp-content\/uploads\/2022\/11\/read1.jpg\" alt=\"lesen\" width=\"\" height=\"\" \/><\/div>\n<div style=\"padding-left: 5px;\">\n<div style=\"font-size: 1.1em;\">\n<p><strong>Welche internationale Lotterie ist die beste?<\/strong><\/p>\n<p style=\"font-size: 0.85em; margin-top: -1.5em;\">Welche der internationalen Lotterien hat die besten Gewinnchancen <a href=\"https:\/\/jackpotlotteryonline.com\/de\/welche-internationale-lotterie-ist-die-beste\">mehr lesen<\/a><\/p>\n<\/div>\n<\/div>\n<\/section>\n<h2>Kaufen Sie ein Ticket f\u00fcr EuroJackpot online<\/h2>\n<p><strong>Das Tolle am EuroJackpot online ist,<\/strong> dass es viele Preise zu gewinnen gibt. Wenn Sie also den Jackpot nicht knacken, machen Sie sich keine Sorgen, denn Sie haben immer noch die Chance auf gro\u00dfe Geldpreise. Zus\u00e4tzlich zu dem gro\u00dfen Jackpot, den Sie gewinnen k\u00f6nnen, wenn Sie ein Ticket f\u00fcr den EuroJackpot online kaufen, gibt es 13 verschiedene Preise zu gewinnen.<br \/>\n<img loading=\"lazy\" decoding=\"async\" class=\"alignright size-medium wp-image-18736\" src=\"https:\/\/jackpotlotteryonline.com\/wp-content\/uploads\/2022\/10\/2_ticket_eurojackpot-141x300.jpg\" alt=\"Eurojackpot-Schein\" width=\"141\" height=\"300\" srcset=\"https:\/\/jackpotlotteryonline.com\/wp-content\/uploads\/2022\/10\/2_ticket_eurojackpot-141x300.jpg 141w, https:\/\/jackpotlotteryonline.com\/wp-content\/uploads\/2022\/10\/2_ticket_eurojackpot.jpg 150w\" sizes=\"auto, (max-width: 141px) 100vw, 141px\" \/><\/p>\n<p>Wenn der gro\u00dfe Jackpot nicht geknackt wird, geht der Eurojackpot in die n\u00e4chste Woche \u00fcber. Aus diesem Grund gab es in der Vergangenheit riesige Jackpots von 100 Millionen Euro oder mehr. Die Lotterie wird in der Regel von Einwohnern europ\u00e4ischer L\u00e4nder gespielt, so dass Teilnehmer in L\u00e4ndern wie dem Vereinigten K\u00f6nigreich, Frankreich, Deutschland und der Schweiz jede Woche Lose f\u00fcr den Eurojackpot online kaufen.<\/p>\n<p>Der Online-Kauf eines Lotteriescheins wird immer beliebter, um die Eurojackpot-Lotterie zu spielen. Die Spielregeln sind dieselben, aber der gesamte Prozess des Spielens ist viel schneller und einfacher, was den Kauf Ihres Scheins betrifft. So m\u00fcssen Sie beispielsweise nicht in ein Gesch\u00e4ft gehen, um einen Schein zu kaufen, sondern k\u00f6nnen sich einfach auf der Spielwebsite anmelden und bequem von zu Hause oder sogar vom B\u00fcro aus in Sekundenschnelle Ihre eigenen Zahlen ausw\u00e4hlen.<\/p>\n<p>Sobald Sie Ihre Gl\u00fcckszahlen ausgew\u00e4hlt haben, oder sogar mehrere Zahlenreihen, wenn Sie Ihre Gewinnchancen wirklich erh\u00f6hen wollen, k\u00f6nnen Sie Ihren Schein auch sicher online bezahlen. Nach jeder <a href=\"https:\/\/jackpotlotteryonline.com\/de\/gewinn-zahlen\/euromillions\">Ziehung der Eurojackpot-Lotterie<\/a> werden die Ergebnisse innerhalb eines Augenblicks nach Bekanntgabe der letzten Zahl jeder Woche online aktualisiert. Das bedeutet, dass Sie sich einfach wieder in Ihr Konto einloggen und die Gewinnzahlen in Sekundenschnelle einsehen k\u00f6nnen, ohne in Zeitungen nach den Ergebnissen suchen zu m\u00fcssen.<\/p>\n<p>Wenn Sie den EuroJackpot bei uns online spielen, erhalten Sie au\u00dferdem automatisch eine E-Mail, wenn Sie die richtigen Zahlen gezogen haben.<\/p>\n","protected":false},"excerpt":{"rendered":"<p>Wie man von jedem Land aus am Eurojackpot teilnehmen kann Der Eurojackpot ist zusammen mit den Euromillionen eine der gr\u00f6\u00dften und beliebtesten Lotterien in ganz Europa und wird jede Woche von Millionen von Menschen in aller Welt gespielt. Der Eurojackpot wurde 1994 ins Leben gerufen, doch aufgrund mehrerer \u00c4nderungen der Regeln und des Formats verz\u00f6gerte [&hellip;]<\/p>\n","protected":false},"author":1,"featured_media":0,"parent":35692,"menu_order":4,"comment_status":"closed","ping_status":"closed","template":"eurojackpot.php","meta":{"_et_pb_use_builder":"","_et_pb_old_content":"","_et_gb_content_width":"","exclude_from_search":false,"footnotes":""},"class_list":["post-36066","page","type-page","status-publish","hentry"],"yoast_head":"<!-- This site is optimized with the Yoast SEO plugin v23.3 - https:\/\/yoast.com\/wordpress\/plugins\/seo\/ -->\n<title>Spielen Sie Eurojackpot online, auch von au\u00dferhalb Europas<\/title>\n<meta name=\"description\" content=\"Eurojackpot online spielen bringt Sie dem Million\u00e4rsein n\u00e4her!\" \/>\n<meta name=\"robots\" content=\"index, follow, max-snippet:-1, max-image-preview:large, max-video-preview:-1\" \/>\n<link rel=\"canonical\" href=\"https:\/\/jackpotlotteryonline.com\/play-online\/eurojackpot\/\" \/>\n<meta property=\"og:locale\" content=\"de_DE\" \/>\n<meta property=\"og:type\" content=\"article\" \/>\n<meta property=\"og:title\" content=\"Spielen Sie Eurojackpot online, auch von au\u00dferhalb Europas\" \/>\n<meta property=\"og:description\" content=\"Eurojackpot online spielen bringt Sie dem Million\u00e4rsein n\u00e4her!\" \/>\n<meta property=\"og:url\" content=\"https:\/\/jackpotlotteryonline.com\/play-online\/eurojackpot\/\" \/>\n<meta property=\"og:site_name\" content=\"Lotto Online - Crack The International Lottery Jackpots\" \/>\n<meta property=\"article:modified_time\" content=\"2022-12-30T20:48:58+00:00\" \/>\n<meta property=\"og:image\" content=\"https:\/\/jackpotlotteryonline.com\/wp-content\/uploads\/2022\/10\/1_online_ticket_eurojackpot2.jpg\" \/>\n<meta name=\"twitter:card\" content=\"summary_large_image\" \/>\n<meta name=\"twitter:label1\" content=\"Gesch\u00e4tzte Lesezeit\" \/>\n\t<meta name=\"twitter:data1\" content=\"3\u00a0Minuten\" \/>\n<!-- \/ Yoast SEO plugin. -->","yoast_head_json":{"title":"Spielen Sie Eurojackpot online, auch von au\u00dferhalb Europas","description":"Eurojackpot online spielen bringt Sie dem Million\u00e4rsein n\u00e4her!","robots":{"index":"index","follow":"follow","max-snippet":"max-snippet:-1","max-image-preview":"max-image-preview:large","max-video-preview":"max-video-preview:-1"},"canonical":"https:\/\/jackpotlotteryonline.com\/play-online\/eurojackpot\/","og_locale":"de_DE","og_type":"article","og_title":"Spielen Sie Eurojackpot online, auch von au\u00dferhalb Europas","og_description":"Eurojackpot online spielen bringt Sie dem Million\u00e4rsein n\u00e4her!","og_url":"https:\/\/jackpotlotteryonline.com\/play-online\/eurojackpot\/","og_site_name":"Lotto Online - Crack The International Lottery Jackpots","article_modified_time":"2022-12-30T20:48:58+00:00","og_image":[{"url":"https:\/\/jackpotlotteryonline.com\/wp-content\/uploads\/2022\/10\/1_online_ticket_eurojackpot2.jpg"}],"twitter_card":"summary_large_image","twitter_misc":{"Gesch\u00e4tzte Lesezeit":"3\u00a0Minuten"},"schema":{"@context":"https:\/\/schema.org","@graph":[{"@type":"WebPage","@id":"https:\/\/jackpotlotteryonline.com\/play-online\/eurojackpot\/","url":"https:\/\/jackpotlotteryonline.com\/play-online\/eurojackpot\/","name":"Spielen Sie Eurojackpot online, auch von au\u00dferhalb Europas","isPartOf":{"@id":"https:\/\/jackpotlotteryonline.com\/#website"},"primaryImageOfPage":{"@id":"https:\/\/jackpotlotteryonline.com\/play-online\/eurojackpot\/#primaryimage"},"image":{"@id":"https:\/\/jackpotlotteryonline.com\/play-online\/eurojackpot\/#primaryimage"},"thumbnailUrl":"https:\/\/jackpotlotteryonline.com\/wp-content\/uploads\/2022\/10\/1_online_ticket_eurojackpot2.jpg","datePublished":"2022-11-03T09:36:27+00:00","dateModified":"2022-12-30T20:48:58+00:00","description":"Eurojackpot online spielen bringt Sie dem Million\u00e4rsein n\u00e4her!","breadcrumb":{"@id":"https:\/\/jackpotlotteryonline.com\/play-online\/eurojackpot\/#breadcrumb"},"inLanguage":"de","potentialAction":[{"@type":"ReadAction","target":["https:\/\/jackpotlotteryonline.com\/play-online\/eurojackpot\/"]}]},{"@type":"ImageObject","inLanguage":"de","@id":"https:\/\/jackpotlotteryonline.com\/play-online\/eurojackpot\/#primaryimage","url":"https:\/\/jackpotlotteryonline.com\/wp-content\/uploads\/2022\/10\/1_online_ticket_eurojackpot2.jpg","contentUrl":"https:\/\/jackpotlotteryonline.com\/wp-content\/uploads\/2022\/10\/1_online_ticket_eurojackpot2.jpg"},{"@type":"BreadcrumbList","@id":"https:\/\/jackpotlotteryonline.com\/play-online\/eurojackpot\/#breadcrumb","itemListElement":[{"@type":"ListItem","position":1,"name":"Home","item":"https:\/\/jackpotlotteryonline.com\/de\/"},{"@type":"ListItem","position":2,"name":"Wie man spielt","item":"https:\/\/jackpotlotteryonline.com\/de\/wie-man-spielt\/"},{"@type":"ListItem","position":3,"name":"EuroJackpot"}]},{"@type":"WebSite","@id":"https:\/\/jackpotlotteryonline.com\/#website","url":"https:\/\/jackpotlotteryonline.com\/","name":"Lotto Online - Crack The International Lottery Jackpots","description":"","potentialAction":[{"@type":"SearchAction","target":{"@type":"EntryPoint","urlTemplate":"https:\/\/jackpotlotteryonline.com\/?s={search_term_string}"},"query-input":"required name=search_term_string"}],"inLanguage":"de"}]}},"_links":{"self":[{"href":"https:\/\/jackpotlotteryonline.com\/de\/wp-json\/wp\/v2\/pages\/36066","targetHints":{"allow":["GET"]}}],"collection":[{"href":"https:\/\/jackpotlotteryonline.com\/de\/wp-json\/wp\/v2\/pages"}],"about":[{"href":"https:\/\/jackpotlotteryonline.com\/de\/wp-json\/wp\/v2\/types\/page"}],"author":[{"embeddable":true,"href":"https:\/\/jackpotlotteryonline.com\/de\/wp-json\/wp\/v2\/users\/1"}],"replies":[{"embeddable":true,"href":"https:\/\/jackpotlotteryonline.com\/de\/wp-json\/wp\/v2\/comments?post=36066"}],"version-history":[{"count":0,"href":"https:\/\/jackpotlotteryonline.com\/de\/wp-json\/wp\/v2\/pages\/36066\/revisions"}],"up":[{"embeddable":true,"href":"https:\/\/jackpotlotteryonline.com\/de\/wp-json\/wp\/v2\/pages\/35692"}],"wp:attachment":[{"href":"https:\/\/jackpotlotteryonline.com\/de\/wp-json\/wp\/v2\/media?parent=36066"}],"curies":[{"name":"wp","href":"https:\/\/api.w.org\/{rel}","templated":true}]}}