{"id":36119,"date":"2022-11-03T12:49:42","date_gmt":"2022-11-03T12:49:42","guid":{"rendered":"https:\/\/jackpotlotteryonline.com\/?page_id=36119"},"modified":"2022-12-31T07:14:37","modified_gmt":"2022-12-31T07:14:37","slug":"superenalotto","status":"publish","type":"page","link":"https:\/\/jackpotlotteryonline.com\/de\/wie-man-spielt\/superenalotto\/","title":{"rendered":"SuperEnaLotto Italien"},"content":{"rendered":"<h2>Superenalotto Italien<\/h2>\n<p>Dies ist die italienische Jackpot-Lotterie, die zum ersten Mal am 3. Dezember 1997 gezogen wurde, und der <strong>Superenalotto Online-Jackpot<\/strong> erreicht sehr oft astronomische Summen. Er wird jeden Dienstag, Donnerstag und Samstag um Punkt 20 Uhr gezogen. Da es sich um die gr\u00f6\u00dften Jackpots handelt, sind die Gewinnchancen bei dieser Lotterie mit am geringsten. Das <strong>Superenalotto Italia<\/strong> ist bekannt daf\u00fcr, dass es Jackpotsummen von \u00fcber 250 Millionen Euro erreicht.<\/p>\n<section class=\"layout\" style=\"border: solid 1px; width: 100%;\">\n<div class=\"img-div\" style=\"margin-top: 5px;\"><img decoding=\"async\" class=\"wp-image-17212 alignleft\" style=\"height: 45px; margin: 8px 8px 0px;\" src=\"http:\/\/jackpotlotteryonline.com\/wp-content\/uploads\/2022\/11\/read1.jpg\" alt=\"lesen\" width=\"\" height=\"\" \/><\/div>\n<div style=\"padding-left: 5px;\">\n<div style=\"font-size: 1.1em;\">\n<p><strong>Europ\u00e4ische Lotterien<\/strong><\/p>\n<p style=\"font-size: 0.85em; margin-top: -1.5em;\">Welche europ\u00e4ischen Lotterien sind die besten? <a href=\"https:\/\/jackpotlotteryonline.com\/de\/welche-europaeischen-lotterien-sind-die-besten\"> mehr lesen<\/a><\/p>\n<\/div>\n<\/div>\n<\/section>\n<h2>Wie funktioniert das Superenalotto?<\/h2>\n<p><img loading=\"lazy\" decoding=\"async\" class=\"alignright wp-image-17735\" src=\"http:\/\/jackpotlotteryonline.com\/wp-content\/uploads\/2022\/10\/logo_superenalotto.png\" alt=\"Superenalotto online spielen\" width=\"168\" height=\"178\" \/><\/p>\n<p>Beim <strong>Superenalotto<\/strong> m\u00fcssen 6 von 90 Zahlen richtig sein. <a href=\"http:\/\/jackpotlotteryonline.com\/de\/gewinn-zahlen\/superenalotto\">In der Hauptziehung<\/a> werden alle 6 Zahlen gezogen, darunter auch die Jolly-Zahl, und anschlie\u00dfend findet eine zweite, unabh\u00e4ngige Ziehung der Superstar-Zahl statt. Um beim <strong>Superenalotto Italia<\/strong> \u00fcberhaupt eine Gewinnchance zu haben, m\u00fcssen mindestens 3 Zahlen \u00fcbereinstimmen, und die Wahrscheinlichkeit, dies zu erreichen, liegt bei 1 zu 327. Die Chance, den Jackpot zu gewinnen, liegt bei 1 zu 622 Millionen.<\/p>\n<p>Die Superstar-Zahl kostet extra, aber wenn Sie das Gl\u00fcck haben, sie zu treffen, kann sich das Preisgeld um das 100-fache erh\u00f6hen. Wenn Sie die Superstar-Zahl und nicht die sechs Grundzahlen treffen, k\u00f6nnen Sie sogar einen festen Betrag gewinnen.<\/p>\n<h2>Was kann man mit dem Superenalotto-Jackpot gewinnen?<\/h2>\n<p>Im Jahr 2022 gibt es den gr\u00f6\u00dften Jackpot, d<strong>en Superenalotto Italia je geknackt hat, er liegt derzeit bei<\/strong> 295 Millionen Euro. Dies ist der mit Abstand gr\u00f6\u00dfte Jackpot, der in der Geschichte des italienischen Lottos geknackt wurde, und zum Zeitpunkt der Aktualisierung dieser Seite ist noch kein Gewinner gefunden worden!<br \/>\n<img loading=\"lazy\" decoding=\"async\" class=\"alignright size-medium wp-image-19493\" src=\"http:\/\/jackpotlotteryonline.com\/wp-content\/uploads\/2022\/10\/2_ticket_superenalotto4-211x300.jpg\" alt=\"Superenalotto-Schein\" width=\"211\" height=\"300\" srcset=\"https:\/\/jackpotlotteryonline.com\/wp-content\/uploads\/2022\/10\/2_ticket_superenalotto4-211x300.jpg 211w, https:\/\/jackpotlotteryonline.com\/wp-content\/uploads\/2022\/10\/2_ticket_superenalotto4.jpg 300w\" sizes=\"auto, (max-width: 211px) 100vw, 211px\" \/><\/p>\n<p>Es gibt jedoch keinen Grund, sich entmutigen zu lassen. Je h\u00f6her die Gewinnchancen, desto h\u00f6her der zu gewinnende Jackpot und desto gr\u00f6\u00dfer der Adrenalinsto\u00df. Die Lotterie war schon immer ein Gl\u00fccksspiel, und die Chancen stehen gut, dass Sie der n\u00e4chste Gl\u00fcckspilz sind.<\/p>\n<p>Der beste Aspekt des <strong>Superena Lotterie Online-Jackpots ist<\/strong>, dass jeder von \u00fcberall auf der Welt daran teilnehmen kann, sogar von au\u00dferhalb Italiens, und die einzige Grundlage f\u00fcr die Teilnahme ist, dass man mindestens 18 Jahre alt sein sollte. <strong>Unsere Website<\/strong> bietet Ihnen <a href=\"https:\/\/jackpotlotteryonline.com\/de\/spielscheine-kaufen\/superenalotto\">die beste Chance auf das Superenalotto Italia<\/a>, und wenn Sie es noch nicht gespielt haben, setzen Sie Ihr Gl\u00fcck an der falschen Stelle ein.<\/p>\n<p>Sobald Sie sich auf unserer Website angemeldet und Ihre Anmeldedaten \u00fcberpr\u00fcft haben, m\u00fcssen Sie nur noch Ihre Zahlen ausw\u00e4hlen und die Zahlung vornehmen, um sicherzustellen, dass Sie Ihren Platz im Bus zu den Millionen gebucht haben. Unser Vertreter vor Ort wird Ihren Schein mit den von Ihnen angegebenen Zahlen kaufen und daf\u00fcr sorgen, dass Sie kurz darauf einen Scan des Scheins sehen k\u00f6nnen.<\/p>\n<p>W\u00e4hrend die Gewinnchancen beim <strong>Superenalotto Italia<\/strong> ung\u00fcnstig sind, k\u00f6nnen Sie sich auch \u00fcber die anderen Lotterien auf der ganzen Welt informieren, die Sie mit Hilfe unseres Services online spielen k\u00f6nnen.<\/p>\n<p>W\u00e4hlen Sie Ihre bevorzugten Gl\u00fccksspiele aus und erh\u00f6hen Sie Ihre Gewinnquoten, indem Sie sich noch heute der Gemeinschaft unserer Nutzer anschlie\u00dfen. Es ist an der Zeit, dass Sie Ihr Gl\u00fcck auf die ultimative Probe stellen.<\/p>\n","protected":false},"excerpt":{"rendered":"<p>Superenalotto Italien Dies ist die italienische Jackpot-Lotterie, die zum ersten Mal am 3. Dezember 1997 gezogen wurde, und der Superenalotto Online-Jackpot erreicht sehr oft astronomische Summen. Er wird jeden Dienstag, Donnerstag und Samstag um Punkt 20 Uhr gezogen. Da es sich um die gr\u00f6\u00dften Jackpots handelt, sind die Gewinnchancen bei dieser Lotterie mit am geringsten. [&hellip;]<\/p>\n","protected":false},"author":1,"featured_media":0,"parent":35692,"menu_order":5,"comment_status":"closed","ping_status":"closed","template":"superenalotto.php","meta":{"_et_pb_use_builder":"","_et_pb_old_content":"","_et_gb_content_width":"","exclude_from_search":false,"footnotes":""},"class_list":["post-36119","page","type-page","status-publish","hentry"],"yoast_head":"<!-- This site is optimized with the Yoast SEO plugin v23.3 - https:\/\/yoast.com\/wordpress\/plugins\/seo\/ -->\n<title>Spielen Sie SuperEnaLotto online von au\u00dferhalb Italiens<\/title>\n<meta name=\"description\" content=\"Das Superenalotto scheint eine harte Nuss zu sein, aber wenn Sie den Jackpot knacken, gewinnen Sie viel. Spielen Sie hier Superenalotto von au\u00dferhalb Italiens!\" \/>\n<meta name=\"robots\" content=\"index, follow, max-snippet:-1, max-image-preview:large, max-video-preview:-1\" \/>\n<link rel=\"canonical\" href=\"https:\/\/jackpotlotteryonline.com\/play-online\/superenalotto\/\" \/>\n<meta property=\"og:locale\" content=\"de_DE\" \/>\n<meta property=\"og:type\" content=\"article\" \/>\n<meta property=\"og:title\" content=\"Spielen Sie SuperEnaLotto online von au\u00dferhalb Italiens\" \/>\n<meta property=\"og:description\" content=\"Das Superenalotto scheint eine harte Nuss zu sein, aber wenn Sie den Jackpot knacken, gewinnen Sie viel. Spielen Sie hier Superenalotto von au\u00dferhalb Italiens!\" \/>\n<meta property=\"og:url\" content=\"https:\/\/jackpotlotteryonline.com\/play-online\/superenalotto\/\" \/>\n<meta property=\"og:site_name\" content=\"Lotto Online - Crack The International Lottery Jackpots\" \/>\n<meta property=\"article:modified_time\" content=\"2022-12-31T07:14:37+00:00\" \/>\n<meta property=\"og:image\" content=\"http:\/\/jackpotlotteryonline.com\/wp-content\/uploads\/2022\/11\/read1.jpg\" \/>\n<meta name=\"twitter:card\" content=\"summary_large_image\" \/>\n<meta name=\"twitter:label1\" content=\"Gesch\u00e4tzte Lesezeit\" \/>\n\t<meta name=\"twitter:data1\" content=\"3\u00a0Minuten\" \/>\n<!-- \/ Yoast SEO plugin. -->","yoast_head_json":{"title":"Spielen Sie SuperEnaLotto online von au\u00dferhalb Italiens","description":"Das Superenalotto scheint eine harte Nuss zu sein, aber wenn Sie den Jackpot knacken, gewinnen Sie viel. Spielen Sie hier Superenalotto von au\u00dferhalb Italiens!","robots":{"index":"index","follow":"follow","max-snippet":"max-snippet:-1","max-image-preview":"max-image-preview:large","max-video-preview":"max-video-preview:-1"},"canonical":"https:\/\/jackpotlotteryonline.com\/play-online\/superenalotto\/","og_locale":"de_DE","og_type":"article","og_title":"Spielen Sie SuperEnaLotto online von au\u00dferhalb Italiens","og_description":"Das Superenalotto scheint eine harte Nuss zu sein, aber wenn Sie den Jackpot knacken, gewinnen Sie viel. Spielen Sie hier Superenalotto von au\u00dferhalb Italiens!","og_url":"https:\/\/jackpotlotteryonline.com\/play-online\/superenalotto\/","og_site_name":"Lotto Online - Crack The International Lottery Jackpots","article_modified_time":"2022-12-31T07:14:37+00:00","og_image":[{"url":"http:\/\/jackpotlotteryonline.com\/wp-content\/uploads\/2022\/11\/read1.jpg"}],"twitter_card":"summary_large_image","twitter_misc":{"Gesch\u00e4tzte Lesezeit":"3\u00a0Minuten"},"schema":{"@context":"https:\/\/schema.org","@graph":[{"@type":"WebPage","@id":"https:\/\/jackpotlotteryonline.com\/play-online\/superenalotto\/","url":"https:\/\/jackpotlotteryonline.com\/play-online\/superenalotto\/","name":"Spielen Sie SuperEnaLotto online von au\u00dferhalb Italiens","isPartOf":{"@id":"https:\/\/jackpotlotteryonline.com\/#website"},"primaryImageOfPage":{"@id":"https:\/\/jackpotlotteryonline.com\/play-online\/superenalotto\/#primaryimage"},"image":{"@id":"https:\/\/jackpotlotteryonline.com\/play-online\/superenalotto\/#primaryimage"},"thumbnailUrl":"http:\/\/jackpotlotteryonline.com\/wp-content\/uploads\/2022\/11\/read1.jpg","datePublished":"2022-11-03T12:49:42+00:00","dateModified":"2022-12-31T07:14:37+00:00","description":"Das Superenalotto scheint eine harte Nuss zu sein, aber wenn Sie den Jackpot knacken, gewinnen Sie viel. Spielen Sie hier Superenalotto von au\u00dferhalb Italiens!","breadcrumb":{"@id":"https:\/\/jackpotlotteryonline.com\/play-online\/superenalotto\/#breadcrumb"},"inLanguage":"de","potentialAction":[{"@type":"ReadAction","target":["https:\/\/jackpotlotteryonline.com\/play-online\/superenalotto\/"]}]},{"@type":"ImageObject","inLanguage":"de","@id":"https:\/\/jackpotlotteryonline.com\/play-online\/superenalotto\/#primaryimage","url":"http:\/\/jackpotlotteryonline.com\/wp-content\/uploads\/2022\/11\/read1.jpg","contentUrl":"http:\/\/jackpotlotteryonline.com\/wp-content\/uploads\/2022\/11\/read1.jpg"},{"@type":"BreadcrumbList","@id":"https:\/\/jackpotlotteryonline.com\/play-online\/superenalotto\/#breadcrumb","itemListElement":[{"@type":"ListItem","position":1,"name":"Home","item":"https:\/\/jackpotlotteryonline.com\/de\/"},{"@type":"ListItem","position":2,"name":"Wie man spielt","item":"https:\/\/jackpotlotteryonline.com\/de\/wie-man-spielt\/"},{"@type":"ListItem","position":3,"name":"SuperEnaLotto Italien"}]},{"@type":"WebSite","@id":"https:\/\/jackpotlotteryonline.com\/#website","url":"https:\/\/jackpotlotteryonline.com\/","name":"Lotto Online - Crack The International Lottery Jackpots","description":"","potentialAction":[{"@type":"SearchAction","target":{"@type":"EntryPoint","urlTemplate":"https:\/\/jackpotlotteryonline.com\/?s={search_term_string}"},"query-input":"required name=search_term_string"}],"inLanguage":"de"}]}},"_links":{"self":[{"href":"https:\/\/jackpotlotteryonline.com\/de\/wp-json\/wp\/v2\/pages\/36119","targetHints":{"allow":["GET"]}}],"collection":[{"href":"https:\/\/jackpotlotteryonline.com\/de\/wp-json\/wp\/v2\/pages"}],"about":[{"href":"https:\/\/jackpotlotteryonline.com\/de\/wp-json\/wp\/v2\/types\/page"}],"author":[{"embeddable":true,"href":"https:\/\/jackpotlotteryonline.com\/de\/wp-json\/wp\/v2\/users\/1"}],"replies":[{"embeddable":true,"href":"https:\/\/jackpotlotteryonline.com\/de\/wp-json\/wp\/v2\/comments?post=36119"}],"version-history":[{"count":0,"href":"https:\/\/jackpotlotteryonline.com\/de\/wp-json\/wp\/v2\/pages\/36119\/revisions"}],"up":[{"embeddable":true,"href":"https:\/\/jackpotlotteryonline.com\/de\/wp-json\/wp\/v2\/pages\/35692"}],"wp:attachment":[{"href":"https:\/\/jackpotlotteryonline.com\/de\/wp-json\/wp\/v2\/media?parent=36119"}],"curies":[{"name":"wp","href":"https:\/\/api.w.org\/{rel}","templated":true}]}}