{"id":36178,"date":"2022-11-04T06:17:55","date_gmt":"2022-11-04T06:17:55","guid":{"rendered":"https:\/\/jackpotlotteryonline.com\/?page_id=36178"},"modified":"2023-01-03T08:23:30","modified_gmt":"2023-01-03T08:23:30","slug":"el-gordo","status":"publish","type":"page","link":"https:\/\/jackpotlotteryonline.com\/de\/wie-man-spielt\/el-gordo\/","title":{"rendered":"Spielen Sie El Gordo Lotto Spanien"},"content":{"rendered":"<h2>El Gordo Online Lotto Jackpot<\/h2>\n<p><img loading=\"lazy\" decoding=\"async\" class=\"alignright wp-image-18709\" src=\"https:\/\/jackpotlotteryonline.com\/wp-content\/uploads\/2022\/10\/2_ticket_el_gordo3-218x300.jpg\" alt=\"el gordo schein\" width=\"174\" height=\"239\" srcset=\"https:\/\/jackpotlotteryonline.com\/wp-content\/uploads\/2022\/10\/2_ticket_el_gordo3-218x300.jpg 218w, https:\/\/jackpotlotteryonline.com\/wp-content\/uploads\/2022\/10\/2_ticket_el_gordo3.jpg 570w\" sizes=\"auto, (max-width: 174px) 100vw, 174px\" \/><\/p>\n<p>Der durchschnittliche Spanier hat im Jahr 2009 den unglaublichen Betrag von 60 \u20ac f\u00fcr den El Gordo Lotto Jackpot ausgegeben. Nun, die Zahl 60 \u20ac scheint keine gro\u00dfe Sache zu sein, aber wenn man das mit der spanischen Bev\u00f6lkerung multipliziert, kann man sprachlos sein. Die Lotterie El Gordo ist vor allem f\u00fcr die spanische Weihnachtslotterie bekannt, wird aber auch w\u00f6chentlich veranstaltet.<\/p>\n<p>Es handelt sich um eine Lotterie mit <a href=\"https:\/\/jackpotlotteryonline.com\/de\/gewinn-zahlen\/el-gordo-draw-results\">einer Ziehung pro Woche (jeden Sonntag)<\/a>, bei der Sie 5 Zahlen aus einer Reihe von 54 Zahlen ziehen m\u00fcssen. Der Name El Gordo ist \u00fcbrigens spanisch und bedeutet &#8220;Der Gro\u00dfe&#8221;.<\/p>\n<h2>Die El Gordo Weihnachtsziehung<\/h2>\n<p>El Gordo Navidad wird einmal im Jahr zur Weihnachtszeit gespielt und unterscheidet sich stark von anderen vergleichbaren Lotterien in der Welt, da nur 85000 Lottozahlen zur Verf\u00fcgung stehen (von 00000 bis 84999) und die Ziehung ein ganz besonderes Ereignis ist, dessen Vorbereitung und Durchf\u00fchrung viel Zeit in Anspruch nimmt.<\/p>\n<section class=\"layout\" style=\"border: solid 1px; width: 100%;\">\n<div class=\"img-div\" style=\"margin-top: 5px;\"><img decoding=\"async\" class=\"wp-image-17212 alignleft\" style=\"height: 45px; margin: 8px 8px 0px;\" src=\"https:\/\/jackpotlotteryonline.com\/wp-content\/uploads\/2022\/11\/read1.jpg\" alt=\"lesen\" width=\"\" height=\"\" \/><\/div>\n<div style=\"padding-left: 5px;\">\n<div style=\"font-size: 1.1em;\">\n<p><strong>Verpassen Sie nicht die Ziehungszeiten f\u00fcr die gr\u00f6\u00dften Lotto-Jackpots der Welt<\/strong><\/p>\n<p style=\"font-size: 0.85em; margin-top: -1.5em;\">Eine Liste der Ziehungszeiten f\u00fcr die internationalen Lotterien\u00a0 <a href=\"https:\/\/jackpotlotteryonline.com\/de\/wann-sind-die-ziehungszeiten-fuer-die-internationalen-lotterien-2\"> mehr lesen<\/a><\/p>\n<\/div>\n<\/div>\n<\/section>\n<h2>Warum ist die Weihnachtslotterie El Gordo einzigartig?<\/h2>\n<p><img loading=\"lazy\" decoding=\"async\" class=\"alignright size-full wp-image-17870\" src=\"https:\/\/jackpotlotteryonline.com\/wp-content\/uploads\/2022\/10\/lotto_euros.jpg\" alt=\"Weihnachten gewinnen El Gordo\" width=\"225\" height=\"134\" \/><\/p>\n<p>Die Ziehung selbst ist sehr einzigartig und anders. Es sind kaum Maschinen oder Technik im Spiel. Eine riesige Kugel ist mit Holzkugeln gef\u00fcllt, auf denen jeweils eine der f\u00fcnfstelligen Zahlen steht. In einer zweiten Kugel befinden sich die Kugeln mit den Gewinnen. Die Ziehung erfolgt durch zwei Kinder, die aus jeder Kugel eine Kugel ziehen, die die Gewinnzahl und den Preis, den diese Zahl gewonnen hat, bestimmt.<\/p>\n<p>Der Lotto-Jackpot von El Gordo Online, der vollst\u00e4ndig von Menschenhand gezogen wird, ist einzigartig und einer der begehrtesten auf dem europ\u00e4ischen Festland. Es gibt drei Hauptgewinne und \u00fcber 1000 kleinere Preise, und Zahlen, die teilweise mit den drei Hauptgewinnzahlen \u00fcbereinstimmen, gewinnen ebenfalls etwas. Damit steigen die Gewinnchancen um ein Vielfaches.<\/p>\n<p>El Gordo ist einer der gr\u00f6\u00dften Lotterie-Jackpots der Welt, mit einem Gesamtpreisgeld von \u00fcber 3 Milliarden Euro pro Jahr (Stand jetzt, Tendenz steigend). Sie m\u00fcssen kein spanischer oder europ\u00e4ischer Staatsb\u00fcrger sein, jeder \u00fcber 18 kann El Gordo Lotto spielen.<\/p>\n<h2>Wie und warum sollten Sie El Gordo Online spielen?<\/h2>\n<p>Melden Sie sich noch heute auf unserer Website an und sichern Sie sich Ihren Platz im Reichtum. Wir helfen Spielern von au\u00dferhalb Spaniens bei der Teilnahme an der El Gordo Lotterie. Alles, was Sie tun m\u00fcssen, ist, Ihr Konto einzurichten, Ihre Zahlen zu w\u00e4hlen und die Zahlung abzuschlie\u00dfen. Dann sorgen wir daf\u00fcr, dass <a href=\"https:\/\/jackpotlotteryonline.com\/de\/spielscheine-kaufen\/el-gordo\">in Ihrem Namen ein Los f\u00fcr den El Gordo-Lotto-Jackpot<\/a> gekauft wird. Der Schein mit den von Ihnen gew\u00e4hlten Zahlen wird f\u00fcr Sie gescannt, und im Falle eines Gewinns sorgen wir daf\u00fcr, dass das Geld so schnell wie m\u00f6glich bei Ihnen eintrifft. Wir empfehlen Ihnen, Ihren Schein mit Ihren Lieblingszahlen noch heute zu buchen.<\/p>\n","protected":false},"excerpt":{"rendered":"<p>El Gordo Online Lotto Jackpot Der durchschnittliche Spanier hat im Jahr 2009 den unglaublichen Betrag von 60 \u20ac f\u00fcr den El Gordo Lotto Jackpot ausgegeben. Nun, die Zahl 60 \u20ac scheint keine gro\u00dfe Sache zu sein, aber wenn man das mit der spanischen Bev\u00f6lkerung multipliziert, kann man sprachlos sein. Die Lotterie El Gordo ist vor [&hellip;]<\/p>\n","protected":false},"author":1,"featured_media":0,"parent":35692,"menu_order":6,"comment_status":"closed","ping_status":"closed","template":"el-gordo.php","meta":{"_et_pb_use_builder":"","_et_pb_old_content":"","_et_gb_content_width":"","exclude_from_search":false,"footnotes":""},"class_list":["post-36178","page","type-page","status-publish","hentry"],"yoast_head":"<!-- This site is optimized with the Yoast SEO plugin v23.3 - https:\/\/yoast.com\/wordpress\/plugins\/seo\/ -->\n<title>Spielen Sie Spaniens El Gordo Lotto online - auch von au\u00dferhalb Spaniens<\/title>\n<meta name=\"description\" content=\"Der El Gordo Online Lotto Jackpot ist einer der gr\u00f6\u00dften Jackpots der Welt und kann von L\u00e4ndern au\u00dferhalb Spaniens online gespielt werden.\" \/>\n<meta name=\"robots\" content=\"index, follow, max-snippet:-1, max-image-preview:large, max-video-preview:-1\" \/>\n<link rel=\"canonical\" href=\"https:\/\/jackpotlotteryonline.com\/play-online\/el-gordo\/\" \/>\n<meta property=\"og:locale\" content=\"de_DE\" \/>\n<meta property=\"og:type\" content=\"article\" \/>\n<meta property=\"og:title\" content=\"Spielen Sie Spaniens El Gordo Lotto online - auch von au\u00dferhalb Spaniens\" \/>\n<meta property=\"og:description\" content=\"Der El Gordo Online Lotto Jackpot ist einer der gr\u00f6\u00dften Jackpots der Welt und kann von L\u00e4ndern au\u00dferhalb Spaniens online gespielt werden.\" \/>\n<meta property=\"og:url\" content=\"https:\/\/jackpotlotteryonline.com\/play-online\/el-gordo\/\" \/>\n<meta property=\"og:site_name\" content=\"Lotto Online - Crack The International Lottery Jackpots\" \/>\n<meta property=\"article:modified_time\" content=\"2023-01-03T08:23:30+00:00\" \/>\n<meta property=\"og:image\" content=\"https:\/\/jackpotlotteryonline.com\/wp-content\/uploads\/2022\/10\/2_ticket_el_gordo3-218x300.jpg\" \/>\n<meta name=\"twitter:card\" content=\"summary_large_image\" \/>\n<meta name=\"twitter:label1\" content=\"Gesch\u00e4tzte Lesezeit\" \/>\n\t<meta name=\"twitter:data1\" content=\"3\u00a0Minuten\" \/>\n<!-- \/ Yoast SEO plugin. -->","yoast_head_json":{"title":"Spielen Sie Spaniens El Gordo Lotto online - auch von au\u00dferhalb Spaniens","description":"Der El Gordo Online Lotto Jackpot ist einer der gr\u00f6\u00dften Jackpots der Welt und kann von L\u00e4ndern au\u00dferhalb Spaniens online gespielt werden.","robots":{"index":"index","follow":"follow","max-snippet":"max-snippet:-1","max-image-preview":"max-image-preview:large","max-video-preview":"max-video-preview:-1"},"canonical":"https:\/\/jackpotlotteryonline.com\/play-online\/el-gordo\/","og_locale":"de_DE","og_type":"article","og_title":"Spielen Sie Spaniens El Gordo Lotto online - auch von au\u00dferhalb Spaniens","og_description":"Der El Gordo Online Lotto Jackpot ist einer der gr\u00f6\u00dften Jackpots der Welt und kann von L\u00e4ndern au\u00dferhalb Spaniens online gespielt werden.","og_url":"https:\/\/jackpotlotteryonline.com\/play-online\/el-gordo\/","og_site_name":"Lotto Online - Crack The International Lottery Jackpots","article_modified_time":"2023-01-03T08:23:30+00:00","og_image":[{"url":"https:\/\/jackpotlotteryonline.com\/wp-content\/uploads\/2022\/10\/2_ticket_el_gordo3-218x300.jpg"}],"twitter_card":"summary_large_image","twitter_misc":{"Gesch\u00e4tzte Lesezeit":"3\u00a0Minuten"},"schema":{"@context":"https:\/\/schema.org","@graph":[{"@type":"WebPage","@id":"https:\/\/jackpotlotteryonline.com\/play-online\/el-gordo\/","url":"https:\/\/jackpotlotteryonline.com\/play-online\/el-gordo\/","name":"Spielen Sie Spaniens El Gordo Lotto online - auch von au\u00dferhalb Spaniens","isPartOf":{"@id":"https:\/\/jackpotlotteryonline.com\/#website"},"primaryImageOfPage":{"@id":"https:\/\/jackpotlotteryonline.com\/play-online\/el-gordo\/#primaryimage"},"image":{"@id":"https:\/\/jackpotlotteryonline.com\/play-online\/el-gordo\/#primaryimage"},"thumbnailUrl":"https:\/\/jackpotlotteryonline.com\/wp-content\/uploads\/2022\/10\/2_ticket_el_gordo3-218x300.jpg","datePublished":"2022-11-04T06:17:55+00:00","dateModified":"2023-01-03T08:23:30+00:00","description":"Der El Gordo Online Lotto Jackpot ist einer der gr\u00f6\u00dften Jackpots der Welt und kann von L\u00e4ndern au\u00dferhalb Spaniens online gespielt werden.","breadcrumb":{"@id":"https:\/\/jackpotlotteryonline.com\/play-online\/el-gordo\/#breadcrumb"},"inLanguage":"de","potentialAction":[{"@type":"ReadAction","target":["https:\/\/jackpotlotteryonline.com\/play-online\/el-gordo\/"]}]},{"@type":"ImageObject","inLanguage":"de","@id":"https:\/\/jackpotlotteryonline.com\/play-online\/el-gordo\/#primaryimage","url":"https:\/\/jackpotlotteryonline.com\/wp-content\/uploads\/2022\/10\/2_ticket_el_gordo3-218x300.jpg","contentUrl":"https:\/\/jackpotlotteryonline.com\/wp-content\/uploads\/2022\/10\/2_ticket_el_gordo3-218x300.jpg"},{"@type":"BreadcrumbList","@id":"https:\/\/jackpotlotteryonline.com\/play-online\/el-gordo\/#breadcrumb","itemListElement":[{"@type":"ListItem","position":1,"name":"Home","item":"https:\/\/jackpotlotteryonline.com\/de\/"},{"@type":"ListItem","position":2,"name":"Wie man spielt","item":"https:\/\/jackpotlotteryonline.com\/de\/wie-man-spielt\/"},{"@type":"ListItem","position":3,"name":"Spielen Sie El Gordo Lotto Spanien"}]},{"@type":"WebSite","@id":"https:\/\/jackpotlotteryonline.com\/#website","url":"https:\/\/jackpotlotteryonline.com\/","name":"Lotto Online - Crack The International Lottery Jackpots","description":"","potentialAction":[{"@type":"SearchAction","target":{"@type":"EntryPoint","urlTemplate":"https:\/\/jackpotlotteryonline.com\/?s={search_term_string}"},"query-input":"required name=search_term_string"}],"inLanguage":"de"}]}},"_links":{"self":[{"href":"https:\/\/jackpotlotteryonline.com\/de\/wp-json\/wp\/v2\/pages\/36178","targetHints":{"allow":["GET"]}}],"collection":[{"href":"https:\/\/jackpotlotteryonline.com\/de\/wp-json\/wp\/v2\/pages"}],"about":[{"href":"https:\/\/jackpotlotteryonline.com\/de\/wp-json\/wp\/v2\/types\/page"}],"author":[{"embeddable":true,"href":"https:\/\/jackpotlotteryonline.com\/de\/wp-json\/wp\/v2\/users\/1"}],"replies":[{"embeddable":true,"href":"https:\/\/jackpotlotteryonline.com\/de\/wp-json\/wp\/v2\/comments?post=36178"}],"version-history":[{"count":0,"href":"https:\/\/jackpotlotteryonline.com\/de\/wp-json\/wp\/v2\/pages\/36178\/revisions"}],"up":[{"embeddable":true,"href":"https:\/\/jackpotlotteryonline.com\/de\/wp-json\/wp\/v2\/pages\/35692"}],"wp:attachment":[{"href":"https:\/\/jackpotlotteryonline.com\/de\/wp-json\/wp\/v2\/media?parent=36178"}],"curies":[{"name":"wp","href":"https:\/\/api.w.org\/{rel}","templated":true}]}}