{"id":36236,"date":"2022-11-04T07:59:12","date_gmt":"2022-11-04T07:59:12","guid":{"rendered":"https:\/\/jackpotlotteryonline.com\/?page_id=36236"},"modified":"2022-12-31T10:39:25","modified_gmt":"2022-12-31T10:39:25","slug":"france-lotto","status":"publish","type":"page","link":"https:\/\/jackpotlotteryonline.com\/de\/wie-man-spielt\/france-lotto\/","title":{"rendered":"Spielen Sie die franz\u00f6sische Lotterie"},"content":{"rendered":"<h2>Frankreich Lotto online<\/h2>\n<p><img loading=\"lazy\" decoding=\"async\" class=\"alignright size-full wp-image-18410\" src=\"https:\/\/jackpotlotteryonline.com\/wp-content\/uploads\/2022\/10\/win_big.jpg\" alt=\"frankreich lotto online spielen\" width=\"224\" height=\"134\" \/><\/p>\n<p>France Lotto ist eine der \u00e4ltesten organisierten europ\u00e4ischen Lotterien und wird von der Francaise des Jeux-Gruppe organisiert und verwaltet. Sie ist in Frankreich und anderen Teilen Europas sehr beliebt. Da die Franzosen leidenschaftliche Fans des Gl\u00fccksspiels sind, wird <a href=\"https:\/\/jackpotlotteryonline.com\/de\/gewinn-zahlen\/france-lotto-2\">France Lotto online dreimal pro Woche (montags, mittwochs und samstags)<\/a> gezogen, im Gegensatz zu den meisten anderen europ\u00e4ischen Lotterien, die nur zweimal pro Woche gezogen werden. Die Gesamtgewinne, die beim franz\u00f6sischen Lotto vergeben werden, werden auf \u00fcber 4,4 Milliarden pro Jahr gesch\u00e4tzt und es gibt einen gro\u00dfen Jackpot.<\/p>\n<p>Sie m\u00fcssen nicht in Frankreich wohnhaft sein &#8211; <strong>mit unserer Hilfe k\u00f6nnen Sie auch von au\u00dferhalb Frankreichs Lotto online spielen.<\/strong><\/p>\n<p>Im Vergleich zu anderen europ\u00e4ischen Lotterien ist der Jackpot beim franz\u00f6sischen Lotto online deutlich h\u00f6her, da er um eine Million Euro ansteigt. Bei drei w\u00f6chentlichen Ziehungen summiert er sich und steigt recht schnell an, bis er geknackt wird. Die Tatsache, dass der Jackpot nicht als der h\u00f6chste unter den Lotterien gilt, beweist, dass der Jackpot h\u00e4ufiger geknackt wird als bei anderen Lotterien.<\/p>\n<p>Es hei\u00dft, dass France Lotto online mehr Million\u00e4re hervorgebracht hat als die meisten anderen vergleichbaren Lotterien in Europa. Nutzen Sie Ihre Chance und kaufen Sie<a href=\"https:\/\/jackpotlotteryonline.com\/de\/spielscheine-kaufen\/lotto-france\"> einen Schein f\u00fcr France Lotto online<\/a> und werden Sie der n\u00e4chste Million\u00e4r.<\/p>\n<p>Wir sind hier, um Ihnen zu helfen, Lotto Frankreich online zu spielen. Dieses Spiel zu spielen ist so einfach wie das ABC und wir helfen Ihnen auf dem ganzen Weg.<\/p>\n<section class=\"layout\" style=\"border: solid 1px; width: 100%;\">\n<div class=\"img-div\" style=\"margin-top: 5px;\"><img decoding=\"async\" class=\"wp-image-17212 alignleft\" style=\"height: 45px; margin: 8px 8px 0px;\" src=\"https:\/\/jackpotlotteryonline.com\/wp-content\/uploads\/2022\/11\/read1.jpg\" alt=\"lesen\" width=\"\" height=\"\" \/><\/div>\n<div style=\"padding-left: 5px;\">\n<div style=\"font-size: 1.1em;\">\n<p><strong>Verfolgen Sie die Ziehung Ihrer Lottozahlen live<\/strong><\/p>\n<p style=\"font-size: 0.85em; margin-top: -1.5em;\">Wie Sie die Ziehungen Ihrer Lieblingslotterien live verfolgen k\u00f6nnen <a href=\"https:\/\/jackpotlotteryonline.com\/de\/beobachten-sie-wie-ihre-lottozahlen-live-gezogen-werden\">mehr lesen<\/a><\/p>\n<\/div>\n<\/div>\n<\/section>\n<h2>Wie spielt man Frankreich Lotto online?<\/h2>\n<p><img loading=\"lazy\" decoding=\"async\" class=\"alignright wp-image-27131\" src=\"https:\/\/jackpotlotteryonline.com\/wp-content\/uploads\/2022\/11\/1_jckpot_win_online.jpg\" alt=\"franz\u00f6sisches lotto jackpot\" width=\"159\" height=\"159\" srcset=\"https:\/\/jackpotlotteryonline.com\/wp-content\/uploads\/2022\/11\/1_jckpot_win_online.jpg 300w, https:\/\/jackpotlotteryonline.com\/wp-content\/uploads\/2022\/11\/1_jckpot_win_online-100x100.jpg 100w, https:\/\/jackpotlotteryonline.com\/wp-content\/uploads\/2022\/11\/1_jckpot_win_online-150x150.jpg 150w\" sizes=\"auto, (max-width: 159px) 100vw, 159px\" \/><\/p>\n<p>Wie bei jeder anderen Lotterie m\u00fcssen Sie auch beim Lotto Frankreich 5 Zahlen aus 49 und eine einzige Zahl aus einer anderen Gruppe von 10 Zahlen ziehen. Der Kauf eines Scheins ist ganz einfach: Sobald Sie \u00fcber uns bestellen, kaufen wir einen Schein in Ihrem Namen. Gleich nach dem Kauf k\u00f6nnen Sie die von Ihnen gezogenen Zahlen in Ihrem Konto sehen, und etwas sp\u00e4ter wird auch ein Scan Ihrer Eingabe in Ihrem Konto sichtbar sein.<\/p>\n<p>Wenn Sie bei der Auswahl der Zahlen skeptisch sind, haben wir auch einen Lottozahlengenerator und die Quick Pick-Option von France Lotto online erm\u00f6glicht das Spielen von Zufallszahlen.<\/p>\n<p>Sie m\u00fcssen \u00fcber 18 Jahre alt sein, um einen France Lotto Online-Schein zu kaufen, und bevor Sie das \u00fcber uns tun, k\u00f6nnen Sie einige Nachforschungen \u00fcber fr\u00fchere Ergebnisse anstellen, um Ihnen bei der Auswahl Ihrer eigenen Gl\u00fcckszahlen zu helfen.<\/p>\n<h2>Abholung der Gewinne von Frankreich Lotto online<\/h2>\n<p>Abgesehen vom Jackpot bietet France Lotto online auch andere Preise f\u00fcr \u00fcbereinstimmende Zahlen. Anders als bei den amerikanischen Lotterien werden die Gewinne vollst\u00e4ndig und in bar ausgezahlt. Sie m\u00fcssen Ihre Anspr\u00fcche innerhalb von 2 Monaten nach dem Datum der Ziehung geltend machen, wobei wir Ihnen behilflich sind. Preisgelder unter 2500 Euro werden Ihrem Konto auf unserer Website gutgeschrieben. Preisgelder, die diesen Betrag \u00fcbersteigen, m\u00fcssen an das Zahlungszentrum der Francaise des Jeux \u00fcberwiesen werden.<\/p>\n<p>Wenn Sie \u00fcber uns spielen, helfen wir Ihnen auch bei der Abholung Ihrer Preise, indem wir sie in Ihrem Namen einfordern und daf\u00fcr sorgen, dass Ihnen der Preis so schnell wie m\u00f6glich zugestellt wird. Melden Sie sich noch heute kostenlos an und sichern Sie sich unvorhergesehene Vorteile&#8230;!<\/p>\n<p>Alle bei France Lotto gewonnenen Preise werden steuerfrei ausgezahlt!<\/p>\n","protected":false},"excerpt":{"rendered":"<p>Frankreich Lotto online France Lotto ist eine der \u00e4ltesten organisierten europ\u00e4ischen Lotterien und wird von der Francaise des Jeux-Gruppe organisiert und verwaltet. Sie ist in Frankreich und anderen Teilen Europas sehr beliebt. Da die Franzosen leidenschaftliche Fans des Gl\u00fccksspiels sind, wird France Lotto online dreimal pro Woche (montags, mittwochs und samstags) gezogen, im Gegensatz zu [&hellip;]<\/p>\n","protected":false},"author":1,"featured_media":0,"parent":35692,"menu_order":9,"comment_status":"closed","ping_status":"closed","template":"lotto-fr.php","meta":{"_et_pb_use_builder":"","_et_pb_old_content":"","_et_gb_content_width":"","exclude_from_search":false,"footnotes":""},"class_list":["post-36236","page","type-page","status-publish","hentry"],"yoast_head":"<!-- This site is optimized with the Yoast SEO plugin v23.3 - https:\/\/yoast.com\/wordpress\/plugins\/seo\/ -->\n<title>Nehmen Sie online an France Lotto teil, von au\u00dferhalb Frankreichs<\/title>\n<meta name=\"description\" content=\"Kaufen Sie hier einen Spielschein f\u00fcr Frankreich Lotto - wir erm\u00f6glichen es Lottofans von au\u00dferhalb Frankreichs, einen Spielschein f\u00fcr diese beliebte Lotterie zu bekommen\" \/>\n<meta name=\"robots\" content=\"index, follow, max-snippet:-1, max-image-preview:large, max-video-preview:-1\" \/>\n<link rel=\"canonical\" href=\"https:\/\/jackpotlotteryonline.com\/play-online\/france-lotto\/\" \/>\n<meta property=\"og:locale\" content=\"de_DE\" \/>\n<meta property=\"og:type\" content=\"article\" \/>\n<meta property=\"og:title\" content=\"Nehmen Sie online an France Lotto teil, von au\u00dferhalb Frankreichs\" \/>\n<meta property=\"og:description\" content=\"Kaufen Sie hier einen Spielschein f\u00fcr Frankreich Lotto - wir erm\u00f6glichen es Lottofans von au\u00dferhalb Frankreichs, einen Spielschein f\u00fcr diese beliebte Lotterie zu bekommen\" \/>\n<meta property=\"og:url\" content=\"https:\/\/jackpotlotteryonline.com\/play-online\/france-lotto\/\" \/>\n<meta property=\"og:site_name\" content=\"Lotto Online - Crack The International Lottery Jackpots\" \/>\n<meta property=\"article:modified_time\" content=\"2022-12-31T10:39:25+00:00\" \/>\n<meta property=\"og:image\" content=\"https:\/\/jackpotlotteryonline.com\/wp-content\/uploads\/2022\/10\/win_big.jpg\" \/>\n<meta name=\"twitter:card\" content=\"summary_large_image\" \/>\n<meta name=\"twitter:label1\" content=\"Gesch\u00e4tzte Lesezeit\" \/>\n\t<meta name=\"twitter:data1\" content=\"3\u00a0Minuten\" \/>\n<!-- \/ Yoast SEO plugin. -->","yoast_head_json":{"title":"Nehmen Sie online an France Lotto teil, von au\u00dferhalb Frankreichs","description":"Kaufen Sie hier einen Spielschein f\u00fcr Frankreich Lotto - wir erm\u00f6glichen es Lottofans von au\u00dferhalb Frankreichs, einen Spielschein f\u00fcr diese beliebte Lotterie zu bekommen","robots":{"index":"index","follow":"follow","max-snippet":"max-snippet:-1","max-image-preview":"max-image-preview:large","max-video-preview":"max-video-preview:-1"},"canonical":"https:\/\/jackpotlotteryonline.com\/play-online\/france-lotto\/","og_locale":"de_DE","og_type":"article","og_title":"Nehmen Sie online an France Lotto teil, von au\u00dferhalb Frankreichs","og_description":"Kaufen Sie hier einen Spielschein f\u00fcr Frankreich Lotto - wir erm\u00f6glichen es Lottofans von au\u00dferhalb Frankreichs, einen Spielschein f\u00fcr diese beliebte Lotterie zu bekommen","og_url":"https:\/\/jackpotlotteryonline.com\/play-online\/france-lotto\/","og_site_name":"Lotto Online - Crack The International Lottery Jackpots","article_modified_time":"2022-12-31T10:39:25+00:00","og_image":[{"url":"https:\/\/jackpotlotteryonline.com\/wp-content\/uploads\/2022\/10\/win_big.jpg"}],"twitter_card":"summary_large_image","twitter_misc":{"Gesch\u00e4tzte Lesezeit":"3\u00a0Minuten"},"schema":{"@context":"https:\/\/schema.org","@graph":[{"@type":"WebPage","@id":"https:\/\/jackpotlotteryonline.com\/play-online\/france-lotto\/","url":"https:\/\/jackpotlotteryonline.com\/play-online\/france-lotto\/","name":"Nehmen Sie online an France Lotto teil, von au\u00dferhalb Frankreichs","isPartOf":{"@id":"https:\/\/jackpotlotteryonline.com\/#website"},"primaryImageOfPage":{"@id":"https:\/\/jackpotlotteryonline.com\/play-online\/france-lotto\/#primaryimage"},"image":{"@id":"https:\/\/jackpotlotteryonline.com\/play-online\/france-lotto\/#primaryimage"},"thumbnailUrl":"https:\/\/jackpotlotteryonline.com\/wp-content\/uploads\/2022\/10\/win_big.jpg","datePublished":"2022-11-04T07:59:12+00:00","dateModified":"2022-12-31T10:39:25+00:00","description":"Kaufen Sie hier einen Spielschein f\u00fcr Frankreich Lotto - wir erm\u00f6glichen es Lottofans von au\u00dferhalb Frankreichs, einen Spielschein f\u00fcr diese beliebte Lotterie zu bekommen","breadcrumb":{"@id":"https:\/\/jackpotlotteryonline.com\/play-online\/france-lotto\/#breadcrumb"},"inLanguage":"de","potentialAction":[{"@type":"ReadAction","target":["https:\/\/jackpotlotteryonline.com\/play-online\/france-lotto\/"]}]},{"@type":"ImageObject","inLanguage":"de","@id":"https:\/\/jackpotlotteryonline.com\/play-online\/france-lotto\/#primaryimage","url":"https:\/\/jackpotlotteryonline.com\/wp-content\/uploads\/2022\/10\/win_big.jpg","contentUrl":"https:\/\/jackpotlotteryonline.com\/wp-content\/uploads\/2022\/10\/win_big.jpg"},{"@type":"BreadcrumbList","@id":"https:\/\/jackpotlotteryonline.com\/play-online\/france-lotto\/#breadcrumb","itemListElement":[{"@type":"ListItem","position":1,"name":"Home","item":"https:\/\/jackpotlotteryonline.com\/de\/"},{"@type":"ListItem","position":2,"name":"Wie man spielt","item":"https:\/\/jackpotlotteryonline.com\/de\/wie-man-spielt\/"},{"@type":"ListItem","position":3,"name":"Spielen Sie die franz\u00f6sische Lotterie"}]},{"@type":"WebSite","@id":"https:\/\/jackpotlotteryonline.com\/#website","url":"https:\/\/jackpotlotteryonline.com\/","name":"Lotto Online - Crack The International Lottery Jackpots","description":"","potentialAction":[{"@type":"SearchAction","target":{"@type":"EntryPoint","urlTemplate":"https:\/\/jackpotlotteryonline.com\/?s={search_term_string}"},"query-input":"required name=search_term_string"}],"inLanguage":"de"}]}},"_links":{"self":[{"href":"https:\/\/jackpotlotteryonline.com\/de\/wp-json\/wp\/v2\/pages\/36236","targetHints":{"allow":["GET"]}}],"collection":[{"href":"https:\/\/jackpotlotteryonline.com\/de\/wp-json\/wp\/v2\/pages"}],"about":[{"href":"https:\/\/jackpotlotteryonline.com\/de\/wp-json\/wp\/v2\/types\/page"}],"author":[{"embeddable":true,"href":"https:\/\/jackpotlotteryonline.com\/de\/wp-json\/wp\/v2\/users\/1"}],"replies":[{"embeddable":true,"href":"https:\/\/jackpotlotteryonline.com\/de\/wp-json\/wp\/v2\/comments?post=36236"}],"version-history":[{"count":0,"href":"https:\/\/jackpotlotteryonline.com\/de\/wp-json\/wp\/v2\/pages\/36236\/revisions"}],"up":[{"embeddable":true,"href":"https:\/\/jackpotlotteryonline.com\/de\/wp-json\/wp\/v2\/pages\/35692"}],"wp:attachment":[{"href":"https:\/\/jackpotlotteryonline.com\/de\/wp-json\/wp\/v2\/media?parent=36236"}],"curies":[{"name":"wp","href":"https:\/\/api.w.org\/{rel}","templated":true}]}}