{"id":36293,"date":"2022-11-04T09:35:42","date_gmt":"2022-11-04T09:35:42","guid":{"rendered":"https:\/\/jackpotlotteryonline.com\/?page_id=36293"},"modified":"2022-12-31T09:51:01","modified_gmt":"2022-12-31T09:51:01","slug":"german-lotto","status":"publish","type":"page","link":"https:\/\/jackpotlotteryonline.com\/de\/wie-man-spielt\/german-lotto\/","title":{"rendered":"Deutsches Lotto"},"content":{"rendered":"<h2>Das deutsche Lotto ist jetzt online verf\u00fcgbar<\/h2>\n<p><img loading=\"lazy\" decoding=\"async\" class=\"alignright wp-image-18464 size-full\" src=\"https:\/\/jackpotlotteryonline.com\/wp-content\/uploads\/2022\/10\/win_lottery_online.jpg\" alt=\"deutsches Lotto online spielen\" width=\"231\" height=\"130\" \/><\/p>\n<p>Lotto in Deutschland ist \u00fcber 5 Jahrzehnte alt und das deutsche Lotto online wird von Deutscher Lotto und Toto Block organisiert und verwaltet. Bei den zweimal <a href=\"https:\/\/jackpotlotteryonline.com\/de\/gewinn-zahlen\/german-lotto\">w\u00f6chentlich stattfindenden Ziehungen<\/a> am Mittwoch und Samstag gibt es beim deutschen Lotto online meist einen der gr\u00f6\u00dften europ\u00e4ischen Jackpots. Es gibt also allen Grund f\u00fcr Sie, das deutsche Lotto mit einem Online-Schein zu spielen, wenn Sie au\u00dferhalb Deutschlands leben.<\/p>\n<p>Wenn Sie nicht in Deutschland leben, dann ist Ihre einzige M\u00f6glichkeit, das deutsche Lotto online zu spielen, bei uns. Sobald Sie sich auf unserer Website angemeldet haben, k\u00f6nnen Sie alle relevanten Informationen \u00fcber das deutsche Lotto online abrufen. Dazu geh\u00f6ren alte Ergebnisse, ein Lottozahlengenerator und die Stelle, bei der Sie den Schein kaufen k\u00f6nnen. Sie helfen Ihnen sogar bei der Beantragung und Auslieferung des Gewinns.<\/p>\n<h2>Wie das deutsche Lotto online funktioniert<\/h2>\n<p>Alles, was Sie tun m\u00fcssen, ist, <a href=\"https:\/\/jackpotlotteryonline.com\/de\/spielscheine-kaufen\/lotto-germany\">einen Schein f\u00fcr das deutsche Lotto online zu kaufen<\/a>, indem Sie 6 Zahlen aus einer Gruppe von 49 ausw\u00e4hlen. Sie haben auch die M\u00f6glichkeit, eine Superzahl zwischen 1 und 10 zu w\u00e4hlen. Bei der Hauptziehung werden die Basiszahlen gezogen, danach folgt die Ziehung der Superzahl. Wenn die 6 Grundzahlen \u00fcbereinstimmen, gewinnen Sie den ersten Preis. Der eigentliche Jackpot wird vergeben, wenn Ihre 6 Grundzahlen und die Superzahl bei der Ziehung \u00fcbereinstimmen.<\/p>\n<p>Auch Menschen aus dem Ausland k\u00f6nnen das deutsche Lotto online spielen. Auf unserer Website k\u00f6nnen Sie diese M\u00f6glichkeit nutzen, um Ihr Gl\u00fcck zu versuchen und den Rest der Logistik uns zu \u00fcberlassen. Sie m\u00fcssen \u00fcber 18 Jahre alt sein, um das deutsche Lotto mit einem Online-Schein zu spielen.<\/p>\n<section class=\"layout\" style=\"border: solid 1px; width: 100%;\">\n<div class=\"img-div\" style=\"margin-top: 5px;\"><img decoding=\"async\" class=\"wp-image-17212 alignleft\" style=\"height: 45px; margin: 8px 8px 0px;\" src=\"https:\/\/jackpotlotteryonline.com\/wp-content\/uploads\/2022\/11\/read1.jpg\" alt=\"lesen\" width=\"\" height=\"\" \/><\/div>\n<div style=\"padding-left: 5px;\">\n<div style=\"font-size: 1.1em;\">\n<p><strong>Welches Auto w\u00fcrden Sie kaufen, wenn Sie im Lotto gewinnen?<\/strong><\/p>\n<p style=\"font-size: 0.85em; margin-top: -1.5em;\">In der Lotterie gewinnen und ein neues Auto bekommen\u00a0 <a href=\"https:\/\/jackpotlotteryonline.com\/de\/welches-auto-wuerden-sie-kaufen-wenn-sie-im-lotto-gewinnen\"> mehr lesen<\/a><\/p>\n<\/div>\n<\/div>\n<\/section>\n<h2>Das deutsche Lotto online gewinnen<\/h2>\n<p><img loading=\"lazy\" decoding=\"async\" class=\"alignright size-medium wp-image-33350\" src=\"https:\/\/jackpotlotteryonline.com\/wp-content\/uploads\/2022\/11\/2_ticket_euromillions3-1-111x300.jpg\" alt=\"Deutscher Lottoschein\" width=\"111\" height=\"300\" srcset=\"https:\/\/jackpotlotteryonline.com\/wp-content\/uploads\/2022\/11\/2_ticket_euromillions3-1-111x300.jpg 111w, https:\/\/jackpotlotteryonline.com\/wp-content\/uploads\/2022\/11\/2_ticket_euromillions3-1.jpg 180w\" sizes=\"auto, (max-width: 111px) 100vw, 111px\" \/><\/p>\n<p>Der Gewinn beim deutschen Lotto online ist wie bei jeder anderen Lotterie auch eine Frage des Zufalls. Wir erh\u00f6hen Ihre Gewinnchancen beim deutschen Lotto online durch die Nutzung unseres Lottozahlengenerators und durch Informationen \u00fcber vergangene Ergebnisse, um Ihnen bei der Auswahl Ihrer Gl\u00fcckszahlen zu helfen. Alle relevanten Informationen \u00fcber das deutsche Lotto online sind dort verf\u00fcgbar und Sie k\u00f6nnen sie in vollem Umfang nutzen, um Ihre Chancen zu verbessern.<\/p>\n<p>Das deutsche Lotto online ist nicht nur einer der gr\u00f6\u00dften Jackpots in Europa, es ist auch die am besten organisierte Lotterie der Welt und wird sehr professionell gef\u00fchrt. Wenn Sie das deutsche Lotto online spielen und gewinnen, helfen wir Ihnen, Ihren Gewinn problemlos einzufordern und stellen sicher, dass der Gewinnbetrag ohne Probleme an Sie geliefert wird.<\/p>\n<p>Obwohl das deutsche Lotto online eine der \u00e4ltesten Lotterien in Europa ist, ist es nicht so popul\u00e4r wie die anderen. Der Grund daf\u00fcr ist, dass es au\u00dferhalb Deutschlands nicht so sehr bekannt ist. <strong>Das ist jedoch kein Grund, das deutsche Lotto nicht online zu spielen. Versuchen Sie noch heute Ihr Gl\u00fcck beim Lotto in Deutschland.<\/strong><\/p>\n","protected":false},"excerpt":{"rendered":"<p>Das deutsche Lotto ist jetzt online verf\u00fcgbar Lotto in Deutschland ist \u00fcber 5 Jahrzehnte alt und das deutsche Lotto online wird von Deutscher Lotto und Toto Block organisiert und verwaltet. Bei den zweimal w\u00f6chentlich stattfindenden Ziehungen am Mittwoch und Samstag gibt es beim deutschen Lotto online meist einen der gr\u00f6\u00dften europ\u00e4ischen Jackpots. Es gibt also [&hellip;]<\/p>\n","protected":false},"author":1,"featured_media":0,"parent":35692,"menu_order":8,"comment_status":"closed","ping_status":"closed","template":"lotto-german.php","meta":{"_et_pb_use_builder":"","_et_pb_old_content":"","_et_gb_content_width":"","exclude_from_search":false,"footnotes":""},"class_list":["post-36293","page","type-page","status-publish","hentry"],"yoast_head":"<!-- This site is optimized with the Yoast SEO plugin v23.3 - https:\/\/yoast.com\/wordpress\/plugins\/seo\/ -->\n<title>Spielen Sie das deutsche Lotto von au\u00dferhalb Deutschlands mit einem Online-Schein<\/title>\n<meta name=\"description\" content=\"Sie leben au\u00dferhalb Deutschlands? Kein Problem - spielen Sie das deutsche Lotto mit einem Online-Schein von uns.\" \/>\n<meta name=\"robots\" content=\"index, follow, max-snippet:-1, max-image-preview:large, max-video-preview:-1\" \/>\n<link rel=\"canonical\" href=\"https:\/\/jackpotlotteryonline.com\/play-online\/german-lotto\/\" \/>\n<meta property=\"og:locale\" content=\"de_DE\" \/>\n<meta property=\"og:type\" content=\"article\" \/>\n<meta property=\"og:title\" content=\"Spielen Sie das deutsche Lotto von au\u00dferhalb Deutschlands mit einem Online-Schein\" \/>\n<meta property=\"og:description\" content=\"Sie leben au\u00dferhalb Deutschlands? Kein Problem - spielen Sie das deutsche Lotto mit einem Online-Schein von uns.\" \/>\n<meta property=\"og:url\" content=\"https:\/\/jackpotlotteryonline.com\/play-online\/german-lotto\/\" \/>\n<meta property=\"og:site_name\" content=\"Lotto Online - Crack The International Lottery Jackpots\" \/>\n<meta property=\"article:modified_time\" content=\"2022-12-31T09:51:01+00:00\" \/>\n<meta property=\"og:image\" content=\"https:\/\/jackpotlotteryonline.com\/wp-content\/uploads\/2022\/10\/win_lottery_online.jpg\" \/>\n<meta name=\"twitter:card\" content=\"summary_large_image\" \/>\n<meta name=\"twitter:label1\" content=\"Gesch\u00e4tzte Lesezeit\" \/>\n\t<meta name=\"twitter:data1\" content=\"3\u00a0Minuten\" \/>\n<!-- \/ Yoast SEO plugin. -->","yoast_head_json":{"title":"Spielen Sie das deutsche Lotto von au\u00dferhalb Deutschlands mit einem Online-Schein","description":"Sie leben au\u00dferhalb Deutschlands? Kein Problem - spielen Sie das deutsche Lotto mit einem Online-Schein von uns.","robots":{"index":"index","follow":"follow","max-snippet":"max-snippet:-1","max-image-preview":"max-image-preview:large","max-video-preview":"max-video-preview:-1"},"canonical":"https:\/\/jackpotlotteryonline.com\/play-online\/german-lotto\/","og_locale":"de_DE","og_type":"article","og_title":"Spielen Sie das deutsche Lotto von au\u00dferhalb Deutschlands mit einem Online-Schein","og_description":"Sie leben au\u00dferhalb Deutschlands? Kein Problem - spielen Sie das deutsche Lotto mit einem Online-Schein von uns.","og_url":"https:\/\/jackpotlotteryonline.com\/play-online\/german-lotto\/","og_site_name":"Lotto Online - Crack The International Lottery Jackpots","article_modified_time":"2022-12-31T09:51:01+00:00","og_image":[{"url":"https:\/\/jackpotlotteryonline.com\/wp-content\/uploads\/2022\/10\/win_lottery_online.jpg"}],"twitter_card":"summary_large_image","twitter_misc":{"Gesch\u00e4tzte Lesezeit":"3\u00a0Minuten"},"schema":{"@context":"https:\/\/schema.org","@graph":[{"@type":"WebPage","@id":"https:\/\/jackpotlotteryonline.com\/play-online\/german-lotto\/","url":"https:\/\/jackpotlotteryonline.com\/play-online\/german-lotto\/","name":"Spielen Sie das deutsche Lotto von au\u00dferhalb Deutschlands mit einem Online-Schein","isPartOf":{"@id":"https:\/\/jackpotlotteryonline.com\/#website"},"primaryImageOfPage":{"@id":"https:\/\/jackpotlotteryonline.com\/play-online\/german-lotto\/#primaryimage"},"image":{"@id":"https:\/\/jackpotlotteryonline.com\/play-online\/german-lotto\/#primaryimage"},"thumbnailUrl":"https:\/\/jackpotlotteryonline.com\/wp-content\/uploads\/2022\/10\/win_lottery_online.jpg","datePublished":"2022-11-04T09:35:42+00:00","dateModified":"2022-12-31T09:51:01+00:00","description":"Sie leben au\u00dferhalb Deutschlands? Kein Problem - spielen Sie das deutsche Lotto mit einem Online-Schein von uns.","breadcrumb":{"@id":"https:\/\/jackpotlotteryonline.com\/play-online\/german-lotto\/#breadcrumb"},"inLanguage":"de","potentialAction":[{"@type":"ReadAction","target":["https:\/\/jackpotlotteryonline.com\/play-online\/german-lotto\/"]}]},{"@type":"ImageObject","inLanguage":"de","@id":"https:\/\/jackpotlotteryonline.com\/play-online\/german-lotto\/#primaryimage","url":"https:\/\/jackpotlotteryonline.com\/wp-content\/uploads\/2022\/10\/win_lottery_online.jpg","contentUrl":"https:\/\/jackpotlotteryonline.com\/wp-content\/uploads\/2022\/10\/win_lottery_online.jpg"},{"@type":"BreadcrumbList","@id":"https:\/\/jackpotlotteryonline.com\/play-online\/german-lotto\/#breadcrumb","itemListElement":[{"@type":"ListItem","position":1,"name":"Home","item":"https:\/\/jackpotlotteryonline.com\/de\/"},{"@type":"ListItem","position":2,"name":"Wie man spielt","item":"https:\/\/jackpotlotteryonline.com\/de\/wie-man-spielt\/"},{"@type":"ListItem","position":3,"name":"Deutsches Lotto"}]},{"@type":"WebSite","@id":"https:\/\/jackpotlotteryonline.com\/#website","url":"https:\/\/jackpotlotteryonline.com\/","name":"Lotto Online - Crack The International Lottery Jackpots","description":"","potentialAction":[{"@type":"SearchAction","target":{"@type":"EntryPoint","urlTemplate":"https:\/\/jackpotlotteryonline.com\/?s={search_term_string}"},"query-input":"required name=search_term_string"}],"inLanguage":"de"}]}},"_links":{"self":[{"href":"https:\/\/jackpotlotteryonline.com\/de\/wp-json\/wp\/v2\/pages\/36293","targetHints":{"allow":["GET"]}}],"collection":[{"href":"https:\/\/jackpotlotteryonline.com\/de\/wp-json\/wp\/v2\/pages"}],"about":[{"href":"https:\/\/jackpotlotteryonline.com\/de\/wp-json\/wp\/v2\/types\/page"}],"author":[{"embeddable":true,"href":"https:\/\/jackpotlotteryonline.com\/de\/wp-json\/wp\/v2\/users\/1"}],"replies":[{"embeddable":true,"href":"https:\/\/jackpotlotteryonline.com\/de\/wp-json\/wp\/v2\/comments?post=36293"}],"version-history":[{"count":0,"href":"https:\/\/jackpotlotteryonline.com\/de\/wp-json\/wp\/v2\/pages\/36293\/revisions"}],"up":[{"embeddable":true,"href":"https:\/\/jackpotlotteryonline.com\/de\/wp-json\/wp\/v2\/pages\/35692"}],"wp:attachment":[{"href":"https:\/\/jackpotlotteryonline.com\/de\/wp-json\/wp\/v2\/media?parent=36293"}],"curies":[{"name":"wp","href":"https:\/\/api.w.org\/{rel}","templated":true}]}}