{"id":36399,"date":"2022-11-04T12:52:52","date_gmt":"2022-11-04T12:52:52","guid":{"rendered":"https:\/\/jackpotlotteryonline.com\/?page_id=36399"},"modified":"2022-12-19T15:59:13","modified_gmt":"2022-12-19T15:59:13","slug":"powerball","status":"publish","type":"page","link":"https:\/\/jackpotlotteryonline.com\/de\/spielscheine-kaufen\/powerball\/","title":{"rendered":"Die US-Powerball-Lotterie"},"content":{"rendered":"<h2>Wie man Powerball-Lose von au\u00dferhalb der USA erh\u00e4lt<\/h2>\n<p>In fast jedem Land der Erde gibt es eine Lotterie, aber nicht alle Lotterien sind wie Powerball und Mega Millions, die gro\u00dfen US-Lotterien. Die Lotto-Jackpots in den USA haben Summen von bis zu 1,5 Milliarden Dollar (im Jahr 2016) erreicht. Die Lotto-Jackpots in anderen L\u00e4ndern haben noch nie eine solche Summe erreicht. Wann immer Lottofans also von einem weiteren rekordverd\u00e4chtigen Lotto-Jackpot in den USA lesen, stellen sie sich eine Frage: <strong>Kann ich<a href=\"https:\/\/jackpotlotteryonline.com\/de\/wie-man-spielt\/powerball\"> Powerball auch von au\u00dferhalb der USA spielen<\/a>, vielleicht sogar online?<\/strong><\/p>\n<p><strong>Nun, die einfache Antwort ist ja &#8211; auch wenn Sie au\u00dferhalb der USA leben<\/strong>, k\u00f6nnen Sie Powerball spielen. Wir sind ein seri\u00f6ser Service, der es Ihnen erm\u00f6glicht, Lose f\u00fcr diese gro\u00dfen Lotterien oder eine Reihe anderer internationaler Lotterien zu kaufen. Es ist ganz einfach: Sie w\u00e4hlen Ihre Zahlen online aus, und wir schicken unsere Vertreter innerhalb der USA los, um die Scheine f\u00fcr Sie zu kaufen. Diese Lottoscheine geh\u00f6ren Ihnen, so dass Sie einen legitimen Anspruch gegen\u00fcber der Lotteriekommission selbst haben. Wenn Sie gewinnen, helfen wir Ihnen auch dabei, Ihr Geld zu bekommen.<\/p>\n<p>Das Wichtigste ist, dass Sie hier einen Original-Lottoschein erhalten und nicht an einem Lotto-Betrug teilnehmen!<\/p>\n<h2>Der Prozess des Online-Kaufs Ihres Lottoscheins<\/h2>\n<p><img loading=\"lazy\" decoding=\"async\" class=\"alignright size-full wp-image-34943\" src=\"https:\/\/jackpotlotteryonline.com\/wp-content\/uploads\/2022\/11\/2_ticket_powerball3-1.jpg\" alt=\"Powerball-Schein\" width=\"180\" height=\"194\" \/><\/p>\n<p><strong>Zuerst sehen Sie sich den oberen Teil unserer Website an<\/strong>, wo Sie auf einen der Banner klicken und die Lotterie ausw\u00e4hlen, an der Sie teilnehmen m\u00f6chten. Unsere Website ist in mehr als 20 verschiedenen Sprachen verf\u00fcgbar. Die meisten Kunden kaufen Spielscheine f\u00fcr die US-Lotterien Powerball und\/oder Mega Millions, aber sehr oft haben auch andere internationale Lotterien riesige Jackpots. Sie k\u00f6nnen sie nach der H\u00f6he des Jackpots sortieren und einfach das Lotto spielen, das derzeit den h\u00f6chsten Betrag hat. Wenn Sie mehrere Lotterien spielen m\u00f6chten, ist das ebenfalls kein Problem &#8211; Sie k\u00f6nnen zum Beispiel einen Schein f\u00fcr Powerball und einen weiteren f\u00fcr das spanische El Gordo kaufen.<\/p>\n<p>Als N\u00e4chstes w\u00e4hlen Sie Ihre Zahlen aus &#8211; das ist ganz einfach, denn unsere Website zeigt Ihnen an, wie viele Zahlen Sie zu ziehen haben. Es gibt eine Schnellwahlfunktion, die Zahlen nach dem Zufallsprinzip generiert, wenn Sie das bevorzugen. Danach w\u00e4hlen Sie, wie viele Lose Sie kaufen m\u00f6chten und f\u00fcr <a href=\"https:\/\/jackpotlotteryonline.com\/de\/gewinn-zahlen\/powerball\">wie viele Ziehungen (Wochen)<\/a> Ihr Los g\u00fcltig sein soll. Je nachdem, f\u00fcr wie viele Wochen Ihr Ticket gilt, erhalten Sie einen Rabatt auf den Ticketpreis.<\/p>\n<p>Nachdem Sie alle Optionen ausgew\u00e4hlt haben, k\u00f6nnen Sie den Gesamtpreis sehen und im n\u00e4chsten Schritt ein Kundenkonto einrichten. Auch das Bezahlen Ihrer Lottoscheine ist einfach &#8211; die meisten Kunden w\u00e4hlen die Zahlungsoption Kreditkarte, aber es gibt auch andere Optionen wie (je nach Land, aus dem Sie kommen) Sofort\u00fcberweisung oder Kryptow\u00e4hrungen.<\/p>\n<p>F\u00fcr Ihre Zahlungen werden die neuesten und sichersten Protokolle verwendet, so dass Sie keinen Kreditkartenbetrug bef\u00fcrchten m\u00fcssen. Wenn Sie m\u00f6chten, k\u00f6nnen Sie die Option w\u00e4hlen, ein Ticket f\u00fcr mehrere Ziehungen zu erwerben. Ihre Zahlen nehmen dann f\u00fcr 2, 4, 6 oder sogar 8 Ziehungen hintereinander an Powerball oder der von Ihnen gew\u00e4hlten Lotterie teil.\u00a0 Dies ist jedoch eine Option &#8211; wenn Sie dieses K\u00e4stchen nicht ankreuzen, wird Ihnen nur eine Ziehung berechnet!<\/p>\n<p>Die meisten Menschen au\u00dferhalb der USA spielen nur ihr lokales Lotto, ohne sich dieser M\u00f6glichkeit bewusst zu sein, internationales Lotto online zu spielen. Aber jetzt, wo Sie Bescheid wissen, was h\u00e4lt Sie davon ab, um Jackpots zu spielen, die oft 100 Mal so hoch sind wie die, die Sie in Ihrem Heimatland gewinnen k\u00f6nnen? Vielleicht sind Sie der n\u00e4chste Powerball-Jackpot-Gewinner!<\/p>\n<section class=\"layout\" style=\"border: solid 1px; width: 100%;\">\n<div class=\"img-div\" style=\"margin-top: 5px;\"><img decoding=\"async\" class=\"wp-image-17212 alignleft\" style=\"height: 45px; margin: 8px 8px 0px;\" src=\"https:\/\/jackpotlotteryonline.com\/wp-content\/uploads\/2022\/11\/read1.jpg\" alt=\"Powerball von au\u00dferhalb der USA spielen\" width=\"\" height=\"\" \/><\/div>\n<div style=\"padding-left: 5px;\">\n<div style=\"font-size: 1.1em;\">\n<p><strong>Ist es legal, Lotterien aus anderen L\u00e4ndern online zu spielen?<\/strong><\/p>\n<p style=\"font-size: 0.85em; margin-top: -1.5em;\">Ist es legal, einen Lottoschein online zu kaufen, und werde ich tats\u00e4chlich ausgezahlt?\u00a0<a href=\"https:\/\/jackpotlotteryonline.com\/de\/ist-es-legal-lotterien-aus-anderen-laendern-online-zu-spielen\"> mehr lesen<\/a><\/p>\n<\/div>\n<\/div>\n<\/section>\n<h2>Lotto USA Online \u00dcberblick<\/h2>\n<p>In den Vereinigten Staaten gibt es 43 Bundesstaaten sowie den District of Columbia, die US Virgin Islands und Puerto Rico, die Lotterien veranstalten. In jedem dieser Gebiete gibt es staatliche Lotterien, die unter die <strong>Kategorie Lotto USA<\/strong> fallen. Einige der wichtigsten Lotterien von Lotto USA sind die Mega Millions und der Powerball. Dies sind riesige Lotterien, die den Einwohnern der gesamten USA zur Verf\u00fcgung stehen, und jetzt k\u00f6nnen auch Spieler aus dem Ausland durch unseren Service online teilnehmen.<\/p>\n<h2>Powerball Lotto USA<\/h2>\n<p><img loading=\"lazy\" decoding=\"async\" class=\"alignright size-full wp-image-31721\" src=\"https:\/\/jackpotlotteryonline.com\/wp-content\/uploads\/2022\/11\/powerball_globe_logo.png\" alt=\"Powerball online kaufen\" width=\"200\" height=\"212\" \/><\/p>\n<p>Das beliebteste Spiel von Lotto USA ist Powerball. Powerball wird in den Universal Studios in Florida, USA, gezogen, aber es gibt keine Residenzpflicht, was bedeutet, dass Einwohner von Nicht-Powerball-Staaten und sogar Spieler au\u00dferhalb der USA berechtigt sind, an diesem Lotto USA-Spiel teilzunehmen.<\/p>\n<p>Um Powerball spielen zu k\u00f6nnen, m\u00fcssen die Spieler mindestens 18 Jahre alt sein. Die Spieler m\u00fcssen sechs Zahlen ausw\u00e4hlen &#8211; f\u00fcnf Zahlen zwischen 1 und 59 und eine PowerBall-Zahl zwischen 1 und 39. Die Spieler k\u00f6nnen die Quick Pick-Funktion nutzen, bei der 6 Zahlen nach dem Zufallsprinzip ausgew\u00e4hlt werden.<\/p>\n<p>Die Powerball-Jackpots liegen in der Regel im zweistelligen Millionenbereich, obwohl sie in der Vergangenheit auch schon mal \u00fcber 200 Millionen Dollar betragen haben.<\/p>\n<h2>Mega Millions Lotto USA<\/h2>\n<p>Mega Millions ist eine weitere <strong>Lotterie von Lotto USA<\/strong>, die in den USA durchgef\u00fchrt wird und in Atlanta, Georgia, gezogen wird. Trotzdem gibt es bei Mega Millions keine Residenzpflicht, was bedeutet, dass auch Einwohner von Staaten, die nicht zu den Mega Millions geh\u00f6ren, und sogar Nicht-US-B\u00fcrger am Mega Millions Lotto USA teilnehmen und gewinnen k\u00f6nnen.<\/p>\n<p>Um am Mega Millions Lotto USA teilnehmen zu k\u00f6nnen, m\u00fcssen Sie 18 Jahre oder \u00e4lter sein. Sie m\u00fcssen 6 Zahlen tippen &#8211; f\u00fcnf Zahlen zwischen 1 und 56 und eine Mega Ball Zahl zwischen 1 und 46. Sie k\u00f6nnen die Quick Pick-Option nutzen, bei der die Zahlen nach dem Zufallsprinzip f\u00fcr Sie ausgew\u00e4hlt werden.<\/p>\n<p>Das Mega Million Lotto USA Spiel bietet Bargeldpreise sowie einen Jackpot. Der lebensver\u00e4ndernde Jackpot ist daf\u00fcr bekannt, dass er in die Hunderte von Millionen Dollar geht, was das Spiel sehr beliebt macht.<\/p>\n<h2>NASPL &#8211; USA Lotto Verband<\/h2>\n<p>Die North American Association of State and Provincial Lotteries (NASPL) vertritt alle staatlichen Lotterien und Provinzlotterien der USA sowie die kanadischen Lotterien. Lotto USA wird durch die NASPL effektiver betrieben. Sie fungiert als Schnittstelle f\u00fcr Lotto USA, stellt Informationen zur Verf\u00fcgung, f\u00fchrt Forschung und Entwicklung durch, gew\u00e4hrleistet die Sicherheit und schult die Mitarbeiter von Lotto USA. Alle gro\u00dfen Lotterien der USA sind Mitglieder der NASPL.<\/p>\n","protected":false},"excerpt":{"rendered":"<p>Wie man Powerball-Lose von au\u00dferhalb der USA erh\u00e4lt In fast jedem Land der Erde gibt es eine Lotterie, aber nicht alle Lotterien sind wie Powerball und Mega Millions, die gro\u00dfen US-Lotterien. Die Lotto-Jackpots in den USA haben Summen von bis zu 1,5 Milliarden Dollar (im Jahr 2016) erreicht. Die Lotto-Jackpots in anderen L\u00e4ndern haben noch [&hellip;]<\/p>\n","protected":false},"author":1,"featured_media":0,"parent":35753,"menu_order":1,"comment_status":"closed","ping_status":"closed","template":"powerball-usa-info.php","meta":{"_et_pb_use_builder":"","_et_pb_old_content":"","_et_gb_content_width":"","exclude_from_search":false,"footnotes":""},"class_list":["post-36399","page","type-page","status-publish","hentry"],"yoast_head":"<!-- This site is optimized with the Yoast SEO plugin v23.3 - https:\/\/yoast.com\/wordpress\/plugins\/seo\/ -->\n<title>Kaufen Sie Powerball-Scheine online von jedem anderen Land au\u00dferhalb der USA<\/title>\n<meta name=\"description\" content=\"Finden Sie heraus, wie Einwohner anderer L\u00e4nder online um die riesigen Jackpots der Powerball-Lotterie spielen k\u00f6nnen - Sie k\u00f6nnen au\u00dferhalb der USA sein und trotzdem spielen\" \/>\n<meta name=\"robots\" content=\"index, follow, max-snippet:-1, max-image-preview:large, max-video-preview:-1\" \/>\n<link rel=\"canonical\" href=\"https:\/\/jackpotlotteryonline.com\/buy-tickets\/powerball\/\" \/>\n<meta property=\"og:locale\" content=\"de_DE\" \/>\n<meta property=\"og:type\" content=\"article\" \/>\n<meta property=\"og:title\" content=\"Kaufen Sie Powerball-Scheine online von jedem anderen Land au\u00dferhalb der USA\" \/>\n<meta property=\"og:description\" content=\"Finden Sie heraus, wie Einwohner anderer L\u00e4nder online um die riesigen Jackpots der Powerball-Lotterie spielen k\u00f6nnen - Sie k\u00f6nnen au\u00dferhalb der USA sein und trotzdem spielen\" \/>\n<meta property=\"og:url\" content=\"https:\/\/jackpotlotteryonline.com\/buy-tickets\/powerball\/\" \/>\n<meta property=\"og:site_name\" content=\"Lotto Online - Crack The International Lottery Jackpots\" \/>\n<meta property=\"article:modified_time\" content=\"2022-12-19T15:59:13+00:00\" \/>\n<meta property=\"og:image\" content=\"https:\/\/jackpotlotteryonline.com\/wp-content\/uploads\/2022\/11\/2_ticket_powerball3-1.jpg\" \/>\n<meta name=\"twitter:card\" content=\"summary_large_image\" \/>\n<meta name=\"twitter:label1\" content=\"Gesch\u00e4tzte Lesezeit\" \/>\n\t<meta name=\"twitter:data1\" content=\"5\u00a0Minuten\" \/>\n<!-- \/ Yoast SEO plugin. -->","yoast_head_json":{"title":"Kaufen Sie Powerball-Scheine online von jedem anderen Land au\u00dferhalb der USA","description":"Finden Sie heraus, wie Einwohner anderer L\u00e4nder online um die riesigen Jackpots der Powerball-Lotterie spielen k\u00f6nnen - Sie k\u00f6nnen au\u00dferhalb der USA sein und trotzdem spielen","robots":{"index":"index","follow":"follow","max-snippet":"max-snippet:-1","max-image-preview":"max-image-preview:large","max-video-preview":"max-video-preview:-1"},"canonical":"https:\/\/jackpotlotteryonline.com\/buy-tickets\/powerball\/","og_locale":"de_DE","og_type":"article","og_title":"Kaufen Sie Powerball-Scheine online von jedem anderen Land au\u00dferhalb der USA","og_description":"Finden Sie heraus, wie Einwohner anderer L\u00e4nder online um die riesigen Jackpots der Powerball-Lotterie spielen k\u00f6nnen - Sie k\u00f6nnen au\u00dferhalb der USA sein und trotzdem spielen","og_url":"https:\/\/jackpotlotteryonline.com\/buy-tickets\/powerball\/","og_site_name":"Lotto Online - Crack The International Lottery Jackpots","article_modified_time":"2022-12-19T15:59:13+00:00","og_image":[{"url":"https:\/\/jackpotlotteryonline.com\/wp-content\/uploads\/2022\/11\/2_ticket_powerball3-1.jpg"}],"twitter_card":"summary_large_image","twitter_misc":{"Gesch\u00e4tzte Lesezeit":"5\u00a0Minuten"},"schema":{"@context":"https:\/\/schema.org","@graph":[{"@type":"WebPage","@id":"https:\/\/jackpotlotteryonline.com\/buy-tickets\/powerball\/","url":"https:\/\/jackpotlotteryonline.com\/buy-tickets\/powerball\/","name":"Kaufen Sie Powerball-Scheine online von jedem anderen Land au\u00dferhalb der USA","isPartOf":{"@id":"https:\/\/jackpotlotteryonline.com\/#website"},"primaryImageOfPage":{"@id":"https:\/\/jackpotlotteryonline.com\/buy-tickets\/powerball\/#primaryimage"},"image":{"@id":"https:\/\/jackpotlotteryonline.com\/buy-tickets\/powerball\/#primaryimage"},"thumbnailUrl":"https:\/\/jackpotlotteryonline.com\/wp-content\/uploads\/2022\/11\/2_ticket_powerball3-1.jpg","datePublished":"2022-11-04T12:52:52+00:00","dateModified":"2022-12-19T15:59:13+00:00","description":"Finden Sie heraus, wie Einwohner anderer L\u00e4nder online um die riesigen Jackpots der Powerball-Lotterie spielen k\u00f6nnen - Sie k\u00f6nnen au\u00dferhalb der USA sein und trotzdem spielen","breadcrumb":{"@id":"https:\/\/jackpotlotteryonline.com\/buy-tickets\/powerball\/#breadcrumb"},"inLanguage":"de","potentialAction":[{"@type":"ReadAction","target":["https:\/\/jackpotlotteryonline.com\/buy-tickets\/powerball\/"]}]},{"@type":"ImageObject","inLanguage":"de","@id":"https:\/\/jackpotlotteryonline.com\/buy-tickets\/powerball\/#primaryimage","url":"https:\/\/jackpotlotteryonline.com\/wp-content\/uploads\/2022\/11\/2_ticket_powerball3-1.jpg","contentUrl":"https:\/\/jackpotlotteryonline.com\/wp-content\/uploads\/2022\/11\/2_ticket_powerball3-1.jpg"},{"@type":"BreadcrumbList","@id":"https:\/\/jackpotlotteryonline.com\/buy-tickets\/powerball\/#breadcrumb","itemListElement":[{"@type":"ListItem","position":1,"name":"Home","item":"https:\/\/jackpotlotteryonline.com\/de\/"},{"@type":"ListItem","position":2,"name":"Wie man Lotterielose online kauft","item":"https:\/\/jackpotlotteryonline.com\/de\/spielscheine-kaufen\/"},{"@type":"ListItem","position":3,"name":"Die US-Powerball-Lotterie"}]},{"@type":"WebSite","@id":"https:\/\/jackpotlotteryonline.com\/#website","url":"https:\/\/jackpotlotteryonline.com\/","name":"Lotto Online - Crack The International Lottery Jackpots","description":"","potentialAction":[{"@type":"SearchAction","target":{"@type":"EntryPoint","urlTemplate":"https:\/\/jackpotlotteryonline.com\/?s={search_term_string}"},"query-input":"required name=search_term_string"}],"inLanguage":"de"}]}},"_links":{"self":[{"href":"https:\/\/jackpotlotteryonline.com\/de\/wp-json\/wp\/v2\/pages\/36399","targetHints":{"allow":["GET"]}}],"collection":[{"href":"https:\/\/jackpotlotteryonline.com\/de\/wp-json\/wp\/v2\/pages"}],"about":[{"href":"https:\/\/jackpotlotteryonline.com\/de\/wp-json\/wp\/v2\/types\/page"}],"author":[{"embeddable":true,"href":"https:\/\/jackpotlotteryonline.com\/de\/wp-json\/wp\/v2\/users\/1"}],"replies":[{"embeddable":true,"href":"https:\/\/jackpotlotteryonline.com\/de\/wp-json\/wp\/v2\/comments?post=36399"}],"version-history":[{"count":0,"href":"https:\/\/jackpotlotteryonline.com\/de\/wp-json\/wp\/v2\/pages\/36399\/revisions"}],"up":[{"embeddable":true,"href":"https:\/\/jackpotlotteryonline.com\/de\/wp-json\/wp\/v2\/pages\/35753"}],"wp:attachment":[{"href":"https:\/\/jackpotlotteryonline.com\/de\/wp-json\/wp\/v2\/media?parent=36399"}],"curies":[{"name":"wp","href":"https:\/\/api.w.org\/{rel}","templated":true}]}}