{"id":36458,"date":"2022-11-07T08:19:59","date_gmt":"2022-11-07T08:19:59","guid":{"rendered":"https:\/\/jackpotlotteryonline.com\/?page_id=36458"},"modified":"2022-12-19T18:57:56","modified_gmt":"2022-12-19T18:57:56","slug":"euromillions","status":"publish","type":"page","link":"https:\/\/jackpotlotteryonline.com\/de\/spielscheine-kaufen\/euromillions\/","title":{"rendered":"Kann ich ein Ticket f\u00fcr Euromillions von au\u00dferhalb Europas bekommen?"},"content":{"rendered":"<h2>Europas gr\u00f6\u00dfte Lotterie ist Euromillions<\/h2>\n<p><img loading=\"lazy\" decoding=\"async\" class=\"alignright wp-image-17411 size-full\" src=\"https:\/\/jackpotlotteryonline.com\/wp-content\/uploads\/2022\/10\/euromillions.png\" alt=\"euromillions online kaufen\" width=\"200\" height=\"212\" \/><\/p>\n<p><a href=\"https:\/\/jackpotlotteryonline.com\/de\/wie-man-spielt\/euromillions\">Euromillions<\/a> ist eine Lotterie, die in verschiedenen europ\u00e4ischen L\u00e4ndern angeboten wird. Sie wurde so konzipiert, dass sie wesentlich h\u00f6here Jackpots bietet als die nationalen Lotterien der einzelnen L\u00e4nder. Dies wurde erreicht, indem eine Lotteriestruktur mit einer geringeren Wahrscheinlichkeit, d. h. mehr m\u00f6glichen Zahlenkombinationen, geschaffen wurde. Die Tatsache, dass es in der Regel l\u00e4nger dauert, bis solche Jackpots geknackt werden, hat in Verbindung mit einem gr\u00f6\u00dferen Startjackpot von 10 Millionen Euro dazu gef\u00fchrt, dass regelm\u00e4\u00dfig Jackpots von \u00fcber 100 Millionen Euro geknackt werden.<\/p>\n<h2>Warum brauchen Sie einen Online-Ticket-Service, um zu spielen?<\/h2>\n<p>Nun, wenn Sie in einem der teilnehmenden europ\u00e4ischen L\u00e4nder leben, brauchen Sie keinen Dienst wie den unseren. Wenn Sie aber nicht in einem der teilnehmenden L\u00e4nder leben oder sogar au\u00dferhalb Europas, dann ist die einzige M\u00f6glichkeit, ein Ticket f\u00fcr Euromillions zu bekommen, online. Alles, was Sie tun m\u00fcssen, <strong>ist auf das Euromillions-Banner oben zu klicken<\/strong> und Ihre Lose zu bestellen, dann ist Ihre Teilnahme gesichert. \u00dcbrigens, wir kaufen die aktuellen Euromillions-Tickets \u00fcber einen offiziellen Ticketverk\u00e4ufer in Europa.<\/p>\n<section class=\"layout\" style=\"border: solid 1px; width: 100%;\">\n<div class=\"img-div\" style=\"margin-top: 5px;\"><img decoding=\"async\" class=\"wp-image-17212 alignleft\" style=\"height: 45px; margin: 8px 8px 0px;\" src=\"https:\/\/jackpotlotteryonline.com\/wp-content\/uploads\/2022\/11\/read1.jpg\" alt=\"Euromillions spielen\" width=\"\" height=\"\" \/><\/div>\n<div style=\"padding-left: 5px;\">\n<div style=\"font-size: 1.1em;\">\n<p><strong>Die Lotterien, bei denen Sie die besten Gewinnchancen haben<\/strong><\/p>\n<p style=\"font-size: 0.85em; margin-top: -1.5em;\">Welche Lotterie hat die besten Gewinnchancen? \u00a0<a href=\"https:\/\/jackpotlotteryonline.com\/de\/welche-lotterie-hat-die-besten-gewinnchancen\">mehr lesen<\/a><\/p>\n<\/div>\n<\/div>\n<\/section>\n<h2>\u00dcber Euromillions<\/h2>\n<p><a href=\"https:\/\/jackpotlotteryonline.com\/de\/gewinn-zahlen\/euromillions\">Diese Lotterie hat zwei w\u00f6chentliche Ziehungen<\/a> am Dienstag und Freitag. Sie ist genauso aufgebaut wie Eurojackpot, nur dass es keine Obergrenze f\u00fcr den Jackpot gibt und Sie zwei zus\u00e4tzliche Zahlen zwischen 1 und 12 ziehen m\u00fcssen. Auch hier gibt es 13 Gewinnstufen.<\/p>\n<h2>Ticketkaufservice f\u00fcr internationale Lotterien<\/h2>\n<p><img loading=\"lazy\" decoding=\"async\" class=\"alignright size-full wp-image-33431\" src=\"https:\/\/jackpotlotteryonline.com\/wp-content\/uploads\/2022\/11\/2_ticket_euromillions-112x300-1.jpg\" alt=\"euromillions ticket\" width=\"112\" height=\"300\" \/><\/p>\n<p>Wir bieten Ihnen nicht nur Online-Tickets f\u00fcr Euromillions und Eurojackpot, sondern auch f\u00fcr insgesamt mehr als 20 Lotterien an. Auch wenn Sie sich immer f\u00fcr die Lotterie mit den gr\u00f6\u00dften Jackpots entscheiden sollten, lohnt es sich auch, einige der &#8220;kleineren&#8221; Lotterien in Erw\u00e4gung zu ziehen. Sie bieten m\u00f6glicherweise g\u00fcnstigere Gewinnchancen oder niedrigere Lospreise.<\/p>\n<p>Auch um die Zahlungs- und Datensicherheit m\u00fcssen Sie sich keine Sorgen machen. Wir verwenden extrem sichere Protokolle f\u00fcr die Zahlungsabwicklung. Wir akzeptieren Zahlungen per Kreditkarte, Kryptow\u00e4hrungen, Bank\u00fcberweisung und eine Reihe anderer Optionen.<\/p>\n","protected":false},"excerpt":{"rendered":"<p>Europas gr\u00f6\u00dfte Lotterie ist Euromillions Euromillions ist eine Lotterie, die in verschiedenen europ\u00e4ischen L\u00e4ndern angeboten wird. Sie wurde so konzipiert, dass sie wesentlich h\u00f6here Jackpots bietet als die nationalen Lotterien der einzelnen L\u00e4nder. Dies wurde erreicht, indem eine Lotteriestruktur mit einer geringeren Wahrscheinlichkeit, d. h. mehr m\u00f6glichen Zahlenkombinationen, geschaffen wurde. Die Tatsache, dass es in [&hellip;]<\/p>\n","protected":false},"author":1,"featured_media":0,"parent":35753,"menu_order":3,"comment_status":"closed","ping_status":"closed","template":"euromillions-info.php","meta":{"_et_pb_use_builder":"","_et_pb_old_content":"","_et_gb_content_width":"","exclude_from_search":false,"footnotes":""},"class_list":["post-36458","page","type-page","status-publish","hentry"],"yoast_head":"<!-- This site is optimized with the Yoast SEO plugin v23.3 - https:\/\/yoast.com\/wordpress\/plugins\/seo\/ -->\n<title>Holen Sie sich ein Ticket f\u00fcr Euromillions von au\u00dferhalb Europas<\/title>\n<meta name=\"description\" content=\"Wie Sie von au\u00dferhalb Europas online an Euromillions teilnehmen k\u00f6nnen - kaufen Sie Ihr Ticket einfach online auf unserer Website\" \/>\n<meta name=\"robots\" content=\"index, follow, max-snippet:-1, max-image-preview:large, max-video-preview:-1\" \/>\n<link rel=\"canonical\" href=\"https:\/\/jackpotlotteryonline.com\/buy-tickets\/euromillions\/\" \/>\n<meta property=\"og:locale\" content=\"de_DE\" \/>\n<meta property=\"og:type\" content=\"article\" \/>\n<meta property=\"og:title\" content=\"Holen Sie sich ein Ticket f\u00fcr Euromillions von au\u00dferhalb Europas\" \/>\n<meta property=\"og:description\" content=\"Wie Sie von au\u00dferhalb Europas online an Euromillions teilnehmen k\u00f6nnen - kaufen Sie Ihr Ticket einfach online auf unserer Website\" \/>\n<meta property=\"og:url\" content=\"https:\/\/jackpotlotteryonline.com\/buy-tickets\/euromillions\/\" \/>\n<meta property=\"og:site_name\" content=\"Lotto Online - Crack The International Lottery Jackpots\" \/>\n<meta property=\"article:modified_time\" content=\"2022-12-19T18:57:56+00:00\" \/>\n<meta property=\"og:image\" content=\"https:\/\/jackpotlotteryonline.com\/wp-content\/uploads\/2022\/10\/euromillions.png\" \/>\n<meta name=\"twitter:card\" content=\"summary_large_image\" \/>\n<meta name=\"twitter:label1\" content=\"Gesch\u00e4tzte Lesezeit\" \/>\n\t<meta name=\"twitter:data1\" content=\"3\u00a0Minuten\" \/>\n<!-- \/ Yoast SEO plugin. -->","yoast_head_json":{"title":"Holen Sie sich ein Ticket f\u00fcr Euromillions von au\u00dferhalb Europas","description":"Wie Sie von au\u00dferhalb Europas online an Euromillions teilnehmen k\u00f6nnen - kaufen Sie Ihr Ticket einfach online auf unserer Website","robots":{"index":"index","follow":"follow","max-snippet":"max-snippet:-1","max-image-preview":"max-image-preview:large","max-video-preview":"max-video-preview:-1"},"canonical":"https:\/\/jackpotlotteryonline.com\/buy-tickets\/euromillions\/","og_locale":"de_DE","og_type":"article","og_title":"Holen Sie sich ein Ticket f\u00fcr Euromillions von au\u00dferhalb Europas","og_description":"Wie Sie von au\u00dferhalb Europas online an Euromillions teilnehmen k\u00f6nnen - kaufen Sie Ihr Ticket einfach online auf unserer Website","og_url":"https:\/\/jackpotlotteryonline.com\/buy-tickets\/euromillions\/","og_site_name":"Lotto Online - Crack The International Lottery Jackpots","article_modified_time":"2022-12-19T18:57:56+00:00","og_image":[{"url":"https:\/\/jackpotlotteryonline.com\/wp-content\/uploads\/2022\/10\/euromillions.png"}],"twitter_card":"summary_large_image","twitter_misc":{"Gesch\u00e4tzte Lesezeit":"3\u00a0Minuten"},"schema":{"@context":"https:\/\/schema.org","@graph":[{"@type":"WebPage","@id":"https:\/\/jackpotlotteryonline.com\/buy-tickets\/euromillions\/","url":"https:\/\/jackpotlotteryonline.com\/buy-tickets\/euromillions\/","name":"Holen Sie sich ein Ticket f\u00fcr Euromillions von au\u00dferhalb Europas","isPartOf":{"@id":"https:\/\/jackpotlotteryonline.com\/#website"},"primaryImageOfPage":{"@id":"https:\/\/jackpotlotteryonline.com\/buy-tickets\/euromillions\/#primaryimage"},"image":{"@id":"https:\/\/jackpotlotteryonline.com\/buy-tickets\/euromillions\/#primaryimage"},"thumbnailUrl":"https:\/\/jackpotlotteryonline.com\/wp-content\/uploads\/2022\/10\/euromillions.png","datePublished":"2022-11-07T08:19:59+00:00","dateModified":"2022-12-19T18:57:56+00:00","description":"Wie Sie von au\u00dferhalb Europas online an Euromillions teilnehmen k\u00f6nnen - kaufen Sie Ihr Ticket einfach online auf unserer Website","breadcrumb":{"@id":"https:\/\/jackpotlotteryonline.com\/buy-tickets\/euromillions\/#breadcrumb"},"inLanguage":"de","potentialAction":[{"@type":"ReadAction","target":["https:\/\/jackpotlotteryonline.com\/buy-tickets\/euromillions\/"]}]},{"@type":"ImageObject","inLanguage":"de","@id":"https:\/\/jackpotlotteryonline.com\/buy-tickets\/euromillions\/#primaryimage","url":"https:\/\/jackpotlotteryonline.com\/wp-content\/uploads\/2022\/10\/euromillions.png","contentUrl":"https:\/\/jackpotlotteryonline.com\/wp-content\/uploads\/2022\/10\/euromillions.png"},{"@type":"BreadcrumbList","@id":"https:\/\/jackpotlotteryonline.com\/buy-tickets\/euromillions\/#breadcrumb","itemListElement":[{"@type":"ListItem","position":1,"name":"Home","item":"https:\/\/jackpotlotteryonline.com\/de\/"},{"@type":"ListItem","position":2,"name":"Wie man Lotterielose online kauft","item":"https:\/\/jackpotlotteryonline.com\/de\/spielscheine-kaufen\/"},{"@type":"ListItem","position":3,"name":"Kann ich ein Ticket f\u00fcr Euromillions von au\u00dferhalb Europas bekommen?"}]},{"@type":"WebSite","@id":"https:\/\/jackpotlotteryonline.com\/#website","url":"https:\/\/jackpotlotteryonline.com\/","name":"Lotto Online - Crack The International Lottery Jackpots","description":"","potentialAction":[{"@type":"SearchAction","target":{"@type":"EntryPoint","urlTemplate":"https:\/\/jackpotlotteryonline.com\/?s={search_term_string}"},"query-input":"required name=search_term_string"}],"inLanguage":"de"}]}},"_links":{"self":[{"href":"https:\/\/jackpotlotteryonline.com\/de\/wp-json\/wp\/v2\/pages\/36458","targetHints":{"allow":["GET"]}}],"collection":[{"href":"https:\/\/jackpotlotteryonline.com\/de\/wp-json\/wp\/v2\/pages"}],"about":[{"href":"https:\/\/jackpotlotteryonline.com\/de\/wp-json\/wp\/v2\/types\/page"}],"author":[{"embeddable":true,"href":"https:\/\/jackpotlotteryonline.com\/de\/wp-json\/wp\/v2\/users\/1"}],"replies":[{"embeddable":true,"href":"https:\/\/jackpotlotteryonline.com\/de\/wp-json\/wp\/v2\/comments?post=36458"}],"version-history":[{"count":0,"href":"https:\/\/jackpotlotteryonline.com\/de\/wp-json\/wp\/v2\/pages\/36458\/revisions"}],"up":[{"embeddable":true,"href":"https:\/\/jackpotlotteryonline.com\/de\/wp-json\/wp\/v2\/pages\/35753"}],"wp:attachment":[{"href":"https:\/\/jackpotlotteryonline.com\/de\/wp-json\/wp\/v2\/media?parent=36458"}],"curies":[{"name":"wp","href":"https:\/\/api.w.org\/{rel}","templated":true}]}}