{"id":36512,"date":"2022-11-07T09:54:26","date_gmt":"2022-11-07T09:54:26","guid":{"rendered":"https:\/\/jackpotlotteryonline.com\/?page_id=36512"},"modified":"2023-01-03T19:56:31","modified_gmt":"2023-01-03T19:56:31","slug":"eurojackpot","status":"publish","type":"page","link":"https:\/\/jackpotlotteryonline.com\/de\/spielscheine-kaufen\/eurojackpot\/","title":{"rendered":"Kaufen Sie Tickets f\u00fcr Eurojackpot von au\u00dferhalb der teilnehmenden L\u00e4nder"},"content":{"rendered":"<h2>\u00dcber Eurojackpot<\/h2>\n<p><a href=\"https:\/\/jackpotlotteryonline.com\/de\/wie-man-spielt\/eurojackpot\">Eurojackpot<\/a> hat eine spannende Besonderheit, die Sie kennen sollten: Immer wenn der Jackpot 90 Millionen erreicht, gibt es ein Limit f\u00fcr den Jackpot, den Sie gewinnen k\u00f6nnen. Das bedeutet, dass alle Gelder aus den Ticketverk\u00e4ufen, die \u00fcber 90 Millionen Euro hinausgehen, zum Preis der zweiten Gewinnklasse hinzugerechnet werden. Dieser Preis der zweiten Stufe ist dann deutlich h\u00f6her. In Anbetracht der Tatsache, dass die Wahrscheinlichkeit, diesen Preis zu gewinnen, zehnmal h\u00f6her ist als beim Jackpot, ist es immer eine gute Strategie, sich auf diese Lotterie zu konzentrieren, wenn sie die 90-Millionen-Euro-Schwelle erreicht hat.<\/p>\n<p>Bei <a href=\"https:\/\/jackpotlotteryonline.com\/de\/gewinn-zahlen\/eurojackpot\">Eurojackpot gibt es nur einen w\u00f6chentlichen Ziehungstag<\/a>, n\u00e4mlich den Freitag. Ziehen Sie 5 aus 50 Zahlen, plus zwei weitere Zahlen zwischen 1 und 10, und Sie sind auf dem besten Weg, einen Preis aus insgesamt 12 Gewinnklassen zu gewinnen.<\/p>\n<h2>Wie man Eurojackpot-Lose kauft<\/h2>\n<p><img loading=\"lazy\" decoding=\"async\" class=\"wp-image-26077 size-medium alignright\" src=\"https:\/\/jackpotlotteryonline.com\/wp-content\/uploads\/2022\/11\/1_buy_eurojackpot_ticket-300x99.jpg\" alt=\"Eurojackpot-Tickets online kaufen\" width=\"300\" height=\"99\" srcset=\"https:\/\/jackpotlotteryonline.com\/wp-content\/uploads\/2022\/11\/1_buy_eurojackpot_ticket-300x99.jpg 300w, https:\/\/jackpotlotteryonline.com\/wp-content\/uploads\/2022\/11\/1_buy_eurojackpot_ticket.jpg 350w\" sizes=\"auto, (max-width: 300px) 100vw, 300px\" \/><\/p>\n<p>Eurojackpot ist eine europ\u00e4ische Lotterie und die Lose werden haupts\u00e4chlich in den Eurojackpot-L\u00e4ndern verkauft. Es gibt 18 L\u00e4nder, die an der Eurojackpot-Lotterie teilnehmen, und jeder, der in diesen L\u00e4ndern lebt, kann an der Lotterie teilnehmen. Die Eurojackpot-L\u00e4nder sind D\u00e4nemark, Deutschland, Estland, Finnland, Island, Italien, Kroatien, Lettland, Litauen, die Niederlande, Norwegen, Schweden, Slowenien und Spanien.<\/p>\n<p>Obwohl Eurojackpot 18 L\u00e4nder angeh\u00f6ren, werden in einigen nicht teilnehmenden L\u00e4ndern des Kontinents Lottoscheine verkauft. Spieler in einem dieser L\u00e4nder k\u00f6nnen in jede Lottoannahmestelle gehen und Lottoscheine kaufen. Dies gilt nicht f\u00fcr Spieler au\u00dferhalb Europas, die an Eurojackpot teilnehmen m\u00f6chten.<\/p>\n<h2>Was ist zu tun, wenn Sie au\u00dferhalb Europas leben?<\/h2>\n<p>Wenn Sie au\u00dferhalb des Kontinents leben und an Eurojackpot teilnehmen m\u00f6chten, ist die beste M\u00f6glichkeit, online zu spielen. Sie k\u00f6nnen dies entweder \u00fcber das Internet oder \u00fcber ein mobiles Ger\u00e4t tun. Sie m\u00fcssen lediglich eine Lottoseite finden, Ihren Schein kaufen und an der Ziehung teilnehmen. Dann warten Sie, um zu sehen, ob Sie gewonnen haben. Es ist ein einfacher Vorgang, aber es gibt ein paar Dinge zu beachten.<\/p>\n<p>Lose f\u00fcr Eurojackpot werden auf verschiedenen Websites im Internet verkauft, aber es ist wichtig, nach einem seri\u00f6sen Online-Anbieter zu suchen. Das Internet bietet Ihnen Zugang zu erstaunlichen internationalen Lotterien, nicht nur zu Eurojackpot allein. Sie m\u00fcssen jedoch sicher sein, dass Sie am Eurojackpot teilnehmen und nicht gegen das Ergebnis der Lotterie wetten. Ja, es gibt einen Unterschied.<\/p>\n<section class=\"layout\" style=\"border: solid 1px; width: 100%;\">\n<div class=\"img-div\" style=\"margin-top: 5px;\"><img decoding=\"async\" class=\"wp-image-17212 alignleft\" style=\"height: 45px; margin: 8px 8px 0px;\" src=\"https:\/\/jackpotlotteryonline.com\/wp-content\/uploads\/2022\/11\/read1.jpg\" alt=\"Lesen Sie\" width=\"\" height=\"\" \/><\/div>\n<div style=\"padding-left: 5px;\">\n<div style=\"font-size: 1.1em;\">\n<p><strong>Welche internationale Lotterie ist die beste?<\/strong><\/p>\n<p style=\"font-size: 0.85em; margin-top: -1.5em;\">Welche der internationalen Lotterien hat die besten Gewinnchancen<a href=\"https:\/\/jackpotlotteryonline.com\/de\/welche-internationale-lotterie-ist-die-beste\"> mehr lesen<\/a><\/p>\n<\/div>\n<\/div>\n<\/section>\n<h2>Wo Sie Eurojackpot-Lose erhalten<\/h2>\n<p>Wenn Sie online nach einem Eurojackpot-Anbieter suchen, sollten Sie es nicht eilig haben, einen Eurojackpot-Tippschein zu kaufen, es sei denn, Sie wissen, dass es sich um eine Concierge-Seite handelt. Seiten wie diese erm\u00f6glichen Spielern den Zugang zu internationalen Top-Lotterien wie Eurojackpot, indem sie Lottoscheine zur Verf\u00fcgung stellen.<\/p>\n<p>Es ist m\u00f6glich, einen Eurojackpot-Schein \u00fcber das Internet zu kaufen und trotzdem nicht an der Lotterie teilzunehmen. Das liegt daran, dass auf diesen Seiten nur auf den Ausgang der Lotterie gewettet werden kann. Bei jackpotlotteryonline.com stellen wir sicher, dass Sie an der Eurojackpot-Lotterie teilnehmen k\u00f6nnen, egal wo Sie sind.<\/p>\n<p>Wenn Sie bei uns einen Tippschein kaufen, gehen unsere Mitarbeiter hinaus und kaufen einen physischen Eurojackpot-Schein mit den entsprechenden Zahlen. Auf diese Weise nehmen Sie an der Eurojackpot-Lotterie teil, auch wenn Sie sich nicht vor Ort befinden. Wenn Ihr Schein mit den gezogenen Zahlen \u00fcbereinstimmt, gewinnen Sie den Preis. Sie m\u00fcssen sich auch nicht um die Abholung Ihres Eurojackpot-Gewinns k\u00fcmmern, denn das erledigen wir f\u00fcr Sie. Alles, was Sie tun m\u00fcssen, ist, sich Ihren Gewinn von unserer Plattform auf Ihr Online-Konto auszahlen zu lassen.<\/p>\n<h2>Vorteile einer Registrierung bei jackpotlotteryonline.com<\/h2>\n<p><img loading=\"lazy\" decoding=\"async\" class=\"alignright size-medium wp-image-28886\" src=\"https:\/\/jackpotlotteryonline.com\/wp-content\/uploads\/2022\/11\/1_pick_for_eurojackpot-300x100.jpg\" alt=\"Eurojackpot-Ticket\" width=\"300\" height=\"100\" srcset=\"https:\/\/jackpotlotteryonline.com\/wp-content\/uploads\/2022\/11\/1_pick_for_eurojackpot-300x100.jpg 300w, https:\/\/jackpotlotteryonline.com\/wp-content\/uploads\/2022\/11\/1_pick_for_eurojackpot-600x200.jpg 600w, https:\/\/jackpotlotteryonline.com\/wp-content\/uploads\/2022\/11\/1_pick_for_eurojackpot.jpg 734w\" sizes=\"auto, (max-width: 300px) 100vw, 300px\" \/><\/p>\n<p>Jackpotlotteryonline.com ist eine Vermittlungsseite, daher erm\u00f6glichen wir unseren Kunden die Teilnahme an Lotterien aus der ganzen Welt. Wir sind der Meinung, dass Eurojackpot f\u00fcr jeden zug\u00e4nglich sein sollte, der vollj\u00e4hrig und gesch\u00e4ftsf\u00e4hig ist, und wir haben diese Leidenschaft in unseren Service eingebracht. Wenn Sie sich bei uns registrieren, erhalten Sie Folgendes:<\/p>\n<ul>\n<li>Zugang zu \u00fcber zwei Dutzend internationalen Lotterien, einschlie\u00dflich Eurojackpot<\/li>\n<li>Eine nahtlose Art, Lotto zu spielen<\/li>\n<li>Sie k\u00f6nnen mehrere Lotterien spielen und an mehreren Ziehungen teilnehmen &#8211; alles an einem Ort<\/li>\n<li>Sie m\u00fcssen nicht den \u00dcberblick \u00fcber all Ihre Eurojackpot-Lottoscheine behalten, das machen wir f\u00fcr Sie.<\/li>\n<li>Wir behalten auch Ihre Gewinne im Auge und benachrichtigen Sie, damit Sie Ihren Gewinn nicht verpassen<\/li>\n<li>Sie k\u00f6nnen sich Ihre Gewinne ganz einfach von unserer Plattform auf Ihr Online-Konto auszahlen lassen.<\/li>\n<\/ul>\n<p>Unser Hauptaugenmerk liegt darauf, dass Sie beim Lottospielen ein angenehmes Erlebnis haben. Wir haben unsere Dienstleistungen optimiert und arbeiten weiter daran, den Prozess zu verfeinern, damit er f\u00fcr unsere Spieler noch intuitiver wird.<\/p>\n<h2>Folgen Sie diesen Schritten, um an Eurojackpot teilzunehmen<\/h2>\n<p><strong>Schritt 1:<\/strong> Besuchen Sie jackpotlotteryonline.com und gehen Sie zu der Lotterie, an der Sie teilnehmen m\u00f6chten, in diesem Fall Eurojackpot. Klicken Sie darauf.<\/p>\n<p><strong>Schritt 2:<\/strong> W\u00e4hlen Sie 5 Hauptzahlen und 2 Zusatzzahlen. Sie k\u00f6nnen mehrere Tippreihen w\u00e4hlen, um Ihre Gewinnchancen beim Eurojackpot zu erh\u00f6hen. Wenn Sie keine bestimmte Zahl haben, verwenden Sie &#8220;Quick Pick All&#8221;, um den Auswahlprozess zu beschleunigen.<\/p>\n<p><strong>Schritt 3:<\/strong> W\u00e4hlen Sie die Art des Loses, das Sie kaufen m\u00f6chten. Sie k\u00f6nnen entweder ein Einzellos oder ein Mehrfachlos kaufen, mit dem Sie an mehreren Ziehungen teilnehmen k\u00f6nnen. Auch hier gilt: Wenn Sie an mehreren Ziehungen teilnehmen, haben Sie eine h\u00f6here Chance, den Eurojackpot zu gewinnen.<\/p>\n<p><strong>Schritt 4:<\/strong> Gehen Sie auf die Zahlungsseite. Auf der Zahlungsseite werden Sie aufgefordert, sich anzumelden oder zu registrieren. Hierf\u00fcr gibt es drei Gr\u00fcnde:<\/p>\n<ol>\n<li>Um sicherzustellen, dass Sie immer Zugang zu Ihrem Eurojackpot-Schein haben, denn nur so k\u00f6nnen Sie einen Gewinn anfordern<\/li>\n<li>Damit wir Sie benachrichtigen k\u00f6nnen, wenn Sie den Eurojackpot oder einen der Preise auf den anderen Stufen gewinnen. Dies geschieht \u00fcber die Plattform und auch \u00fcber Ihre E-Mail.<\/li>\n<li>Damit Sie Ihren Gewinn leicht einfordern und abheben k\u00f6nnen.<\/li>\n<\/ol>\n<p>Das war&#8217;s. Die Teilnahme an Eurojackpot ist ganz einfach, wenn Sie diese drei Schritte befolgen, egal wo Sie sind. Jetzt k\u00f6nnen Sie bequem von Ihrem Computer oder Mobilger\u00e4t aus sicher und problemlos wetten.<\/p>\n<p>Warum melden Sie sich nicht noch heute bei uns an, um Eurojackpot-Lose von au\u00dferhalb Europas zu kaufen? Lotto zu spielen ist spannend und man wei\u00df nie, wann man Gl\u00fcck hat. Wenn Sie die Chance haben m\u00f6chten, Million\u00e4r zu werden, gehen Sie online und spielen Sie noch heute beim Eurojackpot mit.<\/p>\n","protected":false},"excerpt":{"rendered":"<p>\u00dcber Eurojackpot Eurojackpot hat eine spannende Besonderheit, die Sie kennen sollten: Immer wenn der Jackpot 90 Millionen erreicht, gibt es ein Limit f\u00fcr den Jackpot, den Sie gewinnen k\u00f6nnen. Das bedeutet, dass alle Gelder aus den Ticketverk\u00e4ufen, die \u00fcber 90 Millionen Euro hinausgehen, zum Preis der zweiten Gewinnklasse hinzugerechnet werden. Dieser Preis der zweiten Stufe [&hellip;]<\/p>\n","protected":false},"author":1,"featured_media":0,"parent":35753,"menu_order":4,"comment_status":"closed","ping_status":"closed","template":"eurojackpot-info.php","meta":{"_et_pb_use_builder":"","_et_pb_old_content":"","_et_gb_content_width":"","exclude_from_search":false,"footnotes":""},"class_list":["post-36512","page","type-page","status-publish","hentry"],"yoast_head":"<!-- This site is optimized with the Yoast SEO plugin v23.3 - https:\/\/yoast.com\/wordpress\/plugins\/seo\/ -->\n<title>Eurojackpot-Tickets von au\u00dferhalb Europas kaufen | Tickets online erwerben<\/title>\n<meta name=\"description\" content=\"In einigen europ\u00e4ischen L\u00e4ndern k\u00f6nnen Sie Eurojackpot-Tickets im Gesch\u00e4ft kaufen. Aber hier k\u00f6nnen Sie Tickets auch von au\u00dferhalb Europas bekommen\" \/>\n<meta name=\"robots\" content=\"index, follow, max-snippet:-1, max-image-preview:large, max-video-preview:-1\" \/>\n<link rel=\"canonical\" href=\"https:\/\/jackpotlotteryonline.com\/buy-tickets\/eurojackpot\/\" \/>\n<meta property=\"og:locale\" content=\"de_DE\" \/>\n<meta property=\"og:type\" content=\"article\" \/>\n<meta property=\"og:title\" content=\"Eurojackpot-Tickets von au\u00dferhalb Europas kaufen | Tickets online erwerben\" \/>\n<meta property=\"og:description\" content=\"In einigen europ\u00e4ischen L\u00e4ndern k\u00f6nnen Sie Eurojackpot-Tickets im Gesch\u00e4ft kaufen. Aber hier k\u00f6nnen Sie Tickets auch von au\u00dferhalb Europas bekommen\" \/>\n<meta property=\"og:url\" content=\"https:\/\/jackpotlotteryonline.com\/buy-tickets\/eurojackpot\/\" \/>\n<meta property=\"og:site_name\" content=\"Lotto Online - Crack The International Lottery Jackpots\" \/>\n<meta property=\"article:modified_time\" content=\"2023-01-03T19:56:31+00:00\" \/>\n<meta property=\"og:image\" content=\"https:\/\/jackpotlotteryonline.com\/wp-content\/uploads\/2022\/11\/1_buy_eurojackpot_ticket-300x99.jpg\" \/>\n<meta name=\"twitter:card\" content=\"summary_large_image\" \/>\n<meta name=\"twitter:label1\" content=\"Gesch\u00e4tzte Lesezeit\" \/>\n\t<meta name=\"twitter:data1\" content=\"6\u00a0Minuten\" \/>\n<!-- \/ Yoast SEO plugin. -->","yoast_head_json":{"title":"Eurojackpot-Tickets von au\u00dferhalb Europas kaufen | Tickets online erwerben","description":"In einigen europ\u00e4ischen L\u00e4ndern k\u00f6nnen Sie Eurojackpot-Tickets im Gesch\u00e4ft kaufen. Aber hier k\u00f6nnen Sie Tickets auch von au\u00dferhalb Europas bekommen","robots":{"index":"index","follow":"follow","max-snippet":"max-snippet:-1","max-image-preview":"max-image-preview:large","max-video-preview":"max-video-preview:-1"},"canonical":"https:\/\/jackpotlotteryonline.com\/buy-tickets\/eurojackpot\/","og_locale":"de_DE","og_type":"article","og_title":"Eurojackpot-Tickets von au\u00dferhalb Europas kaufen | Tickets online erwerben","og_description":"In einigen europ\u00e4ischen L\u00e4ndern k\u00f6nnen Sie Eurojackpot-Tickets im Gesch\u00e4ft kaufen. Aber hier k\u00f6nnen Sie Tickets auch von au\u00dferhalb Europas bekommen","og_url":"https:\/\/jackpotlotteryonline.com\/buy-tickets\/eurojackpot\/","og_site_name":"Lotto Online - Crack The International Lottery Jackpots","article_modified_time":"2023-01-03T19:56:31+00:00","og_image":[{"url":"https:\/\/jackpotlotteryonline.com\/wp-content\/uploads\/2022\/11\/1_buy_eurojackpot_ticket-300x99.jpg"}],"twitter_card":"summary_large_image","twitter_misc":{"Gesch\u00e4tzte Lesezeit":"6\u00a0Minuten"},"schema":{"@context":"https:\/\/schema.org","@graph":[{"@type":"WebPage","@id":"https:\/\/jackpotlotteryonline.com\/buy-tickets\/eurojackpot\/","url":"https:\/\/jackpotlotteryonline.com\/buy-tickets\/eurojackpot\/","name":"Eurojackpot-Tickets von au\u00dferhalb Europas kaufen | Tickets online erwerben","isPartOf":{"@id":"https:\/\/jackpotlotteryonline.com\/#website"},"primaryImageOfPage":{"@id":"https:\/\/jackpotlotteryonline.com\/buy-tickets\/eurojackpot\/#primaryimage"},"image":{"@id":"https:\/\/jackpotlotteryonline.com\/buy-tickets\/eurojackpot\/#primaryimage"},"thumbnailUrl":"https:\/\/jackpotlotteryonline.com\/wp-content\/uploads\/2022\/11\/1_buy_eurojackpot_ticket-300x99.jpg","datePublished":"2022-11-07T09:54:26+00:00","dateModified":"2023-01-03T19:56:31+00:00","description":"In einigen europ\u00e4ischen L\u00e4ndern k\u00f6nnen Sie Eurojackpot-Tickets im Gesch\u00e4ft kaufen. Aber hier k\u00f6nnen Sie Tickets auch von au\u00dferhalb Europas bekommen","breadcrumb":{"@id":"https:\/\/jackpotlotteryonline.com\/buy-tickets\/eurojackpot\/#breadcrumb"},"inLanguage":"de","potentialAction":[{"@type":"ReadAction","target":["https:\/\/jackpotlotteryonline.com\/buy-tickets\/eurojackpot\/"]}]},{"@type":"ImageObject","inLanguage":"de","@id":"https:\/\/jackpotlotteryonline.com\/buy-tickets\/eurojackpot\/#primaryimage","url":"https:\/\/jackpotlotteryonline.com\/wp-content\/uploads\/2022\/11\/1_buy_eurojackpot_ticket-300x99.jpg","contentUrl":"https:\/\/jackpotlotteryonline.com\/wp-content\/uploads\/2022\/11\/1_buy_eurojackpot_ticket-300x99.jpg"},{"@type":"BreadcrumbList","@id":"https:\/\/jackpotlotteryonline.com\/buy-tickets\/eurojackpot\/#breadcrumb","itemListElement":[{"@type":"ListItem","position":1,"name":"Home","item":"https:\/\/jackpotlotteryonline.com\/de\/"},{"@type":"ListItem","position":2,"name":"Wie man Lotterielose online kauft","item":"https:\/\/jackpotlotteryonline.com\/de\/spielscheine-kaufen\/"},{"@type":"ListItem","position":3,"name":"Kaufen Sie Tickets f\u00fcr Eurojackpot von au\u00dferhalb der teilnehmenden L\u00e4nder"}]},{"@type":"WebSite","@id":"https:\/\/jackpotlotteryonline.com\/#website","url":"https:\/\/jackpotlotteryonline.com\/","name":"Lotto Online - Crack The International Lottery Jackpots","description":"","potentialAction":[{"@type":"SearchAction","target":{"@type":"EntryPoint","urlTemplate":"https:\/\/jackpotlotteryonline.com\/?s={search_term_string}"},"query-input":"required name=search_term_string"}],"inLanguage":"de"}]}},"_links":{"self":[{"href":"https:\/\/jackpotlotteryonline.com\/de\/wp-json\/wp\/v2\/pages\/36512","targetHints":{"allow":["GET"]}}],"collection":[{"href":"https:\/\/jackpotlotteryonline.com\/de\/wp-json\/wp\/v2\/pages"}],"about":[{"href":"https:\/\/jackpotlotteryonline.com\/de\/wp-json\/wp\/v2\/types\/page"}],"author":[{"embeddable":true,"href":"https:\/\/jackpotlotteryonline.com\/de\/wp-json\/wp\/v2\/users\/1"}],"replies":[{"embeddable":true,"href":"https:\/\/jackpotlotteryonline.com\/de\/wp-json\/wp\/v2\/comments?post=36512"}],"version-history":[{"count":0,"href":"https:\/\/jackpotlotteryonline.com\/de\/wp-json\/wp\/v2\/pages\/36512\/revisions"}],"up":[{"embeddable":true,"href":"https:\/\/jackpotlotteryonline.com\/de\/wp-json\/wp\/v2\/pages\/35753"}],"wp:attachment":[{"href":"https:\/\/jackpotlotteryonline.com\/de\/wp-json\/wp\/v2\/media?parent=36512"}],"curies":[{"name":"wp","href":"https:\/\/api.w.org\/{rel}","templated":true}]}}