{"id":36565,"date":"2022-11-07T13:30:36","date_gmt":"2022-11-07T13:30:36","guid":{"rendered":"https:\/\/jackpotlotteryonline.com\/?page_id=36565"},"modified":"2023-01-03T20:24:40","modified_gmt":"2023-01-03T20:24:40","slug":"superenalotto","status":"publish","type":"page","link":"https:\/\/jackpotlotteryonline.com\/de\/spielscheine-kaufen\/superenalotto\/","title":{"rendered":"Superenalotto Tickets kaufen"},"content":{"rendered":"<h2>Warum Superenalotto?<\/h2>\n<p>Haben Sie sich schon einmal gefragt, wie Sie Superenalotto-Scheine au\u00dferhalb Italiens kaufen k\u00f6nnen? Superenalotto ist eine der beliebtesten Lotterien auf dem europ\u00e4ischen Kontinent. Es \u00fcberrascht nicht, dass Spieler auf der ganzen Welt regelm\u00e4\u00dfig Wetten auf diese Lotterie abschlie\u00dfen.<\/p>\n<p>Bei jackpotlotteryonline.com bieten wir Spielern Zugang zu internationalen Top-Lotterien wie Superenalotto. Wir erm\u00f6glichen es Ihnen, Spielscheine zu kaufen, Ziehungsergebnisse zu \u00fcberpr\u00fcfen und auf Ihre Gewinne zuzugreifen.<\/p>\n<p>Warum sollte ein Spieler bei der Vielzahl der weltweiten Lotterien eine Wette auf Superenalotto platzieren? Wir werden auf einige der Gr\u00fcnde eingehen, warum Superenalotto sich schnell zur beliebtesten Lotterie unter den Spielern entwickelt. Wenn Sie es eilig haben, Ihre Wette zu platzieren, k\u00f6nnen Sie uns jetzt besuchen, um die Chance auf einen gro\u00dfen Gewinn bei Superenalotto zu nutzen.<\/p>\n<h2>Superenalotto hat erstaunliche Jackpots<\/h2>\n<p>Der Hauptgrund, warum Spieler das italienische Superenalotto lieben, ist wahrscheinlich der erstaunliche Jackpot. Interessanterweise beginnt der Jackpot bei einem Mindestbetrag von 2 Millionen Euro. Das scheint keine beeindruckende Zahl zu sein, wenn man bedenkt, dass viele Lotterien diesen Betrag bieten.<\/p>\n<p>Der Clou ist jedoch, dass es keine Obergrenze f\u00fcr den Superenalotto-Jackpot gibt. Wenn es nach einer Ziehung keinen Gewinner gibt, rollt der Jackpot nach jeder Ziehung weiter und weiter, bis ein Gewinner ermittelt wird. Um dies noch zu verdeutlichen, gibt es bei der Superenalotto-Lotterie <a href=\"https:\/\/jackpotlotteryonline.com\/de\/gewinn-zahlen\/superenalotto\">drei Ziehungen pro Woche<\/a>. Es gibt fast keine Begrenzung daf\u00fcr, wie oft der Jackpot \u00fcberlaufen kann.<\/p>\n<p>Tats\u00e4chlich wurde der Jackpot vor einigen Jahren so oft geknackt, dass der Rekordjackpot 2019 bei 209,1 Millionen Euro lag.<\/p>\n<h2>Haben wir schon erw\u00e4hnt, dass es drei Ziehungen pro Woche gibt?<\/h2>\n<p>Wenn du Superenalotto spielst, hast du jede Woche drei Chancen auf einen gro\u00dfen Gewinn. Das liegt daran, dass die Lotterie Superenalotto ihre Ziehungen dreimal pro Woche durchf\u00fchrt, dienstags, donnerstags und samstags.<\/p>\n<p>Das hei\u00dft, wenn es keinen Gewinner gibt, w\u00e4chst der Jackpotbetrag schneller. Der Superenalotto-Jackpot k\u00f6nnte sich in nur einer kurzen Woche verdreifacht haben. Das ist genug, um die Spieler dazu zu bringen, sich zu beeilen und ihre Wetten zu platzieren.<\/p>\n<p>Sie wollen bei der n\u00e4chsten Ziehung nicht den K\u00fcrzeren ziehen? Warum gehen Sie nicht zu jackpotlotteryonline.com und platzieren Sie jetzt Ihre Wette auf Superenalotto? Man wei\u00df nie, wann das Gl\u00fcck Ihnen hold ist.<\/p>\n<h2>Die 5 besten Superenalotto-Gewinner<\/h2>\n<p><img loading=\"lazy\" decoding=\"async\" class=\"alignright size-full wp-image-31316\" src=\"https:\/\/jackpotlotteryonline.com\/wp-content\/uploads\/2022\/11\/logo_superenalotto.png\" alt=\"Superenalotto-Lotteriekugel\" width=\"200\" height=\"212\" \/><\/p>\n<p>Sie sind sich noch nicht sicher, ob Sie eine Wette auf die Lotterie Superenalotto platzieren m\u00f6chten? Das ist kein Problem. Sie werden begeistert sein, wenn Sie lesen, welche unglaublichen Summen fr\u00fchere Gewinner mit nach Hause genommen haben.<\/p>\n<p>Der gr\u00f6\u00dfte Jackpot wurde 2019 von einer Spielgemeinschaft geknackt, und zwar in H\u00f6he von 209,1 Millionen Euro. Wir haben das bereits kurz erw\u00e4hnt, aber es gibt noch etwas, das wir nicht erw\u00e4hnt haben. Dieser Jackpot wurde von einem einzigen Losinhaber gewonnen. K\u00f6nnen Sie sich vorstellen, mit \u00fcber zweihundert Millionen Euro nach Hause zu gehen?<\/p>\n<p>Der zweitgr\u00f6\u00dfte Jackpot wurde 2010 von einer Spielgemeinschaft geknackt, und zwar in H\u00f6he von 177,7 Millionen Euro. Danach folgt ein Jackpot in H\u00f6he von 163,5 Millionen Euro, der 2016 mit einem einzigen Spielschein gewonnen wurde. Der n\u00e4chstgr\u00f6\u00dfere Jackpot wurde 2009 von einem anderen Einzelspieler geknackt, und zwar in H\u00f6he von 147,8 Millionen Euro. Im Jahr 2010 schlie\u00dflich teilten sich zwei Lose den Jackpot von 139 Millionen Euro.<\/p>\n<h2>Wie man Superenalotto spielt<\/h2>\n<p><a href=\"https:\/\/jackpotlotteryonline.com\/de\/wie-man-spielt\/superenalotto\">Um Superenalotto zu spielen<\/a>, w\u00e4hlen Sie sechs Hauptzahlen zwischen 1 und 90. Sie k\u00f6nnen mehrere Zahlenreihen w\u00e4hlen, um Ihre Chancen auf einen Lottogewinn zu erh\u00f6hen. W\u00e4hlen Sie dann die Anzahl der Ziehungen, an denen Sie teilnehmen m\u00f6chten. Sie k\u00f6nnen sich daf\u00fcr entscheiden, in den n\u00e4chsten 5 Wochen jede Woche an jeder Ziehung teilzunehmen, wenn Sie m\u00f6chten. Je mehr Ziehungen Sie mitmachen, desto h\u00f6her sind Ihre Chancen auf einen Gewinn.<\/p>\n<p>Au\u00dferdem gibt es den so genannten SuperStar, eine Option, mit der Sie Ihre Gewinnchancen erh\u00f6hen k\u00f6nnen. Sie k\u00f6nnen auch die &#8220;Jolly-Zahl&#8221; kaufen, die zwischen 1 und 90 gew\u00e4hlt werden kann. Die Jolly-Zahl hat keinen Einfluss auf den Jackpot, wird aber zur Ermittlung des Gewinners in der zweiten Gewinnklasse herangezogen.<\/p>\n<p>Sobald Sie Ihre Zahlen gezogen haben, bezahlen Sie Ihren Schein und warten auf die Ziehungen. Wenn Sie sich bei uns registrieren, automatisieren wir den Vorgang, um Ihnen einen reibungslosen Ablauf zu erm\u00f6glichen. Wir nehmen Ihnen den Stress aus dem Vorgang, so dass Sie den Spa\u00df genie\u00dfen k\u00f6nnen, ohne sich zu qu\u00e4len.<\/p>\n<section class=\"layout\" style=\"border: solid 1px; width: 100%;\">\n<div class=\"img-div\" style=\"margin-top: 5px;\"><img decoding=\"async\" class=\"wp-image-17212 alignleft\" style=\"height: 45px; margin: 8px 8px 0px;\" src=\"https:\/\/jackpotlotteryonline.com\/wp-content\/uploads\/2022\/11\/read1.jpg\" alt=\"lesen\" width=\"\" height=\"\" \/><\/div>\n<div style=\"padding-left: 5px;\">\n<div style=\"font-size: 1.1em;\">\n<p><strong>Lotto-Gewinnzahlen manuell oder mit Hilfe eines RNG tippen<\/strong><\/p>\n<p style=\"font-size: 0.85em; margin-top: -1.5em;\">Wie generiert man Lotto-Gewinnzahlen?\u00a0<a href=\"https:\/\/jackpotlotteryonline.com\/de\/wie-man-gewinnzahlen-im-lotto-generiert\"> mehr lesen<\/a><\/p>\n<\/div>\n<\/div>\n<\/section>\n<h2>Wie hoch sind die Gewinnchancen beim Superenalotto?<\/h2>\n<p>Im Allgemeinen ist die Lotterie nicht daf\u00fcr bekannt, dass sie gro\u00dfe Gewinnchancen f\u00fcr die Spieler bietet. Die Wahrheit ist, dass die Gewinnchancen nicht sehr hoch sind. Interessanterweise macht dies das Lottospiel viel spannender. Denn zu gewinnen, wenn die Chancen scheinbar nicht gut stehen, gibt den Spielern ein Hochgef\u00fchl. Es ist auch eine wunderbare Art und Weise zu wissen, dass man das Gl\u00fcck auf seiner Seite hat.<\/p>\n<p>Die Wahrscheinlichkeit, den Superenalotto-Jackpot zu gewinnen, liegt bei 1 zu 622.614.630. Aber es gibt 6 Preiskategorien und eine Sofortgewinnkategorie von 25 \u20ac. Wenn Sie diese in Betracht ziehen, liegt die Wahrscheinlichkeit, einen Preis zu gewinnen, bei 1 zu 16.<\/p>\n<p>Jeder Spieler w\u00fcrde zustimmen, dass dies unglaubliche Gewinnchancen sind, die den Spieler beg\u00fcnstigen.<\/p>\n<h2>Superenalotto Gewinnklassen<\/h2>\n<p><img loading=\"lazy\" decoding=\"async\" class=\"size-medium wp-image-35376 alignright\" src=\"https:\/\/jackpotlotteryonline.com\/wp-content\/uploads\/2022\/11\/2_ticket_superenalotto4-1-211x300.jpg\" alt=\"Superenalotto Gewinnschein\" width=\"211\" height=\"300\" srcset=\"https:\/\/jackpotlotteryonline.com\/wp-content\/uploads\/2022\/11\/2_ticket_superenalotto4-1-211x300.jpg 211w, https:\/\/jackpotlotteryonline.com\/wp-content\/uploads\/2022\/11\/2_ticket_superenalotto4-1.jpg 300w\" sizes=\"auto, (max-width: 211px) 100vw, 211px\" \/><\/p>\n<p>Bei den Ziehungen werden sechs Zahlen nach dem Zufallsprinzip aus einer Trommel gezogen, die Kugeln mit den Zahlen 1 bis 90 enth\u00e4lt. Jedes Los, das mit den gezogenen Zahlen \u00fcbereinstimmt, gewinnt den Jackpot.<\/p>\n<p>Der Superenalotto-Jackpot beginnt bei 2 Millionen Euro, ist aber in der Regel viel h\u00f6her, da er sich \u00fcberschneidet. Die anderen Gewinnklassen werden nach dem Prozentsatz der verf\u00fcgbaren Mittel bestimmt. Es ist also nicht m\u00f6glich, bei jeder Ziehung genau zu bestimmen, wie viel ausgesch\u00fcttet wird.<\/p>\n<p>6 Zahlen &#8211; Jackpot (17,4 % der Gesamtmittel)<br \/>\n5 + Jolly-Zahl &#8211; 13%<br \/>\n5 Zahlen &#8211; 4,2%<br \/>\n4 Zahlen &#8211; 4,2%<br \/>\n3 Zahlen &#8211; 12,8%<br \/>\n2 Zahlen &#8211; 40%<\/p>\n<p><strong>Um einen besseren \u00dcberblick zu erhalten, hier der durchschnittliche Betrag pro Ziehung.<\/strong><\/p>\n<p>6 Zahlen &#8211; 92.056.091,66 \u20ac.<br \/>\n5 + Jolly-Zahl &#8211; 594.951,95<br \/>\n5 Zahlen &#8211; 49.736,38<br \/>\n4 Zahlen &#8211; 354,83<br \/>\n3 Zahlen &#8211; 27,15<br \/>\n2 Zahlen &#8211; 5,48<\/p>\n<h2>Superenalotto im Internet spielen<\/h2>\n<p>Das Superenalotto ist eine italienische Lotterie und die Spielscheine werden nur in Italien verkauft. Wenn Sie also au\u00dferhalb Italiens leben, ist die einzige M\u00f6glichkeit, Zugang zu Superenalotto zu bekommen, einen Eintrag online zu kaufen. Dies k\u00f6nnen Sie bei einem Internet-Lotterieanbieter wie jackpotlotteryonline.com tun.<\/p>\n<h2>Vorteile des Online-Kaufs von Superenalotto-Eintr\u00e4gen<\/h2>\n<ul>\n<li>Sie erhalten schnellen und sofortigen Zugang zur Lotterie<\/li>\n<li>Es ist sehr bequem, da Sie Ihr Zuhause nicht verlassen m\u00fcssen<\/li>\n<li>Es ist auch sicherer, da Ihr Schein digital gespeichert wird. Das ist wichtig, denn nur so k\u00f6nnen Sie Ihren Gewinn einfordern.<\/li>\n<li>Sie m\u00fcssen Ihren Gewinn nicht verpassen, denn wir benachrichtigen Sie sofort, wenn Sie einen Preis gewonnen haben.<\/li>\n<li>Sie k\u00f6nnen sich jeden Gewinn einfach online auszahlen lassen, ohne irgendwohin gehen zu m\u00fcssen.<\/li>\n<\/ul>\n<h2>Melden Sie sich bei uns an, um Superenalotto zu spielen<\/h2>\n<p>Wenn Sie au\u00dferhalb Italiens leben und Zugang zur Lotterie Superenalotto erwerben m\u00f6chten, k\u00f6nnen Sie sich bei uns anmelden. Wir bieten Ihnen einen Concierge-Service, der Ihnen sofortigen Zugang zu den besten internationalen Lotterien, einschlie\u00dflich Superenalotto, erm\u00f6glicht.<\/p>\n<p>Unser Ziel ist es, das Lotterieerlebnis f\u00fcr unsere Kunden zu einem angenehmen Erlebnis zu machen. Wir nehmen Ihnen den Stress aus den einfachen Dingen, damit Sie Ihre Wetten genie\u00dfen k\u00f6nnen. Kaufen Sie jetzt Ihre Lottoscheine bei uns und sichern Sie sich die Chance auf einen gro\u00dfen Gewinn bei Superenalotto.<\/p>\n","protected":false},"excerpt":{"rendered":"<p>Warum Superenalotto? Haben Sie sich schon einmal gefragt, wie Sie Superenalotto-Scheine au\u00dferhalb Italiens kaufen k\u00f6nnen? Superenalotto ist eine der beliebtesten Lotterien auf dem europ\u00e4ischen Kontinent. Es \u00fcberrascht nicht, dass Spieler auf der ganzen Welt regelm\u00e4\u00dfig Wetten auf diese Lotterie abschlie\u00dfen. Bei jackpotlotteryonline.com bieten wir Spielern Zugang zu internationalen Top-Lotterien wie Superenalotto. Wir erm\u00f6glichen es Ihnen, [&hellip;]<\/p>\n","protected":false},"author":1,"featured_media":0,"parent":35753,"menu_order":5,"comment_status":"closed","ping_status":"closed","template":"superenalotto.php","meta":{"_et_pb_use_builder":"","_et_pb_old_content":"","_et_gb_content_width":"","exclude_from_search":false,"footnotes":""},"class_list":["post-36565","page","type-page","status-publish","hentry"],"yoast_head":"<!-- This site is optimized with the Yoast SEO plugin v23.3 - https:\/\/yoast.com\/wordpress\/plugins\/seo\/ -->\n<title>Superenalotto Tickets von au\u00dferhalb Italiens kaufen | Tickets online kaufen<\/title>\n<meta name=\"description\" content=\"Sie leben nicht in Italien, m\u00f6chten aber an Superenalotto teilnehmen? Holen Sie sich Ihr Online-Ticket f\u00fcr Superenalotto bei uns\" \/>\n<meta name=\"robots\" content=\"index, follow, max-snippet:-1, max-image-preview:large, max-video-preview:-1\" \/>\n<link rel=\"canonical\" href=\"https:\/\/jackpotlotteryonline.com\/buy-tickets\/superenalotto\/\" \/>\n<meta property=\"og:locale\" content=\"de_DE\" \/>\n<meta property=\"og:type\" content=\"article\" \/>\n<meta property=\"og:title\" content=\"Superenalotto Tickets von au\u00dferhalb Italiens kaufen | Tickets online kaufen\" \/>\n<meta property=\"og:description\" content=\"Sie leben nicht in Italien, m\u00f6chten aber an Superenalotto teilnehmen? Holen Sie sich Ihr Online-Ticket f\u00fcr Superenalotto bei uns\" \/>\n<meta property=\"og:url\" content=\"https:\/\/jackpotlotteryonline.com\/buy-tickets\/superenalotto\/\" \/>\n<meta property=\"og:site_name\" content=\"Lotto Online - Crack The International Lottery Jackpots\" \/>\n<meta property=\"article:modified_time\" content=\"2023-01-03T20:24:40+00:00\" \/>\n<meta property=\"og:image\" content=\"https:\/\/jackpotlotteryonline.com\/wp-content\/uploads\/2022\/11\/logo_superenalotto.png\" \/>\n<meta name=\"twitter:card\" content=\"summary_large_image\" \/>\n<meta name=\"twitter:label1\" content=\"Gesch\u00e4tzte Lesezeit\" \/>\n\t<meta name=\"twitter:data1\" content=\"6\u00a0Minuten\" \/>\n<!-- \/ Yoast SEO plugin. -->","yoast_head_json":{"title":"Superenalotto Tickets von au\u00dferhalb Italiens kaufen | Tickets online kaufen","description":"Sie leben nicht in Italien, m\u00f6chten aber an Superenalotto teilnehmen? Holen Sie sich Ihr Online-Ticket f\u00fcr Superenalotto bei uns","robots":{"index":"index","follow":"follow","max-snippet":"max-snippet:-1","max-image-preview":"max-image-preview:large","max-video-preview":"max-video-preview:-1"},"canonical":"https:\/\/jackpotlotteryonline.com\/buy-tickets\/superenalotto\/","og_locale":"de_DE","og_type":"article","og_title":"Superenalotto Tickets von au\u00dferhalb Italiens kaufen | Tickets online kaufen","og_description":"Sie leben nicht in Italien, m\u00f6chten aber an Superenalotto teilnehmen? Holen Sie sich Ihr Online-Ticket f\u00fcr Superenalotto bei uns","og_url":"https:\/\/jackpotlotteryonline.com\/buy-tickets\/superenalotto\/","og_site_name":"Lotto Online - Crack The International Lottery Jackpots","article_modified_time":"2023-01-03T20:24:40+00:00","og_image":[{"url":"https:\/\/jackpotlotteryonline.com\/wp-content\/uploads\/2022\/11\/logo_superenalotto.png"}],"twitter_card":"summary_large_image","twitter_misc":{"Gesch\u00e4tzte Lesezeit":"6\u00a0Minuten"},"schema":{"@context":"https:\/\/schema.org","@graph":[{"@type":"WebPage","@id":"https:\/\/jackpotlotteryonline.com\/buy-tickets\/superenalotto\/","url":"https:\/\/jackpotlotteryonline.com\/buy-tickets\/superenalotto\/","name":"Superenalotto Tickets von au\u00dferhalb Italiens kaufen | Tickets online kaufen","isPartOf":{"@id":"https:\/\/jackpotlotteryonline.com\/#website"},"primaryImageOfPage":{"@id":"https:\/\/jackpotlotteryonline.com\/buy-tickets\/superenalotto\/#primaryimage"},"image":{"@id":"https:\/\/jackpotlotteryonline.com\/buy-tickets\/superenalotto\/#primaryimage"},"thumbnailUrl":"https:\/\/jackpotlotteryonline.com\/wp-content\/uploads\/2022\/11\/logo_superenalotto.png","datePublished":"2022-11-07T13:30:36+00:00","dateModified":"2023-01-03T20:24:40+00:00","description":"Sie leben nicht in Italien, m\u00f6chten aber an Superenalotto teilnehmen? Holen Sie sich Ihr Online-Ticket f\u00fcr Superenalotto bei uns","breadcrumb":{"@id":"https:\/\/jackpotlotteryonline.com\/buy-tickets\/superenalotto\/#breadcrumb"},"inLanguage":"de","potentialAction":[{"@type":"ReadAction","target":["https:\/\/jackpotlotteryonline.com\/buy-tickets\/superenalotto\/"]}]},{"@type":"ImageObject","inLanguage":"de","@id":"https:\/\/jackpotlotteryonline.com\/buy-tickets\/superenalotto\/#primaryimage","url":"https:\/\/jackpotlotteryonline.com\/wp-content\/uploads\/2022\/11\/logo_superenalotto.png","contentUrl":"https:\/\/jackpotlotteryonline.com\/wp-content\/uploads\/2022\/11\/logo_superenalotto.png"},{"@type":"BreadcrumbList","@id":"https:\/\/jackpotlotteryonline.com\/buy-tickets\/superenalotto\/#breadcrumb","itemListElement":[{"@type":"ListItem","position":1,"name":"Home","item":"https:\/\/jackpotlotteryonline.com\/de\/"},{"@type":"ListItem","position":2,"name":"Wie man Lotterielose online kauft","item":"https:\/\/jackpotlotteryonline.com\/de\/spielscheine-kaufen\/"},{"@type":"ListItem","position":3,"name":"Superenalotto Tickets kaufen"}]},{"@type":"WebSite","@id":"https:\/\/jackpotlotteryonline.com\/#website","url":"https:\/\/jackpotlotteryonline.com\/","name":"Lotto Online - Crack The International Lottery Jackpots","description":"","potentialAction":[{"@type":"SearchAction","target":{"@type":"EntryPoint","urlTemplate":"https:\/\/jackpotlotteryonline.com\/?s={search_term_string}"},"query-input":"required name=search_term_string"}],"inLanguage":"de"}]}},"_links":{"self":[{"href":"https:\/\/jackpotlotteryonline.com\/de\/wp-json\/wp\/v2\/pages\/36565","targetHints":{"allow":["GET"]}}],"collection":[{"href":"https:\/\/jackpotlotteryonline.com\/de\/wp-json\/wp\/v2\/pages"}],"about":[{"href":"https:\/\/jackpotlotteryonline.com\/de\/wp-json\/wp\/v2\/types\/page"}],"author":[{"embeddable":true,"href":"https:\/\/jackpotlotteryonline.com\/de\/wp-json\/wp\/v2\/users\/1"}],"replies":[{"embeddable":true,"href":"https:\/\/jackpotlotteryonline.com\/de\/wp-json\/wp\/v2\/comments?post=36565"}],"version-history":[{"count":0,"href":"https:\/\/jackpotlotteryonline.com\/de\/wp-json\/wp\/v2\/pages\/36565\/revisions"}],"up":[{"embeddable":true,"href":"https:\/\/jackpotlotteryonline.com\/de\/wp-json\/wp\/v2\/pages\/35753"}],"wp:attachment":[{"href":"https:\/\/jackpotlotteryonline.com\/de\/wp-json\/wp\/v2\/media?parent=36565"}],"curies":[{"name":"wp","href":"https:\/\/api.w.org\/{rel}","templated":true}]}}