{"id":36619,"date":"2022-11-08T07:55:51","date_gmt":"2022-11-08T07:55:51","guid":{"rendered":"https:\/\/jackpotlotteryonline.com\/?page_id=36619"},"modified":"2023-01-03T20:41:43","modified_gmt":"2023-01-03T20:41:43","slug":"el-gordo","status":"publish","type":"page","link":"https:\/\/jackpotlotteryonline.com\/de\/spielscheine-kaufen\/el-gordo\/","title":{"rendered":"El Gordo Tickets kaufen"},"content":{"rendered":"<h2>Die erstaunliche spanische Lotterie<\/h2>\n<p>El Gordo steht vor der T\u00fcr und nicht jeder hat das Gl\u00fcck, in Spanien zu leben oder dorthin zu reisen. Dennoch freuen sich Spieler aus aller Welt auf den Spa\u00df und die Festivit\u00e4ten, die mit dieser Lotterie verbunden sind. Auch Spieler, die au\u00dferhalb des Landes leben, k\u00f6nnen an dieser Lotterie teilnehmen, und wir werden Ihnen zeigen, wie das geht.<\/p>\n<p>Wenn Sie zum ersten Mal <a href=\"https:\/\/jackpotlotteryonline.com\/de\/wie-man-spielt\/el-gordo\">Lotto spielen<\/a>, dann wird es Sie interessieren, dass es sich um eine spanische Lotterie handelt. Sie wird El Gordo genannt, was wegen des gro\u00dfen Jackpots &#8220;der Dicke&#8221; bedeutet. Es soll sich um den gr\u00f6\u00dften Jackpot der Welt handeln.<\/p>\n<p>Wie k\u00f6nnen Sie also ein St\u00fcck vom Kuchen abbekommen, obwohl Sie nicht in Spanien leben? Lesen Sie weiter, und wir erz\u00e4hlen Ihnen alles dar\u00fcber.<\/p>\n<h2>Wie man El Gordo-Tickets von au\u00dferhalb Spaniens kauft<\/h2>\n<p><img loading=\"lazy\" decoding=\"async\" class=\"size-full wp-image-17870 alignright\" src=\"http:\/\/jackpotlotteryonline.com\/wp-content\/uploads\/2022\/10\/lotto_euros.jpg\" alt=\"El Gordo Eintrittskarten online kaufen\" width=\"225\" height=\"134\" \/><\/p>\n<p>Der einfachste Weg, um Spielscheine f\u00fcr die El Gordo-Lotterie zu kaufen, ist \u00fcber das Internet bei einem Online-Lottoanbieter wie jackpotlotteryonline.com. Wir bieten einen nahtlosen Service, der das Spielen internationaler Top-Lotterien zu einem m\u00fchelosen Erlebnis macht. Wenn Sie sich bei uns registrieren, erhalten Sie eine ma\u00dfgeschneiderte Plattform, die auf Ihre Bed\u00fcrfnisse zugeschnitten ist.<\/p>\n<p>Wir m\u00f6chten sicherstellen, dass unsere Kunden die Freude am Lottospiel erleben. Wenn Sie bei El Gordo mitmachen, werden Sie Teil der Geschichte und Tradition. Diese spanische Lotterie ist auch als Weihnachtslotterie bekannt und die Saison ist ohne sie nicht dieselbe.<\/p>\n<p>Die Teilnahme an der spanischen Weihnachtslotterie kann ein wenig verwirrend sein, wenn Sie zum ersten Mal daran teilnehmen. Im Gegensatz zu anderen Lotterien k\u00f6nnen Sie sich Ihre Zahlen nicht selbst aussuchen. Auf jedem Schein sind bereits Zahlen aufgedruckt. Um die Verwirrung noch zu vergr\u00f6\u00dfern, gibt es bei der El Gordo-Lotterie 100.000 Zahlen. Bei jackpotlotteryonline.com f\u00fchren wir Sie durch jeden Schritt.<\/p>\n<h2>Warum Sie bei El Gordo mitmachen sollten<\/h2>\n<p>Es gibt mehrere Gr\u00fcnde, warum Spieler auf der ganzen Welt El Gordo lieben. Wir haben bereits die Tatsache erw\u00e4hnt, dass die Lotterie von Geschichte und Tradition durchdrungen ist. Die erste Ziehung der Lotterie fand 1812 statt, das hei\u00dft, sie ist \u00fcber 200 Jahre alt. El Gordo ist die zweit\u00e4lteste laufende Lotterie der Welt und ist Teil der spanischen Kultur geworden.<\/p>\n<p><a href=\"https:\/\/jackpotlotteryonline.com\/de\/gewinn-zahlen\/el-gordo-draw-results\">Die Ziehung<\/a> findet jedes Jahr am 22. Dezember statt und ist somit eine gute M\u00f6glichkeit, die Weihnachtszeit zu bereichern. Die Ziehung selbst ist ebenfalls eine gro\u00dfartige Angelegenheit, da die Ziehungsergebnisse von den Sch\u00fclern der Schule San Ildefonso gesungen werden. Haben wir schon erw\u00e4hnt, dass El Gordo sehr traditionsreich ist? Es ist sicherlich etwas, auf das sich alte und neue Spieler jedes Jahr freuen.<\/p>\n<p>Dar\u00fcber hinaus ist El Gordo eine Lotterie, die die Gemeinschaft f\u00f6rdert und zelebriert. Die Lose sind in verschiedene Unterteilungen aufgeteilt, und es ist durchaus \u00fcblich, dass sich Nachbarschaften an einer Unterteilung beteiligen. Warum also nicht Ihrer Familie und Ihren Freunden etwas Besonderes bieten und gemeinsam an El Gordo teilnehmen? Es ist eine wunderbare Art, Weihnachten zu feiern.<\/p>\n<section class=\"layout\" style=\"border: solid 1px; width: 100%;\">\n<div class=\"img-div\" style=\"margin-top: 5px;\"><img decoding=\"async\" class=\"wp-image-17212 alignleft\" style=\"height: 45px; margin: 8px 8px 0px;\" src=\"http:\/\/jackpotlotteryonline.com\/wp-content\/uploads\/2022\/11\/read1.jpg\" alt=\"lesen\" width=\"\" height=\"\" \/><\/div>\n<div style=\"padding-left: 5px;\">\n<div style=\"font-size: 1.1em;\">\n<p><strong>Verpassen Sie nicht die Ziehungszeiten f\u00fcr die gr\u00f6\u00dften Lotto-Jackpots der Welt<\/strong><\/p>\n<p style=\"font-size: 0.85em; margin-top: -1.5em;\">Eine Liste der Ziehungszeiten f\u00fcr die internationalen Lotterien\u00a0\u00a0<a href=\"https:\/\/jackpotlotteryonline.com\/de\/wann-sind-die-ziehungszeiten-fuer-die-internationalen-lotterien-2\"> mehr lesen<\/a><\/p>\n<\/div>\n<\/div>\n<\/section>\n<h2>Wie man El Gordo spielt<\/h2>\n<p><img loading=\"lazy\" decoding=\"async\" class=\"alignright size-full wp-image-32459\" src=\"http:\/\/jackpotlotteryonline.com\/wp-content\/uploads\/2022\/11\/2_ticket_el_gordo-1.jpg\" alt=\"El Gordo Lotterieschein\" width=\"213\" height=\"300\" \/><\/p>\n<p>Wenn Sie an der spanischen Weihnachtslotterie teilnehmen, kann Ihr Schein Zahlen von 00000 bis 99999 enthalten. Jeder Schein ist in zehn Teile unterteilt, die wiederum weiter untergliedert sind. Sie k\u00f6nnen es sich also leisten, ein Los zu kaufen, unabh\u00e4ngig von Ihrem Budget.<\/p>\n<p>Ebenso interessant ist, dass El Gordo-Spieler eine sehr hohe Gewinnchance haben. Der Gesamtjackpot bel\u00e4uft sich auf mehrere Milliarden Euro und die Gewinnchancen sind unglaublich hoch. Die Spieler k\u00f6nnen also mit Tausenden von Euro nach Hause gehen, selbst wenn sie nicht den Hauptpreis gewinnen.<\/p>\n<p>Sobald Sie Ihr Los gekauft haben, m\u00fcssen Sie nur noch auf die Ziehung am 22. Dezember warten. Auf unserer Website bitten wir unsere Kunden, sich zu registrieren, damit wir sie benachrichtigen k\u00f6nnen, sobald sie einen Preis gewonnen haben. Auch die Auszahlung Ihres Gewinns ist ganz einfach, da Sie dies von unserer Plattform aus tun k\u00f6nnen.<\/p>\n<h2>Schritte um El Gordo online zu spielen<\/h2>\n<ol>\n<li>Jetzt, wo Sie genauso begeistert von der spanischen Weihnachtslotterie sind wie wir, m\u00f6chten wir Sie durch die einzelnen Schritte f\u00fchren.<\/li>\n<li>Kaufen Sie Ihr El Gordo-Los auf unserer Website<\/li>\n<li>Registrieren Sie sich, damit wir Sie im Falle eines Gewinns kontaktieren k\u00f6nnen<\/li>\n<li>Warten Sie auf die Ziehung<\/li>\n<\/ol>\n<h2>Heben Sie Ihren Gewinn ab, wenn Sie gewinnen<\/h2>\n<p>So einfach ist es, wenn Sie sich bei uns registrieren. Wir nehmen Ihnen die Komplikationen ab, damit Sie sich ganz auf den Spa\u00df am Spiel konzentrieren k\u00f6nnen. Wenn Sie auf der Suche nach einem Lottospiel mit guten Gewinnchancen sind, das Sie genie\u00dfen k\u00f6nnen, dann suchen Sie nicht weiter.<\/p>\n<p>Wir sollten erw\u00e4hnen, dass es sich bei El Gordo trotz der hohen Gewinnchancen um ein Gl\u00fccksspiel handelt. Es gibt keine Garantie daf\u00fcr, dass Sie gewinnen, und es gibt auch keine Garantie daf\u00fcr, dass Sie es nicht tun. Sie haben jedoch nur dann eine Chance auf einen Gewinn, wenn Sie \u00fcberhaupt an der Lotterie teilnehmen. Registrieren Sie sich also jetzt bei uns, um die spanischen Weihnachtslotterielose zu kaufen.<\/p>\n","protected":false},"excerpt":{"rendered":"<p>Die erstaunliche spanische Lotterie El Gordo steht vor der T\u00fcr und nicht jeder hat das Gl\u00fcck, in Spanien zu leben oder dorthin zu reisen. Dennoch freuen sich Spieler aus aller Welt auf den Spa\u00df und die Festivit\u00e4ten, die mit dieser Lotterie verbunden sind. Auch Spieler, die au\u00dferhalb des Landes leben, k\u00f6nnen an dieser Lotterie teilnehmen, [&hellip;]<\/p>\n","protected":false},"author":1,"featured_media":0,"parent":35753,"menu_order":6,"comment_status":"closed","ping_status":"closed","template":"el-gordo-info.php","meta":{"_et_pb_use_builder":"","_et_pb_old_content":"","_et_gb_content_width":"","exclude_from_search":false,"footnotes":""},"class_list":["post-36619","page","type-page","status-publish","hentry"],"yoast_head":"<!-- This site is optimized with the Yoast SEO plugin v23.3 - https:\/\/yoast.com\/wordpress\/plugins\/seo\/ -->\n<title>El Gordo Lose von au\u00dferhalb Spaniens kaufen | El Gordo Lose online<\/title>\n<meta name=\"description\" content=\"Sie k\u00f6nnen El Gordo Tickets online kaufen, wenn Sie au\u00dferhalb Spaniens wohnen - gleich hier \u00fcber diesen Online-Ticketservice\" \/>\n<meta name=\"robots\" content=\"index, follow, max-snippet:-1, max-image-preview:large, max-video-preview:-1\" \/>\n<link rel=\"canonical\" href=\"https:\/\/jackpotlotteryonline.com\/de\/spielscheine-kaufen\/el-gordo\/\" \/>\n<meta property=\"og:locale\" content=\"de_DE\" \/>\n<meta property=\"og:type\" content=\"article\" \/>\n<meta property=\"og:title\" content=\"El Gordo Lose von au\u00dferhalb Spaniens kaufen | El Gordo Lose online\" \/>\n<meta property=\"og:description\" content=\"Sie k\u00f6nnen El Gordo Tickets online kaufen, wenn Sie au\u00dferhalb Spaniens wohnen - gleich hier \u00fcber diesen Online-Ticketservice\" \/>\n<meta property=\"og:url\" content=\"https:\/\/jackpotlotteryonline.com\/de\/spielscheine-kaufen\/el-gordo\/\" \/>\n<meta property=\"og:site_name\" content=\"Lotto Online - Crack The International Lottery Jackpots\" \/>\n<meta property=\"article:modified_time\" content=\"2023-01-03T20:41:43+00:00\" \/>\n<meta property=\"og:image\" content=\"http:\/\/jackpotlotteryonline.com\/wp-content\/uploads\/2022\/10\/lotto_euros.jpg\" \/>\n<meta name=\"twitter:card\" content=\"summary_large_image\" \/>\n<meta name=\"twitter:label1\" content=\"Gesch\u00e4tzte Lesezeit\" \/>\n\t<meta name=\"twitter:data1\" content=\"5\u00a0Minuten\" \/>\n<!-- \/ Yoast SEO plugin. -->","yoast_head_json":{"title":"El Gordo Lose von au\u00dferhalb Spaniens kaufen | El Gordo Lose online","description":"Sie k\u00f6nnen El Gordo Tickets online kaufen, wenn Sie au\u00dferhalb Spaniens wohnen - gleich hier \u00fcber diesen Online-Ticketservice","robots":{"index":"index","follow":"follow","max-snippet":"max-snippet:-1","max-image-preview":"max-image-preview:large","max-video-preview":"max-video-preview:-1"},"canonical":"https:\/\/jackpotlotteryonline.com\/de\/spielscheine-kaufen\/el-gordo\/","og_locale":"de_DE","og_type":"article","og_title":"El Gordo Lose von au\u00dferhalb Spaniens kaufen | El Gordo Lose online","og_description":"Sie k\u00f6nnen El Gordo Tickets online kaufen, wenn Sie au\u00dferhalb Spaniens wohnen - gleich hier \u00fcber diesen Online-Ticketservice","og_url":"https:\/\/jackpotlotteryonline.com\/de\/spielscheine-kaufen\/el-gordo\/","og_site_name":"Lotto Online - Crack The International Lottery Jackpots","article_modified_time":"2023-01-03T20:41:43+00:00","og_image":[{"url":"http:\/\/jackpotlotteryonline.com\/wp-content\/uploads\/2022\/10\/lotto_euros.jpg"}],"twitter_card":"summary_large_image","twitter_misc":{"Gesch\u00e4tzte Lesezeit":"5\u00a0Minuten"},"schema":{"@context":"https:\/\/schema.org","@graph":[{"@type":"WebPage","@id":"https:\/\/jackpotlotteryonline.com\/de\/spielscheine-kaufen\/el-gordo\/","url":"https:\/\/jackpotlotteryonline.com\/de\/spielscheine-kaufen\/el-gordo\/","name":"El Gordo Lose von au\u00dferhalb Spaniens kaufen | El Gordo Lose online","isPartOf":{"@id":"https:\/\/jackpotlotteryonline.com\/#website"},"primaryImageOfPage":{"@id":"https:\/\/jackpotlotteryonline.com\/de\/spielscheine-kaufen\/el-gordo\/#primaryimage"},"image":{"@id":"https:\/\/jackpotlotteryonline.com\/de\/spielscheine-kaufen\/el-gordo\/#primaryimage"},"thumbnailUrl":"http:\/\/jackpotlotteryonline.com\/wp-content\/uploads\/2022\/10\/lotto_euros.jpg","datePublished":"2022-11-08T07:55:51+00:00","dateModified":"2023-01-03T20:41:43+00:00","description":"Sie k\u00f6nnen El Gordo Tickets online kaufen, wenn Sie au\u00dferhalb Spaniens wohnen - gleich hier \u00fcber diesen Online-Ticketservice","breadcrumb":{"@id":"https:\/\/jackpotlotteryonline.com\/de\/spielscheine-kaufen\/el-gordo\/#breadcrumb"},"inLanguage":"de","potentialAction":[{"@type":"ReadAction","target":["https:\/\/jackpotlotteryonline.com\/de\/spielscheine-kaufen\/el-gordo\/"]}]},{"@type":"ImageObject","inLanguage":"de","@id":"https:\/\/jackpotlotteryonline.com\/de\/spielscheine-kaufen\/el-gordo\/#primaryimage","url":"http:\/\/jackpotlotteryonline.com\/wp-content\/uploads\/2022\/10\/lotto_euros.jpg","contentUrl":"http:\/\/jackpotlotteryonline.com\/wp-content\/uploads\/2022\/10\/lotto_euros.jpg"},{"@type":"BreadcrumbList","@id":"https:\/\/jackpotlotteryonline.com\/de\/spielscheine-kaufen\/el-gordo\/#breadcrumb","itemListElement":[{"@type":"ListItem","position":1,"name":"Home","item":"https:\/\/jackpotlotteryonline.com\/de\/"},{"@type":"ListItem","position":2,"name":"Wie man Lotterielose online kauft","item":"https:\/\/jackpotlotteryonline.com\/de\/spielscheine-kaufen\/"},{"@type":"ListItem","position":3,"name":"El Gordo Tickets kaufen"}]},{"@type":"WebSite","@id":"https:\/\/jackpotlotteryonline.com\/#website","url":"https:\/\/jackpotlotteryonline.com\/","name":"Lotto Online - Crack The International Lottery Jackpots","description":"","potentialAction":[{"@type":"SearchAction","target":{"@type":"EntryPoint","urlTemplate":"https:\/\/jackpotlotteryonline.com\/?s={search_term_string}"},"query-input":"required name=search_term_string"}],"inLanguage":"de"}]}},"_links":{"self":[{"href":"https:\/\/jackpotlotteryonline.com\/de\/wp-json\/wp\/v2\/pages\/36619","targetHints":{"allow":["GET"]}}],"collection":[{"href":"https:\/\/jackpotlotteryonline.com\/de\/wp-json\/wp\/v2\/pages"}],"about":[{"href":"https:\/\/jackpotlotteryonline.com\/de\/wp-json\/wp\/v2\/types\/page"}],"author":[{"embeddable":true,"href":"https:\/\/jackpotlotteryonline.com\/de\/wp-json\/wp\/v2\/users\/1"}],"replies":[{"embeddable":true,"href":"https:\/\/jackpotlotteryonline.com\/de\/wp-json\/wp\/v2\/comments?post=36619"}],"version-history":[{"count":0,"href":"https:\/\/jackpotlotteryonline.com\/de\/wp-json\/wp\/v2\/pages\/36619\/revisions"}],"up":[{"embeddable":true,"href":"https:\/\/jackpotlotteryonline.com\/de\/wp-json\/wp\/v2\/pages\/35753"}],"wp:attachment":[{"href":"https:\/\/jackpotlotteryonline.com\/de\/wp-json\/wp\/v2\/media?parent=36619"}],"curies":[{"name":"wp","href":"https:\/\/api.w.org\/{rel}","templated":true}]}}