{"id":36671,"date":"2022-11-08T09:37:16","date_gmt":"2022-11-08T09:37:16","guid":{"rendered":"https:\/\/jackpotlotteryonline.com\/?page_id=36671"},"modified":"2023-01-03T20:58:34","modified_gmt":"2023-01-03T20:58:34","slug":"lotto-germany","status":"publish","type":"page","link":"https:\/\/jackpotlotteryonline.com\/de\/spielscheine-kaufen\/lotto-germany\/","title":{"rendered":"Spielscheine f\u00fcr Lotto Deutschland kaufen"},"content":{"rendered":"<p>Spieler, die au\u00dferhalb Deutschlands leben, finden es vielleicht etwas schwierig, Spielscheine f\u00fcr das deutsche Lotto zu kaufen, aber das muss nicht so sein. Das deutsche Lotto ist auch als 6 aus 49 bekannt und ist eine der am l\u00e4ngsten laufenden Lotterien in Europa. Seit seiner Gr\u00fcndung im Jahr 1955 hat es sich schnell zum f\u00fchrenden Lottospiel des Landes entwickelt.<\/p>\n<p>Teilnahmen an dieser Lotterie sind in zugelassenen Annahmestellen in Deutschland m\u00f6glich. Wenn Sie jedoch in einem anderen Teil der Welt leben, m\u00fcssen Sie sich auf eine vertrauensw\u00fcrdige Online-Lotterieseite wie jackpotlotteryoneline.com verlassen.<\/p>\n<p><a href=\"https:\/\/jackpotlotteryonline.com\/de\/wie-man-spielt\/german-lotto\">Lotto online zu spielen<\/a> ist einfach, und wenn Sie unsere Seite nutzen, wird es zu einer nahtlosen und angenehmen Erfahrung.<\/p>\n<h2>Wie man das deutsche Lotto auf unserer Seite spielt<\/h2>\n<p><img loading=\"lazy\" decoding=\"async\" class=\"alignright size-medium wp-image-33350\" src=\"https:\/\/jackpotlotteryonline.com\/wp-content\/uploads\/2022\/11\/2_ticket_euromillions3-1-111x300.jpg\" alt=\"Deutscher Lottoschein\" width=\"111\" height=\"300\" srcset=\"https:\/\/jackpotlotteryonline.com\/wp-content\/uploads\/2022\/11\/2_ticket_euromillions3-1-111x300.jpg 111w, https:\/\/jackpotlotteryonline.com\/wp-content\/uploads\/2022\/11\/2_ticket_euromillions3-1.jpg 180w\" sizes=\"auto, (max-width: 111px) 100vw, 111px\" \/><\/p>\n<p>Die w\u00f6rtliche \u00dcbersetzung von 6 aus 49 ist sechs aus 49. Um deutsches Lotto zu spielen, m\u00fcssen Sie sechs Zahlen zwischen 1 und 49 und eine Zusatzzahl zwischen 0 und 9 tippen. Dies gilt auch, wenn Sie offline oder \u00fcber das Internet spielen.<\/p>\n<p>Wenn Sie auf unserer Website einen Tippschein f\u00fcr die deutsche Lotterie kaufen, k\u00f6nnen Sie 6 Zahlen aus 49 ausw\u00e4hlen. Sie k\u00f6nnen mehr als eine Zahlenreihe w\u00e4hlen, da jede einzelne f\u00fcr einen Tippschein z\u00e4hlt und Sie somit h\u00f6here Gewinnchancen haben. Als n\u00e4chstes k\u00f6nnen Sie w\u00e4hlen, ob Sie f\u00fcr eine oder mehrere Ziehungen teilnehmen m\u00f6chten.<\/p>\n<p><a href=\"https:\/\/jackpotlotteryonline.com\/de\/gewinn-zahlen\/german-lotto\">Die deutsche Lotterie hat zwei Ziehungen pro Woche<\/a> am Mittwoch und Samstag; Sie k\u00f6nnen entscheiden, ob Sie an einer einzelnen oder an mehreren Ziehungen teilnehmen m\u00f6chten. Wenn Sie Ihre Wahl getroffen haben, ist der n\u00e4chste Schritt die Bezahlung Ihres Kaufs. Zu diesem Zeitpunkt bitten wir Sie, sich bei uns zu registrieren. Dies ist aus mehreren Gr\u00fcnden notwendig:<\/p>\n<ul>\n<li>Wenn Sie sich registrieren, k\u00f6nnen Sie Ihre Teilnahmezettel sicher aufbewahren, da Sie sie f\u00fcr die Inanspruchnahme eines Gewinns ben\u00f6tigen.<\/li>\n<li>Sie k\u00f6nnen die Ergebnisse der Verlosung leicht \u00fcberpr\u00fcfen. Sollten Sie einen Preis gewinnen, werden Sie \u00fcber Ihr Dashboard und per E-Mail benachrichtigt.<\/li>\n<li>Sie k\u00f6nnen sich Ihre Gewinne auch direkt auf unserer Plattform auszahlen lassen.<\/li>\n<\/ul>\n<h2>Wie man in der Lotterie gewinnt<\/h2>\n<p>Bei den Ziehungen werden sechs Zahlen von 1 bis 49 gezogen. Die Zusatzzahl, die so genannte Superzahl, wird von einer anderen Maschine gezogen. Wenn Ihre Zahlen mit den gezogenen Zahlen \u00fcbereinstimmen, dann gewinnen Sie den Jackpot.<\/p>\n<p>Es ist wichtig zu erw\u00e4hnen, dass der Jackpot nicht der einzige Preis ist, den die Spieler bei der deutschen Lotterie gewinnen k\u00f6nnen. Diese europ\u00e4ische Lotterie hat 10 verschiedene Preiskategorien und es gibt einen Preis nur f\u00fcr die \u00dcbereinstimmung von zwei Zahlen und der Bonuszahl.<\/p>\n<p>Wie wir bereits erw\u00e4hnt haben, sind die Gewinnchancen bei dieser Lotterie ziemlich gut. Die Wahrscheinlichkeit, den Jackpot zu knacken, liegt bei 1 zu 139.838.160 und die Gesamtchance auf einen Gewinn bei 1 zu 31. Wenn Sie noch nie an der deutschen 6 aus 49 teilgenommen haben, ist dies ein guter Zeitpunkt, um \u00fcber einen Einsatz nachzudenken. Sie k\u00f6nnen dies tun, indem Sie auf jackpotlotteryoneline.com eine Teilnahme an der Lotterie erwerben.<\/p>\n<section class=\"layout\" style=\"border: solid 1px; width: 100%;\">\n<div class=\"img-div\" style=\"margin-top: 5px;\"><img decoding=\"async\" class=\"wp-image-17212 alignleft\" style=\"height: 45px; margin: 8px 8px 0px;\" src=\"https:\/\/jackpotlotteryonline.com\/wp-content\/uploads\/2022\/11\/read1.jpg\" alt=\"lesen\" width=\"\" height=\"\" \/><\/div>\n<div style=\"padding-left: 5px;\">\n<div style=\"font-size: 1.1em;\">\n<p><strong>Welches Auto w\u00fcrden Sie kaufen, wenn Sie im Lotto gewinnen?<\/strong><\/p>\n<p style=\"font-size: 0.85em; margin-top: -1.5em;\">In der Lotterie gewinnen und ein neues Auto bekommen\u00a0<a href=\"https:\/\/jackpotlotteryonline.com\/de\/welches-auto-wuerden-sie-kaufen-wenn-sie-im-lotto-gewinnen\"> mehr lesen<\/a><\/p>\n<\/div>\n<\/div>\n<\/section>\n<h2>Woher wei\u00df ich, dass ich einen echten Schein habe?<\/h2>\n<p><img loading=\"lazy\" decoding=\"async\" class=\"size-medium wp-image-27698 alignright\" src=\"https:\/\/jackpotlotteryonline.com\/wp-content\/uploads\/2022\/11\/1_lottery_results-300x150.jpg\" alt=\"deutschland-lotterie kugeln\" width=\"300\" height=\"150\" srcset=\"https:\/\/jackpotlotteryonline.com\/wp-content\/uploads\/2022\/11\/1_lottery_results-300x150.jpg 300w, https:\/\/jackpotlotteryonline.com\/wp-content\/uploads\/2022\/11\/1_lottery_results.jpg 350w\" sizes=\"auto, (max-width: 300px) 100vw, 300px\" \/><\/p>\n<p>Dies ist eine sehr wichtige Frage, besonders wenn Sie deutsche Lottoscheine online kaufen. Es ist m\u00f6glich, dass Sie einen Schein kaufen, von dem Sie glauben, dass er f\u00fcr die Lotterie zugelassen ist, und dennoch nicht an der Lotterie teilnehmen.<\/p>\n<p>Beim Lotto sind auf jedem Schein Seriennummern aufgedruckt, die wichtig sind, um festzustellen, ob ein Schein echt ist. Bei jackpotlotteryonline.com betreiben wir einen Concierge-Service f\u00fcr unsere Kunden. Das hei\u00dft, wenn Sie Ihre Online-Lottoscheine bei uns kaufen, haben Ihre Scheine die Seriennummern, die von der deutschen Lotterie stammen.<\/p>\n<p>Mit anderen Worten: Mit unserem Service erhalten Sie Zugang zur Lotterie. Wenn Sie mit den gezogenen Zahlen \u00fcbereinstimmen, werden Sie den Jackpot gewinnen.<\/p>\n<h2>Wie fordere ich meinen Gewinn an?<\/h2>\n<p>Wenn Sie bei uns Lotto spielen, haben Sie den Vorteil, dass Sie sich nicht um die Abholung Ihres Gewinns k\u00fcmmern m\u00fcssen. Zun\u00e4chst einmal ist Ihr Schein auf Ihrem Konto sicher und Sie brauchen keine Angst zu haben, ihn zu verlieren. Da Sie den Schein ben\u00f6tigen, um Ihren Gewinn einzufordern, ist das eine gute Sache. Im Jahr 2021 ging ein Jackpot-Gewinn in H\u00f6he von 11,3 Millionen Euro zur\u00fcck in den Pool, weil er drei Jahre lang nicht abgeholt wurde. Wir m\u00f6chten nicht, dass Ihnen das passiert.<\/p>\n<p>Zweitens: Wenn Sie etwas gewinnen, informieren wir Sie sofort, und wenn Sie sich das n\u00e4chste Mal in Ihr Konto einloggen, steht Ihr Geld schon bereit. \u00dcberweisen Sie das Geld einfach auf Ihr Bankkonto, und schon k\u00f6nnen Sie Ihren Gewinn genie\u00dfen.<\/p>\n<p>Wir wissen, dass es Ihnen beim Lottospielen vor allem darum geht, Spa\u00df zu haben. Schlie\u00dflich soll das Spiel ja auch Spa\u00df machen. Deshalb arbeiten wir unerm\u00fcdlich daran, den Prozess so zu vereinfachen, dass er nahtlos und ohne Probleme abl\u00e4uft und Sie das Spiel genie\u00dfen k\u00f6nnen.<\/p>\n<h2>6 aus 49 Gewinnstufen<\/h2>\n<p>M\u00f6chten Sie wissen, was Sie gewinnen k\u00f6nnen, wenn Sie Lotto in Deutschland spielen? Hier finden Sie die verschiedenen Gewinnklassen und den prozentualen Anteil am Gewinnfonds, der auf jede Klasse entf\u00e4llt.<\/p>\n<p>6 Richtige + Superzahl &#8211; 12,80% (Jackpot)<br \/>\nNur Spiel 6 &#8211; 10%<br \/>\nSpiel 5 + Superzahl &#8211; 5%<br \/>\nNur Spiel 5 &#8211; 15%<br \/>\nSpiel 4 + Superzahl &#8211; 5%<br \/>\nNur Spiel 4 &#8211; 10%<br \/>\nStreichholz 3 + Superzahl &#8211; 10%<br \/>\nNur Spiel 3 &#8211; 45%<br \/>\n2 Richtige + Superzahl &#8211; \u20ac6<\/p>\n<p>Beachten Sie, dass die anderen Preise erst nach der Entnahme des Jackpots aus dem Preispool ermittelt werden.<\/p>\n<h2>Wie hoch ist der Jackpot?<\/h2>\n<p>Der Jackpot der deutschen Lotterie beginnt bei 2 Millionen Euro und rollt nach jeder Ziehung weiter, wenn es keinen Gewinner gibt. Dadurch wird der Jackpot immer gr\u00f6\u00dfer, bis er eine k\u00f6stliche Summe erreicht.<\/p>\n<p>Im Oktober 2020 gewann beispielsweise ein einziger Losinhaber einen Jackpot von 42.583.626 Euro. Dieser Gewinn war der gr\u00f6\u00dfte Jackpot in der Geschichte des deutschen Lottos. Dicht darauf folgte der Jackpot von 33.832.008 Euro, der ebenfalls von einem Lottospieler gewonnen wurde.<\/p>\n<p>Mehrere andere deutsche Lottospieler haben Jackpot-Preise im Wert von mehreren Millionen Euro gewonnen. Es ist daher nicht verwunderlich, dass sich Spieler auf der ganzen Welt beeilen, an den w\u00f6chentlichen Ziehungen teilzunehmen.<\/p>\n<h2>Registrieren Sie sich bei uns, um online Lotto zu spielen<\/h2>\n<p>Sie m\u00fcssen nicht in Deutschland leben, um an der deutschen Lotterie teilzunehmen. Wenn Sie sich bei uns registrieren, erhalten Sie Zugang zu internationalen Top-Lotterien. Das er\u00f6ffnet Ihnen wirklich eine Welt voller M\u00f6glichkeiten. Beachten Sie auch, dass Lotteriegelder in Deutschland nicht steuerpflichtig sind. Wir raten Ihnen jedoch, die Steuergesetze an Ihrem Wohnort zu pr\u00fcfen.<\/p>\n<p>Also, worauf warten Sie noch? Registrieren Sie sich bei uns, um Ihre deutschen Lottoscheine online zu kaufen und tauchen Sie ein in die aufregende Welt der internationalen Lottospiele.<\/p>\n","protected":false},"excerpt":{"rendered":"<p>Spieler, die au\u00dferhalb Deutschlands leben, finden es vielleicht etwas schwierig, Spielscheine f\u00fcr das deutsche Lotto zu kaufen, aber das muss nicht so sein. Das deutsche Lotto ist auch als 6 aus 49 bekannt und ist eine der am l\u00e4ngsten laufenden Lotterien in Europa. Seit seiner Gr\u00fcndung im Jahr 1955 hat es sich schnell zum f\u00fchrenden [&hellip;]<\/p>\n","protected":false},"author":1,"featured_media":0,"parent":35753,"menu_order":8,"comment_status":"closed","ping_status":"closed","template":"lotto-german-info.php","meta":{"_et_pb_use_builder":"","_et_pb_old_content":"","_et_gb_content_width":"","exclude_from_search":false,"footnotes":""},"class_list":["post-36671","page","type-page","status-publish","hentry"],"yoast_head":"<!-- This site is optimized with the Yoast SEO plugin v23.3 - https:\/\/yoast.com\/wordpress\/plugins\/seo\/ -->\n<title>Spielscheine f\u00fcr das deutsche Lotto au\u00dferhalb Deutschlands kaufen | Deutschland Lotto online<\/title>\n<meta name=\"description\" content=\"Spielscheine f\u00fcr das Deutsche Lotto 6\/49, die Sie hier sicher online kaufen k\u00f6nnen, von au\u00dferhalb Deutschlands\" \/>\n<meta name=\"robots\" content=\"index, follow, max-snippet:-1, max-image-preview:large, max-video-preview:-1\" \/>\n<link rel=\"canonical\" href=\"https:\/\/jackpotlotteryonline.com\/buy-tickets\/lotto-germany\/\" \/>\n<meta property=\"og:locale\" content=\"de_DE\" \/>\n<meta property=\"og:type\" content=\"article\" \/>\n<meta property=\"og:title\" content=\"Spielscheine f\u00fcr das deutsche Lotto au\u00dferhalb Deutschlands kaufen | Deutschland Lotto online\" \/>\n<meta property=\"og:description\" content=\"Spielscheine f\u00fcr das Deutsche Lotto 6\/49, die Sie hier sicher online kaufen k\u00f6nnen, von au\u00dferhalb Deutschlands\" \/>\n<meta property=\"og:url\" content=\"https:\/\/jackpotlotteryonline.com\/buy-tickets\/lotto-germany\/\" \/>\n<meta property=\"og:site_name\" content=\"Lotto Online - Crack The International Lottery Jackpots\" \/>\n<meta property=\"article:modified_time\" content=\"2023-01-03T20:58:34+00:00\" \/>\n<meta property=\"og:image\" content=\"https:\/\/jackpotlotteryonline.com\/wp-content\/uploads\/2022\/11\/2_ticket_euromillions3-1-111x300.jpg\" \/>\n<meta name=\"twitter:card\" content=\"summary_large_image\" \/>\n<meta name=\"twitter:label1\" content=\"Gesch\u00e4tzte Lesezeit\" \/>\n\t<meta name=\"twitter:data1\" content=\"6\u00a0Minuten\" \/>\n<!-- \/ Yoast SEO plugin. -->","yoast_head_json":{"title":"Spielscheine f\u00fcr das deutsche Lotto au\u00dferhalb Deutschlands kaufen | Deutschland Lotto online","description":"Spielscheine f\u00fcr das Deutsche Lotto 6\/49, die Sie hier sicher online kaufen k\u00f6nnen, von au\u00dferhalb Deutschlands","robots":{"index":"index","follow":"follow","max-snippet":"max-snippet:-1","max-image-preview":"max-image-preview:large","max-video-preview":"max-video-preview:-1"},"canonical":"https:\/\/jackpotlotteryonline.com\/buy-tickets\/lotto-germany\/","og_locale":"de_DE","og_type":"article","og_title":"Spielscheine f\u00fcr das deutsche Lotto au\u00dferhalb Deutschlands kaufen | Deutschland Lotto online","og_description":"Spielscheine f\u00fcr das Deutsche Lotto 6\/49, die Sie hier sicher online kaufen k\u00f6nnen, von au\u00dferhalb Deutschlands","og_url":"https:\/\/jackpotlotteryonline.com\/buy-tickets\/lotto-germany\/","og_site_name":"Lotto Online - Crack The International Lottery Jackpots","article_modified_time":"2023-01-03T20:58:34+00:00","og_image":[{"url":"https:\/\/jackpotlotteryonline.com\/wp-content\/uploads\/2022\/11\/2_ticket_euromillions3-1-111x300.jpg"}],"twitter_card":"summary_large_image","twitter_misc":{"Gesch\u00e4tzte Lesezeit":"6\u00a0Minuten"},"schema":{"@context":"https:\/\/schema.org","@graph":[{"@type":"WebPage","@id":"https:\/\/jackpotlotteryonline.com\/buy-tickets\/lotto-germany\/","url":"https:\/\/jackpotlotteryonline.com\/buy-tickets\/lotto-germany\/","name":"Spielscheine f\u00fcr das deutsche Lotto au\u00dferhalb Deutschlands kaufen | Deutschland Lotto online","isPartOf":{"@id":"https:\/\/jackpotlotteryonline.com\/#website"},"primaryImageOfPage":{"@id":"https:\/\/jackpotlotteryonline.com\/buy-tickets\/lotto-germany\/#primaryimage"},"image":{"@id":"https:\/\/jackpotlotteryonline.com\/buy-tickets\/lotto-germany\/#primaryimage"},"thumbnailUrl":"https:\/\/jackpotlotteryonline.com\/wp-content\/uploads\/2022\/11\/2_ticket_euromillions3-1-111x300.jpg","datePublished":"2022-11-08T09:37:16+00:00","dateModified":"2023-01-03T20:58:34+00:00","description":"Spielscheine f\u00fcr das Deutsche Lotto 6\/49, die Sie hier sicher online kaufen k\u00f6nnen, von au\u00dferhalb Deutschlands","breadcrumb":{"@id":"https:\/\/jackpotlotteryonline.com\/buy-tickets\/lotto-germany\/#breadcrumb"},"inLanguage":"de","potentialAction":[{"@type":"ReadAction","target":["https:\/\/jackpotlotteryonline.com\/buy-tickets\/lotto-germany\/"]}]},{"@type":"ImageObject","inLanguage":"de","@id":"https:\/\/jackpotlotteryonline.com\/buy-tickets\/lotto-germany\/#primaryimage","url":"https:\/\/jackpotlotteryonline.com\/wp-content\/uploads\/2022\/11\/2_ticket_euromillions3-1-111x300.jpg","contentUrl":"https:\/\/jackpotlotteryonline.com\/wp-content\/uploads\/2022\/11\/2_ticket_euromillions3-1-111x300.jpg"},{"@type":"BreadcrumbList","@id":"https:\/\/jackpotlotteryonline.com\/buy-tickets\/lotto-germany\/#breadcrumb","itemListElement":[{"@type":"ListItem","position":1,"name":"Home","item":"https:\/\/jackpotlotteryonline.com\/de\/"},{"@type":"ListItem","position":2,"name":"Wie man Lotterielose online kauft","item":"https:\/\/jackpotlotteryonline.com\/de\/spielscheine-kaufen\/"},{"@type":"ListItem","position":3,"name":"Spielscheine f\u00fcr Lotto Deutschland kaufen"}]},{"@type":"WebSite","@id":"https:\/\/jackpotlotteryonline.com\/#website","url":"https:\/\/jackpotlotteryonline.com\/","name":"Lotto Online - Crack The International Lottery Jackpots","description":"","potentialAction":[{"@type":"SearchAction","target":{"@type":"EntryPoint","urlTemplate":"https:\/\/jackpotlotteryonline.com\/?s={search_term_string}"},"query-input":"required name=search_term_string"}],"inLanguage":"de"}]}},"_links":{"self":[{"href":"https:\/\/jackpotlotteryonline.com\/de\/wp-json\/wp\/v2\/pages\/36671","targetHints":{"allow":["GET"]}}],"collection":[{"href":"https:\/\/jackpotlotteryonline.com\/de\/wp-json\/wp\/v2\/pages"}],"about":[{"href":"https:\/\/jackpotlotteryonline.com\/de\/wp-json\/wp\/v2\/types\/page"}],"author":[{"embeddable":true,"href":"https:\/\/jackpotlotteryonline.com\/de\/wp-json\/wp\/v2\/users\/1"}],"replies":[{"embeddable":true,"href":"https:\/\/jackpotlotteryonline.com\/de\/wp-json\/wp\/v2\/comments?post=36671"}],"version-history":[{"count":0,"href":"https:\/\/jackpotlotteryonline.com\/de\/wp-json\/wp\/v2\/pages\/36671\/revisions"}],"up":[{"embeddable":true,"href":"https:\/\/jackpotlotteryonline.com\/de\/wp-json\/wp\/v2\/pages\/35753"}],"wp:attachment":[{"href":"https:\/\/jackpotlotteryonline.com\/de\/wp-json\/wp\/v2\/media?parent=36671"}],"curies":[{"name":"wp","href":"https:\/\/api.w.org\/{rel}","templated":true}]}}