{"id":36725,"date":"2022-11-08T11:31:45","date_gmt":"2022-11-08T11:31:45","guid":{"rendered":"https:\/\/jackpotlotteryonline.com\/?page_id=36725"},"modified":"2022-12-21T14:44:39","modified_gmt":"2022-12-21T14:44:39","slug":"la-primitiva","status":"publish","type":"page","link":"https:\/\/jackpotlotteryonline.com\/de\/spielscheine-kaufen\/la-primitiva\/","title":{"rendered":"La Primitiva Tickets kaufen"},"content":{"rendered":"<h2>La Primitiva online<\/h2>\n<p>Spanische Lotterien haben schon immer die Fantasie vieler Menschen befl\u00fcgelt, und La Primitiva ist da keine Ausnahme. Und jetzt k\u00f6nnen Sie<strong> ein Los f\u00fcr La Primitiva auch au\u00dferhalb Spaniens online kaufen.<\/strong> Fr\u00fcher war La Primitiva nur spanischen Staatsb\u00fcrgern vorbehalten, doch mit der Verbreitung der Kommunikationsmittel ist die Lotterie in die n\u00e4chste Generation \u00fcbergegangen und wird nun jedem \u00fcber 18 Jahren angeboten.<\/p>\n<p>\u00dcber unsere Website kann das Lotto La Primitiva jetzt auch online gespielt werden. Es ist eine der gro\u00dfen europ\u00e4ischen Lotterien und bietet hohe Gewinne.<\/p>\n<p>Wenn Sie einen Schein f\u00fcr das Lotto La Primitiva online kaufen m\u00f6chten und au\u00dferhalb Spaniens leben, haben Sie nur die M\u00f6glichkeit, ihn bei uns zu kaufen. Wir haben viele Kunden aus der ganzen Welt und bieten Ihnen den besten Service. Dazu geh\u00f6rt, dass wir den Schein f\u00fcr La Primitiva in Ihrem Namen kaufen, Ihnen bei der Auswahl der Zahlen helfen und daf\u00fcr sorgen, dass Ihnen das Preisgeld sicher zugestellt wird.<\/p>\n<section class=\"layout\" style=\"border: solid 1px; width: 100%;\">\n<div class=\"img-div\" style=\"margin-top: 5px;\"><img decoding=\"async\" class=\"wp-image-17212 alignleft\" style=\"height: 45px; margin: 8px 8px 0px;\" src=\"http:\/\/jackpotlotteryonline.com\/wp-content\/uploads\/2022\/11\/read1.jpg\" alt=\"lesen\" width=\"\" height=\"\" \/><\/div>\n<div style=\"padding-left: 5px;\">\n<div style=\"font-size: 1.1em;\">\n<p><strong>Was ist das Geheimnis des Lotterieerfolgs?<\/strong><\/p>\n<p style=\"font-size: 0.85em; margin-top: -1.5em;\">Wie man erfolgreich Lotto spielt \u00a0<a href=\"https:\/\/jackpotlotteryonline.com\/de\/was-ist-das-geheimnis-des-lotterie-erfolgs\">mehr lesen<\/a><\/p>\n<\/div>\n<\/div>\n<\/section>\n<h2>Warum La Primitiva Online spielen?<\/h2>\n<p><a href=\"https:\/\/jackpotlotteryonline.com\/de\/gewinn-zahlen\/la-primitiva\">La Primitiva Online zieht dreimal<\/a> pro Woche. So haben Sie genug Zeit, um die Jackpots schnell ansteigen zu lassen. Gleichzeitig sind die Gewinnchancen auch in den oberen Gewinnklassen recht gut. Jeder Lottofan, der bei La Primitiva Online mitspielt, hat eine Chance von 1 zu 6, einen Geldpreis zu gewinnen.<\/p>\n<h2>La Primitiva vs. El Gordo vs. Die spanische Weihnachtslotterie<\/h2>\n<p>La Primitiva ist bei weitem eine der gr\u00f6\u00dften Lotterien in Bezug auf die angebotenen Gewinne und einer der begehrtesten unter den vielen Lotto-Jackpots, die Sie <a href=\"https:\/\/jackpotlotteryonline.com\/de\/wie-man-spielt\/la-primitiva-2\">auf unserer Website spielen k\u00f6nnen.<\/a> Es gibt keinen Grund, die Hoffnung oder die Chance zu verlieren, auch wenn Sie nicht in Spanien leben. Sie k\u00f6nnen von \u00fcberall auf der Welt spielen, wenn Sie \u00fcber 18 Jahre alt sind.<\/p>\n<p>El Gordo ist eine ganz andere Lotterie, aber auch diese k\u00f6nnen Sie auf unserer Website spielen. Die Ziehungen bei El Gordo finden nur einmal pro Woche statt, und zwar sonntags.<\/p>\n<p>Zus\u00e4tzlich zu den regelm\u00e4\u00dfigen w\u00f6chentlichen Ziehungen von La Primitiva und El Gordo gibt es die Weihnachtsausgabe von El Gordo, die nur einmal im Jahr, am 22. Dezember, gezogen wird.<\/p>\n","protected":false},"excerpt":{"rendered":"<p>La Primitiva online Spanische Lotterien haben schon immer die Fantasie vieler Menschen befl\u00fcgelt, und La Primitiva ist da keine Ausnahme. Und jetzt k\u00f6nnen Sie ein Los f\u00fcr La Primitiva auch au\u00dferhalb Spaniens online kaufen. Fr\u00fcher war La Primitiva nur spanischen Staatsb\u00fcrgern vorbehalten, doch mit der Verbreitung der Kommunikationsmittel ist die Lotterie in die n\u00e4chste Generation [&hellip;]<\/p>\n","protected":false},"author":1,"featured_media":0,"parent":35753,"menu_order":7,"comment_status":"closed","ping_status":"closed","template":"la-primitiva-info.php","meta":{"_et_pb_use_builder":"","_et_pb_old_content":"","_et_gb_content_width":"","exclude_from_search":false,"footnotes":""},"class_list":["post-36725","page","type-page","status-publish","hentry"],"yoast_head":"<!-- This site is optimized with the Yoast SEO plugin v23.3 - https:\/\/yoast.com\/wordpress\/plugins\/seo\/ -->\n<title>Lottoschein f\u00fcr La Primitiva Online und von au\u00dferhalb Spaniens kaufen<\/title>\n<meta name=\"description\" content=\"Kaufen Sie Spielscheine f\u00fcr La Primitiva Lotto von au\u00dferhalb Spaniens, dr\u00fccken Sie die Daumen, warten Sie und machen Sie das gro\u00dfe Los!\" \/>\n<meta name=\"robots\" content=\"index, follow, max-snippet:-1, max-image-preview:large, max-video-preview:-1\" \/>\n<link rel=\"canonical\" href=\"https:\/\/jackpotlotteryonline.com\/de\/spielscheine-kaufen\/la-primitiva\/\" \/>\n<meta property=\"og:locale\" content=\"de_DE\" \/>\n<meta property=\"og:type\" content=\"article\" \/>\n<meta property=\"og:title\" content=\"Lottoschein f\u00fcr La Primitiva Online und von au\u00dferhalb Spaniens kaufen\" \/>\n<meta property=\"og:description\" content=\"Kaufen Sie Spielscheine f\u00fcr La Primitiva Lotto von au\u00dferhalb Spaniens, dr\u00fccken Sie die Daumen, warten Sie und machen Sie das gro\u00dfe Los!\" \/>\n<meta property=\"og:url\" content=\"https:\/\/jackpotlotteryonline.com\/de\/spielscheine-kaufen\/la-primitiva\/\" \/>\n<meta property=\"og:site_name\" content=\"Lotto Online - Crack The International Lottery Jackpots\" \/>\n<meta property=\"article:modified_time\" content=\"2022-12-21T14:44:39+00:00\" \/>\n<meta property=\"og:image\" content=\"http:\/\/jackpotlotteryonline.com\/wp-content\/uploads\/2022\/11\/read1.jpg\" \/>\n<meta name=\"twitter:card\" content=\"summary_large_image\" \/>\n<meta name=\"twitter:label1\" content=\"Gesch\u00e4tzte Lesezeit\" \/>\n\t<meta name=\"twitter:data1\" content=\"2\u00a0Minuten\" \/>\n<!-- \/ Yoast SEO plugin. -->","yoast_head_json":{"title":"Lottoschein f\u00fcr La Primitiva Online und von au\u00dferhalb Spaniens kaufen","description":"Kaufen Sie Spielscheine f\u00fcr La Primitiva Lotto von au\u00dferhalb Spaniens, dr\u00fccken Sie die Daumen, warten Sie und machen Sie das gro\u00dfe Los!","robots":{"index":"index","follow":"follow","max-snippet":"max-snippet:-1","max-image-preview":"max-image-preview:large","max-video-preview":"max-video-preview:-1"},"canonical":"https:\/\/jackpotlotteryonline.com\/de\/spielscheine-kaufen\/la-primitiva\/","og_locale":"de_DE","og_type":"article","og_title":"Lottoschein f\u00fcr La Primitiva Online und von au\u00dferhalb Spaniens kaufen","og_description":"Kaufen Sie Spielscheine f\u00fcr La Primitiva Lotto von au\u00dferhalb Spaniens, dr\u00fccken Sie die Daumen, warten Sie und machen Sie das gro\u00dfe Los!","og_url":"https:\/\/jackpotlotteryonline.com\/de\/spielscheine-kaufen\/la-primitiva\/","og_site_name":"Lotto Online - Crack The International Lottery Jackpots","article_modified_time":"2022-12-21T14:44:39+00:00","og_image":[{"url":"http:\/\/jackpotlotteryonline.com\/wp-content\/uploads\/2022\/11\/read1.jpg"}],"twitter_card":"summary_large_image","twitter_misc":{"Gesch\u00e4tzte Lesezeit":"2\u00a0Minuten"},"schema":{"@context":"https:\/\/schema.org","@graph":[{"@type":"WebPage","@id":"https:\/\/jackpotlotteryonline.com\/de\/spielscheine-kaufen\/la-primitiva\/","url":"https:\/\/jackpotlotteryonline.com\/de\/spielscheine-kaufen\/la-primitiva\/","name":"Lottoschein f\u00fcr La Primitiva Online und von au\u00dferhalb Spaniens kaufen","isPartOf":{"@id":"https:\/\/jackpotlotteryonline.com\/#website"},"primaryImageOfPage":{"@id":"https:\/\/jackpotlotteryonline.com\/de\/spielscheine-kaufen\/la-primitiva\/#primaryimage"},"image":{"@id":"https:\/\/jackpotlotteryonline.com\/de\/spielscheine-kaufen\/la-primitiva\/#primaryimage"},"thumbnailUrl":"http:\/\/jackpotlotteryonline.com\/wp-content\/uploads\/2022\/11\/read1.jpg","datePublished":"2022-11-08T11:31:45+00:00","dateModified":"2022-12-21T14:44:39+00:00","description":"Kaufen Sie Spielscheine f\u00fcr La Primitiva Lotto von au\u00dferhalb Spaniens, dr\u00fccken Sie die Daumen, warten Sie und machen Sie das gro\u00dfe Los!","breadcrumb":{"@id":"https:\/\/jackpotlotteryonline.com\/de\/spielscheine-kaufen\/la-primitiva\/#breadcrumb"},"inLanguage":"de","potentialAction":[{"@type":"ReadAction","target":["https:\/\/jackpotlotteryonline.com\/de\/spielscheine-kaufen\/la-primitiva\/"]}]},{"@type":"ImageObject","inLanguage":"de","@id":"https:\/\/jackpotlotteryonline.com\/de\/spielscheine-kaufen\/la-primitiva\/#primaryimage","url":"http:\/\/jackpotlotteryonline.com\/wp-content\/uploads\/2022\/11\/read1.jpg","contentUrl":"http:\/\/jackpotlotteryonline.com\/wp-content\/uploads\/2022\/11\/read1.jpg"},{"@type":"BreadcrumbList","@id":"https:\/\/jackpotlotteryonline.com\/de\/spielscheine-kaufen\/la-primitiva\/#breadcrumb","itemListElement":[{"@type":"ListItem","position":1,"name":"Home","item":"https:\/\/jackpotlotteryonline.com\/de\/"},{"@type":"ListItem","position":2,"name":"Wie man Lotterielose online kauft","item":"https:\/\/jackpotlotteryonline.com\/de\/spielscheine-kaufen\/"},{"@type":"ListItem","position":3,"name":"La Primitiva Tickets kaufen"}]},{"@type":"WebSite","@id":"https:\/\/jackpotlotteryonline.com\/#website","url":"https:\/\/jackpotlotteryonline.com\/","name":"Lotto Online - Crack The International Lottery Jackpots","description":"","potentialAction":[{"@type":"SearchAction","target":{"@type":"EntryPoint","urlTemplate":"https:\/\/jackpotlotteryonline.com\/?s={search_term_string}"},"query-input":"required name=search_term_string"}],"inLanguage":"de"}]}},"_links":{"self":[{"href":"https:\/\/jackpotlotteryonline.com\/de\/wp-json\/wp\/v2\/pages\/36725","targetHints":{"allow":["GET"]}}],"collection":[{"href":"https:\/\/jackpotlotteryonline.com\/de\/wp-json\/wp\/v2\/pages"}],"about":[{"href":"https:\/\/jackpotlotteryonline.com\/de\/wp-json\/wp\/v2\/types\/page"}],"author":[{"embeddable":true,"href":"https:\/\/jackpotlotteryonline.com\/de\/wp-json\/wp\/v2\/users\/1"}],"replies":[{"embeddable":true,"href":"https:\/\/jackpotlotteryonline.com\/de\/wp-json\/wp\/v2\/comments?post=36725"}],"version-history":[{"count":0,"href":"https:\/\/jackpotlotteryonline.com\/de\/wp-json\/wp\/v2\/pages\/36725\/revisions"}],"up":[{"embeddable":true,"href":"https:\/\/jackpotlotteryonline.com\/de\/wp-json\/wp\/v2\/pages\/35753"}],"wp:attachment":[{"href":"https:\/\/jackpotlotteryonline.com\/de\/wp-json\/wp\/v2\/media?parent=36725"}],"curies":[{"name":"wp","href":"https:\/\/api.w.org\/{rel}","templated":true}]}}