{"id":36780,"date":"2022-11-09T06:41:19","date_gmt":"2022-11-09T06:41:19","guid":{"rendered":"https:\/\/jackpotlotteryonline.com\/?page_id=36780"},"modified":"2023-01-03T21:34:23","modified_gmt":"2023-01-03T21:34:23","slug":"lotto-france","status":"publish","type":"page","link":"https:\/\/jackpotlotteryonline.com\/de\/spielscheine-kaufen\/lotto-france\/","title":{"rendered":"Lotto Frankreich Scheine kaufen"},"content":{"rendered":"<p>Kann man Spielscheine f\u00fcr das franz\u00f6sische Lotto von au\u00dferhalb des europ\u00e4ischen Landes kaufen? Vielleicht sind Sie ein erfahrener Tipper oder ein Neuling und fragen sich, warum Sie sich f\u00fcr diese besondere Lotterie interessieren sollten. Wir werden Ihnen ein paar Gr\u00fcnde nennen, warum wir glauben, dass die nationale franz\u00f6sische Lotterie ein gro\u00dfartiges Spiel ist. Wenn Sie ein Spieler aus einem anderen Teil der Welt sind, werden Sie erfahren, wie Sie ebenfalls Teilnahmen an dieser Lotterie erwerben k\u00f6nnen.<\/p>\n<p>Die Lotterie ist ein Gl\u00fccksspiel, und manchmal m\u00fcssen Sie vielleicht Ihr Netz ausbreiten, um gr\u00f6\u00dfere Fische zu fangen. Im Grunde bedeutet dies, dass Sie andere Lotterien erkunden m\u00fcssen, um Ihre Gewinnchancen zu erh\u00f6hen. Die franz\u00f6sische Lotterie ist aus vielen Gr\u00fcnden eine gute Lotterie, um sie auszuprobieren, und wir werden in diesem Artikel auf diese Gr\u00fcnde eingehen.<\/p>\n<h2>Erstaunliche Jackpot-Betr\u00e4ge<\/h2>\n<p>Das franz\u00f6sische Lotto, auch France Lotto oder kurz Loto genannt, hat sehr attraktive Jackpots, die Spieler aus der ganzen Welt anziehen. Mit einem Startbetrag von 2 Millionen Euro hat der Jackpot das Potenzial, viel gr\u00f6\u00dfer zu werden, wenn er nicht nach jeder Ziehung geknackt wird.<\/p>\n<p>Der Jackpot der franz\u00f6sischen Lotterie rollt weiter, wenn es keinen Gewinner gibt, und w\u00e4chst weiter an, bis er einen betr\u00e4chtlichen Betrag erreicht hat. Wenn Sie diese europ\u00e4ische Lotterie spielen, k\u00f6nnen Sie einen Jackpot von 11 Millionen Euro oder mehr gewinnen.<\/p>\n<p>Zum Vergleich: Der Jackpot steigt nach jeder Ziehung um 1 Million Euro und kann 34 Mal hintereinander steigen, bevor er nicht mehr weiterl\u00e4uft. Versuchen Sie sich vorzustellen, wie viel das alles ausmachen kann, und zwar ziemlich schnell.<\/p>\n<h2>Mehrere Ziehungen pro Woche<\/h2>\n<p>Der Grund, warum der Jackpot so schnell w\u00e4chst, liegt in der Anzahl der Ziehungen. <a href=\"https:\/\/jackpotlotteryonline.com\/de\/gewinn-zahlen\/france-lotto-2\">Die franz\u00f6sische Lotterie hat drei Ziehungen in der Woche<\/a>, so dass die Spieler mehrere Chancen auf einen gro\u00dfen Gewinn haben. Die Ziehungen finden am Montag, Mittwoch und Samstag statt.<\/p>\n<p>Wenn Sie sich f\u00fcr die Teilnahme an dieser Lotterie entscheiden, empfehlen wir Ihnen, an mehreren Ziehungen teilzunehmen, da Sie auf diese Weise Ihre Gewinnchancen erh\u00f6hen k\u00f6nnen.<\/p>\n<h2>10 verschiedene Gewinnkategorien<\/h2>\n<p><img loading=\"lazy\" decoding=\"async\" class=\"alignright size-full wp-image-30344\" src=\"https:\/\/jackpotlotteryonline.com\/wp-content\/uploads\/2022\/11\/1_winning_numbers_euromillions.jpg\" alt=\"Frankreich Lotto Gewinnklasse\" width=\"300\" height=\"300\" srcset=\"https:\/\/jackpotlotteryonline.com\/wp-content\/uploads\/2022\/11\/1_winning_numbers_euromillions.jpg 300w, https:\/\/jackpotlotteryonline.com\/wp-content\/uploads\/2022\/11\/1_winning_numbers_euromillions-100x100.jpg 100w, https:\/\/jackpotlotteryonline.com\/wp-content\/uploads\/2022\/11\/1_winning_numbers_euromillions-150x150.jpg 150w\" sizes=\"auto, (max-width: 300px) 100vw, 300px\" \/><\/p>\n<p>Der Jackpot ist ein attraktiver Preis, aber das ist nicht das Einzige, was Sie beim<a href=\"https:\/\/jackpotlotteryonline.com\/de\/wie-man-spielt\/france-lotto\"> franz\u00f6sischen Lotto gewinnen<\/a> k\u00f6nnen. Bei dieser 1978 gegr\u00fcndeten Lotterie gibt es zehn verschiedene Gewinnkategorien. Es gibt sogar einen Preis f\u00fcr die \u00dcbereinstimmung mit der Zufallszahl.<\/p>\n<p>Die Gewinnkategorien sind im Folgenden aufgef\u00fchrt.<\/p>\n<p>5 gleiche Zahlen + Zufallszahl &#8211; Jackpot<br \/>\nNur 5 Richtige &#8211; 8,44% des Preisfonds<br \/>\n4 gleiche Zahlen + Zufallszahl &#8211; 2,06% des Preisfonds<br \/>\nNur 4 gleiche Zahlen &#8211; 7,43% des Gewinns<br \/>\n3 gleiche Zahlen + Zufallszahl &#8211; 4,44% des Gewinns<br \/>\nNur 3 gleiche Zahlen &#8211; 15,98% des Preisgeldes<br \/>\n2 gleiche Zahlen + Zufallszahl &#8211; 12,43% des Preisfonds<br \/>\nNur 2 gleiche Zahlen &#8211; 49,22% des Preisfonds<br \/>\nRichtige 1 Zahl + Zufallszahl &#8211; \u20ac 2,20<br \/>\nNur Zufallszahl &#8211; \u20ac 2,20<\/p>\n<h2>Einfaches Spielen offline und online<\/h2>\n<p>Ein weiterer Grund, die franz\u00f6sische Lotterie zu spielen, ist, dass es recht einfach ist, an der Lotterie teilzunehmen. Wenn Sie in Frankreich leben, ist die Teilnahme an der Lotterie so einfach, wie zu einem registrierten Lotterieanbieter zu gehen und einen Lottoschein zu kaufen. Auf dem Schein k\u00f6nnen Sie 5 Hauptzahlen und eine Zufallszahl w\u00e4hlen. Sie k\u00f6nnen mehr als eine Zahlenreihe w\u00e4hlen, um Ihre Chancen auf einen Lottogewinn zu erh\u00f6hen.<\/p>\n<p>Wenn Sie jedoch au\u00dferhalb Frankreichs leben, ist die Teilnahme an der Lotterie weniger einfach. Sie k\u00f6nnen keine Lottoscheine f\u00fcr diese Lotterie in einem Gesch\u00e4ft kaufen, also m\u00fcssen Sie die Scheine online erwerben. Wenn Sie \u00fcber das Internet an der Lotterie teilnehmen, gilt das gleiche Prinzip. Das hei\u00dft, Sie ziehen 5 Hauptzahlen und eine Zufallszahl.<\/p>\n<p>Unabh\u00e4ngig davon, ob Sie die Lotterie offline oder online spielen, m\u00fcssen Sie die Anzahl der Ziehungen w\u00e4hlen, an denen Sie teilnehmen m\u00f6chten. Am Ende der Ziehungen gewinnt der Schein, der mit den gezogenen Zahlen \u00fcbereinstimmt.<\/p>\n<section class=\"layout\" style=\"border: solid 1px; width: 100%;\">\n<div class=\"img-div\" style=\"margin-top: 5px;\"><img decoding=\"async\" class=\"wp-image-17212 alignleft\" style=\"height: 45px; margin: 8px 8px 0px;\" src=\"https:\/\/jackpotlotteryonline.com\/wp-content\/uploads\/2022\/11\/read1.jpg\" alt=\"lesen\" width=\"\" height=\"\" \/><\/div>\n<div style=\"padding-left: 5px;\">\n<div style=\"font-size: 1.1em;\">\n<p><strong>Verfolgen Sie die Ziehung Ihrer Lottozahlen live<\/strong><\/p>\n<p style=\"font-size: 0.85em; margin-top: -1.5em;\">Wie Sie die Ziehungen Ihrer Lieblingslotterien live verfolgen k\u00f6nnen\u00a0<a href=\"https:\/\/jackpotlotteryonline.com\/de\/beobachten-sie-wie-ihre-lottozahlen-live-gezogen-werden\"> mehr lesen<\/a><\/p>\n<\/div>\n<\/div>\n<\/section>\n<h2>Spielen Sie das franz\u00f6sische Lotto mit jackpotlotteryonline.com<\/h2>\n<p>Wenn Sie zum ersten Mal Lotto \u00fcber das Internet spielen, kann es sehr schnell sehr verwirrend werden. Wie k\u00f6nnen Sie all die verschiedenen Websites, die vorgeben, Lottoscheine zu verkaufen, nach echten Anbietern durchsuchen? Das ist ganz einfach. Suchen Sie nach einer Website, die Concierge-Dienste anbietet.<\/p>\n<p>Bei jackpotlotteryoneline.com bieten wir unseren Kunden Concierge-Dienste an, um sicherzustellen, dass sie Zugang zu den Lotterien ihrer Wahl erhalten. Wenn Sie einen Eintrag auf unserer Website erwerben, kaufen unsere Vertreter in Frankreich physische Spielscheine mit der von Ihnen gew\u00e4hlten Nummer.<\/p>\n<p>So k\u00f6nnen Sie sicher sein, dass Sie nicht nur auf das Ergebnis der Lotterie wetten, sondern auch tats\u00e4chlich an den Ziehungen teilnehmen und die Chance haben, den Jackpot zu knacken.<\/p>\n<h2>Tipps zur Erh\u00f6hung Ihrer Gewinnchancen<\/h2>\n<p><img loading=\"lazy\" decoding=\"async\" class=\"alignright size-full wp-image-35051\" src=\"https:\/\/jackpotlotteryonline.com\/wp-content\/uploads\/2022\/11\/2_ticket_saturday_lotto_au-1-166x300-1.jpg\" alt=\"Frankreich Lottoschein\" width=\"166\" height=\"300\" \/><\/p>\n<p>Die Lotterie ist ein Zahlenspiel. Je mehr Sie spielen, desto h\u00f6her sind Ihre Gewinnchancen. Ein gro\u00dfer Prozentsatz der Lottogewinner gab an, dass sie mehrere Jahre lang gespielt hatten, bevor sie gewannen. Hier sind also einige M\u00f6glichkeiten, wie Sie Ihre Gewinnchancen im Lotto erh\u00f6hen k\u00f6nnen.<\/p>\n<ul>\n<li>Kaufen Sie mehrere Lose f\u00fcr die Lotterie. Das scheint so offensichtlich zu sein, aber es gibt Leute, die einen einzigen Tippschein f\u00fcr eine einzige Ziehung kaufen und dann entt\u00e4uscht sind, weil sie nicht gewonnen haben. Wenn Sie Ihre Gewinnchancen erh\u00f6hen wollen, m\u00fcssen Sie mehrere Eintr\u00e4ge kaufen.<\/li>\n<li>Nehmen Sie auch an mehreren Ziehungen teil. Die Logik ist bei den Ziehungen dieselbe. Je mehr Ziehungen Sie mitmachen, desto h\u00f6her sind Ihre Chancen auf einen gro\u00dfen Gewinn.<\/li>\n<li>Versuchen Sie, einer Spielgemeinschaft beizutreten. Dabei handelt es sich um eine Gruppe von Personen, die sich zusammenschlie\u00dfen, um ihre Ressourcen zu b\u00fcndeln, damit sie Lotto spielen k\u00f6nnen. Mit den geb\u00fcndelten Mitteln k\u00f6nnen sie mehr Eintr\u00e4ge kaufen und an mehreren Ziehungen teilnehmen. Interessanterweise haben viele Lottospielgemeinschaften im Laufe der Jahre unglaubliche Jackpots gewonnen, es ist also eine gute M\u00f6glichkeit, es zu versuchen.<\/li>\n<li>Glauben Sie daran, dass Sie gewinnen werden. Es gibt das Gesetz der Anziehung, und viele Lottogewinner w\u00fcrden Ihnen sagen, dass sie daran geglaubt haben, dass sie im Lotto gewinnen w\u00fcrden. Wenn Sie etwas Zeit damit verbringen, Lotto zu spielen, ist es eine gute Idee, fest daran zu glauben, dass Sie gewinnen werden.<\/li>\n<li>Geben Sie nicht auf. Es ist verlockend, aufzugeben, wenn man ein paar Mal gespielt hat, ohne zu gewinnen. Aber wenn Sie wirklich gro\u00df gewinnen wollen, m\u00fcssen Sie konsequent sein. Setzen Sie nur, was Sie sich leisten k\u00f6nnen.<\/li>\n<li>Vergessen Sie nicht, beim Lottospielen Spa\u00df zu haben. Letzten Endes ist es immer noch ein Spiel, und solange Sie die Erfahrung genie\u00dfen, ist es das wert.<\/li>\n<\/ul>\n<h2>Kaufen Sie Ihre franz\u00f6sischen Lottoscheine jetzt<\/h2>\n<p>Wenn Sie genauso begeistert von der franz\u00f6sischen Lotterie sind wie wir, dann ist es an der Zeit, Ihre Teilnahme an der Lotterie zu kaufen. Zum Gl\u00fcck spielt es keine Rolle mehr, wo Sie wohnen, denn Sie k\u00f6nnen Ihre Scheine online kaufen.<\/p>\n<p>Wenn Sie sich bei uns registrieren, m\u00fcssen Sie sich keine Sorgen machen, dass Sie Ihre Lose verlieren oder vergessen, die Ergebnisse zu \u00fcberpr\u00fcfen. Wir erledigen das alles f\u00fcr Sie und benachrichtigen Sie \u00fcber etwaige Gewinne, die Sie erzielt haben. \u00dcber unsere Plattform k\u00f6nnen Sie Ihre Gewinne auch problemlos abheben.<\/p>\n<p>Das Lottospielen ist eine nahtlose und stressfreie Erfahrung, wenn Sie auf unserer Website spielen. Man wei\u00df nie, ob das Gl\u00fcck an diesem Tag auf Ihrer Seite sein wird. Melden Sie sich also noch heute bei uns an, um Spielscheine f\u00fcr das franz\u00f6sische Lotto zu erwerben.<\/p>\n","protected":false},"excerpt":{"rendered":"<p>Kann man Spielscheine f\u00fcr das franz\u00f6sische Lotto von au\u00dferhalb des europ\u00e4ischen Landes kaufen? Vielleicht sind Sie ein erfahrener Tipper oder ein Neuling und fragen sich, warum Sie sich f\u00fcr diese besondere Lotterie interessieren sollten. Wir werden Ihnen ein paar Gr\u00fcnde nennen, warum wir glauben, dass die nationale franz\u00f6sische Lotterie ein gro\u00dfartiges Spiel ist. Wenn Sie [&hellip;]<\/p>\n","protected":false},"author":1,"featured_media":0,"parent":35753,"menu_order":9,"comment_status":"closed","ping_status":"closed","template":"lotto-fr-info.php","meta":{"_et_pb_use_builder":"","_et_pb_old_content":"","_et_gb_content_width":"","exclude_from_search":false,"footnotes":""},"class_list":["post-36780","page","type-page","status-publish","hentry"],"yoast_head":"<!-- This site is optimized with the Yoast SEO plugin v23.3 - https:\/\/yoast.com\/wordpress\/plugins\/seo\/ -->\n<title>Lottoscheine f\u00fcr das franz\u00f6sische Lotto von au\u00dferhalb Frankreichs kaufen | Lottoscheine f\u00fcr Frankreich online erwerben<\/title>\n<meta name=\"description\" content=\"Um Spielscheine f\u00fcr das franz\u00f6sische Lotto zu kaufen, m\u00fcssen Sie nicht in Frankreich sein. Holen Sie sich Ihre Spielscheine f\u00fcr die franz\u00f6sische Lotterie hier online!\" \/>\n<meta name=\"robots\" content=\"index, follow, max-snippet:-1, max-image-preview:large, max-video-preview:-1\" \/>\n<link rel=\"canonical\" href=\"https:\/\/jackpotlotteryonline.com\/de\/spielscheine-kaufen\/lotto-france\/\" \/>\n<meta property=\"og:locale\" content=\"de_DE\" \/>\n<meta property=\"og:type\" content=\"article\" \/>\n<meta property=\"og:title\" content=\"Lottoscheine f\u00fcr das franz\u00f6sische Lotto von au\u00dferhalb Frankreichs kaufen | Lottoscheine f\u00fcr Frankreich online erwerben\" \/>\n<meta property=\"og:description\" content=\"Um Spielscheine f\u00fcr das franz\u00f6sische Lotto zu kaufen, m\u00fcssen Sie nicht in Frankreich sein. Holen Sie sich Ihre Spielscheine f\u00fcr die franz\u00f6sische Lotterie hier online!\" \/>\n<meta property=\"og:url\" content=\"https:\/\/jackpotlotteryonline.com\/de\/spielscheine-kaufen\/lotto-france\/\" \/>\n<meta property=\"og:site_name\" content=\"Lotto Online - Crack The International Lottery Jackpots\" \/>\n<meta property=\"article:modified_time\" content=\"2023-01-03T21:34:23+00:00\" \/>\n<meta property=\"og:image\" content=\"https:\/\/jackpotlotteryonline.com\/wp-content\/uploads\/2022\/11\/1_winning_numbers_euromillions.jpg\" \/>\n<meta name=\"twitter:card\" content=\"summary_large_image\" \/>\n<meta name=\"twitter:label1\" content=\"Gesch\u00e4tzte Lesezeit\" \/>\n\t<meta name=\"twitter:data1\" content=\"6\u00a0Minuten\" \/>\n<!-- \/ Yoast SEO plugin. -->","yoast_head_json":{"title":"Lottoscheine f\u00fcr das franz\u00f6sische Lotto von au\u00dferhalb Frankreichs kaufen | Lottoscheine f\u00fcr Frankreich online erwerben","description":"Um Spielscheine f\u00fcr das franz\u00f6sische Lotto zu kaufen, m\u00fcssen Sie nicht in Frankreich sein. Holen Sie sich Ihre Spielscheine f\u00fcr die franz\u00f6sische Lotterie hier online!","robots":{"index":"index","follow":"follow","max-snippet":"max-snippet:-1","max-image-preview":"max-image-preview:large","max-video-preview":"max-video-preview:-1"},"canonical":"https:\/\/jackpotlotteryonline.com\/de\/spielscheine-kaufen\/lotto-france\/","og_locale":"de_DE","og_type":"article","og_title":"Lottoscheine f\u00fcr das franz\u00f6sische Lotto von au\u00dferhalb Frankreichs kaufen | Lottoscheine f\u00fcr Frankreich online erwerben","og_description":"Um Spielscheine f\u00fcr das franz\u00f6sische Lotto zu kaufen, m\u00fcssen Sie nicht in Frankreich sein. Holen Sie sich Ihre Spielscheine f\u00fcr die franz\u00f6sische Lotterie hier online!","og_url":"https:\/\/jackpotlotteryonline.com\/de\/spielscheine-kaufen\/lotto-france\/","og_site_name":"Lotto Online - Crack The International Lottery Jackpots","article_modified_time":"2023-01-03T21:34:23+00:00","og_image":[{"url":"https:\/\/jackpotlotteryonline.com\/wp-content\/uploads\/2022\/11\/1_winning_numbers_euromillions.jpg"}],"twitter_card":"summary_large_image","twitter_misc":{"Gesch\u00e4tzte Lesezeit":"6\u00a0Minuten"},"schema":{"@context":"https:\/\/schema.org","@graph":[{"@type":"WebPage","@id":"https:\/\/jackpotlotteryonline.com\/de\/spielscheine-kaufen\/lotto-france\/","url":"https:\/\/jackpotlotteryonline.com\/de\/spielscheine-kaufen\/lotto-france\/","name":"Lottoscheine f\u00fcr das franz\u00f6sische Lotto von au\u00dferhalb Frankreichs kaufen | Lottoscheine f\u00fcr Frankreich online erwerben","isPartOf":{"@id":"https:\/\/jackpotlotteryonline.com\/#website"},"primaryImageOfPage":{"@id":"https:\/\/jackpotlotteryonline.com\/de\/spielscheine-kaufen\/lotto-france\/#primaryimage"},"image":{"@id":"https:\/\/jackpotlotteryonline.com\/de\/spielscheine-kaufen\/lotto-france\/#primaryimage"},"thumbnailUrl":"https:\/\/jackpotlotteryonline.com\/wp-content\/uploads\/2022\/11\/1_winning_numbers_euromillions.jpg","datePublished":"2022-11-09T06:41:19+00:00","dateModified":"2023-01-03T21:34:23+00:00","description":"Um Spielscheine f\u00fcr das franz\u00f6sische Lotto zu kaufen, m\u00fcssen Sie nicht in Frankreich sein. Holen Sie sich Ihre Spielscheine f\u00fcr die franz\u00f6sische Lotterie hier online!","breadcrumb":{"@id":"https:\/\/jackpotlotteryonline.com\/de\/spielscheine-kaufen\/lotto-france\/#breadcrumb"},"inLanguage":"de","potentialAction":[{"@type":"ReadAction","target":["https:\/\/jackpotlotteryonline.com\/de\/spielscheine-kaufen\/lotto-france\/"]}]},{"@type":"ImageObject","inLanguage":"de","@id":"https:\/\/jackpotlotteryonline.com\/de\/spielscheine-kaufen\/lotto-france\/#primaryimage","url":"https:\/\/jackpotlotteryonline.com\/wp-content\/uploads\/2022\/11\/1_winning_numbers_euromillions.jpg","contentUrl":"https:\/\/jackpotlotteryonline.com\/wp-content\/uploads\/2022\/11\/1_winning_numbers_euromillions.jpg"},{"@type":"BreadcrumbList","@id":"https:\/\/jackpotlotteryonline.com\/de\/spielscheine-kaufen\/lotto-france\/#breadcrumb","itemListElement":[{"@type":"ListItem","position":1,"name":"Home","item":"https:\/\/jackpotlotteryonline.com\/de\/"},{"@type":"ListItem","position":2,"name":"Wie man Lotterielose online kauft","item":"https:\/\/jackpotlotteryonline.com\/de\/spielscheine-kaufen\/"},{"@type":"ListItem","position":3,"name":"Lotto Frankreich Scheine kaufen"}]},{"@type":"WebSite","@id":"https:\/\/jackpotlotteryonline.com\/#website","url":"https:\/\/jackpotlotteryonline.com\/","name":"Lotto Online - Crack The International Lottery Jackpots","description":"","potentialAction":[{"@type":"SearchAction","target":{"@type":"EntryPoint","urlTemplate":"https:\/\/jackpotlotteryonline.com\/?s={search_term_string}"},"query-input":"required name=search_term_string"}],"inLanguage":"de"}]}},"_links":{"self":[{"href":"https:\/\/jackpotlotteryonline.com\/de\/wp-json\/wp\/v2\/pages\/36780","targetHints":{"allow":["GET"]}}],"collection":[{"href":"https:\/\/jackpotlotteryonline.com\/de\/wp-json\/wp\/v2\/pages"}],"about":[{"href":"https:\/\/jackpotlotteryonline.com\/de\/wp-json\/wp\/v2\/types\/page"}],"author":[{"embeddable":true,"href":"https:\/\/jackpotlotteryonline.com\/de\/wp-json\/wp\/v2\/users\/1"}],"replies":[{"embeddable":true,"href":"https:\/\/jackpotlotteryonline.com\/de\/wp-json\/wp\/v2\/comments?post=36780"}],"version-history":[{"count":0,"href":"https:\/\/jackpotlotteryonline.com\/de\/wp-json\/wp\/v2\/pages\/36780\/revisions"}],"up":[{"embeddable":true,"href":"https:\/\/jackpotlotteryonline.com\/de\/wp-json\/wp\/v2\/pages\/35753"}],"wp:attachment":[{"href":"https:\/\/jackpotlotteryonline.com\/de\/wp-json\/wp\/v2\/media?parent=36780"}],"curies":[{"name":"wp","href":"https:\/\/api.w.org\/{rel}","templated":true}]}}