{"id":36832,"date":"2022-11-09T08:35:46","date_gmt":"2022-11-09T08:35:46","guid":{"rendered":"https:\/\/jackpotlotteryonline.com\/?page_id=36832"},"modified":"2023-01-04T09:05:44","modified_gmt":"2023-01-04T09:05:44","slug":"lotto-america","status":"publish","type":"page","link":"https:\/\/jackpotlotteryonline.com\/de\/spielscheine-kaufen\/lotto-america\/","title":{"rendered":"Lotto Amerika Spielscheine online"},"content":{"rendered":"<p>Im M\u00e4rz 2018 gewann eine Familie den Jackpot von Lotto Amerika in H\u00f6he von 23 Millionen Dollar. Das ist der h\u00f6chste Preis, den ein Spieler bisher gewonnen hat, hat aber die Aufmerksamkeit auf diese Lotterie gelenkt. Die Lotterie wurde 1988 von sieben amerikanischen Bundesstaaten gegr\u00fcndet, mehrere andere Staaten schlossen sich ihr an. Im Laufe der Jahre hat sie mehrere Million\u00e4re hervorgebracht.<\/p>\n<p>Sie k\u00f6nnen in jedem der teilnehmenden Bundesstaaten Lose f\u00fcr diese Lotterie erwerben. Interessanterweise ist dies nicht die einzige Lotterie in den USA, aber sie hat immer wieder Spieler von \u00fcberall her angezogen. Wenn Sie ein Spieler au\u00dferhalb Nordamerikas sind, fragen Sie sich vielleicht, wie Sie Lose f\u00fcr diese Lotterie kaufen k\u00f6nnen.<\/p>\n<p>Wir f\u00fchren Sie durch das <a href=\"https:\/\/jackpotlotteryonline.com\/de\/wie-man-spielt\/lotto-america-2\">erfolgreiche Spielen dieser Lotterie von au\u00dferhalb der Staaten<\/a>. Wir werden auch unser Bestes tun, um alle Fragen zu beantworten, die Sie \u00fcber Lotto America und die Teilnahme an der Lotterie haben k\u00f6nnten.<\/p>\n<h2>Wie funktioniert die Lotterie?<\/h2>\n<p><img loading=\"lazy\" decoding=\"async\" class=\"size-full wp-image-29993 alignright\" src=\"https:\/\/jackpotlotteryonline.com\/wp-content\/uploads\/2022\/11\/1_win_lottery_usa_online.jpg\" alt=\"Lotto Amerika Spielscheine online\" width=\"300\" height=\"200\" \/><\/p>\n<p>Wie die meisten Lotteriespiele ist auch dieses ein Zahlenspiel, und zwar in mehr als einer Hinsicht. Es ist ein Spiel mit Zahlen, bei dem die Spieler keine hohen Gewinnchancen haben. Aber das ist die Lotterie, und man kann nicht vorhersagen, wann das Gl\u00fcck einem Spieler hold ist. Ein Zahlenspiel ist es auch in der Art und Weise, wie das Spiel gespielt wird.<\/p>\n<p>Bei dieser US-Lotterie m\u00fcssen die Spieler f\u00fcnf Hauptzahlen zwischen 1 und 52 w\u00e4hlen. Sie m\u00fcssen au\u00dferdem eine Star Ball-Zahl zwischen 1 und 10 w\u00e4hlen. Das sind insgesamt 6 Zahlen. Wenn Sie sich nicht sicher sind, welche Zahlen Sie w\u00e4hlen sollen, k\u00f6nnen Sie einen automatischen Tipper verwenden, um die Auswahl zu beschleunigen. Sie k\u00f6nnen auch mehrere Zahlenreihen ausw\u00e4hlen, um Ihre Gewinnchancen zu erh\u00f6hen.<\/p>\n<p>Als n\u00e4chstes w\u00e4hlen Sie aus, an wie vielen Ziehungen Sie teilnehmen m\u00f6chten. Diese amerikanische Lotterie f\u00fchrt drei Ziehungen pro Woche durch, am Montag, Mittwoch und Samstag. Sie k\u00f6nnen sich f\u00fcr mehrere Ziehungen anmelden.<\/p>\n<h2>Den All Star Bonus spielen<\/h2>\n<p>Mit dem All Star Bonus k\u00f6nnen Sie Ihre Gewinne vervielfachen. Wenn Sie Ihre Zahlen w\u00e4hlen, k\u00f6nnen Sie den All Star-Bonus gegen eine zus\u00e4tzliche Geb\u00fchr einbeziehen. Dies ist besonders n\u00fctzlich f\u00fcr diejenigen, die Preise in den anderen Kategorien gewinnen, da es den Gewinn erheblich erh\u00f6hen kann.<\/p>\n<p>Der All-Star-Bonus wird nach dem Zufallsprinzip ausgew\u00e4hlt und<a href=\"https:\/\/jackpotlotteryonline.com\/de\/gewinn-zahlen\/lotto-america\"> am Tag der Ziehung<\/a> bekannt gegeben. Bitte beachten Sie, dass Sie diesen Bonus nicht nach dem Kauf Ihres Loses einl\u00f6sen k\u00f6nnen. Er muss beim Kauf eines Loses mit angegeben werden.<\/p>\n<section class=\"layout\" style=\"border: solid 1px; width: 100%;\">\n<div class=\"img-div\" style=\"margin-top: 5px;\"><img decoding=\"async\" class=\"wp-image-17212 alignleft\" style=\"height: 45px; margin: 8px 8px 0px;\" src=\"https:\/\/jackpotlotteryonline.com\/wp-content\/uploads\/2022\/11\/read1.jpg\" alt=\"lesen\" width=\"\" height=\"\" \/><\/div>\n<div style=\"padding-left: 5px;\">\n<div style=\"font-size: 1.1em;\">\n<p><strong>Einige Lotteriegewinner gaben der Gemeinschaft etwas zur\u00fcck<\/strong><\/p>\n<p style=\"font-size: 0.85em; margin-top: -1.5em;\">Einige interessante und herzerw\u00e4rmende Geschichten \u00fcber Lottogewinner, die etwas zur\u00fcckgeben\u00a0 <a href=\"https:\/\/jackpotlotteryonline.com\/de\/geschichten-ueber-lotteriegewinner-die-zurueckgeben\"> mehr lesen<\/a><\/p>\n<\/div>\n<\/div>\n<\/section>\n<h2>Gewinnen Sie den Jackpot<\/h2>\n<p>Der Jackpot beginnt bei $2 Millionen. Wenn es nach einer Ziehung keinen Gewinner gibt, wird er auf die n\u00e4chste Ziehung \u00fcbertragen. Er rollt weiter, bis er $10 Millionen erreicht. Wie eingangs erw\u00e4hnt, kann er weit \u00fcber 10 Millionen $ hinausgehen.<\/p>\n<p>Es ist wichtig zu wissen, dass der Jackpot nicht der einzige Preis ist, den ein Spieler bei dieser amerikanischen Lotterie gewinnen kann. Es gibt acht weitere Gewinnstufen, darunter auch einen Preis f\u00fcr die \u00dcbereinstimmung mit dem Star Ball. In Verbindung mit dem All Star Bonus kann ein Spieler, der einen Nebenpreis gewinnt, noch viel reicher nach Hause gehen.<\/p>\n<h2>Wenn Sie gewinnen<\/h2>\n<p>Laut der Website von Lotto America k\u00f6nnen Sie Ihren Gewinn nur in dem Staat einfordern, in dem Sie gewonnen haben. Wenn Sie Ihren Schein also zum Beispiel in Maine gekauft haben, m\u00fcssen Sie sich in diesen Staat begeben, um Ihren Gewinn einzufordern. Wenn Sie jedoch au\u00dferhalb der USA leben, liegen die Dinge etwas anders.<\/p>\n<h2>Wie kauft man Lotto America-Scheine von au\u00dferhalb der USA?<\/h2>\n<p><img loading=\"lazy\" decoding=\"async\" class=\"alignright size-medium wp-image-34079\" src=\"https:\/\/jackpotlotteryonline.com\/wp-content\/uploads\/2022\/11\/2_ticket_mon_wed_lotto_au-176x300.jpg\" alt=\"Lotto Amerika Scheine von au\u00dferhalb der USA\" width=\"176\" height=\"300\" srcset=\"https:\/\/jackpotlotteryonline.com\/wp-content\/uploads\/2022\/11\/2_ticket_mon_wed_lotto_au-176x300.jpg 176w, https:\/\/jackpotlotteryonline.com\/wp-content\/uploads\/2022\/11\/2_ticket_mon_wed_lotto_au.jpg 250w\" sizes=\"auto, (max-width: 176px) 100vw, 176px\" \/><\/p>\n<p>Es gibt nur zwei M\u00f6glichkeiten, an dieser Lotterie teilzunehmen. Die erste ist, einen Schein bei einem Verk\u00e4ufer in einem der Staaten zu kaufen, in denen Lose verkauft werden. Die zweite M\u00f6glichkeit besteht darin, sich \u00fcber das Internet Zugang zur Lotterie zu verschaffen. Immer mehr Tipper nehmen online an internationalen Lotterien teil.<\/p>\n<p>Es gibt Lotterieseiten, die den Spielern einen legitimen Zugang zu Lotterien in der ganzen Welt erm\u00f6glichen. Bevor Sie sich auf eine dieser Seiten begeben, sollten Sie sich zun\u00e4chst vergewissern, ob es sich um eine Concierge-Seite handelt. So vermeiden Sie, dass Sie am Ende auf die Ergebnisse der Lotterie wetten, anstatt an der Lotterie teilzunehmen.<\/p>\n<p>Wenn Sie Ihren Lottoschein bei uns kaufen, erhalten Sie Zugang zu einer Lotterie Ihrer Wahl. Wir betreiben einen Concierge-Service mit Vertretern in der ganzen Welt. Sobald Sie Ihren Schein online gekauft haben, erhalten unsere Vertreter in diesem Land auch einen physischen Schein mit den entsprechenden Zahlen. Ganz gleich, wo Sie sich befinden, Sie k\u00f6nnen sicher sein, dass Sie eine Chance auf einen gro\u00dfen Gewinn haben.<\/p>\n","protected":false},"excerpt":{"rendered":"<p>Im M\u00e4rz 2018 gewann eine Familie den Jackpot von Lotto Amerika in H\u00f6he von 23 Millionen Dollar. Das ist der h\u00f6chste Preis, den ein Spieler bisher gewonnen hat, hat aber die Aufmerksamkeit auf diese Lotterie gelenkt. Die Lotterie wurde 1988 von sieben amerikanischen Bundesstaaten gegr\u00fcndet, mehrere andere Staaten schlossen sich ihr an. Im Laufe der [&hellip;]<\/p>\n","protected":false},"author":1,"featured_media":0,"parent":35753,"menu_order":13,"comment_status":"closed","ping_status":"closed","template":"lotto-america-info.php","meta":{"_et_pb_use_builder":"","_et_pb_old_content":"","_et_gb_content_width":"","exclude_from_search":false,"footnotes":""},"class_list":["post-36832","page","type-page","status-publish","hentry"],"yoast_head":"<!-- This site is optimized with the Yoast SEO plugin v23.3 - https:\/\/yoast.com\/wordpress\/plugins\/seo\/ -->\n<title>Lotto Amerika Scheine von au\u00dferhalb der USA kaufen | Lotto Amerika online<\/title>\n<meta name=\"description\" content=\"Lotto America kann von au\u00dferhalb der USA gespielt werden - kaufen Sie einfach Ihren Lotto America Schein \u00fcber unseren Online-Scheinservice\" \/>\n<meta name=\"robots\" content=\"index, follow, max-snippet:-1, max-image-preview:large, max-video-preview:-1\" \/>\n<link rel=\"canonical\" href=\"https:\/\/jackpotlotteryonline.com\/buy-tickets\/lotto-america\/\" \/>\n<meta property=\"og:locale\" content=\"de_DE\" \/>\n<meta property=\"og:type\" content=\"article\" \/>\n<meta property=\"og:title\" content=\"Lotto Amerika Scheine von au\u00dferhalb der USA kaufen | Lotto Amerika online\" \/>\n<meta property=\"og:description\" content=\"Lotto America kann von au\u00dferhalb der USA gespielt werden - kaufen Sie einfach Ihren Lotto America Schein \u00fcber unseren Online-Scheinservice\" \/>\n<meta property=\"og:url\" content=\"https:\/\/jackpotlotteryonline.com\/buy-tickets\/lotto-america\/\" \/>\n<meta property=\"og:site_name\" content=\"Lotto Online - Crack The International Lottery Jackpots\" \/>\n<meta property=\"article:modified_time\" content=\"2023-01-04T09:05:44+00:00\" \/>\n<meta property=\"og:image\" content=\"https:\/\/jackpotlotteryonline.com\/wp-content\/uploads\/2022\/11\/1_win_lottery_usa_online.jpg\" \/>\n<meta name=\"twitter:card\" content=\"summary_large_image\" \/>\n<meta name=\"twitter:label1\" content=\"Gesch\u00e4tzte Lesezeit\" \/>\n\t<meta name=\"twitter:data1\" content=\"4\u00a0Minuten\" \/>\n<!-- \/ Yoast SEO plugin. -->","yoast_head_json":{"title":"Lotto Amerika Scheine von au\u00dferhalb der USA kaufen | Lotto Amerika online","description":"Lotto America kann von au\u00dferhalb der USA gespielt werden - kaufen Sie einfach Ihren Lotto America Schein \u00fcber unseren Online-Scheinservice","robots":{"index":"index","follow":"follow","max-snippet":"max-snippet:-1","max-image-preview":"max-image-preview:large","max-video-preview":"max-video-preview:-1"},"canonical":"https:\/\/jackpotlotteryonline.com\/buy-tickets\/lotto-america\/","og_locale":"de_DE","og_type":"article","og_title":"Lotto Amerika Scheine von au\u00dferhalb der USA kaufen | Lotto Amerika online","og_description":"Lotto America kann von au\u00dferhalb der USA gespielt werden - kaufen Sie einfach Ihren Lotto America Schein \u00fcber unseren Online-Scheinservice","og_url":"https:\/\/jackpotlotteryonline.com\/buy-tickets\/lotto-america\/","og_site_name":"Lotto Online - Crack The International Lottery Jackpots","article_modified_time":"2023-01-04T09:05:44+00:00","og_image":[{"url":"https:\/\/jackpotlotteryonline.com\/wp-content\/uploads\/2022\/11\/1_win_lottery_usa_online.jpg"}],"twitter_card":"summary_large_image","twitter_misc":{"Gesch\u00e4tzte Lesezeit":"4\u00a0Minuten"},"schema":{"@context":"https:\/\/schema.org","@graph":[{"@type":"WebPage","@id":"https:\/\/jackpotlotteryonline.com\/buy-tickets\/lotto-america\/","url":"https:\/\/jackpotlotteryonline.com\/buy-tickets\/lotto-america\/","name":"Lotto Amerika Scheine von au\u00dferhalb der USA kaufen | Lotto Amerika online","isPartOf":{"@id":"https:\/\/jackpotlotteryonline.com\/#website"},"primaryImageOfPage":{"@id":"https:\/\/jackpotlotteryonline.com\/buy-tickets\/lotto-america\/#primaryimage"},"image":{"@id":"https:\/\/jackpotlotteryonline.com\/buy-tickets\/lotto-america\/#primaryimage"},"thumbnailUrl":"https:\/\/jackpotlotteryonline.com\/wp-content\/uploads\/2022\/11\/1_win_lottery_usa_online.jpg","datePublished":"2022-11-09T08:35:46+00:00","dateModified":"2023-01-04T09:05:44+00:00","description":"Lotto America kann von au\u00dferhalb der USA gespielt werden - kaufen Sie einfach Ihren Lotto America Schein \u00fcber unseren Online-Scheinservice","breadcrumb":{"@id":"https:\/\/jackpotlotteryonline.com\/buy-tickets\/lotto-america\/#breadcrumb"},"inLanguage":"de","potentialAction":[{"@type":"ReadAction","target":["https:\/\/jackpotlotteryonline.com\/buy-tickets\/lotto-america\/"]}]},{"@type":"ImageObject","inLanguage":"de","@id":"https:\/\/jackpotlotteryonline.com\/buy-tickets\/lotto-america\/#primaryimage","url":"https:\/\/jackpotlotteryonline.com\/wp-content\/uploads\/2022\/11\/1_win_lottery_usa_online.jpg","contentUrl":"https:\/\/jackpotlotteryonline.com\/wp-content\/uploads\/2022\/11\/1_win_lottery_usa_online.jpg"},{"@type":"BreadcrumbList","@id":"https:\/\/jackpotlotteryonline.com\/buy-tickets\/lotto-america\/#breadcrumb","itemListElement":[{"@type":"ListItem","position":1,"name":"Home","item":"https:\/\/jackpotlotteryonline.com\/de\/"},{"@type":"ListItem","position":2,"name":"Wie man Lotterielose online kauft","item":"https:\/\/jackpotlotteryonline.com\/de\/spielscheine-kaufen\/"},{"@type":"ListItem","position":3,"name":"Lotto Amerika Spielscheine online"}]},{"@type":"WebSite","@id":"https:\/\/jackpotlotteryonline.com\/#website","url":"https:\/\/jackpotlotteryonline.com\/","name":"Lotto Online - Crack The International Lottery Jackpots","description":"","potentialAction":[{"@type":"SearchAction","target":{"@type":"EntryPoint","urlTemplate":"https:\/\/jackpotlotteryonline.com\/?s={search_term_string}"},"query-input":"required name=search_term_string"}],"inLanguage":"de"}]}},"_links":{"self":[{"href":"https:\/\/jackpotlotteryonline.com\/de\/wp-json\/wp\/v2\/pages\/36832","targetHints":{"allow":["GET"]}}],"collection":[{"href":"https:\/\/jackpotlotteryonline.com\/de\/wp-json\/wp\/v2\/pages"}],"about":[{"href":"https:\/\/jackpotlotteryonline.com\/de\/wp-json\/wp\/v2\/types\/page"}],"author":[{"embeddable":true,"href":"https:\/\/jackpotlotteryonline.com\/de\/wp-json\/wp\/v2\/users\/1"}],"replies":[{"embeddable":true,"href":"https:\/\/jackpotlotteryonline.com\/de\/wp-json\/wp\/v2\/comments?post=36832"}],"version-history":[{"count":0,"href":"https:\/\/jackpotlotteryonline.com\/de\/wp-json\/wp\/v2\/pages\/36832\/revisions"}],"up":[{"embeddable":true,"href":"https:\/\/jackpotlotteryonline.com\/de\/wp-json\/wp\/v2\/pages\/35753"}],"wp:attachment":[{"href":"https:\/\/jackpotlotteryonline.com\/de\/wp-json\/wp\/v2\/media?parent=36832"}],"curies":[{"name":"wp","href":"https:\/\/api.w.org\/{rel}","templated":true}]}}