{"id":36885,"date":"2022-11-09T09:50:50","date_gmt":"2022-11-09T09:50:50","guid":{"rendered":"https:\/\/jackpotlotteryonline.com\/?page_id=36885"},"modified":"2022-12-22T12:05:15","modified_gmt":"2022-12-22T12:05:15","slug":"uk-lottery","status":"publish","type":"page","link":"https:\/\/jackpotlotteryonline.com\/de\/spielscheine-kaufen\/uk-lottery\/","title":{"rendered":"UK-Lotterie"},"content":{"rendered":"<h2>Lotterie UK Online \u00dcberblick<\/h2>\n<p>Die britische Lotterie ist ein beliebtes Spiel, weil man mit ihr Million\u00e4re machen kann. Sie kann auch online gespielt werden. <a href=\"https:\/\/jackpotlotteryonline.com\/de\/gewinn-zahlen\/uk-lottery\">Das Spiel wird zweimal w\u00f6chentlich<\/a>, mittwochs und samstags, gezogen.<\/p>\n<h2>Wie die UK-Lotterie funktioniert<\/h2>\n<p>Jeder Spieler muss auf seinem Spielschein 6 Zahlen aus einer Auswahl der Zahlen 1-49 ausw\u00e4hlen. Bei der Ziehung werden sechs Zahlen und eine Bonuszahl gezogen. Aufgrund der relativ geringen Auszahlungsquote empfehlen wir diese Lotterie nicht. Es gibt zahlreiche andere internationale Lotteriespiele, die online verf\u00fcgbar sind und bessere Auszahlungen und h\u00f6here Jackpots bieten.<\/p>\n<section class=\"layout\" style=\"border: solid 1px; width: 100%;\">\n<div class=\"img-div\" style=\"margin-top: 5px;\"><img decoding=\"async\" class=\"wp-image-17212 alignleft\" style=\"height: 45px; margin: 8px 8px 0px;\" src=\"https:\/\/jackpotlotteryonline.com\/wp-content\/uploads\/2022\/11\/read1.jpg\" alt=\"lesen\" width=\"\" height=\"\" \/><\/div>\n<div style=\"padding-left: 5px;\">\n<div style=\"font-size: 1.1em;\">\n<p><strong>Europ\u00e4ische Lotterien<\/strong><\/p>\n<p style=\"font-size: 0.85em; margin-top: -1.5em;\">Welche europ\u00e4ischen Lotterien sind die besten?\u00a0<a href=\"https:\/\/jackpotlotteryonline.com\/de\/welche-europaeischen-lotterien-sind-die-besten\"> mehr lesen<\/a><\/p>\n<\/div>\n<\/div>\n<\/section>\n<h2>Gewinnen bei der UK-Lotterie<\/h2>\n<p><img loading=\"lazy\" decoding=\"async\" class=\"alignright size-medium wp-image-19520\" src=\"https:\/\/jackpotlotteryonline.com\/wp-content\/uploads\/2022\/10\/2_ticket_uk_lottery-192x300.jpg\" alt=\"UK Lotterieschein kaufen\" width=\"192\" height=\"300\" srcset=\"https:\/\/jackpotlotteryonline.com\/wp-content\/uploads\/2022\/10\/2_ticket_uk_lottery-192x300.jpg 192w, https:\/\/jackpotlotteryonline.com\/wp-content\/uploads\/2022\/10\/2_ticket_uk_lottery.jpg 250w\" sizes=\"auto, (max-width: 192px) 100vw, 192px\" \/><\/p>\n<p>Sie m\u00fcssen mindestens drei Zahlen mit den gezogenen Hauptzahlen \u00fcbereinstimmen, um einen Preis zu gewinnen. Die Bonuszahl ist nur relevant, wenn Sie mindestens f\u00fcnf der Hauptzahlen in der Ziehung treffen.<\/p>\n<p>Es ist ganz einfach, Ihren Gewinn einzufordern. Wenn Sie bis zu 2500 \u20ac gewinnen, wird Ihr Gewinn direkt auf Ihr Lotteriekonto hier auf unserer Website \u00fcberwiesen. Bei Gewinnen von mehr als 2.500 \u20ac wird sich unsere Kundendienstabteilung mit Ihnen in Verbindung setzen und eine direkte Auszahlung von der Lotteriegesellschaft veranlassen.<\/p>\n<p>Ungef\u00e4hr 45% aller britischen Lotto-Gelder flie\u00dfen in Preisgelder. Wenn Sie sechs Hauptzahlen richtig tippen, erhalten Sie 52 % des Fonds der Spielgemeinschaft; wenn Sie f\u00fcnf Hauptzahlen plus die Bonuszahl richtig tippen, erhalten Sie 16 % des verbleibenden Fonds der Spielgemeinschaft; wenn Sie f\u00fcnf Hauptzahlen richtig tippen, erhalten Sie 10 % des verbleibenden Fonds der Spielgemeinschaft; wenn Sie vier Hauptzahlen richtig tippen, erhalten Sie 22 % des verbleibenden Fonds der Spielgemeinschaft und wenn Sie drei Hauptzahlen richtig tippen, erhalten Sie in der Regel 10 \u00a3. Das UK Lotto bietet auch Online-Sofortgewinnspiele an.<\/p>\n<h2>Die UK Lottery online spielen<\/h2>\n<p>Sie k\u00f6nnen das<a href=\"https:\/\/jackpotlotteryonline.com\/de\/wie-man-spielt\/uk-lottery\"> britische Lotto online spielen<\/a>, was die Teilnahme an der Lotterie einfacher und bequemer macht. Sie m\u00fcssen nicht mehr in ein Gesch\u00e4ft gehen, um einen britischen Lottoschein zu kaufen; Sie k\u00f6nnen jetzt bequem von zu Hause aus Lose kaufen, und es ist nicht davon abh\u00e4ngig, dass Sie in Gro\u00dfbritannien leben.<\/p>\n<p>Um das britische Lotto online und von au\u00dferhalb des Vereinigten K\u00f6nigreichs zu spielen, m\u00fcssen Sie auf das obige Banner f\u00fcr die britische Lotterie klicken. Sie m\u00fcssen sich lediglich registrieren und dann eine Online-Zahlung durchf\u00fchren.<\/p>\n<h2>Warum die meisten internationalen Lotterie-Jackpots attraktiver sind als die britische Lotterie<\/h2>\n<ul>\n<li>Die Jackpots sind bei den internationalen Lotterien viel h\u00f6her (sehen Sie sich die Betr\u00e4ge im Banner oben an)<\/li>\n<li>UK Lotto sch\u00fcttet nur 45% der Gelder als Gewinne aus<\/li>\n<li>Auf unserer Website haben Sie eine Vielzahl von Mega-Lotterien und riesigen Jackpots zur Auswahl!<\/li>\n<\/ul>\n","protected":false},"excerpt":{"rendered":"<p>Lotterie UK Online \u00dcberblick Die britische Lotterie ist ein beliebtes Spiel, weil man mit ihr Million\u00e4re machen kann. Sie kann auch online gespielt werden. Das Spiel wird zweimal w\u00f6chentlich, mittwochs und samstags, gezogen. Wie die UK-Lotterie funktioniert Jeder Spieler muss auf seinem Spielschein 6 Zahlen aus einer Auswahl der Zahlen 1-49 ausw\u00e4hlen. Bei der Ziehung [&hellip;]<\/p>\n","protected":false},"author":1,"featured_media":0,"parent":35753,"menu_order":10,"comment_status":"closed","ping_status":"closed","template":"lotto-uk-info.php","meta":{"_et_pb_use_builder":"","_et_pb_old_content":"","_et_gb_content_width":"","exclude_from_search":false,"footnotes":""},"class_list":["post-36885","page","type-page","status-publish","hentry"],"yoast_head":"<!-- This site is optimized with the Yoast SEO plugin v23.3 - https:\/\/yoast.com\/wordpress\/plugins\/seo\/ -->\n<title>Kaufen Sie Spielscheine f\u00fcr die britische Lotterie von au\u00dferhalb des Vereinigten K\u00f6nigreichs online<\/title>\n<meta name=\"description\" content=\"Wie die britische Lotterie funktioniert und wie man von au\u00dferhalb des Vereinigten K\u00f6nigreichs online einen Schein kaufen und gewinnen kann\" \/>\n<meta name=\"robots\" content=\"index, follow, max-snippet:-1, max-image-preview:large, max-video-preview:-1\" \/>\n<link rel=\"canonical\" href=\"https:\/\/jackpotlotteryonline.com\/de\/spielscheine-kaufen\/uk-lottery\/\" \/>\n<meta property=\"og:locale\" content=\"de_DE\" \/>\n<meta property=\"og:type\" content=\"article\" \/>\n<meta property=\"og:title\" content=\"Kaufen Sie Spielscheine f\u00fcr die britische Lotterie von au\u00dferhalb des Vereinigten K\u00f6nigreichs online\" \/>\n<meta property=\"og:description\" content=\"Wie die britische Lotterie funktioniert und wie man von au\u00dferhalb des Vereinigten K\u00f6nigreichs online einen Schein kaufen und gewinnen kann\" \/>\n<meta property=\"og:url\" content=\"https:\/\/jackpotlotteryonline.com\/de\/spielscheine-kaufen\/uk-lottery\/\" \/>\n<meta property=\"og:site_name\" content=\"Lotto Online - Crack The International Lottery Jackpots\" \/>\n<meta property=\"article:modified_time\" content=\"2022-12-22T12:05:15+00:00\" \/>\n<meta property=\"og:image\" content=\"https:\/\/jackpotlotteryonline.com\/wp-content\/uploads\/2022\/11\/read1.jpg\" \/>\n<meta name=\"twitter:card\" content=\"summary_large_image\" \/>\n<meta name=\"twitter:label1\" content=\"Gesch\u00e4tzte Lesezeit\" \/>\n\t<meta name=\"twitter:data1\" content=\"3\u00a0Minuten\" \/>\n<!-- \/ Yoast SEO plugin. -->","yoast_head_json":{"title":"Kaufen Sie Spielscheine f\u00fcr die britische Lotterie von au\u00dferhalb des Vereinigten K\u00f6nigreichs online","description":"Wie die britische Lotterie funktioniert und wie man von au\u00dferhalb des Vereinigten K\u00f6nigreichs online einen Schein kaufen und gewinnen kann","robots":{"index":"index","follow":"follow","max-snippet":"max-snippet:-1","max-image-preview":"max-image-preview:large","max-video-preview":"max-video-preview:-1"},"canonical":"https:\/\/jackpotlotteryonline.com\/de\/spielscheine-kaufen\/uk-lottery\/","og_locale":"de_DE","og_type":"article","og_title":"Kaufen Sie Spielscheine f\u00fcr die britische Lotterie von au\u00dferhalb des Vereinigten K\u00f6nigreichs online","og_description":"Wie die britische Lotterie funktioniert und wie man von au\u00dferhalb des Vereinigten K\u00f6nigreichs online einen Schein kaufen und gewinnen kann","og_url":"https:\/\/jackpotlotteryonline.com\/de\/spielscheine-kaufen\/uk-lottery\/","og_site_name":"Lotto Online - Crack The International Lottery Jackpots","article_modified_time":"2022-12-22T12:05:15+00:00","og_image":[{"url":"https:\/\/jackpotlotteryonline.com\/wp-content\/uploads\/2022\/11\/read1.jpg"}],"twitter_card":"summary_large_image","twitter_misc":{"Gesch\u00e4tzte Lesezeit":"3\u00a0Minuten"},"schema":{"@context":"https:\/\/schema.org","@graph":[{"@type":"WebPage","@id":"https:\/\/jackpotlotteryonline.com\/de\/spielscheine-kaufen\/uk-lottery\/","url":"https:\/\/jackpotlotteryonline.com\/de\/spielscheine-kaufen\/uk-lottery\/","name":"Kaufen Sie Spielscheine f\u00fcr die britische Lotterie von au\u00dferhalb des Vereinigten K\u00f6nigreichs online","isPartOf":{"@id":"https:\/\/jackpotlotteryonline.com\/#website"},"primaryImageOfPage":{"@id":"https:\/\/jackpotlotteryonline.com\/de\/spielscheine-kaufen\/uk-lottery\/#primaryimage"},"image":{"@id":"https:\/\/jackpotlotteryonline.com\/de\/spielscheine-kaufen\/uk-lottery\/#primaryimage"},"thumbnailUrl":"https:\/\/jackpotlotteryonline.com\/wp-content\/uploads\/2022\/11\/read1.jpg","datePublished":"2022-11-09T09:50:50+00:00","dateModified":"2022-12-22T12:05:15+00:00","description":"Wie die britische Lotterie funktioniert und wie man von au\u00dferhalb des Vereinigten K\u00f6nigreichs online einen Schein kaufen und gewinnen kann","breadcrumb":{"@id":"https:\/\/jackpotlotteryonline.com\/de\/spielscheine-kaufen\/uk-lottery\/#breadcrumb"},"inLanguage":"de","potentialAction":[{"@type":"ReadAction","target":["https:\/\/jackpotlotteryonline.com\/de\/spielscheine-kaufen\/uk-lottery\/"]}]},{"@type":"ImageObject","inLanguage":"de","@id":"https:\/\/jackpotlotteryonline.com\/de\/spielscheine-kaufen\/uk-lottery\/#primaryimage","url":"https:\/\/jackpotlotteryonline.com\/wp-content\/uploads\/2022\/11\/read1.jpg","contentUrl":"https:\/\/jackpotlotteryonline.com\/wp-content\/uploads\/2022\/11\/read1.jpg"},{"@type":"BreadcrumbList","@id":"https:\/\/jackpotlotteryonline.com\/de\/spielscheine-kaufen\/uk-lottery\/#breadcrumb","itemListElement":[{"@type":"ListItem","position":1,"name":"Home","item":"https:\/\/jackpotlotteryonline.com\/de\/"},{"@type":"ListItem","position":2,"name":"Wie man Lotterielose online kauft","item":"https:\/\/jackpotlotteryonline.com\/de\/spielscheine-kaufen\/"},{"@type":"ListItem","position":3,"name":"UK-Lotterie"}]},{"@type":"WebSite","@id":"https:\/\/jackpotlotteryonline.com\/#website","url":"https:\/\/jackpotlotteryonline.com\/","name":"Lotto Online - Crack The International Lottery Jackpots","description":"","potentialAction":[{"@type":"SearchAction","target":{"@type":"EntryPoint","urlTemplate":"https:\/\/jackpotlotteryonline.com\/?s={search_term_string}"},"query-input":"required name=search_term_string"}],"inLanguage":"de"}]}},"_links":{"self":[{"href":"https:\/\/jackpotlotteryonline.com\/de\/wp-json\/wp\/v2\/pages\/36885","targetHints":{"allow":["GET"]}}],"collection":[{"href":"https:\/\/jackpotlotteryonline.com\/de\/wp-json\/wp\/v2\/pages"}],"about":[{"href":"https:\/\/jackpotlotteryonline.com\/de\/wp-json\/wp\/v2\/types\/page"}],"author":[{"embeddable":true,"href":"https:\/\/jackpotlotteryonline.com\/de\/wp-json\/wp\/v2\/users\/1"}],"replies":[{"embeddable":true,"href":"https:\/\/jackpotlotteryonline.com\/de\/wp-json\/wp\/v2\/comments?post=36885"}],"version-history":[{"count":0,"href":"https:\/\/jackpotlotteryonline.com\/de\/wp-json\/wp\/v2\/pages\/36885\/revisions"}],"up":[{"embeddable":true,"href":"https:\/\/jackpotlotteryonline.com\/de\/wp-json\/wp\/v2\/pages\/35753"}],"wp:attachment":[{"href":"https:\/\/jackpotlotteryonline.com\/de\/wp-json\/wp\/v2\/media?parent=36885"}],"curies":[{"name":"wp","href":"https:\/\/api.w.org\/{rel}","templated":true}]}}