{"id":36938,"date":"2022-11-09T11:02:33","date_gmt":"2022-11-09T11:02:33","guid":{"rendered":"https:\/\/jackpotlotteryonline.com\/?page_id=36938"},"modified":"2023-01-04T08:12:28","modified_gmt":"2023-01-04T08:12:28","slug":"set-for-life","status":"publish","type":"page","link":"https:\/\/jackpotlotteryonline.com\/de\/spielscheine-kaufen\/set-for-life\/","title":{"rendered":"Tickets f\u00fcr Set for Life kaufen"},"content":{"rendered":"<p>Sind Sie bereit f\u00fcr die Chance, ein Leben lang gesetzt zu sein? Es gibt keinen besseren Zeitpunkt als jetzt, um die Chance zu nutzen, die n\u00e4chsten 30 Jahre lang jeden Monat 10.000 Pfund zu gewinnen, und das alles beginnt mit der Teilnahme an <a href=\"https:\/\/jackpotlotteryonline.com\/de\/wie-man-spielt\/set-for-life-online-spielen\">der britischen Lotterie<\/a>.<\/p>\n<p>Diese Lotterie wird von der UK National Lottery betrieben und hatte ihre erste Ziehung im Jahr 1999. Seitdem ist sie ein Favorit der britischen Lottospieler, denn der Verlockung von 10.000 \u00a3 pro Monat f\u00fcr 30 Jahre k\u00f6nnen sie kaum widerstehen. Und das sollten Sie auch nicht, wenn Sie es denn wollen. Ein Gewinn in dieser Lotterie ist fast so, als k\u00e4me der Weihnachtsmann jeden Monat zu Ihnen nach Hause.<br \/>\n<img loading=\"lazy\" decoding=\"async\" class=\"alignright size-medium wp-image-35457\" src=\"http:\/\/jackpotlotteryonline.com\/wp-content\/uploads\/2022\/11\/2_ticket_uk_lottery-192x300.jpg\" alt=\"Set for Life-Lose\" width=\"192\" height=\"300\" srcset=\"https:\/\/jackpotlotteryonline.com\/wp-content\/uploads\/2022\/11\/2_ticket_uk_lottery-192x300.jpg 192w, https:\/\/jackpotlotteryonline.com\/wp-content\/uploads\/2022\/11\/2_ticket_uk_lottery.jpg 250w\" sizes=\"auto, (max-width: 192px) 100vw, 192px\" \/><\/p>\n<p>Lose f\u00fcr diese britische Lotterie werden \u00fcber ein weites Netz von Verk\u00e4ufern im Land verkauft. Wenn Sie jedoch au\u00dferhalb des Vereinigten K\u00f6nigreichs leben, gibt es keinen Grund, warum Sie nicht auch Lose f\u00fcr diese Lotterie kaufen k\u00f6nnen. Jackpotlotteryonline.com bietet Lotto-Enthusiasten den Zugang zu internationalen Top-Lotterien bequem von ihrem Computer oder mobilen Ger\u00e4ten aus.<\/p>\n<p>Registrieren Sie sich bei uns und spielen Sie Lotterien im Vereinigten K\u00f6nigreich und im Rest der Welt.<\/p>\n<h2>Wie man Set for Life online spielt<\/h2>\n<p>Diese Lotterie unterscheidet sich von anderen Lotterien, da es sich um eine Rentenlotterie handelt, so dass die Gewinner nicht mit Millionen von Euro oder Pfund nach Hause gehen werden. Der einzige Unterschied besteht jedoch in der Art und Weise, wie der Gewinn vergeben wird. Wie bei anderen Lotterien muss der Spieler Hauptzahlen aus einem bestimmten Bereich und eine Sonderzahl w\u00e4hlen.<\/p>\n<p>Um Set for Life-Lose online zu erwerben, besuchen Sie die Website Ihrer Wahl und w\u00e4hlen Sie f\u00fcnf Hauptzahlen zwischen 1 und 47. W\u00e4hlen Sie eine zus\u00e4tzliche Bonuszahl, die so genannte &#8220;Life Ball-Zahl&#8221;, aus einem Bereich von 1 bis 10. Sie k\u00f6nnen entweder Ihre Gl\u00fcckszahlen verwenden oder mit dem Auto-Pick-Tool eine zuf\u00e4llige Zahlenreihe ausw\u00e4hlen. Sie k\u00f6nnen auch mehrere Reihen von Zahlen ausw\u00e4hlen, um Ihre Gewinnchancen zu erh\u00f6hen.<\/p>\n<p>Um in der Lotterie zu gewinnen, m\u00fcssen Sie alle 6 gezogenen Zahlen treffen. Wenn Sie sich bei uns registrieren, k\u00f6nnen Sie <a href=\"https:\/\/jackpotlotteryonline.com\/de\/gewinn-zahlen\/set-for-life\">mehrere Wochen im Voraus an den Ziehungen teilnehmen.<\/a><\/p>\n<h2>Preise<\/h2>\n<p><img loading=\"lazy\" decoding=\"async\" class=\"size-medium wp-image-30128 alignright\" src=\"http:\/\/jackpotlotteryonline.com\/wp-content\/uploads\/2022\/11\/1_win_online_lottery_jackpot-300x182.jpg\" alt=\"Britischer Lotteriegewinn\" width=\"300\" height=\"182\" srcset=\"https:\/\/jackpotlotteryonline.com\/wp-content\/uploads\/2022\/11\/1_win_online_lottery_jackpot-300x182.jpg 300w, https:\/\/jackpotlotteryonline.com\/wp-content\/uploads\/2022\/11\/1_win_online_lottery_jackpot.jpg 320w\" sizes=\"auto, (max-width: 300px) 100vw, 300px\" \/><\/p>\n<p>Wir haben also \u00fcber den Jackpot gesprochen, der 30 Jahre lang jeden Monat 10.000 \u00a3 betr\u00e4gt. Aber das ist nicht der einzige Gewinn f\u00fcr Spieler dieser Lotterie. Wenn Sie zum Beispiel nur die 5 Hauptzahlen treffen, erhalten Sie ein Jahr lang jeden Monat 10.000 \u00a3. Nicht schlecht, oder?<\/p>\n<p>Werfen wir einen Blick auf die Gewinnaufteilung und was die Spieler erwarten k\u00f6nnen, wenn sie Lose f\u00fcr diese britische Lotterie kaufen.<\/p>\n<p>5 gleiche Hauptzahlen + Life Ball &#8211; 10.000 \u00a3 jeden Monat f\u00fcr 30 Jahre<br \/>\nNur 5 gleiche Hauptzahlen &#8211; 10.000 \u00a3 jeden Monat f\u00fcr 1 Jahr<br \/>\n4 gleiche Hauptzahlen + Life Ball &#8211; \u00a3250<br \/>\nNur 4 gleiche Hauptzahlen &#8211; \u00a350<br \/>\n3 gleiche Hauptzahlen + Life Ball &#8211; \u00a330<br \/>\n3 gleiche Hauptzahlen nur &#8211; \u00a320<br \/>\n2 gleiche Hauptzahlen + Life Ball &#8211; \u00a310<br \/>\nNur 2 Hauptzahlen \u00fcbereinstimmen &#8211; \u00a35<\/p>\n<h2>Beanspruchen Sie Ihren Gewinn<\/h2>\n<p>Sie haben 180 Tage Zeit, um Ihren Gewinn einzufordern, sonst k\u00f6nnen Sie ihn nicht mehr beanspruchen. Lotteriegewinne sind im Vereinigten K\u00f6nigreich steuerfrei, so dass Sie Ihren Gewinn ganz nach Belieben genie\u00dfen k\u00f6nnen. F\u00fcr diejenigen, die von au\u00dferhalb des Landes spielen, ist es jedoch eine gute Idee, sich \u00fcber die Steuergesetze an Ihrem Wohnort zu informieren.<\/p>\n<section class=\"layout\" style=\"border: solid 1px; width: 100%;\">\n<div class=\"img-div\" style=\"margin-top: 5px;\"><img decoding=\"async\" class=\"wp-image-17212 alignleft\" style=\"height: 45px; margin: 8px 8px 0px;\" src=\"http:\/\/jackpotlotteryonline.com\/wp-content\/uploads\/2022\/11\/read1.jpg\" alt=\"lesen\" width=\"\" height=\"\" \/><\/div>\n<div style=\"padding-left: 5px;\">\n<div style=\"font-size: 1.1em;\">\n<p><strong>Steuern auf Lotteriegewinne<\/strong><\/p>\n<p style=\"font-size: 0.85em; margin-top: -1.5em;\">Muss ich Steuern auf Lotteriegewinne zahlen?\u00a0 <a href=\"https:\/\/jackpotlotteryonline.com\/de\/muss-ich-steuern-auf-lotteriegewinne-zahlen\"> mehr lesen<\/a><\/p>\n<\/div>\n<\/div>\n<\/section>\n<h2>Eine einmalige Chance im Leben<\/h2>\n<p>Die Chance, Set for Life zu gewinnen, ist eine einmalige Gelegenheit. Wenn Sie gewinnen, m\u00fcssen Sie sich nie wieder Gedanken \u00fcber Ihre Finanzen machen. Es gibt Geschichten von Lotteriegewinnern, die ihr gesamtes Verm\u00f6gen ausgegeben haben und nun bankrott sind. Mit dieser Lotterie muss Ihnen das nicht passieren. Selbst wenn Sie alles im ersten Monat ausgeben, wissen Sie, dass Sie es im n\u00e4chsten Monat besser verwenden k\u00f6nnen.<\/p>\n<p>Stellen Sie sich vor, was es bedeuten w\u00fcrde, 30 Jahre lang jeden Monat einen solchen Betrag zu erhalten.<\/p>\n<h2>Registrieren Sie sich bei uns, um Set for Life zu spielen<\/h2>\n<p>Es war noch nie so einfach, von \u00fcberall aus ein Ticket f\u00fcr die britische Rentenlotterie zu bekommen. Wenn Sie sich bei uns registrieren, k\u00f6nnen Sie problemlos und sorgenfrei an den besten Lotterien der Welt teilnehmen. Uns geht es darum, unseren Kunden ein unvergessliches Erlebnis zu bieten. Registrieren Sie sich noch heute bei uns und kaufen Sie Set for Life-Tickets von \u00fcberall auf der Welt.<\/p>\n","protected":false},"excerpt":{"rendered":"<p>Sind Sie bereit f\u00fcr die Chance, ein Leben lang gesetzt zu sein? Es gibt keinen besseren Zeitpunkt als jetzt, um die Chance zu nutzen, die n\u00e4chsten 30 Jahre lang jeden Monat 10.000 Pfund zu gewinnen, und das alles beginnt mit der Teilnahme an der britischen Lotterie. Diese Lotterie wird von der UK National Lottery betrieben [&hellip;]<\/p>\n","protected":false},"author":1,"featured_media":0,"parent":35753,"menu_order":11,"comment_status":"closed","ping_status":"closed","template":"set-for-life-info.php","meta":{"_et_pb_use_builder":"","_et_pb_old_content":"","_et_gb_content_width":"","exclude_from_search":false,"footnotes":""},"class_list":["post-36938","page","type-page","status-publish","hentry"],"yoast_head":"<!-- This site is optimized with the Yoast SEO plugin v23.3 - https:\/\/yoast.com\/wordpress\/plugins\/seo\/ -->\n<title>Set for life Tickets au\u00dferhalb Gro\u00dfbritanniens kaufen | Set For Life Tickets online kaufen<\/title>\n<meta name=\"description\" content=\"Set for Life ist eine ganz besondere Lotterie, aber um von au\u00dferhalb des Vereinigten K\u00f6nigreichs teilzunehmen, m\u00fcssen Sie hier ein Ticket online kaufen\" \/>\n<meta name=\"robots\" content=\"index, follow, max-snippet:-1, max-image-preview:large, max-video-preview:-1\" \/>\n<link rel=\"canonical\" href=\"https:\/\/jackpotlotteryonline.com\/de\/spielscheine-kaufen\/set-for-life\/\" \/>\n<meta property=\"og:locale\" content=\"de_DE\" \/>\n<meta property=\"og:type\" content=\"article\" \/>\n<meta property=\"og:title\" content=\"Set for life Tickets au\u00dferhalb Gro\u00dfbritanniens kaufen | Set For Life Tickets online kaufen\" \/>\n<meta property=\"og:description\" content=\"Set for Life ist eine ganz besondere Lotterie, aber um von au\u00dferhalb des Vereinigten K\u00f6nigreichs teilzunehmen, m\u00fcssen Sie hier ein Ticket online kaufen\" \/>\n<meta property=\"og:url\" content=\"https:\/\/jackpotlotteryonline.com\/de\/spielscheine-kaufen\/set-for-life\/\" \/>\n<meta property=\"og:site_name\" content=\"Lotto Online - Crack The International Lottery Jackpots\" \/>\n<meta property=\"article:modified_time\" content=\"2023-01-04T08:12:28+00:00\" \/>\n<meta property=\"og:image\" content=\"http:\/\/jackpotlotteryonline.com\/wp-content\/uploads\/2022\/11\/2_ticket_uk_lottery-192x300.jpg\" \/>\n<meta name=\"twitter:card\" content=\"summary_large_image\" \/>\n<meta name=\"twitter:label1\" content=\"Gesch\u00e4tzte Lesezeit\" \/>\n\t<meta name=\"twitter:data1\" content=\"4\u00a0Minuten\" \/>\n<!-- \/ Yoast SEO plugin. -->","yoast_head_json":{"title":"Set for life Tickets au\u00dferhalb Gro\u00dfbritanniens kaufen | Set For Life Tickets online kaufen","description":"Set for Life ist eine ganz besondere Lotterie, aber um von au\u00dferhalb des Vereinigten K\u00f6nigreichs teilzunehmen, m\u00fcssen Sie hier ein Ticket online kaufen","robots":{"index":"index","follow":"follow","max-snippet":"max-snippet:-1","max-image-preview":"max-image-preview:large","max-video-preview":"max-video-preview:-1"},"canonical":"https:\/\/jackpotlotteryonline.com\/de\/spielscheine-kaufen\/set-for-life\/","og_locale":"de_DE","og_type":"article","og_title":"Set for life Tickets au\u00dferhalb Gro\u00dfbritanniens kaufen | Set For Life Tickets online kaufen","og_description":"Set for Life ist eine ganz besondere Lotterie, aber um von au\u00dferhalb des Vereinigten K\u00f6nigreichs teilzunehmen, m\u00fcssen Sie hier ein Ticket online kaufen","og_url":"https:\/\/jackpotlotteryonline.com\/de\/spielscheine-kaufen\/set-for-life\/","og_site_name":"Lotto Online - Crack The International Lottery Jackpots","article_modified_time":"2023-01-04T08:12:28+00:00","og_image":[{"url":"http:\/\/jackpotlotteryonline.com\/wp-content\/uploads\/2022\/11\/2_ticket_uk_lottery-192x300.jpg"}],"twitter_card":"summary_large_image","twitter_misc":{"Gesch\u00e4tzte Lesezeit":"4\u00a0Minuten"},"schema":{"@context":"https:\/\/schema.org","@graph":[{"@type":"WebPage","@id":"https:\/\/jackpotlotteryonline.com\/de\/spielscheine-kaufen\/set-for-life\/","url":"https:\/\/jackpotlotteryonline.com\/de\/spielscheine-kaufen\/set-for-life\/","name":"Set for life Tickets au\u00dferhalb Gro\u00dfbritanniens kaufen | Set For Life Tickets online kaufen","isPartOf":{"@id":"https:\/\/jackpotlotteryonline.com\/#website"},"primaryImageOfPage":{"@id":"https:\/\/jackpotlotteryonline.com\/de\/spielscheine-kaufen\/set-for-life\/#primaryimage"},"image":{"@id":"https:\/\/jackpotlotteryonline.com\/de\/spielscheine-kaufen\/set-for-life\/#primaryimage"},"thumbnailUrl":"http:\/\/jackpotlotteryonline.com\/wp-content\/uploads\/2022\/11\/2_ticket_uk_lottery-192x300.jpg","datePublished":"2022-11-09T11:02:33+00:00","dateModified":"2023-01-04T08:12:28+00:00","description":"Set for Life ist eine ganz besondere Lotterie, aber um von au\u00dferhalb des Vereinigten K\u00f6nigreichs teilzunehmen, m\u00fcssen Sie hier ein Ticket online kaufen","breadcrumb":{"@id":"https:\/\/jackpotlotteryonline.com\/de\/spielscheine-kaufen\/set-for-life\/#breadcrumb"},"inLanguage":"de","potentialAction":[{"@type":"ReadAction","target":["https:\/\/jackpotlotteryonline.com\/de\/spielscheine-kaufen\/set-for-life\/"]}]},{"@type":"ImageObject","inLanguage":"de","@id":"https:\/\/jackpotlotteryonline.com\/de\/spielscheine-kaufen\/set-for-life\/#primaryimage","url":"http:\/\/jackpotlotteryonline.com\/wp-content\/uploads\/2022\/11\/2_ticket_uk_lottery-192x300.jpg","contentUrl":"http:\/\/jackpotlotteryonline.com\/wp-content\/uploads\/2022\/11\/2_ticket_uk_lottery-192x300.jpg"},{"@type":"BreadcrumbList","@id":"https:\/\/jackpotlotteryonline.com\/de\/spielscheine-kaufen\/set-for-life\/#breadcrumb","itemListElement":[{"@type":"ListItem","position":1,"name":"Home","item":"https:\/\/jackpotlotteryonline.com\/de\/"},{"@type":"ListItem","position":2,"name":"Wie man Lotterielose online kauft","item":"https:\/\/jackpotlotteryonline.com\/de\/spielscheine-kaufen\/"},{"@type":"ListItem","position":3,"name":"Tickets f\u00fcr Set for Life kaufen"}]},{"@type":"WebSite","@id":"https:\/\/jackpotlotteryonline.com\/#website","url":"https:\/\/jackpotlotteryonline.com\/","name":"Lotto Online - Crack The International Lottery Jackpots","description":"","potentialAction":[{"@type":"SearchAction","target":{"@type":"EntryPoint","urlTemplate":"https:\/\/jackpotlotteryonline.com\/?s={search_term_string}"},"query-input":"required name=search_term_string"}],"inLanguage":"de"}]}},"_links":{"self":[{"href":"https:\/\/jackpotlotteryonline.com\/de\/wp-json\/wp\/v2\/pages\/36938","targetHints":{"allow":["GET"]}}],"collection":[{"href":"https:\/\/jackpotlotteryonline.com\/de\/wp-json\/wp\/v2\/pages"}],"about":[{"href":"https:\/\/jackpotlotteryonline.com\/de\/wp-json\/wp\/v2\/types\/page"}],"author":[{"embeddable":true,"href":"https:\/\/jackpotlotteryonline.com\/de\/wp-json\/wp\/v2\/users\/1"}],"replies":[{"embeddable":true,"href":"https:\/\/jackpotlotteryonline.com\/de\/wp-json\/wp\/v2\/comments?post=36938"}],"version-history":[{"count":0,"href":"https:\/\/jackpotlotteryonline.com\/de\/wp-json\/wp\/v2\/pages\/36938\/revisions"}],"up":[{"embeddable":true,"href":"https:\/\/jackpotlotteryonline.com\/de\/wp-json\/wp\/v2\/pages\/35753"}],"wp:attachment":[{"href":"https:\/\/jackpotlotteryonline.com\/de\/wp-json\/wp\/v2\/media?parent=36938"}],"curies":[{"name":"wp","href":"https:\/\/api.w.org\/{rel}","templated":true}]}}